{"id":10158,"date":"2025-06-09T17:39:32","date_gmt":"2025-06-09T14:39:32","guid":{"rendered":"https:\/\/feltvibe.com\/?page_id=10158"},"modified":"2026-03-13T10:18:51","modified_gmt":"2026-03-13T07:18:51","slug":"blog","status":"publish","type":"page","link":"https:\/\/feltvibe.com\/de\/blog\/","title":{"rendered":"Blog"},"content":{"rendered":"<section class=\"section\" id=\"section_1353711403\">\n\t\t<div class=\"bg section-bg fill bg-fill  bg-loaded\" >\n\n\t\t\t\n\t\t\t\n\t\t\t\n\n\t\t<\/div>\n\n\t\t\n\n\t\t<div class=\"section-content relative\">\n\t\t\t\n<div class=\"row\"  id=\"row-381171352\">\n\n\t<div id=\"col-113058255\" class=\"col medium-4 small-12 large-4\"  >\n\t\t\t\t<div class=\"col-inner\"  >\n\t\t\t\n\t\t\t\n<div class=\"row row-small align-bottom\"  id=\"row-130192936\">\n\n\t<div id=\"col-1081238867\" class=\"col small-12 large-12\"  >\n\t\t\t\t<div class=\"col-inner\"  >\n\t\t\t\n\t\t\t\n\t<div class=\"box has-hover   has-hover box-text-bottom\" >\n\n\t\t<div class=\"box-image\" style=\"border-radius:3%;\">\n\t\t\t\t\t\t<div class=\"\" >\n\t\t\t\t<img loading=\"lazy\" decoding=\"async\" width=\"395\" height=\"240\" src=\"https:\/\/feltvibe.com\/uploads\/Water-Resistant-pet-felt-panel-111.jpg\" class=\"attachment-original size-original\" alt=\"\" srcset=\"https:\/\/feltvibe.com\/uploads\/Water-Resistant-pet-felt-panel-111.jpg 395w, https:\/\/feltvibe.com\/uploads\/Water-Resistant-pet-felt-panel-111-300x182.jpg 300w\" sizes=\"auto, (max-width: 395px) 100vw, 395px\" \/>\t\t\t\t\t\t\t\t\t\t\t<\/div>\n\t\t\t\t\t<\/div>\n\n\t\t<div class=\"box-text text-left\" >\n\t\t\t<div class=\"box-text-inner\">\n\t\t\t\t\n\t<div id=\"text-3203464811\" class=\"text\">\n\t\t\n<p><strong>ARKETA-WR Wasserbest\u00e4ndige PET-Filz-Akustikplatte<\/strong><br \/>\n\t\t\n<style>\n#text-3203464811 {\n  font-size: 1.2rem;\n  text-align: left;\n}\n<\/style>\n\t<\/div>\n\t\n<div class=\"is-divider divider clearfix\" style=\"max-width:100%;height:1px;background-color:#797979;\"><\/div>\n\t<div id=\"text-410123390\" class=\"text\">\n\t\t\n<p>Akustikpaneele sind Schl\u00fcsselelemente bei der L\u00e4rmbek\u00e4mpfung f\u00fcr L\u00e4rmquellen wie Baut\u00e4tigkeiten und Generatoren. Eine h\u00e4ufige Einschr\u00e4nkung ist die Feuchtigkeitsempfindlichkeit:<\/p>\n\t\t\n<style>\n#text-410123390 {\n  text-align: left;\n}\n<\/style>\n\t<\/div>\n\t\n\t\t\t<\/div>\n\t\t<\/div>\n\t<\/div>\n\t\n<a href=\"https:\/\/feltvibe.com\/de\/arketa-wr-basismaterial-wasserbestandiger-tierfilz-akustikplatte\/\" target=\"_blank\" class=\"button primary is-outline\" rel=\"noopener\"  >\n    <span>Mehr lesen<\/span>\n  <\/a>\n\n\t\t<\/div>\n\t\t\t\t\t<\/div>\n\n\t\n<\/div>\n\t\t<\/div>\n\t\t\t\t\t<\/div>\n\n\t\n\n\t<div id=\"col-1112846020\" class=\"col medium-4 small-12 large-4\"  >\n\t\t\t\t<div class=\"col-inner text-left\"  >\n\t\t\t\n\t\t\t\n<div class=\"row row-small align-bottom\"  id=\"row-14217451\">\n\n\t<div id=\"col-1979484933\" class=\"col small-12 large-12\"  >\n\t\t\t\t<div class=\"col-inner text-left\"  >\n\t\t\t\n\t\t\t\n\t<div class=\"box has-hover   has-hover box-text-bottom\" >\n\n\t\t<div class=\"box-image\" style=\"border-radius:3%;\">\n\t\t\t\t\t\t<div class=\"\" >\n\t\t\t\t<img loading=\"lazy\" decoding=\"async\" width=\"395\" height=\"240\" src=\"https:\/\/feltvibe.com\/uploads\/arketa-slat-pet-felt-panel-111.jpg\" class=\"attachment-original size-original\" alt=\"\" srcset=\"https:\/\/feltvibe.com\/uploads\/arketa-slat-pet-felt-panel-111.jpg 395w, https:\/\/feltvibe.com\/uploads\/arketa-slat-pet-felt-panel-111-300x182.jpg 300w\" sizes=\"auto, (max-width: 395px) 100vw, 395px\" \/>\t\t\t\t\t\t\t\t\t\t\t<\/div>\n\t\t\t\t\t<\/div>\n\n\t\t<div class=\"box-text text-left\" >\n\t\t\t<div class=\"box-text-inner\">\n\t\t\t\t\n\t<div id=\"text-143910989\" class=\"text\">\n\t\t\n<p><strong>Arketa-Kollektionen f\u00fcr Akustiklamellen-Wandpaneele aus Holz<\/strong><br \/>\n\t\t\n<style>\n#text-143910989 {\n  font-size: 1.2rem;\n  text-align: left;\n}\n<\/style>\n\t<\/div>\n\t\n<div class=\"is-divider divider clearfix\" style=\"max-width:100%;height:1px;background-color:#797979;\"><\/div>\n\t<div id=\"text-2190254891\" class=\"text\">\n\t\t\n<p>Ein lautes Zuhause und ein lauter Raum k\u00f6nnen einen gro\u00dfen Einfluss auf unsere allgemeine Gesundheit haben und die Stimmung, das Wohlbefinden und die Produktivit\u00e4t beeintr\u00e4chtigen. Felt Vibe\u00ae ARKETA akustische PET-Filzwand...<br \/>\n\t\t\n<style>\n#text-2190254891 {\n  text-align: left;\n}\n<\/style>\n\t<\/div>\n\t\n\t\t\t<\/div>\n\t\t<\/div>\n\t<\/div>\n\t\n<a href=\"https:\/\/feltvibe.com\/de\/arketa-kollektionen-fur-akustik-lamellenholz-wandplatten\/\" target=\"_blank\" class=\"button primary is-outline\" rel=\"noopener\"  >\n    <span>Mehr lesen<\/span>\n  <\/a>\n\n\t\t<\/div>\n\t\t\t\t\t<\/div>\n\n\t\n<\/div>\n\t\t<\/div>\n\t\t\t\t\t<\/div>\n\n\t\n\n\t<div id=\"col-1228324770\" class=\"col medium-4 small-12 large-4\"  >\n\t\t\t\t<div class=\"col-inner\"  >\n\t\t\t\n\t\t\t\n<div class=\"row row-small\"  id=\"row-505675000\">\n\n\t<div id=\"col-881639766\" class=\"col small-12 large-12\"  >\n\t\t\t\t<div class=\"col-inner\"  >\n\t\t\t\n\t\t\t\n\t<div class=\"box has-hover   has-hover box-text-bottom\" >\n\n\t\t<div class=\"box-image\" style=\"border-radius:3%;\">\n\t\t\t\t\t\t<div class=\"\" >\n\t\t\t\t<img loading=\"lazy\" decoding=\"async\" width=\"395\" height=\"240\" src=\"https:\/\/feltvibe.com\/uploads\/arketa-slat-pet-felt-pane-222.jpg\" class=\"attachment-original size-original\" alt=\"\" srcset=\"https:\/\/feltvibe.com\/uploads\/arketa-slat-pet-felt-pane-222.jpg 395w, https:\/\/feltvibe.com\/uploads\/arketa-slat-pet-felt-pane-222-300x182.jpg 300w\" sizes=\"auto, (max-width: 395px) 100vw, 395px\" \/>\t\t\t\t\t\t\t\t\t\t\t<\/div>\n\t\t\t\t\t<\/div>\n\n\t\t<div class=\"box-text text-left\" >\n\t\t\t<div class=\"box-text-inner\">\n\t\t\t\t\n\t<div id=\"text-3004576917\" class=\"text\">\n\t\t\n<p><strong>Von der Flasche zum Filzblatt: Wie wir PET-Filz herstellen<\/strong><br \/>\n\t\t\n<style>\n#text-3004576917 {\n  font-size: 1.2rem;\n  text-align: left;\n}\n<\/style>\n\t<\/div>\n\t\n<div class=\"is-divider divider clearfix\" style=\"max-width:100%;height:1px;background-color:#797979;\"><\/div>\n\t<div id=\"text-2779106866\" class=\"text\">\n\t\t\n<p>In der Zeit, die man braucht, um einen Schluck aus einer Plastikflasche zu nehmen, werden 20.000 Flaschen weggeworfen. Jeden Tag werden weltweit mehr als 1,3 Milliarden Flaschen verkauft, und nur...<br \/>\n\t\t\n<style>\n#text-2779106866 {\n  text-align: left;\n}\n<\/style>\n\t<\/div>\n\t\n\t\t\t<\/div>\n\t\t<\/div>\n\t<\/div>\n\t\n<a href=\"https:\/\/feltvibe.com\/de\/von-der-flasche-zum-filzblatt-wie-wir-tierfilz-herstellen\/\" target=\"_blank\" class=\"button primary is-outline\" rel=\"noopener\"  >\n    <span>Mehr lesen<\/span>\n  <\/a>\n\n\t\t<\/div>\n\t\t\t\t\t<\/div>\n\n\t\n<\/div>\n\t\t<\/div>\n\t\t\t\t\t<\/div>\n\n\t\n<\/div>\n<div class=\"row\"  id=\"row-1003316487\">\n\n\t<div id=\"col-1494085829\" class=\"col medium-4 small-12 large-4\"  >\n\t\t\t\t<div class=\"col-inner\"  >\n\t\t\t\n\t\t\t\n<div class=\"row row-small align-bottom\"  id=\"row-1051933999\">\n\n\t<div id=\"col-993549195\" class=\"col small-12 large-12\"  >\n\t\t\t\t<div class=\"col-inner\"  >\n\t\t\t\n\t\t\t\n\t<div class=\"box has-hover   has-hover box-text-bottom\" >\n\n\t\t<div class=\"box-image\" style=\"border-radius:3%;\">\n\t\t\t\t\t\t<div class=\"\" >\n\t\t\t\t<img loading=\"lazy\" decoding=\"async\" width=\"395\" height=\"240\" src=\"https:\/\/feltvibe.com\/uploads\/how-to-improve-acoustics-depending-on-the-type-of-space-111.jpeg\" class=\"attachment-original size-original\" alt=\"\" srcset=\"https:\/\/feltvibe.com\/uploads\/how-to-improve-acoustics-depending-on-the-type-of-space-111.jpeg 395w, https:\/\/feltvibe.com\/uploads\/how-to-improve-acoustics-depending-on-the-type-of-space-111-300x182.jpeg 300w, https:\/\/feltvibe.com\/uploads\/how-to-improve-acoustics-depending-on-the-type-of-space-111-18x12.jpeg 18w\" sizes=\"auto, (max-width: 395px) 100vw, 395px\" \/>\t\t\t\t\t\t\t\t\t\t\t<\/div>\n\t\t\t\t\t<\/div>\n\n\t\t<div class=\"box-text text-left\" >\n\t\t\t<div class=\"box-text-inner\">\n\t\t\t\t\n\t<div id=\"text-574474805\" class=\"text\">\n\t\t\n<p><strong>Wie l\u00e4sst sich die Akustik je nach Art des Raums verbessern?<\/strong><br \/>\n\t\t\n<style>\n#text-574474805 {\n  font-size: 1.2rem;\n  text-align: left;\n}\n<\/style>\n\t<\/div>\n\t\n<div class=\"is-divider divider clearfix\" style=\"max-width:100%;height:1px;background-color:#797979;\"><\/div>\n\t<div id=\"text-489377134\" class=\"text\">\n\t\t\n<p>Allt\u00e4gliche Ger\u00e4usche wie Gespr\u00e4che, Telefonklingeln, Schritte, Ger\u00e4teger\u00e4usche und Au\u00dfenger\u00e4usche (wie Verkehr oder Baustellen) verursachen L\u00e4rm...<br \/>\n\t\t\n<style>\n#text-489377134 {\n  text-align: left;\n}\n<\/style>\n\t<\/div>\n\t\n\t\t\t<\/div>\n\t\t<\/div>\n\t<\/div>\n\t\n<a href=\"https:\/\/feltvibe.com\/de\/wie-die-akustik-je-nach-art-des-raums-verbessert-werden-kann\/\" target=\"_blank\" class=\"button primary is-outline\" rel=\"noopener\"  >\n    <span>Mehr lesen<\/span>\n  <\/a>\n\n\t\t<\/div>\n\t\t\t\t\t<\/div>\n\n\t\n<\/div>\n\t\t<\/div>\n\t\t\t\t\t<\/div>\n\n\t\n\n\t<div id=\"col-1990455789\" class=\"col medium-4 small-12 large-4\"  >\n\t\t\t\t<div class=\"col-inner\"  >\n\t\t\t\n\t\t\t\n<div class=\"row row-small align-bottom\"  id=\"row-1672440437\">\n\n\t<div id=\"col-459328961\" class=\"col small-12 large-12\"  >\n\t\t\t\t<div class=\"col-inner\"  >\n\t\t\t\n\t\t\t\n\t<div class=\"box has-hover   has-hover box-text-bottom\" >\n\n\t\t<div class=\"box-image\" style=\"border-radius:3%;\">\n\t\t\t\t\t\t<div class=\"\" >\n\t\t\t\t<img loading=\"lazy\" decoding=\"async\" width=\"592\" height=\"365\" src=\"https:\/\/feltvibe.com\/uploads\/Ekran-goruntusu-2025-07-09-153054.png\" class=\"attachment-original size-original\" alt=\"\" srcset=\"https:\/\/feltvibe.com\/uploads\/Ekran-goruntusu-2025-07-09-153054.png 592w, https:\/\/feltvibe.com\/uploads\/Ekran-goruntusu-2025-07-09-153054-300x185.png 300w, https:\/\/feltvibe.com\/uploads\/Ekran-goruntusu-2025-07-09-153054-18x12.png 18w\" sizes=\"auto, (max-width: 592px) 100vw, 592px\" \/>\t\t\t\t\t\t\t\t\t\t\t<\/div>\n\t\t\t\t\t<\/div>\n\n\t\t<div class=\"box-text text-left\" >\n\t\t\t<div class=\"box-text-inner\">\n\t\t\t\t\n\t<div id=\"text-3636412933\" class=\"text\">\n\t\t\n<p><strong>Orgatec 22-25 OKTOBER<\/strong><\/p>\n<p><strong>Colonge<\/strong><br \/>\n\t\t\n<style>\n#text-3636412933 {\n  font-size: 1.2rem;\n  text-align: left;\n}\n<\/style>\n\t<\/div>\n\t\n<div class=\"is-divider divider clearfix\" style=\"max-width:100%;height:1px;background-color:#797979;\"><\/div>\n\t<div id=\"text-803329977\" class=\"text\">\n\t\t\n<p>FeltVibe\u00ae wird sein neues Produkt ARKETA, das sowohl f\u00fcr akustische als auch f\u00fcr dekorative Designs entwickelt wurde, auf der Messe in K\u00f6ln, Deutschland, vom ...<br \/>\n\t\t\n<style>\n#text-803329977 {\n  text-align: left;\n}\n<\/style>\n\t<\/div>\n\t\n\t\t\t<\/div>\n\t\t<\/div>\n\t<\/div>\n\t\n<a href=\"https:\/\/feltvibe.com\/de\/orgatec-kolonge\/\" target=\"_blank\" class=\"button primary is-outline\" rel=\"noopener\"  >\n    <span>Mehr lesen<\/span>\n  <\/a>\n\n\t\t<\/div>\n\t\t\t\t\t<\/div>\n\n\t\n<\/div>\n\t\t<\/div>\n\t\t\t\t\t<\/div>\n\n\t\n<\/div>\n\t\t<\/div>\n\n\t\t\n<style>\n#section_1353711403 {\n  padding-top: 30px;\n  padding-bottom: 30px;\n}\n<\/style>\n\t<\/section>","protected":false},"excerpt":{"rendered":"","protected":false},"author":2,"featured_media":0,"parent":0,"menu_order":0,"comment_status":"closed","ping_status":"closed","template":"","meta":{"footnotes":""},"class_list":["post-10158","page","type-page","status-publish","hentry"],"yoast_head":"<!-- This site is optimized with the Yoast SEO Premium plugin v27.4 (Yoast SEO v27.4) - https:\/\/yoast.com\/product\/yoast-seo-premium-wordpress\/ -->\n<title>FeltVibe Acoustic Blog | Trends, Tech &amp; Sustainability<\/title>\n<meta name=\"description\" content=\"Explore the latest in acoustic design. From water-resistant panels to sustainable PET manufacturing, stay informed on the future of soundproofing innovation.\" \/>\n<meta name=\"robots\" content=\"index, follow, max-snippet:-1, max-image-preview:large, max-video-preview:-1\" \/>\n<link rel=\"canonical\" href=\"https:\/\/feltvibe.com\/de\/blog\/\" \/>\n<meta property=\"og:locale\" content=\"de_DE\" \/>\n<meta property=\"og:type\" content=\"article\" \/>\n<meta property=\"og:title\" content=\"The FeltVibe Blog: Insights into Acoustic Innovation\" \/>\n<meta property=\"og:description\" content=\"Your guide to modern acoustics. Learn about sustainable materials, noise control technology, and design tips for a quieter, healthier life.\" \/>\n<meta property=\"og:url\" content=\"https:\/\/feltvibe.com\/de\/blog\/\" \/>\n<meta property=\"og:site_name\" content=\"Feltvibe | Acoustic Felt\" \/>\n<meta property=\"article:publisher\" content=\"https:\/\/www.facebook.com\/Gentug\" \/>\n<meta property=\"article:modified_time\" content=\"2026-03-13T07:18:51+00:00\" \/>\n<meta property=\"og:image\" content=\"https:\/\/feltvibe.com\/uploads\/arketa-pet-felt-panel-1.jpg\" \/>\n\t<meta property=\"og:image:width\" content=\"500\" \/>\n\t<meta property=\"og:image:height\" content=\"425\" \/>\n\t<meta property=\"og:image:type\" content=\"image\/jpeg\" \/>\n<meta name=\"twitter:card\" content=\"summary_large_image\" \/>\n<meta name=\"twitter:title\" content=\"FeltVibe Blog: Innovations in Acoustic Design\" \/>\n<meta name=\"twitter:description\" content=\"Stay updated on the latest acoustic trends and sustainable soundproofing solutions. Read the latest from the FeltVibe blog.\" \/>\n<meta name=\"twitter:label1\" content=\"Gesch\u00e4tzte Lesezeit\" \/>\n\t<meta name=\"twitter:data1\" content=\"2\u00a0Minuten\" \/>\n<script type=\"application\/ld+json\" class=\"yoast-schema-graph\">{\"@context\":\"https:\\\/\\\/schema.org\",\"@graph\":[{\"@type\":\"WebPage\",\"@id\":\"https:\\\/\\\/feltvibe.com\\\/blog\\\/\",\"url\":\"https:\\\/\\\/feltvibe.com\\\/blog\\\/\",\"name\":\"FeltVibe Acoustic Blog | Trends, Tech & Sustainability\",\"isPartOf\":{\"@id\":\"https:\\\/\\\/feltvibe.com\\\/#website\"},\"datePublished\":\"2025-06-09T14:39:32+00:00\",\"dateModified\":\"2026-03-13T07:18:51+00:00\",\"description\":\"Explore the latest in acoustic design. From water-resistant panels to sustainable PET manufacturing, stay informed on the future of soundproofing innovation.\",\"breadcrumb\":{\"@id\":\"https:\\\/\\\/feltvibe.com\\\/blog\\\/#breadcrumb\"},\"inLanguage\":\"de\",\"potentialAction\":[{\"@type\":\"ReadAction\",\"target\":[\"https:\\\/\\\/feltvibe.com\\\/blog\\\/\"]}]},{\"@type\":\"BreadcrumbList\",\"@id\":\"https:\\\/\\\/feltvibe.com\\\/blog\\\/#breadcrumb\",\"itemListElement\":[{\"@type\":\"ListItem\",\"position\":1,\"name\":\"Home\",\"item\":\"https:\\\/\\\/feltvibe.com\\\/\"},{\"@type\":\"ListItem\",\"position\":2,\"name\":\"Blog\"}]},{\"@type\":\"WebSite\",\"@id\":\"https:\\\/\\\/feltvibe.com\\\/#website\",\"url\":\"https:\\\/\\\/feltvibe.com\\\/\",\"name\":\"Feltvibe Acoustic Felt\",\"description\":\"Feltvibe is a leading manufacturer providing innovative felt solutions for various industries, including thermoforming and automotive. Specializing in high-quality felt products, the company offers custom design and production services tailored to meet customer needs. Feltvibe is committed to creating sustainable, durable, and eco-friendly products while staying up to date with technological advancements. With a strong focus on customer satisfaction, the company ensures top-tier quality in all of its solutions.\",\"publisher\":{\"@id\":\"https:\\\/\\\/feltvibe.com\\\/#organization\"},\"potentialAction\":[{\"@type\":\"SearchAction\",\"target\":{\"@type\":\"EntryPoint\",\"urlTemplate\":\"https:\\\/\\\/feltvibe.com\\\/?s={search_term_string}\"},\"query-input\":{\"@type\":\"PropertyValueSpecification\",\"valueRequired\":true,\"valueName\":\"search_term_string\"}}],\"inLanguage\":\"de\"},{\"@type\":\"Organization\",\"@id\":\"https:\\\/\\\/feltvibe.com\\\/#organization\",\"name\":\"Feltvibe is a leading manufacturer providing innovative acoustic and industrial felt solutions for various industries, including thermoformable PET felt panels and sustainable textile applications.\",\"alternateName\":\"Feltvibe by Gentu\u011f Tekstil\",\"url\":\"https:\\\/\\\/feltvibe.com\\\/\",\"logo\":{\"@type\":\"ImageObject\",\"inLanguage\":\"de\",\"@id\":\"https:\\\/\\\/feltvibe.com\\\/#\\\/schema\\\/logo\\\/image\\\/\",\"url\":\"https:\\\/\\\/feltvibe.com\\\/uploads\\\/feltvibe-dark-logo-final.svg\",\"contentUrl\":\"https:\\\/\\\/feltvibe.com\\\/uploads\\\/feltvibe-dark-logo-final.svg\",\"width\":1,\"height\":1,\"caption\":\"Feltvibe is a leading manufacturer providing innovative acoustic and industrial felt solutions for various industries, including thermoformable PET felt panels and sustainable textile applications.\"},\"image\":{\"@id\":\"https:\\\/\\\/feltvibe.com\\\/#\\\/schema\\\/logo\\\/image\\\/\"},\"sameAs\":[\"https:\\\/\\\/www.facebook.com\\\/Gentug\",\"https:\\\/\\\/www.instagram.com\\\/felt.vibe\\\/\",\"https:\\\/\\\/www.linkedin.com\\\/company\\\/feltvibe\"],\"description\":\"Gentu\u011f Textile is the main and the most reliable technical textile manufacturer in Turkey, providing high quality products to the worldwide markets.\",\"email\":\"info@feltvibe.com\",\"telephone\":\"+90 212 637 09 89\",\"legalName\":\"Gentu\u011f Tekstil \u00dcr\u00fcn. San. Tic. A.\u015e.\",\"foundingDate\":\"1917-01-01\",\"vatID\":\"3940016139\",\"taxID\":\"MARMARA KURUMLAR\",\"numberOfEmployees\":{\"@type\":\"QuantitativeValue\",\"minValue\":\"501\",\"maxValue\":\"1000\"},\"publishingPrinciples\":\"https:\\\/\\\/feltvibe.com\\\/privacy-policy\\\/\",\"ownershipFundingInfo\":\"https:\\\/\\\/feltvibe.com\\\/about-us\\\/\",\"actionableFeedbackPolicy\":\"https:\\\/\\\/feltvibe.com\\\/contact-us\\\/\",\"correctionsPolicy\":\"https:\\\/\\\/feltvibe.com\\\/certification\\\/\",\"ethicsPolicy\":\"https:\\\/\\\/feltvibe.com\\\/privacy-policy\\\/\",\"diversityPolicy\":\"https:\\\/\\\/feltvibe.com\\\/privacy-policy\\\/\",\"diversityStaffingReport\":\"https:\\\/\\\/feltvibe.com\\\/contact-us\\\/\"}]}<\/script>\n<!-- \/ Yoast SEO Premium plugin. -->","yoast_head_json":{"title":"FeltVibe Acoustic Blog | Trends, Tech & Sustainability","description":"Explore the latest in acoustic design. From water-resistant panels to sustainable PET manufacturing, stay informed on the future of soundproofing innovation.","robots":{"index":"index","follow":"follow","max-snippet":"max-snippet:-1","max-image-preview":"max-image-preview:large","max-video-preview":"max-video-preview:-1"},"canonical":"https:\/\/feltvibe.com\/de\/blog\/","og_locale":"de_DE","og_type":"article","og_title":"The FeltVibe Blog: Insights into Acoustic Innovation","og_description":"Your guide to modern acoustics. Learn about sustainable materials, noise control technology, and design tips for a quieter, healthier life.","og_url":"https:\/\/feltvibe.com\/de\/blog\/","og_site_name":"Feltvibe | Acoustic Felt","article_publisher":"https:\/\/www.facebook.com\/Gentug","article_modified_time":"2026-03-13T07:18:51+00:00","og_image":[{"width":500,"height":425,"url":"https:\/\/feltvibe.com\/uploads\/arketa-pet-felt-panel-1.jpg","type":"image\/jpeg"}],"twitter_card":"summary_large_image","twitter_title":"FeltVibe Blog: Innovations in Acoustic Design","twitter_description":"Stay updated on the latest acoustic trends and sustainable soundproofing solutions. Read the latest from the FeltVibe blog.","twitter_misc":{"Gesch\u00e4tzte Lesezeit":"2\u00a0Minuten"},"schema":{"@context":"https:\/\/schema.org","@graph":[{"@type":"WebPage","@id":"https:\/\/feltvibe.com\/blog\/","url":"https:\/\/feltvibe.com\/blog\/","name":"FeltVibe Acoustic Blog | Trends, Tech & Sustainability","isPartOf":{"@id":"https:\/\/feltvibe.com\/#website"},"datePublished":"2025-06-09T14:39:32+00:00","dateModified":"2026-03-13T07:18:51+00:00","description":"Explore the latest in acoustic design. From water-resistant panels to sustainable PET manufacturing, stay informed on the future of soundproofing innovation.","breadcrumb":{"@id":"https:\/\/feltvibe.com\/blog\/#breadcrumb"},"inLanguage":"de","potentialAction":[{"@type":"ReadAction","target":["https:\/\/feltvibe.com\/blog\/"]}]},{"@type":"BreadcrumbList","@id":"https:\/\/feltvibe.com\/blog\/#breadcrumb","itemListElement":[{"@type":"ListItem","position":1,"name":"Home","item":"https:\/\/feltvibe.com\/"},{"@type":"ListItem","position":2,"name":"Blog"}]},{"@type":"WebSite","@id":"https:\/\/feltvibe.com\/#website","url":"https:\/\/feltvibe.com\/","name":"Feltvibe Akustik-Filz","description":"Feltvibe ist ein f\u00fchrender Hersteller innovativer Filzl\u00f6sungen f\u00fcr verschiedene Branchen, darunter Thermoformung und Automobilbau. Das Unternehmen ist auf hochwertige Filzprodukte spezialisiert und bietet ma\u00dfgeschneiderte Design- und Produktionsdienstleistungen an, die auf die Bed\u00fcrfnisse der Kunden zugeschnitten sind. Feltvibe setzt sich f\u00fcr die Herstellung nachhaltiger, langlebiger und umweltfreundlicher Produkte ein und bleibt dabei stets auf dem neuesten Stand der Technik. Mit einem starken Fokus auf Kundenzufriedenheit gew\u00e4hrleistet das Unternehmen h\u00f6chste Qualit\u00e4t bei allen seinen L\u00f6sungen.","publisher":{"@id":"https:\/\/feltvibe.com\/#organization"},"potentialAction":[{"@type":"SearchAction","target":{"@type":"EntryPoint","urlTemplate":"https:\/\/feltvibe.com\/?s={search_term_string}"},"query-input":{"@type":"PropertyValueSpecification","valueRequired":true,"valueName":"search_term_string"}}],"inLanguage":"de"},{"@type":"Organization","@id":"https:\/\/feltvibe.com\/#organization","name":"Feltvibe ist ein f\u00fchrender Hersteller von innovativen Akustik- und Industriefilzl\u00f6sungen f\u00fcr verschiedene Branchen, einschlie\u00dflich thermoformbarer PET-Filzplatten und nachhaltiger Textilanwendungen.","alternateName":"Feltvibe by Gentu\u011f Tekstil","url":"https:\/\/feltvibe.com\/","logo":{"@type":"ImageObject","inLanguage":"de","@id":"https:\/\/feltvibe.com\/#\/schema\/logo\/image\/","url":"https:\/\/feltvibe.com\/uploads\/feltvibe-dark-logo-final.svg","contentUrl":"https:\/\/feltvibe.com\/uploads\/feltvibe-dark-logo-final.svg","width":1,"height":1,"caption":"Feltvibe is a leading manufacturer providing innovative acoustic and industrial felt solutions for various industries, including thermoformable PET felt panels and sustainable textile applications."},"image":{"@id":"https:\/\/feltvibe.com\/#\/schema\/logo\/image\/"},"sameAs":["https:\/\/www.facebook.com\/Gentug","https:\/\/www.instagram.com\/felt.vibe\/","https:\/\/www.linkedin.com\/company\/feltvibe"],"description":"Gentu\u011f Textile ist der wichtigste und zuverl\u00e4ssigste Hersteller technischer Textilien in der T\u00fcrkei, der hochwertige Produkte f\u00fcr die weltweiten M\u00e4rkte liefert.","email":"info@feltvibe.com","telephone":"+90 212 637 09 89","legalName":"Gentu\u011f Tekstil \u00dcr\u00fcn. San. Tic. A.\u015e.","foundingDate":"1917-01-01","vatID":"3940016139","taxID":"MARMARA KURUMLAR","numberOfEmployees":{"@type":"QuantitativeValue","minValue":"501","maxValue":"1000"},"publishingPrinciples":"https:\/\/feltvibe.com\/privacy-policy\/","ownershipFundingInfo":"https:\/\/feltvibe.com\/about-us\/","actionableFeedbackPolicy":"https:\/\/feltvibe.com\/contact-us\/","correctionsPolicy":"https:\/\/feltvibe.com\/certification\/","ethicsPolicy":"https:\/\/feltvibe.com\/privacy-policy\/","diversityPolicy":"https:\/\/feltvibe.com\/privacy-policy\/","diversityStaffingReport":"https:\/\/feltvibe.com\/contact-us\/"}]}},"_links":{"self":[{"href":"https:\/\/feltvibe.com\/de\/wp-json\/wp\/v2\/pages\/10158","targetHints":{"allow":["GET"]}}],"collection":[{"href":"https:\/\/feltvibe.com\/de\/wp-json\/wp\/v2\/pages"}],"about":[{"href":"https:\/\/feltvibe.com\/de\/wp-json\/wp\/v2\/types\/page"}],"author":[{"embeddable":true,"href":"https:\/\/feltvibe.com\/de\/wp-json\/wp\/v2\/users\/2"}],"replies":[{"embeddable":true,"href":"https:\/\/feltvibe.com\/de\/wp-json\/wp\/v2\/comments?post=10158"}],"version-history":[{"count":61,"href":"https:\/\/feltvibe.com\/de\/wp-json\/wp\/v2\/pages\/10158\/revisions"}],"predecessor-version":[{"id":17249,"href":"https:\/\/feltvibe.com\/de\/wp-json\/wp\/v2\/pages\/10158\/revisions\/17249"}],"wp:attachment":[{"href":"https:\/\/feltvibe.com\/de\/wp-json\/wp\/v2\/media?parent=10158"}],"curies":[{"name":"wp","href":"https:\/\/api.w.org\/{rel}","templated":true}]}}