{"id":10195,"date":"2025-06-09T18:21:20","date_gmt":"2025-06-09T15:21:20","guid":{"rendered":"https:\/\/feltvibe.com\/?page_id=10195"},"modified":"2026-03-13T10:18:49","modified_gmt":"2026-03-13T07:18:49","slug":"blog-vorlage","status":"publish","type":"page","link":"https:\/\/feltvibe.com\/de\/blog-template\/","title":{"rendered":"Blog-Vorlage"},"content":{"rendered":"<div class=\"banner has-hover\" id=\"banner-694089251\">\n          <div class=\"banner-inner fill\">\n        <div class=\"banner-bg fill\" >\n            <div class=\"bg fill bg-fill\"><\/div>\n                                    \n                    <\/div>\n\t\t\n        <div class=\"banner-layers container\">\n            <div class=\"fill banner-link\"><\/div>            \n   <div id=\"text-box-1385050686\" class=\"text-box banner-layer x50 md-x50 lg-x50 y50 md-y50 lg-y50 res-text\">\n                                <div class=\"text-box-content text dark\">\n              \n              <div class=\"text-inner text-center\">\n                  \n\t<div id=\"text-3392882498\" class=\"text\">\n\t\t\n<p><strong>ARKETA-WR (Grundmaterial)<\/strong><br \/>\nWasserabweisende PET-Filz-Akustikplatte<\/p>\n\t\t\n<style>\n#text-3392882498 {\n  font-size: 0.9rem;\n}\n@media (min-width:550px) {\n  #text-3392882498 {\n    font-size: 2rem;\n  }\n}\n<\/style>\n\t<\/div>\n\t\n              <\/div>\n           <\/div>\n                            \n<style>\n#text-box-1385050686 {\n  width: 60%;\n}\n#text-box-1385050686 .text-box-content {\n  font-size: 100%;\n}\n<\/style>\n    <\/div>\n \n        <\/div>\n      <\/div>\n\n            \n<style>\n#banner-694089251 {\n  padding-top: 56.25%;\n}\n#banner-694089251 .bg.bg-loaded {\n  background-image: url(https:\/\/feltvibe.com\/uploads\/Water-Resistant-pet-felt-panel-111.jpg);\n}\n@media (min-width:550px) {\n  #banner-694089251 {\n    padding-top: 56.25%;\n  }\n}\n@media (min-width:850px) {\n  #banner-694089251 {\n    padding-top: 50vh;\n  }\n}\n<\/style>\n  <\/div>\n\n\n\t<section class=\"section\" id=\"section_1016165175\">\n\t\t<div class=\"bg section-bg fill bg-fill  bg-loaded\" >\n\n\t\t\t\n\t\t\t\n\t\t\t\n\n\t\t<\/div>\n\n\t\t\n\n\t\t<div class=\"section-content relative\">\n\t\t\t\n<div class=\"row align-center\"  id=\"row-1026364863\">\n\n\t<div id=\"col-308988735\" class=\"col small-12 large-12\"  >\n\t\t\t\t<div class=\"col-inner\"  >\n\t\t\t\n\t\t\t\n\t<div id=\"gap-1929893498\" class=\"gap-element clearfix\" style=\"display:block; height:auto;\">\n\t\t\n<style>\n#gap-1929893498 {\n  padding-top: 5vh;\n}\n<\/style>\n\t<\/div>\n\t\n<p>Im Bereich des L\u00e4rmschutzes spielen Akustikplatten eine zentrale Rolle. Ob es darum geht, baubedingten L\u00e4rm zu d\u00e4mpfen oder das st\u00f6rende Brummen eines Generators zu b\u00e4ndigen, diese Platten bieten Trost, Schutz und Ruhe. Es gibt jedoch ein Problem: Viele Akustikplatten haben trotz ihrer schallabsorbierenden Eigenschaften eine Affinit\u00e4t zu Wasser und Feuchtigkeit. Diese doppelte Natur wirft mehrere Probleme auf:<\/p>\n\t<div id=\"gap-1048707357\" class=\"gap-element clearfix\" style=\"display:block; height:auto;\">\n\t\t\n<style>\n#gap-1048707357 {\n  padding-top: 30px;\n}\n<\/style>\n\t<\/div>\n\t\n<div class=\"row row-collapse align-bottom\"  id=\"row-1015676182\">\n\n\t<div id=\"col-1916475510\" class=\"col small-12 large-12\"  >\n\t\t\t\t<div class=\"col-inner\"  >\n\t\t\t\n\t\t\t\n<div class=\"text-center\"><div class=\"is-divider divider clearfix\" style=\"margin-top:0px;margin-bottom:0px;max-width:100%;height:1px;background-color:rgb(68, 69, 69);\"><\/div><\/div>\n\t\t<\/div>\n\t\t\t\t\t<\/div>\n\n\t\n\n<style>\n#row-1015676182 > .col > .col-inner {\n  padding: 0px 0px 10px 0px;\n}\n<\/style>\n<\/div>\n\t<div id=\"text-1259926913\" class=\"text\">\n\t\t\n<p>Veredelung von Akustikpaneelen mit wasserfesten Eigenschaften<\/p>\n\t\t\n<style>\n#text-1259926913 {\n  font-size: 1.5rem;\n}\n<\/style>\n\t<\/div>\n\t\n<div class=\"row\"  id=\"row-1351808906\">\n\n\t<div id=\"col-696681388\" class=\"col medium-6 small-12 large-6\"  >\n\t\t\t\t<div class=\"col-inner\"  >\n\t\t\t\n\t\t\t\n\t<div id=\"text-2452126992\" class=\"text\">\n\t\t\n<p><strong>1. Das Dilemma mit dem Gewicht:<\/strong><br \/>\nWenn Wasser in Akustikplatten eindringt, erh\u00f6ht sich ihr Gewicht \u00fcber die Konstruktionsvorgaben hinaus. Stellen Sie sich ein Federbett vor, das pl\u00f6tzlich mit Regentropfen beladen ist - es verliert seinen Auftrieb. In \u00e4hnlicher Weise beeintr\u00e4chtigen wasserdurchtr\u00e4nkte Platten ihre beabsichtigte Funktionalit\u00e4t.<br \/>\n<strong>2. Akustische Erosion:<\/strong><br \/>\nFeuchtigkeit dringt in die Struktur der akustischen Leistung ein. Schallwellen, die einst pr\u00e4zise absorbiert wurden, sto\u00dfen nun auf ged\u00e4mpften Widerstand. die Symphonie ger\u00e4t ins Stocken.<br \/>\n<strong>3. Schimmel und Schimmelpilzbefall:<\/strong><br \/>\nFeuchte Umgebungen beg\u00fcnstigen unwillkommene G\u00e4ste: Schimmel und Mehltau. Diese Sporen gedeihen und untergraben stillschweigend die Integrit\u00e4t der Paneele. Das Ergebnis: ein Missklang in der Harmonie des Designs.<br \/>\n<strong>4. Verbleibende Feuchtigkeit:<\/strong><br \/>\nDie Verdunstung dauert wie ein unp\u00fcnktlicher Gast Tage. Bis er wieder abreist, kann ein irreversibler Schaden entstanden sein - ein Fleck auf der Leinwand der akustischen Exzellenz.<\/p>\n\t\t\n<style>\n#text-2452126992 {\n  line-height: 1.9;\n}\n<\/style>\n\t<\/div>\n\t\n\t\t<\/div>\n\t\t\t\t\t<\/div>\n\n\t\n\n\t<div id=\"col-1515363843\" class=\"col medium-1 small-12 large-1\"  >\n\t\t\t\t<div class=\"col-inner\"  >\n\t\t\t\n\t\t\t\n\t\t<\/div>\n\t\t\t\t\t<\/div>\n\n\t\n\n\t<div id=\"col-140639753\" class=\"col medium-5 small-12 large-5\"  >\n\t\t\t\t<div class=\"col-inner text-right\"  >\n\t\t\t\n\t\t\t\n\t<div class=\"img has-hover x md-x lg-x y md-y lg-y\" id=\"image_1286684317\">\n\t\t\t\t\t\t\t\t<div class=\"img-inner image-cover dark\" style=\"padding-top:150%;\">\n\t\t\t<img loading=\"lazy\" decoding=\"async\" width=\"480\" height=\"852\" src=\"https:\/\/feltvibe.com\/uploads\/gif-blog-water.gif\" class=\"attachment-original size-original\" alt=\"\" \/>\t\t\t\t\t\t\n\t\t\t\t\t<\/div>\n\t\t\t\t\t\t\t\t\n<style>\n#image_1286684317 {\n  width: 100%;\n}\n<\/style>\n\t<\/div>\n\t\n\t\t<\/div>\n\t\t\t\t\t<\/div>\n\n\t\n<\/div>\n<div class=\"row row-collapse align-bottom\"  id=\"row-1567163365\">\n\n\t<div id=\"col-456507816\" class=\"col small-12 large-12\"  >\n\t\t\t\t<div class=\"col-inner\"  >\n\t\t\t\n\t\t\t\n<div class=\"text-center\"><div class=\"is-divider divider clearfix\" style=\"margin-top:0px;margin-bottom:0px;max-width:100%;height:1px;background-color:rgb(68, 69, 69);\"><\/div><\/div>\n\t\t<\/div>\n\t\t\t\t\t<\/div>\n\n\t\n\n<style>\n#row-1567163365 > .col > .col-inner {\n  padding: 0px 0px 10px 0px;\n}\n<\/style>\n<\/div>\n\t<div id=\"text-1619511679\" class=\"text\">\n\t\t\n<p>L\u00f6sungen<\/p>\n\t\t\n<style>\n#text-1619511679 {\n  font-size: 1.5rem;\n}\n<\/style>\n\t<\/div>\n\t\n<p>Der Akustikfilz feltVibe ist ein Leuchtturm der Innovation. Er wird aus recyceltem Polyester hergestellt und verwandelt ausrangierte Plastikflaschen in zweckm\u00e4\u00dfige Eleganz - feltVibe verbindet akustische Finesse mit Wasserfestigkeit. Lassen Sie uns seine Vorz\u00fcge erkunden:<\/p>\n<div class=\"row\"  id=\"row-922855656\">\n\n\t<div id=\"col-595914727\" class=\"col medium-6 small-12 large-6\"  >\n\t\t\t\t<div class=\"col-inner\"  >\n\t\t\t\n\t\t\t\n\t<div id=\"text-3574726378\" class=\"text\">\n\t\t\n<p><strong>Hydrophobes Wunder:<\/strong><br \/>\nfeltVibe ist wasserscheu. Er weist Fl\u00fcssigkeit ab wie ein erfahrener Diplomat, der ungerechtfertigte Fragen abwehrt. Ob am Pool oder im Regen, er bleibt gelassen.<br \/>\n<strong>Schwerelosigkeit bewahrt:<\/strong><br \/>\nAnders als ein Schiff, das auf dem Trockenen sitzt, beh\u00e4lt feltVibe seine Leichtigkeit. Hier gibt es kein Gef\u00fchl des Versinkens - nur eine schwimmende Akustik.<\/p>\n\t\t\n<style>\n#text-3574726378 {\n  line-height: 1.9;\n}\n<\/style>\n\t<\/div>\n\t\n\t\t<\/div>\n\t\t\t\t\t<\/div>\n\n\t\n\n\t<div id=\"col-417117921\" class=\"col medium-6 small-12 large-6\"  >\n\t\t\t\t<div class=\"col-inner\"  >\n\t\t\t\n\t\t\t\n\t<div id=\"text-1171725921\" class=\"text\">\n\t\t\n<p><strong>Akustische Zauberei entfesselt:<\/strong><br \/>\nSchallwellen beugen sich dem feltVibe. Feuchtigkeit kann anschlagen, aber die Leistung bleibt erhalten. Keine ged\u00e4mpften Crescendos.<br \/>\n<strong>Schimmelpilzsichere Wachsamkeit:<\/strong><br \/>\nSchimmelpilzsporen, die Zuflucht suchen, finden keinen Halt. feltVibe bewahrt seine Reinheit - ein W\u00e4chter gegen ungebetene G\u00e4ste.<br \/>\n<strong>Effizienz der Verdunstung:<\/strong><br \/>\nFeuchtigkeit bleibt zur\u00fcck, aber feltVibe geht geschickt damit um. Die Verdunstung tanzt und hinterl\u00e4sst keine Narben.<\/p>\n\t\t\n<style>\n#text-1171725921 {\n  line-height: 1.9;\n}\n<\/style>\n\t<\/div>\n\t\n\t\t<\/div>\n\t\t\t\t\t<\/div>\n\n\t\n<\/div>\n<div class=\"row row-collapse align-bottom\"  id=\"row-19463210\">\n\n\t<div id=\"col-2067215563\" class=\"col small-12 large-12\"  >\n\t\t\t\t<div class=\"col-inner\"  >\n\t\t\t\n\t\t\t\n<div class=\"text-center\"><div class=\"is-divider divider clearfix\" style=\"margin-top:0px;margin-bottom:0px;max-width:100%;height:1px;background-color:rgb(68, 69, 69);\"><\/div><\/div>\n\t\t<\/div>\n\t\t\t\t\t<\/div>\n\n\t\n\n<style>\n#row-19463210 > .col > .col-inner {\n  padding: 0px 0px 10px 0px;\n}\n<\/style>\n<\/div>\n\t<div id=\"text-3732905863\" class=\"text\">\n\t\t\n<p>Anwendungen<\/p>\n\t\t\n<style>\n#text-3732905863 {\n  font-size: 1.5rem;\n}\n<\/style>\n\t<\/div>\n\t\n<div class=\"row\"  id=\"row-1412117393\">\n\n\t<div id=\"col-1944076861\" class=\"col medium-6 small-12 large-6\"  >\n\t\t\t\t<div class=\"col-inner\"  >\n\t\t\t\n\t\t\t\n\t<div id=\"text-2946633246\" class=\"text\">\n\t\t\n<p>- B\u00e4der mit Haltung: FeltVibe ziert Badezimmerw\u00e4nde, absorbiert Echos und weicht dem Dampf aus.<br \/>\n- Gelassenheit am Pool: Liegest\u00fchle schl\u00fcrfen Pi\u00f1a Coladas, eingeh\u00fcllt in die stille Umarmung von feltVibe.<\/p>\n\t\t\n<style>\n#text-2946633246 {\n  line-height: 1.9;\n}\n<\/style>\n\t<\/div>\n\t\n\t\t<\/div>\n\t\t\t\t\t<\/div>\n\n\t\n\n\t<div id=\"col-386954787\" class=\"col medium-6 small-12 large-6\"  >\n\t\t\t\t<div class=\"col-inner\"  >\n\t\t\t\n\t\t\t\n\t<div id=\"text-250415505\" class=\"text\">\n\t\t\n<p>- Oase im Freien: Terrassen, PavillonsFeltVibe gedeiht, eine wasserdichte Picknickdecke f\u00fcr Sound.<br \/>\n- In der Sinfonie der Materialien schl\u00e4gt FeltVibe einen harmonischen Ton an - wasserfest und doch klangvoll. Lassen Sie ihn in Ihren R\u00e4umen widerhallen, ein Beweis f\u00fcr nachhaltige Eleganz.<\/p>\n\t\t\n<style>\n#text-250415505 {\n  line-height: 1.9;\n}\n<\/style>\n\t<\/div>\n\t\n\t\t<\/div>\n\t\t\t\t\t<\/div>\n\n\t\n<\/div>\n\t\t<\/div>\n\t\t\t\t\t<\/div>\n\n\t\n\n<style>\n#row-1026364863 > .col > .col-inner {\n  background-color: #f6f6f6;\n}\n<\/style>\n<\/div>\n\t\t<\/div>\n\n\t\t\n<style>\n#section_1016165175 {\n  padding-top: 30px;\n  padding-bottom: 30px;\n  background-color: #f6f6f6;\n}\n<\/style>\n\t<\/section>","protected":false},"excerpt":{"rendered":"","protected":false},"author":2,"featured_media":0,"parent":0,"menu_order":0,"comment_status":"closed","ping_status":"closed","template":"","meta":{"footnotes":""},"class_list":["post-10195","page","type-page","status-publish","hentry"],"yoast_head":"<!-- This site is optimized with the Yoast SEO Premium plugin v27.5 (Yoast SEO v27.5) - https:\/\/yoast.com\/product\/yoast-seo-premium-wordpress\/ -->\n<title>Industrial Noise Control | ARKETA-WR PET Felt Panels<\/title>\n<meta name=\"description\" content=\"Tackle heavy-duty noise with ARKETA-WR. Our water-resistant PET felt panels are engineered to tame construction clamor and generator hum effectively.\" \/>\n<meta name=\"robots\" content=\"index, follow, max-snippet:-1, max-image-preview:large, max-video-preview:-1\" \/>\n<link rel=\"canonical\" href=\"https:\/\/feltvibe.com\/de\/blog-vorlage\/\" \/>\n<meta property=\"og:locale\" content=\"de_DE\" \/>\n<meta property=\"og:type\" content=\"article\" \/>\n<meta property=\"og:title\" content=\"Heavy-Duty Industrial Noise Control with ARKETA-WR\" \/>\n<meta property=\"og:description\" content=\"Solve complex noise issues with water-resistant PET felt. Ideal for mitigating construction and generator noise in any demanding environment.\" \/>\n<meta property=\"og:url\" content=\"https:\/\/feltvibe.com\/de\/blog-vorlage\/\" \/>\n<meta property=\"og:site_name\" content=\"Feltvibe | Acoustic Felt\" \/>\n<meta property=\"article:publisher\" content=\"https:\/\/www.facebook.com\/Gentug\" \/>\n<meta property=\"article:modified_time\" content=\"2026-03-13T07:18:49+00:00\" \/>\n<meta property=\"og:image\" content=\"https:\/\/feltvibe.com\/uploads\/arketa-pet-felt-panel-1.jpg\" \/>\n\t<meta property=\"og:image:width\" content=\"500\" \/>\n\t<meta property=\"og:image:height\" content=\"425\" \/>\n\t<meta property=\"og:image:type\" content=\"image\/jpeg\" \/>\n<meta name=\"twitter:card\" content=\"summary_large_image\" \/>\n<meta name=\"twitter:title\" content=\"ARKETA-WR: Industrial Noise Control Panels\" \/>\n<meta name=\"twitter:description\" content=\"Tame construction and generator noise with ARKETA-WR water-resistant acoustic panels. Durable, effective, and resilient.\" \/>\n<meta name=\"twitter:label1\" content=\"Gesch\u00e4tzte Lesezeit\" \/>\n\t<meta name=\"twitter:data1\" content=\"3\u00a0Minuten\" \/>\n<script type=\"application\/ld+json\" class=\"yoast-schema-graph\">{\"@context\":\"https:\\\/\\\/schema.org\",\"@graph\":[{\"@type\":\"WebPage\",\"@id\":\"https:\\\/\\\/feltvibe.com\\\/blog-template\\\/\",\"url\":\"https:\\\/\\\/feltvibe.com\\\/blog-template\\\/\",\"name\":\"Industrial Noise Control | ARKETA-WR PET Felt Panels\",\"isPartOf\":{\"@id\":\"https:\\\/\\\/feltvibe.com\\\/#website\"},\"datePublished\":\"2025-06-09T15:21:20+00:00\",\"dateModified\":\"2026-03-13T07:18:49+00:00\",\"description\":\"Tackle heavy-duty noise with ARKETA-WR. Our water-resistant PET felt panels are engineered to tame construction clamor and generator hum effectively.\",\"breadcrumb\":{\"@id\":\"https:\\\/\\\/feltvibe.com\\\/blog-template\\\/#breadcrumb\"},\"inLanguage\":\"de\",\"potentialAction\":[{\"@type\":\"ReadAction\",\"target\":[\"https:\\\/\\\/feltvibe.com\\\/blog-template\\\/\"]}]},{\"@type\":\"BreadcrumbList\",\"@id\":\"https:\\\/\\\/feltvibe.com\\\/blog-template\\\/#breadcrumb\",\"itemListElement\":[{\"@type\":\"ListItem\",\"position\":1,\"name\":\"Home\",\"item\":\"https:\\\/\\\/feltvibe.com\\\/\"},{\"@type\":\"ListItem\",\"position\":2,\"name\":\"Blog Template\"}]},{\"@type\":\"WebSite\",\"@id\":\"https:\\\/\\\/feltvibe.com\\\/#website\",\"url\":\"https:\\\/\\\/feltvibe.com\\\/\",\"name\":\"Feltvibe Acoustic Felt\",\"description\":\"Feltvibe is a leading manufacturer providing innovative felt solutions for various industries, including thermoforming and automotive. Specializing in high-quality felt products, the company offers custom design and production services tailored to meet customer needs. Feltvibe is committed to creating sustainable, durable, and eco-friendly products while staying up to date with technological advancements. With a strong focus on customer satisfaction, the company ensures top-tier quality in all of its solutions.\",\"publisher\":{\"@id\":\"https:\\\/\\\/feltvibe.com\\\/#organization\"},\"potentialAction\":[{\"@type\":\"SearchAction\",\"target\":{\"@type\":\"EntryPoint\",\"urlTemplate\":\"https:\\\/\\\/feltvibe.com\\\/?s={search_term_string}\"},\"query-input\":{\"@type\":\"PropertyValueSpecification\",\"valueRequired\":true,\"valueName\":\"search_term_string\"}}],\"inLanguage\":\"de\"},{\"@type\":\"Organization\",\"@id\":\"https:\\\/\\\/feltvibe.com\\\/#organization\",\"name\":\"Feltvibe is a leading manufacturer providing innovative acoustic and industrial felt solutions for various industries, including thermoformable PET felt panels and sustainable textile applications.\",\"alternateName\":\"Feltvibe by Gentu\u011f Tekstil\",\"url\":\"https:\\\/\\\/feltvibe.com\\\/\",\"logo\":{\"@type\":\"ImageObject\",\"inLanguage\":\"de\",\"@id\":\"https:\\\/\\\/feltvibe.com\\\/#\\\/schema\\\/logo\\\/image\\\/\",\"url\":\"https:\\\/\\\/feltvibe.com\\\/uploads\\\/feltvibe-dark-logo-final.svg\",\"contentUrl\":\"https:\\\/\\\/feltvibe.com\\\/uploads\\\/feltvibe-dark-logo-final.svg\",\"width\":1,\"height\":1,\"caption\":\"Feltvibe is a leading manufacturer providing innovative acoustic and industrial felt solutions for various industries, including thermoformable PET felt panels and sustainable textile applications.\"},\"image\":{\"@id\":\"https:\\\/\\\/feltvibe.com\\\/#\\\/schema\\\/logo\\\/image\\\/\"},\"sameAs\":[\"https:\\\/\\\/www.facebook.com\\\/Gentug\",\"https:\\\/\\\/www.instagram.com\\\/felt.vibe\\\/\",\"https:\\\/\\\/www.linkedin.com\\\/company\\\/feltvibe\"],\"description\":\"Gentu\u011f Textile is the main and the most reliable technical textile manufacturer in Turkey, providing high quality products to the worldwide markets.\",\"email\":\"info@feltvibe.com\",\"telephone\":\"+90 212 637 09 89\",\"legalName\":\"Gentu\u011f Tekstil \u00dcr\u00fcn. San. Tic. A.\u015e.\",\"foundingDate\":\"1917-01-01\",\"vatID\":\"3940016139\",\"taxID\":\"MARMARA KURUMLAR\",\"numberOfEmployees\":{\"@type\":\"QuantitativeValue\",\"minValue\":\"501\",\"maxValue\":\"1000\"},\"publishingPrinciples\":\"https:\\\/\\\/feltvibe.com\\\/privacy-policy\\\/\",\"ownershipFundingInfo\":\"https:\\\/\\\/feltvibe.com\\\/about-us\\\/\",\"actionableFeedbackPolicy\":\"https:\\\/\\\/feltvibe.com\\\/contact-us\\\/\",\"correctionsPolicy\":\"https:\\\/\\\/feltvibe.com\\\/certification\\\/\",\"ethicsPolicy\":\"https:\\\/\\\/feltvibe.com\\\/privacy-policy\\\/\",\"diversityPolicy\":\"https:\\\/\\\/feltvibe.com\\\/privacy-policy\\\/\",\"diversityStaffingReport\":\"https:\\\/\\\/feltvibe.com\\\/contact-us\\\/\"}]}<\/script>\n<!-- \/ Yoast SEO Premium plugin. -->","yoast_head_json":{"title":"Industrial Noise Control | ARKETA-WR PET Felt Panels","description":"Tackle heavy-duty noise with ARKETA-WR. Our water-resistant PET felt panels are engineered to tame construction clamor and generator hum effectively.","robots":{"index":"index","follow":"follow","max-snippet":"max-snippet:-1","max-image-preview":"max-image-preview:large","max-video-preview":"max-video-preview:-1"},"canonical":"https:\/\/feltvibe.com\/de\/blog-vorlage\/","og_locale":"de_DE","og_type":"article","og_title":"Heavy-Duty Industrial Noise Control with ARKETA-WR","og_description":"Solve complex noise issues with water-resistant PET felt. Ideal for mitigating construction and generator noise in any demanding environment.","og_url":"https:\/\/feltvibe.com\/de\/blog-vorlage\/","og_site_name":"Feltvibe | Acoustic Felt","article_publisher":"https:\/\/www.facebook.com\/Gentug","article_modified_time":"2026-03-13T07:18:49+00:00","og_image":[{"width":500,"height":425,"url":"https:\/\/feltvibe.com\/uploads\/arketa-pet-felt-panel-1.jpg","type":"image\/jpeg"}],"twitter_card":"summary_large_image","twitter_title":"ARKETA-WR: Industrial Noise Control Panels","twitter_description":"Tame construction and generator noise with ARKETA-WR water-resistant acoustic panels. Durable, effective, and resilient.","twitter_misc":{"Gesch\u00e4tzte Lesezeit":"3\u00a0Minuten"},"schema":{"@context":"https:\/\/schema.org","@graph":[{"@type":"WebPage","@id":"https:\/\/feltvibe.com\/blog-template\/","url":"https:\/\/feltvibe.com\/blog-template\/","name":"Industrial Noise Control | ARKETA-WR PET Felt Panels","isPartOf":{"@id":"https:\/\/feltvibe.com\/#website"},"datePublished":"2025-06-09T15:21:20+00:00","dateModified":"2026-03-13T07:18:49+00:00","description":"Tackle heavy-duty noise with ARKETA-WR. Our water-resistant PET felt panels are engineered to tame construction clamor and generator hum effectively.","breadcrumb":{"@id":"https:\/\/feltvibe.com\/blog-template\/#breadcrumb"},"inLanguage":"de","potentialAction":[{"@type":"ReadAction","target":["https:\/\/feltvibe.com\/blog-template\/"]}]},{"@type":"BreadcrumbList","@id":"https:\/\/feltvibe.com\/blog-template\/#breadcrumb","itemListElement":[{"@type":"ListItem","position":1,"name":"Home","item":"https:\/\/feltvibe.com\/"},{"@type":"ListItem","position":2,"name":"Blog Template"}]},{"@type":"WebSite","@id":"https:\/\/feltvibe.com\/#website","url":"https:\/\/feltvibe.com\/","name":"Feltvibe Akustik-Filz","description":"Feltvibe ist ein f\u00fchrender Hersteller innovativer Filzl\u00f6sungen f\u00fcr verschiedene Branchen, darunter Thermoformung und Automobilbau. Das Unternehmen ist auf hochwertige Filzprodukte spezialisiert und bietet ma\u00dfgeschneiderte Design- und Produktionsdienstleistungen an, die auf die Bed\u00fcrfnisse der Kunden zugeschnitten sind. Feltvibe setzt sich f\u00fcr die Herstellung nachhaltiger, langlebiger und umweltfreundlicher Produkte ein und bleibt dabei stets auf dem neuesten Stand der Technik. Mit einem starken Fokus auf Kundenzufriedenheit gew\u00e4hrleistet das Unternehmen h\u00f6chste Qualit\u00e4t bei allen seinen L\u00f6sungen.","publisher":{"@id":"https:\/\/feltvibe.com\/#organization"},"potentialAction":[{"@type":"SearchAction","target":{"@type":"EntryPoint","urlTemplate":"https:\/\/feltvibe.com\/?s={search_term_string}"},"query-input":{"@type":"PropertyValueSpecification","valueRequired":true,"valueName":"search_term_string"}}],"inLanguage":"de"},{"@type":"Organization","@id":"https:\/\/feltvibe.com\/#organization","name":"Feltvibe ist ein f\u00fchrender Hersteller von innovativen Akustik- und Industriefilzl\u00f6sungen f\u00fcr verschiedene Branchen, einschlie\u00dflich thermoformbarer PET-Filzplatten und nachhaltiger Textilanwendungen.","alternateName":"Feltvibe by Gentu\u011f Tekstil","url":"https:\/\/feltvibe.com\/","logo":{"@type":"ImageObject","inLanguage":"de","@id":"https:\/\/feltvibe.com\/#\/schema\/logo\/image\/","url":"https:\/\/feltvibe.com\/uploads\/feltvibe-dark-logo-final.svg","contentUrl":"https:\/\/feltvibe.com\/uploads\/feltvibe-dark-logo-final.svg","width":1,"height":1,"caption":"Feltvibe is a leading manufacturer providing innovative acoustic and industrial felt solutions for various industries, including thermoformable PET felt panels and sustainable textile applications."},"image":{"@id":"https:\/\/feltvibe.com\/#\/schema\/logo\/image\/"},"sameAs":["https:\/\/www.facebook.com\/Gentug","https:\/\/www.instagram.com\/felt.vibe\/","https:\/\/www.linkedin.com\/company\/feltvibe"],"description":"Gentu\u011f Textile ist der wichtigste und zuverl\u00e4ssigste Hersteller technischer Textilien in der T\u00fcrkei, der hochwertige Produkte f\u00fcr die weltweiten M\u00e4rkte liefert.","email":"info@feltvibe.com","telephone":"+90 212 637 09 89","legalName":"Gentu\u011f Tekstil \u00dcr\u00fcn. San. Tic. A.\u015e.","foundingDate":"1917-01-01","vatID":"3940016139","taxID":"MARMARA KURUMLAR","numberOfEmployees":{"@type":"QuantitativeValue","minValue":"501","maxValue":"1000"},"publishingPrinciples":"https:\/\/feltvibe.com\/privacy-policy\/","ownershipFundingInfo":"https:\/\/feltvibe.com\/about-us\/","actionableFeedbackPolicy":"https:\/\/feltvibe.com\/contact-us\/","correctionsPolicy":"https:\/\/feltvibe.com\/certification\/","ethicsPolicy":"https:\/\/feltvibe.com\/privacy-policy\/","diversityPolicy":"https:\/\/feltvibe.com\/privacy-policy\/","diversityStaffingReport":"https:\/\/feltvibe.com\/contact-us\/"}]}},"_links":{"self":[{"href":"https:\/\/feltvibe.com\/de\/wp-json\/wp\/v2\/pages\/10195","targetHints":{"allow":["GET"]}}],"collection":[{"href":"https:\/\/feltvibe.com\/de\/wp-json\/wp\/v2\/pages"}],"about":[{"href":"https:\/\/feltvibe.com\/de\/wp-json\/wp\/v2\/types\/page"}],"author":[{"embeddable":true,"href":"https:\/\/feltvibe.com\/de\/wp-json\/wp\/v2\/users\/2"}],"replies":[{"embeddable":true,"href":"https:\/\/feltvibe.com\/de\/wp-json\/wp\/v2\/comments?post=10195"}],"version-history":[{"count":13,"href":"https:\/\/feltvibe.com\/de\/wp-json\/wp\/v2\/pages\/10195\/revisions"}],"predecessor-version":[{"id":13794,"href":"https:\/\/feltvibe.com\/de\/wp-json\/wp\/v2\/pages\/10195\/revisions\/13794"}],"wp:attachment":[{"href":"https:\/\/feltvibe.com\/de\/wp-json\/wp\/v2\/media?parent=10195"}],"curies":[{"name":"wp","href":"https:\/\/api.w.org\/{rel}","templated":true}]}}