{"id":10209,"date":"2025-06-09T18:46:33","date_gmt":"2025-06-09T15:46:33","guid":{"rendered":"https:\/\/feltvibe.com\/?page_id=10209"},"modified":"2026-03-13T10:18:46","modified_gmt":"2026-03-13T07:18:46","slug":"arketa-wr-basismaterial-wasserbestandiger-tierfilz-akustikplatte","status":"publish","type":"page","link":"https:\/\/feltvibe.com\/de\/arketa-wr-base-material-water-resistant-pet-felt-acoustic-panel\/","title":{"rendered":"Water-Resistant Felt Acoustic Panel"},"content":{"rendered":"<div class=\"banner has-hover\" id=\"banner-625577873\">\n          <div class=\"banner-inner fill\">\n        <div class=\"banner-bg fill\" >\n            <div class=\"bg fill bg-fill\"><\/div>\n                        <div class=\"overlay\"><\/div>            \n                    <\/div>\n\t\t\n        <div class=\"banner-layers container\">\n            <div class=\"fill banner-link\"><\/div>            \n   <div id=\"text-box-1757255126\" class=\"text-box banner-layer x50 md-x50 lg-x50 y50 md-y50 lg-y50 res-text\">\n                                <div class=\"text-box-content text dark\">\n              \n              <div class=\"text-inner text-center\">\n                  \n\t<div id=\"text-1906806564\" class=\"text\">\n\t\t\n<p style=\"text-align: center;\"><strong>ARKETA-WR <\/strong><\/p>\n<p style=\"text-align: center;\">Wasserabweisende akustische PET-Filzplatten<\/p>\n\t\t\n<style>\n#text-1906806564 {\n  font-size: 0.9rem;\n  line-height: 0.75;\n}\n@media (min-width:550px) {\n  #text-1906806564 {\n    font-size: 1.75rem;\n  }\n}\n<\/style>\n\t<\/div>\n\t\n              <\/div>\n           <\/div>\n                            \n<style>\n#text-box-1757255126 {\n  width: 85%;\n}\n#text-box-1757255126 .text-box-content {\n  font-size: 100%;\n}\n<\/style>\n    <\/div>\n \n        <\/div>\n      <\/div>\n\n            \n<style>\n#banner-625577873 {\n  padding-top: 56.25%;\n}\n#banner-625577873 .bg.bg-loaded {\n  background-image: url(https:\/\/feltvibe.com\/uploads\/water-resistant-pet-felt-panel.jpg);\n}\n#banner-625577873 .overlay {\n  background-color: rgba(0, 0, 0, 0.5);\n}\n@media (min-width:550px) {\n  #banner-625577873 {\n    padding-top: 56.25%;\n  }\n}\n@media (min-width:850px) {\n  #banner-625577873 {\n    padding-top: 50vh;\n  }\n}\n<\/style>\n  <\/div>\n\n\n\t<section class=\"section\" id=\"section_734388993\">\n\t\t<div class=\"bg section-bg fill bg-fill  bg-loaded\" >\n\n\t\t\t\n\t\t\t\n\t\t\t\n\n\t\t<\/div>\n\n\t\t\n\n\t\t<div class=\"section-content relative\">\n\t\t\t\n<div class=\"row align-center\"  id=\"row-701359367\">\n\n\t<div id=\"col-975909851\" class=\"col small-12 large-12\"  >\n\t\t\t\t<div class=\"col-inner\"  >\n\t\t\t\n\t\t\t\n\t<div id=\"gap-1655082542\" class=\"gap-element clearfix\" style=\"display:block; height:auto;\">\n\t\t\n<style>\n#gap-1655082542 {\n  padding-top: 5vh;\n}\n<\/style>\n\t<\/div>\n\t\n<p>Akustikplatten sind Schl\u00fcsselelemente bei der L\u00e4rmbek\u00e4mpfung von L\u00e4rmquellen wie Baut\u00e4tigkeiten und Generatoren. Eine h\u00e4ufige Einschr\u00e4nkung ist die Feuchtigkeitsempfindlichkeit: Viele por\u00f6se Absorber k\u00f6nnen Wasser aufnehmen, was die Masse erh\u00f6ht, die Absorptionsleistung verringert und Schimmel oder Materialzersetzung f\u00f6rdern kann.<\/p>\n<p>Daher ist die Verbesserung von Akustikplatten mit wasserabweisenden (hydrophoben) Eigenschaften entscheidend f\u00fcr eine zuverl\u00e4ssige Leistung in feuchten oder nassen Umgebungen.<\/p>\n\t<div id=\"gap-2103251589\" class=\"gap-element clearfix\" style=\"display:block; height:auto;\">\n\t\t\n<style>\n#gap-2103251589 {\n  padding-top: 30px;\n}\n<\/style>\n\t<\/div>\n\t\n<div class=\"row\"  id=\"row-2120815785\">\n\n\t<div id=\"col-909237196\" class=\"col medium-6 small-12 large-6\"  >\n\t\t\t\t<div class=\"col-inner\"  >\n\t\t\t\n\t\t\t\n\t<div id=\"text-143107792\" class=\"text\">\n\t\t\n<h5>Verbesserung von Akustikplatten mit wasserabweisenden Eigenschaften<\/h5>\n\t\t\n<style>\n#text-143107792 {\n  font-size: 1.2rem;\n  line-height: 1.1;\n}\n<\/style>\n\t<\/div>\n\t\n\t<div id=\"text-4001274336\" class=\"text\">\n\t\t\n<ol>\n<li><strong>Gewichtszunahme:<\/strong> Durch die Feuchtigkeitsaufnahme erh\u00f6ht sich die Masse der Platte, was zu einem Durchh\u00e4ngen, einem Verlust der Dimensionsstabilit\u00e4t und einer geringeren mechanischen Zuverl\u00e4ssigkeit f\u00fchrt.<\/li>\n<li><strong>Akustische Verschlechterung:<\/strong> Wasser f\u00fcllt die Poren und erh\u00f6ht den Str\u00f6mungswiderstand, wodurch sich die Absorption, insbesondere im mittleren und hohen Frequenzbereich, verschiebt bzw. abschw\u00e4cht.<\/li>\n<li><strong>Biologisches Risiko:<\/strong> Anhaltende Feuchtigkeit f\u00f6rdert das Wachstum von Schimmelpilzen und beeintr\u00e4chtigt die Materialintegrit\u00e4t und die Luftqualit\u00e4t in Innenr\u00e4umen.<\/li>\n<li><strong>Trocknungszeit und Sch\u00e4den:<\/strong> Langsames Trocknen schlie\u00dft Feuchtigkeit ein, was zu Fleckenbildung, Delaminierung und langfristigem Leistungsverlust f\u00fchrt.<\/li>\n<\/ol>\n<p><strong>L\u00f6sungen<\/strong><\/p>\n<p>ARKETA-Akustikfilz (recyceltes PET) kann f\u00fcr feuchtigkeitsgef\u00e4hrdete Bereiche spezifiziert werden, da er eine hydrophobe\/wasserabweisende Beschaffenheit aufweist, die die Fl\u00fcssigkeitsaufnahme einschr\u00e4nkt und dazu beitr\u00e4gt, die Formstabilit\u00e4t und die akustische Leistung zu erhalten.<\/p>\n<p><strong>Hydrophobes Verhalten:<\/strong> Die Oberfl\u00e4che ist feuchtigkeitsbest\u00e4ndig und reduziert die Wasseraufnahme und Gewichtszunahme in feuchten oder spritzwassergef\u00e4hrdeten Umgebungen.<\/p>\n<p><strong>Schimmelresistenz:<\/strong> Geringere Feuchtigkeitsspeicherung verringert das Risiko von Schimmelpilzbefall, wenn sie mit angemessener Detaillierung und Bel\u00fcftung kombiniert wird.<\/p>\n<p><strong>Anwendungen<\/strong><\/p>\n<ul>\n<li data-start=\"42\" data-end=\"197\">\n<p data-start=\"44\" data-end=\"197\"><strong data-start=\"44\" data-end=\"75\">B\u00e4der\/Umkleider\u00e4ume:<\/strong> Akustische Wandbehandlungen, bei denen Feuchtigkeit und zeitweilige Spritzwassereinwirkung zu erwarten sind (au\u00dferhalb der direkten Wasserstrahlzonen).<\/p>\n<\/li>\n<li data-start=\"198\" data-end=\"302\">\n<p data-start=\"200\" data-end=\"302\"><strong data-start=\"200\" data-end=\"225\">Pool-\/Spa-Bereich:<\/strong> Schalld\u00e4mmung f\u00fcr schallharte R\u00e4ume mit hoher Feuchtigkeitsbelastung.<\/p>\n<\/li>\n<li data-start=\"303\" data-end=\"442\">\n<p data-start=\"305\" data-end=\"442\"><strong data-start=\"305\" data-end=\"331\">\u00dcberdachte Au\u00dfenbereiche:<\/strong> Terrassen, Pavillons, Vord\u00e4cher und gesch\u00fctzte Fassaden, wo die Platten feuchter Luft und gelegentlichem Regen ausgesetzt sind.<\/p>\n<\/li>\n<\/ul>\n<p><em data-start=\"444\" data-end=\"451\">Anmerkung:<\/em> Bei echter Verwendung im Freien h\u00e4ngt die Leistung von den Details (Kanten, Befestigungen, Entw\u00e4sserung, Bel\u00fcftung) und dem Grad der Exposition (UV-Strahlung, windgetriebener Regen) ab.<\/p>\n\t\t\n<style>\n#text-4001274336 {\n  line-height: 1.9;\n}\n<\/style>\n\t<\/div>\n\t\n\t\t<\/div>\n\t\t\t\t\t<\/div>\n\n\t\n\n\t<div id=\"col-994521119\" class=\"col medium-1 small-12 large-1\"  >\n\t\t\t\t<div class=\"col-inner\"  >\n\t\t\t\n\t\t\t\n\t\t<\/div>\n\t\t\t\t\t<\/div>\n\n\t\n\n\t<div id=\"col-1098067851\" class=\"col medium-5 small-12 large-5\"  >\n\t\t\t\t<div class=\"col-inner text-right\"  >\n\t\t\t\n\t\t\t\n\t<div class=\"img has-hover x md-x lg-x y md-y lg-y\" id=\"image_1242098113\">\n\t\t\t\t\t\t\t\t<div class=\"img-inner image-cover dark\" style=\"padding-top:150%;\">\n\t\t\t<img loading=\"lazy\" decoding=\"async\" width=\"480\" height=\"852\" src=\"https:\/\/feltvibe.com\/uploads\/gif-blog-water.gif\" class=\"attachment-original size-original\" alt=\"\" \/>\t\t\t\t\t\t\n\t\t\t\t\t<\/div>\n\t\t\t\t\t\t\t\t\n<style>\n#image_1242098113 {\n  width: 100%;\n}\n<\/style>\n\t<\/div>\n\t\n\t\t<\/div>\n\t\t\t\t\t<\/div>\n\n\t\n<\/div>\n\t\t<\/div>\n\t\t\t\t\t<\/div>\n\n\t\n\n<style>\n#row-701359367 > .col > .col-inner {\n  background-color: #f6f6f6;\n}\n<\/style>\n<\/div>\n\t\t<\/div>\n\n\t\t\n<style>\n#section_734388993 {\n  padding-top: 30px;\n  padding-bottom: 30px;\n  background-color: #f6f6f6;\n}\n<\/style>\n\t<\/section>","protected":false},"excerpt":{"rendered":"","protected":false},"author":2,"featured_media":0,"parent":0,"menu_order":0,"comment_status":"closed","ping_status":"closed","template":"","meta":{"footnotes":""},"class_list":["post-10209","page","type-page","status-publish","hentry"],"yoast_head":"<!-- This site is optimized with the Yoast SEO Premium plugin v27.4 (Yoast SEO v27.4) - https:\/\/yoast.com\/product\/yoast-seo-premium-wordpress\/ -->\n<title>Water-Resistant Acoustic Panels | ARKETA-WR Noise Control<\/title>\n<meta name=\"description\" content=\"Defy moisture with ARKETA-WR water-resistant acoustic panels. Perfect for challenging environments like construction sites and industrial generator rooms.\" \/>\n<meta name=\"robots\" content=\"index, follow, max-snippet:-1, max-image-preview:large, max-video-preview:-1\" \/>\n<link rel=\"canonical\" href=\"https:\/\/feltvibe.com\/de\/arketa-wr-basismaterial-wasserbestandiger-tierfilz-akustikplatte\/\" \/>\n<meta property=\"og:locale\" content=\"de_DE\" \/>\n<meta property=\"og:type\" content=\"article\" \/>\n<meta property=\"og:title\" content=\"ARKETA-WR: Water-Resistant PET Felt Acoustic Panels\" \/>\n<meta property=\"og:description\" content=\"High-performance noise control that withstands moisture. Discover the extreme durability of ARKETA-WR for industrial and outdoor applications.\" \/>\n<meta property=\"og:url\" content=\"https:\/\/feltvibe.com\/de\/arketa-wr-basismaterial-wasserbestandiger-tierfilz-akustikplatte\/\" \/>\n<meta property=\"og:site_name\" content=\"Feltvibe | Acoustic Felt\" \/>\n<meta property=\"article:publisher\" content=\"https:\/\/www.facebook.com\/Gentug\" \/>\n<meta property=\"article:modified_time\" content=\"2026-03-13T07:18:46+00:00\" \/>\n<meta property=\"og:image\" content=\"https:\/\/feltvibe.com\/uploads\/arketa-pet-felt-panel-1.jpg\" \/>\n\t<meta property=\"og:image:width\" content=\"500\" \/>\n\t<meta property=\"og:image:height\" content=\"425\" \/>\n\t<meta property=\"og:image:type\" content=\"image\/jpeg\" \/>\n<meta name=\"twitter:card\" content=\"summary_large_image\" \/>\n<meta name=\"twitter:title\" content=\"Water-Resistant Acoustic Noise Control\" \/>\n<meta name=\"twitter:description\" content=\"Stop noise in damp environments. ARKETA-WR offers superior sound absorption with advanced water-resistant technology.\" \/>\n<meta name=\"twitter:label1\" content=\"Gesch\u00e4tzte Lesezeit\" \/>\n\t<meta name=\"twitter:data1\" content=\"2\u00a0Minuten\" \/>\n<script type=\"application\/ld+json\" class=\"yoast-schema-graph\">{\"@context\":\"https:\\\/\\\/schema.org\",\"@graph\":[{\"@type\":\"WebPage\",\"@id\":\"https:\\\/\\\/feltvibe.com\\\/arketa-wr-base-material-water-resistant-pet-felt-acoustic-panel\\\/\",\"url\":\"https:\\\/\\\/feltvibe.com\\\/arketa-wr-base-material-water-resistant-pet-felt-acoustic-panel\\\/\",\"name\":\"Water-Resistant Acoustic Panels | ARKETA-WR Noise Control\",\"isPartOf\":{\"@id\":\"https:\\\/\\\/feltvibe.com\\\/#website\"},\"datePublished\":\"2025-06-09T15:46:33+00:00\",\"dateModified\":\"2026-03-13T07:18:46+00:00\",\"description\":\"Defy moisture with ARKETA-WR water-resistant acoustic panels. Perfect for challenging environments like construction sites and industrial generator rooms.\",\"breadcrumb\":{\"@id\":\"https:\\\/\\\/feltvibe.com\\\/arketa-wr-base-material-water-resistant-pet-felt-acoustic-panel\\\/#breadcrumb\"},\"inLanguage\":\"de\",\"potentialAction\":[{\"@type\":\"ReadAction\",\"target\":[\"https:\\\/\\\/feltvibe.com\\\/arketa-wr-base-material-water-resistant-pet-felt-acoustic-panel\\\/\"]}]},{\"@type\":\"BreadcrumbList\",\"@id\":\"https:\\\/\\\/feltvibe.com\\\/arketa-wr-base-material-water-resistant-pet-felt-acoustic-panel\\\/#breadcrumb\",\"itemListElement\":[{\"@type\":\"ListItem\",\"position\":1,\"name\":\"Home\",\"item\":\"https:\\\/\\\/feltvibe.com\\\/\"},{\"@type\":\"ListItem\",\"position\":2,\"name\":\"Water-Resistant Felt Acoustic Panel\"}]},{\"@type\":\"WebSite\",\"@id\":\"https:\\\/\\\/feltvibe.com\\\/#website\",\"url\":\"https:\\\/\\\/feltvibe.com\\\/\",\"name\":\"Feltvibe Acoustic Felt\",\"description\":\"Feltvibe is a leading manufacturer providing innovative felt solutions for various industries, including thermoforming and automotive. Specializing in high-quality felt products, the company offers custom design and production services tailored to meet customer needs. Feltvibe is committed to creating sustainable, durable, and eco-friendly products while staying up to date with technological advancements. With a strong focus on customer satisfaction, the company ensures top-tier quality in all of its solutions.\",\"publisher\":{\"@id\":\"https:\\\/\\\/feltvibe.com\\\/#organization\"},\"potentialAction\":[{\"@type\":\"SearchAction\",\"target\":{\"@type\":\"EntryPoint\",\"urlTemplate\":\"https:\\\/\\\/feltvibe.com\\\/?s={search_term_string}\"},\"query-input\":{\"@type\":\"PropertyValueSpecification\",\"valueRequired\":true,\"valueName\":\"search_term_string\"}}],\"inLanguage\":\"de\"},{\"@type\":\"Organization\",\"@id\":\"https:\\\/\\\/feltvibe.com\\\/#organization\",\"name\":\"Feltvibe is a leading manufacturer providing innovative acoustic and industrial felt solutions for various industries, including thermoformable PET felt panels and sustainable textile applications.\",\"alternateName\":\"Feltvibe by Gentu\u011f Tekstil\",\"url\":\"https:\\\/\\\/feltvibe.com\\\/\",\"logo\":{\"@type\":\"ImageObject\",\"inLanguage\":\"de\",\"@id\":\"https:\\\/\\\/feltvibe.com\\\/#\\\/schema\\\/logo\\\/image\\\/\",\"url\":\"https:\\\/\\\/feltvibe.com\\\/uploads\\\/feltvibe-dark-logo-final.svg\",\"contentUrl\":\"https:\\\/\\\/feltvibe.com\\\/uploads\\\/feltvibe-dark-logo-final.svg\",\"width\":1,\"height\":1,\"caption\":\"Feltvibe is a leading manufacturer providing innovative acoustic and industrial felt solutions for various industries, including thermoformable PET felt panels and sustainable textile applications.\"},\"image\":{\"@id\":\"https:\\\/\\\/feltvibe.com\\\/#\\\/schema\\\/logo\\\/image\\\/\"},\"sameAs\":[\"https:\\\/\\\/www.facebook.com\\\/Gentug\",\"https:\\\/\\\/www.instagram.com\\\/felt.vibe\\\/\",\"https:\\\/\\\/www.linkedin.com\\\/company\\\/feltvibe\"],\"description\":\"Gentu\u011f Textile is the main and the most reliable technical textile manufacturer in Turkey, providing high quality products to the worldwide markets.\",\"email\":\"info@feltvibe.com\",\"telephone\":\"+90 212 637 09 89\",\"legalName\":\"Gentu\u011f Tekstil \u00dcr\u00fcn. San. Tic. A.\u015e.\",\"foundingDate\":\"1917-01-01\",\"vatID\":\"3940016139\",\"taxID\":\"MARMARA KURUMLAR\",\"numberOfEmployees\":{\"@type\":\"QuantitativeValue\",\"minValue\":\"501\",\"maxValue\":\"1000\"},\"publishingPrinciples\":\"https:\\\/\\\/feltvibe.com\\\/privacy-policy\\\/\",\"ownershipFundingInfo\":\"https:\\\/\\\/feltvibe.com\\\/about-us\\\/\",\"actionableFeedbackPolicy\":\"https:\\\/\\\/feltvibe.com\\\/contact-us\\\/\",\"correctionsPolicy\":\"https:\\\/\\\/feltvibe.com\\\/certification\\\/\",\"ethicsPolicy\":\"https:\\\/\\\/feltvibe.com\\\/privacy-policy\\\/\",\"diversityPolicy\":\"https:\\\/\\\/feltvibe.com\\\/privacy-policy\\\/\",\"diversityStaffingReport\":\"https:\\\/\\\/feltvibe.com\\\/contact-us\\\/\"}]}<\/script>\n<!-- \/ Yoast SEO Premium plugin. -->","yoast_head_json":{"title":"Water-Resistant Acoustic Panels | ARKETA-WR Noise Control","description":"Defy moisture with ARKETA-WR water-resistant acoustic panels. Perfect for challenging environments like construction sites and industrial generator rooms.","robots":{"index":"index","follow":"follow","max-snippet":"max-snippet:-1","max-image-preview":"max-image-preview:large","max-video-preview":"max-video-preview:-1"},"canonical":"https:\/\/feltvibe.com\/de\/arketa-wr-basismaterial-wasserbestandiger-tierfilz-akustikplatte\/","og_locale":"de_DE","og_type":"article","og_title":"ARKETA-WR: Water-Resistant PET Felt Acoustic Panels","og_description":"High-performance noise control that withstands moisture. Discover the extreme durability of ARKETA-WR for industrial and outdoor applications.","og_url":"https:\/\/feltvibe.com\/de\/arketa-wr-basismaterial-wasserbestandiger-tierfilz-akustikplatte\/","og_site_name":"Feltvibe | Acoustic Felt","article_publisher":"https:\/\/www.facebook.com\/Gentug","article_modified_time":"2026-03-13T07:18:46+00:00","og_image":[{"width":500,"height":425,"url":"https:\/\/feltvibe.com\/uploads\/arketa-pet-felt-panel-1.jpg","type":"image\/jpeg"}],"twitter_card":"summary_large_image","twitter_title":"Water-Resistant Acoustic Noise Control","twitter_description":"Stop noise in damp environments. ARKETA-WR offers superior sound absorption with advanced water-resistant technology.","twitter_misc":{"Gesch\u00e4tzte Lesezeit":"2\u00a0Minuten"},"schema":{"@context":"https:\/\/schema.org","@graph":[{"@type":"WebPage","@id":"https:\/\/feltvibe.com\/arketa-wr-base-material-water-resistant-pet-felt-acoustic-panel\/","url":"https:\/\/feltvibe.com\/arketa-wr-base-material-water-resistant-pet-felt-acoustic-panel\/","name":"Water-Resistant Acoustic Panels | ARKETA-WR Noise Control","isPartOf":{"@id":"https:\/\/feltvibe.com\/#website"},"datePublished":"2025-06-09T15:46:33+00:00","dateModified":"2026-03-13T07:18:46+00:00","description":"Defy moisture with ARKETA-WR water-resistant acoustic panels. Perfect for challenging environments like construction sites and industrial generator rooms.","breadcrumb":{"@id":"https:\/\/feltvibe.com\/arketa-wr-base-material-water-resistant-pet-felt-acoustic-panel\/#breadcrumb"},"inLanguage":"de","potentialAction":[{"@type":"ReadAction","target":["https:\/\/feltvibe.com\/arketa-wr-base-material-water-resistant-pet-felt-acoustic-panel\/"]}]},{"@type":"BreadcrumbList","@id":"https:\/\/feltvibe.com\/arketa-wr-base-material-water-resistant-pet-felt-acoustic-panel\/#breadcrumb","itemListElement":[{"@type":"ListItem","position":1,"name":"Home","item":"https:\/\/feltvibe.com\/"},{"@type":"ListItem","position":2,"name":"Water-Resistant Felt Acoustic Panel"}]},{"@type":"WebSite","@id":"https:\/\/feltvibe.com\/#website","url":"https:\/\/feltvibe.com\/","name":"Feltvibe Akustik-Filz","description":"Feltvibe ist ein f\u00fchrender Hersteller innovativer Filzl\u00f6sungen f\u00fcr verschiedene Branchen, darunter Thermoformung und Automobilbau. Das Unternehmen ist auf hochwertige Filzprodukte spezialisiert und bietet ma\u00dfgeschneiderte Design- und Produktionsdienstleistungen an, die auf die Bed\u00fcrfnisse der Kunden zugeschnitten sind. Feltvibe setzt sich f\u00fcr die Herstellung nachhaltiger, langlebiger und umweltfreundlicher Produkte ein und bleibt dabei stets auf dem neuesten Stand der Technik. Mit einem starken Fokus auf Kundenzufriedenheit gew\u00e4hrleistet das Unternehmen h\u00f6chste Qualit\u00e4t bei allen seinen L\u00f6sungen.","publisher":{"@id":"https:\/\/feltvibe.com\/#organization"},"potentialAction":[{"@type":"SearchAction","target":{"@type":"EntryPoint","urlTemplate":"https:\/\/feltvibe.com\/?s={search_term_string}"},"query-input":{"@type":"PropertyValueSpecification","valueRequired":true,"valueName":"search_term_string"}}],"inLanguage":"de"},{"@type":"Organization","@id":"https:\/\/feltvibe.com\/#organization","name":"Feltvibe ist ein f\u00fchrender Hersteller von innovativen Akustik- und Industriefilzl\u00f6sungen f\u00fcr verschiedene Branchen, einschlie\u00dflich thermoformbarer PET-Filzplatten und nachhaltiger Textilanwendungen.","alternateName":"Feltvibe by Gentu\u011f Tekstil","url":"https:\/\/feltvibe.com\/","logo":{"@type":"ImageObject","inLanguage":"de","@id":"https:\/\/feltvibe.com\/#\/schema\/logo\/image\/","url":"https:\/\/feltvibe.com\/uploads\/feltvibe-dark-logo-final.svg","contentUrl":"https:\/\/feltvibe.com\/uploads\/feltvibe-dark-logo-final.svg","width":1,"height":1,"caption":"Feltvibe is a leading manufacturer providing innovative acoustic and industrial felt solutions for various industries, including thermoformable PET felt panels and sustainable textile applications."},"image":{"@id":"https:\/\/feltvibe.com\/#\/schema\/logo\/image\/"},"sameAs":["https:\/\/www.facebook.com\/Gentug","https:\/\/www.instagram.com\/felt.vibe\/","https:\/\/www.linkedin.com\/company\/feltvibe"],"description":"Gentu\u011f Textile ist der wichtigste und zuverl\u00e4ssigste Hersteller technischer Textilien in der T\u00fcrkei, der hochwertige Produkte f\u00fcr die weltweiten M\u00e4rkte liefert.","email":"info@feltvibe.com","telephone":"+90 212 637 09 89","legalName":"Gentu\u011f Tekstil \u00dcr\u00fcn. San. Tic. A.\u015e.","foundingDate":"1917-01-01","vatID":"3940016139","taxID":"MARMARA KURUMLAR","numberOfEmployees":{"@type":"QuantitativeValue","minValue":"501","maxValue":"1000"},"publishingPrinciples":"https:\/\/feltvibe.com\/privacy-policy\/","ownershipFundingInfo":"https:\/\/feltvibe.com\/about-us\/","actionableFeedbackPolicy":"https:\/\/feltvibe.com\/contact-us\/","correctionsPolicy":"https:\/\/feltvibe.com\/certification\/","ethicsPolicy":"https:\/\/feltvibe.com\/privacy-policy\/","diversityPolicy":"https:\/\/feltvibe.com\/privacy-policy\/","diversityStaffingReport":"https:\/\/feltvibe.com\/contact-us\/"}]}},"_links":{"self":[{"href":"https:\/\/feltvibe.com\/de\/wp-json\/wp\/v2\/pages\/10209","targetHints":{"allow":["GET"]}}],"collection":[{"href":"https:\/\/feltvibe.com\/de\/wp-json\/wp\/v2\/pages"}],"about":[{"href":"https:\/\/feltvibe.com\/de\/wp-json\/wp\/v2\/types\/page"}],"author":[{"embeddable":true,"href":"https:\/\/feltvibe.com\/de\/wp-json\/wp\/v2\/users\/2"}],"replies":[{"embeddable":true,"href":"https:\/\/feltvibe.com\/de\/wp-json\/wp\/v2\/comments?post=10209"}],"version-history":[{"count":42,"href":"https:\/\/feltvibe.com\/de\/wp-json\/wp\/v2\/pages\/10209\/revisions"}],"predecessor-version":[{"id":17272,"href":"https:\/\/feltvibe.com\/de\/wp-json\/wp\/v2\/pages\/10209\/revisions\/17272"}],"wp:attachment":[{"href":"https:\/\/feltvibe.com\/de\/wp-json\/wp\/v2\/media?parent=10209"}],"curies":[{"name":"wp","href":"https:\/\/api.w.org\/{rel}","templated":true}]}}