{"id":1030,"date":"2024-09-08T12:11:34","date_gmt":"2024-09-08T09:11:34","guid":{"rendered":"https:\/\/feltvibe.com\/?page_id=1030"},"modified":"2026-03-13T10:20:16","modified_gmt":"2026-03-13T07:20:16","slug":"zertifizierung","status":"publish","type":"page","link":"https:\/\/feltvibe.com\/de\/certification\/","title":{"rendered":"Zertifizierung"},"content":{"rendered":"<section class=\"section\" id=\"section_1338451166\">\n\t\t<div class=\"bg section-bg fill bg-fill  bg-loaded\" >\n\n\t\t\t\n\t\t\t\n\t\t\t\n\n\t\t<\/div>\n\n\t\t\n\n\t\t<div class=\"section-content relative\">\n\t\t\t\n\t<div id=\"gap-124475762\" class=\"gap-element clearfix\" style=\"display:block; height:auto;\">\n\t\t\n<style>\n#gap-124475762 {\n  padding-top: 5vh;\n}\n<\/style>\n\t<\/div>\n\t\n<div class=\"row row-small align-equal align-center\"  id=\"row-89367825\">\n\n\t<div id=\"col-87542513\" class=\"col small-12 large-12\"  >\n\t\t\t\t<div class=\"col-inner\"  >\n\t\t\t\n\t\t\t\n\t<div id=\"text-2271656358\" class=\"text\">\n\t\t\n<p>Zertifizierung<\/p>\n\t\t\n<style>\n#text-2271656358 {\n  font-size: 1.8rem;\n  line-height: 0.75;\n  text-align: center;\n}\n@media (min-width:550px) {\n  #text-2271656358 {\n    text-align: center;\n  }\n}\n@media (min-width:850px) {\n  #text-2271656358 {\n    text-align: left;\n  }\n}\n<\/style>\n\t<\/div>\n\t\n<div class=\"text-center\"><div class=\"is-divider divider clearfix\" style=\"margin-top:0px;margin-bottom:0px;max-width:100%;height:1px;background-color:rgb(68, 69, 69);\"><\/div><\/div>\n\t\t<\/div>\n\t\t\t\t\t<\/div>\n\n\t\n<\/div>\n<div class=\"row row-collapse align-middle\"  id=\"row-714280290\">\n\n\t<div id=\"col-1589915784\" class=\"col medium-5 small-12 large-5\"  >\n\t\t\t\t<div class=\"col-inner text-center\"  >\n\t\t\t\n\t\t\t\n\t<div class=\"img has-hover x md-x lg-x y md-y lg-y\" id=\"image_1626533322\">\n\t\t\t\t\t\t\t\t<div class=\"img-inner dark\" >\n\t\t\t<img decoding=\"async\" src=\"https:\/\/feltvibe.com\/uploads\/Oeko-Tex-1-icon.svg\" class=\"attachment-original size-original\" alt=\"\" \/>\t\t\t\t\t\t\n\t\t\t\t\t<\/div>\n\t\t\t\t\t\t\t\t\n<style>\n#image_1626533322 {\n  width: 40%;\n}\n<\/style>\n\t<\/div>\n\t\n\t\t<\/div>\n\t\t\t\t\t<\/div>\n\n\t\n\n\t<div id=\"col-1325389534\" class=\"col medium-7 small-12 large-7\"  >\n\t\t\t\t<div class=\"col-inner\"  >\n\t\t\t\n\t\t\t\n\t<div id=\"text-1135842178\" class=\"text\">\n\t\t\n<p><strong>OEKO-TEX<\/strong><\/p>\n\t\t\n<style>\n#text-1135842178 {\n  font-size: 1.5rem;\n}\n<\/style>\n\t<\/div>\n\t\n<p>Felt Vibe\u00ae ist OEKO-TEX-zertifiziert. Das bedeutet, dass die Textilien keine sch\u00e4dlichen Substanzen enthalten, die sich negativ auf Ihre Gesundheit auswirken k\u00f6nnen. OEKO-TEX Standard 100 ist die bekannteste und vertrauensw\u00fcrdigste Zertifizierung f\u00fcr Produktsicherheit.<\/p>\n<div class=\"row\"  id=\"row-1019048485\">\n\n\t<div id=\"col-1613128435\" class=\"col small-12 large-12\"  >\n\t\t\t\t<div class=\"col-inner\"  >\n\t\t\t\n\t\t\t\n<div class=\"row\"  id=\"row-752240125\">\n\n\t<div id=\"col-224952841\" class=\"col medium-4 small-12 large-4\"  >\n\t\t\t\t<div class=\"col-inner\"  >\n\t\t\t\n\t\t\t\n<a href=\"https:\/\/feltvibe.com\/uploads\/Enviorement-OEKO-TEX.pdf\" target=\"_blank\" class=\"button primary is-outline expand\" rel=\"noopener\"  >\n    <span>DOWNLOAD<\/span>\n  <\/a>\n\n\t\t<\/div>\n\t\t\t\t\t<\/div>\n\n\t\n<\/div>\n\t\t<\/div>\n\t\t\t\t\t<\/div>\n\n\t\n<\/div>\n\t\t<\/div>\n\t\t\t\t\t<\/div>\n\n\t\n<\/div>\n<div class=\"row row-small align-equal align-center\"  id=\"row-1270140739\">\n\n\t<div id=\"col-1465797689\" class=\"col small-12 large-12\"  >\n\t\t\t\t<div class=\"col-inner\"  >\n\t\t\t\n\t\t\t\n<div class=\"text-center\"><div class=\"is-divider divider clearfix\" style=\"margin-top:0px;margin-bottom:0px;max-width:100%;height:1px;background-color:rgb(68, 69, 69);\"><\/div><\/div>\n\t\t<\/div>\n\t\t\t\t\t<\/div>\n\n\t\n<\/div>\n<div class=\"row align-middle\"  id=\"row-1674542755\">\n\n\t<div id=\"col-1156158565\" class=\"col medium-5 small-12 large-5\"  >\n\t\t\t\t<div class=\"col-inner text-center\"  >\n\t\t\t\n\t\t\t\n\t<div class=\"img has-hover x md-x lg-x y md-y lg-y\" id=\"image_1089857757\">\n\t\t\t\t\t\t\t\t<div class=\"img-inner dark\" >\n\t\t\t<img loading=\"lazy\" decoding=\"async\" width=\"1\" height=\"1\" src=\"https:\/\/feltvibe.com\/uploads\/blx-logo-yeni-1-1-1-BLX-Acoustic-Reserach-Lab.svg\" class=\"attachment-large size-large\" alt=\"\" \/>\t\t\t\t\t\t\n\t\t\t\t\t<\/div>\n\t\t\t\t\t\t\t\t\n<style>\n#image_1089857757 {\n  width: 50%;\n}\n<\/style>\n\t<\/div>\n\t\n\t\t<\/div>\n\t\t\t\t\t<\/div>\n\n\t\n\n\t<div id=\"col-1823849539\" class=\"col medium-7 small-12 large-7\"  >\n\t\t\t\t<div class=\"col-inner\"  >\n\t\t\t\n\t\t\t\n\t<div id=\"text-2726164537\" class=\"text\">\n\t\t\n<p><strong>BLX Acoustic Reserach Lab.<\/strong><\/p>\n\t\t\n<style>\n#text-2726164537 {\n  font-size: 1.5rem;\n}\n<\/style>\n\t<\/div>\n\t\n<p>Das Akustik-Forschungslabor BLX ist das erste und einzige Forschungs- und Entwicklungslabor in der T\u00fcrkei mit Sonderstatus, in dem die akustische Leistung von Materialien nach ASTM- und ISO-Normen gepr\u00fcft wird. Ein Hallraum zur Pr\u00fcfung der Schallabsorptionsleistung von Materialien im Labor, in dem die Aktivit\u00e4ten akkreditiert sind; R\u00e4ume f\u00fcr Schall\u00fcbertragungsverluste stehen f\u00fcr akustische Tests von Strukturen und Bauelementen zur Verf\u00fcgung.<\/p>\n\t\t<\/div>\n\t\t\t\t\t<\/div>\n\n\t\n<\/div>\n<div class=\"row row-small align-equal align-center\"  id=\"row-924352166\">\n\n\t<div id=\"col-515792017\" class=\"col small-12 large-12\"  >\n\t\t\t\t<div class=\"col-inner\"  >\n\t\t\t\n\t\t\t\n<div class=\"text-center\"><div class=\"is-divider divider clearfix\" style=\"margin-top:0px;margin-bottom:0px;max-width:100%;height:1px;background-color:rgb(68, 69, 69);\"><\/div><\/div>\n\t\t<\/div>\n\t\t\t\t\t<\/div>\n\n\t\n<\/div>\n<div class=\"row align-middle\"  id=\"row-1020640189\">\n\n\t<div id=\"col-81178770\" class=\"col medium-5 small-12 large-5\"  >\n\t\t\t\t<div class=\"col-inner text-center\"  >\n\t\t\t\n\t\t\t\n\t<div class=\"img has-hover x md-x lg-x y md-y lg-y\" id=\"image_1048919154\">\n\t\t\t\t\t\t\t\t<div class=\"img-inner dark\" >\n\t\t\t<img loading=\"lazy\" decoding=\"async\" width=\"1\" height=\"1\" src=\"https:\/\/feltvibe.com\/uploads\/Efectis-icon-1.svg\" class=\"attachment-large size-large\" alt=\"\" \/>\t\t\t\t\t\t\n\t\t\t\t\t<\/div>\n\t\t\t\t\t\t\t\t\n<style>\n#image_1048919154 {\n  width: 50%;\n}\n<\/style>\n\t<\/div>\n\t\n\t\t<\/div>\n\t\t\t\t\t<\/div>\n\n\t\n\n\t<div id=\"col-1147923350\" class=\"col medium-7 small-12 large-7\"  >\n\t\t\t\t<div class=\"col-inner\"  >\n\t\t\t\n\t\t\t\n\t<div id=\"text-578051410\" class=\"text\">\n\t\t\n<p><strong>Efectis<\/strong><\/p>\n\t\t\n<style>\n#text-578051410 {\n  font-size: 1.5rem;\n}\n<\/style>\n\t<\/div>\n\t\n<p>Efectis verf\u00fcgt \u00fcber das Wissen und die Erfahrung, um Geb\u00e4udeeigent\u00fcmern, Produktherstellern und Beh\u00f6rden dabei zu helfen, die richtigen Anforderungen an Produkte zu bestimmen, ihre Leistung zu messen und ihre Auswirkungen auf die Brandsicherheit von Geb\u00e4uden zu bewerten.<\/p>\n<p>Mit unserem Fachwissen unterst\u00fctzt Efectis den Markt bei der Auswahl, Anwendung und Nutzung von Baumaterialien, die den Brandschutzanforderungen am besten entsprechen.<\/p>\n\t\t<\/div>\n\t\t\t\t\t<\/div>\n\n\t\n<\/div>\n<div class=\"row row-small align-equal align-center\"  id=\"row-997483439\">\n\n\t<div id=\"col-1258612816\" class=\"col small-12 large-12\"  >\n\t\t\t\t<div class=\"col-inner\"  >\n\t\t\t\n\t\t\t\n<div class=\"text-center\"><div class=\"is-divider divider clearfix\" style=\"margin-top:0px;margin-bottom:0px;max-width:100%;height:1px;background-color:rgb(68, 69, 69);\"><\/div><\/div>\n\t\t<\/div>\n\t\t\t\t\t<\/div>\n\n\t\n<\/div>\n<div class=\"row align-middle\"  id=\"row-296150495\">\n\n\t<div id=\"col-2115686938\" class=\"col medium-5 small-12 large-5\"  >\n\t\t\t\t<div class=\"col-inner text-center\"  >\n\t\t\t\n\t\t\t\n\t<div class=\"img has-hover x md-x lg-x y md-y lg-y\" id=\"image_836088638\">\n\t\t\t\t\t\t\t\t<div class=\"img-inner dark\" >\n\t\t\t<img loading=\"lazy\" decoding=\"async\" width=\"1\" height=\"1\" src=\"https:\/\/feltvibe.com\/uploads\/ekoteks-logo.svg\" class=\"attachment-large size-large\" alt=\"\" \/>\t\t\t\t\t\t\n\t\t\t\t\t<\/div>\n\t\t\t\t\t\t\t\t\n<style>\n#image_836088638 {\n  width: 50%;\n}\n<\/style>\n\t<\/div>\n\t\n\t\t<\/div>\n\t\t\t\t\t<\/div>\n\n\t\n\n\t<div id=\"col-1779712021\" class=\"col medium-7 small-12 large-7\"  >\n\t\t\t\t<div class=\"col-inner\"  >\n\t\t\t\n\t\t\t\n\t<div id=\"text-3806928772\" class=\"text\">\n\t\t\n<p><strong>Ekoteks<\/strong><\/p>\n\t\t\n<style>\n#text-3806928772 {\n  font-size: 1.5rem;\n}\n<\/style>\n\t<\/div>\n\t\n<p>Das Forschungs- und Entwicklungszentrum f\u00fcr \u00f6kologische Textiltests ist das erste und einzige Labor in der T\u00fcrkei mit einem Sonderstatus. Es ist auf die Pr\u00fcfung der Umweltvertr\u00e4glichkeit von Textilmaterialien gem\u00e4\u00df ASTM- und ISO-Normen spezialisiert. Die im Labor durchgef\u00fchrten Aktivit\u00e4ten sind akkreditiert, und es werden fortschrittliche Analyseger\u00e4te eingesetzt, um zur Entwicklung umweltfreundlicher Produkte beizutragen. Es werden umfassende Untersuchungen durchgef\u00fchrt, um die Nachhaltigkeitsleistung von Materialien zu bewerten und die \u00f6kologischen Auswirkungen von Produkten zu beurteilen.<\/p>\n\t\t<\/div>\n\t\t\t\t\t<\/div>\n\n\t\n<\/div>\n\t\t<\/div>\n\n\t\t\n<style>\n#section_1338451166 {\n  padding-top: 0px;\n  padding-bottom: 0px;\n  background-color: rgb(227, 227, 227);\n}\n<\/style>\n\t<\/section>","protected":false},"excerpt":{"rendered":"","protected":false},"author":1,"featured_media":0,"parent":0,"menu_order":0,"comment_status":"closed","ping_status":"closed","template":"","meta":{"footnotes":""},"class_list":["post-1030","page","type-page","status-publish","hentry"],"yoast_head":"<!-- This site is optimized with the Yoast SEO Premium plugin v27.4 (Yoast SEO v27.4) - https:\/\/yoast.com\/product\/yoast-seo-premium-wordpress\/ -->\n<title>Certified Acoustic Safety | OEKO-TEX &amp; BLX Tested Felt<\/title>\n<meta name=\"description\" content=\"Trust in safety with OEKO-TEX Standard 100 certified PET felt. Our products undergo rigorous BLX laboratory testing to ensure non-toxic, healthy interiors.\" \/>\n<meta name=\"robots\" content=\"index, follow, max-snippet:-1, max-image-preview:large, max-video-preview:-1\" \/>\n<link rel=\"canonical\" href=\"https:\/\/feltvibe.com\/de\/zertifizierung\/\" \/>\n<meta property=\"og:locale\" content=\"de_DE\" \/>\n<meta property=\"og:type\" content=\"article\" \/>\n<meta property=\"og:title\" content=\"Certified Acoustic Safety | OEKO-TEX &amp; BLX Lab Tested\" \/>\n<meta property=\"og:description\" content=\"FeltVibe is OEKO-TEX certified, ensuring your acoustic panels are free from harmful substances. Tested in Turkey&#039;s leading BLX Research Lab.\" \/>\n<meta property=\"og:url\" content=\"https:\/\/feltvibe.com\/de\/zertifizierung\/\" \/>\n<meta property=\"og:site_name\" content=\"Feltvibe | Acoustic Felt\" \/>\n<meta property=\"article:publisher\" content=\"https:\/\/www.facebook.com\/Gentug\" \/>\n<meta property=\"article:modified_time\" content=\"2026-03-13T07:20:16+00:00\" \/>\n<meta property=\"og:image\" content=\"https:\/\/feltvibe.com\/uploads\/arketa-pet-felt-panel-1.jpg\" \/>\n\t<meta property=\"og:image:width\" content=\"500\" \/>\n\t<meta property=\"og:image:height\" content=\"425\" \/>\n\t<meta property=\"og:image:type\" content=\"image\/jpeg\" \/>\n<meta name=\"twitter:card\" content=\"summary_large_image\" \/>\n<meta name=\"twitter:title\" content=\"Certified Safety | OEKO-TEX &amp; BLX Tested PET Felt\" \/>\n<meta name=\"twitter:description\" content=\"Non-toxic and healthy. Our PET felt is OEKO-TEX certified and BLX lab tested for maximum safety and performance.\" \/>\n<meta name=\"twitter:label1\" content=\"Gesch\u00e4tzte Lesezeit\" \/>\n\t<meta name=\"twitter:data1\" content=\"2\u00a0Minuten\" \/>\n<script type=\"application\/ld+json\" class=\"yoast-schema-graph\">{\"@context\":\"https:\\\/\\\/schema.org\",\"@graph\":[{\"@type\":\"WebPage\",\"@id\":\"https:\\\/\\\/feltvibe.com\\\/certification\\\/\",\"url\":\"https:\\\/\\\/feltvibe.com\\\/certification\\\/\",\"name\":\"Certified Acoustic Safety | OEKO-TEX & BLX Tested Felt\",\"isPartOf\":{\"@id\":\"https:\\\/\\\/feltvibe.com\\\/#website\"},\"datePublished\":\"2024-09-08T09:11:34+00:00\",\"dateModified\":\"2026-03-13T07:20:16+00:00\",\"description\":\"Trust in safety with OEKO-TEX Standard 100 certified PET felt. Our products undergo rigorous BLX laboratory testing to ensure non-toxic, healthy interiors.\",\"breadcrumb\":{\"@id\":\"https:\\\/\\\/feltvibe.com\\\/certification\\\/#breadcrumb\"},\"inLanguage\":\"de\",\"potentialAction\":[{\"@type\":\"ReadAction\",\"target\":[\"https:\\\/\\\/feltvibe.com\\\/certification\\\/\"]}]},{\"@type\":\"BreadcrumbList\",\"@id\":\"https:\\\/\\\/feltvibe.com\\\/certification\\\/#breadcrumb\",\"itemListElement\":[{\"@type\":\"ListItem\",\"position\":1,\"name\":\"Home\",\"item\":\"https:\\\/\\\/feltvibe.com\\\/\"},{\"@type\":\"ListItem\",\"position\":2,\"name\":\"Certification\"}]},{\"@type\":\"WebSite\",\"@id\":\"https:\\\/\\\/feltvibe.com\\\/#website\",\"url\":\"https:\\\/\\\/feltvibe.com\\\/\",\"name\":\"Feltvibe Acoustic Felt\",\"description\":\"Feltvibe is a leading manufacturer providing innovative felt solutions for various industries, including thermoforming and automotive. Specializing in high-quality felt products, the company offers custom design and production services tailored to meet customer needs. Feltvibe is committed to creating sustainable, durable, and eco-friendly products while staying up to date with technological advancements. With a strong focus on customer satisfaction, the company ensures top-tier quality in all of its solutions.\",\"publisher\":{\"@id\":\"https:\\\/\\\/feltvibe.com\\\/#organization\"},\"potentialAction\":[{\"@type\":\"SearchAction\",\"target\":{\"@type\":\"EntryPoint\",\"urlTemplate\":\"https:\\\/\\\/feltvibe.com\\\/?s={search_term_string}\"},\"query-input\":{\"@type\":\"PropertyValueSpecification\",\"valueRequired\":true,\"valueName\":\"search_term_string\"}}],\"inLanguage\":\"de\"},{\"@type\":\"Organization\",\"@id\":\"https:\\\/\\\/feltvibe.com\\\/#organization\",\"name\":\"Feltvibe is a leading manufacturer providing innovative acoustic and industrial felt solutions for various industries, including thermoformable PET felt panels and sustainable textile applications.\",\"alternateName\":\"Feltvibe by Gentu\u011f Tekstil\",\"url\":\"https:\\\/\\\/feltvibe.com\\\/\",\"logo\":{\"@type\":\"ImageObject\",\"inLanguage\":\"de\",\"@id\":\"https:\\\/\\\/feltvibe.com\\\/#\\\/schema\\\/logo\\\/image\\\/\",\"url\":\"https:\\\/\\\/feltvibe.com\\\/uploads\\\/feltvibe-dark-logo-final.svg\",\"contentUrl\":\"https:\\\/\\\/feltvibe.com\\\/uploads\\\/feltvibe-dark-logo-final.svg\",\"width\":1,\"height\":1,\"caption\":\"Feltvibe is a leading manufacturer providing innovative acoustic and industrial felt solutions for various industries, including thermoformable PET felt panels and sustainable textile applications.\"},\"image\":{\"@id\":\"https:\\\/\\\/feltvibe.com\\\/#\\\/schema\\\/logo\\\/image\\\/\"},\"sameAs\":[\"https:\\\/\\\/www.facebook.com\\\/Gentug\",\"https:\\\/\\\/www.instagram.com\\\/felt.vibe\\\/\",\"https:\\\/\\\/www.linkedin.com\\\/company\\\/feltvibe\"],\"description\":\"Gentu\u011f Textile is the main and the most reliable technical textile manufacturer in Turkey, providing high quality products to the worldwide markets.\",\"email\":\"info@feltvibe.com\",\"telephone\":\"+90 212 637 09 89\",\"legalName\":\"Gentu\u011f Tekstil \u00dcr\u00fcn. San. Tic. A.\u015e.\",\"foundingDate\":\"1917-01-01\",\"vatID\":\"3940016139\",\"taxID\":\"MARMARA KURUMLAR\",\"numberOfEmployees\":{\"@type\":\"QuantitativeValue\",\"minValue\":\"501\",\"maxValue\":\"1000\"},\"publishingPrinciples\":\"https:\\\/\\\/feltvibe.com\\\/privacy-policy\\\/\",\"ownershipFundingInfo\":\"https:\\\/\\\/feltvibe.com\\\/about-us\\\/\",\"actionableFeedbackPolicy\":\"https:\\\/\\\/feltvibe.com\\\/contact-us\\\/\",\"correctionsPolicy\":\"https:\\\/\\\/feltvibe.com\\\/certification\\\/\",\"ethicsPolicy\":\"https:\\\/\\\/feltvibe.com\\\/privacy-policy\\\/\",\"diversityPolicy\":\"https:\\\/\\\/feltvibe.com\\\/privacy-policy\\\/\",\"diversityStaffingReport\":\"https:\\\/\\\/feltvibe.com\\\/contact-us\\\/\"}]}<\/script>\n<!-- \/ Yoast SEO Premium plugin. -->","yoast_head_json":{"title":"Certified Acoustic Safety | OEKO-TEX & BLX Tested Felt","description":"Trust in safety with OEKO-TEX Standard 100 certified PET felt. Our products undergo rigorous BLX laboratory testing to ensure non-toxic, healthy interiors.","robots":{"index":"index","follow":"follow","max-snippet":"max-snippet:-1","max-image-preview":"max-image-preview:large","max-video-preview":"max-video-preview:-1"},"canonical":"https:\/\/feltvibe.com\/de\/zertifizierung\/","og_locale":"de_DE","og_type":"article","og_title":"Certified Acoustic Safety | OEKO-TEX & BLX Lab Tested","og_description":"FeltVibe is OEKO-TEX certified, ensuring your acoustic panels are free from harmful substances. Tested in Turkey's leading BLX Research Lab.","og_url":"https:\/\/feltvibe.com\/de\/zertifizierung\/","og_site_name":"Feltvibe | Acoustic Felt","article_publisher":"https:\/\/www.facebook.com\/Gentug","article_modified_time":"2026-03-13T07:20:16+00:00","og_image":[{"width":500,"height":425,"url":"https:\/\/feltvibe.com\/uploads\/arketa-pet-felt-panel-1.jpg","type":"image\/jpeg"}],"twitter_card":"summary_large_image","twitter_title":"Certified Safety | OEKO-TEX & BLX Tested PET Felt","twitter_description":"Non-toxic and healthy. Our PET felt is OEKO-TEX certified and BLX lab tested for maximum safety and performance.","twitter_misc":{"Gesch\u00e4tzte Lesezeit":"2\u00a0Minuten"},"schema":{"@context":"https:\/\/schema.org","@graph":[{"@type":"WebPage","@id":"https:\/\/feltvibe.com\/certification\/","url":"https:\/\/feltvibe.com\/certification\/","name":"Certified Acoustic Safety | OEKO-TEX & BLX Tested Felt","isPartOf":{"@id":"https:\/\/feltvibe.com\/#website"},"datePublished":"2024-09-08T09:11:34+00:00","dateModified":"2026-03-13T07:20:16+00:00","description":"Trust in safety with OEKO-TEX Standard 100 certified PET felt. Our products undergo rigorous BLX laboratory testing to ensure non-toxic, healthy interiors.","breadcrumb":{"@id":"https:\/\/feltvibe.com\/certification\/#breadcrumb"},"inLanguage":"de","potentialAction":[{"@type":"ReadAction","target":["https:\/\/feltvibe.com\/certification\/"]}]},{"@type":"BreadcrumbList","@id":"https:\/\/feltvibe.com\/certification\/#breadcrumb","itemListElement":[{"@type":"ListItem","position":1,"name":"Home","item":"https:\/\/feltvibe.com\/"},{"@type":"ListItem","position":2,"name":"Certification"}]},{"@type":"WebSite","@id":"https:\/\/feltvibe.com\/#website","url":"https:\/\/feltvibe.com\/","name":"Feltvibe Akustik-Filz","description":"Feltvibe ist ein f\u00fchrender Hersteller innovativer Filzl\u00f6sungen f\u00fcr verschiedene Branchen, darunter Thermoformung und Automobilbau. Das Unternehmen ist auf hochwertige Filzprodukte spezialisiert und bietet ma\u00dfgeschneiderte Design- und Produktionsdienstleistungen an, die auf die Bed\u00fcrfnisse der Kunden zugeschnitten sind. Feltvibe setzt sich f\u00fcr die Herstellung nachhaltiger, langlebiger und umweltfreundlicher Produkte ein und bleibt dabei stets auf dem neuesten Stand der Technik. Mit einem starken Fokus auf Kundenzufriedenheit gew\u00e4hrleistet das Unternehmen h\u00f6chste Qualit\u00e4t bei allen seinen L\u00f6sungen.","publisher":{"@id":"https:\/\/feltvibe.com\/#organization"},"potentialAction":[{"@type":"SearchAction","target":{"@type":"EntryPoint","urlTemplate":"https:\/\/feltvibe.com\/?s={search_term_string}"},"query-input":{"@type":"PropertyValueSpecification","valueRequired":true,"valueName":"search_term_string"}}],"inLanguage":"de"},{"@type":"Organization","@id":"https:\/\/feltvibe.com\/#organization","name":"Feltvibe ist ein f\u00fchrender Hersteller von innovativen Akustik- und Industriefilzl\u00f6sungen f\u00fcr verschiedene Branchen, einschlie\u00dflich thermoformbarer PET-Filzplatten und nachhaltiger Textilanwendungen.","alternateName":"Feltvibe by Gentu\u011f Tekstil","url":"https:\/\/feltvibe.com\/","logo":{"@type":"ImageObject","inLanguage":"de","@id":"https:\/\/feltvibe.com\/#\/schema\/logo\/image\/","url":"https:\/\/feltvibe.com\/uploads\/feltvibe-dark-logo-final.svg","contentUrl":"https:\/\/feltvibe.com\/uploads\/feltvibe-dark-logo-final.svg","width":1,"height":1,"caption":"Feltvibe is a leading manufacturer providing innovative acoustic and industrial felt solutions for various industries, including thermoformable PET felt panels and sustainable textile applications."},"image":{"@id":"https:\/\/feltvibe.com\/#\/schema\/logo\/image\/"},"sameAs":["https:\/\/www.facebook.com\/Gentug","https:\/\/www.instagram.com\/felt.vibe\/","https:\/\/www.linkedin.com\/company\/feltvibe"],"description":"Gentu\u011f Textile ist der wichtigste und zuverl\u00e4ssigste Hersteller technischer Textilien in der T\u00fcrkei, der hochwertige Produkte f\u00fcr die weltweiten M\u00e4rkte liefert.","email":"info@feltvibe.com","telephone":"+90 212 637 09 89","legalName":"Gentu\u011f Tekstil \u00dcr\u00fcn. San. Tic. A.\u015e.","foundingDate":"1917-01-01","vatID":"3940016139","taxID":"MARMARA KURUMLAR","numberOfEmployees":{"@type":"QuantitativeValue","minValue":"501","maxValue":"1000"},"publishingPrinciples":"https:\/\/feltvibe.com\/privacy-policy\/","ownershipFundingInfo":"https:\/\/feltvibe.com\/about-us\/","actionableFeedbackPolicy":"https:\/\/feltvibe.com\/contact-us\/","correctionsPolicy":"https:\/\/feltvibe.com\/certification\/","ethicsPolicy":"https:\/\/feltvibe.com\/privacy-policy\/","diversityPolicy":"https:\/\/feltvibe.com\/privacy-policy\/","diversityStaffingReport":"https:\/\/feltvibe.com\/contact-us\/"}]}},"_links":{"self":[{"href":"https:\/\/feltvibe.com\/de\/wp-json\/wp\/v2\/pages\/1030","targetHints":{"allow":["GET"]}}],"collection":[{"href":"https:\/\/feltvibe.com\/de\/wp-json\/wp\/v2\/pages"}],"about":[{"href":"https:\/\/feltvibe.com\/de\/wp-json\/wp\/v2\/types\/page"}],"author":[{"embeddable":true,"href":"https:\/\/feltvibe.com\/de\/wp-json\/wp\/v2\/users\/1"}],"replies":[{"embeddable":true,"href":"https:\/\/feltvibe.com\/de\/wp-json\/wp\/v2\/comments?post=1030"}],"version-history":[{"count":34,"href":"https:\/\/feltvibe.com\/de\/wp-json\/wp\/v2\/pages\/1030\/revisions"}],"predecessor-version":[{"id":13797,"href":"https:\/\/feltvibe.com\/de\/wp-json\/wp\/v2\/pages\/1030\/revisions\/13797"}],"wp:attachment":[{"href":"https:\/\/feltvibe.com\/de\/wp-json\/wp\/v2\/media?parent=1030"}],"curies":[{"name":"wp","href":"https:\/\/api.w.org\/{rel}","templated":true}]}}