{"id":3,"date":"2024-09-05T17:11:52","date_gmt":"2024-09-05T14:11:52","guid":{"rendered":"https:\/\/feltvibe.com\/?page_id=3"},"modified":"2026-03-13T10:20:32","modified_gmt":"2026-03-13T07:20:32","slug":"datenschutzbestimmungen","status":"publish","type":"page","link":"https:\/\/feltvibe.com\/de\/privacy-policy\/","title":{"rendered":"Datenschutzbestimmungen"},"content":{"rendered":"<div id=\"gap-46842616\" class=\"gap-element clearfix\" style=\"display:block; height:auto;\">\n\t\t\n<style>\n#gap-46842616 {\n  padding-top: 5vh;\n}\n<\/style>\n\t<\/div>\n\t\n<div class=\"row\"  id=\"row-2002908424\">\n\n\t<div id=\"col-1656016393\" class=\"col small-12 large-12\"  >\n\t\t\t\t<div class=\"col-inner\"  >\n\t\t\t\n\t\t\t\n<p><strong>Feltvibe Datenschutzrichtlinie<\/strong><\/p>\n<p><strong>Feltvibe<\/strong>Wir verpflichten uns, Ihre Privatsph\u00e4re zu sch\u00fctzen und sicherzustellen, dass Ihre pers\u00f6nlichen Daten verantwortungsvoll und sicher verwendet werden. Diese Datenschutzrichtlinie beschreibt, wie wir Ihre personenbezogenen Daten in \u00dcbereinstimmung mit den geltenden Datenschutzbestimmungen, einschlie\u00dflich der Allgemeinen Datenschutzverordnung (GDPR) und anderen internationalen Datenschutzgesetzen, erfassen, verwenden, speichern und weitergeben.<\/p>\n<h3>1. Informationen, die wir sammeln<\/h3>\n<p>Wir k\u00f6nnen die folgenden Arten von personenbezogenen Daten erfassen und verarbeiten:<\/p>\n<ul>\n<li><strong>Kontaktinformationen:<\/strong> Name, E-Mail-Adresse, Telefonnummer und Anschrift.<\/li>\n<li><strong>Gesch\u00e4ftliche Informationen:<\/strong> Berufsbezeichnung, Firmenname und Branche.<\/li>\n<li><strong>Informationen zur Verwendung:<\/strong> Wie Sie mit unserer Website interagieren, einschlie\u00dflich IP-Adresse, Browsertyp und Ger\u00e4tedetails.<\/li>\n<li><strong>Marketing-Pr\u00e4ferenzen:<\/strong> Ihre Pr\u00e4ferenzen bez\u00fcglich des Erhalts von Marketingmaterial von uns.<\/li>\n<\/ul>\n<h3>2. Wie wir Ihre pers\u00f6nlichen Daten verwenden<\/h3>\n<p>Wir verwenden die von uns gesammelten personenbezogenen Daten f\u00fcr die folgenden Zwecke:<\/p>\n<ul>\n<li><strong>Dienstleistungen erbringen:<\/strong> Beantwortung von Anfragen, Erledigung von Auftr\u00e4gen und Bereitstellung von Kundensupport.<\/li>\n<li><strong>Marketing-Kommunikation:<\/strong> Mit Ihrer Zustimmung senden wir Ihnen Informationen \u00fcber Produkte, Dienstleistungen, Werbeaktionen oder Veranstaltungen.<\/li>\n<li><strong>Verbesserung unserer Dienstleistungen:<\/strong> Analyse von Nutzungsdaten zur Verbesserung unserer Website, Produkte und Dienstleistungen.<\/li>\n<li><strong>Einhaltung der Rechtsvorschriften:<\/strong> Sicherstellung der Einhaltung der geltenden Gesetze, Vorschriften und Industrienormen.<\/li>\n<\/ul>\n<h3>3. Rechtsgrundlage f\u00fcr die Verarbeitung<\/h3>\n<p>Wir verarbeiten Ihre personenbezogenen Daten auf der Grundlage einer oder mehrerer der folgenden Rechtsgrundlagen:<\/p>\n<ul>\n<li><strong>Einverstanden:<\/strong> Wenn Sie ausdr\u00fccklich zustimmen, dass wir Ihre personenbezogenen Daten f\u00fcr Marketingzwecke oder andere spezifische Zwecke verarbeiten d\u00fcrfen.<\/li>\n<li><strong>Vertragliche Erforderlichkeit:<\/strong> Wenn die Verarbeitung Ihrer Daten f\u00fcr die Erf\u00fcllung eines Vertrags mit Ihnen erforderlich ist oder um auf Ihren Wunsch hin Schritte vor dem Abschluss eines Vertrags zu unternehmen.<\/li>\n<li><strong>Berechtigte Interessen:<\/strong> Wenn die Verarbeitung f\u00fcr unsere legitimen Gesch\u00e4ftsinteressen erforderlich ist, wie z. B. die Verbesserung unserer Dienstleistungen, vorausgesetzt, dass diese Interessen nicht durch Ihre Rechte und Interessen \u00fcberlagert werden.<\/li>\n<li><strong>Gesetzliche Verpflichtung:<\/strong> Wenn die Verarbeitung erforderlich ist, um gesetzlichen Verpflichtungen nachzukommen, z. B. steuerlichen oder beh\u00f6rdlichen Anforderungen.<\/li>\n<\/ul>\n<h3>4. Gemeinsame Nutzung Ihrer Daten<\/h3>\n<p>In den folgenden F\u00e4llen k\u00f6nnen wir Ihre personenbezogenen Daten an Dritte weitergeben:<\/p>\n<ul>\n<li><strong>Anbieter von Dienstleistungen:<\/strong> Drittanbieter, die uns bei der Erbringung von Dienstleistungen unterst\u00fctzen, z. B. Marketing, Datenanalyse und Kundensupport.<\/li>\n<li><strong>Gesetzliche Verpflichtungen:<\/strong> Wenn dies gesetzlich vorgeschrieben ist, k\u00f6nnen wir Ihre Daten an Beh\u00f6rden oder andere Dritte weitergeben.<\/li>\n<li><strong>Unternehmens\u00fcbertragungen:<\/strong> Im Falle einer Fusion, einer \u00dcbernahme oder eines Verkaufs von Verm\u00f6genswerten k\u00f6nnen Ihre personenbezogenen Daten als Teil der Transaktion \u00fcbertragen werden.<\/li>\n<\/ul>\n<h3>5. Datensicherheit<\/h3>\n<p>Wir setzen angemessene technische und organisatorische Ma\u00dfnahmen ein, um Ihre personenbezogenen Daten vor unbefugtem Zugriff, Offenlegung, \u00c4nderung oder Zerst\u00f6rung zu sch\u00fctzen. Wir \u00fcberpr\u00fcfen und aktualisieren unsere Sicherheitsma\u00dfnahmen regelm\u00e4\u00dfig, um den kontinuierlichen Schutz Ihrer Daten zu gew\u00e4hrleisten.<\/p>\n<h3>6. Internationale Daten\u00fcbermittlung<\/h3>\n<p>Ihre personenbezogenen Daten k\u00f6nnen in L\u00e4nder au\u00dferhalb Ihres Wohnsitzlandes \u00fcbermittelt und dort verarbeitet werden, auch in L\u00e4nder, die m\u00f6glicherweise nicht dasselbe Datenschutzniveau bieten wie Ihr eigenes. Wenn wir personenbezogene Daten ins Ausland \u00fcbermitteln, stellen wir sicher, dass angemessene Sicherheitsvorkehrungen getroffen werden, um Ihre Daten im Einklang mit den geltenden Gesetzen zu sch\u00fctzen.<\/p>\n<h3>7. Deine Rechte<\/h3>\n<p>Sie haben die folgenden Rechte in Bezug auf Ihre personenbezogenen Daten:<\/p>\n<ul>\n<li><strong>Zugang:<\/strong> Sie haben das Recht, Zugang zu den personenbezogenen Daten zu verlangen, die wir \u00fcber Sie gespeichert haben.<\/li>\n<li><strong>Berichtigung:<\/strong> Sie k\u00f6nnen verlangen, dass wir ungenaue oder unvollst\u00e4ndige Informationen korrigieren oder aktualisieren.<\/li>\n<li><strong>L\u00f6schung:<\/strong> Unter bestimmten Voraussetzungen k\u00f6nnen Sie verlangen, dass wir Ihre personenbezogenen Daten l\u00f6schen.<\/li>\n<li><strong>Einschr\u00e4nkung:<\/strong> Sie haben das Recht zu verlangen, dass wir die Verarbeitung Ihrer Daten in bestimmten Situationen einschr\u00e4nken.<\/li>\n<li><strong>Daten\u00fcbertragbarkeit:<\/strong> Sie k\u00f6nnen eine Kopie Ihrer personenbezogenen Daten in einem strukturierten, allgemein gebr\u00e4uchlichen und maschinenlesbaren Format anfordern.<\/li>\n<li><strong>Einspruch:<\/strong> Sie haben das Recht, der Verarbeitung Ihrer personenbezogenen Daten f\u00fcr Direktmarketing oder andere spezifische Zwecke zu widersprechen.<\/li>\n<li><strong>Entzug der Zustimmung:<\/strong> Wenn Sie in die Verarbeitung Ihrer Daten eingewilligt haben, k\u00f6nnen Sie diese Einwilligung jederzeit widerrufen.<\/li>\n<\/ul>\n<p>Um Ihre Rechte auszu\u00fcben, kontaktieren Sie uns bitte unter <strong><a rel=\"noopener\">info@feltvibe.com<\/a><\/strong>.<\/p>\n<h3>8. Vorratsdatenspeicherung<\/h3>\n<p>Wir bewahren Ihre personenbezogenen Daten so lange auf, wie es zur Erf\u00fcllung der Zwecke, f\u00fcr die sie erhoben wurden, erforderlich ist, es sei denn, eine l\u00e4ngere Aufbewahrungsfrist ist gesetzlich vorgeschrieben oder zul\u00e4ssig. Wenn Ihre Daten nicht mehr ben\u00f6tigt werden, werden wir sie sicher l\u00f6schen oder anonymisieren.<\/p>\n<h3>9. \u00c4nderungen an dieser Datenschutzrichtlinie<\/h3>\n<p>Wir k\u00f6nnen diese Datenschutzrichtlinie von Zeit zu Zeit aktualisieren, um \u00c4nderungen unserer Praktiken oder der geltenden Gesetze zu ber\u00fccksichtigen. Alle \u00c4nderungen werden auf unserer Website mit dem Datum des Inkrafttretens der aktualisierten Richtlinie ver\u00f6ffentlicht. Wir empfehlen Ihnen, diese Seite regelm\u00e4\u00dfig zu \u00fcberpr\u00fcfen.<\/p>\n<h3>10. Kontakt<\/h3>\n<p>Wenn Sie Fragen oder Bedenken bez\u00fcglich dieser Datenschutzrichtlinie oder der Verwendung Ihrer pers\u00f6nlichen Daten haben, wenden Sie sich bitte an uns:<\/p>\n<p><strong>Feltvibe<\/strong><br \/>\n<strong>GENTUG TEXTILE PRODUKTE SAN. VE T\u0130C. A.\u015e.<\/strong><br \/>\nSavas Caddesi, S\u00f6\u011f\u00fct Sokak No:1<br \/>\n34173 Merter, Istanbul, T\u00fcrkei<br \/>\nE-Mail: <strong><a rel=\"noopener\">info@feltvibe.com<\/a><\/strong><br \/>\nTelefon: <strong>+90 212 637 09 89<\/strong><\/p>\n\t\t<\/div>\n\t\t\t\t\t<\/div>\n\n\t\n<\/div>","protected":false},"excerpt":{"rendered":"","protected":false},"author":1,"featured_media":0,"parent":0,"menu_order":0,"comment_status":"closed","ping_status":"closed","template":"","meta":{"footnotes":""},"class_list":["post-3","page","type-page","status-publish","hentry"],"yoast_head":"<!-- This site is optimized with the Yoast SEO Premium plugin v27.4 (Yoast SEO v27.4) - https:\/\/yoast.com\/product\/yoast-seo-premium-wordpress\/ -->\n<title>Privacy Policy | Your Data Security at Feltvibe<\/title>\n<meta name=\"description\" content=\"Your privacy matters. Read the Feltvibe Privacy Policy to understand how we protect your personal data in compliance with GDPR and international standards.\" \/>\n<meta name=\"robots\" content=\"index, follow, max-snippet:-1, max-image-preview:large, max-video-preview:-1\" \/>\n<link rel=\"canonical\" href=\"https:\/\/feltvibe.com\/de\/datenschutzbestimmungen\/\" \/>\n<meta property=\"og:locale\" content=\"de_DE\" \/>\n<meta property=\"og:type\" content=\"article\" \/>\n<meta property=\"og:title\" content=\"Feltvibe Privacy Policy | Commitment to Data Safety\" \/>\n<meta property=\"og:description\" content=\"Transparent, secure, and compliant. Learn how we handle your personal information and maintain your privacy across all our services and platforms.\" \/>\n<meta property=\"og:url\" content=\"https:\/\/feltvibe.com\/de\/datenschutzbestimmungen\/\" \/>\n<meta property=\"og:site_name\" content=\"Feltvibe | Acoustic Felt\" \/>\n<meta property=\"article:publisher\" content=\"https:\/\/www.facebook.com\/Gentug\" \/>\n<meta property=\"article:modified_time\" content=\"2026-03-13T07:20:32+00:00\" \/>\n<meta property=\"og:image\" content=\"https:\/\/feltvibe.com\/uploads\/arketa-pet-felt-panel-1.jpg\" \/>\n\t<meta property=\"og:image:width\" content=\"500\" \/>\n\t<meta property=\"og:image:height\" content=\"425\" \/>\n\t<meta property=\"og:image:type\" content=\"image\/jpeg\" \/>\n<meta name=\"twitter:card\" content=\"summary_large_image\" \/>\n<meta name=\"twitter:title\" content=\"Privacy Policy | Feltvibe Data Security Standards\" \/>\n<meta name=\"twitter:description\" content=\"Explore our commitment to GDPR compliance and data protection. We ensure your personal information stays safe and secure.\" \/>\n<meta name=\"twitter:label1\" content=\"Gesch\u00e4tzte Lesezeit\" \/>\n\t<meta name=\"twitter:data1\" content=\"4\u00a0Minuten\" \/>\n<script type=\"application\/ld+json\" class=\"yoast-schema-graph\">{\"@context\":\"https:\\\/\\\/schema.org\",\"@graph\":[{\"@type\":\"WebPage\",\"@id\":\"https:\\\/\\\/feltvibe.com\\\/privacy-policy\\\/\",\"url\":\"https:\\\/\\\/feltvibe.com\\\/privacy-policy\\\/\",\"name\":\"Privacy Policy | Your Data Security at Feltvibe\",\"isPartOf\":{\"@id\":\"https:\\\/\\\/feltvibe.com\\\/#website\"},\"datePublished\":\"2024-09-05T14:11:52+00:00\",\"dateModified\":\"2026-03-13T07:20:32+00:00\",\"description\":\"Your privacy matters. Read the Feltvibe Privacy Policy to understand how we protect your personal data in compliance with GDPR and international standards.\",\"breadcrumb\":{\"@id\":\"https:\\\/\\\/feltvibe.com\\\/privacy-policy\\\/#breadcrumb\"},\"inLanguage\":\"de\",\"potentialAction\":[{\"@type\":\"ReadAction\",\"target\":[\"https:\\\/\\\/feltvibe.com\\\/privacy-policy\\\/\"]}]},{\"@type\":\"BreadcrumbList\",\"@id\":\"https:\\\/\\\/feltvibe.com\\\/privacy-policy\\\/#breadcrumb\",\"itemListElement\":[{\"@type\":\"ListItem\",\"position\":1,\"name\":\"Home\",\"item\":\"https:\\\/\\\/feltvibe.com\\\/\"},{\"@type\":\"ListItem\",\"position\":2,\"name\":\"Privacy Policy\"}]},{\"@type\":\"WebSite\",\"@id\":\"https:\\\/\\\/feltvibe.com\\\/#website\",\"url\":\"https:\\\/\\\/feltvibe.com\\\/\",\"name\":\"Feltvibe Acoustic Felt\",\"description\":\"Feltvibe is a leading manufacturer providing innovative felt solutions for various industries, including thermoforming and automotive. Specializing in high-quality felt products, the company offers custom design and production services tailored to meet customer needs. Feltvibe is committed to creating sustainable, durable, and eco-friendly products while staying up to date with technological advancements. With a strong focus on customer satisfaction, the company ensures top-tier quality in all of its solutions.\",\"publisher\":{\"@id\":\"https:\\\/\\\/feltvibe.com\\\/#organization\"},\"potentialAction\":[{\"@type\":\"SearchAction\",\"target\":{\"@type\":\"EntryPoint\",\"urlTemplate\":\"https:\\\/\\\/feltvibe.com\\\/?s={search_term_string}\"},\"query-input\":{\"@type\":\"PropertyValueSpecification\",\"valueRequired\":true,\"valueName\":\"search_term_string\"}}],\"inLanguage\":\"de\"},{\"@type\":\"Organization\",\"@id\":\"https:\\\/\\\/feltvibe.com\\\/#organization\",\"name\":\"Feltvibe is a leading manufacturer providing innovative acoustic and industrial felt solutions for various industries, including thermoformable PET felt panels and sustainable textile applications.\",\"alternateName\":\"Feltvibe by Gentu\u011f Tekstil\",\"url\":\"https:\\\/\\\/feltvibe.com\\\/\",\"logo\":{\"@type\":\"ImageObject\",\"inLanguage\":\"de\",\"@id\":\"https:\\\/\\\/feltvibe.com\\\/#\\\/schema\\\/logo\\\/image\\\/\",\"url\":\"https:\\\/\\\/feltvibe.com\\\/uploads\\\/feltvibe-dark-logo-final.svg\",\"contentUrl\":\"https:\\\/\\\/feltvibe.com\\\/uploads\\\/feltvibe-dark-logo-final.svg\",\"width\":1,\"height\":1,\"caption\":\"Feltvibe is a leading manufacturer providing innovative acoustic and industrial felt solutions for various industries, including thermoformable PET felt panels and sustainable textile applications.\"},\"image\":{\"@id\":\"https:\\\/\\\/feltvibe.com\\\/#\\\/schema\\\/logo\\\/image\\\/\"},\"sameAs\":[\"https:\\\/\\\/www.facebook.com\\\/Gentug\",\"https:\\\/\\\/www.instagram.com\\\/felt.vibe\\\/\",\"https:\\\/\\\/www.linkedin.com\\\/company\\\/feltvibe\"],\"description\":\"Gentu\u011f Textile is the main and the most reliable technical textile manufacturer in Turkey, providing high quality products to the worldwide markets.\",\"email\":\"info@feltvibe.com\",\"telephone\":\"+90 212 637 09 89\",\"legalName\":\"Gentu\u011f Tekstil \u00dcr\u00fcn. San. Tic. A.\u015e.\",\"foundingDate\":\"1917-01-01\",\"vatID\":\"3940016139\",\"taxID\":\"MARMARA KURUMLAR\",\"numberOfEmployees\":{\"@type\":\"QuantitativeValue\",\"minValue\":\"501\",\"maxValue\":\"1000\"},\"publishingPrinciples\":\"https:\\\/\\\/feltvibe.com\\\/privacy-policy\\\/\",\"ownershipFundingInfo\":\"https:\\\/\\\/feltvibe.com\\\/about-us\\\/\",\"actionableFeedbackPolicy\":\"https:\\\/\\\/feltvibe.com\\\/contact-us\\\/\",\"correctionsPolicy\":\"https:\\\/\\\/feltvibe.com\\\/certification\\\/\",\"ethicsPolicy\":\"https:\\\/\\\/feltvibe.com\\\/privacy-policy\\\/\",\"diversityPolicy\":\"https:\\\/\\\/feltvibe.com\\\/privacy-policy\\\/\",\"diversityStaffingReport\":\"https:\\\/\\\/feltvibe.com\\\/contact-us\\\/\"}]}<\/script>\n<!-- \/ Yoast SEO Premium plugin. -->","yoast_head_json":{"title":"Privacy Policy | Your Data Security at Feltvibe","description":"Your privacy matters. Read the Feltvibe Privacy Policy to understand how we protect your personal data in compliance with GDPR and international standards.","robots":{"index":"index","follow":"follow","max-snippet":"max-snippet:-1","max-image-preview":"max-image-preview:large","max-video-preview":"max-video-preview:-1"},"canonical":"https:\/\/feltvibe.com\/de\/datenschutzbestimmungen\/","og_locale":"de_DE","og_type":"article","og_title":"Feltvibe Privacy Policy | Commitment to Data Safety","og_description":"Transparent, secure, and compliant. Learn how we handle your personal information and maintain your privacy across all our services and platforms.","og_url":"https:\/\/feltvibe.com\/de\/datenschutzbestimmungen\/","og_site_name":"Feltvibe | Acoustic Felt","article_publisher":"https:\/\/www.facebook.com\/Gentug","article_modified_time":"2026-03-13T07:20:32+00:00","og_image":[{"width":500,"height":425,"url":"https:\/\/feltvibe.com\/uploads\/arketa-pet-felt-panel-1.jpg","type":"image\/jpeg"}],"twitter_card":"summary_large_image","twitter_title":"Privacy Policy | Feltvibe Data Security Standards","twitter_description":"Explore our commitment to GDPR compliance and data protection. We ensure your personal information stays safe and secure.","twitter_misc":{"Gesch\u00e4tzte Lesezeit":"4\u00a0Minuten"},"schema":{"@context":"https:\/\/schema.org","@graph":[{"@type":"WebPage","@id":"https:\/\/feltvibe.com\/privacy-policy\/","url":"https:\/\/feltvibe.com\/privacy-policy\/","name":"Privacy Policy | Your Data Security at Feltvibe","isPartOf":{"@id":"https:\/\/feltvibe.com\/#website"},"datePublished":"2024-09-05T14:11:52+00:00","dateModified":"2026-03-13T07:20:32+00:00","description":"Your privacy matters. Read the Feltvibe Privacy Policy to understand how we protect your personal data in compliance with GDPR and international standards.","breadcrumb":{"@id":"https:\/\/feltvibe.com\/privacy-policy\/#breadcrumb"},"inLanguage":"de","potentialAction":[{"@type":"ReadAction","target":["https:\/\/feltvibe.com\/privacy-policy\/"]}]},{"@type":"BreadcrumbList","@id":"https:\/\/feltvibe.com\/privacy-policy\/#breadcrumb","itemListElement":[{"@type":"ListItem","position":1,"name":"Home","item":"https:\/\/feltvibe.com\/"},{"@type":"ListItem","position":2,"name":"Privacy Policy"}]},{"@type":"WebSite","@id":"https:\/\/feltvibe.com\/#website","url":"https:\/\/feltvibe.com\/","name":"Feltvibe Akustik-Filz","description":"Feltvibe ist ein f\u00fchrender Hersteller innovativer Filzl\u00f6sungen f\u00fcr verschiedene Branchen, darunter Thermoformung und Automobilbau. Das Unternehmen ist auf hochwertige Filzprodukte spezialisiert und bietet ma\u00dfgeschneiderte Design- und Produktionsdienstleistungen an, die auf die Bed\u00fcrfnisse der Kunden zugeschnitten sind. Feltvibe setzt sich f\u00fcr die Herstellung nachhaltiger, langlebiger und umweltfreundlicher Produkte ein und bleibt dabei stets auf dem neuesten Stand der Technik. Mit einem starken Fokus auf Kundenzufriedenheit gew\u00e4hrleistet das Unternehmen h\u00f6chste Qualit\u00e4t bei allen seinen L\u00f6sungen.","publisher":{"@id":"https:\/\/feltvibe.com\/#organization"},"potentialAction":[{"@type":"SearchAction","target":{"@type":"EntryPoint","urlTemplate":"https:\/\/feltvibe.com\/?s={search_term_string}"},"query-input":{"@type":"PropertyValueSpecification","valueRequired":true,"valueName":"search_term_string"}}],"inLanguage":"de"},{"@type":"Organization","@id":"https:\/\/feltvibe.com\/#organization","name":"Feltvibe ist ein f\u00fchrender Hersteller von innovativen Akustik- und Industriefilzl\u00f6sungen f\u00fcr verschiedene Branchen, einschlie\u00dflich thermoformbarer PET-Filzplatten und nachhaltiger Textilanwendungen.","alternateName":"Feltvibe by Gentu\u011f Tekstil","url":"https:\/\/feltvibe.com\/","logo":{"@type":"ImageObject","inLanguage":"de","@id":"https:\/\/feltvibe.com\/#\/schema\/logo\/image\/","url":"https:\/\/feltvibe.com\/uploads\/feltvibe-dark-logo-final.svg","contentUrl":"https:\/\/feltvibe.com\/uploads\/feltvibe-dark-logo-final.svg","width":1,"height":1,"caption":"Feltvibe is a leading manufacturer providing innovative acoustic and industrial felt solutions for various industries, including thermoformable PET felt panels and sustainable textile applications."},"image":{"@id":"https:\/\/feltvibe.com\/#\/schema\/logo\/image\/"},"sameAs":["https:\/\/www.facebook.com\/Gentug","https:\/\/www.instagram.com\/felt.vibe\/","https:\/\/www.linkedin.com\/company\/feltvibe"],"description":"Gentu\u011f Textile ist der wichtigste und zuverl\u00e4ssigste Hersteller technischer Textilien in der T\u00fcrkei, der hochwertige Produkte f\u00fcr die weltweiten M\u00e4rkte liefert.","email":"info@feltvibe.com","telephone":"+90 212 637 09 89","legalName":"Gentu\u011f Tekstil \u00dcr\u00fcn. San. Tic. A.\u015e.","foundingDate":"1917-01-01","vatID":"3940016139","taxID":"MARMARA KURUMLAR","numberOfEmployees":{"@type":"QuantitativeValue","minValue":"501","maxValue":"1000"},"publishingPrinciples":"https:\/\/feltvibe.com\/privacy-policy\/","ownershipFundingInfo":"https:\/\/feltvibe.com\/about-us\/","actionableFeedbackPolicy":"https:\/\/feltvibe.com\/contact-us\/","correctionsPolicy":"https:\/\/feltvibe.com\/certification\/","ethicsPolicy":"https:\/\/feltvibe.com\/privacy-policy\/","diversityPolicy":"https:\/\/feltvibe.com\/privacy-policy\/","diversityStaffingReport":"https:\/\/feltvibe.com\/contact-us\/"}]}},"_links":{"self":[{"href":"https:\/\/feltvibe.com\/de\/wp-json\/wp\/v2\/pages\/3","targetHints":{"allow":["GET"]}}],"collection":[{"href":"https:\/\/feltvibe.com\/de\/wp-json\/wp\/v2\/pages"}],"about":[{"href":"https:\/\/feltvibe.com\/de\/wp-json\/wp\/v2\/types\/page"}],"author":[{"embeddable":true,"href":"https:\/\/feltvibe.com\/de\/wp-json\/wp\/v2\/users\/1"}],"replies":[{"embeddable":true,"href":"https:\/\/feltvibe.com\/de\/wp-json\/wp\/v2\/comments?post=3"}],"version-history":[{"count":3,"href":"https:\/\/feltvibe.com\/de\/wp-json\/wp\/v2\/pages\/3\/revisions"}],"predecessor-version":[{"id":17267,"href":"https:\/\/feltvibe.com\/de\/wp-json\/wp\/v2\/pages\/3\/revisions\/17267"}],"wp:attachment":[{"href":"https:\/\/feltvibe.com\/de\/wp-json\/wp\/v2\/media?parent=3"}],"curies":[{"name":"wp","href":"https:\/\/api.w.org\/{rel}","templated":true}]}}