{"id":10158,"date":"2025-06-09T17:39:32","date_gmt":"2025-06-09T14:39:32","guid":{"rendered":"https:\/\/feltvibe.com\/?page_id=10158"},"modified":"2026-03-13T10:18:51","modified_gmt":"2026-03-13T07:18:51","slug":"blog","status":"publish","type":"page","link":"https:\/\/feltvibe.com\/es\/blog\/","title":{"rendered":"Blog"},"content":{"rendered":"<section class=\"section\" id=\"section_1008470931\">\n\t\t<div class=\"bg section-bg fill bg-fill  bg-loaded\" >\n\n\t\t\t\n\t\t\t\n\t\t\t\n\n\t\t<\/div>\n\n\t\t\n\n\t\t<div class=\"section-content relative\">\n\t\t\t\n<div class=\"row\"  id=\"row-1074464211\">\n\n\t<div id=\"col-1010622980\" class=\"col medium-4 small-12 large-4\"  >\n\t\t\t\t<div class=\"col-inner\"  >\n\t\t\t\n\t\t\t\n<div class=\"row row-small align-bottom\"  id=\"row-785052048\">\n\n\t<div id=\"col-1689569242\" class=\"col small-12 large-12\"  >\n\t\t\t\t<div class=\"col-inner\"  >\n\t\t\t\n\t\t\t\n\t<div class=\"box has-hover   has-hover box-text-bottom\" >\n\n\t\t<div class=\"box-image\" style=\"border-radius:3%;\">\n\t\t\t\t\t\t<div class=\"\" >\n\t\t\t\t<img loading=\"lazy\" decoding=\"async\" width=\"395\" height=\"240\" src=\"https:\/\/feltvibe.com\/uploads\/Water-Resistant-pet-felt-panel-111.jpg\" class=\"attachment-original size-original\" alt=\"\" srcset=\"https:\/\/feltvibe.com\/uploads\/Water-Resistant-pet-felt-panel-111.jpg 395w, https:\/\/feltvibe.com\/uploads\/Water-Resistant-pet-felt-panel-111-300x182.jpg 300w\" sizes=\"auto, (max-width: 395px) 100vw, 395px\" \/>\t\t\t\t\t\t\t\t\t\t\t<\/div>\n\t\t\t\t\t<\/div>\n\n\t\t<div class=\"box-text text-left\" >\n\t\t\t<div class=\"box-text-inner\">\n\t\t\t\t\n\t<div id=\"text-3524615925\" class=\"text\">\n\t\t\n<p><strong>ARKETA-WR Panel ac\u00fastico de fieltro PET resistente al agua<\/strong><br \/>\n\t\t\n<style>\n#text-3524615925 {\n  font-size: 1.2rem;\n  text-align: left;\n}\n<\/style>\n\t<\/div>\n\t\n<div class=\"is-divider divider clearfix\" style=\"max-width:100%;height:1px;background-color:#797979;\"><\/div>\n\t<div id=\"text-1846104536\" class=\"text\">\n\t\t\n<p>Los paneles ac\u00fasticos son elementos clave en el control del ruido de fuentes como la actividad de la construcci\u00f3n y los generadores. Una limitaci\u00f3n com\u00fan es la sensibilidad a la humedad:<\/p>\n\t\t\n<style>\n#text-1846104536 {\n  text-align: left;\n}\n<\/style>\n\t<\/div>\n\t\n\t\t\t<\/div>\n\t\t<\/div>\n\t<\/div>\n\t\n<a href=\"https:\/\/feltvibe.com\/es\/arketa-wr-material-de-base-resistente-al-agua-panel-acustico-de-fieltro-para-mascotas\/\" target=\"_blank\" class=\"button primary is-outline\" rel=\"noopener\"  >\n    <span>Seguir leyendo<\/span>\n  <\/a>\n\n\t\t<\/div>\n\t\t\t\t\t<\/div>\n\n\t\n<\/div>\n\t\t<\/div>\n\t\t\t\t\t<\/div>\n\n\t\n\n\t<div id=\"col-1807452416\" class=\"col medium-4 small-12 large-4\"  >\n\t\t\t\t<div class=\"col-inner text-left\"  >\n\t\t\t\n\t\t\t\n<div class=\"row row-small align-bottom\"  id=\"row-1555070827\">\n\n\t<div id=\"col-416645632\" class=\"col small-12 large-12\"  >\n\t\t\t\t<div class=\"col-inner text-left\"  >\n\t\t\t\n\t\t\t\n\t<div class=\"box has-hover   has-hover box-text-bottom\" >\n\n\t\t<div class=\"box-image\" style=\"border-radius:3%;\">\n\t\t\t\t\t\t<div class=\"\" >\n\t\t\t\t<img loading=\"lazy\" decoding=\"async\" width=\"395\" height=\"240\" src=\"https:\/\/feltvibe.com\/uploads\/arketa-slat-pet-felt-panel-111.jpg\" class=\"attachment-original size-original\" alt=\"\" srcset=\"https:\/\/feltvibe.com\/uploads\/arketa-slat-pet-felt-panel-111.jpg 395w, https:\/\/feltvibe.com\/uploads\/arketa-slat-pet-felt-panel-111-300x182.jpg 300w\" sizes=\"auto, (max-width: 395px) 100vw, 395px\" \/>\t\t\t\t\t\t\t\t\t\t\t<\/div>\n\t\t\t\t\t<\/div>\n\n\t\t<div class=\"box-text text-left\" >\n\t\t\t<div class=\"box-text-inner\">\n\t\t\t\t\n\t<div id=\"text-2742147575\" class=\"text\">\n\t\t\n<p><strong>Colecciones Arketa Para Paneles De Pared De Madera De Lamas Ac\u00fasticas<\/strong><br \/>\n\t\t\n<style>\n#text-2742147575 {\n  font-size: 1.2rem;\n  text-align: left;\n}\n<\/style>\n\t<\/div>\n\t\n<div class=\"is-divider divider clearfix\" style=\"max-width:100%;height:1px;background-color:#797979;\"><\/div>\n\t<div id=\"text-822283205\" class=\"text\">\n\t\t\n<p>Un hogar y un espacio ruidosos pueden tener un gran impacto en nuestra salud general, afectando al estado de \u00e1nimo, el bienestar y la productividad. Felt Vibe\u00ae ARKETA es un fieltro ac\u00fastico...<br \/>\n\t\t\n<style>\n#text-822283205 {\n  text-align: left;\n}\n<\/style>\n\t<\/div>\n\t\n\t\t\t<\/div>\n\t\t<\/div>\n\t<\/div>\n\t\n<a href=\"https:\/\/feltvibe.com\/es\/colecciones-arketa-para-paneles-murales-acusticos-de-lamas-de-madera\/\" target=\"_blank\" class=\"button primary is-outline\" rel=\"noopener\"  >\n    <span>Seguir leyendo<\/span>\n  <\/a>\n\n\t\t<\/div>\n\t\t\t\t\t<\/div>\n\n\t\n<\/div>\n\t\t<\/div>\n\t\t\t\t\t<\/div>\n\n\t\n\n\t<div id=\"col-513008322\" class=\"col medium-4 small-12 large-4\"  >\n\t\t\t\t<div class=\"col-inner\"  >\n\t\t\t\n\t\t\t\n<div class=\"row row-small\"  id=\"row-636309181\">\n\n\t<div id=\"col-1926055456\" class=\"col small-12 large-12\"  >\n\t\t\t\t<div class=\"col-inner\"  >\n\t\t\t\n\t\t\t\n\t<div class=\"box has-hover   has-hover box-text-bottom\" >\n\n\t\t<div class=\"box-image\" style=\"border-radius:3%;\">\n\t\t\t\t\t\t<div class=\"\" >\n\t\t\t\t<img loading=\"lazy\" decoding=\"async\" width=\"395\" height=\"240\" src=\"https:\/\/feltvibe.com\/uploads\/arketa-slat-pet-felt-pane-222.jpg\" class=\"attachment-original size-original\" alt=\"\" srcset=\"https:\/\/feltvibe.com\/uploads\/arketa-slat-pet-felt-pane-222.jpg 395w, https:\/\/feltvibe.com\/uploads\/arketa-slat-pet-felt-pane-222-300x182.jpg 300w\" sizes=\"auto, (max-width: 395px) 100vw, 395px\" \/>\t\t\t\t\t\t\t\t\t\t\t<\/div>\n\t\t\t\t\t<\/div>\n\n\t\t<div class=\"box-text text-left\" >\n\t\t\t<div class=\"box-text-inner\">\n\t\t\t\t\n\t<div id=\"text-2788091403\" class=\"text\">\n\t\t\n<p><strong>De la botella al fieltro: C\u00f3mo fabricamos fieltro PET<\/strong><br \/>\n\t\t\n<style>\n#text-2788091403 {\n  font-size: 1.2rem;\n  text-align: left;\n}\n<\/style>\n\t<\/div>\n\t\n<div class=\"is-divider divider clearfix\" style=\"max-width:100%;height:1px;background-color:#797979;\"><\/div>\n\t<div id=\"text-504223616\" class=\"text\">\n\t\t\n<p>En el tiempo que se tarda en dar un sorbo a una botella de pl\u00e1stico, se tiran 20.000 botellas. Cada d\u00eda se venden en el mundo m\u00e1s de 1.300 millones de botellas, y solo...<br \/>\n\t\t\n<style>\n#text-504223616 {\n  text-align: left;\n}\n<\/style>\n\t<\/div>\n\t\n\t\t\t<\/div>\n\t\t<\/div>\n\t<\/div>\n\t\n<a href=\"https:\/\/feltvibe.com\/es\/de-la-botella-a-las-laminas-de-fieltro-como-fabricamos-fieltro-para-mascotas\/\" target=\"_blank\" class=\"button primary is-outline\" rel=\"noopener\"  >\n    <span>Seguir leyendo<\/span>\n  <\/a>\n\n\t\t<\/div>\n\t\t\t\t\t<\/div>\n\n\t\n<\/div>\n\t\t<\/div>\n\t\t\t\t\t<\/div>\n\n\t\n<\/div>\n<div class=\"row\"  id=\"row-795162084\">\n\n\t<div id=\"col-267369695\" class=\"col medium-4 small-12 large-4\"  >\n\t\t\t\t<div class=\"col-inner\"  >\n\t\t\t\n\t\t\t\n<div class=\"row row-small align-bottom\"  id=\"row-237775242\">\n\n\t<div id=\"col-1623910771\" class=\"col small-12 large-12\"  >\n\t\t\t\t<div class=\"col-inner\"  >\n\t\t\t\n\t\t\t\n\t<div class=\"box has-hover   has-hover box-text-bottom\" >\n\n\t\t<div class=\"box-image\" style=\"border-radius:3%;\">\n\t\t\t\t\t\t<div class=\"\" >\n\t\t\t\t<img loading=\"lazy\" decoding=\"async\" width=\"395\" height=\"240\" src=\"https:\/\/feltvibe.com\/uploads\/how-to-improve-acoustics-depending-on-the-type-of-space-111.jpeg\" class=\"attachment-original size-original\" alt=\"\" srcset=\"https:\/\/feltvibe.com\/uploads\/how-to-improve-acoustics-depending-on-the-type-of-space-111.jpeg 395w, https:\/\/feltvibe.com\/uploads\/how-to-improve-acoustics-depending-on-the-type-of-space-111-300x182.jpeg 300w, https:\/\/feltvibe.com\/uploads\/how-to-improve-acoustics-depending-on-the-type-of-space-111-18x12.jpeg 18w\" sizes=\"auto, (max-width: 395px) 100vw, 395px\" \/>\t\t\t\t\t\t\t\t\t\t\t<\/div>\n\t\t\t\t\t<\/div>\n\n\t\t<div class=\"box-text text-left\" >\n\t\t\t<div class=\"box-text-inner\">\n\t\t\t\t\n\t<div id=\"text-1076880474\" class=\"text\">\n\t\t\n<p><strong>\u00bfC\u00f3mo mejorar la ac\u00fastica en funci\u00f3n del tipo de espacio?<\/strong><br \/>\n\t\t\n<style>\n#text-1076880474 {\n  font-size: 1.2rem;\n  text-align: left;\n}\n<\/style>\n\t<\/div>\n\t\n<div class=\"is-divider divider clearfix\" style=\"max-width:100%;height:1px;background-color:#797979;\"><\/div>\n\t<div id=\"text-1139612667\" class=\"text\">\n\t\t\n<p>Los sonidos cotidianos, como las conversaciones, el timbre de los tel\u00e9fonos, las pisadas, el ruido de los equipos y los sonidos exteriores (como el tr\u00e1fico o las obras) provocan ruido...<br \/>\n\t\t\n<style>\n#text-1139612667 {\n  text-align: left;\n}\n<\/style>\n\t<\/div>\n\t\n\t\t\t<\/div>\n\t\t<\/div>\n\t<\/div>\n\t\n<a href=\"https:\/\/feltvibe.com\/es\/como-mejorar-la-acustica-en-funcion-del-tipo-de-espacio\/\" target=\"_blank\" class=\"button primary is-outline\" rel=\"noopener\"  >\n    <span>Seguir leyendo<\/span>\n  <\/a>\n\n\t\t<\/div>\n\t\t\t\t\t<\/div>\n\n\t\n<\/div>\n\t\t<\/div>\n\t\t\t\t\t<\/div>\n\n\t\n\n\t<div id=\"col-1375212906\" class=\"col medium-4 small-12 large-4\"  >\n\t\t\t\t<div class=\"col-inner\"  >\n\t\t\t\n\t\t\t\n<div class=\"row row-small align-bottom\"  id=\"row-729955381\">\n\n\t<div id=\"col-334610646\" class=\"col small-12 large-12\"  >\n\t\t\t\t<div class=\"col-inner\"  >\n\t\t\t\n\t\t\t\n\t<div class=\"box has-hover   has-hover box-text-bottom\" >\n\n\t\t<div class=\"box-image\" style=\"border-radius:3%;\">\n\t\t\t\t\t\t<div class=\"\" >\n\t\t\t\t<img loading=\"lazy\" decoding=\"async\" width=\"592\" height=\"365\" src=\"https:\/\/feltvibe.com\/uploads\/Ekran-goruntusu-2025-07-09-153054.png\" class=\"attachment-original size-original\" alt=\"\" srcset=\"https:\/\/feltvibe.com\/uploads\/Ekran-goruntusu-2025-07-09-153054.png 592w, https:\/\/feltvibe.com\/uploads\/Ekran-goruntusu-2025-07-09-153054-300x185.png 300w, https:\/\/feltvibe.com\/uploads\/Ekran-goruntusu-2025-07-09-153054-18x12.png 18w\" sizes=\"auto, (max-width: 592px) 100vw, 592px\" \/>\t\t\t\t\t\t\t\t\t\t\t<\/div>\n\t\t\t\t\t<\/div>\n\n\t\t<div class=\"box-text text-left\" >\n\t\t\t<div class=\"box-text-inner\">\n\t\t\t\t\n\t<div id=\"text-1877188677\" class=\"text\">\n\t\t\n<p><strong>Orgatec 22-25 OCTUBRE<\/strong><\/p>\n<p><strong>Colonge<\/strong><br \/>\n\t\t\n<style>\n#text-1877188677 {\n  font-size: 1.2rem;\n  text-align: left;\n}\n<\/style>\n\t<\/div>\n\t\n<div class=\"is-divider divider clearfix\" style=\"max-width:100%;height:1px;background-color:#797979;\"><\/div>\n\t<div id=\"text-2529737609\" class=\"text\">\n\t\t\n<p>FeltVibe\u00ae expondr\u00e1 su nuevo producto ARKETA, dise\u00f1ado tanto para dise\u00f1os ac\u00fasticos como decorativos, en la feria que se celebrar\u00e1 en Colonia, Alemania, ...<br \/>\n\t\t\n<style>\n#text-2529737609 {\n  text-align: left;\n}\n<\/style>\n\t<\/div>\n\t\n\t\t\t<\/div>\n\t\t<\/div>\n\t<\/div>\n\t\n<a href=\"https:\/\/feltvibe.com\/es\/orgatec-colonge\/\" target=\"_blank\" class=\"button primary is-outline\" rel=\"noopener\"  >\n    <span>Seguir leyendo<\/span>\n  <\/a>\n\n\t\t<\/div>\n\t\t\t\t\t<\/div>\n\n\t\n<\/div>\n\t\t<\/div>\n\t\t\t\t\t<\/div>\n\n\t\n<\/div>\n\t\t<\/div>\n\n\t\t\n<style>\n#section_1008470931 {\n  padding-top: 30px;\n  padding-bottom: 30px;\n}\n<\/style>\n\t<\/section>","protected":false},"excerpt":{"rendered":"","protected":false},"author":2,"featured_media":0,"parent":0,"menu_order":0,"comment_status":"closed","ping_status":"closed","template":"","meta":{"footnotes":""},"class_list":["post-10158","page","type-page","status-publish","hentry"],"yoast_head":"<!-- This site is optimized with the Yoast SEO Premium plugin v27.4 (Yoast SEO v27.4) - https:\/\/yoast.com\/product\/yoast-seo-premium-wordpress\/ -->\n<title>FeltVibe Acoustic Blog | Trends, Tech &amp; Sustainability<\/title>\n<meta name=\"description\" content=\"Explore the latest in acoustic design. From water-resistant panels to sustainable PET manufacturing, stay informed on the future of soundproofing innovation.\" \/>\n<meta name=\"robots\" content=\"index, follow, max-snippet:-1, max-image-preview:large, max-video-preview:-1\" \/>\n<link rel=\"canonical\" href=\"https:\/\/feltvibe.com\/es\/blog\/\" \/>\n<meta property=\"og:locale\" content=\"es_ES\" \/>\n<meta property=\"og:type\" content=\"article\" \/>\n<meta property=\"og:title\" content=\"The FeltVibe Blog: Insights into Acoustic Innovation\" \/>\n<meta property=\"og:description\" content=\"Your guide to modern acoustics. Learn about sustainable materials, noise control technology, and design tips for a quieter, healthier life.\" \/>\n<meta property=\"og:url\" content=\"https:\/\/feltvibe.com\/es\/blog\/\" \/>\n<meta property=\"og:site_name\" content=\"Feltvibe | Acoustic Felt\" \/>\n<meta property=\"article:publisher\" content=\"https:\/\/www.facebook.com\/Gentug\" \/>\n<meta property=\"article:modified_time\" content=\"2026-03-13T07:18:51+00:00\" \/>\n<meta property=\"og:image\" content=\"https:\/\/feltvibe.com\/uploads\/arketa-pet-felt-panel-1.jpg\" \/>\n\t<meta property=\"og:image:width\" content=\"500\" \/>\n\t<meta property=\"og:image:height\" content=\"425\" \/>\n\t<meta property=\"og:image:type\" content=\"image\/jpeg\" \/>\n<meta name=\"twitter:card\" content=\"summary_large_image\" \/>\n<meta name=\"twitter:title\" content=\"FeltVibe Blog: Innovations in Acoustic Design\" \/>\n<meta name=\"twitter:description\" content=\"Stay updated on the latest acoustic trends and sustainable soundproofing solutions. Read the latest from the FeltVibe blog.\" \/>\n<meta name=\"twitter:label1\" content=\"Tiempo de lectura\" \/>\n\t<meta name=\"twitter:data1\" content=\"2 minutos\" \/>\n<script type=\"application\/ld+json\" class=\"yoast-schema-graph\">{\"@context\":\"https:\\\/\\\/schema.org\",\"@graph\":[{\"@type\":\"WebPage\",\"@id\":\"https:\\\/\\\/feltvibe.com\\\/blog\\\/\",\"url\":\"https:\\\/\\\/feltvibe.com\\\/blog\\\/\",\"name\":\"FeltVibe Acoustic Blog | Trends, Tech & Sustainability\",\"isPartOf\":{\"@id\":\"https:\\\/\\\/feltvibe.com\\\/#website\"},\"datePublished\":\"2025-06-09T14:39:32+00:00\",\"dateModified\":\"2026-03-13T07:18:51+00:00\",\"description\":\"Explore the latest in acoustic design. From water-resistant panels to sustainable PET manufacturing, stay informed on the future of soundproofing innovation.\",\"breadcrumb\":{\"@id\":\"https:\\\/\\\/feltvibe.com\\\/blog\\\/#breadcrumb\"},\"inLanguage\":\"es\",\"potentialAction\":[{\"@type\":\"ReadAction\",\"target\":[\"https:\\\/\\\/feltvibe.com\\\/blog\\\/\"]}]},{\"@type\":\"BreadcrumbList\",\"@id\":\"https:\\\/\\\/feltvibe.com\\\/blog\\\/#breadcrumb\",\"itemListElement\":[{\"@type\":\"ListItem\",\"position\":1,\"name\":\"Home\",\"item\":\"https:\\\/\\\/feltvibe.com\\\/\"},{\"@type\":\"ListItem\",\"position\":2,\"name\":\"Blog\"}]},{\"@type\":\"WebSite\",\"@id\":\"https:\\\/\\\/feltvibe.com\\\/#website\",\"url\":\"https:\\\/\\\/feltvibe.com\\\/\",\"name\":\"Feltvibe Acoustic Felt\",\"description\":\"Feltvibe is a leading manufacturer providing innovative felt solutions for various industries, including thermoforming and automotive. Specializing in high-quality felt products, the company offers custom design and production services tailored to meet customer needs. Feltvibe is committed to creating sustainable, durable, and eco-friendly products while staying up to date with technological advancements. With a strong focus on customer satisfaction, the company ensures top-tier quality in all of its solutions.\",\"publisher\":{\"@id\":\"https:\\\/\\\/feltvibe.com\\\/#organization\"},\"potentialAction\":[{\"@type\":\"SearchAction\",\"target\":{\"@type\":\"EntryPoint\",\"urlTemplate\":\"https:\\\/\\\/feltvibe.com\\\/?s={search_term_string}\"},\"query-input\":{\"@type\":\"PropertyValueSpecification\",\"valueRequired\":true,\"valueName\":\"search_term_string\"}}],\"inLanguage\":\"es\"},{\"@type\":\"Organization\",\"@id\":\"https:\\\/\\\/feltvibe.com\\\/#organization\",\"name\":\"Feltvibe is a leading manufacturer providing innovative acoustic and industrial felt solutions for various industries, including thermoformable PET felt panels and sustainable textile applications.\",\"alternateName\":\"Feltvibe by Gentu\u011f Tekstil\",\"url\":\"https:\\\/\\\/feltvibe.com\\\/\",\"logo\":{\"@type\":\"ImageObject\",\"inLanguage\":\"es\",\"@id\":\"https:\\\/\\\/feltvibe.com\\\/#\\\/schema\\\/logo\\\/image\\\/\",\"url\":\"https:\\\/\\\/feltvibe.com\\\/uploads\\\/feltvibe-dark-logo-final.svg\",\"contentUrl\":\"https:\\\/\\\/feltvibe.com\\\/uploads\\\/feltvibe-dark-logo-final.svg\",\"width\":1,\"height\":1,\"caption\":\"Feltvibe is a leading manufacturer providing innovative acoustic and industrial felt solutions for various industries, including thermoformable PET felt panels and sustainable textile applications.\"},\"image\":{\"@id\":\"https:\\\/\\\/feltvibe.com\\\/#\\\/schema\\\/logo\\\/image\\\/\"},\"sameAs\":[\"https:\\\/\\\/www.facebook.com\\\/Gentug\",\"https:\\\/\\\/www.instagram.com\\\/felt.vibe\\\/\",\"https:\\\/\\\/www.linkedin.com\\\/company\\\/feltvibe\"],\"description\":\"Gentu\u011f Textile is the main and the most reliable technical textile manufacturer in Turkey, providing high quality products to the worldwide markets.\",\"email\":\"info@feltvibe.com\",\"telephone\":\"+90 212 637 09 89\",\"legalName\":\"Gentu\u011f Tekstil \u00dcr\u00fcn. San. Tic. A.\u015e.\",\"foundingDate\":\"1917-01-01\",\"vatID\":\"3940016139\",\"taxID\":\"MARMARA KURUMLAR\",\"numberOfEmployees\":{\"@type\":\"QuantitativeValue\",\"minValue\":\"501\",\"maxValue\":\"1000\"},\"publishingPrinciples\":\"https:\\\/\\\/feltvibe.com\\\/privacy-policy\\\/\",\"ownershipFundingInfo\":\"https:\\\/\\\/feltvibe.com\\\/about-us\\\/\",\"actionableFeedbackPolicy\":\"https:\\\/\\\/feltvibe.com\\\/contact-us\\\/\",\"correctionsPolicy\":\"https:\\\/\\\/feltvibe.com\\\/certification\\\/\",\"ethicsPolicy\":\"https:\\\/\\\/feltvibe.com\\\/privacy-policy\\\/\",\"diversityPolicy\":\"https:\\\/\\\/feltvibe.com\\\/privacy-policy\\\/\",\"diversityStaffingReport\":\"https:\\\/\\\/feltvibe.com\\\/contact-us\\\/\"}]}<\/script>\n<!-- \/ Yoast SEO Premium plugin. -->","yoast_head_json":{"title":"FeltVibe Acoustic Blog | Trends, Tech & Sustainability","description":"Explore the latest in acoustic design. From water-resistant panels to sustainable PET manufacturing, stay informed on the future of soundproofing innovation.","robots":{"index":"index","follow":"follow","max-snippet":"max-snippet:-1","max-image-preview":"max-image-preview:large","max-video-preview":"max-video-preview:-1"},"canonical":"https:\/\/feltvibe.com\/es\/blog\/","og_locale":"es_ES","og_type":"article","og_title":"The FeltVibe Blog: Insights into Acoustic Innovation","og_description":"Your guide to modern acoustics. Learn about sustainable materials, noise control technology, and design tips for a quieter, healthier life.","og_url":"https:\/\/feltvibe.com\/es\/blog\/","og_site_name":"Feltvibe | Acoustic Felt","article_publisher":"https:\/\/www.facebook.com\/Gentug","article_modified_time":"2026-03-13T07:18:51+00:00","og_image":[{"width":500,"height":425,"url":"https:\/\/feltvibe.com\/uploads\/arketa-pet-felt-panel-1.jpg","type":"image\/jpeg"}],"twitter_card":"summary_large_image","twitter_title":"FeltVibe Blog: Innovations in Acoustic Design","twitter_description":"Stay updated on the latest acoustic trends and sustainable soundproofing solutions. Read the latest from the FeltVibe blog.","twitter_misc":{"Tiempo de lectura":"2 minutos"},"schema":{"@context":"https:\/\/schema.org","@graph":[{"@type":"WebPage","@id":"https:\/\/feltvibe.com\/blog\/","url":"https:\/\/feltvibe.com\/blog\/","name":"FeltVibe Acoustic Blog | Trends, Tech & Sustainability","isPartOf":{"@id":"https:\/\/feltvibe.com\/#website"},"datePublished":"2025-06-09T14:39:32+00:00","dateModified":"2026-03-13T07:18:51+00:00","description":"Explore the latest in acoustic design. From water-resistant panels to sustainable PET manufacturing, stay informed on the future of soundproofing innovation.","breadcrumb":{"@id":"https:\/\/feltvibe.com\/blog\/#breadcrumb"},"inLanguage":"es","potentialAction":[{"@type":"ReadAction","target":["https:\/\/feltvibe.com\/blog\/"]}]},{"@type":"BreadcrumbList","@id":"https:\/\/feltvibe.com\/blog\/#breadcrumb","itemListElement":[{"@type":"ListItem","position":1,"name":"Home","item":"https:\/\/feltvibe.com\/"},{"@type":"ListItem","position":2,"name":"Blog"}]},{"@type":"WebSite","@id":"https:\/\/feltvibe.com\/#website","url":"https:\/\/feltvibe.com\/","name":"Fieltro ac\u00fastico Feltvibe","description":"Feltvibe es un fabricante l\u00edder que ofrece soluciones innovadoras de fieltro para diversos sectores, como el termoformado y la automoci\u00f3n. Especializada en productos de fieltro de alta calidad, la empresa ofrece servicios de dise\u00f1o y producci\u00f3n personalizados adaptados a las necesidades del cliente. Feltvibe se compromete a crear productos sostenibles, duraderos y respetuosos con el medio ambiente, al tiempo que se mantiene al d\u00eda de los avances tecnol\u00f3gicos. Con un fuerte enfoque en la satisfacci\u00f3n del cliente, la empresa garantiza la m\u00e1xima calidad en todas sus soluciones.","publisher":{"@id":"https:\/\/feltvibe.com\/#organization"},"potentialAction":[{"@type":"SearchAction","target":{"@type":"EntryPoint","urlTemplate":"https:\/\/feltvibe.com\/?s={search_term_string}"},"query-input":{"@type":"PropertyValueSpecification","valueRequired":true,"valueName":"search_term_string"}}],"inLanguage":"es"},{"@type":"Organization","@id":"https:\/\/feltvibe.com\/#organization","name":"Feltvibe es un fabricante l\u00edder que ofrece soluciones innovadoras de fieltro ac\u00fastico e industrial para diversas industrias, incluidos paneles de fieltro de PET termoformable y aplicaciones textiles sostenibles.","alternateName":"Feltvibe by Gentu\u011f Tekstil","url":"https:\/\/feltvibe.com\/","logo":{"@type":"ImageObject","inLanguage":"es","@id":"https:\/\/feltvibe.com\/#\/schema\/logo\/image\/","url":"https:\/\/feltvibe.com\/uploads\/feltvibe-dark-logo-final.svg","contentUrl":"https:\/\/feltvibe.com\/uploads\/feltvibe-dark-logo-final.svg","width":1,"height":1,"caption":"Feltvibe is a leading manufacturer providing innovative acoustic and industrial felt solutions for various industries, including thermoformable PET felt panels and sustainable textile applications."},"image":{"@id":"https:\/\/feltvibe.com\/#\/schema\/logo\/image\/"},"sameAs":["https:\/\/www.facebook.com\/Gentug","https:\/\/www.instagram.com\/felt.vibe\/","https:\/\/www.linkedin.com\/company\/feltvibe"],"description":"Gentu\u011f Textile es el principal y m\u00e1s fiable fabricante de textiles t\u00e9cnicos de Turqu\u00eda, que suministra productos de alta calidad a los mercados de todo el mundo.","email":"info@feltvibe.com","telephone":"+90 212 637 09 89","legalName":"Gentu\u011f Tekstil \u00dcr\u00fcn. San. Tic. A.\u015e.","foundingDate":"1917-01-01","vatID":"3940016139","taxID":"MARMARA KURUMLAR","numberOfEmployees":{"@type":"QuantitativeValue","minValue":"501","maxValue":"1000"},"publishingPrinciples":"https:\/\/feltvibe.com\/privacy-policy\/","ownershipFundingInfo":"https:\/\/feltvibe.com\/about-us\/","actionableFeedbackPolicy":"https:\/\/feltvibe.com\/contact-us\/","correctionsPolicy":"https:\/\/feltvibe.com\/certification\/","ethicsPolicy":"https:\/\/feltvibe.com\/privacy-policy\/","diversityPolicy":"https:\/\/feltvibe.com\/privacy-policy\/","diversityStaffingReport":"https:\/\/feltvibe.com\/contact-us\/"}]}},"_links":{"self":[{"href":"https:\/\/feltvibe.com\/es\/wp-json\/wp\/v2\/pages\/10158","targetHints":{"allow":["GET"]}}],"collection":[{"href":"https:\/\/feltvibe.com\/es\/wp-json\/wp\/v2\/pages"}],"about":[{"href":"https:\/\/feltvibe.com\/es\/wp-json\/wp\/v2\/types\/page"}],"author":[{"embeddable":true,"href":"https:\/\/feltvibe.com\/es\/wp-json\/wp\/v2\/users\/2"}],"replies":[{"embeddable":true,"href":"https:\/\/feltvibe.com\/es\/wp-json\/wp\/v2\/comments?post=10158"}],"version-history":[{"count":61,"href":"https:\/\/feltvibe.com\/es\/wp-json\/wp\/v2\/pages\/10158\/revisions"}],"predecessor-version":[{"id":17249,"href":"https:\/\/feltvibe.com\/es\/wp-json\/wp\/v2\/pages\/10158\/revisions\/17249"}],"wp:attachment":[{"href":"https:\/\/feltvibe.com\/es\/wp-json\/wp\/v2\/media?parent=10158"}],"curies":[{"name":"wp","href":"https:\/\/api.w.org\/{rel}","templated":true}]}}