{"id":10195,"date":"2025-06-09T18:21:20","date_gmt":"2025-06-09T15:21:20","guid":{"rendered":"https:\/\/feltvibe.com\/?page_id=10195"},"modified":"2026-03-13T10:18:49","modified_gmt":"2026-03-13T07:18:49","slug":"blog-template","status":"publish","type":"page","link":"https:\/\/feltvibe.com\/es\/blog-template\/","title":{"rendered":"Blog Template"},"content":{"rendered":"<div class=\"banner has-hover\" id=\"banner-478341419\">\n          <div class=\"banner-inner fill\">\n        <div class=\"banner-bg fill\" >\n            <div class=\"bg fill bg-fill\"><\/div>\n                                    \n                    <\/div>\n\t\t\n        <div class=\"banner-layers container\">\n            <div class=\"fill banner-link\"><\/div>            \n   <div id=\"text-box-1661146907\" class=\"text-box banner-layer x50 md-x50 lg-x50 y50 md-y50 lg-y50 res-text\">\n                                <div class=\"text-box-content text dark\">\n              \n              <div class=\"text-inner text-center\">\n                  \n\t<div id=\"text-144917735\" class=\"text\">\n\t\t\n<p><strong>ARKETA-WR (Material base)<\/strong><br \/>\nPanel ac\u00fastico de fieltro PET resistente al agua<\/p>\n\t\t\n<style>\n#text-144917735 {\n  font-size: 0.9rem;\n}\n@media (min-width:550px) {\n  #text-144917735 {\n    font-size: 2rem;\n  }\n}\n<\/style>\n\t<\/div>\n\t\n              <\/div>\n           <\/div>\n                            \n<style>\n#text-box-1661146907 {\n  width: 60%;\n}\n#text-box-1661146907 .text-box-content {\n  font-size: 100%;\n}\n<\/style>\n    <\/div>\n \n        <\/div>\n      <\/div>\n\n            \n<style>\n#banner-478341419 {\n  padding-top: 56.25%;\n}\n#banner-478341419 .bg.bg-loaded {\n  background-image: url(https:\/\/feltvibe.com\/uploads\/Water-Resistant-pet-felt-panel-111.jpg);\n}\n@media (min-width:550px) {\n  #banner-478341419 {\n    padding-top: 56.25%;\n  }\n}\n@media (min-width:850px) {\n  #banner-478341419 {\n    padding-top: 50vh;\n  }\n}\n<\/style>\n  <\/div>\n\n\n\t<section class=\"section\" id=\"section_1656450377\">\n\t\t<div class=\"bg section-bg fill bg-fill  bg-loaded\" >\n\n\t\t\t\n\t\t\t\n\t\t\t\n\n\t\t<\/div>\n\n\t\t\n\n\t\t<div class=\"section-content relative\">\n\t\t\t\n<div class=\"row align-center\"  id=\"row-1415336142\">\n\n\t<div id=\"col-294636694\" class=\"col small-12 large-12\"  >\n\t\t\t\t<div class=\"col-inner\"  >\n\t\t\t\n\t\t\t\n\t<div id=\"gap-486711417\" class=\"gap-element clearfix\" style=\"display:block; height:auto;\">\n\t\t\n<style>\n#gap-486711417 {\n  padding-top: 5vh;\n}\n<\/style>\n\t<\/div>\n\t\n<p>In the realm of noise control, acoustic panels play a pivotal role. Whether mitigating construction-related clamor or taming the disruptive hum of a generator, these panels offer solace, protection, and tranquility. However, a challenge persists: many acoustic panels\u2014 despite their sound-absorbing prowess\u2014also exhibit an affinity for water and moisture. this dual nature poses several issues:<\/p>\n\t<div id=\"gap-1222930114\" class=\"gap-element clearfix\" style=\"display:block; height:auto;\">\n\t\t\n<style>\n#gap-1222930114 {\n  padding-top: 30px;\n}\n<\/style>\n\t<\/div>\n\t\n<div class=\"row row-collapse align-bottom\"  id=\"row-1076683836\">\n\n\t<div id=\"col-1348369239\" class=\"col small-12 large-12\"  >\n\t\t\t\t<div class=\"col-inner\"  >\n\t\t\t\n\t\t\t\n<div class=\"text-center\"><div class=\"is-divider divider clearfix\" style=\"margin-top:0px;margin-bottom:0px;max-width:100%;height:1px;background-color:rgb(68, 69, 69);\"><\/div><\/div>\n\t\t<\/div>\n\t\t\t\t\t<\/div>\n\n\t\n\n<style>\n#row-1076683836 > .col > .col-inner {\n  padding: 0px 0px 10px 0px;\n}\n<\/style>\n<\/div>\n\t<div id=\"text-2531656762\" class=\"text\">\n\t\t\n<p>Paneles ac\u00fasticos resistentes al agua<\/p>\n\t\t\n<style>\n#text-2531656762 {\n  font-size: 1.5rem;\n}\n<\/style>\n\t<\/div>\n\t\n<div class=\"row\"  id=\"row-1050226368\">\n\n\t<div id=\"col-1933743144\" class=\"col medium-6 small-12 large-6\"  >\n\t\t\t\t<div class=\"col-inner\"  >\n\t\t\t\n\t\t\t\n\t<div id=\"text-1037183132\" class=\"text\">\n\t\t\n<p><strong>1. El dilema del peso:<\/strong><br \/>\nWhen water infiltrates acoustic panels, their weight increases beyond design specifications. imagine a featherbed suddenly laden with raindrops\u2014it loses its buoyancy. Similarly, water- logged panels compromise their intended functionality.<br \/>\n<strong>2. Erosi\u00f3n ac\u00fastica:<\/strong><br \/>\nMoisture infiltrates the very fabric of acoustic performance. sound waves, once absorbed with precision, now encounter dampened resistance. the symphony falters.<br \/>\n<strong>3. Intrusi\u00f3n de moho:<\/strong><br \/>\nMoist environments foster unwelcome guests: mold and mildew. these spores thrive, silently undermining panel integrity. the result? a discordant note in the harmony of design<br \/>\n<strong>4. Humedad persistente:<\/strong><br \/>\nLa evaporaci\u00f3n, como un invitado tard\u00edo, tarda d\u00edas. Para cuando se va, puede haberse producido un da\u00f1o irreversible, una mancha en el lienzo de la excelencia ac\u00fastica.<\/p>\n\t\t\n<style>\n#text-1037183132 {\n  line-height: 1.9;\n}\n<\/style>\n\t<\/div>\n\t\n\t\t<\/div>\n\t\t\t\t\t<\/div>\n\n\t\n\n\t<div id=\"col-600098701\" class=\"col medium-1 small-12 large-1\"  >\n\t\t\t\t<div class=\"col-inner\"  >\n\t\t\t\n\t\t\t\n\t\t<\/div>\n\t\t\t\t\t<\/div>\n\n\t\n\n\t<div id=\"col-896022201\" class=\"col medium-5 small-12 large-5\"  >\n\t\t\t\t<div class=\"col-inner text-right\"  >\n\t\t\t\n\t\t\t\n\t<div class=\"img has-hover x md-x lg-x y md-y lg-y\" id=\"image_732307718\">\n\t\t\t\t\t\t\t\t<div class=\"img-inner image-cover dark\" style=\"padding-top:150%;\">\n\t\t\t<img loading=\"lazy\" decoding=\"async\" width=\"480\" height=\"852\" src=\"https:\/\/feltvibe.com\/uploads\/gif-blog-water.gif\" class=\"attachment-original size-original\" alt=\"\" \/>\t\t\t\t\t\t\n\t\t\t\t\t<\/div>\n\t\t\t\t\t\t\t\t\n<style>\n#image_732307718 {\n  width: 100%;\n}\n<\/style>\n\t<\/div>\n\t\n\t\t<\/div>\n\t\t\t\t\t<\/div>\n\n\t\n<\/div>\n<div class=\"row row-collapse align-bottom\"  id=\"row-924875364\">\n\n\t<div id=\"col-1706373408\" class=\"col small-12 large-12\"  >\n\t\t\t\t<div class=\"col-inner\"  >\n\t\t\t\n\t\t\t\n<div class=\"text-center\"><div class=\"is-divider divider clearfix\" style=\"margin-top:0px;margin-bottom:0px;max-width:100%;height:1px;background-color:rgb(68, 69, 69);\"><\/div><\/div>\n\t\t<\/div>\n\t\t\t\t\t<\/div>\n\n\t\n\n<style>\n#row-924875364 > .col > .col-inner {\n  padding: 0px 0px 10px 0px;\n}\n<\/style>\n<\/div>\n\t<div id=\"text-1963918511\" class=\"text\">\n\t\t\n<p>Soluciones<\/p>\n\t\t\n<style>\n#text-1963918511 {\n  font-size: 1.5rem;\n}\n<\/style>\n\t<\/div>\n\t\n<p>Enter feltVibe acoustic felt, a beacon of innovation. crafted from recycled polyester transforming discarded plastic bottles into purposeful elegance\u2014feltVibe marries acoustic finesse with water resistance. Let us explore its merits:<\/p>\n<div class=\"row\"  id=\"row-1953875649\">\n\n\t<div id=\"col-1355081260\" class=\"col medium-6 small-12 large-6\"  >\n\t\t\t\t<div class=\"col-inner\"  >\n\t\t\t\n\t\t\t\n\t<div id=\"text-1628252566\" class=\"text\">\n\t\t\n<p><strong>Maravilla hidr\u00f3foba:<\/strong><br \/>\nfeltVibe scoffs at water. it repels liquid like a seasoned diplomat deflecting unwarranted questions. Poolside or rain-soaked, it remains poised.<br \/>\n<strong>Ingravidez Preservada:<\/strong><br \/>\nUnlike a waterlogged ship, feltVibe maintains its lightness. No sinking sensations here\u2014only buoyant acoustics.<\/p>\n\t\t\n<style>\n#text-1628252566 {\n  line-height: 1.9;\n}\n<\/style>\n\t<\/div>\n\t\n\t\t<\/div>\n\t\t\t\t\t<\/div>\n\n\t\n\n\t<div id=\"col-429894792\" class=\"col medium-6 small-12 large-6\"  >\n\t\t\t\t<div class=\"col-inner\"  >\n\t\t\t\n\t\t\t\n\t<div id=\"text-1325030582\" class=\"text\">\n\t\t\n<p><strong>Hechicer\u00eda ac\u00fastica desatada:<\/strong><br \/>\nsound waves bow to feltVibe. Moisture may knock, but the performance endures. No dampened crescendos.<br \/>\n<strong>Vigilancia a prueba de moho:<\/strong><br \/>\nMold spores, seeking refuge, find no foothold. feltVibe guards its purity\u2014a sentinel against unwanted guests.<br \/>\n<strong>Eficiencia de evaporaci\u00f3n:<\/strong><br \/>\nLa humedad persiste, pero feltVibe la maneja con destreza. La evaporaci\u00f3n baila sin dejar cicatrices.<\/p>\n\t\t\n<style>\n#text-1325030582 {\n  line-height: 1.9;\n}\n<\/style>\n\t<\/div>\n\t\n\t\t<\/div>\n\t\t\t\t\t<\/div>\n\n\t\n<\/div>\n<div class=\"row row-collapse align-bottom\"  id=\"row-1987406615\">\n\n\t<div id=\"col-414241590\" class=\"col small-12 large-12\"  >\n\t\t\t\t<div class=\"col-inner\"  >\n\t\t\t\n\t\t\t\n<div class=\"text-center\"><div class=\"is-divider divider clearfix\" style=\"margin-top:0px;margin-bottom:0px;max-width:100%;height:1px;background-color:rgb(68, 69, 69);\"><\/div><\/div>\n\t\t<\/div>\n\t\t\t\t\t<\/div>\n\n\t\n\n<style>\n#row-1987406615 > .col > .col-inner {\n  padding: 0px 0px 10px 0px;\n}\n<\/style>\n<\/div>\n\t<div id=\"text-1391171577\" class=\"text\">\n\t\t\n<p>Aplicaciones<\/p>\n\t\t\n<style>\n#text-1391171577 {\n  font-size: 1.5rem;\n}\n<\/style>\n\t<\/div>\n\t\n<div class=\"row\"  id=\"row-1727002015\">\n\n\t<div id=\"col-1804655887\" class=\"col medium-6 small-12 large-6\"  >\n\t\t\t\t<div class=\"col-inner\"  >\n\t\t\t\n\t\t\t\n\t<div id=\"text-364084877\" class=\"text\">\n\t\t\n<p>\u2022 Bathrooms with Poise: FeltVibe graces bathroom walls, absorbing echoes while sidestepping steam.<br \/>\n\u2022 Poolside Serenity: Loungers sip pi\u00f1a coladas, cocooned in feltVibe\u2019s hushed embrace.<\/p>\n\t\t\n<style>\n#text-364084877 {\n  line-height: 1.9;\n}\n<\/style>\n\t<\/div>\n\t\n\t\t<\/div>\n\t\t\t\t\t<\/div>\n\n\t\n\n\t<div id=\"col-1837135604\" class=\"col medium-6 small-12 large-6\"  >\n\t\t\t\t<div class=\"col-inner\"  >\n\t\t\t\n\t\t\t\n\t<div id=\"text-3723024329\" class=\"text\">\n\t\t\n<p>\u2022 Outdoor Oasis: Patios, gazebosFeltVibe thrives, a waterproof picnic blanket for sound.<br \/>\n\u2022 In the symphony of materials, FeltVibe strikes a harmonious note-waterproof yet resonant. Let it echo through your spaces, a testament to sustainable elegance.<\/p>\n\t\t\n<style>\n#text-3723024329 {\n  line-height: 1.9;\n}\n<\/style>\n\t<\/div>\n\t\n\t\t<\/div>\n\t\t\t\t\t<\/div>\n\n\t\n<\/div>\n\t\t<\/div>\n\t\t\t\t\t<\/div>\n\n\t\n\n<style>\n#row-1415336142 > .col > .col-inner {\n  background-color: #f6f6f6;\n}\n<\/style>\n<\/div>\n\t\t<\/div>\n\n\t\t\n<style>\n#section_1656450377 {\n  padding-top: 30px;\n  padding-bottom: 30px;\n  background-color: #f6f6f6;\n}\n<\/style>\n\t<\/section>","protected":false},"excerpt":{"rendered":"","protected":false},"author":2,"featured_media":0,"parent":0,"menu_order":0,"comment_status":"closed","ping_status":"closed","template":"","meta":{"footnotes":""},"class_list":["post-10195","page","type-page","status-publish","hentry"],"yoast_head":"<!-- This site is optimized with the Yoast SEO Premium plugin v27.5 (Yoast SEO v27.5) - https:\/\/yoast.com\/product\/yoast-seo-premium-wordpress\/ -->\n<title>Industrial Noise Control | ARKETA-WR PET Felt Panels<\/title>\n<meta name=\"description\" content=\"Tackle heavy-duty noise with ARKETA-WR. Our water-resistant PET felt panels are engineered to tame construction clamor and generator hum effectively.\" \/>\n<meta name=\"robots\" content=\"index, follow, max-snippet:-1, max-image-preview:large, max-video-preview:-1\" \/>\n<link rel=\"canonical\" href=\"https:\/\/feltvibe.com\/es\/blog-template\/\" \/>\n<meta property=\"og:locale\" content=\"es_ES\" \/>\n<meta property=\"og:type\" content=\"article\" \/>\n<meta property=\"og:title\" content=\"Heavy-Duty Industrial Noise Control with ARKETA-WR\" \/>\n<meta property=\"og:description\" content=\"Solve complex noise issues with water-resistant PET felt. Ideal for mitigating construction and generator noise in any demanding environment.\" \/>\n<meta property=\"og:url\" content=\"https:\/\/feltvibe.com\/es\/blog-template\/\" \/>\n<meta property=\"og:site_name\" content=\"Feltvibe | Acoustic Felt\" \/>\n<meta property=\"article:publisher\" content=\"https:\/\/www.facebook.com\/Gentug\" \/>\n<meta property=\"article:modified_time\" content=\"2026-03-13T07:18:49+00:00\" \/>\n<meta property=\"og:image\" content=\"https:\/\/feltvibe.com\/uploads\/arketa-pet-felt-panel-1.jpg\" \/>\n\t<meta property=\"og:image:width\" content=\"500\" \/>\n\t<meta property=\"og:image:height\" content=\"425\" \/>\n\t<meta property=\"og:image:type\" content=\"image\/jpeg\" \/>\n<meta name=\"twitter:card\" content=\"summary_large_image\" \/>\n<meta name=\"twitter:title\" content=\"ARKETA-WR: Industrial Noise Control Panels\" \/>\n<meta name=\"twitter:description\" content=\"Tame construction and generator noise with ARKETA-WR water-resistant acoustic panels. Durable, effective, and resilient.\" \/>\n<meta name=\"twitter:label1\" content=\"Tiempo de lectura\" \/>\n\t<meta name=\"twitter:data1\" content=\"3 minutos\" \/>\n<script type=\"application\/ld+json\" class=\"yoast-schema-graph\">{\"@context\":\"https:\\\/\\\/schema.org\",\"@graph\":[{\"@type\":\"WebPage\",\"@id\":\"https:\\\/\\\/feltvibe.com\\\/blog-template\\\/\",\"url\":\"https:\\\/\\\/feltvibe.com\\\/blog-template\\\/\",\"name\":\"Industrial Noise Control | ARKETA-WR PET Felt Panels\",\"isPartOf\":{\"@id\":\"https:\\\/\\\/feltvibe.com\\\/#website\"},\"datePublished\":\"2025-06-09T15:21:20+00:00\",\"dateModified\":\"2026-03-13T07:18:49+00:00\",\"description\":\"Tackle heavy-duty noise with ARKETA-WR. Our water-resistant PET felt panels are engineered to tame construction clamor and generator hum effectively.\",\"breadcrumb\":{\"@id\":\"https:\\\/\\\/feltvibe.com\\\/blog-template\\\/#breadcrumb\"},\"inLanguage\":\"es\",\"potentialAction\":[{\"@type\":\"ReadAction\",\"target\":[\"https:\\\/\\\/feltvibe.com\\\/blog-template\\\/\"]}]},{\"@type\":\"BreadcrumbList\",\"@id\":\"https:\\\/\\\/feltvibe.com\\\/blog-template\\\/#breadcrumb\",\"itemListElement\":[{\"@type\":\"ListItem\",\"position\":1,\"name\":\"Home\",\"item\":\"https:\\\/\\\/feltvibe.com\\\/\"},{\"@type\":\"ListItem\",\"position\":2,\"name\":\"Blog Template\"}]},{\"@type\":\"WebSite\",\"@id\":\"https:\\\/\\\/feltvibe.com\\\/#website\",\"url\":\"https:\\\/\\\/feltvibe.com\\\/\",\"name\":\"Feltvibe Acoustic Felt\",\"description\":\"Feltvibe is a leading manufacturer providing innovative felt solutions for various industries, including thermoforming and automotive. Specializing in high-quality felt products, the company offers custom design and production services tailored to meet customer needs. Feltvibe is committed to creating sustainable, durable, and eco-friendly products while staying up to date with technological advancements. With a strong focus on customer satisfaction, the company ensures top-tier quality in all of its solutions.\",\"publisher\":{\"@id\":\"https:\\\/\\\/feltvibe.com\\\/#organization\"},\"potentialAction\":[{\"@type\":\"SearchAction\",\"target\":{\"@type\":\"EntryPoint\",\"urlTemplate\":\"https:\\\/\\\/feltvibe.com\\\/?s={search_term_string}\"},\"query-input\":{\"@type\":\"PropertyValueSpecification\",\"valueRequired\":true,\"valueName\":\"search_term_string\"}}],\"inLanguage\":\"es\"},{\"@type\":\"Organization\",\"@id\":\"https:\\\/\\\/feltvibe.com\\\/#organization\",\"name\":\"Feltvibe is a leading manufacturer providing innovative acoustic and industrial felt solutions for various industries, including thermoformable PET felt panels and sustainable textile applications.\",\"alternateName\":\"Feltvibe by Gentu\u011f Tekstil\",\"url\":\"https:\\\/\\\/feltvibe.com\\\/\",\"logo\":{\"@type\":\"ImageObject\",\"inLanguage\":\"es\",\"@id\":\"https:\\\/\\\/feltvibe.com\\\/#\\\/schema\\\/logo\\\/image\\\/\",\"url\":\"https:\\\/\\\/feltvibe.com\\\/uploads\\\/feltvibe-dark-logo-final.svg\",\"contentUrl\":\"https:\\\/\\\/feltvibe.com\\\/uploads\\\/feltvibe-dark-logo-final.svg\",\"width\":1,\"height\":1,\"caption\":\"Feltvibe is a leading manufacturer providing innovative acoustic and industrial felt solutions for various industries, including thermoformable PET felt panels and sustainable textile applications.\"},\"image\":{\"@id\":\"https:\\\/\\\/feltvibe.com\\\/#\\\/schema\\\/logo\\\/image\\\/\"},\"sameAs\":[\"https:\\\/\\\/www.facebook.com\\\/Gentug\",\"https:\\\/\\\/www.instagram.com\\\/felt.vibe\\\/\",\"https:\\\/\\\/www.linkedin.com\\\/company\\\/feltvibe\"],\"description\":\"Gentu\u011f Textile is the main and the most reliable technical textile manufacturer in Turkey, providing high quality products to the worldwide markets.\",\"email\":\"info@feltvibe.com\",\"telephone\":\"+90 212 637 09 89\",\"legalName\":\"Gentu\u011f Tekstil \u00dcr\u00fcn. San. Tic. A.\u015e.\",\"foundingDate\":\"1917-01-01\",\"vatID\":\"3940016139\",\"taxID\":\"MARMARA KURUMLAR\",\"numberOfEmployees\":{\"@type\":\"QuantitativeValue\",\"minValue\":\"501\",\"maxValue\":\"1000\"},\"publishingPrinciples\":\"https:\\\/\\\/feltvibe.com\\\/privacy-policy\\\/\",\"ownershipFundingInfo\":\"https:\\\/\\\/feltvibe.com\\\/about-us\\\/\",\"actionableFeedbackPolicy\":\"https:\\\/\\\/feltvibe.com\\\/contact-us\\\/\",\"correctionsPolicy\":\"https:\\\/\\\/feltvibe.com\\\/certification\\\/\",\"ethicsPolicy\":\"https:\\\/\\\/feltvibe.com\\\/privacy-policy\\\/\",\"diversityPolicy\":\"https:\\\/\\\/feltvibe.com\\\/privacy-policy\\\/\",\"diversityStaffingReport\":\"https:\\\/\\\/feltvibe.com\\\/contact-us\\\/\"}]}<\/script>\n<!-- \/ Yoast SEO Premium plugin. -->","yoast_head_json":{"title":"Industrial Noise Control | ARKETA-WR PET Felt Panels","description":"Tackle heavy-duty noise with ARKETA-WR. Our water-resistant PET felt panels are engineered to tame construction clamor and generator hum effectively.","robots":{"index":"index","follow":"follow","max-snippet":"max-snippet:-1","max-image-preview":"max-image-preview:large","max-video-preview":"max-video-preview:-1"},"canonical":"https:\/\/feltvibe.com\/es\/blog-template\/","og_locale":"es_ES","og_type":"article","og_title":"Heavy-Duty Industrial Noise Control with ARKETA-WR","og_description":"Solve complex noise issues with water-resistant PET felt. Ideal for mitigating construction and generator noise in any demanding environment.","og_url":"https:\/\/feltvibe.com\/es\/blog-template\/","og_site_name":"Feltvibe | Acoustic Felt","article_publisher":"https:\/\/www.facebook.com\/Gentug","article_modified_time":"2026-03-13T07:18:49+00:00","og_image":[{"width":500,"height":425,"url":"https:\/\/feltvibe.com\/uploads\/arketa-pet-felt-panel-1.jpg","type":"image\/jpeg"}],"twitter_card":"summary_large_image","twitter_title":"ARKETA-WR: Industrial Noise Control Panels","twitter_description":"Tame construction and generator noise with ARKETA-WR water-resistant acoustic panels. Durable, effective, and resilient.","twitter_misc":{"Tiempo de lectura":"3 minutos"},"schema":{"@context":"https:\/\/schema.org","@graph":[{"@type":"WebPage","@id":"https:\/\/feltvibe.com\/blog-template\/","url":"https:\/\/feltvibe.com\/blog-template\/","name":"Industrial Noise Control | ARKETA-WR PET Felt Panels","isPartOf":{"@id":"https:\/\/feltvibe.com\/#website"},"datePublished":"2025-06-09T15:21:20+00:00","dateModified":"2026-03-13T07:18:49+00:00","description":"Tackle heavy-duty noise with ARKETA-WR. Our water-resistant PET felt panels are engineered to tame construction clamor and generator hum effectively.","breadcrumb":{"@id":"https:\/\/feltvibe.com\/blog-template\/#breadcrumb"},"inLanguage":"es","potentialAction":[{"@type":"ReadAction","target":["https:\/\/feltvibe.com\/blog-template\/"]}]},{"@type":"BreadcrumbList","@id":"https:\/\/feltvibe.com\/blog-template\/#breadcrumb","itemListElement":[{"@type":"ListItem","position":1,"name":"Home","item":"https:\/\/feltvibe.com\/"},{"@type":"ListItem","position":2,"name":"Blog Template"}]},{"@type":"WebSite","@id":"https:\/\/feltvibe.com\/#website","url":"https:\/\/feltvibe.com\/","name":"Fieltro ac\u00fastico Feltvibe","description":"Feltvibe es un fabricante l\u00edder que ofrece soluciones innovadoras de fieltro para diversos sectores, como el termoformado y la automoci\u00f3n. Especializada en productos de fieltro de alta calidad, la empresa ofrece servicios de dise\u00f1o y producci\u00f3n personalizados adaptados a las necesidades del cliente. Feltvibe se compromete a crear productos sostenibles, duraderos y respetuosos con el medio ambiente, al tiempo que se mantiene al d\u00eda de los avances tecnol\u00f3gicos. Con un fuerte enfoque en la satisfacci\u00f3n del cliente, la empresa garantiza la m\u00e1xima calidad en todas sus soluciones.","publisher":{"@id":"https:\/\/feltvibe.com\/#organization"},"potentialAction":[{"@type":"SearchAction","target":{"@type":"EntryPoint","urlTemplate":"https:\/\/feltvibe.com\/?s={search_term_string}"},"query-input":{"@type":"PropertyValueSpecification","valueRequired":true,"valueName":"search_term_string"}}],"inLanguage":"es"},{"@type":"Organization","@id":"https:\/\/feltvibe.com\/#organization","name":"Feltvibe es un fabricante l\u00edder que ofrece soluciones innovadoras de fieltro ac\u00fastico e industrial para diversas industrias, incluidos paneles de fieltro de PET termoformable y aplicaciones textiles sostenibles.","alternateName":"Feltvibe by Gentu\u011f Tekstil","url":"https:\/\/feltvibe.com\/","logo":{"@type":"ImageObject","inLanguage":"es","@id":"https:\/\/feltvibe.com\/#\/schema\/logo\/image\/","url":"https:\/\/feltvibe.com\/uploads\/feltvibe-dark-logo-final.svg","contentUrl":"https:\/\/feltvibe.com\/uploads\/feltvibe-dark-logo-final.svg","width":1,"height":1,"caption":"Feltvibe is a leading manufacturer providing innovative acoustic and industrial felt solutions for various industries, including thermoformable PET felt panels and sustainable textile applications."},"image":{"@id":"https:\/\/feltvibe.com\/#\/schema\/logo\/image\/"},"sameAs":["https:\/\/www.facebook.com\/Gentug","https:\/\/www.instagram.com\/felt.vibe\/","https:\/\/www.linkedin.com\/company\/feltvibe"],"description":"Gentu\u011f Textile es el principal y m\u00e1s fiable fabricante de textiles t\u00e9cnicos de Turqu\u00eda, que suministra productos de alta calidad a los mercados de todo el mundo.","email":"info@feltvibe.com","telephone":"+90 212 637 09 89","legalName":"Gentu\u011f Tekstil \u00dcr\u00fcn. San. Tic. A.\u015e.","foundingDate":"1917-01-01","vatID":"3940016139","taxID":"MARMARA KURUMLAR","numberOfEmployees":{"@type":"QuantitativeValue","minValue":"501","maxValue":"1000"},"publishingPrinciples":"https:\/\/feltvibe.com\/privacy-policy\/","ownershipFundingInfo":"https:\/\/feltvibe.com\/about-us\/","actionableFeedbackPolicy":"https:\/\/feltvibe.com\/contact-us\/","correctionsPolicy":"https:\/\/feltvibe.com\/certification\/","ethicsPolicy":"https:\/\/feltvibe.com\/privacy-policy\/","diversityPolicy":"https:\/\/feltvibe.com\/privacy-policy\/","diversityStaffingReport":"https:\/\/feltvibe.com\/contact-us\/"}]}},"_links":{"self":[{"href":"https:\/\/feltvibe.com\/es\/wp-json\/wp\/v2\/pages\/10195","targetHints":{"allow":["GET"]}}],"collection":[{"href":"https:\/\/feltvibe.com\/es\/wp-json\/wp\/v2\/pages"}],"about":[{"href":"https:\/\/feltvibe.com\/es\/wp-json\/wp\/v2\/types\/page"}],"author":[{"embeddable":true,"href":"https:\/\/feltvibe.com\/es\/wp-json\/wp\/v2\/users\/2"}],"replies":[{"embeddable":true,"href":"https:\/\/feltvibe.com\/es\/wp-json\/wp\/v2\/comments?post=10195"}],"version-history":[{"count":13,"href":"https:\/\/feltvibe.com\/es\/wp-json\/wp\/v2\/pages\/10195\/revisions"}],"predecessor-version":[{"id":13794,"href":"https:\/\/feltvibe.com\/es\/wp-json\/wp\/v2\/pages\/10195\/revisions\/13794"}],"wp:attachment":[{"href":"https:\/\/feltvibe.com\/es\/wp-json\/wp\/v2\/media?parent=10195"}],"curies":[{"name":"wp","href":"https:\/\/api.w.org\/{rel}","templated":true}]}}