{"id":10209,"date":"2025-06-09T18:46:33","date_gmt":"2025-06-09T15:46:33","guid":{"rendered":"https:\/\/feltvibe.com\/?page_id=10209"},"modified":"2026-03-13T10:18:46","modified_gmt":"2026-03-13T07:18:46","slug":"arketa-wr-material-de-base-resistente-al-agua-panel-acustico-de-fieltro-para-mascotas","status":"publish","type":"page","link":"https:\/\/feltvibe.com\/es\/arketa-wr-base-material-water-resistant-pet-felt-acoustic-panel\/","title":{"rendered":"Water-Resistant Felt Acoustic Panel"},"content":{"rendered":"<div class=\"banner has-hover\" id=\"banner-1194041689\">\n          <div class=\"banner-inner fill\">\n        <div class=\"banner-bg fill\" >\n            <div class=\"bg fill bg-fill\"><\/div>\n                        <div class=\"overlay\"><\/div>            \n                    <\/div>\n\t\t\n        <div class=\"banner-layers container\">\n            <div class=\"fill banner-link\"><\/div>            \n   <div id=\"text-box-551811724\" class=\"text-box banner-layer x50 md-x50 lg-x50 y50 md-y50 lg-y50 res-text\">\n                                <div class=\"text-box-content text dark\">\n              \n              <div class=\"text-inner text-center\">\n                  \n\t<div id=\"text-4051004184\" class=\"text\">\n\t\t\n<p style=\"text-align: center;\"><strong>ARKETA-WR <\/strong><\/p>\n<p style=\"text-align: center;\">Paneles ac\u00fasticos de fieltro PET resistentes al agua<\/p>\n\t\t\n<style>\n#text-4051004184 {\n  font-size: 0.9rem;\n  line-height: 0.75;\n}\n@media (min-width:550px) {\n  #text-4051004184 {\n    font-size: 1.75rem;\n  }\n}\n<\/style>\n\t<\/div>\n\t\n              <\/div>\n           <\/div>\n                            \n<style>\n#text-box-551811724 {\n  width: 85%;\n}\n#text-box-551811724 .text-box-content {\n  font-size: 100%;\n}\n<\/style>\n    <\/div>\n \n        <\/div>\n      <\/div>\n\n            \n<style>\n#banner-1194041689 {\n  padding-top: 56.25%;\n}\n#banner-1194041689 .bg.bg-loaded {\n  background-image: url(https:\/\/feltvibe.com\/uploads\/water-resistant-pet-felt-panel.jpg);\n}\n#banner-1194041689 .overlay {\n  background-color: rgba(0, 0, 0, 0.5);\n}\n@media (min-width:550px) {\n  #banner-1194041689 {\n    padding-top: 56.25%;\n  }\n}\n@media (min-width:850px) {\n  #banner-1194041689 {\n    padding-top: 50vh;\n  }\n}\n<\/style>\n  <\/div>\n\n\n\t<section class=\"section\" id=\"section_2143238071\">\n\t\t<div class=\"bg section-bg fill bg-fill  bg-loaded\" >\n\n\t\t\t\n\t\t\t\n\t\t\t\n\n\t\t<\/div>\n\n\t\t\n\n\t\t<div class=\"section-content relative\">\n\t\t\t\n<div class=\"row align-center\"  id=\"row-2055758909\">\n\n\t<div id=\"col-1580617515\" class=\"col small-12 large-12\"  >\n\t\t\t\t<div class=\"col-inner\"  >\n\t\t\t\n\t\t\t\n\t<div id=\"gap-114349789\" class=\"gap-element clearfix\" style=\"display:block; height:auto;\">\n\t\t\n<style>\n#gap-114349789 {\n  padding-top: 5vh;\n}\n<\/style>\n\t<\/div>\n\t\n<p>Los paneles ac\u00fasticos son elementos clave en el control del ruido de fuentes como la actividad de la construcci\u00f3n y los generadores. Una limitaci\u00f3n com\u00fan es la sensibilidad a la humedad: muchos absorbentes porosos pueden absorber agua, lo que aumenta la masa, reduce la eficacia de absorci\u00f3n y puede favorecer la formaci\u00f3n de moho o la degradaci\u00f3n del material.<\/p>\n<p>Por lo tanto, mejorar los paneles ac\u00fasticos con propiedades resistentes al agua (hidr\u00f3fobas) es fundamental para obtener un rendimiento fiable en entornos h\u00famedos o expuestos a la humedad.<\/p>\n\t<div id=\"gap-169918329\" class=\"gap-element clearfix\" style=\"display:block; height:auto;\">\n\t\t\n<style>\n#gap-169918329 {\n  padding-top: 30px;\n}\n<\/style>\n\t<\/div>\n\t\n<div class=\"row\"  id=\"row-842727355\">\n\n\t<div id=\"col-321893868\" class=\"col medium-6 small-12 large-6\"  >\n\t\t\t\t<div class=\"col-inner\"  >\n\t\t\t\n\t\t\t\n\t<div id=\"text-1554672375\" class=\"text\">\n\t\t\n<h5>Mejora de los paneles ac\u00fasticos con propiedades impermeables<\/h5>\n\t\t\n<style>\n#text-1554672375 {\n  font-size: 1.2rem;\n  line-height: 1.1;\n}\n<\/style>\n\t<\/div>\n\t\n\t<div id=\"text-161145262\" class=\"text\">\n\t\t\n<ol>\n<li><strong>Aumento de masa:<\/strong> La absorci\u00f3n de humedad aumenta la masa del panel, provocando su hundimiento, la p\u00e9rdida de estabilidad dimensional y una menor fiabilidad mec\u00e1nica.<\/li>\n<li><strong>Degradaci\u00f3n ac\u00fastica:<\/strong> El agua rellena los poros y aumenta la resistividad del flujo, desplazando\/disminuyendo la absorci\u00f3n, especialmente en las frecuencias medias-altas.<\/li>\n<li><strong>Riesgo biol\u00f3gico:<\/strong> La humedad persistente favorece la aparici\u00f3n de moho, degradando la integridad de los materiales y la calidad del aire interior.<\/li>\n<li><strong>Tiempo de secado y da\u00f1os:<\/strong> El secado lento atrapa la humedad, lo que provoca manchas, delaminaci\u00f3n y p\u00e9rdida de rendimiento a largo plazo.<\/li>\n<\/ol>\n<p><strong>Soluciones<\/strong><\/p>\n<p>El fieltro ac\u00fastico ARKETA (PET reciclado) puede especificarse para zonas propensas a la humedad utilizando una estructura hidr\u00f3foba \/ resistente al agua que limita la absorci\u00f3n de l\u00edquidos y ayuda a mantener la estabilidad dimensional y el rendimiento ac\u00fastico.<\/p>\n<p><strong>Comportamiento hidr\u00f3fobo:<\/strong> La superficie resiste la humedad, reduciendo la absorci\u00f3n de agua y el aumento de peso en condiciones de humedad o exposici\u00f3n a salpicaduras.<\/p>\n<p><strong>Resistencia al moho:<\/strong> La menor retenci\u00f3n de humedad ayuda a reducir el riesgo de moho cuando se combina con una ventilaci\u00f3n y un detallado adecuados.<\/p>\n<p><strong>Aplicaciones<\/strong><\/p>\n<ul>\n<li data-start=\"42\" data-end=\"197\">\n<p data-start=\"44\" data-end=\"197\"><strong data-start=\"44\" data-end=\"75\">Ba\u00f1os \/ vestuarios:<\/strong> Tratamientos ac\u00fasticos de paredes donde se espera humedad y exposici\u00f3n intermitente a salpicaduras (fuera de las zonas de chorro de agua directo).<\/p>\n<\/li>\n<li data-start=\"198\" data-end=\"302\">\n<p data-start=\"200\" data-end=\"302\"><strong data-start=\"200\" data-end=\"225\">Zonas de piscina y spa:<\/strong> Control ac\u00fastico para espacios reverberantes de superficie dura con alta carga de humedad.<\/p>\n<\/li>\n<li data-start=\"303\" data-end=\"442\">\n<p data-start=\"305\" data-end=\"442\"><strong data-start=\"305\" data-end=\"331\">Zonas exteriores cubiertas:<\/strong> Patios, cenadores, marquesinas y fachadas protegidas donde los paneles pueden estar expuestos al aire h\u00famedo y a la lluvia ocasional.<\/p>\n<\/li>\n<\/ul>\n<p><em data-start=\"444\" data-end=\"451\">Nota:<\/em> Para un uso exterior real, el rendimiento depende de los detalles (bordes, fijaciones, drenaje, ventilaci\u00f3n) y del nivel de exposici\u00f3n (rayos UV, lluvia impulsada por el viento).<\/p>\n\t\t\n<style>\n#text-161145262 {\n  line-height: 1.9;\n}\n<\/style>\n\t<\/div>\n\t\n\t\t<\/div>\n\t\t\t\t\t<\/div>\n\n\t\n\n\t<div id=\"col-541637245\" class=\"col medium-1 small-12 large-1\"  >\n\t\t\t\t<div class=\"col-inner\"  >\n\t\t\t\n\t\t\t\n\t\t<\/div>\n\t\t\t\t\t<\/div>\n\n\t\n\n\t<div id=\"col-1960774166\" class=\"col medium-5 small-12 large-5\"  >\n\t\t\t\t<div class=\"col-inner text-right\"  >\n\t\t\t\n\t\t\t\n\t<div class=\"img has-hover x md-x lg-x y md-y lg-y\" id=\"image_648805433\">\n\t\t\t\t\t\t\t\t<div class=\"img-inner image-cover dark\" style=\"padding-top:150%;\">\n\t\t\t<img loading=\"lazy\" decoding=\"async\" width=\"480\" height=\"852\" src=\"https:\/\/feltvibe.com\/uploads\/gif-blog-water.gif\" class=\"attachment-original size-original\" alt=\"\" \/>\t\t\t\t\t\t\n\t\t\t\t\t<\/div>\n\t\t\t\t\t\t\t\t\n<style>\n#image_648805433 {\n  width: 100%;\n}\n<\/style>\n\t<\/div>\n\t\n\t\t<\/div>\n\t\t\t\t\t<\/div>\n\n\t\n<\/div>\n\t\t<\/div>\n\t\t\t\t\t<\/div>\n\n\t\n\n<style>\n#row-2055758909 > .col > .col-inner {\n  background-color: #f6f6f6;\n}\n<\/style>\n<\/div>\n\t\t<\/div>\n\n\t\t\n<style>\n#section_2143238071 {\n  padding-top: 30px;\n  padding-bottom: 30px;\n  background-color: #f6f6f6;\n}\n<\/style>\n\t<\/section>","protected":false},"excerpt":{"rendered":"","protected":false},"author":2,"featured_media":0,"parent":0,"menu_order":0,"comment_status":"closed","ping_status":"closed","template":"","meta":{"footnotes":""},"class_list":["post-10209","page","type-page","status-publish","hentry"],"yoast_head":"<!-- This site is optimized with the Yoast SEO Premium plugin v27.4 (Yoast SEO v27.4) - https:\/\/yoast.com\/product\/yoast-seo-premium-wordpress\/ -->\n<title>Water-Resistant Acoustic Panels | ARKETA-WR Noise Control<\/title>\n<meta name=\"description\" content=\"Defy moisture with ARKETA-WR water-resistant acoustic panels. Perfect for challenging environments like construction sites and industrial generator rooms.\" \/>\n<meta name=\"robots\" content=\"index, follow, max-snippet:-1, max-image-preview:large, max-video-preview:-1\" \/>\n<link rel=\"canonical\" href=\"https:\/\/feltvibe.com\/es\/arketa-wr-material-de-base-resistente-al-agua-panel-acustico-de-fieltro-para-mascotas\/\" \/>\n<meta property=\"og:locale\" content=\"es_ES\" \/>\n<meta property=\"og:type\" content=\"article\" \/>\n<meta property=\"og:title\" content=\"ARKETA-WR: Water-Resistant PET Felt Acoustic Panels\" \/>\n<meta property=\"og:description\" content=\"High-performance noise control that withstands moisture. Discover the extreme durability of ARKETA-WR for industrial and outdoor applications.\" \/>\n<meta property=\"og:url\" content=\"https:\/\/feltvibe.com\/es\/arketa-wr-material-de-base-resistente-al-agua-panel-acustico-de-fieltro-para-mascotas\/\" \/>\n<meta property=\"og:site_name\" content=\"Feltvibe | Acoustic Felt\" \/>\n<meta property=\"article:publisher\" content=\"https:\/\/www.facebook.com\/Gentug\" \/>\n<meta property=\"article:modified_time\" content=\"2026-03-13T07:18:46+00:00\" \/>\n<meta property=\"og:image\" content=\"https:\/\/feltvibe.com\/uploads\/arketa-pet-felt-panel-1.jpg\" \/>\n\t<meta property=\"og:image:width\" content=\"500\" \/>\n\t<meta property=\"og:image:height\" content=\"425\" \/>\n\t<meta property=\"og:image:type\" content=\"image\/jpeg\" \/>\n<meta name=\"twitter:card\" content=\"summary_large_image\" \/>\n<meta name=\"twitter:title\" content=\"Water-Resistant Acoustic Noise Control\" \/>\n<meta name=\"twitter:description\" content=\"Stop noise in damp environments. ARKETA-WR offers superior sound absorption with advanced water-resistant technology.\" \/>\n<meta name=\"twitter:label1\" content=\"Tiempo de lectura\" \/>\n\t<meta name=\"twitter:data1\" content=\"2 minutos\" \/>\n<script type=\"application\/ld+json\" class=\"yoast-schema-graph\">{\"@context\":\"https:\\\/\\\/schema.org\",\"@graph\":[{\"@type\":\"WebPage\",\"@id\":\"https:\\\/\\\/feltvibe.com\\\/arketa-wr-base-material-water-resistant-pet-felt-acoustic-panel\\\/\",\"url\":\"https:\\\/\\\/feltvibe.com\\\/arketa-wr-base-material-water-resistant-pet-felt-acoustic-panel\\\/\",\"name\":\"Water-Resistant Acoustic Panels | ARKETA-WR Noise Control\",\"isPartOf\":{\"@id\":\"https:\\\/\\\/feltvibe.com\\\/#website\"},\"datePublished\":\"2025-06-09T15:46:33+00:00\",\"dateModified\":\"2026-03-13T07:18:46+00:00\",\"description\":\"Defy moisture with ARKETA-WR water-resistant acoustic panels. Perfect for challenging environments like construction sites and industrial generator rooms.\",\"breadcrumb\":{\"@id\":\"https:\\\/\\\/feltvibe.com\\\/arketa-wr-base-material-water-resistant-pet-felt-acoustic-panel\\\/#breadcrumb\"},\"inLanguage\":\"es\",\"potentialAction\":[{\"@type\":\"ReadAction\",\"target\":[\"https:\\\/\\\/feltvibe.com\\\/arketa-wr-base-material-water-resistant-pet-felt-acoustic-panel\\\/\"]}]},{\"@type\":\"BreadcrumbList\",\"@id\":\"https:\\\/\\\/feltvibe.com\\\/arketa-wr-base-material-water-resistant-pet-felt-acoustic-panel\\\/#breadcrumb\",\"itemListElement\":[{\"@type\":\"ListItem\",\"position\":1,\"name\":\"Home\",\"item\":\"https:\\\/\\\/feltvibe.com\\\/\"},{\"@type\":\"ListItem\",\"position\":2,\"name\":\"Water-Resistant Felt Acoustic Panel\"}]},{\"@type\":\"WebSite\",\"@id\":\"https:\\\/\\\/feltvibe.com\\\/#website\",\"url\":\"https:\\\/\\\/feltvibe.com\\\/\",\"name\":\"Feltvibe Acoustic Felt\",\"description\":\"Feltvibe is a leading manufacturer providing innovative felt solutions for various industries, including thermoforming and automotive. Specializing in high-quality felt products, the company offers custom design and production services tailored to meet customer needs. Feltvibe is committed to creating sustainable, durable, and eco-friendly products while staying up to date with technological advancements. With a strong focus on customer satisfaction, the company ensures top-tier quality in all of its solutions.\",\"publisher\":{\"@id\":\"https:\\\/\\\/feltvibe.com\\\/#organization\"},\"potentialAction\":[{\"@type\":\"SearchAction\",\"target\":{\"@type\":\"EntryPoint\",\"urlTemplate\":\"https:\\\/\\\/feltvibe.com\\\/?s={search_term_string}\"},\"query-input\":{\"@type\":\"PropertyValueSpecification\",\"valueRequired\":true,\"valueName\":\"search_term_string\"}}],\"inLanguage\":\"es\"},{\"@type\":\"Organization\",\"@id\":\"https:\\\/\\\/feltvibe.com\\\/#organization\",\"name\":\"Feltvibe is a leading manufacturer providing innovative acoustic and industrial felt solutions for various industries, including thermoformable PET felt panels and sustainable textile applications.\",\"alternateName\":\"Feltvibe by Gentu\u011f Tekstil\",\"url\":\"https:\\\/\\\/feltvibe.com\\\/\",\"logo\":{\"@type\":\"ImageObject\",\"inLanguage\":\"es\",\"@id\":\"https:\\\/\\\/feltvibe.com\\\/#\\\/schema\\\/logo\\\/image\\\/\",\"url\":\"https:\\\/\\\/feltvibe.com\\\/uploads\\\/feltvibe-dark-logo-final.svg\",\"contentUrl\":\"https:\\\/\\\/feltvibe.com\\\/uploads\\\/feltvibe-dark-logo-final.svg\",\"width\":1,\"height\":1,\"caption\":\"Feltvibe is a leading manufacturer providing innovative acoustic and industrial felt solutions for various industries, including thermoformable PET felt panels and sustainable textile applications.\"},\"image\":{\"@id\":\"https:\\\/\\\/feltvibe.com\\\/#\\\/schema\\\/logo\\\/image\\\/\"},\"sameAs\":[\"https:\\\/\\\/www.facebook.com\\\/Gentug\",\"https:\\\/\\\/www.instagram.com\\\/felt.vibe\\\/\",\"https:\\\/\\\/www.linkedin.com\\\/company\\\/feltvibe\"],\"description\":\"Gentu\u011f Textile is the main and the most reliable technical textile manufacturer in Turkey, providing high quality products to the worldwide markets.\",\"email\":\"info@feltvibe.com\",\"telephone\":\"+90 212 637 09 89\",\"legalName\":\"Gentu\u011f Tekstil \u00dcr\u00fcn. San. Tic. A.\u015e.\",\"foundingDate\":\"1917-01-01\",\"vatID\":\"3940016139\",\"taxID\":\"MARMARA KURUMLAR\",\"numberOfEmployees\":{\"@type\":\"QuantitativeValue\",\"minValue\":\"501\",\"maxValue\":\"1000\"},\"publishingPrinciples\":\"https:\\\/\\\/feltvibe.com\\\/privacy-policy\\\/\",\"ownershipFundingInfo\":\"https:\\\/\\\/feltvibe.com\\\/about-us\\\/\",\"actionableFeedbackPolicy\":\"https:\\\/\\\/feltvibe.com\\\/contact-us\\\/\",\"correctionsPolicy\":\"https:\\\/\\\/feltvibe.com\\\/certification\\\/\",\"ethicsPolicy\":\"https:\\\/\\\/feltvibe.com\\\/privacy-policy\\\/\",\"diversityPolicy\":\"https:\\\/\\\/feltvibe.com\\\/privacy-policy\\\/\",\"diversityStaffingReport\":\"https:\\\/\\\/feltvibe.com\\\/contact-us\\\/\"}]}<\/script>\n<!-- \/ Yoast SEO Premium plugin. -->","yoast_head_json":{"title":"Water-Resistant Acoustic Panels | ARKETA-WR Noise Control","description":"Defy moisture with ARKETA-WR water-resistant acoustic panels. Perfect for challenging environments like construction sites and industrial generator rooms.","robots":{"index":"index","follow":"follow","max-snippet":"max-snippet:-1","max-image-preview":"max-image-preview:large","max-video-preview":"max-video-preview:-1"},"canonical":"https:\/\/feltvibe.com\/es\/arketa-wr-material-de-base-resistente-al-agua-panel-acustico-de-fieltro-para-mascotas\/","og_locale":"es_ES","og_type":"article","og_title":"ARKETA-WR: Water-Resistant PET Felt Acoustic Panels","og_description":"High-performance noise control that withstands moisture. Discover the extreme durability of ARKETA-WR for industrial and outdoor applications.","og_url":"https:\/\/feltvibe.com\/es\/arketa-wr-material-de-base-resistente-al-agua-panel-acustico-de-fieltro-para-mascotas\/","og_site_name":"Feltvibe | Acoustic Felt","article_publisher":"https:\/\/www.facebook.com\/Gentug","article_modified_time":"2026-03-13T07:18:46+00:00","og_image":[{"width":500,"height":425,"url":"https:\/\/feltvibe.com\/uploads\/arketa-pet-felt-panel-1.jpg","type":"image\/jpeg"}],"twitter_card":"summary_large_image","twitter_title":"Water-Resistant Acoustic Noise Control","twitter_description":"Stop noise in damp environments. ARKETA-WR offers superior sound absorption with advanced water-resistant technology.","twitter_misc":{"Tiempo de lectura":"2 minutos"},"schema":{"@context":"https:\/\/schema.org","@graph":[{"@type":"WebPage","@id":"https:\/\/feltvibe.com\/arketa-wr-base-material-water-resistant-pet-felt-acoustic-panel\/","url":"https:\/\/feltvibe.com\/arketa-wr-base-material-water-resistant-pet-felt-acoustic-panel\/","name":"Water-Resistant Acoustic Panels | ARKETA-WR Noise Control","isPartOf":{"@id":"https:\/\/feltvibe.com\/#website"},"datePublished":"2025-06-09T15:46:33+00:00","dateModified":"2026-03-13T07:18:46+00:00","description":"Defy moisture with ARKETA-WR water-resistant acoustic panels. Perfect for challenging environments like construction sites and industrial generator rooms.","breadcrumb":{"@id":"https:\/\/feltvibe.com\/arketa-wr-base-material-water-resistant-pet-felt-acoustic-panel\/#breadcrumb"},"inLanguage":"es","potentialAction":[{"@type":"ReadAction","target":["https:\/\/feltvibe.com\/arketa-wr-base-material-water-resistant-pet-felt-acoustic-panel\/"]}]},{"@type":"BreadcrumbList","@id":"https:\/\/feltvibe.com\/arketa-wr-base-material-water-resistant-pet-felt-acoustic-panel\/#breadcrumb","itemListElement":[{"@type":"ListItem","position":1,"name":"Home","item":"https:\/\/feltvibe.com\/"},{"@type":"ListItem","position":2,"name":"Water-Resistant Felt Acoustic Panel"}]},{"@type":"WebSite","@id":"https:\/\/feltvibe.com\/#website","url":"https:\/\/feltvibe.com\/","name":"Fieltro ac\u00fastico Feltvibe","description":"Feltvibe es un fabricante l\u00edder que ofrece soluciones innovadoras de fieltro para diversos sectores, como el termoformado y la automoci\u00f3n. Especializada en productos de fieltro de alta calidad, la empresa ofrece servicios de dise\u00f1o y producci\u00f3n personalizados adaptados a las necesidades del cliente. Feltvibe se compromete a crear productos sostenibles, duraderos y respetuosos con el medio ambiente, al tiempo que se mantiene al d\u00eda de los avances tecnol\u00f3gicos. Con un fuerte enfoque en la satisfacci\u00f3n del cliente, la empresa garantiza la m\u00e1xima calidad en todas sus soluciones.","publisher":{"@id":"https:\/\/feltvibe.com\/#organization"},"potentialAction":[{"@type":"SearchAction","target":{"@type":"EntryPoint","urlTemplate":"https:\/\/feltvibe.com\/?s={search_term_string}"},"query-input":{"@type":"PropertyValueSpecification","valueRequired":true,"valueName":"search_term_string"}}],"inLanguage":"es"},{"@type":"Organization","@id":"https:\/\/feltvibe.com\/#organization","name":"Feltvibe es un fabricante l\u00edder que ofrece soluciones innovadoras de fieltro ac\u00fastico e industrial para diversas industrias, incluidos paneles de fieltro de PET termoformable y aplicaciones textiles sostenibles.","alternateName":"Feltvibe by Gentu\u011f Tekstil","url":"https:\/\/feltvibe.com\/","logo":{"@type":"ImageObject","inLanguage":"es","@id":"https:\/\/feltvibe.com\/#\/schema\/logo\/image\/","url":"https:\/\/feltvibe.com\/uploads\/feltvibe-dark-logo-final.svg","contentUrl":"https:\/\/feltvibe.com\/uploads\/feltvibe-dark-logo-final.svg","width":1,"height":1,"caption":"Feltvibe is a leading manufacturer providing innovative acoustic and industrial felt solutions for various industries, including thermoformable PET felt panels and sustainable textile applications."},"image":{"@id":"https:\/\/feltvibe.com\/#\/schema\/logo\/image\/"},"sameAs":["https:\/\/www.facebook.com\/Gentug","https:\/\/www.instagram.com\/felt.vibe\/","https:\/\/www.linkedin.com\/company\/feltvibe"],"description":"Gentu\u011f Textile es el principal y m\u00e1s fiable fabricante de textiles t\u00e9cnicos de Turqu\u00eda, que suministra productos de alta calidad a los mercados de todo el mundo.","email":"info@feltvibe.com","telephone":"+90 212 637 09 89","legalName":"Gentu\u011f Tekstil \u00dcr\u00fcn. San. Tic. A.\u015e.","foundingDate":"1917-01-01","vatID":"3940016139","taxID":"MARMARA KURUMLAR","numberOfEmployees":{"@type":"QuantitativeValue","minValue":"501","maxValue":"1000"},"publishingPrinciples":"https:\/\/feltvibe.com\/privacy-policy\/","ownershipFundingInfo":"https:\/\/feltvibe.com\/about-us\/","actionableFeedbackPolicy":"https:\/\/feltvibe.com\/contact-us\/","correctionsPolicy":"https:\/\/feltvibe.com\/certification\/","ethicsPolicy":"https:\/\/feltvibe.com\/privacy-policy\/","diversityPolicy":"https:\/\/feltvibe.com\/privacy-policy\/","diversityStaffingReport":"https:\/\/feltvibe.com\/contact-us\/"}]}},"_links":{"self":[{"href":"https:\/\/feltvibe.com\/es\/wp-json\/wp\/v2\/pages\/10209","targetHints":{"allow":["GET"]}}],"collection":[{"href":"https:\/\/feltvibe.com\/es\/wp-json\/wp\/v2\/pages"}],"about":[{"href":"https:\/\/feltvibe.com\/es\/wp-json\/wp\/v2\/types\/page"}],"author":[{"embeddable":true,"href":"https:\/\/feltvibe.com\/es\/wp-json\/wp\/v2\/users\/2"}],"replies":[{"embeddable":true,"href":"https:\/\/feltvibe.com\/es\/wp-json\/wp\/v2\/comments?post=10209"}],"version-history":[{"count":42,"href":"https:\/\/feltvibe.com\/es\/wp-json\/wp\/v2\/pages\/10209\/revisions"}],"predecessor-version":[{"id":17272,"href":"https:\/\/feltvibe.com\/es\/wp-json\/wp\/v2\/pages\/10209\/revisions\/17272"}],"wp:attachment":[{"href":"https:\/\/feltvibe.com\/es\/wp-json\/wp\/v2\/media?parent=10209"}],"curies":[{"name":"wp","href":"https:\/\/api.w.org\/{rel}","templated":true}]}}