{"id":10229,"date":"2025-06-09T19:02:36","date_gmt":"2025-06-09T16:02:36","guid":{"rendered":"https:\/\/feltvibe.com\/?page_id=10229"},"modified":"2026-03-13T10:18:41","modified_gmt":"2026-03-13T07:18:41","slug":"de-la-botella-a-las-laminas-de-fieltro-como-fabricamos-fieltro-para-mascotas","status":"publish","type":"page","link":"https:\/\/feltvibe.com\/es\/from-bottle-to-felt-sheets-how-we-make-pet-felt\/","title":{"rendered":"From Bottle to Felt Sheets: How We Make Felt"},"content":{"rendered":"<div class=\"banner has-hover\" id=\"banner-1471485067\">\n          <div class=\"banner-inner fill\">\n        <div class=\"banner-bg fill\" >\n            <div class=\"bg fill bg-fill\"><\/div>\n                        <div class=\"overlay\"><\/div>            \n                    <\/div>\n\t\t\n        <div class=\"banner-layers container\">\n            <div class=\"fill banner-link\"><\/div>            \n   <div id=\"text-box-1583750332\" class=\"text-box banner-layer x50 md-x50 lg-x50 y50 md-y50 lg-y50 res-text\">\n                                <div class=\"text-box-content text dark\">\n              \n              <div class=\"text-inner text-center\">\n                  \n\t<div id=\"text-4017648827\" class=\"text\">\n\t\t\n<p><strong>De la botella a las hojas de fieltro:<\/strong><br \/>\n<strong>C\u00f3mo fabricamos fieltro PET<\/strong><br \/>\n\t\t\n<style>\n#text-4017648827 {\n  font-size: 0.9rem;\n}\n@media (min-width:550px) {\n  #text-4017648827 {\n    font-size: 1.75rem;\n  }\n}\n<\/style>\n\t<\/div>\n\t\n              <\/div>\n           <\/div>\n                            \n<style>\n#text-box-1583750332 {\n  width: 60%;\n}\n#text-box-1583750332 .text-box-content {\n  font-size: 100%;\n}\n<\/style>\n    <\/div>\n \n        <\/div>\n      <\/div>\n\n            \n<style>\n#banner-1471485067 {\n  padding-top: 56.25%;\n}\n#banner-1471485067 .bg.bg-loaded {\n  background-image: url(https:\/\/feltvibe.com\/uploads\/how-we-make-pet-felt.jpg);\n}\n#banner-1471485067 .overlay {\n  background-color: rgba(0, 0, 0, 0.5);\n}\n@media (min-width:550px) {\n  #banner-1471485067 {\n    padding-top: 56.25%;\n  }\n}\n@media (min-width:850px) {\n  #banner-1471485067 {\n    padding-top: 50vh;\n  }\n}\n<\/style>\n  <\/div>\n\n\n\t<section class=\"section\" id=\"section_1541775109\">\n\t\t<div class=\"bg section-bg fill bg-fill  bg-loaded\" >\n\n\t\t\t\n\t\t\t\n\t\t\t\n\n\t\t<\/div>\n\n\t\t\n\n\t\t<div class=\"section-content relative\">\n\t\t\t\n<div class=\"row align-center\"  id=\"row-220354717\">\n\n\t<div id=\"col-1701581702\" class=\"col small-12 large-12\"  >\n\t\t\t\t<div class=\"col-inner\"  >\n\t\t\t\n\t\t\t\n\t<div id=\"gap-980978949\" class=\"gap-element clearfix\" style=\"display:block; height:auto;\">\n\t\t\n<style>\n#gap-980978949 {\n  padding-top: 5vh;\n}\n<\/style>\n\t<\/div>\n\t\n<p>En el tiempo que se tarda en dar un sorbo a una botella de pl\u00e1stico, se tiran 20.000 botellas. Cada d\u00eda se venden en el mundo m\u00e1s de 1.300 millones de botellas, y s\u00f3lo 6% se reciclan despu\u00e9s. Para dar una segunda vida a las botellas de pl\u00e1stico, colaboramos estrechamente con los centros de reciclaje locales. Con la tecnolog\u00eda del fieltro PET, transformamos los residuos pl\u00e1sticos en un material vers\u00e1til y duradero para el dise\u00f1o de interiores. Ahora, veamos m\u00e1s de cerca el viaje desde la botella hasta los productos \u00fanicos.<\/p>\n\t<div id=\"gap-1368523236\" class=\"gap-element clearfix\" style=\"display:block; height:auto;\">\n\t\t\n<style>\n#gap-1368523236 {\n  padding-top: 30px;\n}\n<\/style>\n\t<\/div>\n\t\n\t<div id=\"text-3702394060\" class=\"text\">\n\t\t\n<p><strong>5 etapas del proceso de producci\u00f3n del fieltro de PET <\/strong><br \/>\n\t\t\n<style>\n#text-3702394060 {\n  font-size: 1.5rem;\n}\n<\/style>\n\t<\/div>\n\t\n<div class=\"row\"  id=\"row-1947043991\">\n\n\t<div id=\"col-958252895\" class=\"col medium-4 small-12 large-4\"  >\n\t\t\t\t<div class=\"col-inner\"  >\n\t\t\t\n\t\t\t\n\t<div class=\"img has-hover x md-x lg-x y md-y lg-y\" id=\"image_1849372830\">\n\t\t\t\t\t\t\t\t<div class=\"img-inner image-cover dark\" style=\"padding-top:75%;\">\n\t\t\t<img loading=\"lazy\" decoding=\"async\" width=\"854\" height=\"858\" src=\"https:\/\/feltvibe.com\/uploads\/plastik-2.jpg\" class=\"attachment-large size-large\" alt=\"\" srcset=\"https:\/\/feltvibe.com\/uploads\/plastik-2.jpg 854w, https:\/\/feltvibe.com\/uploads\/plastik-2-300x300.jpg 300w, https:\/\/feltvibe.com\/uploads\/plastik-2-150x150.jpg 150w, https:\/\/feltvibe.com\/uploads\/plastik-2-768x772.jpg 768w\" sizes=\"auto, (max-width: 854px) 100vw, 854px\" \/>\t\t\t\t\t\t\n\t\t\t\t\t<\/div>\n\t\t\t\t\t\t\t\t\n<style>\n#image_1849372830 {\n  width: 100%;\n}\n<\/style>\n\t<\/div>\n\t\n<p><strong>Paso 1 - Residuos de pl\u00e1stico<\/strong><\/p>\n<p>Las botellas llegan a las instalaciones de reciclaje en balas de 250 kg fuertemente comprimidas. Las balas se abren, las botellas se lavan y se clasifican. Durante la clasificaci\u00f3n, las m\u00e1quinas retiran los componentes coloreados, como tapones y etiquetas.<\/p>\n\t\t<\/div>\n\t\t\t\t\t<\/div>\n\n\t\n\n\t<div id=\"col-1057439893\" class=\"col medium-4 small-12 large-4\"  >\n\t\t\t\t<div class=\"col-inner\"  >\n\t\t\t\n\t\t\t\n\t<div class=\"img has-hover x md-x lg-x y md-y lg-y\" id=\"image_1780639983\">\n\t\t\t\t\t\t\t\t<div class=\"img-inner image-cover dark\" style=\"padding-top:75%;\">\n\t\t\t<img loading=\"lazy\" decoding=\"async\" width=\"225\" height=\"225\" src=\"https:\/\/feltvibe.com\/uploads\/plastik-granul.jpg\" class=\"attachment-large size-large\" alt=\"\" srcset=\"https:\/\/feltvibe.com\/uploads\/plastik-granul.jpg 225w, https:\/\/feltvibe.com\/uploads\/plastik-granul-150x150.jpg 150w\" sizes=\"auto, (max-width: 225px) 100vw, 225px\" \/>\t\t\t\t\t\t\n\t\t\t\t\t<\/div>\n\t\t\t\t\t\t\t\t\n<style>\n#image_1780639983 {\n  width: 100%;\n}\n<\/style>\n\t<\/div>\n\t\n<p><strong>Paso 2 - Copos<\/strong><\/p>\n<p>Tras la clasificaci\u00f3n, las botellas se introducen en un granulador. Unas potentes cuchillas giratorias las trituran en copos de aproximadamente 1 cm, mientras el sistema filtra las impurezas restantes. Lo que antes eran botellas de pl\u00e1stico ahora son copos de PET limpios y puros, listos para la siguiente fase de transformaci\u00f3n.<\/p>\n\t\t<\/div>\n\t\t\t\t\t<\/div>\n\n\t\n\n\t<div id=\"col-1744600117\" class=\"col medium-4 small-12 large-4\"  >\n\t\t\t\t<div class=\"col-inner\"  >\n\t\t\t\n\t\t\t\n\t<div class=\"img has-hover x md-x lg-x y md-y lg-y\" id=\"image_314108968\">\n\t\t\t\t\t\t\t\t<div class=\"img-inner image-cover dark\" style=\"padding-top:75%;\">\n\t\t\t<img loading=\"lazy\" decoding=\"async\" width=\"570\" height=\"380\" src=\"https:\/\/feltvibe.com\/uploads\/PET-FELT_fiber.jpeg\" class=\"attachment-large size-large\" alt=\"\" srcset=\"https:\/\/feltvibe.com\/uploads\/PET-FELT_fiber.jpeg 570w, https:\/\/feltvibe.com\/uploads\/PET-FELT_fiber-300x200.jpeg 300w, https:\/\/feltvibe.com\/uploads\/PET-FELT_fiber-18x12.jpeg 18w\" sizes=\"auto, (max-width: 570px) 100vw, 570px\" \/>\t\t\t\t\t\t\n\t\t\t\t\t<\/div>\n\t\t\t\t\t\t\t\t\n<style>\n#image_314108968 {\n  width: 100%;\n}\n<\/style>\n\t<\/div>\n\t\n<p><strong>Paso 3 - Fibra<\/strong><\/p>\n<p>A continuaci\u00f3n, los copos de PET pasan por una extrusora, donde se funden y se hilan en fibras de poli\u00e9ster. Este proceso transforma el pl\u00e1stico r\u00edgido en una textura suave, parecida a la lana. A continuaci\u00f3n, las fibras se transforman en finas l\u00e1minas, listas para la fase de fieltrado.<\/p>\n\t\t<\/div>\n\t\t\t\t\t<\/div>\n\n\t\n<\/div>\n<div class=\"row\"  id=\"row-62365324\">\n\n\t<div id=\"col-763430590\" class=\"col medium-6 small-12 large-6\"  >\n\t\t\t\t<div class=\"col-inner\"  >\n\t\t\t\n\t\t\t\n\t<div class=\"img has-hover x md-x lg-x y md-y lg-y\" id=\"image_1929479961\">\n\t\t\t\t\t\t\t\t<div class=\"img-inner image-cover dark\" style=\"padding-top:75%;\">\n\t\t\t<img loading=\"lazy\" decoding=\"async\" width=\"500\" height=\"425\" src=\"https:\/\/feltvibe.com\/uploads\/arketa-pet-felt-panel-333.png\" class=\"attachment-large size-large\" alt=\"\" srcset=\"https:\/\/feltvibe.com\/uploads\/arketa-pet-felt-panel-333.png 500w, https:\/\/feltvibe.com\/uploads\/arketa-pet-felt-panel-333-300x255.png 300w\" sizes=\"auto, (max-width: 500px) 100vw, 500px\" \/>\t\t\t\t\t\t\n\t\t\t\t\t<\/div>\n\t\t\t\t\t\t\t\t\n<style>\n#image_1929479961 {\n  width: 100%;\n}\n<\/style>\n\t<\/div>\n\t\n<p><strong>Paso 4 - Hojas de fieltro<\/strong><\/p>\n<p>En la m\u00e1quina de fieltrar, las fibras se colocan en capas y se compactan. Entonces comienza el proceso de fieltrado: miles de agujas con p\u00faas perforan repetidamente el material, uniendo las fibras y formando el fieltro. Con la misma t\u00e9cnica, tres capas de fieltro se unen en una densa estera, lista para ser prensada.<\/p>\n\t\t<\/div>\n\t\t\t\t\t<\/div>\n\n\t\n\n\t<div id=\"col-610091811\" class=\"col medium-6 small-12 large-6\"  >\n\t\t\t\t<div class=\"col-inner\"  >\n\t\t\t\n\t\t\t\n\t<div class=\"img has-hover x md-x lg-x y md-y lg-y\" id=\"image_48048955\">\n\t\t\t\t\t\t\t\t<div class=\"img-inner image-cover dark\" style=\"padding-top:75%;\">\n\t\t\t<img loading=\"lazy\" decoding=\"async\" width=\"570\" height=\"380\" src=\"https:\/\/feltvibe.com\/uploads\/PET-FELT_fiber-2.jpeg\" class=\"attachment-large size-large\" alt=\"\" srcset=\"https:\/\/feltvibe.com\/uploads\/PET-FELT_fiber-2.jpeg 570w, https:\/\/feltvibe.com\/uploads\/PET-FELT_fiber-2-300x200.jpeg 300w, https:\/\/feltvibe.com\/uploads\/PET-FELT_fiber-2-18x12.jpeg 18w\" sizes=\"auto, (max-width: 570px) 100vw, 570px\" \/>\t\t\t\t\t\t\n\t\t\t\t\t<\/div>\n\t\t\t\t\t\t\t\t\n<style>\n#image_48048955 {\n  width: 100%;\n}\n<\/style>\n\t<\/div>\n\t\n<p><strong>Paso 5 - Soluciones de productos<\/strong><\/p>\n<p>El fieltro PET puede moldearse en pr\u00e1cticamente cualquier forma. En un solo paso de moldeado, una m\u00e1quina de prensado 3D transforma una l\u00e1mina de fieltro plana en una pieza fuerte y estable, al tiempo que mantiene su textura suave, similar a la lana. Con este proceso, el fieltro PET puede convertirse en paneles para paredes y techos, pantallas de l\u00e1mparas y mucho m\u00e1s.<\/p>\n\t\t<\/div>\n\t\t\t\t\t<\/div>\n\n\t\n<\/div>\n\t<div id=\"gap-1548616862\" class=\"gap-element clearfix\" style=\"display:block; height:auto;\">\n\t\t\n<style>\n#gap-1548616862 {\n  padding-top: 5vh;\n}\n<\/style>\n\t<\/div>\n\t\n<p>En la m\u00e1quina de fieltrar, las fibras se colocan en capas y se compactan. Entonces comienza el proceso de fieltrado: miles de agujas con p\u00faas perforan repetidamente el material, uniendo las fibras y formando el fieltro. Con la misma t\u00e9cnica, tres capas de fieltro se unen en una densa estera, lista para ser prensada.<\/p>\n\t\t<\/div>\n\t\t\t\t\t<\/div>\n\n\t\n\n<style>\n#row-220354717 > .col > .col-inner {\n  background-color: #f6f6f6;\n}\n<\/style>\n<\/div>\n\t\t<\/div>\n\n\t\t\n<style>\n#section_1541775109 {\n  padding-top: 30px;\n  padding-bottom: 30px;\n  background-color: #f6f6f6;\n}\n<\/style>\n\t<\/section>","protected":false},"excerpt":{"rendered":"","protected":false},"author":2,"featured_media":0,"parent":0,"menu_order":0,"comment_status":"closed","ping_status":"closed","template":"","meta":{"footnotes":""},"class_list":["post-10229","page","type-page","status-publish","hentry"],"yoast_head":"<!-- This site is optimized with the Yoast SEO Premium plugin v27.4 (Yoast SEO v27.4) - https:\/\/yoast.com\/product\/yoast-seo-premium-wordpress\/ -->\n<title>From Bottle to PET Felt | Sustainable Manufacturing<\/title>\n<meta name=\"description\" content=\"Witness the transformation of recycled plastic bottles into high-performance acoustic felt. Join our mission to reduce global waste through design innovation.\" \/>\n<meta name=\"robots\" content=\"index, follow, max-snippet:-1, max-image-preview:large, max-video-preview:-1\" \/>\n<link rel=\"canonical\" href=\"https:\/\/feltvibe.com\/es\/de-la-botella-a-las-laminas-de-fieltro-como-fabricamos-fieltro-para-mascotas\/\" \/>\n<meta property=\"og:locale\" content=\"es_ES\" \/>\n<meta property=\"og:type\" content=\"article\" \/>\n<meta property=\"og:title\" content=\"How We Make PET Felt: From Recycled Bottles to Sheets\" \/>\n<meta property=\"og:description\" content=\"Discover the eco-friendly journey of our acoustic panels. We turn billions of discarded plastic bottles into premium, high-performance felt solutions.\" \/>\n<meta property=\"og:url\" content=\"https:\/\/feltvibe.com\/es\/de-la-botella-a-las-laminas-de-fieltro-como-fabricamos-fieltro-para-mascotas\/\" \/>\n<meta property=\"og:site_name\" content=\"Feltvibe | Acoustic Felt\" \/>\n<meta property=\"article:publisher\" content=\"https:\/\/www.facebook.com\/Gentug\" \/>\n<meta property=\"article:modified_time\" content=\"2026-03-13T07:18:41+00:00\" \/>\n<meta property=\"og:image\" content=\"https:\/\/feltvibe.com\/uploads\/arketa-pet-felt-panel-1.jpg\" \/>\n\t<meta property=\"og:image:width\" content=\"500\" \/>\n\t<meta property=\"og:image:height\" content=\"425\" \/>\n\t<meta property=\"og:image:type\" content=\"image\/jpeg\" \/>\n<meta name=\"twitter:card\" content=\"summary_large_image\" \/>\n<meta name=\"twitter:title\" content=\"Sustainable PET Felt: From Bottle to Sheet\" \/>\n<meta name=\"twitter:description\" content=\"See how we recycle plastic bottles into high-quality acoustic felt. Innovation meets sustainability in every sheet we produce.\" \/>\n<meta name=\"twitter:label1\" content=\"Tiempo de lectura\" \/>\n\t<meta name=\"twitter:data1\" content=\"2 minutos\" \/>\n<script type=\"application\/ld+json\" class=\"yoast-schema-graph\">{\"@context\":\"https:\\\/\\\/schema.org\",\"@graph\":[{\"@type\":\"WebPage\",\"@id\":\"https:\\\/\\\/feltvibe.com\\\/from-bottle-to-felt-sheets-how-we-make-pet-felt\\\/\",\"url\":\"https:\\\/\\\/feltvibe.com\\\/from-bottle-to-felt-sheets-how-we-make-pet-felt\\\/\",\"name\":\"From Bottle to PET Felt | Sustainable Manufacturing\",\"isPartOf\":{\"@id\":\"https:\\\/\\\/feltvibe.com\\\/#website\"},\"datePublished\":\"2025-06-09T16:02:36+00:00\",\"dateModified\":\"2026-03-13T07:18:41+00:00\",\"description\":\"Witness the transformation of recycled plastic bottles into high-performance acoustic felt. Join our mission to reduce global waste through design innovation.\",\"breadcrumb\":{\"@id\":\"https:\\\/\\\/feltvibe.com\\\/from-bottle-to-felt-sheets-how-we-make-pet-felt\\\/#breadcrumb\"},\"inLanguage\":\"es\",\"potentialAction\":[{\"@type\":\"ReadAction\",\"target\":[\"https:\\\/\\\/feltvibe.com\\\/from-bottle-to-felt-sheets-how-we-make-pet-felt\\\/\"]}]},{\"@type\":\"BreadcrumbList\",\"@id\":\"https:\\\/\\\/feltvibe.com\\\/from-bottle-to-felt-sheets-how-we-make-pet-felt\\\/#breadcrumb\",\"itemListElement\":[{\"@type\":\"ListItem\",\"position\":1,\"name\":\"Home\",\"item\":\"https:\\\/\\\/feltvibe.com\\\/\"},{\"@type\":\"ListItem\",\"position\":2,\"name\":\"From Bottle to Felt Sheets: How We Make Felt\"}]},{\"@type\":\"WebSite\",\"@id\":\"https:\\\/\\\/feltvibe.com\\\/#website\",\"url\":\"https:\\\/\\\/feltvibe.com\\\/\",\"name\":\"Feltvibe Acoustic Felt\",\"description\":\"Feltvibe is a leading manufacturer providing innovative felt solutions for various industries, including thermoforming and automotive. Specializing in high-quality felt products, the company offers custom design and production services tailored to meet customer needs. Feltvibe is committed to creating sustainable, durable, and eco-friendly products while staying up to date with technological advancements. With a strong focus on customer satisfaction, the company ensures top-tier quality in all of its solutions.\",\"publisher\":{\"@id\":\"https:\\\/\\\/feltvibe.com\\\/#organization\"},\"potentialAction\":[{\"@type\":\"SearchAction\",\"target\":{\"@type\":\"EntryPoint\",\"urlTemplate\":\"https:\\\/\\\/feltvibe.com\\\/?s={search_term_string}\"},\"query-input\":{\"@type\":\"PropertyValueSpecification\",\"valueRequired\":true,\"valueName\":\"search_term_string\"}}],\"inLanguage\":\"es\"},{\"@type\":\"Organization\",\"@id\":\"https:\\\/\\\/feltvibe.com\\\/#organization\",\"name\":\"Feltvibe is a leading manufacturer providing innovative acoustic and industrial felt solutions for various industries, including thermoformable PET felt panels and sustainable textile applications.\",\"alternateName\":\"Feltvibe by Gentu\u011f Tekstil\",\"url\":\"https:\\\/\\\/feltvibe.com\\\/\",\"logo\":{\"@type\":\"ImageObject\",\"inLanguage\":\"es\",\"@id\":\"https:\\\/\\\/feltvibe.com\\\/#\\\/schema\\\/logo\\\/image\\\/\",\"url\":\"https:\\\/\\\/feltvibe.com\\\/uploads\\\/feltvibe-dark-logo-final.svg\",\"contentUrl\":\"https:\\\/\\\/feltvibe.com\\\/uploads\\\/feltvibe-dark-logo-final.svg\",\"width\":1,\"height\":1,\"caption\":\"Feltvibe is a leading manufacturer providing innovative acoustic and industrial felt solutions for various industries, including thermoformable PET felt panels and sustainable textile applications.\"},\"image\":{\"@id\":\"https:\\\/\\\/feltvibe.com\\\/#\\\/schema\\\/logo\\\/image\\\/\"},\"sameAs\":[\"https:\\\/\\\/www.facebook.com\\\/Gentug\",\"https:\\\/\\\/www.instagram.com\\\/felt.vibe\\\/\",\"https:\\\/\\\/www.linkedin.com\\\/company\\\/feltvibe\"],\"description\":\"Gentu\u011f Textile is the main and the most reliable technical textile manufacturer in Turkey, providing high quality products to the worldwide markets.\",\"email\":\"info@feltvibe.com\",\"telephone\":\"+90 212 637 09 89\",\"legalName\":\"Gentu\u011f Tekstil \u00dcr\u00fcn. San. Tic. A.\u015e.\",\"foundingDate\":\"1917-01-01\",\"vatID\":\"3940016139\",\"taxID\":\"MARMARA KURUMLAR\",\"numberOfEmployees\":{\"@type\":\"QuantitativeValue\",\"minValue\":\"501\",\"maxValue\":\"1000\"},\"publishingPrinciples\":\"https:\\\/\\\/feltvibe.com\\\/privacy-policy\\\/\",\"ownershipFundingInfo\":\"https:\\\/\\\/feltvibe.com\\\/about-us\\\/\",\"actionableFeedbackPolicy\":\"https:\\\/\\\/feltvibe.com\\\/contact-us\\\/\",\"correctionsPolicy\":\"https:\\\/\\\/feltvibe.com\\\/certification\\\/\",\"ethicsPolicy\":\"https:\\\/\\\/feltvibe.com\\\/privacy-policy\\\/\",\"diversityPolicy\":\"https:\\\/\\\/feltvibe.com\\\/privacy-policy\\\/\",\"diversityStaffingReport\":\"https:\\\/\\\/feltvibe.com\\\/contact-us\\\/\"}]}<\/script>\n<!-- \/ Yoast SEO Premium plugin. -->","yoast_head_json":{"title":"From Bottle to PET Felt | Sustainable Manufacturing","description":"Witness the transformation of recycled plastic bottles into high-performance acoustic felt. Join our mission to reduce global waste through design innovation.","robots":{"index":"index","follow":"follow","max-snippet":"max-snippet:-1","max-image-preview":"max-image-preview:large","max-video-preview":"max-video-preview:-1"},"canonical":"https:\/\/feltvibe.com\/es\/de-la-botella-a-las-laminas-de-fieltro-como-fabricamos-fieltro-para-mascotas\/","og_locale":"es_ES","og_type":"article","og_title":"How We Make PET Felt: From Recycled Bottles to Sheets","og_description":"Discover the eco-friendly journey of our acoustic panels. We turn billions of discarded plastic bottles into premium, high-performance felt solutions.","og_url":"https:\/\/feltvibe.com\/es\/de-la-botella-a-las-laminas-de-fieltro-como-fabricamos-fieltro-para-mascotas\/","og_site_name":"Feltvibe | Acoustic Felt","article_publisher":"https:\/\/www.facebook.com\/Gentug","article_modified_time":"2026-03-13T07:18:41+00:00","og_image":[{"width":500,"height":425,"url":"https:\/\/feltvibe.com\/uploads\/arketa-pet-felt-panel-1.jpg","type":"image\/jpeg"}],"twitter_card":"summary_large_image","twitter_title":"Sustainable PET Felt: From Bottle to Sheet","twitter_description":"See how we recycle plastic bottles into high-quality acoustic felt. Innovation meets sustainability in every sheet we produce.","twitter_misc":{"Tiempo de lectura":"2 minutos"},"schema":{"@context":"https:\/\/schema.org","@graph":[{"@type":"WebPage","@id":"https:\/\/feltvibe.com\/from-bottle-to-felt-sheets-how-we-make-pet-felt\/","url":"https:\/\/feltvibe.com\/from-bottle-to-felt-sheets-how-we-make-pet-felt\/","name":"From Bottle to PET Felt | Sustainable Manufacturing","isPartOf":{"@id":"https:\/\/feltvibe.com\/#website"},"datePublished":"2025-06-09T16:02:36+00:00","dateModified":"2026-03-13T07:18:41+00:00","description":"Witness the transformation of recycled plastic bottles into high-performance acoustic felt. Join our mission to reduce global waste through design innovation.","breadcrumb":{"@id":"https:\/\/feltvibe.com\/from-bottle-to-felt-sheets-how-we-make-pet-felt\/#breadcrumb"},"inLanguage":"es","potentialAction":[{"@type":"ReadAction","target":["https:\/\/feltvibe.com\/from-bottle-to-felt-sheets-how-we-make-pet-felt\/"]}]},{"@type":"BreadcrumbList","@id":"https:\/\/feltvibe.com\/from-bottle-to-felt-sheets-how-we-make-pet-felt\/#breadcrumb","itemListElement":[{"@type":"ListItem","position":1,"name":"Home","item":"https:\/\/feltvibe.com\/"},{"@type":"ListItem","position":2,"name":"From Bottle to Felt Sheets: How We Make Felt"}]},{"@type":"WebSite","@id":"https:\/\/feltvibe.com\/#website","url":"https:\/\/feltvibe.com\/","name":"Fieltro ac\u00fastico Feltvibe","description":"Feltvibe es un fabricante l\u00edder que ofrece soluciones innovadoras de fieltro para diversos sectores, como el termoformado y la automoci\u00f3n. Especializada en productos de fieltro de alta calidad, la empresa ofrece servicios de dise\u00f1o y producci\u00f3n personalizados adaptados a las necesidades del cliente. Feltvibe se compromete a crear productos sostenibles, duraderos y respetuosos con el medio ambiente, al tiempo que se mantiene al d\u00eda de los avances tecnol\u00f3gicos. Con un fuerte enfoque en la satisfacci\u00f3n del cliente, la empresa garantiza la m\u00e1xima calidad en todas sus soluciones.","publisher":{"@id":"https:\/\/feltvibe.com\/#organization"},"potentialAction":[{"@type":"SearchAction","target":{"@type":"EntryPoint","urlTemplate":"https:\/\/feltvibe.com\/?s={search_term_string}"},"query-input":{"@type":"PropertyValueSpecification","valueRequired":true,"valueName":"search_term_string"}}],"inLanguage":"es"},{"@type":"Organization","@id":"https:\/\/feltvibe.com\/#organization","name":"Feltvibe es un fabricante l\u00edder que ofrece soluciones innovadoras de fieltro ac\u00fastico e industrial para diversas industrias, incluidos paneles de fieltro de PET termoformable y aplicaciones textiles sostenibles.","alternateName":"Feltvibe by Gentu\u011f Tekstil","url":"https:\/\/feltvibe.com\/","logo":{"@type":"ImageObject","inLanguage":"es","@id":"https:\/\/feltvibe.com\/#\/schema\/logo\/image\/","url":"https:\/\/feltvibe.com\/uploads\/feltvibe-dark-logo-final.svg","contentUrl":"https:\/\/feltvibe.com\/uploads\/feltvibe-dark-logo-final.svg","width":1,"height":1,"caption":"Feltvibe is a leading manufacturer providing innovative acoustic and industrial felt solutions for various industries, including thermoformable PET felt panels and sustainable textile applications."},"image":{"@id":"https:\/\/feltvibe.com\/#\/schema\/logo\/image\/"},"sameAs":["https:\/\/www.facebook.com\/Gentug","https:\/\/www.instagram.com\/felt.vibe\/","https:\/\/www.linkedin.com\/company\/feltvibe"],"description":"Gentu\u011f Textile es el principal y m\u00e1s fiable fabricante de textiles t\u00e9cnicos de Turqu\u00eda, que suministra productos de alta calidad a los mercados de todo el mundo.","email":"info@feltvibe.com","telephone":"+90 212 637 09 89","legalName":"Gentu\u011f Tekstil \u00dcr\u00fcn. San. Tic. A.\u015e.","foundingDate":"1917-01-01","vatID":"3940016139","taxID":"MARMARA KURUMLAR","numberOfEmployees":{"@type":"QuantitativeValue","minValue":"501","maxValue":"1000"},"publishingPrinciples":"https:\/\/feltvibe.com\/privacy-policy\/","ownershipFundingInfo":"https:\/\/feltvibe.com\/about-us\/","actionableFeedbackPolicy":"https:\/\/feltvibe.com\/contact-us\/","correctionsPolicy":"https:\/\/feltvibe.com\/certification\/","ethicsPolicy":"https:\/\/feltvibe.com\/privacy-policy\/","diversityPolicy":"https:\/\/feltvibe.com\/privacy-policy\/","diversityStaffingReport":"https:\/\/feltvibe.com\/contact-us\/"}]}},"_links":{"self":[{"href":"https:\/\/feltvibe.com\/es\/wp-json\/wp\/v2\/pages\/10229","targetHints":{"allow":["GET"]}}],"collection":[{"href":"https:\/\/feltvibe.com\/es\/wp-json\/wp\/v2\/pages"}],"about":[{"href":"https:\/\/feltvibe.com\/es\/wp-json\/wp\/v2\/types\/page"}],"author":[{"embeddable":true,"href":"https:\/\/feltvibe.com\/es\/wp-json\/wp\/v2\/users\/2"}],"replies":[{"embeddable":true,"href":"https:\/\/feltvibe.com\/es\/wp-json\/wp\/v2\/comments?post=10229"}],"version-history":[{"count":31,"href":"https:\/\/feltvibe.com\/es\/wp-json\/wp\/v2\/pages\/10229\/revisions"}],"predecessor-version":[{"id":17255,"href":"https:\/\/feltvibe.com\/es\/wp-json\/wp\/v2\/pages\/10229\/revisions\/17255"}],"wp:attachment":[{"href":"https:\/\/feltvibe.com\/es\/wp-json\/wp\/v2\/media?parent=10229"}],"curies":[{"name":"wp","href":"https:\/\/api.w.org\/{rel}","templated":true}]}}