{"id":3,"date":"2024-09-05T17:11:52","date_gmt":"2024-09-05T14:11:52","guid":{"rendered":"https:\/\/feltvibe.com\/?page_id=3"},"modified":"2026-03-13T10:20:32","modified_gmt":"2026-03-13T07:20:32","slug":"politica-de-privacidad","status":"publish","type":"page","link":"https:\/\/feltvibe.com\/es\/privacy-policy\/","title":{"rendered":"Pol\u00edtica de privacidad"},"content":{"rendered":"<div id=\"gap-1291119581\" class=\"gap-element clearfix\" style=\"display:block; height:auto;\">\n\t\t\n<style>\n#gap-1291119581 {\n  padding-top: 5vh;\n}\n<\/style>\n\t<\/div>\n\t\n<div class=\"row\"  id=\"row-158052545\">\n\n\t<div id=\"col-1512366425\" class=\"col small-12 large-12\"  >\n\t\t\t\t<div class=\"col-inner\"  >\n\t\t\t\n\t\t\t\n<p><strong>Pol\u00edtica de privacidad de Feltvibe<\/strong><\/p>\n<p><strong>Feltvibe<\/strong>, nos comprometemos a proteger su privacidad y a garantizar que sus datos personales se utilicen de forma responsable y segura. La presente Pol\u00edtica de Privacidad describe c\u00f3mo recopilamos, utilizamos, almacenamos y compartimos sus datos personales de conformidad con la normativa aplicable en materia de protecci\u00f3n de datos, incluido el Reglamento General de Protecci\u00f3n de Datos (RGPD) y otras leyes internacionales sobre privacidad.<\/p>\n<h3>1. Informaci\u00f3n que recopilamos<\/h3>\n<p>Podemos recopilar y procesar los siguientes tipos de informaci\u00f3n personal:<\/p>\n<ul>\n<li><strong>Informaci\u00f3n de contacto:<\/strong> Nombre, direcci\u00f3n de correo electr\u00f3nico, n\u00famero de tel\u00e9fono y direcci\u00f3n f\u00edsica.<\/li>\n<li><strong>Informaci\u00f3n comercial:<\/strong> Cargo, nombre de la empresa y sector.<\/li>\n<li><strong>Informaci\u00f3n de uso:<\/strong> C\u00f3mo interact\u00faa con nuestro sitio web, incluida la direcci\u00f3n IP, el tipo de navegador y los detalles del dispositivo.<\/li>\n<li><strong>Preferencias de marketing:<\/strong> Sus preferencias en cuanto a la recepci\u00f3n de material publicitario por nuestra parte.<\/li>\n<\/ul>\n<h3>2. C\u00f3mo utilizamos sus datos personales<\/h3>\n<p>Utilizamos la informaci\u00f3n personal que recopilamos para los siguientes fines:<\/p>\n<ul>\n<li><strong>Prestar servicios:<\/strong> Responder a las consultas, atender las solicitudes y prestar asistencia al cliente.<\/li>\n<li><strong>Comunicaciones de marketing:<\/strong> Con su consentimiento, enviarle informaci\u00f3n sobre productos, servicios, promociones o eventos.<\/li>\n<li><strong>Mejorar nuestros servicios:<\/strong> Analizar los datos de uso para mejorar nuestro sitio web, productos y servicios.<\/li>\n<li><strong>Cumplimiento legal:<\/strong> Garantizar el cumplimiento de las leyes, reglamentos y normas industriales aplicables.<\/li>\n<\/ul>\n<h3>3. Base jur\u00eddica del tratamiento<\/h3>\n<p>Tratamos sus datos personales bas\u00e1ndonos en uno o varios de los siguientes fundamentos jur\u00eddicos:<\/p>\n<ul>\n<li><strong>Consentimiento:<\/strong> Cuando usted da su consentimiento expl\u00edcito para que procesemos su informaci\u00f3n personal con fines de marketing u otros fines espec\u00edficos.<\/li>\n<li><strong>Necesidad contractual:<\/strong> Cuando el tratamiento de sus datos sea necesario para la ejecuci\u00f3n de un contrato con usted o para tomar medidas a petici\u00f3n suya antes de celebrar un contrato.<\/li>\n<li><strong>Intereses leg\u00edtimos:<\/strong> Cuando el tratamiento sea necesario para nuestros intereses comerciales leg\u00edtimos, como mejorar nuestros servicios, siempre que sus derechos e intereses no prevalezcan sobre dichos intereses.<\/li>\n<li><strong>Obligaci\u00f3n legal:<\/strong> Cuando el tratamiento sea necesario para cumplir obligaciones legales, como requisitos fiscales o reglamentarios.<\/li>\n<\/ul>\n<h3>4. Compartir sus datos<\/h3>\n<p>Podemos compartir sus datos personales con terceros en las siguientes situaciones:<\/p>\n<ul>\n<li><strong>Proveedores de servicios:<\/strong> Terceros proveedores que nos ayudan a prestar servicios, como marketing, an\u00e1lisis de datos y atenci\u00f3n al cliente.<\/li>\n<li><strong>Obligaciones legales:<\/strong> Cuando lo exija la ley o un proceso legal, podremos revelar su informaci\u00f3n a las autoridades o a terceros.<\/li>\n<li><strong>Traspasos de empresas:<\/strong> En caso de fusi\u00f3n, adquisici\u00f3n o venta de activos, sus datos personales podr\u00e1n transferirse como parte de la transacci\u00f3n.<\/li>\n<\/ul>\n<h3>5. 5. Seguridad de los datos<\/h3>\n<p>Aplicamos las medidas t\u00e9cnicas y organizativas adecuadas para proteger sus datos personales contra el acceso, la divulgaci\u00f3n, la alteraci\u00f3n o la destrucci\u00f3n no autorizados. Revisamos y actualizamos peri\u00f3dicamente nuestras pr\u00e1cticas de seguridad para garantizar la protecci\u00f3n permanente de su informaci\u00f3n.<\/p>\n<h3>6. Transferencias internacionales de datos<\/h3>\n<p>Sus datos personales pueden ser transferidos y tratados en pa\u00edses fuera de su pa\u00eds de residencia, incluidos pa\u00edses que pueden no ofrecer el mismo nivel de protecci\u00f3n de datos que el suyo. Cuando transferimos datos personales a otros pa\u00edses, nos aseguramos de que existen las salvaguardias adecuadas para proteger su informaci\u00f3n de conformidad con la legislaci\u00f3n aplicable.<\/p>\n<h3>7. Sus derechos<\/h3>\n<p>Usted tiene los siguientes derechos en relaci\u00f3n con sus datos personales:<\/p>\n<ul>\n<li><strong>Acceso:<\/strong> Tiene derecho a solicitar acceso a los datos personales que tenemos sobre usted.<\/li>\n<li><strong>Correcci\u00f3n:<\/strong> Puede solicitar que corrijamos o actualicemos la informaci\u00f3n inexacta o incompleta.<\/li>\n<li><strong>Supresi\u00f3n:<\/strong> En determinadas condiciones, puede solicitar que eliminemos sus datos personales.<\/li>\n<li><strong>Restricci\u00f3n:<\/strong> Tiene derecho a solicitar que restrinjamos el tratamiento de sus datos en determinadas situaciones.<\/li>\n<li><strong>Portabilidad de datos:<\/strong> Puede solicitar una copia de sus datos personales en un formato estructurado, de uso com\u00fan y lectura mec\u00e1nica.<\/li>\n<li><strong>Protesto:<\/strong> Tiene derecho a oponerse al tratamiento de sus datos personales con fines de mercadotecnia directa u otros fines espec\u00edficos.<\/li>\n<li><strong>Retirada del consentimiento:<\/strong> Si ha dado su consentimiento para el tratamiento de sus datos, puede retirarlo en cualquier momento.<\/li>\n<\/ul>\n<p>Para ejercer sus derechos, p\u00f3ngase en contacto con nosotros en <strong><a rel=\"noopener\">info@feltvibe.com<\/a><\/strong>.<\/p>\n<h3>8. Conservaci\u00f3n de datos<\/h3>\n<p>Conservaremos sus datos personales durante el tiempo necesario para cumplir los fines para los que fueron recogidos, a menos que la ley exija o permita un periodo de conservaci\u00f3n m\u00e1s largo. Cuando sus datos ya no sean necesarios, los eliminaremos de forma segura o los anonimizaremos.<\/p>\n<h3>9. Cambios en esta pol\u00edtica de privacidad<\/h3>\n<p>Podemos actualizar esta Pol\u00edtica de Privacidad de vez en cuando para reflejar cambios en nuestras pr\u00e1cticas o en la legislaci\u00f3n aplicable. Cualquier cambio se publicar\u00e1 en nuestra p\u00e1gina web con la fecha de entrada en vigor de la pol\u00edtica actualizada. Le recomendamos que revise esta p\u00e1gina peri\u00f3dicamente.<\/p>\n<h3>10. Contacto<\/h3>\n<p>Si tiene alguna pregunta o duda sobre esta Pol\u00edtica de privacidad o sobre c\u00f3mo utilizamos sus datos personales, p\u00f3ngase en contacto con nosotros en:<\/p>\n<p><strong>Feltvibe<\/strong><br \/>\n<strong>GENTUG TEXTILE PRODUCTS SAN. VE T\u0130C. A.\u015e.<\/strong><br \/>\nSavas Caddesi, S\u00f6\u011f\u00fct Sokak No:1<br \/>\n34173 Merter, Estambul, Turqu\u00eda<br \/>\nCorreo electr\u00f3nico: <strong><a rel=\"noopener\">info@feltvibe.com<\/a><\/strong><br \/>\nTel\u00e9fono: <strong>+90 212 637 09 89<\/strong><\/p>\n\t\t<\/div>\n\t\t\t\t\t<\/div>\n\n\t\n<\/div>","protected":false},"excerpt":{"rendered":"","protected":false},"author":1,"featured_media":0,"parent":0,"menu_order":0,"comment_status":"closed","ping_status":"closed","template":"","meta":{"footnotes":""},"class_list":["post-3","page","type-page","status-publish","hentry"],"yoast_head":"<!-- This site is optimized with the Yoast SEO Premium plugin v27.4 (Yoast SEO v27.4) - https:\/\/yoast.com\/product\/yoast-seo-premium-wordpress\/ -->\n<title>Privacy Policy | Your Data Security at Feltvibe<\/title>\n<meta name=\"description\" content=\"Your privacy matters. Read the Feltvibe Privacy Policy to understand how we protect your personal data in compliance with GDPR and international standards.\" \/>\n<meta name=\"robots\" content=\"index, follow, max-snippet:-1, max-image-preview:large, max-video-preview:-1\" \/>\n<link rel=\"canonical\" href=\"https:\/\/feltvibe.com\/es\/politica-de-privacidad\/\" \/>\n<meta property=\"og:locale\" content=\"es_ES\" \/>\n<meta property=\"og:type\" content=\"article\" \/>\n<meta property=\"og:title\" content=\"Feltvibe Privacy Policy | Commitment to Data Safety\" \/>\n<meta property=\"og:description\" content=\"Transparent, secure, and compliant. Learn how we handle your personal information and maintain your privacy across all our services and platforms.\" \/>\n<meta property=\"og:url\" content=\"https:\/\/feltvibe.com\/es\/politica-de-privacidad\/\" \/>\n<meta property=\"og:site_name\" content=\"Feltvibe | Acoustic Felt\" \/>\n<meta property=\"article:publisher\" content=\"https:\/\/www.facebook.com\/Gentug\" \/>\n<meta property=\"article:modified_time\" content=\"2026-03-13T07:20:32+00:00\" \/>\n<meta property=\"og:image\" content=\"https:\/\/feltvibe.com\/uploads\/arketa-pet-felt-panel-1.jpg\" \/>\n\t<meta property=\"og:image:width\" content=\"500\" \/>\n\t<meta property=\"og:image:height\" content=\"425\" \/>\n\t<meta property=\"og:image:type\" content=\"image\/jpeg\" \/>\n<meta name=\"twitter:card\" content=\"summary_large_image\" \/>\n<meta name=\"twitter:title\" content=\"Privacy Policy | Feltvibe Data Security Standards\" \/>\n<meta name=\"twitter:description\" content=\"Explore our commitment to GDPR compliance and data protection. We ensure your personal information stays safe and secure.\" \/>\n<meta name=\"twitter:label1\" content=\"Tiempo de lectura\" \/>\n\t<meta name=\"twitter:data1\" content=\"4 minutos\" \/>\n<script type=\"application\/ld+json\" class=\"yoast-schema-graph\">{\"@context\":\"https:\\\/\\\/schema.org\",\"@graph\":[{\"@type\":\"WebPage\",\"@id\":\"https:\\\/\\\/feltvibe.com\\\/privacy-policy\\\/\",\"url\":\"https:\\\/\\\/feltvibe.com\\\/privacy-policy\\\/\",\"name\":\"Privacy Policy | Your Data Security at Feltvibe\",\"isPartOf\":{\"@id\":\"https:\\\/\\\/feltvibe.com\\\/#website\"},\"datePublished\":\"2024-09-05T14:11:52+00:00\",\"dateModified\":\"2026-03-13T07:20:32+00:00\",\"description\":\"Your privacy matters. Read the Feltvibe Privacy Policy to understand how we protect your personal data in compliance with GDPR and international standards.\",\"breadcrumb\":{\"@id\":\"https:\\\/\\\/feltvibe.com\\\/privacy-policy\\\/#breadcrumb\"},\"inLanguage\":\"es\",\"potentialAction\":[{\"@type\":\"ReadAction\",\"target\":[\"https:\\\/\\\/feltvibe.com\\\/privacy-policy\\\/\"]}]},{\"@type\":\"BreadcrumbList\",\"@id\":\"https:\\\/\\\/feltvibe.com\\\/privacy-policy\\\/#breadcrumb\",\"itemListElement\":[{\"@type\":\"ListItem\",\"position\":1,\"name\":\"Home\",\"item\":\"https:\\\/\\\/feltvibe.com\\\/\"},{\"@type\":\"ListItem\",\"position\":2,\"name\":\"Privacy Policy\"}]},{\"@type\":\"WebSite\",\"@id\":\"https:\\\/\\\/feltvibe.com\\\/#website\",\"url\":\"https:\\\/\\\/feltvibe.com\\\/\",\"name\":\"Feltvibe Acoustic Felt\",\"description\":\"Feltvibe is a leading manufacturer providing innovative felt solutions for various industries, including thermoforming and automotive. Specializing in high-quality felt products, the company offers custom design and production services tailored to meet customer needs. Feltvibe is committed to creating sustainable, durable, and eco-friendly products while staying up to date with technological advancements. With a strong focus on customer satisfaction, the company ensures top-tier quality in all of its solutions.\",\"publisher\":{\"@id\":\"https:\\\/\\\/feltvibe.com\\\/#organization\"},\"potentialAction\":[{\"@type\":\"SearchAction\",\"target\":{\"@type\":\"EntryPoint\",\"urlTemplate\":\"https:\\\/\\\/feltvibe.com\\\/?s={search_term_string}\"},\"query-input\":{\"@type\":\"PropertyValueSpecification\",\"valueRequired\":true,\"valueName\":\"search_term_string\"}}],\"inLanguage\":\"es\"},{\"@type\":\"Organization\",\"@id\":\"https:\\\/\\\/feltvibe.com\\\/#organization\",\"name\":\"Feltvibe is a leading manufacturer providing innovative acoustic and industrial felt solutions for various industries, including thermoformable PET felt panels and sustainable textile applications.\",\"alternateName\":\"Feltvibe by Gentu\u011f Tekstil\",\"url\":\"https:\\\/\\\/feltvibe.com\\\/\",\"logo\":{\"@type\":\"ImageObject\",\"inLanguage\":\"es\",\"@id\":\"https:\\\/\\\/feltvibe.com\\\/#\\\/schema\\\/logo\\\/image\\\/\",\"url\":\"https:\\\/\\\/feltvibe.com\\\/uploads\\\/feltvibe-dark-logo-final.svg\",\"contentUrl\":\"https:\\\/\\\/feltvibe.com\\\/uploads\\\/feltvibe-dark-logo-final.svg\",\"width\":1,\"height\":1,\"caption\":\"Feltvibe is a leading manufacturer providing innovative acoustic and industrial felt solutions for various industries, including thermoformable PET felt panels and sustainable textile applications.\"},\"image\":{\"@id\":\"https:\\\/\\\/feltvibe.com\\\/#\\\/schema\\\/logo\\\/image\\\/\"},\"sameAs\":[\"https:\\\/\\\/www.facebook.com\\\/Gentug\",\"https:\\\/\\\/www.instagram.com\\\/felt.vibe\\\/\",\"https:\\\/\\\/www.linkedin.com\\\/company\\\/feltvibe\"],\"description\":\"Gentu\u011f Textile is the main and the most reliable technical textile manufacturer in Turkey, providing high quality products to the worldwide markets.\",\"email\":\"info@feltvibe.com\",\"telephone\":\"+90 212 637 09 89\",\"legalName\":\"Gentu\u011f Tekstil \u00dcr\u00fcn. San. Tic. A.\u015e.\",\"foundingDate\":\"1917-01-01\",\"vatID\":\"3940016139\",\"taxID\":\"MARMARA KURUMLAR\",\"numberOfEmployees\":{\"@type\":\"QuantitativeValue\",\"minValue\":\"501\",\"maxValue\":\"1000\"},\"publishingPrinciples\":\"https:\\\/\\\/feltvibe.com\\\/privacy-policy\\\/\",\"ownershipFundingInfo\":\"https:\\\/\\\/feltvibe.com\\\/about-us\\\/\",\"actionableFeedbackPolicy\":\"https:\\\/\\\/feltvibe.com\\\/contact-us\\\/\",\"correctionsPolicy\":\"https:\\\/\\\/feltvibe.com\\\/certification\\\/\",\"ethicsPolicy\":\"https:\\\/\\\/feltvibe.com\\\/privacy-policy\\\/\",\"diversityPolicy\":\"https:\\\/\\\/feltvibe.com\\\/privacy-policy\\\/\",\"diversityStaffingReport\":\"https:\\\/\\\/feltvibe.com\\\/contact-us\\\/\"}]}<\/script>\n<!-- \/ Yoast SEO Premium plugin. -->","yoast_head_json":{"title":"Privacy Policy | Your Data Security at Feltvibe","description":"Your privacy matters. Read the Feltvibe Privacy Policy to understand how we protect your personal data in compliance with GDPR and international standards.","robots":{"index":"index","follow":"follow","max-snippet":"max-snippet:-1","max-image-preview":"max-image-preview:large","max-video-preview":"max-video-preview:-1"},"canonical":"https:\/\/feltvibe.com\/es\/politica-de-privacidad\/","og_locale":"es_ES","og_type":"article","og_title":"Feltvibe Privacy Policy | Commitment to Data Safety","og_description":"Transparent, secure, and compliant. Learn how we handle your personal information and maintain your privacy across all our services and platforms.","og_url":"https:\/\/feltvibe.com\/es\/politica-de-privacidad\/","og_site_name":"Feltvibe | Acoustic Felt","article_publisher":"https:\/\/www.facebook.com\/Gentug","article_modified_time":"2026-03-13T07:20:32+00:00","og_image":[{"width":500,"height":425,"url":"https:\/\/feltvibe.com\/uploads\/arketa-pet-felt-panel-1.jpg","type":"image\/jpeg"}],"twitter_card":"summary_large_image","twitter_title":"Privacy Policy | Feltvibe Data Security Standards","twitter_description":"Explore our commitment to GDPR compliance and data protection. We ensure your personal information stays safe and secure.","twitter_misc":{"Tiempo de lectura":"4 minutos"},"schema":{"@context":"https:\/\/schema.org","@graph":[{"@type":"WebPage","@id":"https:\/\/feltvibe.com\/privacy-policy\/","url":"https:\/\/feltvibe.com\/privacy-policy\/","name":"Privacy Policy | Your Data Security at Feltvibe","isPartOf":{"@id":"https:\/\/feltvibe.com\/#website"},"datePublished":"2024-09-05T14:11:52+00:00","dateModified":"2026-03-13T07:20:32+00:00","description":"Your privacy matters. Read the Feltvibe Privacy Policy to understand how we protect your personal data in compliance with GDPR and international standards.","breadcrumb":{"@id":"https:\/\/feltvibe.com\/privacy-policy\/#breadcrumb"},"inLanguage":"es","potentialAction":[{"@type":"ReadAction","target":["https:\/\/feltvibe.com\/privacy-policy\/"]}]},{"@type":"BreadcrumbList","@id":"https:\/\/feltvibe.com\/privacy-policy\/#breadcrumb","itemListElement":[{"@type":"ListItem","position":1,"name":"Home","item":"https:\/\/feltvibe.com\/"},{"@type":"ListItem","position":2,"name":"Privacy Policy"}]},{"@type":"WebSite","@id":"https:\/\/feltvibe.com\/#website","url":"https:\/\/feltvibe.com\/","name":"Fieltro ac\u00fastico Feltvibe","description":"Feltvibe es un fabricante l\u00edder que ofrece soluciones innovadoras de fieltro para diversos sectores, como el termoformado y la automoci\u00f3n. Especializada en productos de fieltro de alta calidad, la empresa ofrece servicios de dise\u00f1o y producci\u00f3n personalizados adaptados a las necesidades del cliente. Feltvibe se compromete a crear productos sostenibles, duraderos y respetuosos con el medio ambiente, al tiempo que se mantiene al d\u00eda de los avances tecnol\u00f3gicos. Con un fuerte enfoque en la satisfacci\u00f3n del cliente, la empresa garantiza la m\u00e1xima calidad en todas sus soluciones.","publisher":{"@id":"https:\/\/feltvibe.com\/#organization"},"potentialAction":[{"@type":"SearchAction","target":{"@type":"EntryPoint","urlTemplate":"https:\/\/feltvibe.com\/?s={search_term_string}"},"query-input":{"@type":"PropertyValueSpecification","valueRequired":true,"valueName":"search_term_string"}}],"inLanguage":"es"},{"@type":"Organization","@id":"https:\/\/feltvibe.com\/#organization","name":"Feltvibe es un fabricante l\u00edder que ofrece soluciones innovadoras de fieltro ac\u00fastico e industrial para diversas industrias, incluidos paneles de fieltro de PET termoformable y aplicaciones textiles sostenibles.","alternateName":"Feltvibe by Gentu\u011f Tekstil","url":"https:\/\/feltvibe.com\/","logo":{"@type":"ImageObject","inLanguage":"es","@id":"https:\/\/feltvibe.com\/#\/schema\/logo\/image\/","url":"https:\/\/feltvibe.com\/uploads\/feltvibe-dark-logo-final.svg","contentUrl":"https:\/\/feltvibe.com\/uploads\/feltvibe-dark-logo-final.svg","width":1,"height":1,"caption":"Feltvibe is a leading manufacturer providing innovative acoustic and industrial felt solutions for various industries, including thermoformable PET felt panels and sustainable textile applications."},"image":{"@id":"https:\/\/feltvibe.com\/#\/schema\/logo\/image\/"},"sameAs":["https:\/\/www.facebook.com\/Gentug","https:\/\/www.instagram.com\/felt.vibe\/","https:\/\/www.linkedin.com\/company\/feltvibe"],"description":"Gentu\u011f Textile es el principal y m\u00e1s fiable fabricante de textiles t\u00e9cnicos de Turqu\u00eda, que suministra productos de alta calidad a los mercados de todo el mundo.","email":"info@feltvibe.com","telephone":"+90 212 637 09 89","legalName":"Gentu\u011f Tekstil \u00dcr\u00fcn. San. Tic. A.\u015e.","foundingDate":"1917-01-01","vatID":"3940016139","taxID":"MARMARA KURUMLAR","numberOfEmployees":{"@type":"QuantitativeValue","minValue":"501","maxValue":"1000"},"publishingPrinciples":"https:\/\/feltvibe.com\/privacy-policy\/","ownershipFundingInfo":"https:\/\/feltvibe.com\/about-us\/","actionableFeedbackPolicy":"https:\/\/feltvibe.com\/contact-us\/","correctionsPolicy":"https:\/\/feltvibe.com\/certification\/","ethicsPolicy":"https:\/\/feltvibe.com\/privacy-policy\/","diversityPolicy":"https:\/\/feltvibe.com\/privacy-policy\/","diversityStaffingReport":"https:\/\/feltvibe.com\/contact-us\/"}]}},"_links":{"self":[{"href":"https:\/\/feltvibe.com\/es\/wp-json\/wp\/v2\/pages\/3","targetHints":{"allow":["GET"]}}],"collection":[{"href":"https:\/\/feltvibe.com\/es\/wp-json\/wp\/v2\/pages"}],"about":[{"href":"https:\/\/feltvibe.com\/es\/wp-json\/wp\/v2\/types\/page"}],"author":[{"embeddable":true,"href":"https:\/\/feltvibe.com\/es\/wp-json\/wp\/v2\/users\/1"}],"replies":[{"embeddable":true,"href":"https:\/\/feltvibe.com\/es\/wp-json\/wp\/v2\/comments?post=3"}],"version-history":[{"count":3,"href":"https:\/\/feltvibe.com\/es\/wp-json\/wp\/v2\/pages\/3\/revisions"}],"predecessor-version":[{"id":17267,"href":"https:\/\/feltvibe.com\/es\/wp-json\/wp\/v2\/pages\/3\/revisions\/17267"}],"wp:attachment":[{"href":"https:\/\/feltvibe.com\/es\/wp-json\/wp\/v2\/media?parent=3"}],"curies":[{"name":"wp","href":"https:\/\/api.w.org\/{rel}","templated":true}]}}