{"id":642,"date":"2024-09-07T17:07:34","date_gmt":"2024-09-07T14:07:34","guid":{"rendered":"https:\/\/feltvibe.com\/?page_id=642"},"modified":"2026-03-13T10:20:24","modified_gmt":"2026-03-13T07:20:24","slug":"contacto","status":"publish","type":"page","link":"https:\/\/feltvibe.com\/es\/contact-us\/","title":{"rendered":"Contacto"},"content":{"rendered":"<div id=\"gap-1838831517\" class=\"gap-element clearfix\" style=\"display:block; height:auto;\">\n\t\t\n<style>\n#gap-1838831517 {\n  padding-top: 5vh;\n}\n<\/style>\n\t<\/div>\n\t\n<div class=\"row\"  id=\"row-1745482848\">\n\n\t<div id=\"col-847571809\" class=\"col textpdar small-12 large-12\"  >\n\t\t\t\t<div class=\"col-inner\"  >\n\t\t\t\n\t\t\t\n\t<div id=\"text-3961239424\" class=\"text textpdar\">\n\t\t\n<p>Contacto<br \/>\n\t\t\n<style>\n#text-3961239424 {\n  font-size: 2rem;\n  text-align: center;\n}\n@media (min-width:550px) {\n  #text-3961239424 {\n    text-align: left;\n  }\n}\n@media (min-width:850px) {\n  #text-3961239424 {\n    text-align: center;\n  }\n}\n<\/style>\n\t<\/div>\n\t\n\t\t<\/div>\n\t\t\t\t\t<\/div>\n\n\t\n\n\t<div id=\"col-803844470\" class=\"col textpdar small-12 large-12\"  >\n\t\t\t\t<div class=\"col-inner\"  >\n\t\t\t\n\t\t\t\n\t<div id=\"text-297257433\" class=\"text\">\n\t\t\n<p>No dude en enviarnos su solicitud. Le responderemos lo antes posible.<br \/>\n\t\t\n<style>\n#text-297257433 {\n  font-size: 1.5rem;\n  text-align: center;\n}\n<\/style>\n\t<\/div>\n\t\n\n<div class=\"forminator-ui forminator-custom-form forminator-custom-form-674 forminator-design--default  forminator_ajax\" data-forminator-render=\"0\" data-form=\"forminator-module-674\" data-uid=\"69e75b53a2809\"><br\/><\/div><form\n\t\t\t\tid=\"forminator-module-674\"\n\t\t\t\tclass=\"forminator-ui forminator-custom-form forminator-custom-form-674 forminator-design--default  forminator_ajax\"\n\t\t\t\tmethod=\"post\"\n\t\t\t\tdata-forminator-render=\"0\"\n\t\t\t\tdata-form-id=\"674\"\n\t\t\t\t data-color-option=\"default\" data-design=\"default\" data-grid=\"open\" style=\"display: none;\"\n\t\t\t\tdata-uid=\"69e75b53a2809\" action=\"\"\n\t\t\t><div role=\"alert\" aria-live=\"polite\" class=\"forminator-response-message forminator-error\" aria-hidden=\"true\"><\/div><div class=\"forminator-row\"><div id=\"name-1\" class=\"forminator-field-name forminator-col forminator-col-12\"><div class=\"forminator-row forminator-no-margin\" data-multiple=\"true\"><div class=\"forminator-col forminator-col-md-6\"><div class=\"forminator-field\"><input type=\"text\" name=\"name-1-first-name\" placeholder=\"Nombre\" id=\"forminator-field-first-name-1_69e75b53a2809\" class=\"forminator-input\" aria-required=\"true\" data-multi=\"1\" autocomplete=\"given-name\" value=\"\" \/><\/div><\/div><div class=\"forminator-col forminator-col-md-6\"><div class=\"forminator-field\"><input type=\"text\" name=\"name-1-last-name\" placeholder=\"Apellido\" id=\"forminator-field-last-name-1_69e75b53a2809\" class=\"forminator-input\" aria-required=\"true\" data-multi=\"1\" autocomplete=\"family-name\" value=\"\" \/><\/div><\/div><\/div><\/div><\/div><div class=\"forminator-row\"><div id=\"phone-1\" class=\"forminator-field-phone forminator-col forminator-col-12\"><div class=\"forminator-field\"><input type=\"text\" name=\"phone-1\" value=\"\" placeholder=\"Tel\u00e9fono\" id=\"forminator-field-phone-1_69e75b53a2809\" class=\"forminator-input forminator-field--phone\" data-required=\"1\" aria-required=\"true\" autocomplete=\"off\" \/><\/div><\/div><\/div><div class=\"forminator-row\"><div id=\"email-1\" class=\"forminator-field-email forminator-col forminator-col-12\"><div class=\"forminator-field\"><input type=\"email\" name=\"email-1\" value=\"\" placeholder=\"Correo electr\u00f3nico\" id=\"forminator-field-email-1_69e75b53a2809\" class=\"forminator-input forminator-email--field\" data-required=\"1\" aria-required=\"true\" autocomplete=\"email\" \/><\/div><\/div><\/div><div class=\"forminator-row\"><div id=\"textarea-1\" class=\"forminator-field-textarea forminator-col forminator-col-12\"><div class=\"forminator-field\"><textarea name=\"textarea-1\" placeholder=\"Mensaje\" id=\"forminator-field-textarea-1_69e75b53a2809\" class=\"forminator-textarea\" rows=\"6\" style=\"min-height:140px;\" ><\/textarea><\/div><\/div><\/div><div class=\"forminator-row\"><div id=\"consent-1\" class=\"forminator-field-consent forminator-col forminator-col-12\"><div class=\"forminator-field\"><label for=\"forminator-field-consent-1_69e75b53a2809\" id=\"forminator-field-consent-1_69e75b53a2809-label\" class=\"forminator-label\">Consentimiento <span class=\"forminator-required\">*<\/span><\/label><div class=\"forminator-checkbox__wrapper\"><label id=\"forminator-field-consent-1_69e75b53a2809__label\" class=\"forminator-checkbox forminator-consent\"><input type=\"checkbox\" name=\"consent-1\" id=\"forminator-field-consent-1_69e75b53a2809\" value=\"checked\" aria-labelledby=\"forminator-field-consent-1_69e75b53a2809-label\" aria-describedby=\"forminator-field-consent-1_69e75b53a2809__description\" data-required=\"true\" aria-required=\"true\" \/><span class=\"forminator-checkbox-box\" aria-hidden=\"true\"><\/span><\/label><div id=\"forminator-field-consent-1_69e75b53a2809__description\" class=\"forminator-checkbox__label forminator-consent__label\"><p>Al cumplimentar este formulario, reconoce y consiente el tratamiento de sus datos personales para la prestaci\u00f3n de los servicios que ofrecemos. Sus datos se proteger\u00e1n de conformidad con nuestra <a href=\"https:\/\/feltvibe.com\/es\/politica-de-privacidad\/\">Pol\u00edtica de privacidad<\/a> y s\u00f3lo se utilizar\u00e1 dentro del marco legal.<\/p>\n<p>Al marcar la casilla de consentimiento, acepta el tratamiento de sus datos personales.<\/p><\/div><\/div><\/div><\/div><\/div><input type=\"hidden\" name=\"referer_url\" value=\"\" \/><div class=\"forminator-row forminator-row-last\"><div class=\"forminator-col\"><div class=\"forminator-field\"><button class=\"forminator-button forminator-button-submit\">Enviar mensaje<\/button><\/div><\/div><\/div><input type=\"hidden\" id=\"forminator_nonce\" name=\"forminator_nonce\" value=\"6660485530\" \/><input type=\"hidden\" name=\"_wp_http_referer\" value=\"\/es\/wp-json\/wp\/v2\/pages\/642\" \/><input type=\"hidden\" name=\"form_id\" value=\"674\"><input type=\"hidden\" name=\"page_id\" value=\"642\"><input type=\"hidden\" name=\"form_type\" value=\"default\"><input type=\"hidden\" name=\"current_url\" value=\"https:\/\/feltvibe.com\/es\/contact-us\/\"><input type=\"hidden\" name=\"render_id\" value=\"0\"><input type=\"hidden\" name=\"action\" value=\"forminator_submit_form_custom-forms\"><input type=\"hidden\" name=\"trp-form-language\" value=\"es\"\/><\/form>\n\n\t\t<\/div>\n\t\t\t\t\t<\/div>\n\n\t\n<\/div>\n\t<div id=\"gap-337515488\" class=\"gap-element clearfix\" style=\"display:block; height:auto;\">\n\t\t\n<style>\n#gap-337515488 {\n  padding-top: 10vh;\n}\n<\/style>\n\t<\/div>\n\t\n<div class=\"row\"  id=\"row-77818113\">\n\n\t<div id=\"col-464809658\" class=\"col textpdar small-12 large-12\"  >\n\t\t\t\t<div class=\"col-inner\"  >\n\t\t\t\n\t\t\t\n\t<div id=\"text-746852736\" class=\"text textpdar\">\n\t\t\n<p>Instalaciones de producci\u00f3n<br \/>\n\t\t\n<style>\n#text-746852736 {\n  font-size: 1.5rem;\n  text-align: center;\n}\n@media (min-width:550px) {\n  #text-746852736 {\n    text-align: left;\n  }\n}\n@media (min-width:850px) {\n  #text-746852736 {\n    text-align: center;\n  }\n}\n<\/style>\n\t<\/div>\n\t\n\t<div id=\"gap-1717201198\" class=\"gap-element clearfix\" style=\"display:block; height:auto;\">\n\t\t\n<style>\n#gap-1717201198 {\n  padding-top: 5vh;\n}\n<\/style>\n\t<\/div>\n\t\n<div class=\"row\"  id=\"row-585329860\">\n\n\t<div id=\"col-72330658\" class=\"col medium-3 small-12 large-3\"  >\n\t\t\t\t<div class=\"col-inner\"  >\n\t\t\t\n\t\t\t\n\t<div id=\"text-2474167985\" class=\"text\">\n\t\t\n<p><strong>Oficina del Centro<\/strong><br \/>\n\t\t\n<style>\n#text-2474167985 {\n  font-size: 1.1rem;\n}\n<\/style>\n\t<\/div>\n\t\n\t<div id=\"text-405164744\" class=\"text\">\n\t\t\n<p>Savas Caddesi, S\u00f6\u011f\u00fct Sokak<br \/>\nNo: 1 34173 Merter, Estambul<br \/>\nT\u00fcrkiye<br \/>\ninfo@feltvibe.com<br \/>\nT: +90 212 637 09 89<br \/>\n\t\t\n<style>\n#text-405164744 {\n  font-size: 1rem;\n}\n<\/style>\n\t<\/div>\n\t\n\t\t<\/div>\n\t\t\t\t\t<\/div>\n\n\t\n\n\t<div id=\"col-1427378892\" class=\"col medium-3 small-12 large-3\"  >\n\t\t\t\t<div class=\"col-inner\"  >\n\t\t\t\n\t\t\t\n\t<div id=\"text-1225263512\" class=\"text\">\n\t\t\n<p><strong>F\u00e1brica de Gerede<\/strong><br \/>\n\t\t\n<style>\n#text-1225263512 {\n  font-size: 1.1rem;\n}\n<\/style>\n\t<\/div>\n\t\n\t<div id=\"text-3871883525\" class=\"text\">\n\t\t\n<p>Gerkonsan Organize Sanayii<br \/>\nB\u00f6lgesi Gerede, Bolu<br \/>\nT\u00fcrkiye<br \/>\ninfo@feltvibe.com<br \/>\nT: +90 374 311 82 57 - 58<br \/>\n\t\t\n<style>\n#text-3871883525 {\n  font-size: 1rem;\n}\n<\/style>\n\t<\/div>\n\t\n\t\t<\/div>\n\t\t\t\t\t<\/div>\n\n\t\n\n\t<div id=\"col-897403669\" class=\"col medium-3 small-12 large-3\"  >\n\t\t\t\t<div class=\"col-inner\"  >\n\t\t\t\n\t\t\t\n\t<div id=\"text-3536927599\" class=\"text\">\n\t\t\n<p><strong>F\u00e1brica de D\u00fczce<\/strong><br \/>\n\t\t\n<style>\n#text-3536927599 {\n  font-size: 1.1rem;\n}\n<\/style>\n\t<\/div>\n\t\n\t<div id=\"text-426467536\" class=\"text\">\n\t\t\n<p>Organizar Sanayii B\u00f6lgesi 13.<br \/>\nAda 1\/4 Parsel, D\u00fczce<br \/>\nT\u00fcrkiye<br \/>\ninfo@feltvibe.com<br \/>\nT: +90 380 553 73 68 - 69<br \/>\n\t\t\n<style>\n#text-426467536 {\n  font-size: 1rem;\n}\n<\/style>\n\t<\/div>\n\t\n\t\t<\/div>\n\t\t\t\t\t<\/div>\n\n\t\n\n\t<div id=\"col-1681607407\" class=\"col medium-3 small-12 large-3\"  >\n\t\t\t\t<div class=\"col-inner\"  >\n\t\t\t\n\t\t\t\n\t<div id=\"text-1919066674\" class=\"text\">\n\t\t\n<p><strong>Sucursal de Esmirna<\/strong><br \/>\n\t\t\n<style>\n#text-1919066674 {\n  font-size: 1.1rem;\n}\n<\/style>\n\t<\/div>\n\t\n\t<div id=\"text-3872753192\" class=\"text\">\n\t\t\n<p>MTK Sitesi 747\/2 Sokak No: 37<br \/>\n6003 ADA, Alt\u0131nda\u011f, Izmir<br \/>\nT\u00fcrkiye<br \/>\ninfo@feltvibe.com<br \/>\nT: +90 232 431 08 17 - 18<br \/>\nF: +90 232 431 08 19<br \/>\n\t\t\n<style>\n#text-3872753192 {\n  font-size: 1rem;\n}\n<\/style>\n\t<\/div>\n\t\n\t\t<\/div>\n\t\t\t\t\t<\/div>\n\n\t\n<\/div>\n<div class=\"row\"  id=\"row-1889146359\">\n\n\t<div id=\"col-1442202010\" class=\"col medium-3 small-12 large-3\"  >\n\t\t\t\t<div class=\"col-inner\"  >\n\t\t\t\n\t\t\t\n\t<div id=\"text-3527326435\" class=\"text\">\n\t\t\n<p><strong>Benelux<\/strong><br \/>\n\t\t\n<style>\n#text-3527326435 {\n  font-size: 1.1rem;\n}\n<\/style>\n\t<\/div>\n\t\n\t<div id=\"text-468280968\" class=\"text\">\n\t\t\n<p>Dualco BV<br \/>\nSr. Wim Duyvejonck<br \/>\nPutmanstraat 67 8790<br \/>\nWaregem B\u00e9lgica<br \/>\nwim@dualco.be<br \/>\nT: +32 (0) 467 042 669<br \/>\n\t\t\n<style>\n#text-468280968 {\n  font-size: 1rem;\n}\n<\/style>\n\t<\/div>\n\t\n\t\t<\/div>\n\t\t\t\t\t<\/div>\n\n\t\n\n\t<div id=\"col-910307570\" class=\"col medium-3 small-12 large-3\"  >\n\t\t\t\t<div class=\"col-inner\"  >\n\t\t\t\n\t\t\t\n\t<div id=\"text-3945817576\" class=\"text\">\n\t\t\n<p><strong>Reino Unido <\/strong><br \/>\n\t\t\n<style>\n#text-3945817576 {\n  font-size: 1.1rem;\n}\n<\/style>\n\t<\/div>\n\t\n\t<div id=\"text-1754023347\" class=\"text\">\n\t\t\n<p>Sra. Dawn Chilvers<br \/>\n5 Snowshill Close, Swidon.<br \/>\nSN25 4 TN REINO UNIDO.<br \/>\ndawnchilvers@gentug.com<br \/>\nT: +44 7821 081113<br \/>\n\t\t\n<style>\n#text-1754023347 {\n  font-size: 1rem;\n}\n<\/style>\n\t<\/div>\n\t\n\t\t<\/div>\n\t\t\t\t\t<\/div>\n\n\t\n\n\t<div id=\"col-641871292\" class=\"col medium-3 small-12 large-3\"  >\n\t\t\t\t<div class=\"col-inner\"  >\n\t\t\t\n\t\t\t\n\t<div id=\"text-4205301148\" class=\"text\">\n\t\t\n<p><strong>F\u00e1brica de Tuzla<br \/>\n<\/strong><br \/>\n\t\t\n<style>\n#text-4205301148 {\n  font-size: 1.1rem;\n}\n<\/style>\n\t<\/div>\n\t\n\t<div id=\"text-3721760612\" class=\"text\">\n\t\t\n<p>Ayd\u0131nl\u0131 S.B Mah. Kur\u015fun Cd.<br \/>\nHuntsman Blok No:10 D:101<br \/>\nTuzla, Estambul<br \/>\ninfo@feltvibe.com<br \/>\nT: +90 542 477 12 63<br \/>\n\t\t\n<style>\n#text-3721760612 {\n  font-size: 1rem;\n}\n<\/style>\n\t<\/div>\n\t\n\t\t<\/div>\n\t\t\t\t\t<\/div>\n\n\t\n\n\t<div id=\"col-922929296\" class=\"col medium-3 small-12 large-3\"  >\n\t\t\t\t<div class=\"col-inner\"  >\n\t\t\t\n\t\t\t\n\t<div id=\"text-2031932467\" class=\"text\">\n\t\t\n<p><strong>Polonia<\/strong><br \/>\n\t\t\n<style>\n#text-2031932467 {\n  font-size: 1.1rem;\n}\n<\/style>\n\t<\/div>\n\t\n\t<div id=\"text-3193931853\" class=\"text\">\n\t\t\n<p>Sr. Hasan Alio\u011flu<br \/>\nh.alioglu@gentug.com<br \/>\nT: 0048 696 909 061<br \/>\n\t\t\n<style>\n#text-3193931853 {\n  font-size: 1rem;\n}\n<\/style>\n\t<\/div>\n\t\n\t\t<\/div>\n\t\t\t\t\t<\/div>\n\n\t\n<\/div>\n\t<div id=\"gap-1590318802\" class=\"gap-element clearfix\" style=\"display:block; height:auto;\">\n\t\t\n<style>\n#gap-1590318802 {\n  padding-top: 5vh;\n}\n<\/style>\n\t<\/div>\n\t\n\t\t<\/div>\n\t\t\t\t\t<\/div>\n\n\t\n<\/div>\n\t<div id=\"gap-1428041704\" class=\"gap-element clearfix\" style=\"display:block; height:auto;\">\n\t\t\n<style>\n#gap-1428041704 {\n  padding-top: 5vh;\n}\n<\/style>\n\t<\/div>\n\t\n\n\n<span class=\"scroll-to\" data-label=\"Scroll to: #Order-a-free-sample-box-form\" data-bullet=\"false\" data-link=\"#Order-a-free-sample-box-form\" data-title=\"Request a free sample box\" ><a name=\"Order-a-free-sample-box-form\"><\/a><\/span>","protected":false},"excerpt":{"rendered":"","protected":false},"author":1,"featured_media":0,"parent":0,"menu_order":0,"comment_status":"closed","ping_status":"closed","template":"","meta":{"footnotes":""},"class_list":["post-642","page","type-page","status-publish","hentry"],"yoast_head":"<!-- This site is optimized with the Yoast SEO Premium plugin v27.4 (Yoast SEO v27.4) - https:\/\/yoast.com\/product\/yoast-seo-premium-wordpress\/ -->\n<title>Contact Feltvibe | Expert Acoustic Solutions Support<\/title>\n<meta name=\"description\" content=\"Get expert guidance for your acoustic projects. Contact Feltvibe today for rapid responses, custom requests, and professional production facility insights.\" \/>\n<meta name=\"robots\" content=\"index, follow, max-snippet:-1, max-image-preview:large, max-video-preview:-1\" \/>\n<link rel=\"canonical\" href=\"https:\/\/feltvibe.com\/es\/contacto\/\" \/>\n<meta property=\"og:locale\" content=\"es_ES\" \/>\n<meta property=\"og:type\" content=\"article\" \/>\n<meta property=\"og:title\" content=\"Connect With Feltvibe | Professional Acoustic Support\" \/>\n<meta property=\"og:description\" content=\"Ready to transform your space? Reach out to our specialists for personalized acoustic felt solutions and rapid project support. We are here to help.\" \/>\n<meta property=\"og:url\" content=\"https:\/\/feltvibe.com\/es\/contacto\/\" \/>\n<meta property=\"og:site_name\" content=\"Feltvibe | Acoustic Felt\" \/>\n<meta property=\"article:publisher\" content=\"https:\/\/www.facebook.com\/Gentug\" \/>\n<meta property=\"article:modified_time\" content=\"2026-03-13T07:20:24+00:00\" \/>\n<meta property=\"og:image\" content=\"https:\/\/feltvibe.com\/uploads\/arketa-pet-felt-panel-1.jpg\" \/>\n\t<meta property=\"og:image:width\" content=\"500\" \/>\n\t<meta property=\"og:image:height\" content=\"425\" \/>\n\t<meta property=\"og:image:type\" content=\"image\/jpeg\" \/>\n<meta name=\"twitter:card\" content=\"summary_large_image\" \/>\n<meta name=\"twitter:title\" content=\"Contact Feltvibe | Expert Acoustic Consultations\" \/>\n<meta name=\"twitter:description\" content=\"Need acoustic solutions? Send us a message for expert advice on our premium felt products and production capabilities.\" \/>\n<meta name=\"twitter:label1\" content=\"Tiempo de lectura\" \/>\n\t<meta name=\"twitter:data1\" content=\"2 minutos\" \/>\n<script type=\"application\/ld+json\" class=\"yoast-schema-graph\">{\"@context\":\"https:\\\/\\\/schema.org\",\"@graph\":[{\"@type\":\"WebPage\",\"@id\":\"https:\\\/\\\/feltvibe.com\\\/contact-us\\\/\",\"url\":\"https:\\\/\\\/feltvibe.com\\\/contact-us\\\/\",\"name\":\"Contact Feltvibe | Expert Acoustic Solutions Support\",\"isPartOf\":{\"@id\":\"https:\\\/\\\/feltvibe.com\\\/#website\"},\"datePublished\":\"2024-09-07T14:07:34+00:00\",\"dateModified\":\"2026-03-13T07:20:24+00:00\",\"description\":\"Get expert guidance for your acoustic projects. Contact Feltvibe today for rapid responses, custom requests, and professional production facility insights.\",\"breadcrumb\":{\"@id\":\"https:\\\/\\\/feltvibe.com\\\/contact-us\\\/#breadcrumb\"},\"inLanguage\":\"es\",\"potentialAction\":[{\"@type\":\"ReadAction\",\"target\":[\"https:\\\/\\\/feltvibe.com\\\/contact-us\\\/\"]}]},{\"@type\":\"BreadcrumbList\",\"@id\":\"https:\\\/\\\/feltvibe.com\\\/contact-us\\\/#breadcrumb\",\"itemListElement\":[{\"@type\":\"ListItem\",\"position\":1,\"name\":\"Home\",\"item\":\"https:\\\/\\\/feltvibe.com\\\/\"},{\"@type\":\"ListItem\",\"position\":2,\"name\":\"Contact Us\"}]},{\"@type\":\"WebSite\",\"@id\":\"https:\\\/\\\/feltvibe.com\\\/#website\",\"url\":\"https:\\\/\\\/feltvibe.com\\\/\",\"name\":\"Feltvibe Acoustic Felt\",\"description\":\"Feltvibe is a leading manufacturer providing innovative felt solutions for various industries, including thermoforming and automotive. Specializing in high-quality felt products, the company offers custom design and production services tailored to meet customer needs. Feltvibe is committed to creating sustainable, durable, and eco-friendly products while staying up to date with technological advancements. With a strong focus on customer satisfaction, the company ensures top-tier quality in all of its solutions.\",\"publisher\":{\"@id\":\"https:\\\/\\\/feltvibe.com\\\/#organization\"},\"potentialAction\":[{\"@type\":\"SearchAction\",\"target\":{\"@type\":\"EntryPoint\",\"urlTemplate\":\"https:\\\/\\\/feltvibe.com\\\/?s={search_term_string}\"},\"query-input\":{\"@type\":\"PropertyValueSpecification\",\"valueRequired\":true,\"valueName\":\"search_term_string\"}}],\"inLanguage\":\"es\"},{\"@type\":\"Organization\",\"@id\":\"https:\\\/\\\/feltvibe.com\\\/#organization\",\"name\":\"Feltvibe is a leading manufacturer providing innovative acoustic and industrial felt solutions for various industries, including thermoformable PET felt panels and sustainable textile applications.\",\"alternateName\":\"Feltvibe by Gentu\u011f Tekstil\",\"url\":\"https:\\\/\\\/feltvibe.com\\\/\",\"logo\":{\"@type\":\"ImageObject\",\"inLanguage\":\"es\",\"@id\":\"https:\\\/\\\/feltvibe.com\\\/#\\\/schema\\\/logo\\\/image\\\/\",\"url\":\"https:\\\/\\\/feltvibe.com\\\/uploads\\\/feltvibe-dark-logo-final.svg\",\"contentUrl\":\"https:\\\/\\\/feltvibe.com\\\/uploads\\\/feltvibe-dark-logo-final.svg\",\"width\":1,\"height\":1,\"caption\":\"Feltvibe is a leading manufacturer providing innovative acoustic and industrial felt solutions for various industries, including thermoformable PET felt panels and sustainable textile applications.\"},\"image\":{\"@id\":\"https:\\\/\\\/feltvibe.com\\\/#\\\/schema\\\/logo\\\/image\\\/\"},\"sameAs\":[\"https:\\\/\\\/www.facebook.com\\\/Gentug\",\"https:\\\/\\\/www.instagram.com\\\/felt.vibe\\\/\",\"https:\\\/\\\/www.linkedin.com\\\/company\\\/feltvibe\"],\"description\":\"Gentu\u011f Textile is the main and the most reliable technical textile manufacturer in Turkey, providing high quality products to the worldwide markets.\",\"email\":\"info@feltvibe.com\",\"telephone\":\"+90 212 637 09 89\",\"legalName\":\"Gentu\u011f Tekstil \u00dcr\u00fcn. San. Tic. A.\u015e.\",\"foundingDate\":\"1917-01-01\",\"vatID\":\"3940016139\",\"taxID\":\"MARMARA KURUMLAR\",\"numberOfEmployees\":{\"@type\":\"QuantitativeValue\",\"minValue\":\"501\",\"maxValue\":\"1000\"},\"publishingPrinciples\":\"https:\\\/\\\/feltvibe.com\\\/privacy-policy\\\/\",\"ownershipFundingInfo\":\"https:\\\/\\\/feltvibe.com\\\/about-us\\\/\",\"actionableFeedbackPolicy\":\"https:\\\/\\\/feltvibe.com\\\/contact-us\\\/\",\"correctionsPolicy\":\"https:\\\/\\\/feltvibe.com\\\/certification\\\/\",\"ethicsPolicy\":\"https:\\\/\\\/feltvibe.com\\\/privacy-policy\\\/\",\"diversityPolicy\":\"https:\\\/\\\/feltvibe.com\\\/privacy-policy\\\/\",\"diversityStaffingReport\":\"https:\\\/\\\/feltvibe.com\\\/contact-us\\\/\"}]}<\/script>\n<!-- \/ Yoast SEO Premium plugin. -->","yoast_head_json":{"title":"Contact Feltvibe | Expert Acoustic Solutions Support","description":"Get expert guidance for your acoustic projects. Contact Feltvibe today for rapid responses, custom requests, and professional production facility insights.","robots":{"index":"index","follow":"follow","max-snippet":"max-snippet:-1","max-image-preview":"max-image-preview:large","max-video-preview":"max-video-preview:-1"},"canonical":"https:\/\/feltvibe.com\/es\/contacto\/","og_locale":"es_ES","og_type":"article","og_title":"Connect With Feltvibe | Professional Acoustic Support","og_description":"Ready to transform your space? Reach out to our specialists for personalized acoustic felt solutions and rapid project support. We are here to help.","og_url":"https:\/\/feltvibe.com\/es\/contacto\/","og_site_name":"Feltvibe | Acoustic Felt","article_publisher":"https:\/\/www.facebook.com\/Gentug","article_modified_time":"2026-03-13T07:20:24+00:00","og_image":[{"width":500,"height":425,"url":"https:\/\/feltvibe.com\/uploads\/arketa-pet-felt-panel-1.jpg","type":"image\/jpeg"}],"twitter_card":"summary_large_image","twitter_title":"Contact Feltvibe | Expert Acoustic Consultations","twitter_description":"Need acoustic solutions? Send us a message for expert advice on our premium felt products and production capabilities.","twitter_misc":{"Tiempo de lectura":"2 minutos"},"schema":{"@context":"https:\/\/schema.org","@graph":[{"@type":"WebPage","@id":"https:\/\/feltvibe.com\/contact-us\/","url":"https:\/\/feltvibe.com\/contact-us\/","name":"Contact Feltvibe | Expert Acoustic Solutions Support","isPartOf":{"@id":"https:\/\/feltvibe.com\/#website"},"datePublished":"2024-09-07T14:07:34+00:00","dateModified":"2026-03-13T07:20:24+00:00","description":"Get expert guidance for your acoustic projects. Contact Feltvibe today for rapid responses, custom requests, and professional production facility insights.","breadcrumb":{"@id":"https:\/\/feltvibe.com\/contact-us\/#breadcrumb"},"inLanguage":"es","potentialAction":[{"@type":"ReadAction","target":["https:\/\/feltvibe.com\/contact-us\/"]}]},{"@type":"BreadcrumbList","@id":"https:\/\/feltvibe.com\/contact-us\/#breadcrumb","itemListElement":[{"@type":"ListItem","position":1,"name":"Home","item":"https:\/\/feltvibe.com\/"},{"@type":"ListItem","position":2,"name":"Contact Us"}]},{"@type":"WebSite","@id":"https:\/\/feltvibe.com\/#website","url":"https:\/\/feltvibe.com\/","name":"Fieltro ac\u00fastico Feltvibe","description":"Feltvibe es un fabricante l\u00edder que ofrece soluciones innovadoras de fieltro para diversos sectores, como el termoformado y la automoci\u00f3n. Especializada en productos de fieltro de alta calidad, la empresa ofrece servicios de dise\u00f1o y producci\u00f3n personalizados adaptados a las necesidades del cliente. Feltvibe se compromete a crear productos sostenibles, duraderos y respetuosos con el medio ambiente, al tiempo que se mantiene al d\u00eda de los avances tecnol\u00f3gicos. Con un fuerte enfoque en la satisfacci\u00f3n del cliente, la empresa garantiza la m\u00e1xima calidad en todas sus soluciones.","publisher":{"@id":"https:\/\/feltvibe.com\/#organization"},"potentialAction":[{"@type":"SearchAction","target":{"@type":"EntryPoint","urlTemplate":"https:\/\/feltvibe.com\/?s={search_term_string}"},"query-input":{"@type":"PropertyValueSpecification","valueRequired":true,"valueName":"search_term_string"}}],"inLanguage":"es"},{"@type":"Organization","@id":"https:\/\/feltvibe.com\/#organization","name":"Feltvibe es un fabricante l\u00edder que ofrece soluciones innovadoras de fieltro ac\u00fastico e industrial para diversas industrias, incluidos paneles de fieltro de PET termoformable y aplicaciones textiles sostenibles.","alternateName":"Feltvibe by Gentu\u011f Tekstil","url":"https:\/\/feltvibe.com\/","logo":{"@type":"ImageObject","inLanguage":"es","@id":"https:\/\/feltvibe.com\/#\/schema\/logo\/image\/","url":"https:\/\/feltvibe.com\/uploads\/feltvibe-dark-logo-final.svg","contentUrl":"https:\/\/feltvibe.com\/uploads\/feltvibe-dark-logo-final.svg","width":1,"height":1,"caption":"Feltvibe is a leading manufacturer providing innovative acoustic and industrial felt solutions for various industries, including thermoformable PET felt panels and sustainable textile applications."},"image":{"@id":"https:\/\/feltvibe.com\/#\/schema\/logo\/image\/"},"sameAs":["https:\/\/www.facebook.com\/Gentug","https:\/\/www.instagram.com\/felt.vibe\/","https:\/\/www.linkedin.com\/company\/feltvibe"],"description":"Gentu\u011f Textile es el principal y m\u00e1s fiable fabricante de textiles t\u00e9cnicos de Turqu\u00eda, que suministra productos de alta calidad a los mercados de todo el mundo.","email":"info@feltvibe.com","telephone":"+90 212 637 09 89","legalName":"Gentu\u011f Tekstil \u00dcr\u00fcn. San. Tic. A.\u015e.","foundingDate":"1917-01-01","vatID":"3940016139","taxID":"MARMARA KURUMLAR","numberOfEmployees":{"@type":"QuantitativeValue","minValue":"501","maxValue":"1000"},"publishingPrinciples":"https:\/\/feltvibe.com\/privacy-policy\/","ownershipFundingInfo":"https:\/\/feltvibe.com\/about-us\/","actionableFeedbackPolicy":"https:\/\/feltvibe.com\/contact-us\/","correctionsPolicy":"https:\/\/feltvibe.com\/certification\/","ethicsPolicy":"https:\/\/feltvibe.com\/privacy-policy\/","diversityPolicy":"https:\/\/feltvibe.com\/privacy-policy\/","diversityStaffingReport":"https:\/\/feltvibe.com\/contact-us\/"}]}},"_links":{"self":[{"href":"https:\/\/feltvibe.com\/es\/wp-json\/wp\/v2\/pages\/642","targetHints":{"allow":["GET"]}}],"collection":[{"href":"https:\/\/feltvibe.com\/es\/wp-json\/wp\/v2\/pages"}],"about":[{"href":"https:\/\/feltvibe.com\/es\/wp-json\/wp\/v2\/types\/page"}],"author":[{"embeddable":true,"href":"https:\/\/feltvibe.com\/es\/wp-json\/wp\/v2\/users\/1"}],"replies":[{"embeddable":true,"href":"https:\/\/feltvibe.com\/es\/wp-json\/wp\/v2\/comments?post=642"}],"version-history":[{"count":34,"href":"https:\/\/feltvibe.com\/es\/wp-json\/wp\/v2\/pages\/642\/revisions"}],"predecessor-version":[{"id":16142,"href":"https:\/\/feltvibe.com\/es\/wp-json\/wp\/v2\/pages\/642\/revisions\/16142"}],"wp:attachment":[{"href":"https:\/\/feltvibe.com\/es\/wp-json\/wp\/v2\/media?parent=642"}],"curies":[{"name":"wp","href":"https:\/\/api.w.org\/{rel}","templated":true}]}}