{"id":10158,"date":"2025-06-09T17:39:32","date_gmt":"2025-06-09T14:39:32","guid":{"rendered":"https:\/\/feltvibe.com\/?page_id=10158"},"modified":"2026-03-13T10:18:51","modified_gmt":"2026-03-13T07:18:51","slug":"blog","status":"publish","type":"page","link":"https:\/\/feltvibe.com\/fr\/blog\/","title":{"rendered":"Blog"},"content":{"rendered":"<section class=\"section\" id=\"section_1900908841\">\n\t\t<div class=\"bg section-bg fill bg-fill  bg-loaded\" >\n\n\t\t\t\n\t\t\t\n\t\t\t\n\n\t\t<\/div>\n\n\t\t\n\n\t\t<div class=\"section-content relative\">\n\t\t\t\n<div class=\"row\"  id=\"row-1993725298\">\n\n\t<div id=\"col-137558569\" class=\"col medium-4 small-12 large-4\"  >\n\t\t\t\t<div class=\"col-inner\"  >\n\t\t\t\n\t\t\t\n<div class=\"row row-small align-bottom\"  id=\"row-78817225\">\n\n\t<div id=\"col-368675862\" class=\"col small-12 large-12\"  >\n\t\t\t\t<div class=\"col-inner\"  >\n\t\t\t\n\t\t\t\n\t<div class=\"box has-hover   has-hover box-text-bottom\" >\n\n\t\t<div class=\"box-image\" style=\"border-radius:3%;\">\n\t\t\t\t\t\t<div class=\"\" >\n\t\t\t\t<img loading=\"lazy\" decoding=\"async\" width=\"395\" height=\"240\" src=\"https:\/\/feltvibe.com\/uploads\/Water-Resistant-pet-felt-panel-111.jpg\" class=\"attachment-original size-original\" alt=\"\" srcset=\"https:\/\/feltvibe.com\/uploads\/Water-Resistant-pet-felt-panel-111.jpg 395w, https:\/\/feltvibe.com\/uploads\/Water-Resistant-pet-felt-panel-111-300x182.jpg 300w\" sizes=\"auto, (max-width: 395px) 100vw, 395px\" \/>\t\t\t\t\t\t\t\t\t\t\t<\/div>\n\t\t\t\t\t<\/div>\n\n\t\t<div class=\"box-text text-left\" >\n\t\t\t<div class=\"box-text-inner\">\n\t\t\t\t\n\t<div id=\"text-719018349\" class=\"text\">\n\t\t\n<p><strong>Panneau acoustique en feutre PET r\u00e9sistant \u00e0 l'eau ARKETA-WR<\/strong><br \/>\n\t\t\n<style>\n#text-719018349 {\n  font-size: 1.2rem;\n  text-align: left;\n}\n<\/style>\n\t<\/div>\n\t\n<div class=\"is-divider divider clearfix\" style=\"max-width:100%;height:1px;background-color:#797979;\"><\/div>\n\t<div id=\"text-1346626326\" class=\"text\">\n\t\t\n<p>Les panneaux acoustiques sont des \u00e9l\u00e9ments cl\u00e9s dans le contr\u00f4le du bruit pour des sources telles que les activit\u00e9s de construction et les g\u00e9n\u00e9rateurs. La sensibilit\u00e9 \u00e0 l'humidit\u00e9 est une limitation courante :<\/p>\n\t\t\n<style>\n#text-1346626326 {\n  text-align: left;\n}\n<\/style>\n\t<\/div>\n\t\n\t\t\t<\/div>\n\t\t<\/div>\n\t<\/div>\n\t\n<a href=\"https:\/\/feltvibe.com\/fr\/arketa-wr-base-material-panneau-acoustique-en-feutre-de-pet-resistant-a-leau\/\" target=\"_blank\" class=\"button primary is-outline\" rel=\"noopener\"  >\n    <span>Lire la suite<\/span>\n  <\/a>\n\n\t\t<\/div>\n\t\t\t\t\t<\/div>\n\n\t\n<\/div>\n\t\t<\/div>\n\t\t\t\t\t<\/div>\n\n\t\n\n\t<div id=\"col-2107606713\" class=\"col medium-4 small-12 large-4\"  >\n\t\t\t\t<div class=\"col-inner text-left\"  >\n\t\t\t\n\t\t\t\n<div class=\"row row-small align-bottom\"  id=\"row-770695219\">\n\n\t<div id=\"col-960687561\" class=\"col small-12 large-12\"  >\n\t\t\t\t<div class=\"col-inner text-left\"  >\n\t\t\t\n\t\t\t\n\t<div class=\"box has-hover   has-hover box-text-bottom\" >\n\n\t\t<div class=\"box-image\" style=\"border-radius:3%;\">\n\t\t\t\t\t\t<div class=\"\" >\n\t\t\t\t<img loading=\"lazy\" decoding=\"async\" width=\"395\" height=\"240\" src=\"https:\/\/feltvibe.com\/uploads\/arketa-slat-pet-felt-panel-111.jpg\" class=\"attachment-original size-original\" alt=\"\" srcset=\"https:\/\/feltvibe.com\/uploads\/arketa-slat-pet-felt-panel-111.jpg 395w, https:\/\/feltvibe.com\/uploads\/arketa-slat-pet-felt-panel-111-300x182.jpg 300w\" sizes=\"auto, (max-width: 395px) 100vw, 395px\" \/>\t\t\t\t\t\t\t\t\t\t\t<\/div>\n\t\t\t\t\t<\/div>\n\n\t\t<div class=\"box-text text-left\" >\n\t\t\t<div class=\"box-text-inner\">\n\t\t\t\t\n\t<div id=\"text-2378865262\" class=\"text\">\n\t\t\n<p><strong>Collections Arketa pour les panneaux muraux acoustiques en bois \u00e0 lamelles<\/strong><br \/>\n\t\t\n<style>\n#text-2378865262 {\n  font-size: 1.2rem;\n  text-align: left;\n}\n<\/style>\n\t<\/div>\n\t\n<div class=\"is-divider divider clearfix\" style=\"max-width:100%;height:1px;background-color:#797979;\"><\/div>\n\t<div id=\"text-4094805022\" class=\"text\">\n\t\t\n<p>Une maison et un espace bruyants peuvent avoir un impact important sur notre sant\u00e9 g\u00e9n\u00e9rale, en affectant l'humeur, le bien-\u00eatre et la productivit\u00e9. Felt Vibe\u00ae ARKETA est un feutre acoustique en PET...<br \/>\n\t\t\n<style>\n#text-4094805022 {\n  text-align: left;\n}\n<\/style>\n\t<\/div>\n\t\n\t\t\t<\/div>\n\t\t<\/div>\n\t<\/div>\n\t\n<a href=\"https:\/\/feltvibe.com\/fr\/collections-arketa-pour-les-panneaux-muraux-en-bois-a-lamelles-acoustiques\/\" target=\"_blank\" class=\"button primary is-outline\" rel=\"noopener\"  >\n    <span>Lire la suite<\/span>\n  <\/a>\n\n\t\t<\/div>\n\t\t\t\t\t<\/div>\n\n\t\n<\/div>\n\t\t<\/div>\n\t\t\t\t\t<\/div>\n\n\t\n\n\t<div id=\"col-1363867463\" class=\"col medium-4 small-12 large-4\"  >\n\t\t\t\t<div class=\"col-inner\"  >\n\t\t\t\n\t\t\t\n<div class=\"row row-small\"  id=\"row-1411663545\">\n\n\t<div id=\"col-435828133\" class=\"col small-12 large-12\"  >\n\t\t\t\t<div class=\"col-inner\"  >\n\t\t\t\n\t\t\t\n\t<div class=\"box has-hover   has-hover box-text-bottom\" >\n\n\t\t<div class=\"box-image\" style=\"border-radius:3%;\">\n\t\t\t\t\t\t<div class=\"\" >\n\t\t\t\t<img loading=\"lazy\" decoding=\"async\" width=\"395\" height=\"240\" src=\"https:\/\/feltvibe.com\/uploads\/arketa-slat-pet-felt-pane-222.jpg\" class=\"attachment-original size-original\" alt=\"\" srcset=\"https:\/\/feltvibe.com\/uploads\/arketa-slat-pet-felt-pane-222.jpg 395w, https:\/\/feltvibe.com\/uploads\/arketa-slat-pet-felt-pane-222-300x182.jpg 300w\" sizes=\"auto, (max-width: 395px) 100vw, 395px\" \/>\t\t\t\t\t\t\t\t\t\t\t<\/div>\n\t\t\t\t\t<\/div>\n\n\t\t<div class=\"box-text text-left\" >\n\t\t\t<div class=\"box-text-inner\">\n\t\t\t\t\n\t<div id=\"text-2958601224\" class=\"text\">\n\t\t\n<p><strong>De la bouteille au feutre : Comment nous fabriquons le feutre de PET<\/strong><br \/>\n\t\t\n<style>\n#text-2958601224 {\n  font-size: 1.2rem;\n  text-align: left;\n}\n<\/style>\n\t<\/div>\n\t\n<div class=\"is-divider divider clearfix\" style=\"max-width:100%;height:1px;background-color:#797979;\"><\/div>\n\t<div id=\"text-671354144\" class=\"text\">\n\t\t\n<p>Dans le temps qu'il faut pour boire une gorg\u00e9e d'une bouteille en plastique, 20 000 bouteilles sont jet\u00e9es. Plus de 1,3 milliard de bouteilles sont vendues chaque jour dans le monde, et seulement...<br \/>\n\t\t\n<style>\n#text-671354144 {\n  text-align: left;\n}\n<\/style>\n\t<\/div>\n\t\n\t\t\t<\/div>\n\t\t<\/div>\n\t<\/div>\n\t\n<a href=\"https:\/\/feltvibe.com\/fr\/de-la-bouteille-aux-feuilles-de-feutre-comment-nous-fabriquons-le-feutre-pour-animaux-de-compagnie\/\" target=\"_blank\" class=\"button primary is-outline\" rel=\"noopener\"  >\n    <span>Lire la suite<\/span>\n  <\/a>\n\n\t\t<\/div>\n\t\t\t\t\t<\/div>\n\n\t\n<\/div>\n\t\t<\/div>\n\t\t\t\t\t<\/div>\n\n\t\n<\/div>\n<div class=\"row\"  id=\"row-1344138013\">\n\n\t<div id=\"col-881173497\" class=\"col medium-4 small-12 large-4\"  >\n\t\t\t\t<div class=\"col-inner\"  >\n\t\t\t\n\t\t\t\n<div class=\"row row-small align-bottom\"  id=\"row-1270959802\">\n\n\t<div id=\"col-17608001\" class=\"col small-12 large-12\"  >\n\t\t\t\t<div class=\"col-inner\"  >\n\t\t\t\n\t\t\t\n\t<div class=\"box has-hover   has-hover box-text-bottom\" >\n\n\t\t<div class=\"box-image\" style=\"border-radius:3%;\">\n\t\t\t\t\t\t<div class=\"\" >\n\t\t\t\t<img loading=\"lazy\" decoding=\"async\" width=\"395\" height=\"240\" src=\"https:\/\/feltvibe.com\/uploads\/how-to-improve-acoustics-depending-on-the-type-of-space-111.jpeg\" class=\"attachment-original size-original\" alt=\"\" srcset=\"https:\/\/feltvibe.com\/uploads\/how-to-improve-acoustics-depending-on-the-type-of-space-111.jpeg 395w, https:\/\/feltvibe.com\/uploads\/how-to-improve-acoustics-depending-on-the-type-of-space-111-300x182.jpeg 300w, https:\/\/feltvibe.com\/uploads\/how-to-improve-acoustics-depending-on-the-type-of-space-111-18x12.jpeg 18w\" sizes=\"auto, (max-width: 395px) 100vw, 395px\" \/>\t\t\t\t\t\t\t\t\t\t\t<\/div>\n\t\t\t\t\t<\/div>\n\n\t\t<div class=\"box-text text-left\" >\n\t\t\t<div class=\"box-text-inner\">\n\t\t\t\t\n\t<div id=\"text-3314115049\" class=\"text\">\n\t\t\n<p><strong>Comment am\u00e9liorer l'acoustique en fonction du type d'espace ?<\/strong><br \/>\n\t\t\n<style>\n#text-3314115049 {\n  font-size: 1.2rem;\n  text-align: left;\n}\n<\/style>\n\t<\/div>\n\t\n<div class=\"is-divider divider clearfix\" style=\"max-width:100%;height:1px;background-color:#797979;\"><\/div>\n\t<div id=\"text-1966636882\" class=\"text\">\n\t\t\n<p>Les bruits quotidiens tels que les conversations, les sonneries de t\u00e9l\u00e9phone, les bruits de pas, les bruits d'\u00e9quipement et les bruits ext\u00e9rieurs (tels que la circulation ou la construction) sont \u00e0 l'origine du bruit...<br \/>\n\t\t\n<style>\n#text-1966636882 {\n  text-align: left;\n}\n<\/style>\n\t<\/div>\n\t\n\t\t\t<\/div>\n\t\t<\/div>\n\t<\/div>\n\t\n<a href=\"https:\/\/feltvibe.com\/fr\/comment-ameliorer-lacoustique-en-fonction-du-type-despace\/\" target=\"_blank\" class=\"button primary is-outline\" rel=\"noopener\"  >\n    <span>Lire la suite<\/span>\n  <\/a>\n\n\t\t<\/div>\n\t\t\t\t\t<\/div>\n\n\t\n<\/div>\n\t\t<\/div>\n\t\t\t\t\t<\/div>\n\n\t\n\n\t<div id=\"col-1159987428\" class=\"col medium-4 small-12 large-4\"  >\n\t\t\t\t<div class=\"col-inner\"  >\n\t\t\t\n\t\t\t\n<div class=\"row row-small align-bottom\"  id=\"row-766706914\">\n\n\t<div id=\"col-1062891677\" class=\"col small-12 large-12\"  >\n\t\t\t\t<div class=\"col-inner\"  >\n\t\t\t\n\t\t\t\n\t<div class=\"box has-hover   has-hover box-text-bottom\" >\n\n\t\t<div class=\"box-image\" style=\"border-radius:3%;\">\n\t\t\t\t\t\t<div class=\"\" >\n\t\t\t\t<img loading=\"lazy\" decoding=\"async\" width=\"592\" height=\"365\" src=\"https:\/\/feltvibe.com\/uploads\/Ekran-goruntusu-2025-07-09-153054.png\" class=\"attachment-original size-original\" alt=\"\" srcset=\"https:\/\/feltvibe.com\/uploads\/Ekran-goruntusu-2025-07-09-153054.png 592w, https:\/\/feltvibe.com\/uploads\/Ekran-goruntusu-2025-07-09-153054-300x185.png 300w, https:\/\/feltvibe.com\/uploads\/Ekran-goruntusu-2025-07-09-153054-18x12.png 18w\" sizes=\"auto, (max-width: 592px) 100vw, 592px\" \/>\t\t\t\t\t\t\t\t\t\t\t<\/div>\n\t\t\t\t\t<\/div>\n\n\t\t<div class=\"box-text text-left\" >\n\t\t\t<div class=\"box-text-inner\">\n\t\t\t\t\n\t<div id=\"text-3679117584\" class=\"text\">\n\t\t\n<p><strong>Orgatec 22-25 OCTOBRE<\/strong><\/p>\n<p><strong>Colonge<\/strong><br \/>\n\t\t\n<style>\n#text-3679117584 {\n  font-size: 1.2rem;\n  text-align: left;\n}\n<\/style>\n\t<\/div>\n\t\n<div class=\"is-divider divider clearfix\" style=\"max-width:100%;height:1px;background-color:#797979;\"><\/div>\n\t<div id=\"text-608293729\" class=\"text\">\n\t\t\n<p>FeltVibe\u00ae pr\u00e9sentera son nouveau produit ARKETA, con\u00e7u pour des applications acoustiques et d\u00e9coratives, lors du salon qui se tiendra \u00e0 Cologne, en Allemagne, du ...<br \/>\n\t\t\n<style>\n#text-608293729 {\n  text-align: left;\n}\n<\/style>\n\t<\/div>\n\t\n\t\t\t<\/div>\n\t\t<\/div>\n\t<\/div>\n\t\n<a href=\"https:\/\/feltvibe.com\/fr\/orgatec-colonge\/\" target=\"_blank\" class=\"button primary is-outline\" rel=\"noopener\"  >\n    <span>Lire la suite<\/span>\n  <\/a>\n\n\t\t<\/div>\n\t\t\t\t\t<\/div>\n\n\t\n<\/div>\n\t\t<\/div>\n\t\t\t\t\t<\/div>\n\n\t\n<\/div>\n\t\t<\/div>\n\n\t\t\n<style>\n#section_1900908841 {\n  padding-top: 30px;\n  padding-bottom: 30px;\n}\n<\/style>\n\t<\/section>","protected":false},"excerpt":{"rendered":"","protected":false},"author":2,"featured_media":0,"parent":0,"menu_order":0,"comment_status":"closed","ping_status":"closed","template":"","meta":{"footnotes":""},"class_list":["post-10158","page","type-page","status-publish","hentry"],"yoast_head":"<!-- This site is optimized with the Yoast SEO Premium plugin v27.4 (Yoast SEO v27.4) - https:\/\/yoast.com\/product\/yoast-seo-premium-wordpress\/ -->\n<title>FeltVibe Acoustic Blog | Trends, Tech &amp; Sustainability<\/title>\n<meta name=\"description\" content=\"Explore the latest in acoustic design. From water-resistant panels to sustainable PET manufacturing, stay informed on the future of soundproofing innovation.\" \/>\n<meta name=\"robots\" content=\"index, follow, max-snippet:-1, max-image-preview:large, max-video-preview:-1\" \/>\n<link rel=\"canonical\" href=\"https:\/\/feltvibe.com\/fr\/blog\/\" \/>\n<meta property=\"og:locale\" content=\"fr_FR\" \/>\n<meta property=\"og:type\" content=\"article\" \/>\n<meta property=\"og:title\" content=\"The FeltVibe Blog: Insights into Acoustic Innovation\" \/>\n<meta property=\"og:description\" content=\"Your guide to modern acoustics. Learn about sustainable materials, noise control technology, and design tips for a quieter, healthier life.\" \/>\n<meta property=\"og:url\" content=\"https:\/\/feltvibe.com\/fr\/blog\/\" \/>\n<meta property=\"og:site_name\" content=\"Feltvibe | Acoustic Felt\" \/>\n<meta property=\"article:publisher\" content=\"https:\/\/www.facebook.com\/Gentug\" \/>\n<meta property=\"article:modified_time\" content=\"2026-03-13T07:18:51+00:00\" \/>\n<meta property=\"og:image\" content=\"https:\/\/feltvibe.com\/uploads\/arketa-pet-felt-panel-1.jpg\" \/>\n\t<meta property=\"og:image:width\" content=\"500\" \/>\n\t<meta property=\"og:image:height\" content=\"425\" \/>\n\t<meta property=\"og:image:type\" content=\"image\/jpeg\" \/>\n<meta name=\"twitter:card\" content=\"summary_large_image\" \/>\n<meta name=\"twitter:title\" content=\"FeltVibe Blog: Innovations in Acoustic Design\" \/>\n<meta name=\"twitter:description\" content=\"Stay updated on the latest acoustic trends and sustainable soundproofing solutions. Read the latest from the FeltVibe blog.\" \/>\n<meta name=\"twitter:label1\" content=\"Dur\u00e9e de lecture estim\u00e9e\" \/>\n\t<meta name=\"twitter:data1\" content=\"2 minutes\" \/>\n<script type=\"application\/ld+json\" class=\"yoast-schema-graph\">{\"@context\":\"https:\\\/\\\/schema.org\",\"@graph\":[{\"@type\":\"WebPage\",\"@id\":\"https:\\\/\\\/feltvibe.com\\\/blog\\\/\",\"url\":\"https:\\\/\\\/feltvibe.com\\\/blog\\\/\",\"name\":\"FeltVibe Acoustic Blog | Trends, Tech & Sustainability\",\"isPartOf\":{\"@id\":\"https:\\\/\\\/feltvibe.com\\\/#website\"},\"datePublished\":\"2025-06-09T14:39:32+00:00\",\"dateModified\":\"2026-03-13T07:18:51+00:00\",\"description\":\"Explore the latest in acoustic design. From water-resistant panels to sustainable PET manufacturing, stay informed on the future of soundproofing innovation.\",\"breadcrumb\":{\"@id\":\"https:\\\/\\\/feltvibe.com\\\/blog\\\/#breadcrumb\"},\"inLanguage\":\"fr-FR\",\"potentialAction\":[{\"@type\":\"ReadAction\",\"target\":[\"https:\\\/\\\/feltvibe.com\\\/blog\\\/\"]}]},{\"@type\":\"BreadcrumbList\",\"@id\":\"https:\\\/\\\/feltvibe.com\\\/blog\\\/#breadcrumb\",\"itemListElement\":[{\"@type\":\"ListItem\",\"position\":1,\"name\":\"Home\",\"item\":\"https:\\\/\\\/feltvibe.com\\\/\"},{\"@type\":\"ListItem\",\"position\":2,\"name\":\"Blog\"}]},{\"@type\":\"WebSite\",\"@id\":\"https:\\\/\\\/feltvibe.com\\\/#website\",\"url\":\"https:\\\/\\\/feltvibe.com\\\/\",\"name\":\"Feltvibe Acoustic Felt\",\"description\":\"Feltvibe is a leading manufacturer providing innovative felt solutions for various industries, including thermoforming and automotive. Specializing in high-quality felt products, the company offers custom design and production services tailored to meet customer needs. Feltvibe is committed to creating sustainable, durable, and eco-friendly products while staying up to date with technological advancements. With a strong focus on customer satisfaction, the company ensures top-tier quality in all of its solutions.\",\"publisher\":{\"@id\":\"https:\\\/\\\/feltvibe.com\\\/#organization\"},\"potentialAction\":[{\"@type\":\"SearchAction\",\"target\":{\"@type\":\"EntryPoint\",\"urlTemplate\":\"https:\\\/\\\/feltvibe.com\\\/?s={search_term_string}\"},\"query-input\":{\"@type\":\"PropertyValueSpecification\",\"valueRequired\":true,\"valueName\":\"search_term_string\"}}],\"inLanguage\":\"fr-FR\"},{\"@type\":\"Organization\",\"@id\":\"https:\\\/\\\/feltvibe.com\\\/#organization\",\"name\":\"Feltvibe is a leading manufacturer providing innovative acoustic and industrial felt solutions for various industries, including thermoformable PET felt panels and sustainable textile applications.\",\"alternateName\":\"Feltvibe by Gentu\u011f Tekstil\",\"url\":\"https:\\\/\\\/feltvibe.com\\\/\",\"logo\":{\"@type\":\"ImageObject\",\"inLanguage\":\"fr-FR\",\"@id\":\"https:\\\/\\\/feltvibe.com\\\/#\\\/schema\\\/logo\\\/image\\\/\",\"url\":\"https:\\\/\\\/feltvibe.com\\\/uploads\\\/feltvibe-dark-logo-final.svg\",\"contentUrl\":\"https:\\\/\\\/feltvibe.com\\\/uploads\\\/feltvibe-dark-logo-final.svg\",\"width\":1,\"height\":1,\"caption\":\"Feltvibe is a leading manufacturer providing innovative acoustic and industrial felt solutions for various industries, including thermoformable PET felt panels and sustainable textile applications.\"},\"image\":{\"@id\":\"https:\\\/\\\/feltvibe.com\\\/#\\\/schema\\\/logo\\\/image\\\/\"},\"sameAs\":[\"https:\\\/\\\/www.facebook.com\\\/Gentug\",\"https:\\\/\\\/www.instagram.com\\\/felt.vibe\\\/\",\"https:\\\/\\\/www.linkedin.com\\\/company\\\/feltvibe\"],\"description\":\"Gentu\u011f Textile is the main and the most reliable technical textile manufacturer in Turkey, providing high quality products to the worldwide markets.\",\"email\":\"info@feltvibe.com\",\"telephone\":\"+90 212 637 09 89\",\"legalName\":\"Gentu\u011f Tekstil \u00dcr\u00fcn. San. Tic. A.\u015e.\",\"foundingDate\":\"1917-01-01\",\"vatID\":\"3940016139\",\"taxID\":\"MARMARA KURUMLAR\",\"numberOfEmployees\":{\"@type\":\"QuantitativeValue\",\"minValue\":\"501\",\"maxValue\":\"1000\"},\"publishingPrinciples\":\"https:\\\/\\\/feltvibe.com\\\/privacy-policy\\\/\",\"ownershipFundingInfo\":\"https:\\\/\\\/feltvibe.com\\\/about-us\\\/\",\"actionableFeedbackPolicy\":\"https:\\\/\\\/feltvibe.com\\\/contact-us\\\/\",\"correctionsPolicy\":\"https:\\\/\\\/feltvibe.com\\\/certification\\\/\",\"ethicsPolicy\":\"https:\\\/\\\/feltvibe.com\\\/privacy-policy\\\/\",\"diversityPolicy\":\"https:\\\/\\\/feltvibe.com\\\/privacy-policy\\\/\",\"diversityStaffingReport\":\"https:\\\/\\\/feltvibe.com\\\/contact-us\\\/\"}]}<\/script>\n<!-- \/ Yoast SEO Premium plugin. -->","yoast_head_json":{"title":"FeltVibe Acoustic Blog | Trends, Tech & Sustainability","description":"Explore the latest in acoustic design. From water-resistant panels to sustainable PET manufacturing, stay informed on the future of soundproofing innovation.","robots":{"index":"index","follow":"follow","max-snippet":"max-snippet:-1","max-image-preview":"max-image-preview:large","max-video-preview":"max-video-preview:-1"},"canonical":"https:\/\/feltvibe.com\/fr\/blog\/","og_locale":"fr_FR","og_type":"article","og_title":"The FeltVibe Blog: Insights into Acoustic Innovation","og_description":"Your guide to modern acoustics. Learn about sustainable materials, noise control technology, and design tips for a quieter, healthier life.","og_url":"https:\/\/feltvibe.com\/fr\/blog\/","og_site_name":"Feltvibe | Acoustic Felt","article_publisher":"https:\/\/www.facebook.com\/Gentug","article_modified_time":"2026-03-13T07:18:51+00:00","og_image":[{"width":500,"height":425,"url":"https:\/\/feltvibe.com\/uploads\/arketa-pet-felt-panel-1.jpg","type":"image\/jpeg"}],"twitter_card":"summary_large_image","twitter_title":"FeltVibe Blog: Innovations in Acoustic Design","twitter_description":"Stay updated on the latest acoustic trends and sustainable soundproofing solutions. Read the latest from the FeltVibe blog.","twitter_misc":{"Dur\u00e9e de lecture estim\u00e9e":"2 minutes"},"schema":{"@context":"https:\/\/schema.org","@graph":[{"@type":"WebPage","@id":"https:\/\/feltvibe.com\/blog\/","url":"https:\/\/feltvibe.com\/blog\/","name":"FeltVibe Acoustic Blog | Trends, Tech & Sustainability","isPartOf":{"@id":"https:\/\/feltvibe.com\/#website"},"datePublished":"2025-06-09T14:39:32+00:00","dateModified":"2026-03-13T07:18:51+00:00","description":"Explore the latest in acoustic design. From water-resistant panels to sustainable PET manufacturing, stay informed on the future of soundproofing innovation.","breadcrumb":{"@id":"https:\/\/feltvibe.com\/blog\/#breadcrumb"},"inLanguage":"fr-FR","potentialAction":[{"@type":"ReadAction","target":["https:\/\/feltvibe.com\/blog\/"]}]},{"@type":"BreadcrumbList","@id":"https:\/\/feltvibe.com\/blog\/#breadcrumb","itemListElement":[{"@type":"ListItem","position":1,"name":"Home","item":"https:\/\/feltvibe.com\/"},{"@type":"ListItem","position":2,"name":"Blog"}]},{"@type":"WebSite","@id":"https:\/\/feltvibe.com\/#website","url":"https:\/\/feltvibe.com\/","name":"Feutre acoustique Feltvibe","description":"Feltvibe est un fabricant de premier plan qui fournit des solutions innovantes en mati\u00e8re de feutre pour diverses industries, notamment le thermoformage et l'automobile. Sp\u00e9cialis\u00e9e dans les produits en feutre de haute qualit\u00e9, l'entreprise propose des services de conception et de production sur mesure, adapt\u00e9s aux besoins des clients. Feltvibe s'engage \u00e0 cr\u00e9er des produits durables et respectueux de l'environnement tout en restant \u00e0 la pointe des avanc\u00e9es technologiques. En mettant l'accent sur la satisfaction du client, l'entreprise garantit une qualit\u00e9 de premier ordre pour toutes ses solutions.","publisher":{"@id":"https:\/\/feltvibe.com\/#organization"},"potentialAction":[{"@type":"SearchAction","target":{"@type":"EntryPoint","urlTemplate":"https:\/\/feltvibe.com\/?s={search_term_string}"},"query-input":{"@type":"PropertyValueSpecification","valueRequired":true,"valueName":"search_term_string"}}],"inLanguage":"fr-FR"},{"@type":"Organization","@id":"https:\/\/feltvibe.com\/#organization","name":"Feltvibe est un fabricant de premier plan qui propose des solutions innovantes en mati\u00e8re de feutre acoustique et industriel pour diverses industries, notamment des panneaux de feutre PET thermoformables et des applications textiles durables.","alternateName":"Feltvibe by Gentu\u011f Tekstil","url":"https:\/\/feltvibe.com\/","logo":{"@type":"ImageObject","inLanguage":"fr-FR","@id":"https:\/\/feltvibe.com\/#\/schema\/logo\/image\/","url":"https:\/\/feltvibe.com\/uploads\/feltvibe-dark-logo-final.svg","contentUrl":"https:\/\/feltvibe.com\/uploads\/feltvibe-dark-logo-final.svg","width":1,"height":1,"caption":"Feltvibe is a leading manufacturer providing innovative acoustic and industrial felt solutions for various industries, including thermoformable PET felt panels and sustainable textile applications."},"image":{"@id":"https:\/\/feltvibe.com\/#\/schema\/logo\/image\/"},"sameAs":["https:\/\/www.facebook.com\/Gentug","https:\/\/www.instagram.com\/felt.vibe\/","https:\/\/www.linkedin.com\/company\/feltvibe"],"description":"Gentu\u011f Textile est le principal et le plus fiable fabricant de textiles techniques en Turquie, fournissant des produits de haute qualit\u00e9 aux march\u00e9s mondiaux.","email":"info@feltvibe.com","telephone":"+90 212 637 09 89","legalName":"Gentu\u011f Tekstil \u00dcr\u00fcn. San. Tic. A.\u015e.","foundingDate":"1917-01-01","vatID":"3940016139","taxID":"MARMARA KURUMLAR","numberOfEmployees":{"@type":"QuantitativeValue","minValue":"501","maxValue":"1000"},"publishingPrinciples":"https:\/\/feltvibe.com\/privacy-policy\/","ownershipFundingInfo":"https:\/\/feltvibe.com\/about-us\/","actionableFeedbackPolicy":"https:\/\/feltvibe.com\/contact-us\/","correctionsPolicy":"https:\/\/feltvibe.com\/certification\/","ethicsPolicy":"https:\/\/feltvibe.com\/privacy-policy\/","diversityPolicy":"https:\/\/feltvibe.com\/privacy-policy\/","diversityStaffingReport":"https:\/\/feltvibe.com\/contact-us\/"}]}},"_links":{"self":[{"href":"https:\/\/feltvibe.com\/fr\/wp-json\/wp\/v2\/pages\/10158","targetHints":{"allow":["GET"]}}],"collection":[{"href":"https:\/\/feltvibe.com\/fr\/wp-json\/wp\/v2\/pages"}],"about":[{"href":"https:\/\/feltvibe.com\/fr\/wp-json\/wp\/v2\/types\/page"}],"author":[{"embeddable":true,"href":"https:\/\/feltvibe.com\/fr\/wp-json\/wp\/v2\/users\/2"}],"replies":[{"embeddable":true,"href":"https:\/\/feltvibe.com\/fr\/wp-json\/wp\/v2\/comments?post=10158"}],"version-history":[{"count":61,"href":"https:\/\/feltvibe.com\/fr\/wp-json\/wp\/v2\/pages\/10158\/revisions"}],"predecessor-version":[{"id":17249,"href":"https:\/\/feltvibe.com\/fr\/wp-json\/wp\/v2\/pages\/10158\/revisions\/17249"}],"wp:attachment":[{"href":"https:\/\/feltvibe.com\/fr\/wp-json\/wp\/v2\/media?parent=10158"}],"curies":[{"name":"wp","href":"https:\/\/api.w.org\/{rel}","templated":true}]}}