{"id":10195,"date":"2025-06-09T18:21:20","date_gmt":"2025-06-09T15:21:20","guid":{"rendered":"https:\/\/feltvibe.com\/?page_id=10195"},"modified":"2026-03-13T10:18:49","modified_gmt":"2026-03-13T07:18:49","slug":"modele-de-blog","status":"publish","type":"page","link":"https:\/\/feltvibe.com\/fr\/blog-template\/","title":{"rendered":"Mod\u00e8le de blog"},"content":{"rendered":"<div class=\"banner has-hover\" id=\"banner-1873226856\">\n          <div class=\"banner-inner fill\">\n        <div class=\"banner-bg fill\" >\n            <div class=\"bg fill bg-fill\"><\/div>\n                                    \n                    <\/div>\n\t\t\n        <div class=\"banner-layers container\">\n            <div class=\"fill banner-link\"><\/div>            \n   <div id=\"text-box-1013253499\" class=\"text-box banner-layer x50 md-x50 lg-x50 y50 md-y50 lg-y50 res-text\">\n                                <div class=\"text-box-content text dark\">\n              \n              <div class=\"text-inner text-center\">\n                  \n\t<div id=\"text-70595360\" class=\"text\">\n\t\t\n<p><strong>ARKETA-WR (mat\u00e9riau de base)<\/strong><br \/>\nPanneau acoustique en feutre PET r\u00e9sistant \u00e0 l'eau<\/p>\n\t\t\n<style>\n#text-70595360 {\n  font-size: 0.9rem;\n}\n@media (min-width:550px) {\n  #text-70595360 {\n    font-size: 2rem;\n  }\n}\n<\/style>\n\t<\/div>\n\t\n              <\/div>\n           <\/div>\n                            \n<style>\n#text-box-1013253499 {\n  width: 60%;\n}\n#text-box-1013253499 .text-box-content {\n  font-size: 100%;\n}\n<\/style>\n    <\/div>\n \n        <\/div>\n      <\/div>\n\n            \n<style>\n#banner-1873226856 {\n  padding-top: 56.25%;\n}\n#banner-1873226856 .bg.bg-loaded {\n  background-image: url(https:\/\/feltvibe.com\/uploads\/Water-Resistant-pet-felt-panel-111.jpg);\n}\n@media (min-width:550px) {\n  #banner-1873226856 {\n    padding-top: 56.25%;\n  }\n}\n@media (min-width:850px) {\n  #banner-1873226856 {\n    padding-top: 50vh;\n  }\n}\n<\/style>\n  <\/div>\n\n\n\t<section class=\"section\" id=\"section_875752844\">\n\t\t<div class=\"bg section-bg fill bg-fill  bg-loaded\" >\n\n\t\t\t\n\t\t\t\n\t\t\t\n\n\t\t<\/div>\n\n\t\t\n\n\t\t<div class=\"section-content relative\">\n\t\t\t\n<div class=\"row align-center\"  id=\"row-1884245421\">\n\n\t<div id=\"col-1850790450\" class=\"col small-12 large-12\"  >\n\t\t\t\t<div class=\"col-inner\"  >\n\t\t\t\n\t\t\t\n\t<div id=\"gap-959164008\" class=\"gap-element clearfix\" style=\"display:block; height:auto;\">\n\t\t\n<style>\n#gap-959164008 {\n  padding-top: 5vh;\n}\n<\/style>\n\t<\/div>\n\t\n<p>Dans le domaine du contr\u00f4le du bruit, les panneaux acoustiques jouent un r\u00f4le essentiel. Qu'il s'agisse d'att\u00e9nuer la clameur li\u00e9e \u00e0 la construction ou de dompter le bourdonnement perturbateur d'un g\u00e9n\u00e9rateur, ces panneaux offrent r\u00e9confort, protection et tranquillit\u00e9. Cependant, un d\u00e9fi persiste : de nombreux panneaux acoustiques - malgr\u00e9 leurs prouesses en mati\u00e8re d'absorption du son - pr\u00e9sentent \u00e9galement une affinit\u00e9 pour l'eau et l'humidit\u00e9. cette double nature pose plusieurs probl\u00e8mes :<\/p>\n\t<div id=\"gap-1165468529\" class=\"gap-element clearfix\" style=\"display:block; height:auto;\">\n\t\t\n<style>\n#gap-1165468529 {\n  padding-top: 30px;\n}\n<\/style>\n\t<\/div>\n\t\n<div class=\"row row-collapse align-bottom\"  id=\"row-2008671657\">\n\n\t<div id=\"col-1311964651\" class=\"col small-12 large-12\"  >\n\t\t\t\t<div class=\"col-inner\"  >\n\t\t\t\n\t\t\t\n<div class=\"text-center\"><div class=\"is-divider divider clearfix\" style=\"margin-top:0px;margin-bottom:0px;max-width:100%;height:1px;background-color:rgb(68, 69, 69);\"><\/div><\/div>\n\t\t<\/div>\n\t\t\t\t\t<\/div>\n\n\t\n\n<style>\n#row-2008671657 > .col > .col-inner {\n  padding: 0px 0px 10px 0px;\n}\n<\/style>\n<\/div>\n\t<div id=\"text-4108941505\" class=\"text\">\n\t\t\n<p>Am\u00e9lioration des panneaux acoustiques avec des propri\u00e9t\u00e9s de r\u00e9sistance \u00e0 l'eau<\/p>\n\t\t\n<style>\n#text-4108941505 {\n  font-size: 1.5rem;\n}\n<\/style>\n\t<\/div>\n\t\n<div class=\"row\"  id=\"row-1396810487\">\n\n\t<div id=\"col-1244299651\" class=\"col medium-6 small-12 large-6\"  >\n\t\t\t\t<div class=\"col-inner\"  >\n\t\t\t\n\t\t\t\n\t<div id=\"text-3321668341\" class=\"text\">\n\t\t\n<p><strong>1. Le dilemme du poids :<\/strong><br \/>\nLorsque de l'eau s'infiltre dans les panneaux acoustiques, leur poids augmente au-del\u00e0 des sp\u00e9cifications de conception. Imaginez un lit de plumes soudainement charg\u00e9 de gouttes de pluie : il perd sa flottabilit\u00e9. De la m\u00eame mani\u00e8re, les panneaux satur\u00e9s d'eau compromettent leur fonctionnalit\u00e9.<br \/>\n<strong>2. \u00c9rosion acoustique :<\/strong><br \/>\nL'humidit\u00e9 s'infiltre dans le tissu m\u00eame de la performance acoustique. Les ondes sonores, autrefois absorb\u00e9es avec pr\u00e9cision, se heurtent maintenant \u00e0 une r\u00e9sistance amortie.<br \/>\n<strong>3. Intrusion de moisissures :<\/strong><br \/>\nLes environnements humides accueillent des h\u00f4tes ind\u00e9sirables : les moisissures. Ces spores se d\u00e9veloppent, sapant silencieusement l'int\u00e9grit\u00e9 du panneau. le r\u00e9sultat ? une note discordante dans l'harmonie du design.<br \/>\n<strong>4. Humidit\u00e9 persistante :<\/strong><br \/>\nL'\u00e9vaporation, comme un invit\u00e9 retardataire, prend des jours. Au moment de son d\u00e9part, des dommages irr\u00e9versibles peuvent s'\u00eatre produits - une tache sur la toile de l'excellence acoustique.<\/p>\n\t\t\n<style>\n#text-3321668341 {\n  line-height: 1.9;\n}\n<\/style>\n\t<\/div>\n\t\n\t\t<\/div>\n\t\t\t\t\t<\/div>\n\n\t\n\n\t<div id=\"col-309297669\" class=\"col medium-1 small-12 large-1\"  >\n\t\t\t\t<div class=\"col-inner\"  >\n\t\t\t\n\t\t\t\n\t\t<\/div>\n\t\t\t\t\t<\/div>\n\n\t\n\n\t<div id=\"col-831721766\" class=\"col medium-5 small-12 large-5\"  >\n\t\t\t\t<div class=\"col-inner text-right\"  >\n\t\t\t\n\t\t\t\n\t<div class=\"img has-hover x md-x lg-x y md-y lg-y\" id=\"image_210988615\">\n\t\t\t\t\t\t\t\t<div class=\"img-inner image-cover dark\" style=\"padding-top:150%;\">\n\t\t\t<img loading=\"lazy\" decoding=\"async\" width=\"480\" height=\"852\" src=\"https:\/\/feltvibe.com\/uploads\/gif-blog-water.gif\" class=\"attachment-original size-original\" alt=\"\" \/>\t\t\t\t\t\t\n\t\t\t\t\t<\/div>\n\t\t\t\t\t\t\t\t\n<style>\n#image_210988615 {\n  width: 100%;\n}\n<\/style>\n\t<\/div>\n\t\n\t\t<\/div>\n\t\t\t\t\t<\/div>\n\n\t\n<\/div>\n<div class=\"row row-collapse align-bottom\"  id=\"row-487276087\">\n\n\t<div id=\"col-564622164\" class=\"col small-12 large-12\"  >\n\t\t\t\t<div class=\"col-inner\"  >\n\t\t\t\n\t\t\t\n<div class=\"text-center\"><div class=\"is-divider divider clearfix\" style=\"margin-top:0px;margin-bottom:0px;max-width:100%;height:1px;background-color:rgb(68, 69, 69);\"><\/div><\/div>\n\t\t<\/div>\n\t\t\t\t\t<\/div>\n\n\t\n\n<style>\n#row-487276087 > .col > .col-inner {\n  padding: 0px 0px 10px 0px;\n}\n<\/style>\n<\/div>\n\t<div id=\"text-3364432290\" class=\"text\">\n\t\t\n<p>Solutions<\/p>\n\t\t\n<style>\n#text-3364432290 {\n  font-size: 1.5rem;\n}\n<\/style>\n\t<\/div>\n\t\n<p>Le feutre acoustique feltVibe est un symbole d'innovation. Fabriqu\u00e9 \u00e0 partir de polyester recycl\u00e9, il transforme les bouteilles en plastique en une \u00e9l\u00e9gance d\u00e9lib\u00e9r\u00e9e. Explorons ses m\u00e9rites :<\/p>\n<div class=\"row\"  id=\"row-171715840\">\n\n\t<div id=\"col-175746382\" class=\"col medium-6 small-12 large-6\"  >\n\t\t\t\t<div class=\"col-inner\"  >\n\t\t\t\n\t\t\t\n\t<div id=\"text-2930400716\" class=\"text\">\n\t\t\n<p><strong>Marvel hydrophobe :<\/strong><br \/>\nfeltVibe se moque de l'eau. Il repousse les liquides comme un diplomate chevronn\u00e9 d\u00e9tourne les questions injustifi\u00e9es. Au bord de la piscine ou sous la pluie, il reste stable.<br \/>\n<strong>L'apesanteur pr\u00e9serv\u00e9e :<\/strong><br \/>\nContrairement \u00e0 un navire gorg\u00e9 d'eau, feltVibe conserve sa l\u00e9g\u00e8ret\u00e9. Pas de sensations de naufrage, mais une acoustique flottante.<\/p>\n\t\t\n<style>\n#text-2930400716 {\n  line-height: 1.9;\n}\n<\/style>\n\t<\/div>\n\t\n\t\t<\/div>\n\t\t\t\t\t<\/div>\n\n\t\n\n\t<div id=\"col-1426441473\" class=\"col medium-6 small-12 large-6\"  >\n\t\t\t\t<div class=\"col-inner\"  >\n\t\t\t\n\t\t\t\n\t<div id=\"text-951028738\" class=\"text\">\n\t\t\n<p><strong>La sorcellerie acoustique se d\u00e9cha\u00eene :<\/strong><br \/>\nLes ondes sonores s'inclinent devant feltVibe. L'humidit\u00e9 peut frapper, mais la performance perdure. Pas de crescendos att\u00e9nu\u00e9s.<br \/>\n<strong>Une vigilance \u00e0 l'\u00e9preuve des moisissures :<\/strong><br \/>\nLes spores de moisissures ne trouvent pas de refuge. feltVibe pr\u00e9serve sa puret\u00e9 - une sentinelle contre les h\u00f4tes ind\u00e9sirables.<br \/>\n<strong>Efficacit\u00e9 de l'\u00e9vaporation :<\/strong><br \/>\nL'humidit\u00e9 persiste, mais feltVibe la g\u00e8re habilement. L'\u00e9vaporation danse, sans laisser de traces.<\/p>\n\t\t\n<style>\n#text-951028738 {\n  line-height: 1.9;\n}\n<\/style>\n\t<\/div>\n\t\n\t\t<\/div>\n\t\t\t\t\t<\/div>\n\n\t\n<\/div>\n<div class=\"row row-collapse align-bottom\"  id=\"row-1024862961\">\n\n\t<div id=\"col-1821451732\" class=\"col small-12 large-12\"  >\n\t\t\t\t<div class=\"col-inner\"  >\n\t\t\t\n\t\t\t\n<div class=\"text-center\"><div class=\"is-divider divider clearfix\" style=\"margin-top:0px;margin-bottom:0px;max-width:100%;height:1px;background-color:rgb(68, 69, 69);\"><\/div><\/div>\n\t\t<\/div>\n\t\t\t\t\t<\/div>\n\n\t\n\n<style>\n#row-1024862961 > .col > .col-inner {\n  padding: 0px 0px 10px 0px;\n}\n<\/style>\n<\/div>\n\t<div id=\"text-2644174777\" class=\"text\">\n\t\t\n<p>Applications<\/p>\n\t\t\n<style>\n#text-2644174777 {\n  font-size: 1.5rem;\n}\n<\/style>\n\t<\/div>\n\t\n<div class=\"row\"  id=\"row-1308166714\">\n\n\t<div id=\"col-63078280\" class=\"col medium-6 small-12 large-6\"  >\n\t\t\t\t<div class=\"col-inner\"  >\n\t\t\t\n\t\t\t\n\t<div id=\"text-1895776400\" class=\"text\">\n\t\t\n<p>- Des salles de bains pleines d'aplomb : FeltVibe orne les murs de la salle de bains, absorbant les \u00e9chos tout en \u00e9vitant la vapeur.<br \/>\n- S\u00e9r\u00e9nit\u00e9 au bord de la piscine : Les chaises longues sirotent des pi\u00f1a coladas, envelopp\u00e9es dans l'\u00e9treinte feutr\u00e9e de feltVibe.<\/p>\n\t\t\n<style>\n#text-1895776400 {\n  line-height: 1.9;\n}\n<\/style>\n\t<\/div>\n\t\n\t\t<\/div>\n\t\t\t\t\t<\/div>\n\n\t\n\n\t<div id=\"col-1141452869\" class=\"col medium-6 small-12 large-6\"  >\n\t\t\t\t<div class=\"col-inner\"  >\n\t\t\t\n\t\t\t\n\t<div id=\"text-1765128544\" class=\"text\">\n\t\t\n<p>- Oasis d'ext\u00e9rieur : Patios, gazebosFeltVibe prosp\u00e8re, une couverture de pique-nique imperm\u00e9able pour le son.<br \/>\n- Dans la symphonie des mat\u00e9riaux, FeltVibe est une note harmonieuse - imperm\u00e9able \u00e0 l'eau mais r\u00e9sonnante. Laissez-le r\u00e9sonner dans vos espaces, t\u00e9moignage d'une \u00e9l\u00e9gance durable.<\/p>\n\t\t\n<style>\n#text-1765128544 {\n  line-height: 1.9;\n}\n<\/style>\n\t<\/div>\n\t\n\t\t<\/div>\n\t\t\t\t\t<\/div>\n\n\t\n<\/div>\n\t\t<\/div>\n\t\t\t\t\t<\/div>\n\n\t\n\n<style>\n#row-1884245421 > .col > .col-inner {\n  background-color: #f6f6f6;\n}\n<\/style>\n<\/div>\n\t\t<\/div>\n\n\t\t\n<style>\n#section_875752844 {\n  padding-top: 30px;\n  padding-bottom: 30px;\n  background-color: #f6f6f6;\n}\n<\/style>\n\t<\/section>","protected":false},"excerpt":{"rendered":"","protected":false},"author":2,"featured_media":0,"parent":0,"menu_order":0,"comment_status":"closed","ping_status":"closed","template":"","meta":{"footnotes":""},"class_list":["post-10195","page","type-page","status-publish","hentry"],"yoast_head":"<!-- This site is optimized with the Yoast SEO Premium plugin v27.5 (Yoast SEO v27.5) - https:\/\/yoast.com\/product\/yoast-seo-premium-wordpress\/ -->\n<title>Industrial Noise Control | ARKETA-WR PET Felt Panels<\/title>\n<meta name=\"description\" content=\"Tackle heavy-duty noise with ARKETA-WR. Our water-resistant PET felt panels are engineered to tame construction clamor and generator hum effectively.\" \/>\n<meta name=\"robots\" content=\"index, follow, max-snippet:-1, max-image-preview:large, max-video-preview:-1\" \/>\n<link rel=\"canonical\" href=\"https:\/\/feltvibe.com\/fr\/modele-de-blog\/\" \/>\n<meta property=\"og:locale\" content=\"fr_FR\" \/>\n<meta property=\"og:type\" content=\"article\" \/>\n<meta property=\"og:title\" content=\"Heavy-Duty Industrial Noise Control with ARKETA-WR\" \/>\n<meta property=\"og:description\" content=\"Solve complex noise issues with water-resistant PET felt. Ideal for mitigating construction and generator noise in any demanding environment.\" \/>\n<meta property=\"og:url\" content=\"https:\/\/feltvibe.com\/fr\/modele-de-blog\/\" \/>\n<meta property=\"og:site_name\" content=\"Feltvibe | Acoustic Felt\" \/>\n<meta property=\"article:publisher\" content=\"https:\/\/www.facebook.com\/Gentug\" \/>\n<meta property=\"article:modified_time\" content=\"2026-03-13T07:18:49+00:00\" \/>\n<meta property=\"og:image\" content=\"https:\/\/feltvibe.com\/uploads\/arketa-pet-felt-panel-1.jpg\" \/>\n\t<meta property=\"og:image:width\" content=\"500\" \/>\n\t<meta property=\"og:image:height\" content=\"425\" \/>\n\t<meta property=\"og:image:type\" content=\"image\/jpeg\" \/>\n<meta name=\"twitter:card\" content=\"summary_large_image\" \/>\n<meta name=\"twitter:title\" content=\"ARKETA-WR: Industrial Noise Control Panels\" \/>\n<meta name=\"twitter:description\" content=\"Tame construction and generator noise with ARKETA-WR water-resistant acoustic panels. Durable, effective, and resilient.\" \/>\n<meta name=\"twitter:label1\" content=\"Dur\u00e9e de lecture estim\u00e9e\" \/>\n\t<meta name=\"twitter:data1\" content=\"3 minutes\" \/>\n<script type=\"application\/ld+json\" class=\"yoast-schema-graph\">{\"@context\":\"https:\\\/\\\/schema.org\",\"@graph\":[{\"@type\":\"WebPage\",\"@id\":\"https:\\\/\\\/feltvibe.com\\\/blog-template\\\/\",\"url\":\"https:\\\/\\\/feltvibe.com\\\/blog-template\\\/\",\"name\":\"Industrial Noise Control | ARKETA-WR PET Felt Panels\",\"isPartOf\":{\"@id\":\"https:\\\/\\\/feltvibe.com\\\/#website\"},\"datePublished\":\"2025-06-09T15:21:20+00:00\",\"dateModified\":\"2026-03-13T07:18:49+00:00\",\"description\":\"Tackle heavy-duty noise with ARKETA-WR. Our water-resistant PET felt panels are engineered to tame construction clamor and generator hum effectively.\",\"breadcrumb\":{\"@id\":\"https:\\\/\\\/feltvibe.com\\\/blog-template\\\/#breadcrumb\"},\"inLanguage\":\"fr-FR\",\"potentialAction\":[{\"@type\":\"ReadAction\",\"target\":[\"https:\\\/\\\/feltvibe.com\\\/blog-template\\\/\"]}]},{\"@type\":\"BreadcrumbList\",\"@id\":\"https:\\\/\\\/feltvibe.com\\\/blog-template\\\/#breadcrumb\",\"itemListElement\":[{\"@type\":\"ListItem\",\"position\":1,\"name\":\"Home\",\"item\":\"https:\\\/\\\/feltvibe.com\\\/\"},{\"@type\":\"ListItem\",\"position\":2,\"name\":\"Blog Template\"}]},{\"@type\":\"WebSite\",\"@id\":\"https:\\\/\\\/feltvibe.com\\\/#website\",\"url\":\"https:\\\/\\\/feltvibe.com\\\/\",\"name\":\"Feltvibe Acoustic Felt\",\"description\":\"Feltvibe is a leading manufacturer providing innovative felt solutions for various industries, including thermoforming and automotive. Specializing in high-quality felt products, the company offers custom design and production services tailored to meet customer needs. Feltvibe is committed to creating sustainable, durable, and eco-friendly products while staying up to date with technological advancements. With a strong focus on customer satisfaction, the company ensures top-tier quality in all of its solutions.\",\"publisher\":{\"@id\":\"https:\\\/\\\/feltvibe.com\\\/#organization\"},\"potentialAction\":[{\"@type\":\"SearchAction\",\"target\":{\"@type\":\"EntryPoint\",\"urlTemplate\":\"https:\\\/\\\/feltvibe.com\\\/?s={search_term_string}\"},\"query-input\":{\"@type\":\"PropertyValueSpecification\",\"valueRequired\":true,\"valueName\":\"search_term_string\"}}],\"inLanguage\":\"fr-FR\"},{\"@type\":\"Organization\",\"@id\":\"https:\\\/\\\/feltvibe.com\\\/#organization\",\"name\":\"Feltvibe is a leading manufacturer providing innovative acoustic and industrial felt solutions for various industries, including thermoformable PET felt panels and sustainable textile applications.\",\"alternateName\":\"Feltvibe by Gentu\u011f Tekstil\",\"url\":\"https:\\\/\\\/feltvibe.com\\\/\",\"logo\":{\"@type\":\"ImageObject\",\"inLanguage\":\"fr-FR\",\"@id\":\"https:\\\/\\\/feltvibe.com\\\/#\\\/schema\\\/logo\\\/image\\\/\",\"url\":\"https:\\\/\\\/feltvibe.com\\\/uploads\\\/feltvibe-dark-logo-final.svg\",\"contentUrl\":\"https:\\\/\\\/feltvibe.com\\\/uploads\\\/feltvibe-dark-logo-final.svg\",\"width\":1,\"height\":1,\"caption\":\"Feltvibe is a leading manufacturer providing innovative acoustic and industrial felt solutions for various industries, including thermoformable PET felt panels and sustainable textile applications.\"},\"image\":{\"@id\":\"https:\\\/\\\/feltvibe.com\\\/#\\\/schema\\\/logo\\\/image\\\/\"},\"sameAs\":[\"https:\\\/\\\/www.facebook.com\\\/Gentug\",\"https:\\\/\\\/www.instagram.com\\\/felt.vibe\\\/\",\"https:\\\/\\\/www.linkedin.com\\\/company\\\/feltvibe\"],\"description\":\"Gentu\u011f Textile is the main and the most reliable technical textile manufacturer in Turkey, providing high quality products to the worldwide markets.\",\"email\":\"info@feltvibe.com\",\"telephone\":\"+90 212 637 09 89\",\"legalName\":\"Gentu\u011f Tekstil \u00dcr\u00fcn. San. Tic. A.\u015e.\",\"foundingDate\":\"1917-01-01\",\"vatID\":\"3940016139\",\"taxID\":\"MARMARA KURUMLAR\",\"numberOfEmployees\":{\"@type\":\"QuantitativeValue\",\"minValue\":\"501\",\"maxValue\":\"1000\"},\"publishingPrinciples\":\"https:\\\/\\\/feltvibe.com\\\/privacy-policy\\\/\",\"ownershipFundingInfo\":\"https:\\\/\\\/feltvibe.com\\\/about-us\\\/\",\"actionableFeedbackPolicy\":\"https:\\\/\\\/feltvibe.com\\\/contact-us\\\/\",\"correctionsPolicy\":\"https:\\\/\\\/feltvibe.com\\\/certification\\\/\",\"ethicsPolicy\":\"https:\\\/\\\/feltvibe.com\\\/privacy-policy\\\/\",\"diversityPolicy\":\"https:\\\/\\\/feltvibe.com\\\/privacy-policy\\\/\",\"diversityStaffingReport\":\"https:\\\/\\\/feltvibe.com\\\/contact-us\\\/\"}]}<\/script>\n<!-- \/ Yoast SEO Premium plugin. -->","yoast_head_json":{"title":"Industrial Noise Control | ARKETA-WR PET Felt Panels","description":"Tackle heavy-duty noise with ARKETA-WR. Our water-resistant PET felt panels are engineered to tame construction clamor and generator hum effectively.","robots":{"index":"index","follow":"follow","max-snippet":"max-snippet:-1","max-image-preview":"max-image-preview:large","max-video-preview":"max-video-preview:-1"},"canonical":"https:\/\/feltvibe.com\/fr\/modele-de-blog\/","og_locale":"fr_FR","og_type":"article","og_title":"Heavy-Duty Industrial Noise Control with ARKETA-WR","og_description":"Solve complex noise issues with water-resistant PET felt. Ideal for mitigating construction and generator noise in any demanding environment.","og_url":"https:\/\/feltvibe.com\/fr\/modele-de-blog\/","og_site_name":"Feltvibe | Acoustic Felt","article_publisher":"https:\/\/www.facebook.com\/Gentug","article_modified_time":"2026-03-13T07:18:49+00:00","og_image":[{"width":500,"height":425,"url":"https:\/\/feltvibe.com\/uploads\/arketa-pet-felt-panel-1.jpg","type":"image\/jpeg"}],"twitter_card":"summary_large_image","twitter_title":"ARKETA-WR: Industrial Noise Control Panels","twitter_description":"Tame construction and generator noise with ARKETA-WR water-resistant acoustic panels. Durable, effective, and resilient.","twitter_misc":{"Dur\u00e9e de lecture estim\u00e9e":"3 minutes"},"schema":{"@context":"https:\/\/schema.org","@graph":[{"@type":"WebPage","@id":"https:\/\/feltvibe.com\/blog-template\/","url":"https:\/\/feltvibe.com\/blog-template\/","name":"Industrial Noise Control | ARKETA-WR PET Felt Panels","isPartOf":{"@id":"https:\/\/feltvibe.com\/#website"},"datePublished":"2025-06-09T15:21:20+00:00","dateModified":"2026-03-13T07:18:49+00:00","description":"Tackle heavy-duty noise with ARKETA-WR. Our water-resistant PET felt panels are engineered to tame construction clamor and generator hum effectively.","breadcrumb":{"@id":"https:\/\/feltvibe.com\/blog-template\/#breadcrumb"},"inLanguage":"fr-FR","potentialAction":[{"@type":"ReadAction","target":["https:\/\/feltvibe.com\/blog-template\/"]}]},{"@type":"BreadcrumbList","@id":"https:\/\/feltvibe.com\/blog-template\/#breadcrumb","itemListElement":[{"@type":"ListItem","position":1,"name":"Home","item":"https:\/\/feltvibe.com\/"},{"@type":"ListItem","position":2,"name":"Blog Template"}]},{"@type":"WebSite","@id":"https:\/\/feltvibe.com\/#website","url":"https:\/\/feltvibe.com\/","name":"Feutre acoustique Feltvibe","description":"Feltvibe est un fabricant de premier plan qui fournit des solutions innovantes en mati\u00e8re de feutre pour diverses industries, notamment le thermoformage et l'automobile. Sp\u00e9cialis\u00e9e dans les produits en feutre de haute qualit\u00e9, l'entreprise propose des services de conception et de production sur mesure, adapt\u00e9s aux besoins des clients. Feltvibe s'engage \u00e0 cr\u00e9er des produits durables et respectueux de l'environnement tout en restant \u00e0 la pointe des avanc\u00e9es technologiques. En mettant l'accent sur la satisfaction du client, l'entreprise garantit une qualit\u00e9 de premier ordre pour toutes ses solutions.","publisher":{"@id":"https:\/\/feltvibe.com\/#organization"},"potentialAction":[{"@type":"SearchAction","target":{"@type":"EntryPoint","urlTemplate":"https:\/\/feltvibe.com\/?s={search_term_string}"},"query-input":{"@type":"PropertyValueSpecification","valueRequired":true,"valueName":"search_term_string"}}],"inLanguage":"fr-FR"},{"@type":"Organization","@id":"https:\/\/feltvibe.com\/#organization","name":"Feltvibe est un fabricant de premier plan qui propose des solutions innovantes en mati\u00e8re de feutre acoustique et industriel pour diverses industries, notamment des panneaux de feutre PET thermoformables et des applications textiles durables.","alternateName":"Feltvibe by Gentu\u011f Tekstil","url":"https:\/\/feltvibe.com\/","logo":{"@type":"ImageObject","inLanguage":"fr-FR","@id":"https:\/\/feltvibe.com\/#\/schema\/logo\/image\/","url":"https:\/\/feltvibe.com\/uploads\/feltvibe-dark-logo-final.svg","contentUrl":"https:\/\/feltvibe.com\/uploads\/feltvibe-dark-logo-final.svg","width":1,"height":1,"caption":"Feltvibe is a leading manufacturer providing innovative acoustic and industrial felt solutions for various industries, including thermoformable PET felt panels and sustainable textile applications."},"image":{"@id":"https:\/\/feltvibe.com\/#\/schema\/logo\/image\/"},"sameAs":["https:\/\/www.facebook.com\/Gentug","https:\/\/www.instagram.com\/felt.vibe\/","https:\/\/www.linkedin.com\/company\/feltvibe"],"description":"Gentu\u011f Textile est le principal et le plus fiable fabricant de textiles techniques en Turquie, fournissant des produits de haute qualit\u00e9 aux march\u00e9s mondiaux.","email":"info@feltvibe.com","telephone":"+90 212 637 09 89","legalName":"Gentu\u011f Tekstil \u00dcr\u00fcn. San. Tic. A.\u015e.","foundingDate":"1917-01-01","vatID":"3940016139","taxID":"MARMARA KURUMLAR","numberOfEmployees":{"@type":"QuantitativeValue","minValue":"501","maxValue":"1000"},"publishingPrinciples":"https:\/\/feltvibe.com\/privacy-policy\/","ownershipFundingInfo":"https:\/\/feltvibe.com\/about-us\/","actionableFeedbackPolicy":"https:\/\/feltvibe.com\/contact-us\/","correctionsPolicy":"https:\/\/feltvibe.com\/certification\/","ethicsPolicy":"https:\/\/feltvibe.com\/privacy-policy\/","diversityPolicy":"https:\/\/feltvibe.com\/privacy-policy\/","diversityStaffingReport":"https:\/\/feltvibe.com\/contact-us\/"}]}},"_links":{"self":[{"href":"https:\/\/feltvibe.com\/fr\/wp-json\/wp\/v2\/pages\/10195","targetHints":{"allow":["GET"]}}],"collection":[{"href":"https:\/\/feltvibe.com\/fr\/wp-json\/wp\/v2\/pages"}],"about":[{"href":"https:\/\/feltvibe.com\/fr\/wp-json\/wp\/v2\/types\/page"}],"author":[{"embeddable":true,"href":"https:\/\/feltvibe.com\/fr\/wp-json\/wp\/v2\/users\/2"}],"replies":[{"embeddable":true,"href":"https:\/\/feltvibe.com\/fr\/wp-json\/wp\/v2\/comments?post=10195"}],"version-history":[{"count":13,"href":"https:\/\/feltvibe.com\/fr\/wp-json\/wp\/v2\/pages\/10195\/revisions"}],"predecessor-version":[{"id":13794,"href":"https:\/\/feltvibe.com\/fr\/wp-json\/wp\/v2\/pages\/10195\/revisions\/13794"}],"wp:attachment":[{"href":"https:\/\/feltvibe.com\/fr\/wp-json\/wp\/v2\/media?parent=10195"}],"curies":[{"name":"wp","href":"https:\/\/api.w.org\/{rel}","templated":true}]}}