{"id":10209,"date":"2025-06-09T18:46:33","date_gmt":"2025-06-09T15:46:33","guid":{"rendered":"https:\/\/feltvibe.com\/?page_id=10209"},"modified":"2026-03-13T10:18:46","modified_gmt":"2026-03-13T07:18:46","slug":"arketa-wr-base-material-panneau-acoustique-en-feutre-de-pet-resistant-a-leau","status":"publish","type":"page","link":"https:\/\/feltvibe.com\/fr\/arketa-wr-base-material-water-resistant-pet-felt-acoustic-panel\/","title":{"rendered":"Water-Resistant Felt Acoustic Panel"},"content":{"rendered":"<div class=\"banner has-hover\" id=\"banner-1742335726\">\n          <div class=\"banner-inner fill\">\n        <div class=\"banner-bg fill\" >\n            <div class=\"bg fill bg-fill\"><\/div>\n                        <div class=\"overlay\"><\/div>            \n                    <\/div>\n\t\t\n        <div class=\"banner-layers container\">\n            <div class=\"fill banner-link\"><\/div>            \n   <div id=\"text-box-960907712\" class=\"text-box banner-layer x50 md-x50 lg-x50 y50 md-y50 lg-y50 res-text\">\n                                <div class=\"text-box-content text dark\">\n              \n              <div class=\"text-inner text-center\">\n                  \n\t<div id=\"text-2161944789\" class=\"text\">\n\t\t\n<p style=\"text-align: center;\"><strong>ARKETA-WR <\/strong><\/p>\n<p style=\"text-align: center;\">Panneaux acoustiques en feutre PET r\u00e9sistants \u00e0 l'eau<\/p>\n\t\t\n<style>\n#text-2161944789 {\n  font-size: 0.9rem;\n  line-height: 0.75;\n}\n@media (min-width:550px) {\n  #text-2161944789 {\n    font-size: 1.75rem;\n  }\n}\n<\/style>\n\t<\/div>\n\t\n              <\/div>\n           <\/div>\n                            \n<style>\n#text-box-960907712 {\n  width: 85%;\n}\n#text-box-960907712 .text-box-content {\n  font-size: 100%;\n}\n<\/style>\n    <\/div>\n \n        <\/div>\n      <\/div>\n\n            \n<style>\n#banner-1742335726 {\n  padding-top: 56.25%;\n}\n#banner-1742335726 .bg.bg-loaded {\n  background-image: url(https:\/\/feltvibe.com\/uploads\/water-resistant-pet-felt-panel.jpg);\n}\n#banner-1742335726 .overlay {\n  background-color: rgba(0, 0, 0, 0.5);\n}\n@media (min-width:550px) {\n  #banner-1742335726 {\n    padding-top: 56.25%;\n  }\n}\n@media (min-width:850px) {\n  #banner-1742335726 {\n    padding-top: 50vh;\n  }\n}\n<\/style>\n  <\/div>\n\n\n\t<section class=\"section\" id=\"section_1051552715\">\n\t\t<div class=\"bg section-bg fill bg-fill  bg-loaded\" >\n\n\t\t\t\n\t\t\t\n\t\t\t\n\n\t\t<\/div>\n\n\t\t\n\n\t\t<div class=\"section-content relative\">\n\t\t\t\n<div class=\"row align-center\"  id=\"row-94323877\">\n\n\t<div id=\"col-1545847311\" class=\"col small-12 large-12\"  >\n\t\t\t\t<div class=\"col-inner\"  >\n\t\t\t\n\t\t\t\n\t<div id=\"gap-1214566353\" class=\"gap-element clearfix\" style=\"display:block; height:auto;\">\n\t\t\n<style>\n#gap-1214566353 {\n  padding-top: 5vh;\n}\n<\/style>\n\t<\/div>\n\t\n<p>Les panneaux acoustiques sont des \u00e9l\u00e9ments cl\u00e9s dans le contr\u00f4le du bruit pour des sources telles que les activit\u00e9s de construction et les g\u00e9n\u00e9rateurs. Une limitation commune est la sensibilit\u00e9 \u00e0 l'humidit\u00e9 : de nombreux absorbeurs poreux peuvent absorber de l'eau, ce qui augmente la masse, r\u00e9duit l'efficacit\u00e9 de l'absorption et peut favoriser la formation de moisissures ou la d\u00e9gradation du mat\u00e9riau.<\/p>\n<p>Par cons\u00e9quent, il est essentiel d'am\u00e9liorer les panneaux acoustiques en leur conf\u00e9rant des propri\u00e9t\u00e9s de r\u00e9sistance \u00e0 l'eau (hydrophobes) afin d'obtenir des performances fiables dans des environnements humides ou expos\u00e9s \u00e0 l'humidit\u00e9.<\/p>\n\t<div id=\"gap-371444307\" class=\"gap-element clearfix\" style=\"display:block; height:auto;\">\n\t\t\n<style>\n#gap-371444307 {\n  padding-top: 30px;\n}\n<\/style>\n\t<\/div>\n\t\n<div class=\"row\"  id=\"row-1480661448\">\n\n\t<div id=\"col-1014728001\" class=\"col medium-6 small-12 large-6\"  >\n\t\t\t\t<div class=\"col-inner\"  >\n\t\t\t\n\t\t\t\n\t<div id=\"text-2560764204\" class=\"text\">\n\t\t\n<h5>Am\u00e9lioration des panneaux acoustiques gr\u00e2ce \u00e0 des propri\u00e9t\u00e9s de r\u00e9sistance \u00e0 l'eau<\/h5>\n\t\t\n<style>\n#text-2560764204 {\n  font-size: 1.2rem;\n  line-height: 1.1;\n}\n<\/style>\n\t<\/div>\n\t\n\t<div id=\"text-1965809865\" class=\"text\">\n\t\t\n<ol>\n<li><strong>Prise de masse :<\/strong> L'absorption d'humidit\u00e9 augmente la masse du panneau, ce qui entra\u00eene un affaissement, une perte de stabilit\u00e9 dimensionnelle et une r\u00e9duction de la fiabilit\u00e9 m\u00e9canique.<\/li>\n<li><strong>D\u00e9gradation acoustique :<\/strong> L'eau remplit les pores et augmente la r\u00e9sistivit\u00e9 de l'\u00e9coulement, ce qui modifie\/affaiblit l'absorption, en particulier dans les moyennes et hautes fr\u00e9quences.<\/li>\n<li><strong>Risque biologique :<\/strong> L'humidit\u00e9 persistante favorise le d\u00e9veloppement des moisissures, d\u00e9gradant l'int\u00e9grit\u00e9 des mat\u00e9riaux et la qualit\u00e9 de l'air int\u00e9rieur.<\/li>\n<li><strong>Temps de s\u00e9chage et dommages :<\/strong> Un s\u00e9chage lent retient l'humidit\u00e9, ce qui entra\u00eene des taches, un d\u00e9collement et une perte de performance \u00e0 long terme.<\/li>\n<\/ol>\n<p><strong>Solutions<\/strong><\/p>\n<p>Le feutre acoustique ARKETA (PET recycl\u00e9) peut \u00eatre sp\u00e9cifi\u00e9 pour les zones sujettes \u00e0 l'humidit\u00e9 gr\u00e2ce \u00e0 une structure hydrophobe\/r\u00e9sistante \u00e0 l'eau qui limite l'absorption de liquides et aide \u00e0 maintenir la stabilit\u00e9 dimensionnelle et les performances acoustiques.<\/p>\n<p><strong>Comportement hydrophobe :<\/strong> La surface r\u00e9siste au mouillage, ce qui r\u00e9duit l'absorption d'eau et la prise de poids dans des conditions humides ou expos\u00e9es aux \u00e9claboussures.<\/p>\n<p><strong>R\u00e9sistance aux moisissures :<\/strong> Une plus faible r\u00e9tention d'humidit\u00e9 permet de r\u00e9duire le risque de moisissures lorsqu'elle est associ\u00e9e \u00e0 une ventilation et \u00e0 un traitement des d\u00e9tails appropri\u00e9s.<\/p>\n<p><strong>Applications<\/strong><\/p>\n<ul>\n<li data-start=\"42\" data-end=\"197\">\n<p data-start=\"44\" data-end=\"197\"><strong data-start=\"44\" data-end=\"75\">Salles de bains \/ vestiaires :<\/strong> Traitements muraux acoustiques en cas d'humidit\u00e9 et d'exposition intermittente aux \u00e9claboussures (en dehors des zones de jets d'eau directs).<\/p>\n<\/li>\n<li data-start=\"198\" data-end=\"302\">\n<p data-start=\"200\" data-end=\"302\"><strong data-start=\"200\" data-end=\"225\">Zones de piscine et de spa :<\/strong> Insonorisation des espaces r\u00e9verb\u00e9rants \u00e0 surface dure et \u00e0 forte charge d'humidit\u00e9.<\/p>\n<\/li>\n<li data-start=\"303\" data-end=\"442\">\n<p data-start=\"305\" data-end=\"442\"><strong data-start=\"305\" data-end=\"331\">Espaces ext\u00e9rieurs couverts :<\/strong> Patios, gloriettes, auvents et fa\u00e7ades abrit\u00e9es o\u00f9 les panneaux peuvent \u00eatre expos\u00e9s \u00e0 l'air humide et \u00e0 une pluie occasionnelle.<\/p>\n<\/li>\n<\/ul>\n<p><em data-start=\"444\" data-end=\"451\">Remarque :<\/em> Pour une v\u00e9ritable utilisation en ext\u00e9rieur, les performances d\u00e9pendent des d\u00e9tails (bords, fixations, drainage, ventilation) et du niveau d'exposition (UV, pluie pouss\u00e9e par le vent).<\/p>\n\t\t\n<style>\n#text-1965809865 {\n  line-height: 1.9;\n}\n<\/style>\n\t<\/div>\n\t\n\t\t<\/div>\n\t\t\t\t\t<\/div>\n\n\t\n\n\t<div id=\"col-1895095707\" class=\"col medium-1 small-12 large-1\"  >\n\t\t\t\t<div class=\"col-inner\"  >\n\t\t\t\n\t\t\t\n\t\t<\/div>\n\t\t\t\t\t<\/div>\n\n\t\n\n\t<div id=\"col-537644933\" class=\"col medium-5 small-12 large-5\"  >\n\t\t\t\t<div class=\"col-inner text-right\"  >\n\t\t\t\n\t\t\t\n\t<div class=\"img has-hover x md-x lg-x y md-y lg-y\" id=\"image_244155685\">\n\t\t\t\t\t\t\t\t<div class=\"img-inner image-cover dark\" style=\"padding-top:150%;\">\n\t\t\t<img loading=\"lazy\" decoding=\"async\" width=\"480\" height=\"852\" src=\"https:\/\/feltvibe.com\/uploads\/gif-blog-water.gif\" class=\"attachment-original size-original\" alt=\"\" \/>\t\t\t\t\t\t\n\t\t\t\t\t<\/div>\n\t\t\t\t\t\t\t\t\n<style>\n#image_244155685 {\n  width: 100%;\n}\n<\/style>\n\t<\/div>\n\t\n\t\t<\/div>\n\t\t\t\t\t<\/div>\n\n\t\n<\/div>\n\t\t<\/div>\n\t\t\t\t\t<\/div>\n\n\t\n\n<style>\n#row-94323877 > .col > .col-inner {\n  background-color: #f6f6f6;\n}\n<\/style>\n<\/div>\n\t\t<\/div>\n\n\t\t\n<style>\n#section_1051552715 {\n  padding-top: 30px;\n  padding-bottom: 30px;\n  background-color: #f6f6f6;\n}\n<\/style>\n\t<\/section>","protected":false},"excerpt":{"rendered":"","protected":false},"author":2,"featured_media":0,"parent":0,"menu_order":0,"comment_status":"closed","ping_status":"closed","template":"","meta":{"footnotes":""},"class_list":["post-10209","page","type-page","status-publish","hentry"],"yoast_head":"<!-- This site is optimized with the Yoast SEO Premium plugin v27.4 (Yoast SEO v27.4) - https:\/\/yoast.com\/product\/yoast-seo-premium-wordpress\/ -->\n<title>Water-Resistant Acoustic Panels | ARKETA-WR Noise Control<\/title>\n<meta name=\"description\" content=\"Defy moisture with ARKETA-WR water-resistant acoustic panels. Perfect for challenging environments like construction sites and industrial generator rooms.\" \/>\n<meta name=\"robots\" content=\"index, follow, max-snippet:-1, max-image-preview:large, max-video-preview:-1\" \/>\n<link rel=\"canonical\" href=\"https:\/\/feltvibe.com\/fr\/arketa-wr-base-material-panneau-acoustique-en-feutre-de-pet-resistant-a-leau\/\" \/>\n<meta property=\"og:locale\" content=\"fr_FR\" \/>\n<meta property=\"og:type\" content=\"article\" \/>\n<meta property=\"og:title\" content=\"ARKETA-WR: Water-Resistant PET Felt Acoustic Panels\" \/>\n<meta property=\"og:description\" content=\"High-performance noise control that withstands moisture. Discover the extreme durability of ARKETA-WR for industrial and outdoor applications.\" \/>\n<meta property=\"og:url\" content=\"https:\/\/feltvibe.com\/fr\/arketa-wr-base-material-panneau-acoustique-en-feutre-de-pet-resistant-a-leau\/\" \/>\n<meta property=\"og:site_name\" content=\"Feltvibe | Acoustic Felt\" \/>\n<meta property=\"article:publisher\" content=\"https:\/\/www.facebook.com\/Gentug\" \/>\n<meta property=\"article:modified_time\" content=\"2026-03-13T07:18:46+00:00\" \/>\n<meta property=\"og:image\" content=\"https:\/\/feltvibe.com\/uploads\/arketa-pet-felt-panel-1.jpg\" \/>\n\t<meta property=\"og:image:width\" content=\"500\" \/>\n\t<meta property=\"og:image:height\" content=\"425\" \/>\n\t<meta property=\"og:image:type\" content=\"image\/jpeg\" \/>\n<meta name=\"twitter:card\" content=\"summary_large_image\" \/>\n<meta name=\"twitter:title\" content=\"Water-Resistant Acoustic Noise Control\" \/>\n<meta name=\"twitter:description\" content=\"Stop noise in damp environments. ARKETA-WR offers superior sound absorption with advanced water-resistant technology.\" \/>\n<meta name=\"twitter:label1\" content=\"Dur\u00e9e de lecture estim\u00e9e\" \/>\n\t<meta name=\"twitter:data1\" content=\"2 minutes\" \/>\n<script type=\"application\/ld+json\" class=\"yoast-schema-graph\">{\"@context\":\"https:\\\/\\\/schema.org\",\"@graph\":[{\"@type\":\"WebPage\",\"@id\":\"https:\\\/\\\/feltvibe.com\\\/arketa-wr-base-material-water-resistant-pet-felt-acoustic-panel\\\/\",\"url\":\"https:\\\/\\\/feltvibe.com\\\/arketa-wr-base-material-water-resistant-pet-felt-acoustic-panel\\\/\",\"name\":\"Water-Resistant Acoustic Panels | ARKETA-WR Noise Control\",\"isPartOf\":{\"@id\":\"https:\\\/\\\/feltvibe.com\\\/#website\"},\"datePublished\":\"2025-06-09T15:46:33+00:00\",\"dateModified\":\"2026-03-13T07:18:46+00:00\",\"description\":\"Defy moisture with ARKETA-WR water-resistant acoustic panels. Perfect for challenging environments like construction sites and industrial generator rooms.\",\"breadcrumb\":{\"@id\":\"https:\\\/\\\/feltvibe.com\\\/arketa-wr-base-material-water-resistant-pet-felt-acoustic-panel\\\/#breadcrumb\"},\"inLanguage\":\"fr-FR\",\"potentialAction\":[{\"@type\":\"ReadAction\",\"target\":[\"https:\\\/\\\/feltvibe.com\\\/arketa-wr-base-material-water-resistant-pet-felt-acoustic-panel\\\/\"]}]},{\"@type\":\"BreadcrumbList\",\"@id\":\"https:\\\/\\\/feltvibe.com\\\/arketa-wr-base-material-water-resistant-pet-felt-acoustic-panel\\\/#breadcrumb\",\"itemListElement\":[{\"@type\":\"ListItem\",\"position\":1,\"name\":\"Home\",\"item\":\"https:\\\/\\\/feltvibe.com\\\/\"},{\"@type\":\"ListItem\",\"position\":2,\"name\":\"Water-Resistant Felt Acoustic Panel\"}]},{\"@type\":\"WebSite\",\"@id\":\"https:\\\/\\\/feltvibe.com\\\/#website\",\"url\":\"https:\\\/\\\/feltvibe.com\\\/\",\"name\":\"Feltvibe Acoustic Felt\",\"description\":\"Feltvibe is a leading manufacturer providing innovative felt solutions for various industries, including thermoforming and automotive. Specializing in high-quality felt products, the company offers custom design and production services tailored to meet customer needs. Feltvibe is committed to creating sustainable, durable, and eco-friendly products while staying up to date with technological advancements. With a strong focus on customer satisfaction, the company ensures top-tier quality in all of its solutions.\",\"publisher\":{\"@id\":\"https:\\\/\\\/feltvibe.com\\\/#organization\"},\"potentialAction\":[{\"@type\":\"SearchAction\",\"target\":{\"@type\":\"EntryPoint\",\"urlTemplate\":\"https:\\\/\\\/feltvibe.com\\\/?s={search_term_string}\"},\"query-input\":{\"@type\":\"PropertyValueSpecification\",\"valueRequired\":true,\"valueName\":\"search_term_string\"}}],\"inLanguage\":\"fr-FR\"},{\"@type\":\"Organization\",\"@id\":\"https:\\\/\\\/feltvibe.com\\\/#organization\",\"name\":\"Feltvibe is a leading manufacturer providing innovative acoustic and industrial felt solutions for various industries, including thermoformable PET felt panels and sustainable textile applications.\",\"alternateName\":\"Feltvibe by Gentu\u011f Tekstil\",\"url\":\"https:\\\/\\\/feltvibe.com\\\/\",\"logo\":{\"@type\":\"ImageObject\",\"inLanguage\":\"fr-FR\",\"@id\":\"https:\\\/\\\/feltvibe.com\\\/#\\\/schema\\\/logo\\\/image\\\/\",\"url\":\"https:\\\/\\\/feltvibe.com\\\/uploads\\\/feltvibe-dark-logo-final.svg\",\"contentUrl\":\"https:\\\/\\\/feltvibe.com\\\/uploads\\\/feltvibe-dark-logo-final.svg\",\"width\":1,\"height\":1,\"caption\":\"Feltvibe is a leading manufacturer providing innovative acoustic and industrial felt solutions for various industries, including thermoformable PET felt panels and sustainable textile applications.\"},\"image\":{\"@id\":\"https:\\\/\\\/feltvibe.com\\\/#\\\/schema\\\/logo\\\/image\\\/\"},\"sameAs\":[\"https:\\\/\\\/www.facebook.com\\\/Gentug\",\"https:\\\/\\\/www.instagram.com\\\/felt.vibe\\\/\",\"https:\\\/\\\/www.linkedin.com\\\/company\\\/feltvibe\"],\"description\":\"Gentu\u011f Textile is the main and the most reliable technical textile manufacturer in Turkey, providing high quality products to the worldwide markets.\",\"email\":\"info@feltvibe.com\",\"telephone\":\"+90 212 637 09 89\",\"legalName\":\"Gentu\u011f Tekstil \u00dcr\u00fcn. San. Tic. A.\u015e.\",\"foundingDate\":\"1917-01-01\",\"vatID\":\"3940016139\",\"taxID\":\"MARMARA KURUMLAR\",\"numberOfEmployees\":{\"@type\":\"QuantitativeValue\",\"minValue\":\"501\",\"maxValue\":\"1000\"},\"publishingPrinciples\":\"https:\\\/\\\/feltvibe.com\\\/privacy-policy\\\/\",\"ownershipFundingInfo\":\"https:\\\/\\\/feltvibe.com\\\/about-us\\\/\",\"actionableFeedbackPolicy\":\"https:\\\/\\\/feltvibe.com\\\/contact-us\\\/\",\"correctionsPolicy\":\"https:\\\/\\\/feltvibe.com\\\/certification\\\/\",\"ethicsPolicy\":\"https:\\\/\\\/feltvibe.com\\\/privacy-policy\\\/\",\"diversityPolicy\":\"https:\\\/\\\/feltvibe.com\\\/privacy-policy\\\/\",\"diversityStaffingReport\":\"https:\\\/\\\/feltvibe.com\\\/contact-us\\\/\"}]}<\/script>\n<!-- \/ Yoast SEO Premium plugin. -->","yoast_head_json":{"title":"Water-Resistant Acoustic Panels | ARKETA-WR Noise Control","description":"Defy moisture with ARKETA-WR water-resistant acoustic panels. Perfect for challenging environments like construction sites and industrial generator rooms.","robots":{"index":"index","follow":"follow","max-snippet":"max-snippet:-1","max-image-preview":"max-image-preview:large","max-video-preview":"max-video-preview:-1"},"canonical":"https:\/\/feltvibe.com\/fr\/arketa-wr-base-material-panneau-acoustique-en-feutre-de-pet-resistant-a-leau\/","og_locale":"fr_FR","og_type":"article","og_title":"ARKETA-WR: Water-Resistant PET Felt Acoustic Panels","og_description":"High-performance noise control that withstands moisture. Discover the extreme durability of ARKETA-WR for industrial and outdoor applications.","og_url":"https:\/\/feltvibe.com\/fr\/arketa-wr-base-material-panneau-acoustique-en-feutre-de-pet-resistant-a-leau\/","og_site_name":"Feltvibe | Acoustic Felt","article_publisher":"https:\/\/www.facebook.com\/Gentug","article_modified_time":"2026-03-13T07:18:46+00:00","og_image":[{"width":500,"height":425,"url":"https:\/\/feltvibe.com\/uploads\/arketa-pet-felt-panel-1.jpg","type":"image\/jpeg"}],"twitter_card":"summary_large_image","twitter_title":"Water-Resistant Acoustic Noise Control","twitter_description":"Stop noise in damp environments. ARKETA-WR offers superior sound absorption with advanced water-resistant technology.","twitter_misc":{"Dur\u00e9e de lecture estim\u00e9e":"2 minutes"},"schema":{"@context":"https:\/\/schema.org","@graph":[{"@type":"WebPage","@id":"https:\/\/feltvibe.com\/arketa-wr-base-material-water-resistant-pet-felt-acoustic-panel\/","url":"https:\/\/feltvibe.com\/arketa-wr-base-material-water-resistant-pet-felt-acoustic-panel\/","name":"Water-Resistant Acoustic Panels | ARKETA-WR Noise Control","isPartOf":{"@id":"https:\/\/feltvibe.com\/#website"},"datePublished":"2025-06-09T15:46:33+00:00","dateModified":"2026-03-13T07:18:46+00:00","description":"Defy moisture with ARKETA-WR water-resistant acoustic panels. Perfect for challenging environments like construction sites and industrial generator rooms.","breadcrumb":{"@id":"https:\/\/feltvibe.com\/arketa-wr-base-material-water-resistant-pet-felt-acoustic-panel\/#breadcrumb"},"inLanguage":"fr-FR","potentialAction":[{"@type":"ReadAction","target":["https:\/\/feltvibe.com\/arketa-wr-base-material-water-resistant-pet-felt-acoustic-panel\/"]}]},{"@type":"BreadcrumbList","@id":"https:\/\/feltvibe.com\/arketa-wr-base-material-water-resistant-pet-felt-acoustic-panel\/#breadcrumb","itemListElement":[{"@type":"ListItem","position":1,"name":"Home","item":"https:\/\/feltvibe.com\/"},{"@type":"ListItem","position":2,"name":"Water-Resistant Felt Acoustic Panel"}]},{"@type":"WebSite","@id":"https:\/\/feltvibe.com\/#website","url":"https:\/\/feltvibe.com\/","name":"Feutre acoustique Feltvibe","description":"Feltvibe est un fabricant de premier plan qui fournit des solutions innovantes en mati\u00e8re de feutre pour diverses industries, notamment le thermoformage et l'automobile. Sp\u00e9cialis\u00e9e dans les produits en feutre de haute qualit\u00e9, l'entreprise propose des services de conception et de production sur mesure, adapt\u00e9s aux besoins des clients. Feltvibe s'engage \u00e0 cr\u00e9er des produits durables et respectueux de l'environnement tout en restant \u00e0 la pointe des avanc\u00e9es technologiques. En mettant l'accent sur la satisfaction du client, l'entreprise garantit une qualit\u00e9 de premier ordre pour toutes ses solutions.","publisher":{"@id":"https:\/\/feltvibe.com\/#organization"},"potentialAction":[{"@type":"SearchAction","target":{"@type":"EntryPoint","urlTemplate":"https:\/\/feltvibe.com\/?s={search_term_string}"},"query-input":{"@type":"PropertyValueSpecification","valueRequired":true,"valueName":"search_term_string"}}],"inLanguage":"fr-FR"},{"@type":"Organization","@id":"https:\/\/feltvibe.com\/#organization","name":"Feltvibe est un fabricant de premier plan qui propose des solutions innovantes en mati\u00e8re de feutre acoustique et industriel pour diverses industries, notamment des panneaux de feutre PET thermoformables et des applications textiles durables.","alternateName":"Feltvibe by Gentu\u011f Tekstil","url":"https:\/\/feltvibe.com\/","logo":{"@type":"ImageObject","inLanguage":"fr-FR","@id":"https:\/\/feltvibe.com\/#\/schema\/logo\/image\/","url":"https:\/\/feltvibe.com\/uploads\/feltvibe-dark-logo-final.svg","contentUrl":"https:\/\/feltvibe.com\/uploads\/feltvibe-dark-logo-final.svg","width":1,"height":1,"caption":"Feltvibe is a leading manufacturer providing innovative acoustic and industrial felt solutions for various industries, including thermoformable PET felt panels and sustainable textile applications."},"image":{"@id":"https:\/\/feltvibe.com\/#\/schema\/logo\/image\/"},"sameAs":["https:\/\/www.facebook.com\/Gentug","https:\/\/www.instagram.com\/felt.vibe\/","https:\/\/www.linkedin.com\/company\/feltvibe"],"description":"Gentu\u011f Textile est le principal et le plus fiable fabricant de textiles techniques en Turquie, fournissant des produits de haute qualit\u00e9 aux march\u00e9s mondiaux.","email":"info@feltvibe.com","telephone":"+90 212 637 09 89","legalName":"Gentu\u011f Tekstil \u00dcr\u00fcn. San. Tic. A.\u015e.","foundingDate":"1917-01-01","vatID":"3940016139","taxID":"MARMARA KURUMLAR","numberOfEmployees":{"@type":"QuantitativeValue","minValue":"501","maxValue":"1000"},"publishingPrinciples":"https:\/\/feltvibe.com\/privacy-policy\/","ownershipFundingInfo":"https:\/\/feltvibe.com\/about-us\/","actionableFeedbackPolicy":"https:\/\/feltvibe.com\/contact-us\/","correctionsPolicy":"https:\/\/feltvibe.com\/certification\/","ethicsPolicy":"https:\/\/feltvibe.com\/privacy-policy\/","diversityPolicy":"https:\/\/feltvibe.com\/privacy-policy\/","diversityStaffingReport":"https:\/\/feltvibe.com\/contact-us\/"}]}},"_links":{"self":[{"href":"https:\/\/feltvibe.com\/fr\/wp-json\/wp\/v2\/pages\/10209","targetHints":{"allow":["GET"]}}],"collection":[{"href":"https:\/\/feltvibe.com\/fr\/wp-json\/wp\/v2\/pages"}],"about":[{"href":"https:\/\/feltvibe.com\/fr\/wp-json\/wp\/v2\/types\/page"}],"author":[{"embeddable":true,"href":"https:\/\/feltvibe.com\/fr\/wp-json\/wp\/v2\/users\/2"}],"replies":[{"embeddable":true,"href":"https:\/\/feltvibe.com\/fr\/wp-json\/wp\/v2\/comments?post=10209"}],"version-history":[{"count":42,"href":"https:\/\/feltvibe.com\/fr\/wp-json\/wp\/v2\/pages\/10209\/revisions"}],"predecessor-version":[{"id":17272,"href":"https:\/\/feltvibe.com\/fr\/wp-json\/wp\/v2\/pages\/10209\/revisions\/17272"}],"wp:attachment":[{"href":"https:\/\/feltvibe.com\/fr\/wp-json\/wp\/v2\/media?parent=10209"}],"curies":[{"name":"wp","href":"https:\/\/api.w.org\/{rel}","templated":true}]}}