{"id":10229,"date":"2025-06-09T19:02:36","date_gmt":"2025-06-09T16:02:36","guid":{"rendered":"https:\/\/feltvibe.com\/?page_id=10229"},"modified":"2026-03-13T10:18:41","modified_gmt":"2026-03-13T07:18:41","slug":"de-la-bouteille-aux-feuilles-de-feutre-comment-nous-fabriquons-le-feutre-pour-animaux-de-compagnie","status":"publish","type":"page","link":"https:\/\/feltvibe.com\/fr\/from-bottle-to-felt-sheets-how-we-make-pet-felt\/","title":{"rendered":"From Bottle to Felt Sheets: How We Make Felt"},"content":{"rendered":"<div class=\"banner has-hover\" id=\"banner-923242890\">\n          <div class=\"banner-inner fill\">\n        <div class=\"banner-bg fill\" >\n            <div class=\"bg fill bg-fill\"><\/div>\n                        <div class=\"overlay\"><\/div>            \n                    <\/div>\n\t\t\n        <div class=\"banner-layers container\">\n            <div class=\"fill banner-link\"><\/div>            \n   <div id=\"text-box-2075472289\" class=\"text-box banner-layer x50 md-x50 lg-x50 y50 md-y50 lg-y50 res-text\">\n                                <div class=\"text-box-content text dark\">\n              \n              <div class=\"text-inner text-center\">\n                  \n\t<div id=\"text-2810503229\" class=\"text\">\n\t\t\n<p><strong>De la bouteille aux feuilles de feutre :<\/strong><br \/>\n<strong>Comment nous fabriquons le feutre PET<\/strong><br \/>\n\t\t\n<style>\n#text-2810503229 {\n  font-size: 0.9rem;\n}\n@media (min-width:550px) {\n  #text-2810503229 {\n    font-size: 1.75rem;\n  }\n}\n<\/style>\n\t<\/div>\n\t\n              <\/div>\n           <\/div>\n                            \n<style>\n#text-box-2075472289 {\n  width: 60%;\n}\n#text-box-2075472289 .text-box-content {\n  font-size: 100%;\n}\n<\/style>\n    <\/div>\n \n        <\/div>\n      <\/div>\n\n            \n<style>\n#banner-923242890 {\n  padding-top: 56.25%;\n}\n#banner-923242890 .bg.bg-loaded {\n  background-image: url(https:\/\/feltvibe.com\/uploads\/how-we-make-pet-felt.jpg);\n}\n#banner-923242890 .overlay {\n  background-color: rgba(0, 0, 0, 0.5);\n}\n@media (min-width:550px) {\n  #banner-923242890 {\n    padding-top: 56.25%;\n  }\n}\n@media (min-width:850px) {\n  #banner-923242890 {\n    padding-top: 50vh;\n  }\n}\n<\/style>\n  <\/div>\n\n\n\t<section class=\"section\" id=\"section_852604477\">\n\t\t<div class=\"bg section-bg fill bg-fill  bg-loaded\" >\n\n\t\t\t\n\t\t\t\n\t\t\t\n\n\t\t<\/div>\n\n\t\t\n\n\t\t<div class=\"section-content relative\">\n\t\t\t\n<div class=\"row align-center\"  id=\"row-1693211702\">\n\n\t<div id=\"col-1276682794\" class=\"col small-12 large-12\"  >\n\t\t\t\t<div class=\"col-inner\"  >\n\t\t\t\n\t\t\t\n\t<div id=\"gap-1407203652\" class=\"gap-element clearfix\" style=\"display:block; height:auto;\">\n\t\t\n<style>\n#gap-1407203652 {\n  padding-top: 5vh;\n}\n<\/style>\n\t<\/div>\n\t\n<p>Dans le temps qu'il faut pour boire une gorg\u00e9e d'une bouteille en plastique, 20 000 bouteilles sont jet\u00e9es. Plus de 1,3 milliard de bouteilles sont vendues chaque jour dans le monde, et seulement 6% sont recycl\u00e9es par la suite. Pour donner une seconde vie aux bouteilles en plastique, nous travaillons en \u00e9troite collaboration avec les centres de recyclage locaux. Gr\u00e2ce \u00e0 la technologie du feutre PET, nous transformons les d\u00e9chets plastiques en un mat\u00e9riau polyvalent et durable pour la d\u00e9coration int\u00e9rieure. Examinons maintenant de plus pr\u00e8s le parcours qui m\u00e8ne de la bouteille \u00e0 des produits uniques.<\/p>\n\t<div id=\"gap-1440440687\" class=\"gap-element clearfix\" style=\"display:block; height:auto;\">\n\t\t\n<style>\n#gap-1440440687 {\n  padding-top: 30px;\n}\n<\/style>\n\t<\/div>\n\t\n\t<div id=\"text-4217329159\" class=\"text\">\n\t\t\n<p><strong>5 \u00e9tapes du processus de production des feutres PET <\/strong><br \/>\n\t\t\n<style>\n#text-4217329159 {\n  font-size: 1.5rem;\n}\n<\/style>\n\t<\/div>\n\t\n<div class=\"row\"  id=\"row-1266326835\">\n\n\t<div id=\"col-458003414\" class=\"col medium-4 small-12 large-4\"  >\n\t\t\t\t<div class=\"col-inner\"  >\n\t\t\t\n\t\t\t\n\t<div class=\"img has-hover x md-x lg-x y md-y lg-y\" id=\"image_750954898\">\n\t\t\t\t\t\t\t\t<div class=\"img-inner image-cover dark\" style=\"padding-top:75%;\">\n\t\t\t<img loading=\"lazy\" decoding=\"async\" width=\"854\" height=\"858\" src=\"https:\/\/feltvibe.com\/uploads\/plastik-2.jpg\" class=\"attachment-large size-large\" alt=\"\" srcset=\"https:\/\/feltvibe.com\/uploads\/plastik-2.jpg 854w, https:\/\/feltvibe.com\/uploads\/plastik-2-300x300.jpg 300w, https:\/\/feltvibe.com\/uploads\/plastik-2-150x150.jpg 150w, https:\/\/feltvibe.com\/uploads\/plastik-2-768x772.jpg 768w\" sizes=\"auto, (max-width: 854px) 100vw, 854px\" \/>\t\t\t\t\t\t\n\t\t\t\t\t<\/div>\n\t\t\t\t\t\t\t\t\n<style>\n#image_750954898 {\n  width: 100%;\n}\n<\/style>\n\t<\/div>\n\t\n<p><strong>\u00c9tape 1 - D\u00e9chets plastiques<\/strong><\/p>\n<p>Les bouteilles arrivent dans les installations de recyclage en balles de 250 kg bien comprim\u00e9es. Les balles sont ouvertes, puis les bouteilles sont lav\u00e9es et tri\u00e9es. Lors du tri, les machines retirent les \u00e9l\u00e9ments color\u00e9s tels que les bouchons et les \u00e9tiquettes.<\/p>\n\t\t<\/div>\n\t\t\t\t\t<\/div>\n\n\t\n\n\t<div id=\"col-2083649696\" class=\"col medium-4 small-12 large-4\"  >\n\t\t\t\t<div class=\"col-inner\"  >\n\t\t\t\n\t\t\t\n\t<div class=\"img has-hover x md-x lg-x y md-y lg-y\" id=\"image_1346408328\">\n\t\t\t\t\t\t\t\t<div class=\"img-inner image-cover dark\" style=\"padding-top:75%;\">\n\t\t\t<img loading=\"lazy\" decoding=\"async\" width=\"225\" height=\"225\" src=\"https:\/\/feltvibe.com\/uploads\/plastik-granul.jpg\" class=\"attachment-large size-large\" alt=\"\" srcset=\"https:\/\/feltvibe.com\/uploads\/plastik-granul.jpg 225w, https:\/\/feltvibe.com\/uploads\/plastik-granul-150x150.jpg 150w\" sizes=\"auto, (max-width: 225px) 100vw, 225px\" \/>\t\t\t\t\t\t\n\t\t\t\t\t<\/div>\n\t\t\t\t\t\t\t\t\n<style>\n#image_1346408328 {\n  width: 100%;\n}\n<\/style>\n\t<\/div>\n\t\n<p><strong>\u00c9tape 2 - Flocons<\/strong><\/p>\n<p>Apr\u00e8s le tri, les bouteilles sont introduites dans un broyeur. De puissantes lames rotatives les d\u00e9chiquettent en flocons d'environ 1 cm, tandis que le syst\u00e8me filtre les impuret\u00e9s restantes. Ce qui \u00e9tait auparavant des bouteilles en plastique est maintenant un flocon de PET propre et pur, pr\u00eat pour l'\u00e9tape suivante de la transformation.<\/p>\n\t\t<\/div>\n\t\t\t\t\t<\/div>\n\n\t\n\n\t<div id=\"col-1148076033\" class=\"col medium-4 small-12 large-4\"  >\n\t\t\t\t<div class=\"col-inner\"  >\n\t\t\t\n\t\t\t\n\t<div class=\"img has-hover x md-x lg-x y md-y lg-y\" id=\"image_29600007\">\n\t\t\t\t\t\t\t\t<div class=\"img-inner image-cover dark\" style=\"padding-top:75%;\">\n\t\t\t<img loading=\"lazy\" decoding=\"async\" width=\"570\" height=\"380\" src=\"https:\/\/feltvibe.com\/uploads\/PET-FELT_fiber.jpeg\" class=\"attachment-large size-large\" alt=\"\" srcset=\"https:\/\/feltvibe.com\/uploads\/PET-FELT_fiber.jpeg 570w, https:\/\/feltvibe.com\/uploads\/PET-FELT_fiber-300x200.jpeg 300w, https:\/\/feltvibe.com\/uploads\/PET-FELT_fiber-18x12.jpeg 18w\" sizes=\"auto, (max-width: 570px) 100vw, 570px\" \/>\t\t\t\t\t\t\n\t\t\t\t\t<\/div>\n\t\t\t\t\t\t\t\t\n<style>\n#image_29600007 {\n  width: 100%;\n}\n<\/style>\n\t<\/div>\n\t\n<p><strong>\u00c9tape 3 - Fibre<\/strong><\/p>\n<p>Ensuite, les flocons de PET passent dans une extrudeuse, o\u00f9 ils sont fondus et fil\u00e9s en fibres de polyester. Ce processus transforme le plastique rigide en une texture douce, semblable \u00e0 celle de la laine. Les fibres sont ensuite transform\u00e9es en fines feuilles, pr\u00eates pour l'\u00e9tape du feutrage.<\/p>\n\t\t<\/div>\n\t\t\t\t\t<\/div>\n\n\t\n<\/div>\n<div class=\"row\"  id=\"row-327088864\">\n\n\t<div id=\"col-353420205\" class=\"col medium-6 small-12 large-6\"  >\n\t\t\t\t<div class=\"col-inner\"  >\n\t\t\t\n\t\t\t\n\t<div class=\"img has-hover x md-x lg-x y md-y lg-y\" id=\"image_1708498577\">\n\t\t\t\t\t\t\t\t<div class=\"img-inner image-cover dark\" style=\"padding-top:75%;\">\n\t\t\t<img loading=\"lazy\" decoding=\"async\" width=\"500\" height=\"425\" src=\"https:\/\/feltvibe.com\/uploads\/arketa-pet-felt-panel-333.png\" class=\"attachment-large size-large\" alt=\"\" srcset=\"https:\/\/feltvibe.com\/uploads\/arketa-pet-felt-panel-333.png 500w, https:\/\/feltvibe.com\/uploads\/arketa-pet-felt-panel-333-300x255.png 300w\" sizes=\"auto, (max-width: 500px) 100vw, 500px\" \/>\t\t\t\t\t\t\n\t\t\t\t\t<\/div>\n\t\t\t\t\t\t\t\t\n<style>\n#image_1708498577 {\n  width: 100%;\n}\n<\/style>\n\t<\/div>\n\t\n<p><strong>\u00c9tape 4 - Feuilles de feutre<\/strong><\/p>\n<p>Dans la machine \u00e0 feutrer, les fibres sont superpos\u00e9es et compact\u00e9es. Le processus de feutrage commence alors : des milliers d'aiguilles barbel\u00e9es percent le mat\u00e9riau \u00e0 plusieurs reprises, bloquant les fibres ensemble et formant le feutre. Selon la m\u00eame technique, trois couches de feutre sont assembl\u00e9es en un tapis dense, pr\u00eat \u00e0 \u00eatre press\u00e9.<\/p>\n\t\t<\/div>\n\t\t\t\t\t<\/div>\n\n\t\n\n\t<div id=\"col-911885309\" class=\"col medium-6 small-12 large-6\"  >\n\t\t\t\t<div class=\"col-inner\"  >\n\t\t\t\n\t\t\t\n\t<div class=\"img has-hover x md-x lg-x y md-y lg-y\" id=\"image_793362979\">\n\t\t\t\t\t\t\t\t<div class=\"img-inner image-cover dark\" style=\"padding-top:75%;\">\n\t\t\t<img loading=\"lazy\" decoding=\"async\" width=\"570\" height=\"380\" src=\"https:\/\/feltvibe.com\/uploads\/PET-FELT_fiber-2.jpeg\" class=\"attachment-large size-large\" alt=\"\" srcset=\"https:\/\/feltvibe.com\/uploads\/PET-FELT_fiber-2.jpeg 570w, https:\/\/feltvibe.com\/uploads\/PET-FELT_fiber-2-300x200.jpeg 300w, https:\/\/feltvibe.com\/uploads\/PET-FELT_fiber-2-18x12.jpeg 18w\" sizes=\"auto, (max-width: 570px) 100vw, 570px\" \/>\t\t\t\t\t\t\n\t\t\t\t\t<\/div>\n\t\t\t\t\t\t\t\t\n<style>\n#image_793362979 {\n  width: 100%;\n}\n<\/style>\n\t<\/div>\n\t\n<p><strong>\u00c9tape 5 - Solutions de produits<\/strong><\/p>\n<p>Le feutre PET peut prendre pratiquement n'importe quelle forme. En une seule \u00e9tape de moulage, une machine de pressage 3D transforme une feuille de feutre plate en une pi\u00e8ce solide et stable, tout en conservant sa texture douce, semblable \u00e0 celle de la laine. Gr\u00e2ce \u00e0 ce processus, le feutre PET peut \u00eatre transform\u00e9 en panneaux muraux et de plafond, en abat-jour et bien plus encore.<\/p>\n\t\t<\/div>\n\t\t\t\t\t<\/div>\n\n\t\n<\/div>\n\t<div id=\"gap-503859809\" class=\"gap-element clearfix\" style=\"display:block; height:auto;\">\n\t\t\n<style>\n#gap-503859809 {\n  padding-top: 5vh;\n}\n<\/style>\n\t<\/div>\n\t\n<p>Dans la machine \u00e0 feutrer, les fibres sont superpos\u00e9es et compact\u00e9es. Le processus de feutrage commence alors : des milliers d'aiguilles barbel\u00e9es percent le mat\u00e9riau \u00e0 plusieurs reprises, bloquant les fibres ensemble et formant le feutre. Selon la m\u00eame technique, trois couches de feutre sont assembl\u00e9es en un tapis dense, pr\u00eat \u00e0 \u00eatre press\u00e9.<\/p>\n\t\t<\/div>\n\t\t\t\t\t<\/div>\n\n\t\n\n<style>\n#row-1693211702 > .col > .col-inner {\n  background-color: #f6f6f6;\n}\n<\/style>\n<\/div>\n\t\t<\/div>\n\n\t\t\n<style>\n#section_852604477 {\n  padding-top: 30px;\n  padding-bottom: 30px;\n  background-color: #f6f6f6;\n}\n<\/style>\n\t<\/section>","protected":false},"excerpt":{"rendered":"","protected":false},"author":2,"featured_media":0,"parent":0,"menu_order":0,"comment_status":"closed","ping_status":"closed","template":"","meta":{"footnotes":""},"class_list":["post-10229","page","type-page","status-publish","hentry"],"yoast_head":"<!-- This site is optimized with the Yoast SEO Premium plugin v27.4 (Yoast SEO v27.4) - https:\/\/yoast.com\/product\/yoast-seo-premium-wordpress\/ -->\n<title>From Bottle to PET Felt | Sustainable Manufacturing<\/title>\n<meta name=\"description\" content=\"Witness the transformation of recycled plastic bottles into high-performance acoustic felt. Join our mission to reduce global waste through design innovation.\" \/>\n<meta name=\"robots\" content=\"index, follow, max-snippet:-1, max-image-preview:large, max-video-preview:-1\" \/>\n<link rel=\"canonical\" href=\"https:\/\/feltvibe.com\/fr\/de-la-bouteille-aux-feuilles-de-feutre-comment-nous-fabriquons-le-feutre-pour-animaux-de-compagnie\/\" \/>\n<meta property=\"og:locale\" content=\"fr_FR\" \/>\n<meta property=\"og:type\" content=\"article\" \/>\n<meta property=\"og:title\" content=\"How We Make PET Felt: From Recycled Bottles to Sheets\" \/>\n<meta property=\"og:description\" content=\"Discover the eco-friendly journey of our acoustic panels. We turn billions of discarded plastic bottles into premium, high-performance felt solutions.\" \/>\n<meta property=\"og:url\" content=\"https:\/\/feltvibe.com\/fr\/de-la-bouteille-aux-feuilles-de-feutre-comment-nous-fabriquons-le-feutre-pour-animaux-de-compagnie\/\" \/>\n<meta property=\"og:site_name\" content=\"Feltvibe | Acoustic Felt\" \/>\n<meta property=\"article:publisher\" content=\"https:\/\/www.facebook.com\/Gentug\" \/>\n<meta property=\"article:modified_time\" content=\"2026-03-13T07:18:41+00:00\" \/>\n<meta property=\"og:image\" content=\"https:\/\/feltvibe.com\/uploads\/arketa-pet-felt-panel-1.jpg\" \/>\n\t<meta property=\"og:image:width\" content=\"500\" \/>\n\t<meta property=\"og:image:height\" content=\"425\" \/>\n\t<meta property=\"og:image:type\" content=\"image\/jpeg\" \/>\n<meta name=\"twitter:card\" content=\"summary_large_image\" \/>\n<meta name=\"twitter:title\" content=\"Sustainable PET Felt: From Bottle to Sheet\" \/>\n<meta name=\"twitter:description\" content=\"See how we recycle plastic bottles into high-quality acoustic felt. Innovation meets sustainability in every sheet we produce.\" \/>\n<meta name=\"twitter:label1\" content=\"Dur\u00e9e de lecture estim\u00e9e\" \/>\n\t<meta name=\"twitter:data1\" content=\"2 minutes\" \/>\n<script type=\"application\/ld+json\" class=\"yoast-schema-graph\">{\"@context\":\"https:\\\/\\\/schema.org\",\"@graph\":[{\"@type\":\"WebPage\",\"@id\":\"https:\\\/\\\/feltvibe.com\\\/from-bottle-to-felt-sheets-how-we-make-pet-felt\\\/\",\"url\":\"https:\\\/\\\/feltvibe.com\\\/from-bottle-to-felt-sheets-how-we-make-pet-felt\\\/\",\"name\":\"From Bottle to PET Felt | Sustainable Manufacturing\",\"isPartOf\":{\"@id\":\"https:\\\/\\\/feltvibe.com\\\/#website\"},\"datePublished\":\"2025-06-09T16:02:36+00:00\",\"dateModified\":\"2026-03-13T07:18:41+00:00\",\"description\":\"Witness the transformation of recycled plastic bottles into high-performance acoustic felt. Join our mission to reduce global waste through design innovation.\",\"breadcrumb\":{\"@id\":\"https:\\\/\\\/feltvibe.com\\\/from-bottle-to-felt-sheets-how-we-make-pet-felt\\\/#breadcrumb\"},\"inLanguage\":\"fr-FR\",\"potentialAction\":[{\"@type\":\"ReadAction\",\"target\":[\"https:\\\/\\\/feltvibe.com\\\/from-bottle-to-felt-sheets-how-we-make-pet-felt\\\/\"]}]},{\"@type\":\"BreadcrumbList\",\"@id\":\"https:\\\/\\\/feltvibe.com\\\/from-bottle-to-felt-sheets-how-we-make-pet-felt\\\/#breadcrumb\",\"itemListElement\":[{\"@type\":\"ListItem\",\"position\":1,\"name\":\"Home\",\"item\":\"https:\\\/\\\/feltvibe.com\\\/\"},{\"@type\":\"ListItem\",\"position\":2,\"name\":\"From Bottle to Felt Sheets: How We Make Felt\"}]},{\"@type\":\"WebSite\",\"@id\":\"https:\\\/\\\/feltvibe.com\\\/#website\",\"url\":\"https:\\\/\\\/feltvibe.com\\\/\",\"name\":\"Feltvibe Acoustic Felt\",\"description\":\"Feltvibe is a leading manufacturer providing innovative felt solutions for various industries, including thermoforming and automotive. Specializing in high-quality felt products, the company offers custom design and production services tailored to meet customer needs. Feltvibe is committed to creating sustainable, durable, and eco-friendly products while staying up to date with technological advancements. With a strong focus on customer satisfaction, the company ensures top-tier quality in all of its solutions.\",\"publisher\":{\"@id\":\"https:\\\/\\\/feltvibe.com\\\/#organization\"},\"potentialAction\":[{\"@type\":\"SearchAction\",\"target\":{\"@type\":\"EntryPoint\",\"urlTemplate\":\"https:\\\/\\\/feltvibe.com\\\/?s={search_term_string}\"},\"query-input\":{\"@type\":\"PropertyValueSpecification\",\"valueRequired\":true,\"valueName\":\"search_term_string\"}}],\"inLanguage\":\"fr-FR\"},{\"@type\":\"Organization\",\"@id\":\"https:\\\/\\\/feltvibe.com\\\/#organization\",\"name\":\"Feltvibe is a leading manufacturer providing innovative acoustic and industrial felt solutions for various industries, including thermoformable PET felt panels and sustainable textile applications.\",\"alternateName\":\"Feltvibe by Gentu\u011f Tekstil\",\"url\":\"https:\\\/\\\/feltvibe.com\\\/\",\"logo\":{\"@type\":\"ImageObject\",\"inLanguage\":\"fr-FR\",\"@id\":\"https:\\\/\\\/feltvibe.com\\\/#\\\/schema\\\/logo\\\/image\\\/\",\"url\":\"https:\\\/\\\/feltvibe.com\\\/uploads\\\/feltvibe-dark-logo-final.svg\",\"contentUrl\":\"https:\\\/\\\/feltvibe.com\\\/uploads\\\/feltvibe-dark-logo-final.svg\",\"width\":1,\"height\":1,\"caption\":\"Feltvibe is a leading manufacturer providing innovative acoustic and industrial felt solutions for various industries, including thermoformable PET felt panels and sustainable textile applications.\"},\"image\":{\"@id\":\"https:\\\/\\\/feltvibe.com\\\/#\\\/schema\\\/logo\\\/image\\\/\"},\"sameAs\":[\"https:\\\/\\\/www.facebook.com\\\/Gentug\",\"https:\\\/\\\/www.instagram.com\\\/felt.vibe\\\/\",\"https:\\\/\\\/www.linkedin.com\\\/company\\\/feltvibe\"],\"description\":\"Gentu\u011f Textile is the main and the most reliable technical textile manufacturer in Turkey, providing high quality products to the worldwide markets.\",\"email\":\"info@feltvibe.com\",\"telephone\":\"+90 212 637 09 89\",\"legalName\":\"Gentu\u011f Tekstil \u00dcr\u00fcn. San. Tic. A.\u015e.\",\"foundingDate\":\"1917-01-01\",\"vatID\":\"3940016139\",\"taxID\":\"MARMARA KURUMLAR\",\"numberOfEmployees\":{\"@type\":\"QuantitativeValue\",\"minValue\":\"501\",\"maxValue\":\"1000\"},\"publishingPrinciples\":\"https:\\\/\\\/feltvibe.com\\\/privacy-policy\\\/\",\"ownershipFundingInfo\":\"https:\\\/\\\/feltvibe.com\\\/about-us\\\/\",\"actionableFeedbackPolicy\":\"https:\\\/\\\/feltvibe.com\\\/contact-us\\\/\",\"correctionsPolicy\":\"https:\\\/\\\/feltvibe.com\\\/certification\\\/\",\"ethicsPolicy\":\"https:\\\/\\\/feltvibe.com\\\/privacy-policy\\\/\",\"diversityPolicy\":\"https:\\\/\\\/feltvibe.com\\\/privacy-policy\\\/\",\"diversityStaffingReport\":\"https:\\\/\\\/feltvibe.com\\\/contact-us\\\/\"}]}<\/script>\n<!-- \/ Yoast SEO Premium plugin. -->","yoast_head_json":{"title":"From Bottle to PET Felt | Sustainable Manufacturing","description":"Witness the transformation of recycled plastic bottles into high-performance acoustic felt. Join our mission to reduce global waste through design innovation.","robots":{"index":"index","follow":"follow","max-snippet":"max-snippet:-1","max-image-preview":"max-image-preview:large","max-video-preview":"max-video-preview:-1"},"canonical":"https:\/\/feltvibe.com\/fr\/de-la-bouteille-aux-feuilles-de-feutre-comment-nous-fabriquons-le-feutre-pour-animaux-de-compagnie\/","og_locale":"fr_FR","og_type":"article","og_title":"How We Make PET Felt: From Recycled Bottles to Sheets","og_description":"Discover the eco-friendly journey of our acoustic panels. We turn billions of discarded plastic bottles into premium, high-performance felt solutions.","og_url":"https:\/\/feltvibe.com\/fr\/de-la-bouteille-aux-feuilles-de-feutre-comment-nous-fabriquons-le-feutre-pour-animaux-de-compagnie\/","og_site_name":"Feltvibe | Acoustic Felt","article_publisher":"https:\/\/www.facebook.com\/Gentug","article_modified_time":"2026-03-13T07:18:41+00:00","og_image":[{"width":500,"height":425,"url":"https:\/\/feltvibe.com\/uploads\/arketa-pet-felt-panel-1.jpg","type":"image\/jpeg"}],"twitter_card":"summary_large_image","twitter_title":"Sustainable PET Felt: From Bottle to Sheet","twitter_description":"See how we recycle plastic bottles into high-quality acoustic felt. Innovation meets sustainability in every sheet we produce.","twitter_misc":{"Dur\u00e9e de lecture estim\u00e9e":"2 minutes"},"schema":{"@context":"https:\/\/schema.org","@graph":[{"@type":"WebPage","@id":"https:\/\/feltvibe.com\/from-bottle-to-felt-sheets-how-we-make-pet-felt\/","url":"https:\/\/feltvibe.com\/from-bottle-to-felt-sheets-how-we-make-pet-felt\/","name":"From Bottle to PET Felt | Sustainable Manufacturing","isPartOf":{"@id":"https:\/\/feltvibe.com\/#website"},"datePublished":"2025-06-09T16:02:36+00:00","dateModified":"2026-03-13T07:18:41+00:00","description":"Witness the transformation of recycled plastic bottles into high-performance acoustic felt. Join our mission to reduce global waste through design innovation.","breadcrumb":{"@id":"https:\/\/feltvibe.com\/from-bottle-to-felt-sheets-how-we-make-pet-felt\/#breadcrumb"},"inLanguage":"fr-FR","potentialAction":[{"@type":"ReadAction","target":["https:\/\/feltvibe.com\/from-bottle-to-felt-sheets-how-we-make-pet-felt\/"]}]},{"@type":"BreadcrumbList","@id":"https:\/\/feltvibe.com\/from-bottle-to-felt-sheets-how-we-make-pet-felt\/#breadcrumb","itemListElement":[{"@type":"ListItem","position":1,"name":"Home","item":"https:\/\/feltvibe.com\/"},{"@type":"ListItem","position":2,"name":"From Bottle to Felt Sheets: How We Make Felt"}]},{"@type":"WebSite","@id":"https:\/\/feltvibe.com\/#website","url":"https:\/\/feltvibe.com\/","name":"Feutre acoustique Feltvibe","description":"Feltvibe est un fabricant de premier plan qui fournit des solutions innovantes en mati\u00e8re de feutre pour diverses industries, notamment le thermoformage et l'automobile. Sp\u00e9cialis\u00e9e dans les produits en feutre de haute qualit\u00e9, l'entreprise propose des services de conception et de production sur mesure, adapt\u00e9s aux besoins des clients. Feltvibe s'engage \u00e0 cr\u00e9er des produits durables et respectueux de l'environnement tout en restant \u00e0 la pointe des avanc\u00e9es technologiques. En mettant l'accent sur la satisfaction du client, l'entreprise garantit une qualit\u00e9 de premier ordre pour toutes ses solutions.","publisher":{"@id":"https:\/\/feltvibe.com\/#organization"},"potentialAction":[{"@type":"SearchAction","target":{"@type":"EntryPoint","urlTemplate":"https:\/\/feltvibe.com\/?s={search_term_string}"},"query-input":{"@type":"PropertyValueSpecification","valueRequired":true,"valueName":"search_term_string"}}],"inLanguage":"fr-FR"},{"@type":"Organization","@id":"https:\/\/feltvibe.com\/#organization","name":"Feltvibe est un fabricant de premier plan qui propose des solutions innovantes en mati\u00e8re de feutre acoustique et industriel pour diverses industries, notamment des panneaux de feutre PET thermoformables et des applications textiles durables.","alternateName":"Feltvibe by Gentu\u011f Tekstil","url":"https:\/\/feltvibe.com\/","logo":{"@type":"ImageObject","inLanguage":"fr-FR","@id":"https:\/\/feltvibe.com\/#\/schema\/logo\/image\/","url":"https:\/\/feltvibe.com\/uploads\/feltvibe-dark-logo-final.svg","contentUrl":"https:\/\/feltvibe.com\/uploads\/feltvibe-dark-logo-final.svg","width":1,"height":1,"caption":"Feltvibe is a leading manufacturer providing innovative acoustic and industrial felt solutions for various industries, including thermoformable PET felt panels and sustainable textile applications."},"image":{"@id":"https:\/\/feltvibe.com\/#\/schema\/logo\/image\/"},"sameAs":["https:\/\/www.facebook.com\/Gentug","https:\/\/www.instagram.com\/felt.vibe\/","https:\/\/www.linkedin.com\/company\/feltvibe"],"description":"Gentu\u011f Textile est le principal et le plus fiable fabricant de textiles techniques en Turquie, fournissant des produits de haute qualit\u00e9 aux march\u00e9s mondiaux.","email":"info@feltvibe.com","telephone":"+90 212 637 09 89","legalName":"Gentu\u011f Tekstil \u00dcr\u00fcn. San. Tic. A.\u015e.","foundingDate":"1917-01-01","vatID":"3940016139","taxID":"MARMARA KURUMLAR","numberOfEmployees":{"@type":"QuantitativeValue","minValue":"501","maxValue":"1000"},"publishingPrinciples":"https:\/\/feltvibe.com\/privacy-policy\/","ownershipFundingInfo":"https:\/\/feltvibe.com\/about-us\/","actionableFeedbackPolicy":"https:\/\/feltvibe.com\/contact-us\/","correctionsPolicy":"https:\/\/feltvibe.com\/certification\/","ethicsPolicy":"https:\/\/feltvibe.com\/privacy-policy\/","diversityPolicy":"https:\/\/feltvibe.com\/privacy-policy\/","diversityStaffingReport":"https:\/\/feltvibe.com\/contact-us\/"}]}},"_links":{"self":[{"href":"https:\/\/feltvibe.com\/fr\/wp-json\/wp\/v2\/pages\/10229","targetHints":{"allow":["GET"]}}],"collection":[{"href":"https:\/\/feltvibe.com\/fr\/wp-json\/wp\/v2\/pages"}],"about":[{"href":"https:\/\/feltvibe.com\/fr\/wp-json\/wp\/v2\/types\/page"}],"author":[{"embeddable":true,"href":"https:\/\/feltvibe.com\/fr\/wp-json\/wp\/v2\/users\/2"}],"replies":[{"embeddable":true,"href":"https:\/\/feltvibe.com\/fr\/wp-json\/wp\/v2\/comments?post=10229"}],"version-history":[{"count":31,"href":"https:\/\/feltvibe.com\/fr\/wp-json\/wp\/v2\/pages\/10229\/revisions"}],"predecessor-version":[{"id":17255,"href":"https:\/\/feltvibe.com\/fr\/wp-json\/wp\/v2\/pages\/10229\/revisions\/17255"}],"wp:attachment":[{"href":"https:\/\/feltvibe.com\/fr\/wp-json\/wp\/v2\/media?parent=10229"}],"curies":[{"name":"wp","href":"https:\/\/api.w.org\/{rel}","templated":true}]}}