{"id":1030,"date":"2024-09-08T12:11:34","date_gmt":"2024-09-08T09:11:34","guid":{"rendered":"https:\/\/feltvibe.com\/?page_id=1030"},"modified":"2026-03-13T10:20:16","modified_gmt":"2026-03-13T07:20:16","slug":"certification","status":"publish","type":"page","link":"https:\/\/feltvibe.com\/fr\/certification\/","title":{"rendered":"Certification"},"content":{"rendered":"<section class=\"section\" id=\"section_7430994\">\n\t\t<div class=\"bg section-bg fill bg-fill  bg-loaded\" >\n\n\t\t\t\n\t\t\t\n\t\t\t\n\n\t\t<\/div>\n\n\t\t\n\n\t\t<div class=\"section-content relative\">\n\t\t\t\n\t<div id=\"gap-596403793\" class=\"gap-element clearfix\" style=\"display:block; height:auto;\">\n\t\t\n<style>\n#gap-596403793 {\n  padding-top: 5vh;\n}\n<\/style>\n\t<\/div>\n\t\n<div class=\"row row-small align-equal align-center\"  id=\"row-441571724\">\n\n\t<div id=\"col-206678822\" class=\"col small-12 large-12\"  >\n\t\t\t\t<div class=\"col-inner\"  >\n\t\t\t\n\t\t\t\n\t<div id=\"text-1036955661\" class=\"text\">\n\t\t\n<p>Certification<\/p>\n\t\t\n<style>\n#text-1036955661 {\n  font-size: 1.8rem;\n  line-height: 0.75;\n  text-align: center;\n}\n@media (min-width:550px) {\n  #text-1036955661 {\n    text-align: center;\n  }\n}\n@media (min-width:850px) {\n  #text-1036955661 {\n    text-align: left;\n  }\n}\n<\/style>\n\t<\/div>\n\t\n<div class=\"text-center\"><div class=\"is-divider divider clearfix\" style=\"margin-top:0px;margin-bottom:0px;max-width:100%;height:1px;background-color:rgb(68, 69, 69);\"><\/div><\/div>\n\t\t<\/div>\n\t\t\t\t\t<\/div>\n\n\t\n<\/div>\n<div class=\"row row-collapse align-middle\"  id=\"row-274821359\">\n\n\t<div id=\"col-1385377793\" class=\"col medium-5 small-12 large-5\"  >\n\t\t\t\t<div class=\"col-inner text-center\"  >\n\t\t\t\n\t\t\t\n\t<div class=\"img has-hover x md-x lg-x y md-y lg-y\" id=\"image_1512299928\">\n\t\t\t\t\t\t\t\t<div class=\"img-inner dark\" >\n\t\t\t<img decoding=\"async\" src=\"https:\/\/feltvibe.com\/uploads\/Oeko-Tex-1-icon.svg\" class=\"attachment-original size-original\" alt=\"\" \/>\t\t\t\t\t\t\n\t\t\t\t\t<\/div>\n\t\t\t\t\t\t\t\t\n<style>\n#image_1512299928 {\n  width: 40%;\n}\n<\/style>\n\t<\/div>\n\t\n\t\t<\/div>\n\t\t\t\t\t<\/div>\n\n\t\n\n\t<div id=\"col-2024042549\" class=\"col medium-7 small-12 large-7\"  >\n\t\t\t\t<div class=\"col-inner\"  >\n\t\t\t\n\t\t\t\n\t<div id=\"text-3275346874\" class=\"text\">\n\t\t\n<p><strong>OEKO-TEX<\/strong><\/p>\n\t\t\n<style>\n#text-3275346874 {\n  font-size: 1.5rem;\n}\n<\/style>\n\t<\/div>\n\t\n<p>Felt Vibe\u00ae est certifi\u00e9 OEKO-TEX, ce qui signifie que les textiles ne contiennent aucune substance nocive susceptible d'avoir un impact n\u00e9gatif sur votre sant\u00e9. OEKO-TEX Standard 100 est la certification la plus connue et la plus fiable en mati\u00e8re de s\u00e9curit\u00e9 des produits.<\/p>\n<div class=\"row\"  id=\"row-35302949\">\n\n\t<div id=\"col-292194713\" class=\"col small-12 large-12\"  >\n\t\t\t\t<div class=\"col-inner\"  >\n\t\t\t\n\t\t\t\n<div class=\"row\"  id=\"row-430077976\">\n\n\t<div id=\"col-248913286\" class=\"col medium-4 small-12 large-4\"  >\n\t\t\t\t<div class=\"col-inner\"  >\n\t\t\t\n\t\t\t\n<a href=\"https:\/\/feltvibe.com\/uploads\/Enviorement-OEKO-TEX.pdf\" target=\"_blank\" class=\"button primary is-outline expand\" rel=\"noopener\"  >\n    <span>T\u00c9L\u00c9CHARGER<\/span>\n  <\/a>\n\n\t\t<\/div>\n\t\t\t\t\t<\/div>\n\n\t\n<\/div>\n\t\t<\/div>\n\t\t\t\t\t<\/div>\n\n\t\n<\/div>\n\t\t<\/div>\n\t\t\t\t\t<\/div>\n\n\t\n<\/div>\n<div class=\"row row-small align-equal align-center\"  id=\"row-1728711792\">\n\n\t<div id=\"col-1227710044\" class=\"col small-12 large-12\"  >\n\t\t\t\t<div class=\"col-inner\"  >\n\t\t\t\n\t\t\t\n<div class=\"text-center\"><div class=\"is-divider divider clearfix\" style=\"margin-top:0px;margin-bottom:0px;max-width:100%;height:1px;background-color:rgb(68, 69, 69);\"><\/div><\/div>\n\t\t<\/div>\n\t\t\t\t\t<\/div>\n\n\t\n<\/div>\n<div class=\"row align-middle\"  id=\"row-1953162862\">\n\n\t<div id=\"col-95587096\" class=\"col medium-5 small-12 large-5\"  >\n\t\t\t\t<div class=\"col-inner text-center\"  >\n\t\t\t\n\t\t\t\n\t<div class=\"img has-hover x md-x lg-x y md-y lg-y\" id=\"image_1583433990\">\n\t\t\t\t\t\t\t\t<div class=\"img-inner dark\" >\n\t\t\t<img loading=\"lazy\" decoding=\"async\" width=\"1\" height=\"1\" src=\"https:\/\/feltvibe.com\/uploads\/blx-logo-yeni-1-1-1-BLX-Acoustic-Reserach-Lab.svg\" class=\"attachment-large size-large\" alt=\"\" \/>\t\t\t\t\t\t\n\t\t\t\t\t<\/div>\n\t\t\t\t\t\t\t\t\n<style>\n#image_1583433990 {\n  width: 50%;\n}\n<\/style>\n\t<\/div>\n\t\n\t\t<\/div>\n\t\t\t\t\t<\/div>\n\n\t\n\n\t<div id=\"col-1618891023\" class=\"col medium-7 small-12 large-7\"  >\n\t\t\t\t<div class=\"col-inner\"  >\n\t\t\t\n\t\t\t\n\t<div id=\"text-4231082705\" class=\"text\">\n\t\t\n<p><strong>BLX Acoustic Reserach Lab.<\/strong><\/p>\n\t\t\n<style>\n#text-4231082705 {\n  font-size: 1.5rem;\n}\n<\/style>\n\t<\/div>\n\t\n<p>Le laboratoire de recherche acoustique BLX est le premier et le seul laboratoire de R&amp;D en Turquie avec un statut sp\u00e9cial o\u00f9 les performances acoustiques des mat\u00e9riaux sont test\u00e9es conform\u00e9ment aux normes ASTM et ISO. Salle de r\u00e9verb\u00e9ration pour tester les performances d'absorption acoustique des mat\u00e9riaux dans le laboratoire o\u00f9 les activit\u00e9s sont accr\u00e9dit\u00e9es ; des salles de perte de transmission du son sont disponibles pour les tests acoustiques dans les structures et les \u00e9l\u00e9ments de construction.<\/p>\n\t\t<\/div>\n\t\t\t\t\t<\/div>\n\n\t\n<\/div>\n<div class=\"row row-small align-equal align-center\"  id=\"row-1074152185\">\n\n\t<div id=\"col-1760925125\" class=\"col small-12 large-12\"  >\n\t\t\t\t<div class=\"col-inner\"  >\n\t\t\t\n\t\t\t\n<div class=\"text-center\"><div class=\"is-divider divider clearfix\" style=\"margin-top:0px;margin-bottom:0px;max-width:100%;height:1px;background-color:rgb(68, 69, 69);\"><\/div><\/div>\n\t\t<\/div>\n\t\t\t\t\t<\/div>\n\n\t\n<\/div>\n<div class=\"row align-middle\"  id=\"row-1207066472\">\n\n\t<div id=\"col-340907515\" class=\"col medium-5 small-12 large-5\"  >\n\t\t\t\t<div class=\"col-inner text-center\"  >\n\t\t\t\n\t\t\t\n\t<div class=\"img has-hover x md-x lg-x y md-y lg-y\" id=\"image_2003917021\">\n\t\t\t\t\t\t\t\t<div class=\"img-inner dark\" >\n\t\t\t<img loading=\"lazy\" decoding=\"async\" width=\"1\" height=\"1\" src=\"https:\/\/feltvibe.com\/uploads\/Efectis-icon-1.svg\" class=\"attachment-large size-large\" alt=\"\" \/>\t\t\t\t\t\t\n\t\t\t\t\t<\/div>\n\t\t\t\t\t\t\t\t\n<style>\n#image_2003917021 {\n  width: 50%;\n}\n<\/style>\n\t<\/div>\n\t\n\t\t<\/div>\n\t\t\t\t\t<\/div>\n\n\t\n\n\t<div id=\"col-423944575\" class=\"col medium-7 small-12 large-7\"  >\n\t\t\t\t<div class=\"col-inner\"  >\n\t\t\t\n\t\t\t\n\t<div id=\"text-1788130916\" class=\"text\">\n\t\t\n<p><strong>Efectis<\/strong><\/p>\n\t\t\n<style>\n#text-1788130916 {\n  font-size: 1.5rem;\n}\n<\/style>\n\t<\/div>\n\t\n<p>Efectis poss\u00e8de les connaissances et l'exp\u00e9rience n\u00e9cessaires pour aider les propri\u00e9taires de b\u00e2timents, les fabricants de produits et les autorit\u00e9s \u00e0 d\u00e9terminer les exigences correctes des produits, \u00e0 mesurer leur performance et \u00e0 \u00e9valuer leur impact sur la s\u00e9curit\u00e9 incendie des b\u00e2timents.<\/p>\n<p>Gr\u00e2ce \u00e0 son expertise, Efectis aide le march\u00e9 \u00e0 s\u00e9lectionner, appliquer et utiliser les mat\u00e9riaux de construction qui r\u00e9pondent le mieux aux exigences en mati\u00e8re de s\u00e9curit\u00e9 incendie.<\/p>\n\t\t<\/div>\n\t\t\t\t\t<\/div>\n\n\t\n<\/div>\n<div class=\"row row-small align-equal align-center\"  id=\"row-684089109\">\n\n\t<div id=\"col-68768095\" class=\"col small-12 large-12\"  >\n\t\t\t\t<div class=\"col-inner\"  >\n\t\t\t\n\t\t\t\n<div class=\"text-center\"><div class=\"is-divider divider clearfix\" style=\"margin-top:0px;margin-bottom:0px;max-width:100%;height:1px;background-color:rgb(68, 69, 69);\"><\/div><\/div>\n\t\t<\/div>\n\t\t\t\t\t<\/div>\n\n\t\n<\/div>\n<div class=\"row align-middle\"  id=\"row-574653422\">\n\n\t<div id=\"col-147142404\" class=\"col medium-5 small-12 large-5\"  >\n\t\t\t\t<div class=\"col-inner text-center\"  >\n\t\t\t\n\t\t\t\n\t<div class=\"img has-hover x md-x lg-x y md-y lg-y\" id=\"image_1487930376\">\n\t\t\t\t\t\t\t\t<div class=\"img-inner dark\" >\n\t\t\t<img loading=\"lazy\" decoding=\"async\" width=\"1\" height=\"1\" src=\"https:\/\/feltvibe.com\/uploads\/ekoteks-logo.svg\" class=\"attachment-large size-large\" alt=\"\" \/>\t\t\t\t\t\t\n\t\t\t\t\t<\/div>\n\t\t\t\t\t\t\t\t\n<style>\n#image_1487930376 {\n  width: 50%;\n}\n<\/style>\n\t<\/div>\n\t\n\t\t<\/div>\n\t\t\t\t\t<\/div>\n\n\t\n\n\t<div id=\"col-81093698\" class=\"col medium-7 small-12 large-7\"  >\n\t\t\t\t<div class=\"col-inner\"  >\n\t\t\t\n\t\t\t\n\t<div id=\"text-3302916597\" class=\"text\">\n\t\t\n<p><strong>Ekoteks<\/strong><\/p>\n\t\t\n<style>\n#text-3302916597 {\n  font-size: 1.5rem;\n}\n<\/style>\n\t<\/div>\n\t\n<p>Le Centre de recherche et de d\u00e9veloppement sur les essais \u00e9cologiques des textiles est le premier et le seul laboratoire de Turquie \u00e0 b\u00e9n\u00e9ficier d'un statut sp\u00e9cial. Il est sp\u00e9cialis\u00e9 dans les tests de performance \u00e9cologique des mat\u00e9riaux textiles conform\u00e9ment aux normes ASTM et ISO. Les activit\u00e9s men\u00e9es dans le laboratoire sont accr\u00e9dit\u00e9es et des \u00e9quipements d'analyse avanc\u00e9s sont utilis\u00e9s pour contribuer au d\u00e9veloppement de produits respectueux de l'environnement. Des recherches approfondies sont men\u00e9es pour \u00e9valuer les performances de durabilit\u00e9 des mat\u00e9riaux et l'impact \u00e9cologique des produits.<\/p>\n\t\t<\/div>\n\t\t\t\t\t<\/div>\n\n\t\n<\/div>\n\t\t<\/div>\n\n\t\t\n<style>\n#section_7430994 {\n  padding-top: 0px;\n  padding-bottom: 0px;\n  background-color: rgb(227, 227, 227);\n}\n<\/style>\n\t<\/section>","protected":false},"excerpt":{"rendered":"","protected":false},"author":1,"featured_media":0,"parent":0,"menu_order":0,"comment_status":"closed","ping_status":"closed","template":"","meta":{"footnotes":""},"class_list":["post-1030","page","type-page","status-publish","hentry"],"yoast_head":"<!-- This site is optimized with the Yoast SEO Premium plugin v27.4 (Yoast SEO v27.4) - https:\/\/yoast.com\/product\/yoast-seo-premium-wordpress\/ -->\n<title>Certified Acoustic Safety | OEKO-TEX &amp; BLX Tested Felt<\/title>\n<meta name=\"description\" content=\"Trust in safety with OEKO-TEX Standard 100 certified PET felt. Our products undergo rigorous BLX laboratory testing to ensure non-toxic, healthy interiors.\" \/>\n<meta name=\"robots\" content=\"index, follow, max-snippet:-1, max-image-preview:large, max-video-preview:-1\" \/>\n<link rel=\"canonical\" href=\"https:\/\/feltvibe.com\/fr\/certification\/\" \/>\n<meta property=\"og:locale\" content=\"fr_FR\" \/>\n<meta property=\"og:type\" content=\"article\" \/>\n<meta property=\"og:title\" content=\"Certified Acoustic Safety | OEKO-TEX &amp; BLX Lab Tested\" \/>\n<meta property=\"og:description\" content=\"FeltVibe is OEKO-TEX certified, ensuring your acoustic panels are free from harmful substances. Tested in Turkey&#039;s leading BLX Research Lab.\" \/>\n<meta property=\"og:url\" content=\"https:\/\/feltvibe.com\/fr\/certification\/\" \/>\n<meta property=\"og:site_name\" content=\"Feltvibe | Acoustic Felt\" \/>\n<meta property=\"article:publisher\" content=\"https:\/\/www.facebook.com\/Gentug\" \/>\n<meta property=\"article:modified_time\" content=\"2026-03-13T07:20:16+00:00\" \/>\n<meta property=\"og:image\" content=\"https:\/\/feltvibe.com\/uploads\/arketa-pet-felt-panel-1.jpg\" \/>\n\t<meta property=\"og:image:width\" content=\"500\" \/>\n\t<meta property=\"og:image:height\" content=\"425\" \/>\n\t<meta property=\"og:image:type\" content=\"image\/jpeg\" \/>\n<meta name=\"twitter:card\" content=\"summary_large_image\" \/>\n<meta name=\"twitter:title\" content=\"Certified Safety | OEKO-TEX &amp; BLX Tested PET Felt\" \/>\n<meta name=\"twitter:description\" content=\"Non-toxic and healthy. Our PET felt is OEKO-TEX certified and BLX lab tested for maximum safety and performance.\" \/>\n<meta name=\"twitter:label1\" content=\"Dur\u00e9e de lecture estim\u00e9e\" \/>\n\t<meta name=\"twitter:data1\" content=\"2 minutes\" \/>\n<script type=\"application\/ld+json\" class=\"yoast-schema-graph\">{\"@context\":\"https:\\\/\\\/schema.org\",\"@graph\":[{\"@type\":\"WebPage\",\"@id\":\"https:\\\/\\\/feltvibe.com\\\/certification\\\/\",\"url\":\"https:\\\/\\\/feltvibe.com\\\/certification\\\/\",\"name\":\"Certified Acoustic Safety | OEKO-TEX & BLX Tested Felt\",\"isPartOf\":{\"@id\":\"https:\\\/\\\/feltvibe.com\\\/#website\"},\"datePublished\":\"2024-09-08T09:11:34+00:00\",\"dateModified\":\"2026-03-13T07:20:16+00:00\",\"description\":\"Trust in safety with OEKO-TEX Standard 100 certified PET felt. Our products undergo rigorous BLX laboratory testing to ensure non-toxic, healthy interiors.\",\"breadcrumb\":{\"@id\":\"https:\\\/\\\/feltvibe.com\\\/certification\\\/#breadcrumb\"},\"inLanguage\":\"fr-FR\",\"potentialAction\":[{\"@type\":\"ReadAction\",\"target\":[\"https:\\\/\\\/feltvibe.com\\\/certification\\\/\"]}]},{\"@type\":\"BreadcrumbList\",\"@id\":\"https:\\\/\\\/feltvibe.com\\\/certification\\\/#breadcrumb\",\"itemListElement\":[{\"@type\":\"ListItem\",\"position\":1,\"name\":\"Home\",\"item\":\"https:\\\/\\\/feltvibe.com\\\/\"},{\"@type\":\"ListItem\",\"position\":2,\"name\":\"Certification\"}]},{\"@type\":\"WebSite\",\"@id\":\"https:\\\/\\\/feltvibe.com\\\/#website\",\"url\":\"https:\\\/\\\/feltvibe.com\\\/\",\"name\":\"Feltvibe Acoustic Felt\",\"description\":\"Feltvibe is a leading manufacturer providing innovative felt solutions for various industries, including thermoforming and automotive. Specializing in high-quality felt products, the company offers custom design and production services tailored to meet customer needs. Feltvibe is committed to creating sustainable, durable, and eco-friendly products while staying up to date with technological advancements. With a strong focus on customer satisfaction, the company ensures top-tier quality in all of its solutions.\",\"publisher\":{\"@id\":\"https:\\\/\\\/feltvibe.com\\\/#organization\"},\"potentialAction\":[{\"@type\":\"SearchAction\",\"target\":{\"@type\":\"EntryPoint\",\"urlTemplate\":\"https:\\\/\\\/feltvibe.com\\\/?s={search_term_string}\"},\"query-input\":{\"@type\":\"PropertyValueSpecification\",\"valueRequired\":true,\"valueName\":\"search_term_string\"}}],\"inLanguage\":\"fr-FR\"},{\"@type\":\"Organization\",\"@id\":\"https:\\\/\\\/feltvibe.com\\\/#organization\",\"name\":\"Feltvibe is a leading manufacturer providing innovative acoustic and industrial felt solutions for various industries, including thermoformable PET felt panels and sustainable textile applications.\",\"alternateName\":\"Feltvibe by Gentu\u011f Tekstil\",\"url\":\"https:\\\/\\\/feltvibe.com\\\/\",\"logo\":{\"@type\":\"ImageObject\",\"inLanguage\":\"fr-FR\",\"@id\":\"https:\\\/\\\/feltvibe.com\\\/#\\\/schema\\\/logo\\\/image\\\/\",\"url\":\"https:\\\/\\\/feltvibe.com\\\/uploads\\\/feltvibe-dark-logo-final.svg\",\"contentUrl\":\"https:\\\/\\\/feltvibe.com\\\/uploads\\\/feltvibe-dark-logo-final.svg\",\"width\":1,\"height\":1,\"caption\":\"Feltvibe is a leading manufacturer providing innovative acoustic and industrial felt solutions for various industries, including thermoformable PET felt panels and sustainable textile applications.\"},\"image\":{\"@id\":\"https:\\\/\\\/feltvibe.com\\\/#\\\/schema\\\/logo\\\/image\\\/\"},\"sameAs\":[\"https:\\\/\\\/www.facebook.com\\\/Gentug\",\"https:\\\/\\\/www.instagram.com\\\/felt.vibe\\\/\",\"https:\\\/\\\/www.linkedin.com\\\/company\\\/feltvibe\"],\"description\":\"Gentu\u011f Textile is the main and the most reliable technical textile manufacturer in Turkey, providing high quality products to the worldwide markets.\",\"email\":\"info@feltvibe.com\",\"telephone\":\"+90 212 637 09 89\",\"legalName\":\"Gentu\u011f Tekstil \u00dcr\u00fcn. San. Tic. A.\u015e.\",\"foundingDate\":\"1917-01-01\",\"vatID\":\"3940016139\",\"taxID\":\"MARMARA KURUMLAR\",\"numberOfEmployees\":{\"@type\":\"QuantitativeValue\",\"minValue\":\"501\",\"maxValue\":\"1000\"},\"publishingPrinciples\":\"https:\\\/\\\/feltvibe.com\\\/privacy-policy\\\/\",\"ownershipFundingInfo\":\"https:\\\/\\\/feltvibe.com\\\/about-us\\\/\",\"actionableFeedbackPolicy\":\"https:\\\/\\\/feltvibe.com\\\/contact-us\\\/\",\"correctionsPolicy\":\"https:\\\/\\\/feltvibe.com\\\/certification\\\/\",\"ethicsPolicy\":\"https:\\\/\\\/feltvibe.com\\\/privacy-policy\\\/\",\"diversityPolicy\":\"https:\\\/\\\/feltvibe.com\\\/privacy-policy\\\/\",\"diversityStaffingReport\":\"https:\\\/\\\/feltvibe.com\\\/contact-us\\\/\"}]}<\/script>\n<!-- \/ Yoast SEO Premium plugin. -->","yoast_head_json":{"title":"Certified Acoustic Safety | OEKO-TEX & BLX Tested Felt","description":"Trust in safety with OEKO-TEX Standard 100 certified PET felt. Our products undergo rigorous BLX laboratory testing to ensure non-toxic, healthy interiors.","robots":{"index":"index","follow":"follow","max-snippet":"max-snippet:-1","max-image-preview":"max-image-preview:large","max-video-preview":"max-video-preview:-1"},"canonical":"https:\/\/feltvibe.com\/fr\/certification\/","og_locale":"fr_FR","og_type":"article","og_title":"Certified Acoustic Safety | OEKO-TEX & BLX Lab Tested","og_description":"FeltVibe is OEKO-TEX certified, ensuring your acoustic panels are free from harmful substances. Tested in Turkey's leading BLX Research Lab.","og_url":"https:\/\/feltvibe.com\/fr\/certification\/","og_site_name":"Feltvibe | Acoustic Felt","article_publisher":"https:\/\/www.facebook.com\/Gentug","article_modified_time":"2026-03-13T07:20:16+00:00","og_image":[{"width":500,"height":425,"url":"https:\/\/feltvibe.com\/uploads\/arketa-pet-felt-panel-1.jpg","type":"image\/jpeg"}],"twitter_card":"summary_large_image","twitter_title":"Certified Safety | OEKO-TEX & BLX Tested PET Felt","twitter_description":"Non-toxic and healthy. Our PET felt is OEKO-TEX certified and BLX lab tested for maximum safety and performance.","twitter_misc":{"Dur\u00e9e de lecture estim\u00e9e":"2 minutes"},"schema":{"@context":"https:\/\/schema.org","@graph":[{"@type":"WebPage","@id":"https:\/\/feltvibe.com\/certification\/","url":"https:\/\/feltvibe.com\/certification\/","name":"Certified Acoustic Safety | OEKO-TEX & BLX Tested Felt","isPartOf":{"@id":"https:\/\/feltvibe.com\/#website"},"datePublished":"2024-09-08T09:11:34+00:00","dateModified":"2026-03-13T07:20:16+00:00","description":"Trust in safety with OEKO-TEX Standard 100 certified PET felt. Our products undergo rigorous BLX laboratory testing to ensure non-toxic, healthy interiors.","breadcrumb":{"@id":"https:\/\/feltvibe.com\/certification\/#breadcrumb"},"inLanguage":"fr-FR","potentialAction":[{"@type":"ReadAction","target":["https:\/\/feltvibe.com\/certification\/"]}]},{"@type":"BreadcrumbList","@id":"https:\/\/feltvibe.com\/certification\/#breadcrumb","itemListElement":[{"@type":"ListItem","position":1,"name":"Home","item":"https:\/\/feltvibe.com\/"},{"@type":"ListItem","position":2,"name":"Certification"}]},{"@type":"WebSite","@id":"https:\/\/feltvibe.com\/#website","url":"https:\/\/feltvibe.com\/","name":"Feutre acoustique Feltvibe","description":"Feltvibe est un fabricant de premier plan qui fournit des solutions innovantes en mati\u00e8re de feutre pour diverses industries, notamment le thermoformage et l'automobile. Sp\u00e9cialis\u00e9e dans les produits en feutre de haute qualit\u00e9, l'entreprise propose des services de conception et de production sur mesure, adapt\u00e9s aux besoins des clients. Feltvibe s'engage \u00e0 cr\u00e9er des produits durables et respectueux de l'environnement tout en restant \u00e0 la pointe des avanc\u00e9es technologiques. En mettant l'accent sur la satisfaction du client, l'entreprise garantit une qualit\u00e9 de premier ordre pour toutes ses solutions.","publisher":{"@id":"https:\/\/feltvibe.com\/#organization"},"potentialAction":[{"@type":"SearchAction","target":{"@type":"EntryPoint","urlTemplate":"https:\/\/feltvibe.com\/?s={search_term_string}"},"query-input":{"@type":"PropertyValueSpecification","valueRequired":true,"valueName":"search_term_string"}}],"inLanguage":"fr-FR"},{"@type":"Organization","@id":"https:\/\/feltvibe.com\/#organization","name":"Feltvibe est un fabricant de premier plan qui propose des solutions innovantes en mati\u00e8re de feutre acoustique et industriel pour diverses industries, notamment des panneaux de feutre PET thermoformables et des applications textiles durables.","alternateName":"Feltvibe by Gentu\u011f Tekstil","url":"https:\/\/feltvibe.com\/","logo":{"@type":"ImageObject","inLanguage":"fr-FR","@id":"https:\/\/feltvibe.com\/#\/schema\/logo\/image\/","url":"https:\/\/feltvibe.com\/uploads\/feltvibe-dark-logo-final.svg","contentUrl":"https:\/\/feltvibe.com\/uploads\/feltvibe-dark-logo-final.svg","width":1,"height":1,"caption":"Feltvibe is a leading manufacturer providing innovative acoustic and industrial felt solutions for various industries, including thermoformable PET felt panels and sustainable textile applications."},"image":{"@id":"https:\/\/feltvibe.com\/#\/schema\/logo\/image\/"},"sameAs":["https:\/\/www.facebook.com\/Gentug","https:\/\/www.instagram.com\/felt.vibe\/","https:\/\/www.linkedin.com\/company\/feltvibe"],"description":"Gentu\u011f Textile est le principal et le plus fiable fabricant de textiles techniques en Turquie, fournissant des produits de haute qualit\u00e9 aux march\u00e9s mondiaux.","email":"info@feltvibe.com","telephone":"+90 212 637 09 89","legalName":"Gentu\u011f Tekstil \u00dcr\u00fcn. San. Tic. A.\u015e.","foundingDate":"1917-01-01","vatID":"3940016139","taxID":"MARMARA KURUMLAR","numberOfEmployees":{"@type":"QuantitativeValue","minValue":"501","maxValue":"1000"},"publishingPrinciples":"https:\/\/feltvibe.com\/privacy-policy\/","ownershipFundingInfo":"https:\/\/feltvibe.com\/about-us\/","actionableFeedbackPolicy":"https:\/\/feltvibe.com\/contact-us\/","correctionsPolicy":"https:\/\/feltvibe.com\/certification\/","ethicsPolicy":"https:\/\/feltvibe.com\/privacy-policy\/","diversityPolicy":"https:\/\/feltvibe.com\/privacy-policy\/","diversityStaffingReport":"https:\/\/feltvibe.com\/contact-us\/"}]}},"_links":{"self":[{"href":"https:\/\/feltvibe.com\/fr\/wp-json\/wp\/v2\/pages\/1030","targetHints":{"allow":["GET"]}}],"collection":[{"href":"https:\/\/feltvibe.com\/fr\/wp-json\/wp\/v2\/pages"}],"about":[{"href":"https:\/\/feltvibe.com\/fr\/wp-json\/wp\/v2\/types\/page"}],"author":[{"embeddable":true,"href":"https:\/\/feltvibe.com\/fr\/wp-json\/wp\/v2\/users\/1"}],"replies":[{"embeddable":true,"href":"https:\/\/feltvibe.com\/fr\/wp-json\/wp\/v2\/comments?post=1030"}],"version-history":[{"count":34,"href":"https:\/\/feltvibe.com\/fr\/wp-json\/wp\/v2\/pages\/1030\/revisions"}],"predecessor-version":[{"id":13797,"href":"https:\/\/feltvibe.com\/fr\/wp-json\/wp\/v2\/pages\/1030\/revisions\/13797"}],"wp:attachment":[{"href":"https:\/\/feltvibe.com\/fr\/wp-json\/wp\/v2\/media?parent=1030"}],"curies":[{"name":"wp","href":"https:\/\/api.w.org\/{rel}","templated":true}]}}