{"id":11052,"date":"2025-07-09T15:24:54","date_gmt":"2025-07-09T12:24:54","guid":{"rendered":"https:\/\/feltvibe.com\/?page_id=11052"},"modified":"2026-03-13T10:18:36","modified_gmt":"2026-03-13T07:18:36","slug":"orgatec-colonge","status":"publish","type":"page","link":"https:\/\/feltvibe.com\/fr\/orgatec-colonge\/","title":{"rendered":"Orgatec Colonge"},"content":{"rendered":"<div class=\"banner has-hover\" id=\"banner-1479331357\">\n          <div class=\"banner-inner fill\">\n        <div class=\"banner-bg fill\" >\n            <div class=\"bg fill bg-fill\"><\/div>\n                        <div class=\"overlay\"><\/div>            \n                    <\/div>\n\t\t\n        <div class=\"banner-layers container\">\n            <div class=\"fill banner-link\"><\/div>            \n   <div id=\"text-box-1581905420\" class=\"text-box banner-layer x50 md-x50 lg-x50 y50 md-y50 lg-y50 res-text\">\n                                <div class=\"text-box-content text dark\">\n              \n              <div class=\"text-inner text-center\">\n                  \n\t<div id=\"text-3712361234\" class=\"text\">\n\t\t\n<p><strong>ORGATEC 2024<\/strong><\/p>\n\t\t\n<style>\n#text-3712361234 {\n  font-size: 0.9rem;\n}\n@media (min-width:550px) {\n  #text-3712361234 {\n    font-size: 2.25rem;\n  }\n}\n<\/style>\n\t<\/div>\n\t\n              <\/div>\n           <\/div>\n                            \n<style>\n#text-box-1581905420 {\n  width: 60%;\n}\n#text-box-1581905420 .text-box-content {\n  font-size: 100%;\n}\n<\/style>\n    <\/div>\n \n        <\/div>\n      <\/div>\n\n            \n<style>\n#banner-1479331357 {\n  padding-top: 56.25%;\n}\n#banner-1479331357 .bg.bg-loaded {\n  background-image: url(https:\/\/feltvibe.com\/uploads\/orgatec-2024-fair.jpeg);\n}\n#banner-1479331357 .overlay {\n  background-color: rgba(0, 0, 0, 0.5);\n}\n@media (min-width:550px) {\n  #banner-1479331357 {\n    padding-top: 56.25%;\n  }\n}\n@media (min-width:850px) {\n  #banner-1479331357 {\n    padding-top: 50vh;\n  }\n}\n<\/style>\n  <\/div>\n\n\n\t<section class=\"section\" id=\"section_47093725\">\n\t\t<div class=\"bg section-bg fill bg-fill  bg-loaded\" >\n\n\t\t\t\n\t\t\t\n\t\t\t\n\n\t\t<\/div>\n\n\t\t\n\n\t\t<div class=\"section-content relative\">\n\t\t\t\n<div class=\"row align-center\"  id=\"row-1470884181\">\n\n\t<div id=\"col-1084126359\" class=\"col small-12 large-12\"  >\n\t\t\t\t<div class=\"col-inner\"  >\n\t\t\t\n\t\t\t\n\t<div id=\"gap-1749569813\" class=\"gap-element clearfix\" style=\"display:block; height:auto;\">\n\t\t\n<style>\n#gap-1749569813 {\n  padding-top: 5vh;\n}\n<\/style>\n\t<\/div>\n\t\n<p class=\"p1\"><span class=\"s1\">FeltVibe\u00ae showcased its new ARKETA and ICHOS PET felt collections, designed for both acoustic and decorative applications, at the trade fair held in Cologne, Germany, from October 22-25, 2024, introducing our products for transforming offices to international industry participants.<\/span><span class=\"s1\">FeltVibe\u00ae, which offers an aesthetic perspective on interior spaces and sustainable and innovative material suggestions, participated in Orgatec, recognized as the most important trade fair in the office sector.<\/span><\/p>\n\t<div id=\"gap-1784024367\" class=\"gap-element clearfix\" style=\"display:block; height:auto;\">\n\t\t\n<style>\n#gap-1784024367 {\n  padding-top: 30px;\n}\n<\/style>\n\t<\/div>\n\t\n\t\t<\/div>\n\t\t\t\t\t<\/div>\n\n\t\n\n<style>\n#row-1470884181 > .col > .col-inner {\n  background-color: #f6f6f6;\n}\n<\/style>\n<\/div>\n<div class=\"row row-small\"  id=\"row-76430205\">\n\n\t<div id=\"col-2032306062\" class=\"col medium-6 small-12 large-6\"  >\n\t\t\t\t<div class=\"col-inner\"  >\n\t\t\t\n\t\t\t\n\t<div class=\"img has-hover x md-x lg-x y md-y lg-y\" id=\"image_2075932817\">\n\t\t\t\t\t\t\t\t<div class=\"img-inner image-cover dark\" style=\"padding-top:400px;\">\n\t\t\t<img loading=\"lazy\" decoding=\"async\" width=\"500\" height=\"425\" src=\"https:\/\/feltvibe.com\/uploads\/orgatec-2024-fair-01.png\" class=\"attachment-large size-large\" alt=\"\" srcset=\"https:\/\/feltvibe.com\/uploads\/orgatec-2024-fair-01.png 500w, https:\/\/feltvibe.com\/uploads\/orgatec-2024-fair-01-300x255.png 300w, https:\/\/feltvibe.com\/uploads\/orgatec-2024-fair-01-14x12.png 14w\" sizes=\"auto, (max-width: 500px) 100vw, 500px\" \/>\t\t\t\t\t\t\n\t\t\t\t\t<\/div>\n\t\t\t\t\t\t\t\t\n<style>\n#image_2075932817 {\n  width: 100%;\n}\n<\/style>\n\t<\/div>\n\t\n\t\t<\/div>\n\t\t\t\t\t<\/div>\n\n\t\n\n\t<div id=\"col-2072963367\" class=\"col medium-6 small-12 large-6\"  >\n\t\t\t\t<div class=\"col-inner\"  >\n\t\t\t\n\t\t\t\n\t<div class=\"img has-hover x md-x lg-x y md-y lg-y\" id=\"image_850739122\">\n\t\t\t\t\t\t\t\t<div class=\"img-inner image-cover dark\" style=\"padding-top:400px;\">\n\t\t\t<img loading=\"lazy\" decoding=\"async\" width=\"500\" height=\"425\" src=\"https:\/\/feltvibe.com\/uploads\/orgatec-2024-fair-01-3-2.png\" class=\"attachment-large size-large\" alt=\"\" srcset=\"https:\/\/feltvibe.com\/uploads\/orgatec-2024-fair-01-3-2.png 500w, https:\/\/feltvibe.com\/uploads\/orgatec-2024-fair-01-3-2-300x255.png 300w, https:\/\/feltvibe.com\/uploads\/orgatec-2024-fair-01-3-2-14x12.png 14w\" sizes=\"auto, (max-width: 500px) 100vw, 500px\" \/>\t\t\t\t\t\t\n\t\t\t\t\t<\/div>\n\t\t\t\t\t\t\t\t\n<style>\n#image_850739122 {\n  width: 100%;\n}\n<\/style>\n\t<\/div>\n\t\n\t\t<\/div>\n\t\t\t\t\t<\/div>\n\n\t\n<\/div>\n<div class=\"row row-small\"  id=\"row-1454111492\">\n\n\t<div id=\"col-932001584\" class=\"col medium-6 small-12 large-6\"  >\n\t\t\t\t<div class=\"col-inner\"  >\n\t\t\t\n\t\t\t\n\t<div class=\"img has-hover x md-x lg-x y md-y lg-y\" id=\"image_1305229083\">\n\t\t\t\t\t\t\t\t<div class=\"img-inner image-cover dark\" style=\"padding-top:400px;\">\n\t\t\t<img loading=\"lazy\" decoding=\"async\" width=\"500\" height=\"425\" src=\"https:\/\/feltvibe.com\/uploads\/orgatec-2024-fair-01-3.png\" class=\"attachment-large size-large\" alt=\"\" srcset=\"https:\/\/feltvibe.com\/uploads\/orgatec-2024-fair-01-3.png 500w, https:\/\/feltvibe.com\/uploads\/orgatec-2024-fair-01-3-300x255.png 300w, https:\/\/feltvibe.com\/uploads\/orgatec-2024-fair-01-3-14x12.png 14w\" sizes=\"auto, (max-width: 500px) 100vw, 500px\" \/>\t\t\t\t\t\t\n\t\t\t\t\t<\/div>\n\t\t\t\t\t\t\t\t\n<style>\n#image_1305229083 {\n  width: 100%;\n}\n<\/style>\n\t<\/div>\n\t\n\t\t<\/div>\n\t\t\t\t\t<\/div>\n\n\t\n\n\t<div id=\"col-1073326283\" class=\"col medium-6 small-12 large-6\"  >\n\t\t\t\t<div class=\"col-inner\"  >\n\t\t\t\n\t\t\t\n\t<div class=\"img has-hover x md-x lg-x y md-y lg-y\" id=\"image_1152533277\">\n\t\t\t\t\t\t\t\t<div class=\"img-inner image-cover dark\" style=\"padding-top:400px;\">\n\t\t\t<img loading=\"lazy\" decoding=\"async\" width=\"500\" height=\"425\" src=\"https:\/\/feltvibe.com\/uploads\/orgatec-2024-fair-01-2.png\" class=\"attachment-large size-large\" alt=\"\" srcset=\"https:\/\/feltvibe.com\/uploads\/orgatec-2024-fair-01-2.png 500w, https:\/\/feltvibe.com\/uploads\/orgatec-2024-fair-01-2-300x255.png 300w, https:\/\/feltvibe.com\/uploads\/orgatec-2024-fair-01-2-14x12.png 14w\" sizes=\"auto, (max-width: 500px) 100vw, 500px\" \/>\t\t\t\t\t\t\n\t\t\t\t\t<\/div>\n\t\t\t\t\t\t\t\t\n<style>\n#image_1152533277 {\n  width: 100%;\n}\n<\/style>\n\t<\/div>\n\t\n\t\t<\/div>\n\t\t\t\t\t<\/div>\n\n\t\n<\/div>\n\t\t<\/div>\n\n\t\t\n<style>\n#section_47093725 {\n  padding-top: 30px;\n  padding-bottom: 30px;\n  background-color: #f6f6f6;\n}\n<\/style>\n\t<\/section>","protected":false},"excerpt":{"rendered":"","protected":false},"author":2,"featured_media":10186,"parent":0,"menu_order":0,"comment_status":"closed","ping_status":"closed","template":"","meta":{"footnotes":""},"class_list":["post-11052","page","type-page","status-publish","has-post-thumbnail","hentry"],"yoast_head":"<!-- This site is optimized with the Yoast SEO Premium plugin v27.4 (Yoast SEO v27.4) - https:\/\/yoast.com\/product\/yoast-seo-premium-wordpress\/ -->\n<title>Orgatec Cologne 2024 | FeltVibe Acoustic Collections<\/title>\n<meta name=\"description\" content=\"Relive FeltVibe at Orgatec Cologne 2024. See our new Arketa and Ichos PET felt collections designed for cutting-edge acoustic and decorative applications.\" \/>\n<meta name=\"robots\" content=\"index, follow, max-snippet:-1, max-image-preview:large, max-video-preview:-1\" \/>\n<link rel=\"canonical\" href=\"https:\/\/feltvibe.com\/fr\/orgatec-colonge\/\" \/>\n<meta property=\"og:locale\" content=\"fr_FR\" \/>\n<meta property=\"og:type\" content=\"article\" \/>\n<meta property=\"og:title\" content=\"FeltVibe at Orgatec 2024: New PET Felt Collections\" \/>\n<meta property=\"og:description\" content=\"Showcasing the future of acoustics in Cologne. Explore the Arketa and Ichos collections premiered at the prestigious Orgatec 2024 trade fair.\" \/>\n<meta property=\"og:url\" content=\"https:\/\/feltvibe.com\/fr\/orgatec-colonge\/\" \/>\n<meta property=\"og:site_name\" content=\"Feltvibe | Acoustic Felt\" \/>\n<meta property=\"article:publisher\" content=\"https:\/\/www.facebook.com\/Gentug\" \/>\n<meta property=\"article:modified_time\" content=\"2026-03-13T07:18:36+00:00\" \/>\n<meta property=\"og:image\" content=\"https:\/\/feltvibe.com\/uploads\/how-to-improve-acoustics-depending-on-the-type-of-space-111.jpg\" \/>\n\t<meta property=\"og:image:width\" content=\"395\" \/>\n\t<meta property=\"og:image:height\" content=\"240\" \/>\n\t<meta property=\"og:image:type\" content=\"image\/jpeg\" \/>\n<meta name=\"twitter:card\" content=\"summary_large_image\" \/>\n<meta name=\"twitter:title\" content=\"FeltVibe at Orgatec Cologne 2024\" \/>\n<meta name=\"twitter:description\" content=\"Discover the new Arketa and Ichos collections launched at Orgatec 2024. Leading the way in sustainable acoustic design.\" \/>\n<meta name=\"twitter:label1\" content=\"Dur\u00e9e de lecture estim\u00e9e\" \/>\n\t<meta name=\"twitter:data1\" content=\"1 minute\" \/>\n<script type=\"application\/ld+json\" class=\"yoast-schema-graph\">{\"@context\":\"https:\\\/\\\/schema.org\",\"@graph\":[{\"@type\":\"WebPage\",\"@id\":\"https:\\\/\\\/feltvibe.com\\\/orgatec-colonge\\\/\",\"url\":\"https:\\\/\\\/feltvibe.com\\\/orgatec-colonge\\\/\",\"name\":\"Orgatec Cologne 2024 | FeltVibe Acoustic Collections\",\"isPartOf\":{\"@id\":\"https:\\\/\\\/feltvibe.com\\\/#website\"},\"primaryImageOfPage\":{\"@id\":\"https:\\\/\\\/feltvibe.com\\\/orgatec-colonge\\\/#primaryimage\"},\"image\":{\"@id\":\"https:\\\/\\\/feltvibe.com\\\/orgatec-colonge\\\/#primaryimage\"},\"thumbnailUrl\":\"https:\\\/\\\/feltvibe.com\\\/uploads\\\/how-to-improve-acoustics-depending-on-the-type-of-space-111.jpg\",\"datePublished\":\"2025-07-09T12:24:54+00:00\",\"dateModified\":\"2026-03-13T07:18:36+00:00\",\"description\":\"Relive FeltVibe at Orgatec Cologne 2024. See our new Arketa and Ichos PET felt collections designed for cutting-edge acoustic and decorative applications.\",\"breadcrumb\":{\"@id\":\"https:\\\/\\\/feltvibe.com\\\/orgatec-colonge\\\/#breadcrumb\"},\"inLanguage\":\"fr-FR\",\"potentialAction\":[{\"@type\":\"ReadAction\",\"target\":[\"https:\\\/\\\/feltvibe.com\\\/orgatec-colonge\\\/\"]}]},{\"@type\":\"ImageObject\",\"inLanguage\":\"fr-FR\",\"@id\":\"https:\\\/\\\/feltvibe.com\\\/orgatec-colonge\\\/#primaryimage\",\"url\":\"https:\\\/\\\/feltvibe.com\\\/uploads\\\/how-to-improve-acoustics-depending-on-the-type-of-space-111.jpg\",\"contentUrl\":\"https:\\\/\\\/feltvibe.com\\\/uploads\\\/how-to-improve-acoustics-depending-on-the-type-of-space-111.jpg\",\"width\":395,\"height\":240},{\"@type\":\"BreadcrumbList\",\"@id\":\"https:\\\/\\\/feltvibe.com\\\/orgatec-colonge\\\/#breadcrumb\",\"itemListElement\":[{\"@type\":\"ListItem\",\"position\":1,\"name\":\"Home\",\"item\":\"https:\\\/\\\/feltvibe.com\\\/\"},{\"@type\":\"ListItem\",\"position\":2,\"name\":\"Orgatec Colonge\"}]},{\"@type\":\"WebSite\",\"@id\":\"https:\\\/\\\/feltvibe.com\\\/#website\",\"url\":\"https:\\\/\\\/feltvibe.com\\\/\",\"name\":\"Feltvibe Acoustic Felt\",\"description\":\"Feltvibe is a leading manufacturer providing innovative felt solutions for various industries, including thermoforming and automotive. Specializing in high-quality felt products, the company offers custom design and production services tailored to meet customer needs. Feltvibe is committed to creating sustainable, durable, and eco-friendly products while staying up to date with technological advancements. With a strong focus on customer satisfaction, the company ensures top-tier quality in all of its solutions.\",\"publisher\":{\"@id\":\"https:\\\/\\\/feltvibe.com\\\/#organization\"},\"potentialAction\":[{\"@type\":\"SearchAction\",\"target\":{\"@type\":\"EntryPoint\",\"urlTemplate\":\"https:\\\/\\\/feltvibe.com\\\/?s={search_term_string}\"},\"query-input\":{\"@type\":\"PropertyValueSpecification\",\"valueRequired\":true,\"valueName\":\"search_term_string\"}}],\"inLanguage\":\"fr-FR\"},{\"@type\":\"Organization\",\"@id\":\"https:\\\/\\\/feltvibe.com\\\/#organization\",\"name\":\"Feltvibe is a leading manufacturer providing innovative acoustic and industrial felt solutions for various industries, including thermoformable PET felt panels and sustainable textile applications.\",\"alternateName\":\"Feltvibe by Gentu\u011f Tekstil\",\"url\":\"https:\\\/\\\/feltvibe.com\\\/\",\"logo\":{\"@type\":\"ImageObject\",\"inLanguage\":\"fr-FR\",\"@id\":\"https:\\\/\\\/feltvibe.com\\\/#\\\/schema\\\/logo\\\/image\\\/\",\"url\":\"https:\\\/\\\/feltvibe.com\\\/uploads\\\/feltvibe-dark-logo-final.svg\",\"contentUrl\":\"https:\\\/\\\/feltvibe.com\\\/uploads\\\/feltvibe-dark-logo-final.svg\",\"width\":1,\"height\":1,\"caption\":\"Feltvibe is a leading manufacturer providing innovative acoustic and industrial felt solutions for various industries, including thermoformable PET felt panels and sustainable textile applications.\"},\"image\":{\"@id\":\"https:\\\/\\\/feltvibe.com\\\/#\\\/schema\\\/logo\\\/image\\\/\"},\"sameAs\":[\"https:\\\/\\\/www.facebook.com\\\/Gentug\",\"https:\\\/\\\/www.instagram.com\\\/felt.vibe\\\/\",\"https:\\\/\\\/www.linkedin.com\\\/company\\\/feltvibe\"],\"description\":\"Gentu\u011f Textile is the main and the most reliable technical textile manufacturer in Turkey, providing high quality products to the worldwide markets.\",\"email\":\"info@feltvibe.com\",\"telephone\":\"+90 212 637 09 89\",\"legalName\":\"Gentu\u011f Tekstil \u00dcr\u00fcn. San. Tic. A.\u015e.\",\"foundingDate\":\"1917-01-01\",\"vatID\":\"3940016139\",\"taxID\":\"MARMARA KURUMLAR\",\"numberOfEmployees\":{\"@type\":\"QuantitativeValue\",\"minValue\":\"501\",\"maxValue\":\"1000\"},\"publishingPrinciples\":\"https:\\\/\\\/feltvibe.com\\\/privacy-policy\\\/\",\"ownershipFundingInfo\":\"https:\\\/\\\/feltvibe.com\\\/about-us\\\/\",\"actionableFeedbackPolicy\":\"https:\\\/\\\/feltvibe.com\\\/contact-us\\\/\",\"correctionsPolicy\":\"https:\\\/\\\/feltvibe.com\\\/certification\\\/\",\"ethicsPolicy\":\"https:\\\/\\\/feltvibe.com\\\/privacy-policy\\\/\",\"diversityPolicy\":\"https:\\\/\\\/feltvibe.com\\\/privacy-policy\\\/\",\"diversityStaffingReport\":\"https:\\\/\\\/feltvibe.com\\\/contact-us\\\/\"}]}<\/script>\n<!-- \/ Yoast SEO Premium plugin. -->","yoast_head_json":{"title":"Orgatec Cologne 2024 | FeltVibe Acoustic Collections","description":"Relive FeltVibe at Orgatec Cologne 2024. See our new Arketa and Ichos PET felt collections designed for cutting-edge acoustic and decorative applications.","robots":{"index":"index","follow":"follow","max-snippet":"max-snippet:-1","max-image-preview":"max-image-preview:large","max-video-preview":"max-video-preview:-1"},"canonical":"https:\/\/feltvibe.com\/fr\/orgatec-colonge\/","og_locale":"fr_FR","og_type":"article","og_title":"FeltVibe at Orgatec 2024: New PET Felt Collections","og_description":"Showcasing the future of acoustics in Cologne. Explore the Arketa and Ichos collections premiered at the prestigious Orgatec 2024 trade fair.","og_url":"https:\/\/feltvibe.com\/fr\/orgatec-colonge\/","og_site_name":"Feltvibe | Acoustic Felt","article_publisher":"https:\/\/www.facebook.com\/Gentug","article_modified_time":"2026-03-13T07:18:36+00:00","og_image":[{"width":395,"height":240,"url":"https:\/\/feltvibe.com\/uploads\/how-to-improve-acoustics-depending-on-the-type-of-space-111.jpg","type":"image\/jpeg"}],"twitter_card":"summary_large_image","twitter_title":"FeltVibe at Orgatec Cologne 2024","twitter_description":"Discover the new Arketa and Ichos collections launched at Orgatec 2024. Leading the way in sustainable acoustic design.","twitter_misc":{"Dur\u00e9e de lecture estim\u00e9e":"1 minute"},"schema":{"@context":"https:\/\/schema.org","@graph":[{"@type":"WebPage","@id":"https:\/\/feltvibe.com\/orgatec-colonge\/","url":"https:\/\/feltvibe.com\/orgatec-colonge\/","name":"Orgatec Cologne 2024 | FeltVibe Acoustic Collections","isPartOf":{"@id":"https:\/\/feltvibe.com\/#website"},"primaryImageOfPage":{"@id":"https:\/\/feltvibe.com\/orgatec-colonge\/#primaryimage"},"image":{"@id":"https:\/\/feltvibe.com\/orgatec-colonge\/#primaryimage"},"thumbnailUrl":"https:\/\/feltvibe.com\/uploads\/how-to-improve-acoustics-depending-on-the-type-of-space-111.jpg","datePublished":"2025-07-09T12:24:54+00:00","dateModified":"2026-03-13T07:18:36+00:00","description":"Relive FeltVibe at Orgatec Cologne 2024. See our new Arketa and Ichos PET felt collections designed for cutting-edge acoustic and decorative applications.","breadcrumb":{"@id":"https:\/\/feltvibe.com\/orgatec-colonge\/#breadcrumb"},"inLanguage":"fr-FR","potentialAction":[{"@type":"ReadAction","target":["https:\/\/feltvibe.com\/orgatec-colonge\/"]}]},{"@type":"ImageObject","inLanguage":"fr-FR","@id":"https:\/\/feltvibe.com\/orgatec-colonge\/#primaryimage","url":"https:\/\/feltvibe.com\/uploads\/how-to-improve-acoustics-depending-on-the-type-of-space-111.jpg","contentUrl":"https:\/\/feltvibe.com\/uploads\/how-to-improve-acoustics-depending-on-the-type-of-space-111.jpg","width":395,"height":240},{"@type":"BreadcrumbList","@id":"https:\/\/feltvibe.com\/orgatec-colonge\/#breadcrumb","itemListElement":[{"@type":"ListItem","position":1,"name":"Home","item":"https:\/\/feltvibe.com\/"},{"@type":"ListItem","position":2,"name":"Orgatec Colonge"}]},{"@type":"WebSite","@id":"https:\/\/feltvibe.com\/#website","url":"https:\/\/feltvibe.com\/","name":"Feutre acoustique Feltvibe","description":"Feltvibe est un fabricant de premier plan qui fournit des solutions innovantes en mati\u00e8re de feutre pour diverses industries, notamment le thermoformage et l'automobile. Sp\u00e9cialis\u00e9e dans les produits en feutre de haute qualit\u00e9, l'entreprise propose des services de conception et de production sur mesure, adapt\u00e9s aux besoins des clients. Feltvibe s'engage \u00e0 cr\u00e9er des produits durables et respectueux de l'environnement tout en restant \u00e0 la pointe des avanc\u00e9es technologiques. En mettant l'accent sur la satisfaction du client, l'entreprise garantit une qualit\u00e9 de premier ordre pour toutes ses solutions.","publisher":{"@id":"https:\/\/feltvibe.com\/#organization"},"potentialAction":[{"@type":"SearchAction","target":{"@type":"EntryPoint","urlTemplate":"https:\/\/feltvibe.com\/?s={search_term_string}"},"query-input":{"@type":"PropertyValueSpecification","valueRequired":true,"valueName":"search_term_string"}}],"inLanguage":"fr-FR"},{"@type":"Organization","@id":"https:\/\/feltvibe.com\/#organization","name":"Feltvibe est un fabricant de premier plan qui propose des solutions innovantes en mati\u00e8re de feutre acoustique et industriel pour diverses industries, notamment des panneaux de feutre PET thermoformables et des applications textiles durables.","alternateName":"Feltvibe by Gentu\u011f Tekstil","url":"https:\/\/feltvibe.com\/","logo":{"@type":"ImageObject","inLanguage":"fr-FR","@id":"https:\/\/feltvibe.com\/#\/schema\/logo\/image\/","url":"https:\/\/feltvibe.com\/uploads\/feltvibe-dark-logo-final.svg","contentUrl":"https:\/\/feltvibe.com\/uploads\/feltvibe-dark-logo-final.svg","width":1,"height":1,"caption":"Feltvibe is a leading manufacturer providing innovative acoustic and industrial felt solutions for various industries, including thermoformable PET felt panels and sustainable textile applications."},"image":{"@id":"https:\/\/feltvibe.com\/#\/schema\/logo\/image\/"},"sameAs":["https:\/\/www.facebook.com\/Gentug","https:\/\/www.instagram.com\/felt.vibe\/","https:\/\/www.linkedin.com\/company\/feltvibe"],"description":"Gentu\u011f Textile est le principal et le plus fiable fabricant de textiles techniques en Turquie, fournissant des produits de haute qualit\u00e9 aux march\u00e9s mondiaux.","email":"info@feltvibe.com","telephone":"+90 212 637 09 89","legalName":"Gentu\u011f Tekstil \u00dcr\u00fcn. San. Tic. A.\u015e.","foundingDate":"1917-01-01","vatID":"3940016139","taxID":"MARMARA KURUMLAR","numberOfEmployees":{"@type":"QuantitativeValue","minValue":"501","maxValue":"1000"},"publishingPrinciples":"https:\/\/feltvibe.com\/privacy-policy\/","ownershipFundingInfo":"https:\/\/feltvibe.com\/about-us\/","actionableFeedbackPolicy":"https:\/\/feltvibe.com\/contact-us\/","correctionsPolicy":"https:\/\/feltvibe.com\/certification\/","ethicsPolicy":"https:\/\/feltvibe.com\/privacy-policy\/","diversityPolicy":"https:\/\/feltvibe.com\/privacy-policy\/","diversityStaffingReport":"https:\/\/feltvibe.com\/contact-us\/"}]}},"_links":{"self":[{"href":"https:\/\/feltvibe.com\/fr\/wp-json\/wp\/v2\/pages\/11052","targetHints":{"allow":["GET"]}}],"collection":[{"href":"https:\/\/feltvibe.com\/fr\/wp-json\/wp\/v2\/pages"}],"about":[{"href":"https:\/\/feltvibe.com\/fr\/wp-json\/wp\/v2\/types\/page"}],"author":[{"embeddable":true,"href":"https:\/\/feltvibe.com\/fr\/wp-json\/wp\/v2\/users\/2"}],"replies":[{"embeddable":true,"href":"https:\/\/feltvibe.com\/fr\/wp-json\/wp\/v2\/comments?post=11052"}],"version-history":[{"count":11,"href":"https:\/\/feltvibe.com\/fr\/wp-json\/wp\/v2\/pages\/11052\/revisions"}],"predecessor-version":[{"id":17261,"href":"https:\/\/feltvibe.com\/fr\/wp-json\/wp\/v2\/pages\/11052\/revisions\/17261"}],"wp:featuredmedia":[{"embeddable":true,"href":"https:\/\/feltvibe.com\/fr\/wp-json\/wp\/v2\/media\/10186"}],"wp:attachment":[{"href":"https:\/\/feltvibe.com\/fr\/wp-json\/wp\/v2\/media?parent=11052"}],"curies":[{"name":"wp","href":"https:\/\/api.w.org\/{rel}","templated":true}]}}