{"id":3,"date":"2024-09-05T17:11:52","date_gmt":"2024-09-05T14:11:52","guid":{"rendered":"https:\/\/feltvibe.com\/?page_id=3"},"modified":"2026-03-13T10:20:32","modified_gmt":"2026-03-13T07:20:32","slug":"politique-de-confidentialite","status":"publish","type":"page","link":"https:\/\/feltvibe.com\/fr\/privacy-policy\/","title":{"rendered":"Politique de confidentialit\u00e9"},"content":{"rendered":"<div id=\"gap-125189705\" class=\"gap-element clearfix\" style=\"display:block; height:auto;\">\n\t\t\n<style>\n#gap-125189705 {\n  padding-top: 5vh;\n}\n<\/style>\n\t<\/div>\n\t\n<div class=\"row\"  id=\"row-2013770811\">\n\n\t<div id=\"col-1672502738\" class=\"col small-12 large-12\"  >\n\t\t\t\t<div class=\"col-inner\"  >\n\t\t\t\n\t\t\t\n<p><strong>Politique de confidentialit\u00e9 de Feltvibe<\/strong><\/p>\n<p><strong>Feltvibe<\/strong>Nous nous engageons \u00e0 prot\u00e9ger votre vie priv\u00e9e et \u00e0 veiller \u00e0 ce que vos informations personnelles soient utilis\u00e9es de mani\u00e8re responsable et s\u00e9curis\u00e9e. La pr\u00e9sente politique de confidentialit\u00e9 d\u00e9crit comment nous collectons, utilisons, stockons et partageons vos donn\u00e9es personnelles conform\u00e9ment aux r\u00e9glementations applicables en mati\u00e8re de protection des donn\u00e9es, y compris le R\u00e8glement g\u00e9n\u00e9ral sur la protection des donn\u00e9es (RGPD) et d'autres lois internationales sur la protection de la vie priv\u00e9e.<\/p>\n<h3>1. Les informations que nous collectons<\/h3>\n<p>Nous pouvons collecter et traiter les types d'informations personnelles suivants :<\/p>\n<ul>\n<li><strong>Informations de contact :<\/strong> Nom, adresse \u00e9lectronique, num\u00e9ro de t\u00e9l\u00e9phone et adresse physique.<\/li>\n<li><strong>Informations sur l'entreprise :<\/strong> Titre du poste, nom de l'entreprise et secteur d'activit\u00e9.<\/li>\n<li><strong>Informations sur l'utilisation :<\/strong> La fa\u00e7on dont vous interagissez avec notre site web, y compris l'adresse IP, le type de navigateur et les d\u00e9tails de l'appareil.<\/li>\n<li><strong>Pr\u00e9f\u00e9rences en mati\u00e8re de marketing :<\/strong> Vos pr\u00e9f\u00e9rences en mati\u00e8re de r\u00e9ception de mat\u00e9riel de marketing de notre part.<\/li>\n<\/ul>\n<h3>2. Comment nous utilisons vos donn\u00e9es personnelles<\/h3>\n<p>Nous utilisons les informations personnelles que nous recueillons aux fins suivantes :<\/p>\n<ul>\n<li><strong>Fournir des services :<\/strong> R\u00e9pondre aux demandes de renseignements, satisfaire les demandes et fournir une assistance \u00e0 la client\u00e8le.<\/li>\n<li><strong>Communications marketing :<\/strong> Avec votre consentement, vous envoyer des informations sur des produits, des services, des promotions ou des \u00e9v\u00e9nements.<\/li>\n<li><strong>Am\u00e9liorer nos services :<\/strong> Analyser les donn\u00e9es d'utilisation afin d'am\u00e9liorer notre site web, nos produits et nos services.<\/li>\n<li><strong>Conformit\u00e9 juridique :<\/strong> Veiller au respect des lois, des r\u00e8glements et des normes sectorielles applicables.<\/li>\n<\/ul>\n<h3>3. Base juridique du traitement<\/h3>\n<p>Nous traitons vos donn\u00e9es personnelles sur la base d'un ou de plusieurs des motifs juridiques suivants :<\/p>\n<ul>\n<li><strong>Consentement :<\/strong> Lorsque vous nous donnez votre consentement explicite pour que nous traitions vos informations personnelles \u00e0 des fins de marketing ou \u00e0 d'autres fins sp\u00e9cifiques.<\/li>\n<li><strong>N\u00e9cessit\u00e9 contractuelle :<\/strong> Lorsque le traitement de vos donn\u00e9es est n\u00e9cessaire \u00e0 l'ex\u00e9cution d'un contrat avec vous ou pour prendre des mesures \u00e0 votre demande avant de conclure un contrat.<\/li>\n<li><strong>Int\u00e9r\u00eats l\u00e9gitimes :<\/strong> Lorsque le traitement est n\u00e9cessaire pour nos int\u00e9r\u00eats commerciaux l\u00e9gitimes, tels que l'am\u00e9lioration de nos services, \u00e0 condition que vos droits et int\u00e9r\u00eats ne pr\u00e9valent pas sur ces int\u00e9r\u00eats.<\/li>\n<li><strong>Obligation l\u00e9gale :<\/strong> Lorsque le traitement est n\u00e9cessaire pour se conformer \u00e0 des obligations l\u00e9gales, telles que des exigences fiscales ou r\u00e9glementaires.<\/li>\n<\/ul>\n<h3>4. Partager vos donn\u00e9es<\/h3>\n<p>Nous pouvons partager vos donn\u00e9es personnelles avec des tiers dans les situations suivantes :<\/p>\n<ul>\n<li><strong>Fournisseurs de services :<\/strong> Des fournisseurs tiers qui nous aident \u00e0 fournir des services, tels que le marketing, l'analyse de donn\u00e9es et l'assistance \u00e0 la client\u00e8le.<\/li>\n<li><strong>Obligations l\u00e9gales :<\/strong> Lorsque la loi ou une proc\u00e9dure judiciaire l'exige, nous pouvons divulguer vos informations aux autorit\u00e9s ou \u00e0 d'autres tiers.<\/li>\n<li><strong>Transferts d'entreprise :<\/strong> En cas de fusion, d'acquisition ou de vente d'actifs, vos donn\u00e9es personnelles peuvent \u00eatre transf\u00e9r\u00e9es dans le cadre de la transaction.<\/li>\n<\/ul>\n<h3>5. S\u00e9curit\u00e9 des donn\u00e9es<\/h3>\n<p>Nous mettons en \u0153uvre des mesures techniques et organisationnelles appropri\u00e9es pour prot\u00e9ger vos donn\u00e9es \u00e0 caract\u00e8re personnel contre l'acc\u00e8s, la divulgation, l'alt\u00e9ration ou la destruction non autoris\u00e9s. Nous r\u00e9visons et mettons \u00e0 jour r\u00e9guli\u00e8rement nos pratiques de s\u00e9curit\u00e9 afin de garantir la protection permanente de vos informations.<\/p>\n<h3>6. Transferts internationaux de donn\u00e9es<\/h3>\n<p>Vos donn\u00e9es \u00e0 caract\u00e8re personnel peuvent \u00eatre transf\u00e9r\u00e9es et trait\u00e9es dans des pays autres que votre pays de r\u00e9sidence, y compris des pays qui peuvent ne pas offrir le m\u00eame niveau de protection des donn\u00e9es que le v\u00f4tre. Lorsque nous transf\u00e9rons des donn\u00e9es \u00e0 caract\u00e8re personnel \u00e0 l'\u00e9tranger, nous veillons \u00e0 ce que des garanties appropri\u00e9es soient mises en place pour prot\u00e9ger vos informations conform\u00e9ment aux lois applicables.<\/p>\n<h3>7. Vos droits<\/h3>\n<p>Vous disposez des droits suivants concernant vos donn\u00e9es personnelles :<\/p>\n<ul>\n<li><strong>Acc\u00e8s :<\/strong> Vous avez le droit de demander l'acc\u00e8s aux donn\u00e9es personnelles que nous d\u00e9tenons \u00e0 votre sujet.<\/li>\n<li><strong>Correction :<\/strong> Vous pouvez nous demander de corriger ou de mettre \u00e0 jour des informations inexactes ou incompl\u00e8tes.<\/li>\n<li><strong>Suppression :<\/strong> Sous certaines conditions, vous pouvez nous demander de supprimer vos donn\u00e9es personnelles.<\/li>\n<li><strong>Restriction :<\/strong> Vous avez le droit de demander que nous limitions le traitement de vos donn\u00e9es dans certaines situations.<\/li>\n<li><strong>Portabilit\u00e9 des donn\u00e9es :<\/strong> Vous pouvez demander une copie de vos donn\u00e9es personnelles dans un format structur\u00e9, couramment utilis\u00e9 et lisible par machine.<\/li>\n<li><strong>Objection :<\/strong> Vous avez le droit de vous opposer au traitement de vos donn\u00e9es personnelles \u00e0 des fins de marketing direct ou \u00e0 d'autres fins sp\u00e9cifiques.<\/li>\n<li><strong>Retrait du consentement :<\/strong> Si vous avez donn\u00e9 votre consentement au traitement de vos donn\u00e9es, vous pouvez le retirer \u00e0 tout moment.<\/li>\n<\/ul>\n<p>Pour exercer vos droits, veuillez nous contacter \u00e0 l'adresse suivante <strong><a rel=\"noopener\">info@feltvibe.com<\/a><\/strong>.<\/p>\n<h3>8. Conservation des donn\u00e9es<\/h3>\n<p>Nous conserverons vos donn\u00e9es personnelles aussi longtemps que n\u00e9cessaire pour atteindre les objectifs pour lesquels elles ont \u00e9t\u00e9 collect\u00e9es, \u00e0 moins qu'une p\u00e9riode de conservation plus longue ne soit requise ou autoris\u00e9e par la loi. Lorsque vos donn\u00e9es ne sont plus n\u00e9cessaires, nous les supprimons ou les rendons anonymes en toute s\u00e9curit\u00e9.<\/p>\n<h3>9. Modifications de la pr\u00e9sente politique de protection de la vie priv\u00e9e<\/h3>\n<p>Nous pouvons mettre \u00e0 jour cette politique de confidentialit\u00e9 de temps \u00e0 autre pour refl\u00e9ter les changements dans nos pratiques ou les lois applicables. Toute modification sera publi\u00e9e sur notre site web avec la date d'entr\u00e9e en vigueur de la politique mise \u00e0 jour. Nous vous encourageons \u00e0 consulter r\u00e9guli\u00e8rement cette page.<\/p>\n<h3>10. Nous contacter<\/h3>\n<p>Si vous avez des questions ou des pr\u00e9occupations concernant la pr\u00e9sente politique de confidentialit\u00e9 ou la mani\u00e8re dont nous utilisons vos donn\u00e9es \u00e0 caract\u00e8re personnel, veuillez nous contacter \u00e0 l'adresse suivante<\/p>\n<p><strong>Feltvibe<\/strong><br \/>\n<strong>GENTUG TEXTILE PRODUCTS SAN. VE T\u0130C. A.\u015e.<\/strong><br \/>\nSavas Caddesi, S\u00f6\u011f\u00fct Sokak No:1<br \/>\n34173 Merter, Istanbul, Turquie<br \/>\nCourriel : <strong><a rel=\"noopener\">info@feltvibe.com<\/a><\/strong><br \/>\nT\u00e9l\u00e9phone : <strong>+90 212 637 09 89<\/strong><\/p>\n\t\t<\/div>\n\t\t\t\t\t<\/div>\n\n\t\n<\/div>","protected":false},"excerpt":{"rendered":"","protected":false},"author":1,"featured_media":0,"parent":0,"menu_order":0,"comment_status":"closed","ping_status":"closed","template":"","meta":{"footnotes":""},"class_list":["post-3","page","type-page","status-publish","hentry"],"yoast_head":"<!-- This site is optimized with the Yoast SEO Premium plugin v27.4 (Yoast SEO v27.4) - https:\/\/yoast.com\/product\/yoast-seo-premium-wordpress\/ -->\n<title>Privacy Policy | Your Data Security at Feltvibe<\/title>\n<meta name=\"description\" content=\"Your privacy matters. Read the Feltvibe Privacy Policy to understand how we protect your personal data in compliance with GDPR and international standards.\" \/>\n<meta name=\"robots\" content=\"index, follow, max-snippet:-1, max-image-preview:large, max-video-preview:-1\" \/>\n<link rel=\"canonical\" href=\"https:\/\/feltvibe.com\/fr\/politique-de-confidentialite\/\" \/>\n<meta property=\"og:locale\" content=\"fr_FR\" \/>\n<meta property=\"og:type\" content=\"article\" \/>\n<meta property=\"og:title\" content=\"Feltvibe Privacy Policy | Commitment to Data Safety\" \/>\n<meta property=\"og:description\" content=\"Transparent, secure, and compliant. Learn how we handle your personal information and maintain your privacy across all our services and platforms.\" \/>\n<meta property=\"og:url\" content=\"https:\/\/feltvibe.com\/fr\/politique-de-confidentialite\/\" \/>\n<meta property=\"og:site_name\" content=\"Feltvibe | Acoustic Felt\" \/>\n<meta property=\"article:publisher\" content=\"https:\/\/www.facebook.com\/Gentug\" \/>\n<meta property=\"article:modified_time\" content=\"2026-03-13T07:20:32+00:00\" \/>\n<meta property=\"og:image\" content=\"https:\/\/feltvibe.com\/uploads\/arketa-pet-felt-panel-1.jpg\" \/>\n\t<meta property=\"og:image:width\" content=\"500\" \/>\n\t<meta property=\"og:image:height\" content=\"425\" \/>\n\t<meta property=\"og:image:type\" content=\"image\/jpeg\" \/>\n<meta name=\"twitter:card\" content=\"summary_large_image\" \/>\n<meta name=\"twitter:title\" content=\"Privacy Policy | Feltvibe Data Security Standards\" \/>\n<meta name=\"twitter:description\" content=\"Explore our commitment to GDPR compliance and data protection. We ensure your personal information stays safe and secure.\" \/>\n<meta name=\"twitter:label1\" content=\"Dur\u00e9e de lecture estim\u00e9e\" \/>\n\t<meta name=\"twitter:data1\" content=\"4 minutes\" \/>\n<script type=\"application\/ld+json\" class=\"yoast-schema-graph\">{\"@context\":\"https:\\\/\\\/schema.org\",\"@graph\":[{\"@type\":\"WebPage\",\"@id\":\"https:\\\/\\\/feltvibe.com\\\/privacy-policy\\\/\",\"url\":\"https:\\\/\\\/feltvibe.com\\\/privacy-policy\\\/\",\"name\":\"Privacy Policy | Your Data Security at Feltvibe\",\"isPartOf\":{\"@id\":\"https:\\\/\\\/feltvibe.com\\\/#website\"},\"datePublished\":\"2024-09-05T14:11:52+00:00\",\"dateModified\":\"2026-03-13T07:20:32+00:00\",\"description\":\"Your privacy matters. Read the Feltvibe Privacy Policy to understand how we protect your personal data in compliance with GDPR and international standards.\",\"breadcrumb\":{\"@id\":\"https:\\\/\\\/feltvibe.com\\\/privacy-policy\\\/#breadcrumb\"},\"inLanguage\":\"fr-FR\",\"potentialAction\":[{\"@type\":\"ReadAction\",\"target\":[\"https:\\\/\\\/feltvibe.com\\\/privacy-policy\\\/\"]}]},{\"@type\":\"BreadcrumbList\",\"@id\":\"https:\\\/\\\/feltvibe.com\\\/privacy-policy\\\/#breadcrumb\",\"itemListElement\":[{\"@type\":\"ListItem\",\"position\":1,\"name\":\"Home\",\"item\":\"https:\\\/\\\/feltvibe.com\\\/\"},{\"@type\":\"ListItem\",\"position\":2,\"name\":\"Privacy Policy\"}]},{\"@type\":\"WebSite\",\"@id\":\"https:\\\/\\\/feltvibe.com\\\/#website\",\"url\":\"https:\\\/\\\/feltvibe.com\\\/\",\"name\":\"Feltvibe Acoustic Felt\",\"description\":\"Feltvibe is a leading manufacturer providing innovative felt solutions for various industries, including thermoforming and automotive. Specializing in high-quality felt products, the company offers custom design and production services tailored to meet customer needs. Feltvibe is committed to creating sustainable, durable, and eco-friendly products while staying up to date with technological advancements. With a strong focus on customer satisfaction, the company ensures top-tier quality in all of its solutions.\",\"publisher\":{\"@id\":\"https:\\\/\\\/feltvibe.com\\\/#organization\"},\"potentialAction\":[{\"@type\":\"SearchAction\",\"target\":{\"@type\":\"EntryPoint\",\"urlTemplate\":\"https:\\\/\\\/feltvibe.com\\\/?s={search_term_string}\"},\"query-input\":{\"@type\":\"PropertyValueSpecification\",\"valueRequired\":true,\"valueName\":\"search_term_string\"}}],\"inLanguage\":\"fr-FR\"},{\"@type\":\"Organization\",\"@id\":\"https:\\\/\\\/feltvibe.com\\\/#organization\",\"name\":\"Feltvibe is a leading manufacturer providing innovative acoustic and industrial felt solutions for various industries, including thermoformable PET felt panels and sustainable textile applications.\",\"alternateName\":\"Feltvibe by Gentu\u011f Tekstil\",\"url\":\"https:\\\/\\\/feltvibe.com\\\/\",\"logo\":{\"@type\":\"ImageObject\",\"inLanguage\":\"fr-FR\",\"@id\":\"https:\\\/\\\/feltvibe.com\\\/#\\\/schema\\\/logo\\\/image\\\/\",\"url\":\"https:\\\/\\\/feltvibe.com\\\/uploads\\\/feltvibe-dark-logo-final.svg\",\"contentUrl\":\"https:\\\/\\\/feltvibe.com\\\/uploads\\\/feltvibe-dark-logo-final.svg\",\"width\":1,\"height\":1,\"caption\":\"Feltvibe is a leading manufacturer providing innovative acoustic and industrial felt solutions for various industries, including thermoformable PET felt panels and sustainable textile applications.\"},\"image\":{\"@id\":\"https:\\\/\\\/feltvibe.com\\\/#\\\/schema\\\/logo\\\/image\\\/\"},\"sameAs\":[\"https:\\\/\\\/www.facebook.com\\\/Gentug\",\"https:\\\/\\\/www.instagram.com\\\/felt.vibe\\\/\",\"https:\\\/\\\/www.linkedin.com\\\/company\\\/feltvibe\"],\"description\":\"Gentu\u011f Textile is the main and the most reliable technical textile manufacturer in Turkey, providing high quality products to the worldwide markets.\",\"email\":\"info@feltvibe.com\",\"telephone\":\"+90 212 637 09 89\",\"legalName\":\"Gentu\u011f Tekstil \u00dcr\u00fcn. San. Tic. A.\u015e.\",\"foundingDate\":\"1917-01-01\",\"vatID\":\"3940016139\",\"taxID\":\"MARMARA KURUMLAR\",\"numberOfEmployees\":{\"@type\":\"QuantitativeValue\",\"minValue\":\"501\",\"maxValue\":\"1000\"},\"publishingPrinciples\":\"https:\\\/\\\/feltvibe.com\\\/privacy-policy\\\/\",\"ownershipFundingInfo\":\"https:\\\/\\\/feltvibe.com\\\/about-us\\\/\",\"actionableFeedbackPolicy\":\"https:\\\/\\\/feltvibe.com\\\/contact-us\\\/\",\"correctionsPolicy\":\"https:\\\/\\\/feltvibe.com\\\/certification\\\/\",\"ethicsPolicy\":\"https:\\\/\\\/feltvibe.com\\\/privacy-policy\\\/\",\"diversityPolicy\":\"https:\\\/\\\/feltvibe.com\\\/privacy-policy\\\/\",\"diversityStaffingReport\":\"https:\\\/\\\/feltvibe.com\\\/contact-us\\\/\"}]}<\/script>\n<!-- \/ Yoast SEO Premium plugin. -->","yoast_head_json":{"title":"Privacy Policy | Your Data Security at Feltvibe","description":"Your privacy matters. Read the Feltvibe Privacy Policy to understand how we protect your personal data in compliance with GDPR and international standards.","robots":{"index":"index","follow":"follow","max-snippet":"max-snippet:-1","max-image-preview":"max-image-preview:large","max-video-preview":"max-video-preview:-1"},"canonical":"https:\/\/feltvibe.com\/fr\/politique-de-confidentialite\/","og_locale":"fr_FR","og_type":"article","og_title":"Feltvibe Privacy Policy | Commitment to Data Safety","og_description":"Transparent, secure, and compliant. Learn how we handle your personal information and maintain your privacy across all our services and platforms.","og_url":"https:\/\/feltvibe.com\/fr\/politique-de-confidentialite\/","og_site_name":"Feltvibe | Acoustic Felt","article_publisher":"https:\/\/www.facebook.com\/Gentug","article_modified_time":"2026-03-13T07:20:32+00:00","og_image":[{"width":500,"height":425,"url":"https:\/\/feltvibe.com\/uploads\/arketa-pet-felt-panel-1.jpg","type":"image\/jpeg"}],"twitter_card":"summary_large_image","twitter_title":"Privacy Policy | Feltvibe Data Security Standards","twitter_description":"Explore our commitment to GDPR compliance and data protection. We ensure your personal information stays safe and secure.","twitter_misc":{"Dur\u00e9e de lecture estim\u00e9e":"4 minutes"},"schema":{"@context":"https:\/\/schema.org","@graph":[{"@type":"WebPage","@id":"https:\/\/feltvibe.com\/privacy-policy\/","url":"https:\/\/feltvibe.com\/privacy-policy\/","name":"Privacy Policy | Your Data Security at Feltvibe","isPartOf":{"@id":"https:\/\/feltvibe.com\/#website"},"datePublished":"2024-09-05T14:11:52+00:00","dateModified":"2026-03-13T07:20:32+00:00","description":"Your privacy matters. Read the Feltvibe Privacy Policy to understand how we protect your personal data in compliance with GDPR and international standards.","breadcrumb":{"@id":"https:\/\/feltvibe.com\/privacy-policy\/#breadcrumb"},"inLanguage":"fr-FR","potentialAction":[{"@type":"ReadAction","target":["https:\/\/feltvibe.com\/privacy-policy\/"]}]},{"@type":"BreadcrumbList","@id":"https:\/\/feltvibe.com\/privacy-policy\/#breadcrumb","itemListElement":[{"@type":"ListItem","position":1,"name":"Home","item":"https:\/\/feltvibe.com\/"},{"@type":"ListItem","position":2,"name":"Privacy Policy"}]},{"@type":"WebSite","@id":"https:\/\/feltvibe.com\/#website","url":"https:\/\/feltvibe.com\/","name":"Feutre acoustique Feltvibe","description":"Feltvibe est un fabricant de premier plan qui fournit des solutions innovantes en mati\u00e8re de feutre pour diverses industries, notamment le thermoformage et l'automobile. Sp\u00e9cialis\u00e9e dans les produits en feutre de haute qualit\u00e9, l'entreprise propose des services de conception et de production sur mesure, adapt\u00e9s aux besoins des clients. Feltvibe s'engage \u00e0 cr\u00e9er des produits durables et respectueux de l'environnement tout en restant \u00e0 la pointe des avanc\u00e9es technologiques. En mettant l'accent sur la satisfaction du client, l'entreprise garantit une qualit\u00e9 de premier ordre pour toutes ses solutions.","publisher":{"@id":"https:\/\/feltvibe.com\/#organization"},"potentialAction":[{"@type":"SearchAction","target":{"@type":"EntryPoint","urlTemplate":"https:\/\/feltvibe.com\/?s={search_term_string}"},"query-input":{"@type":"PropertyValueSpecification","valueRequired":true,"valueName":"search_term_string"}}],"inLanguage":"fr-FR"},{"@type":"Organization","@id":"https:\/\/feltvibe.com\/#organization","name":"Feltvibe est un fabricant de premier plan qui propose des solutions innovantes en mati\u00e8re de feutre acoustique et industriel pour diverses industries, notamment des panneaux de feutre PET thermoformables et des applications textiles durables.","alternateName":"Feltvibe by Gentu\u011f Tekstil","url":"https:\/\/feltvibe.com\/","logo":{"@type":"ImageObject","inLanguage":"fr-FR","@id":"https:\/\/feltvibe.com\/#\/schema\/logo\/image\/","url":"https:\/\/feltvibe.com\/uploads\/feltvibe-dark-logo-final.svg","contentUrl":"https:\/\/feltvibe.com\/uploads\/feltvibe-dark-logo-final.svg","width":1,"height":1,"caption":"Feltvibe is a leading manufacturer providing innovative acoustic and industrial felt solutions for various industries, including thermoformable PET felt panels and sustainable textile applications."},"image":{"@id":"https:\/\/feltvibe.com\/#\/schema\/logo\/image\/"},"sameAs":["https:\/\/www.facebook.com\/Gentug","https:\/\/www.instagram.com\/felt.vibe\/","https:\/\/www.linkedin.com\/company\/feltvibe"],"description":"Gentu\u011f Textile est le principal et le plus fiable fabricant de textiles techniques en Turquie, fournissant des produits de haute qualit\u00e9 aux march\u00e9s mondiaux.","email":"info@feltvibe.com","telephone":"+90 212 637 09 89","legalName":"Gentu\u011f Tekstil \u00dcr\u00fcn. San. Tic. A.\u015e.","foundingDate":"1917-01-01","vatID":"3940016139","taxID":"MARMARA KURUMLAR","numberOfEmployees":{"@type":"QuantitativeValue","minValue":"501","maxValue":"1000"},"publishingPrinciples":"https:\/\/feltvibe.com\/privacy-policy\/","ownershipFundingInfo":"https:\/\/feltvibe.com\/about-us\/","actionableFeedbackPolicy":"https:\/\/feltvibe.com\/contact-us\/","correctionsPolicy":"https:\/\/feltvibe.com\/certification\/","ethicsPolicy":"https:\/\/feltvibe.com\/privacy-policy\/","diversityPolicy":"https:\/\/feltvibe.com\/privacy-policy\/","diversityStaffingReport":"https:\/\/feltvibe.com\/contact-us\/"}]}},"_links":{"self":[{"href":"https:\/\/feltvibe.com\/fr\/wp-json\/wp\/v2\/pages\/3","targetHints":{"allow":["GET"]}}],"collection":[{"href":"https:\/\/feltvibe.com\/fr\/wp-json\/wp\/v2\/pages"}],"about":[{"href":"https:\/\/feltvibe.com\/fr\/wp-json\/wp\/v2\/types\/page"}],"author":[{"embeddable":true,"href":"https:\/\/feltvibe.com\/fr\/wp-json\/wp\/v2\/users\/1"}],"replies":[{"embeddable":true,"href":"https:\/\/feltvibe.com\/fr\/wp-json\/wp\/v2\/comments?post=3"}],"version-history":[{"count":3,"href":"https:\/\/feltvibe.com\/fr\/wp-json\/wp\/v2\/pages\/3\/revisions"}],"predecessor-version":[{"id":17267,"href":"https:\/\/feltvibe.com\/fr\/wp-json\/wp\/v2\/pages\/3\/revisions\/17267"}],"wp:attachment":[{"href":"https:\/\/feltvibe.com\/fr\/wp-json\/wp\/v2\/media?parent=3"}],"curies":[{"name":"wp","href":"https:\/\/api.w.org\/{rel}","templated":true}]}}