{"id":642,"date":"2024-09-07T17:07:34","date_gmt":"2024-09-07T14:07:34","guid":{"rendered":"https:\/\/feltvibe.com\/?page_id=642"},"modified":"2026-03-13T10:20:24","modified_gmt":"2026-03-13T07:20:24","slug":"nous-contacter","status":"publish","type":"page","link":"https:\/\/feltvibe.com\/fr\/contact-us\/","title":{"rendered":"Nous contacter"},"content":{"rendered":"<div id=\"gap-1139402470\" class=\"gap-element clearfix\" style=\"display:block; height:auto;\">\n\t\t\n<style>\n#gap-1139402470 {\n  padding-top: 5vh;\n}\n<\/style>\n\t<\/div>\n\t\n<div class=\"row\"  id=\"row-256211617\">\n\n\t<div id=\"col-1717407969\" class=\"col textpdar small-12 large-12\"  >\n\t\t\t\t<div class=\"col-inner\"  >\n\t\t\t\n\t\t\t\n\t<div id=\"text-1612264128\" class=\"text textpdar\">\n\t\t\n<p>Nous contacter<br \/>\n\t\t\n<style>\n#text-1612264128 {\n  font-size: 2rem;\n  text-align: center;\n}\n@media (min-width:550px) {\n  #text-1612264128 {\n    text-align: left;\n  }\n}\n@media (min-width:850px) {\n  #text-1612264128 {\n    text-align: center;\n  }\n}\n<\/style>\n\t<\/div>\n\t\n\t\t<\/div>\n\t\t\t\t\t<\/div>\n\n\t\n\n\t<div id=\"col-1640283987\" class=\"col textpdar small-12 large-12\"  >\n\t\t\t\t<div class=\"col-inner\"  >\n\t\t\t\n\t\t\t\n\t<div id=\"text-415199614\" class=\"text\">\n\t\t\n<p>N'h\u00e9sitez pas \u00e0 nous envoyer votre demande. Nous vous r\u00e9pondrons dans les plus brefs d\u00e9lais.<br \/>\n\t\t\n<style>\n#text-415199614 {\n  font-size: 1.5rem;\n  text-align: center;\n}\n<\/style>\n\t<\/div>\n\t\n\n<div class=\"forminator-ui forminator-custom-form forminator-custom-form-674 forminator-design--default  forminator_ajax\" data-forminator-render=\"0\" data-form=\"forminator-module-674\" data-uid=\"69e75b1baebc9\"><br\/><\/div><form\n\t\t\t\tid=\"forminator-module-674\"\n\t\t\t\tclass=\"forminator-ui forminator-custom-form forminator-custom-form-674 forminator-design--default  forminator_ajax\"\n\t\t\t\tmethod=\"post\"\n\t\t\t\tdata-forminator-render=\"0\"\n\t\t\t\tdata-form-id=\"674\"\n\t\t\t\t data-color-option=\"default\" data-design=\"default\" data-grid=\"open\" style=\"display: none;\"\n\t\t\t\tdata-uid=\"69e75b1baebc9\" action=\"\"\n\t\t\t><div role=\"alert\" aria-live=\"polite\" class=\"forminator-response-message forminator-error\" aria-hidden=\"true\"><\/div><div class=\"forminator-row\"><div id=\"name-1\" class=\"forminator-field-name forminator-col forminator-col-12\"><div class=\"forminator-row forminator-no-margin\" data-multiple=\"true\"><div class=\"forminator-col forminator-col-md-6\"><div class=\"forminator-field\"><input type=\"text\" name=\"name-1-first-name\" placeholder=\"Nom\" id=\"forminator-field-first-name-1_69e75b1baebc9\" class=\"forminator-input\" aria-required=\"true\" data-multi=\"1\" autocomplete=\"given-name\" value=\"\" \/><\/div><\/div><div class=\"forminator-col forminator-col-md-6\"><div class=\"forminator-field\"><input type=\"text\" name=\"name-1-last-name\" placeholder=\"Nom de famille\" id=\"forminator-field-last-name-1_69e75b1baebc9\" class=\"forminator-input\" aria-required=\"true\" data-multi=\"1\" autocomplete=\"family-name\" value=\"\" \/><\/div><\/div><\/div><\/div><\/div><div class=\"forminator-row\"><div id=\"phone-1\" class=\"forminator-field-phone forminator-col forminator-col-12\"><div class=\"forminator-field\"><input type=\"text\" name=\"phone-1\" value=\"\" placeholder=\"T\u00e9l\u00e9phone\" id=\"forminator-field-phone-1_69e75b1baebc9\" class=\"forminator-input forminator-field--phone\" data-required=\"1\" aria-required=\"true\" autocomplete=\"off\" \/><\/div><\/div><\/div><div class=\"forminator-row\"><div id=\"email-1\" class=\"forminator-field-email forminator-col forminator-col-12\"><div class=\"forminator-field\"><input type=\"email\" name=\"email-1\" value=\"\" placeholder=\"Courrier \u00e9lectronique\" id=\"forminator-field-email-1_69e75b1baebc9\" class=\"forminator-input forminator-email--field\" data-required=\"1\" aria-required=\"true\" autocomplete=\"email\" \/><\/div><\/div><\/div><div class=\"forminator-row\"><div id=\"textarea-1\" class=\"forminator-field-textarea forminator-col forminator-col-12\"><div class=\"forminator-field\"><textarea name=\"textarea-1\" placeholder=\"Message\" id=\"forminator-field-textarea-1_69e75b1baebc9\" class=\"forminator-textarea\" rows=\"6\" style=\"min-height:140px;\" ><\/textarea><\/div><\/div><\/div><div class=\"forminator-row\"><div id=\"consent-1\" class=\"forminator-field-consent forminator-col forminator-col-12\"><div class=\"forminator-field\"><label for=\"forminator-field-consent-1_69e75b1baebc9\" id=\"forminator-field-consent-1_69e75b1baebc9-label\" class=\"forminator-label\">Consentement <span class=\"forminator-required\">*<\/span><\/label><div class=\"forminator-checkbox__wrapper\"><label id=\"forminator-field-consent-1_69e75b1baebc9__label\" class=\"forminator-checkbox forminator-consent\"><input type=\"checkbox\" name=\"consent-1\" id=\"forminator-field-consent-1_69e75b1baebc9\" value=\"checked\" aria-labelledby=\"forminator-field-consent-1_69e75b1baebc9-label\" aria-describedby=\"forminator-field-consent-1_69e75b1baebc9__description\" data-required=\"true\" aria-required=\"true\" \/><span class=\"forminator-checkbox-box\" aria-hidden=\"true\"><\/span><\/label><div id=\"forminator-field-consent-1_69e75b1baebc9__description\" class=\"forminator-checkbox__label forminator-consent__label\"><p>En remplissant ce formulaire, vous reconnaissez et consentez au traitement de vos donn\u00e9es personnelles dans le but de fournir les services que nous proposons. Vos donn\u00e9es seront prot\u00e9g\u00e9es conform\u00e9ment \u00e0 notre <a href=\"https:\/\/feltvibe.com\/fr\/politique-de-confidentialite\/\">Politique de confidentialit\u00e9<\/a> et ne seront utilis\u00e9s que dans le cadre l\u00e9gal.<\/p>\n<p>En cochant la case de consentement, vous acceptez le traitement de vos donn\u00e9es personnelles.<\/p><\/div><\/div><\/div><\/div><\/div><input type=\"hidden\" name=\"referer_url\" value=\"\" \/><div class=\"forminator-row forminator-row-last\"><div class=\"forminator-col\"><div class=\"forminator-field\"><button class=\"forminator-button forminator-button-submit\">Envoyer un message<\/button><\/div><\/div><\/div><input type=\"hidden\" id=\"forminator_nonce\" name=\"forminator_nonce\" value=\"6660485530\" \/><input type=\"hidden\" name=\"_wp_http_referer\" value=\"\/fr\/wp-json\/wp\/v2\/pages\/642\" \/><input type=\"hidden\" name=\"form_id\" value=\"674\"><input type=\"hidden\" name=\"page_id\" value=\"642\"><input type=\"hidden\" name=\"form_type\" value=\"default\"><input type=\"hidden\" name=\"current_url\" value=\"https:\/\/feltvibe.com\/fr\/contact-us\/\"><input type=\"hidden\" name=\"render_id\" value=\"0\"><input type=\"hidden\" name=\"action\" value=\"forminator_submit_form_custom-forms\"><input type=\"hidden\" name=\"trp-form-language\" value=\"fr\"\/><\/form>\n\n\t\t<\/div>\n\t\t\t\t\t<\/div>\n\n\t\n<\/div>\n\t<div id=\"gap-929499317\" class=\"gap-element clearfix\" style=\"display:block; height:auto;\">\n\t\t\n<style>\n#gap-929499317 {\n  padding-top: 10vh;\n}\n<\/style>\n\t<\/div>\n\t\n<div class=\"row\"  id=\"row-680230504\">\n\n\t<div id=\"col-1832602725\" class=\"col textpdar small-12 large-12\"  >\n\t\t\t\t<div class=\"col-inner\"  >\n\t\t\t\n\t\t\t\n\t<div id=\"text-3186782824\" class=\"text textpdar\">\n\t\t\n<p>Installations de production<br \/>\n\t\t\n<style>\n#text-3186782824 {\n  font-size: 1.5rem;\n  text-align: center;\n}\n@media (min-width:550px) {\n  #text-3186782824 {\n    text-align: left;\n  }\n}\n@media (min-width:850px) {\n  #text-3186782824 {\n    text-align: center;\n  }\n}\n<\/style>\n\t<\/div>\n\t\n\t<div id=\"gap-259735586\" class=\"gap-element clearfix\" style=\"display:block; height:auto;\">\n\t\t\n<style>\n#gap-259735586 {\n  padding-top: 5vh;\n}\n<\/style>\n\t<\/div>\n\t\n<div class=\"row\"  id=\"row-690214839\">\n\n\t<div id=\"col-924328735\" class=\"col medium-3 small-12 large-3\"  >\n\t\t\t\t<div class=\"col-inner\"  >\n\t\t\t\n\t\t\t\n\t<div id=\"text-3830263441\" class=\"text\">\n\t\t\n<p><strong>Bureau central<\/strong><br \/>\n\t\t\n<style>\n#text-3830263441 {\n  font-size: 1.1rem;\n}\n<\/style>\n\t<\/div>\n\t\n\t<div id=\"text-804835348\" class=\"text\">\n\t\t\n<p>Savas Caddesi, S\u00f6\u011f\u00fct Sokak<br \/>\nNo : 1 34173 Merter, \u0130stanbul<br \/>\nT\u00fcrkiye<br \/>\ninfo@feltvibe.com<br \/>\nT : +90 212 637 09 89<br \/>\n\t\t\n<style>\n#text-804835348 {\n  font-size: 1rem;\n}\n<\/style>\n\t<\/div>\n\t\n\t\t<\/div>\n\t\t\t\t\t<\/div>\n\n\t\n\n\t<div id=\"col-488992444\" class=\"col medium-3 small-12 large-3\"  >\n\t\t\t\t<div class=\"col-inner\"  >\n\t\t\t\n\t\t\t\n\t<div id=\"text-245919870\" class=\"text\">\n\t\t\n<p><strong>Usine de Gerede<\/strong><br \/>\n\t\t\n<style>\n#text-245919870 {\n  font-size: 1.1rem;\n}\n<\/style>\n\t<\/div>\n\t\n\t<div id=\"text-730718092\" class=\"text\">\n\t\t\n<p>Gerkonsan Organize Sanayii<br \/>\nB\u00f6lgesi Gerede, Bolu<br \/>\nT\u00fcrkiye<br \/>\ninfo@feltvibe.com<br \/>\nT : +90 374 311 82 57 - 58<br \/>\n\t\t\n<style>\n#text-730718092 {\n  font-size: 1rem;\n}\n<\/style>\n\t<\/div>\n\t\n\t\t<\/div>\n\t\t\t\t\t<\/div>\n\n\t\n\n\t<div id=\"col-1964726396\" class=\"col medium-3 small-12 large-3\"  >\n\t\t\t\t<div class=\"col-inner\"  >\n\t\t\t\n\t\t\t\n\t<div id=\"text-3358438895\" class=\"text\">\n\t\t\n<p><strong>Usine de D\u00fczce<\/strong><br \/>\n\t\t\n<style>\n#text-3358438895 {\n  font-size: 1.1rem;\n}\n<\/style>\n\t<\/div>\n\t\n\t<div id=\"text-1309428746\" class=\"text\">\n\t\t\n<p>Organiser Sanayii B\u00f6lgesi 13.<br \/>\nAda 1\/4 Parsel, D\u00fczce<br \/>\nT\u00fcrkiye<br \/>\ninfo@feltvibe.com<br \/>\nT : +90 380 553 73 68 - 69<br \/>\n\t\t\n<style>\n#text-1309428746 {\n  font-size: 1rem;\n}\n<\/style>\n\t<\/div>\n\t\n\t\t<\/div>\n\t\t\t\t\t<\/div>\n\n\t\n\n\t<div id=\"col-2068865938\" class=\"col medium-3 small-12 large-3\"  >\n\t\t\t\t<div class=\"col-inner\"  >\n\t\t\t\n\t\t\t\n\t<div id=\"text-1039735272\" class=\"text\">\n\t\t\n<p><strong>Succursale de \u0130zmir<\/strong><br \/>\n\t\t\n<style>\n#text-1039735272 {\n  font-size: 1.1rem;\n}\n<\/style>\n\t<\/div>\n\t\n\t<div id=\"text-2953989203\" class=\"text\">\n\t\t\n<p>MTK Sitesi 747\/2 Sokak No : 37<br \/>\n6003 ADA, Alt\u0131nda\u011f, Izmir<br \/>\nT\u00fcrkiye<br \/>\ninfo@feltvibe.com<br \/>\nT : +90 232 431 08 17 - 18<br \/>\nF : +90 232 431 08 19<br \/>\n\t\t\n<style>\n#text-2953989203 {\n  font-size: 1rem;\n}\n<\/style>\n\t<\/div>\n\t\n\t\t<\/div>\n\t\t\t\t\t<\/div>\n\n\t\n<\/div>\n<div class=\"row\"  id=\"row-477452991\">\n\n\t<div id=\"col-498704047\" class=\"col medium-3 small-12 large-3\"  >\n\t\t\t\t<div class=\"col-inner\"  >\n\t\t\t\n\t\t\t\n\t<div id=\"text-376942959\" class=\"text\">\n\t\t\n<p><strong>Benelux<\/strong><br \/>\n\t\t\n<style>\n#text-376942959 {\n  font-size: 1.1rem;\n}\n<\/style>\n\t<\/div>\n\t\n\t<div id=\"text-1241706940\" class=\"text\">\n\t\t\n<p>Dualco BV<br \/>\nM. Wim Duyvejonck<br \/>\nPutmanstraat 67 8790<br \/>\nWaregem Belgique<br \/>\nwim@dualco.be<br \/>\nT : +32 (0) 467 042 669<br \/>\n\t\t\n<style>\n#text-1241706940 {\n  font-size: 1rem;\n}\n<\/style>\n\t<\/div>\n\t\n\t\t<\/div>\n\t\t\t\t\t<\/div>\n\n\t\n\n\t<div id=\"col-835826927\" class=\"col medium-3 small-12 large-3\"  >\n\t\t\t\t<div class=\"col-inner\"  >\n\t\t\t\n\t\t\t\n\t<div id=\"text-2485066050\" class=\"text\">\n\t\t\n<p><strong>Royaume-Uni <\/strong><br \/>\n\t\t\n<style>\n#text-2485066050 {\n  font-size: 1.1rem;\n}\n<\/style>\n\t<\/div>\n\t\n\t<div id=\"text-1812653752\" class=\"text\">\n\t\t\n<p>Mme Dawn Chilvers<br \/>\n5 Snowshill Close, Swidon.<br \/>\nSN25 4 TN UK.<br \/>\ndawnchilvers@gentug.com<br \/>\nT : +44 7821 081113<br \/>\n\t\t\n<style>\n#text-1812653752 {\n  font-size: 1rem;\n}\n<\/style>\n\t<\/div>\n\t\n\t\t<\/div>\n\t\t\t\t\t<\/div>\n\n\t\n\n\t<div id=\"col-269341635\" class=\"col medium-3 small-12 large-3\"  >\n\t\t\t\t<div class=\"col-inner\"  >\n\t\t\t\n\t\t\t\n\t<div id=\"text-3483757775\" class=\"text\">\n\t\t\n<p><strong>Usine de Tuzla<br \/>\n<\/strong><br \/>\n\t\t\n<style>\n#text-3483757775 {\n  font-size: 1.1rem;\n}\n<\/style>\n\t<\/div>\n\t\n\t<div id=\"text-3619180229\" class=\"text\">\n\t\t\n<p>Ayd\u0131nl\u0131 S.B Mah. Kur\u015fun Cd.<br \/>\nHuntsman Blok No:10 D:101<br \/>\nTuzla, Istanbul<br \/>\ninfo@feltvibe.com<br \/>\nT : +90 542 477 12 63<br \/>\n\t\t\n<style>\n#text-3619180229 {\n  font-size: 1rem;\n}\n<\/style>\n\t<\/div>\n\t\n\t\t<\/div>\n\t\t\t\t\t<\/div>\n\n\t\n\n\t<div id=\"col-1748617920\" class=\"col medium-3 small-12 large-3\"  >\n\t\t\t\t<div class=\"col-inner\"  >\n\t\t\t\n\t\t\t\n\t<div id=\"text-1231568636\" class=\"text\">\n\t\t\n<p><strong>Pologne<\/strong><br \/>\n\t\t\n<style>\n#text-1231568636 {\n  font-size: 1.1rem;\n}\n<\/style>\n\t<\/div>\n\t\n\t<div id=\"text-4256827736\" class=\"text\">\n\t\t\n<p>M. Hasan Alio\u011flu<br \/>\nh.alioglu@gentug.com<br \/>\nT : 0048 696 909 061<br \/>\n\t\t\n<style>\n#text-4256827736 {\n  font-size: 1rem;\n}\n<\/style>\n\t<\/div>\n\t\n\t\t<\/div>\n\t\t\t\t\t<\/div>\n\n\t\n<\/div>\n\t<div id=\"gap-1986160656\" class=\"gap-element clearfix\" style=\"display:block; height:auto;\">\n\t\t\n<style>\n#gap-1986160656 {\n  padding-top: 5vh;\n}\n<\/style>\n\t<\/div>\n\t\n\t\t<\/div>\n\t\t\t\t\t<\/div>\n\n\t\n<\/div>\n\t<div id=\"gap-843946169\" class=\"gap-element clearfix\" style=\"display:block; height:auto;\">\n\t\t\n<style>\n#gap-843946169 {\n  padding-top: 5vh;\n}\n<\/style>\n\t<\/div>\n\t\n\n\n<span class=\"scroll-to\" data-label=\"Scroll to: #Order-a-free-sample-box-form\" data-bullet=\"false\" data-link=\"#Order-a-free-sample-box-form\" data-title=\"Request a free sample box\" ><a name=\"Order-a-free-sample-box-form\"><\/a><\/span>","protected":false},"excerpt":{"rendered":"","protected":false},"author":1,"featured_media":0,"parent":0,"menu_order":0,"comment_status":"closed","ping_status":"closed","template":"","meta":{"footnotes":""},"class_list":["post-642","page","type-page","status-publish","hentry"],"yoast_head":"<!-- This site is optimized with the Yoast SEO Premium plugin v27.4 (Yoast SEO v27.4) - https:\/\/yoast.com\/product\/yoast-seo-premium-wordpress\/ -->\n<title>Contact Feltvibe | Expert Acoustic Solutions Support<\/title>\n<meta name=\"description\" content=\"Get expert guidance for your acoustic projects. Contact Feltvibe today for rapid responses, custom requests, and professional production facility insights.\" \/>\n<meta name=\"robots\" content=\"index, follow, max-snippet:-1, max-image-preview:large, max-video-preview:-1\" \/>\n<link rel=\"canonical\" href=\"https:\/\/feltvibe.com\/fr\/nous-contacter\/\" \/>\n<meta property=\"og:locale\" content=\"fr_FR\" \/>\n<meta property=\"og:type\" content=\"article\" \/>\n<meta property=\"og:title\" content=\"Connect With Feltvibe | Professional Acoustic Support\" \/>\n<meta property=\"og:description\" content=\"Ready to transform your space? Reach out to our specialists for personalized acoustic felt solutions and rapid project support. We are here to help.\" \/>\n<meta property=\"og:url\" content=\"https:\/\/feltvibe.com\/fr\/nous-contacter\/\" \/>\n<meta property=\"og:site_name\" content=\"Feltvibe | Acoustic Felt\" \/>\n<meta property=\"article:publisher\" content=\"https:\/\/www.facebook.com\/Gentug\" \/>\n<meta property=\"article:modified_time\" content=\"2026-03-13T07:20:24+00:00\" \/>\n<meta property=\"og:image\" content=\"https:\/\/feltvibe.com\/uploads\/arketa-pet-felt-panel-1.jpg\" \/>\n\t<meta property=\"og:image:width\" content=\"500\" \/>\n\t<meta property=\"og:image:height\" content=\"425\" \/>\n\t<meta property=\"og:image:type\" content=\"image\/jpeg\" \/>\n<meta name=\"twitter:card\" content=\"summary_large_image\" \/>\n<meta name=\"twitter:title\" content=\"Contact Feltvibe | Expert Acoustic Consultations\" \/>\n<meta name=\"twitter:description\" content=\"Need acoustic solutions? Send us a message for expert advice on our premium felt products and production capabilities.\" \/>\n<meta name=\"twitter:label1\" content=\"Dur\u00e9e de lecture estim\u00e9e\" \/>\n\t<meta name=\"twitter:data1\" content=\"2 minutes\" \/>\n<script type=\"application\/ld+json\" class=\"yoast-schema-graph\">{\"@context\":\"https:\\\/\\\/schema.org\",\"@graph\":[{\"@type\":\"WebPage\",\"@id\":\"https:\\\/\\\/feltvibe.com\\\/contact-us\\\/\",\"url\":\"https:\\\/\\\/feltvibe.com\\\/contact-us\\\/\",\"name\":\"Contact Feltvibe | Expert Acoustic Solutions Support\",\"isPartOf\":{\"@id\":\"https:\\\/\\\/feltvibe.com\\\/#website\"},\"datePublished\":\"2024-09-07T14:07:34+00:00\",\"dateModified\":\"2026-03-13T07:20:24+00:00\",\"description\":\"Get expert guidance for your acoustic projects. Contact Feltvibe today for rapid responses, custom requests, and professional production facility insights.\",\"breadcrumb\":{\"@id\":\"https:\\\/\\\/feltvibe.com\\\/contact-us\\\/#breadcrumb\"},\"inLanguage\":\"fr-FR\",\"potentialAction\":[{\"@type\":\"ReadAction\",\"target\":[\"https:\\\/\\\/feltvibe.com\\\/contact-us\\\/\"]}]},{\"@type\":\"BreadcrumbList\",\"@id\":\"https:\\\/\\\/feltvibe.com\\\/contact-us\\\/#breadcrumb\",\"itemListElement\":[{\"@type\":\"ListItem\",\"position\":1,\"name\":\"Home\",\"item\":\"https:\\\/\\\/feltvibe.com\\\/\"},{\"@type\":\"ListItem\",\"position\":2,\"name\":\"Contact Us\"}]},{\"@type\":\"WebSite\",\"@id\":\"https:\\\/\\\/feltvibe.com\\\/#website\",\"url\":\"https:\\\/\\\/feltvibe.com\\\/\",\"name\":\"Feltvibe Acoustic Felt\",\"description\":\"Feltvibe is a leading manufacturer providing innovative felt solutions for various industries, including thermoforming and automotive. Specializing in high-quality felt products, the company offers custom design and production services tailored to meet customer needs. Feltvibe is committed to creating sustainable, durable, and eco-friendly products while staying up to date with technological advancements. With a strong focus on customer satisfaction, the company ensures top-tier quality in all of its solutions.\",\"publisher\":{\"@id\":\"https:\\\/\\\/feltvibe.com\\\/#organization\"},\"potentialAction\":[{\"@type\":\"SearchAction\",\"target\":{\"@type\":\"EntryPoint\",\"urlTemplate\":\"https:\\\/\\\/feltvibe.com\\\/?s={search_term_string}\"},\"query-input\":{\"@type\":\"PropertyValueSpecification\",\"valueRequired\":true,\"valueName\":\"search_term_string\"}}],\"inLanguage\":\"fr-FR\"},{\"@type\":\"Organization\",\"@id\":\"https:\\\/\\\/feltvibe.com\\\/#organization\",\"name\":\"Feltvibe is a leading manufacturer providing innovative acoustic and industrial felt solutions for various industries, including thermoformable PET felt panels and sustainable textile applications.\",\"alternateName\":\"Feltvibe by Gentu\u011f Tekstil\",\"url\":\"https:\\\/\\\/feltvibe.com\\\/\",\"logo\":{\"@type\":\"ImageObject\",\"inLanguage\":\"fr-FR\",\"@id\":\"https:\\\/\\\/feltvibe.com\\\/#\\\/schema\\\/logo\\\/image\\\/\",\"url\":\"https:\\\/\\\/feltvibe.com\\\/uploads\\\/feltvibe-dark-logo-final.svg\",\"contentUrl\":\"https:\\\/\\\/feltvibe.com\\\/uploads\\\/feltvibe-dark-logo-final.svg\",\"width\":1,\"height\":1,\"caption\":\"Feltvibe is a leading manufacturer providing innovative acoustic and industrial felt solutions for various industries, including thermoformable PET felt panels and sustainable textile applications.\"},\"image\":{\"@id\":\"https:\\\/\\\/feltvibe.com\\\/#\\\/schema\\\/logo\\\/image\\\/\"},\"sameAs\":[\"https:\\\/\\\/www.facebook.com\\\/Gentug\",\"https:\\\/\\\/www.instagram.com\\\/felt.vibe\\\/\",\"https:\\\/\\\/www.linkedin.com\\\/company\\\/feltvibe\"],\"description\":\"Gentu\u011f Textile is the main and the most reliable technical textile manufacturer in Turkey, providing high quality products to the worldwide markets.\",\"email\":\"info@feltvibe.com\",\"telephone\":\"+90 212 637 09 89\",\"legalName\":\"Gentu\u011f Tekstil \u00dcr\u00fcn. San. Tic. A.\u015e.\",\"foundingDate\":\"1917-01-01\",\"vatID\":\"3940016139\",\"taxID\":\"MARMARA KURUMLAR\",\"numberOfEmployees\":{\"@type\":\"QuantitativeValue\",\"minValue\":\"501\",\"maxValue\":\"1000\"},\"publishingPrinciples\":\"https:\\\/\\\/feltvibe.com\\\/privacy-policy\\\/\",\"ownershipFundingInfo\":\"https:\\\/\\\/feltvibe.com\\\/about-us\\\/\",\"actionableFeedbackPolicy\":\"https:\\\/\\\/feltvibe.com\\\/contact-us\\\/\",\"correctionsPolicy\":\"https:\\\/\\\/feltvibe.com\\\/certification\\\/\",\"ethicsPolicy\":\"https:\\\/\\\/feltvibe.com\\\/privacy-policy\\\/\",\"diversityPolicy\":\"https:\\\/\\\/feltvibe.com\\\/privacy-policy\\\/\",\"diversityStaffingReport\":\"https:\\\/\\\/feltvibe.com\\\/contact-us\\\/\"}]}<\/script>\n<!-- \/ Yoast SEO Premium plugin. -->","yoast_head_json":{"title":"Contact Feltvibe | Expert Acoustic Solutions Support","description":"Get expert guidance for your acoustic projects. Contact Feltvibe today for rapid responses, custom requests, and professional production facility insights.","robots":{"index":"index","follow":"follow","max-snippet":"max-snippet:-1","max-image-preview":"max-image-preview:large","max-video-preview":"max-video-preview:-1"},"canonical":"https:\/\/feltvibe.com\/fr\/nous-contacter\/","og_locale":"fr_FR","og_type":"article","og_title":"Connect With Feltvibe | Professional Acoustic Support","og_description":"Ready to transform your space? Reach out to our specialists for personalized acoustic felt solutions and rapid project support. We are here to help.","og_url":"https:\/\/feltvibe.com\/fr\/nous-contacter\/","og_site_name":"Feltvibe | Acoustic Felt","article_publisher":"https:\/\/www.facebook.com\/Gentug","article_modified_time":"2026-03-13T07:20:24+00:00","og_image":[{"width":500,"height":425,"url":"https:\/\/feltvibe.com\/uploads\/arketa-pet-felt-panel-1.jpg","type":"image\/jpeg"}],"twitter_card":"summary_large_image","twitter_title":"Contact Feltvibe | Expert Acoustic Consultations","twitter_description":"Need acoustic solutions? Send us a message for expert advice on our premium felt products and production capabilities.","twitter_misc":{"Dur\u00e9e de lecture estim\u00e9e":"2 minutes"},"schema":{"@context":"https:\/\/schema.org","@graph":[{"@type":"WebPage","@id":"https:\/\/feltvibe.com\/contact-us\/","url":"https:\/\/feltvibe.com\/contact-us\/","name":"Contact Feltvibe | Expert Acoustic Solutions Support","isPartOf":{"@id":"https:\/\/feltvibe.com\/#website"},"datePublished":"2024-09-07T14:07:34+00:00","dateModified":"2026-03-13T07:20:24+00:00","description":"Get expert guidance for your acoustic projects. Contact Feltvibe today for rapid responses, custom requests, and professional production facility insights.","breadcrumb":{"@id":"https:\/\/feltvibe.com\/contact-us\/#breadcrumb"},"inLanguage":"fr-FR","potentialAction":[{"@type":"ReadAction","target":["https:\/\/feltvibe.com\/contact-us\/"]}]},{"@type":"BreadcrumbList","@id":"https:\/\/feltvibe.com\/contact-us\/#breadcrumb","itemListElement":[{"@type":"ListItem","position":1,"name":"Home","item":"https:\/\/feltvibe.com\/"},{"@type":"ListItem","position":2,"name":"Contact Us"}]},{"@type":"WebSite","@id":"https:\/\/feltvibe.com\/#website","url":"https:\/\/feltvibe.com\/","name":"Feutre acoustique Feltvibe","description":"Feltvibe est un fabricant de premier plan qui fournit des solutions innovantes en mati\u00e8re de feutre pour diverses industries, notamment le thermoformage et l'automobile. Sp\u00e9cialis\u00e9e dans les produits en feutre de haute qualit\u00e9, l'entreprise propose des services de conception et de production sur mesure, adapt\u00e9s aux besoins des clients. Feltvibe s'engage \u00e0 cr\u00e9er des produits durables et respectueux de l'environnement tout en restant \u00e0 la pointe des avanc\u00e9es technologiques. En mettant l'accent sur la satisfaction du client, l'entreprise garantit une qualit\u00e9 de premier ordre pour toutes ses solutions.","publisher":{"@id":"https:\/\/feltvibe.com\/#organization"},"potentialAction":[{"@type":"SearchAction","target":{"@type":"EntryPoint","urlTemplate":"https:\/\/feltvibe.com\/?s={search_term_string}"},"query-input":{"@type":"PropertyValueSpecification","valueRequired":true,"valueName":"search_term_string"}}],"inLanguage":"fr-FR"},{"@type":"Organization","@id":"https:\/\/feltvibe.com\/#organization","name":"Feltvibe est un fabricant de premier plan qui propose des solutions innovantes en mati\u00e8re de feutre acoustique et industriel pour diverses industries, notamment des panneaux de feutre PET thermoformables et des applications textiles durables.","alternateName":"Feltvibe by Gentu\u011f Tekstil","url":"https:\/\/feltvibe.com\/","logo":{"@type":"ImageObject","inLanguage":"fr-FR","@id":"https:\/\/feltvibe.com\/#\/schema\/logo\/image\/","url":"https:\/\/feltvibe.com\/uploads\/feltvibe-dark-logo-final.svg","contentUrl":"https:\/\/feltvibe.com\/uploads\/feltvibe-dark-logo-final.svg","width":1,"height":1,"caption":"Feltvibe is a leading manufacturer providing innovative acoustic and industrial felt solutions for various industries, including thermoformable PET felt panels and sustainable textile applications."},"image":{"@id":"https:\/\/feltvibe.com\/#\/schema\/logo\/image\/"},"sameAs":["https:\/\/www.facebook.com\/Gentug","https:\/\/www.instagram.com\/felt.vibe\/","https:\/\/www.linkedin.com\/company\/feltvibe"],"description":"Gentu\u011f Textile est le principal et le plus fiable fabricant de textiles techniques en Turquie, fournissant des produits de haute qualit\u00e9 aux march\u00e9s mondiaux.","email":"info@feltvibe.com","telephone":"+90 212 637 09 89","legalName":"Gentu\u011f Tekstil \u00dcr\u00fcn. San. Tic. A.\u015e.","foundingDate":"1917-01-01","vatID":"3940016139","taxID":"MARMARA KURUMLAR","numberOfEmployees":{"@type":"QuantitativeValue","minValue":"501","maxValue":"1000"},"publishingPrinciples":"https:\/\/feltvibe.com\/privacy-policy\/","ownershipFundingInfo":"https:\/\/feltvibe.com\/about-us\/","actionableFeedbackPolicy":"https:\/\/feltvibe.com\/contact-us\/","correctionsPolicy":"https:\/\/feltvibe.com\/certification\/","ethicsPolicy":"https:\/\/feltvibe.com\/privacy-policy\/","diversityPolicy":"https:\/\/feltvibe.com\/privacy-policy\/","diversityStaffingReport":"https:\/\/feltvibe.com\/contact-us\/"}]}},"_links":{"self":[{"href":"https:\/\/feltvibe.com\/fr\/wp-json\/wp\/v2\/pages\/642","targetHints":{"allow":["GET"]}}],"collection":[{"href":"https:\/\/feltvibe.com\/fr\/wp-json\/wp\/v2\/pages"}],"about":[{"href":"https:\/\/feltvibe.com\/fr\/wp-json\/wp\/v2\/types\/page"}],"author":[{"embeddable":true,"href":"https:\/\/feltvibe.com\/fr\/wp-json\/wp\/v2\/users\/1"}],"replies":[{"embeddable":true,"href":"https:\/\/feltvibe.com\/fr\/wp-json\/wp\/v2\/comments?post=642"}],"version-history":[{"count":34,"href":"https:\/\/feltvibe.com\/fr\/wp-json\/wp\/v2\/pages\/642\/revisions"}],"predecessor-version":[{"id":16142,"href":"https:\/\/feltvibe.com\/fr\/wp-json\/wp\/v2\/pages\/642\/revisions\/16142"}],"wp:attachment":[{"href":"https:\/\/feltvibe.com\/fr\/wp-json\/wp\/v2\/media?parent=642"}],"curies":[{"name":"wp","href":"https:\/\/api.w.org\/{rel}","templated":true}]}}