{"id":10158,"date":"2025-06-09T17:39:32","date_gmt":"2025-06-09T14:39:32","guid":{"rendered":"https:\/\/feltvibe.com\/?page_id=10158"},"modified":"2026-03-13T10:18:51","modified_gmt":"2026-03-13T07:18:51","slug":"blog","status":"publish","type":"page","link":"https:\/\/feltvibe.com\/tr\/blog\/","title":{"rendered":"Blog"},"content":{"rendered":"<section class=\"section\" id=\"section_2033850478\">\n\t\t<div class=\"bg section-bg fill bg-fill  bg-loaded\" >\n\n\t\t\t\n\t\t\t\n\t\t\t\n\n\t\t<\/div>\n\n\t\t\n\n\t\t<div class=\"section-content relative\">\n\t\t\t\n<div class=\"row\"  id=\"row-1230295839\">\n\n\t<div id=\"col-1579103601\" class=\"col medium-4 small-12 large-4\"  >\n\t\t\t\t<div class=\"col-inner\"  >\n\t\t\t\n\t\t\t\n<div class=\"row row-small align-bottom\"  id=\"row-613768745\">\n\n\t<div id=\"col-909117515\" class=\"col small-12 large-12\"  >\n\t\t\t\t<div class=\"col-inner\"  >\n\t\t\t\n\t\t\t\n\t<div class=\"box has-hover   has-hover box-text-bottom\" >\n\n\t\t<div class=\"box-image\" style=\"border-radius:3%;\">\n\t\t\t\t\t\t<div class=\"\" >\n\t\t\t\t<img loading=\"lazy\" decoding=\"async\" width=\"395\" height=\"240\" src=\"https:\/\/feltvibe.com\/uploads\/Water-Resistant-pet-felt-panel-111.jpg\" class=\"attachment-original size-original\" alt=\"\" srcset=\"https:\/\/feltvibe.com\/uploads\/Water-Resistant-pet-felt-panel-111.jpg 395w, https:\/\/feltvibe.com\/uploads\/Water-Resistant-pet-felt-panel-111-300x182.jpg 300w\" sizes=\"auto, (max-width: 395px) 100vw, 395px\" \/>\t\t\t\t\t\t\t\t\t\t\t<\/div>\n\t\t\t\t\t<\/div>\n\n\t\t<div class=\"box-text text-left\" >\n\t\t\t<div class=\"box-text-inner\">\n\t\t\t\t\n\t<div id=\"text-2388907598\" class=\"text\">\n\t\t\n<p><strong>ARKETA-WR Suya Dayan\u0131kl\u0131 PET Ke\u00e7e Akustik Panel<\/strong><br \/>\n\t\t\n<style>\n#text-2388907598 {\n  font-size: 1.2rem;\n  text-align: left;\n}\n<\/style>\n\t<\/div>\n\t\n<div class=\"is-divider divider clearfix\" style=\"max-width:100%;height:1px;background-color:#797979;\"><\/div>\n\t<div id=\"text-2329681305\" class=\"text\">\n\t\t\n<p>Akustik paneller, in\u015faat faaliyetleri ve jenerat\u00f6rler gibi kaynaklar i\u00e7in g\u00fcr\u00fclt\u00fc kontrol\u00fcnde kilit unsurlard\u0131r. Yayg\u0131n bir s\u0131n\u0131rlama nem hassasiyetidir:<\/p>\n\t\t\n<style>\n#text-2329681305 {\n  text-align: left;\n}\n<\/style>\n\t<\/div>\n\t\n\t\t\t<\/div>\n\t\t<\/div>\n\t<\/div>\n\t\n<a href=\"https:\/\/feltvibe.com\/tr\/arketa-wr-taban-malzemesi%cc%87-suya-dayanikli-pet-kece-akusti%cc%87k-panel\/\" target=\"_blank\" class=\"button primary is-outline\" rel=\"noopener\"  >\n    <span>Daha fazla bilgi edinin<\/span>\n  <\/a>\n\n\t\t<\/div>\n\t\t\t\t\t<\/div>\n\n\t\n<\/div>\n\t\t<\/div>\n\t\t\t\t\t<\/div>\n\n\t\n\n\t<div id=\"col-900849081\" class=\"col medium-4 small-12 large-4\"  >\n\t\t\t\t<div class=\"col-inner text-left\"  >\n\t\t\t\n\t\t\t\n<div class=\"row row-small align-bottom\"  id=\"row-1094825000\">\n\n\t<div id=\"col-543587347\" class=\"col small-12 large-12\"  >\n\t\t\t\t<div class=\"col-inner text-left\"  >\n\t\t\t\n\t\t\t\n\t<div class=\"box has-hover   has-hover box-text-bottom\" >\n\n\t\t<div class=\"box-image\" style=\"border-radius:3%;\">\n\t\t\t\t\t\t<div class=\"\" >\n\t\t\t\t<img loading=\"lazy\" decoding=\"async\" width=\"395\" height=\"240\" src=\"https:\/\/feltvibe.com\/uploads\/arketa-slat-pet-felt-panel-111.jpg\" class=\"attachment-original size-original\" alt=\"\" srcset=\"https:\/\/feltvibe.com\/uploads\/arketa-slat-pet-felt-panel-111.jpg 395w, https:\/\/feltvibe.com\/uploads\/arketa-slat-pet-felt-panel-111-300x182.jpg 300w\" sizes=\"auto, (max-width: 395px) 100vw, 395px\" \/>\t\t\t\t\t\t\t\t\t\t\t<\/div>\n\t\t\t\t\t<\/div>\n\n\t\t<div class=\"box-text text-left\" >\n\t\t\t<div class=\"box-text-inner\">\n\t\t\t\t\n\t<div id=\"text-2983480699\" class=\"text\">\n\t\t\n<p><strong>Akustik \u00c7\u0131ta Ah\u015fap Duvar Panelleri \u0130\u00e7in Arketa Koleksiyonlar\u0131<\/strong><br \/>\n\t\t\n<style>\n#text-2983480699 {\n  font-size: 1.2rem;\n  text-align: left;\n}\n<\/style>\n\t<\/div>\n\t\n<div class=\"is-divider divider clearfix\" style=\"max-width:100%;height:1px;background-color:#797979;\"><\/div>\n\t<div id=\"text-3466948389\" class=\"text\">\n\t\t\n<p>G\u00fcr\u00fclt\u00fcl\u00fc bir ev ve mekan, ruh halimizi, refah\u0131m\u0131z\u0131 ve \u00fcretkenli\u011fimizi etkileyerek genel sa\u011fl\u0131\u011f\u0131m\u0131z \u00fczerinde b\u00fcy\u00fck bir etkiye sahip olabilir. Felt Vibe\u00ae ARKETA akustik PET ke\u00e7e duvar...<br \/>\n\t\t\n<style>\n#text-3466948389 {\n  text-align: left;\n}\n<\/style>\n\t<\/div>\n\t\n\t\t\t<\/div>\n\t\t<\/div>\n\t<\/div>\n\t\n<a href=\"https:\/\/feltvibe.com\/tr\/akustik-cita-ahsap-duvar-panelleri-icin-arketa-koleksiyonlari\/\" target=\"_blank\" class=\"button primary is-outline\" rel=\"noopener\"  >\n    <span>Daha fazla bilgi edinin<\/span>\n  <\/a>\n\n\t\t<\/div>\n\t\t\t\t\t<\/div>\n\n\t\n<\/div>\n\t\t<\/div>\n\t\t\t\t\t<\/div>\n\n\t\n\n\t<div id=\"col-1201911960\" class=\"col medium-4 small-12 large-4\"  >\n\t\t\t\t<div class=\"col-inner\"  >\n\t\t\t\n\t\t\t\n<div class=\"row row-small\"  id=\"row-366341684\">\n\n\t<div id=\"col-1295453037\" class=\"col small-12 large-12\"  >\n\t\t\t\t<div class=\"col-inner\"  >\n\t\t\t\n\t\t\t\n\t<div class=\"box has-hover   has-hover box-text-bottom\" >\n\n\t\t<div class=\"box-image\" style=\"border-radius:3%;\">\n\t\t\t\t\t\t<div class=\"\" >\n\t\t\t\t<img loading=\"lazy\" decoding=\"async\" width=\"395\" height=\"240\" src=\"https:\/\/feltvibe.com\/uploads\/arketa-slat-pet-felt-pane-222.jpg\" class=\"attachment-original size-original\" alt=\"\" srcset=\"https:\/\/feltvibe.com\/uploads\/arketa-slat-pet-felt-pane-222.jpg 395w, https:\/\/feltvibe.com\/uploads\/arketa-slat-pet-felt-pane-222-300x182.jpg 300w\" sizes=\"auto, (max-width: 395px) 100vw, 395px\" \/>\t\t\t\t\t\t\t\t\t\t\t<\/div>\n\t\t\t\t\t<\/div>\n\n\t\t<div class=\"box-text text-left\" >\n\t\t\t<div class=\"box-text-inner\">\n\t\t\t\t\n\t<div id=\"text-191692306\" class=\"text\">\n\t\t\n<p><strong>\u015ei\u015feden Ke\u00e7e Levhalara: PET Ke\u00e7eyi Nas\u0131l Yap\u0131yoruz<\/strong><br \/>\n\t\t\n<style>\n#text-191692306 {\n  font-size: 1.2rem;\n  text-align: left;\n}\n<\/style>\n\t<\/div>\n\t\n<div class=\"is-divider divider clearfix\" style=\"max-width:100%;height:1px;background-color:#797979;\"><\/div>\n\t<div id=\"text-1697786706\" class=\"text\">\n\t\t\n<p>Plastik bir \u015fi\u015feden bir yudum almak i\u00e7in ge\u00e7en s\u00fcrede 20.000 \u015fi\u015fe \u00e7\u00f6pe at\u0131l\u0131yor. D\u00fcnya \u00e7ap\u0131nda her g\u00fcn 1,3 milyardan fazla \u015fi\u015fe sat\u0131l\u0131yor ve sadece...<br \/>\n\t\t\n<style>\n#text-1697786706 {\n  text-align: left;\n}\n<\/style>\n\t<\/div>\n\t\n\t\t\t<\/div>\n\t\t<\/div>\n\t<\/div>\n\t\n<a href=\"https:\/\/feltvibe.com\/tr\/si%cc%87seden-kece-yapragina-pet-kece-nasil-yapilir\/\" target=\"_blank\" class=\"button primary is-outline\" rel=\"noopener\"  >\n    <span>Daha fazla bilgi edinin<\/span>\n  <\/a>\n\n\t\t<\/div>\n\t\t\t\t\t<\/div>\n\n\t\n<\/div>\n\t\t<\/div>\n\t\t\t\t\t<\/div>\n\n\t\n<\/div>\n<div class=\"row\"  id=\"row-157189055\">\n\n\t<div id=\"col-436257693\" class=\"col medium-4 small-12 large-4\"  >\n\t\t\t\t<div class=\"col-inner\"  >\n\t\t\t\n\t\t\t\n<div class=\"row row-small align-bottom\"  id=\"row-975122923\">\n\n\t<div id=\"col-206401981\" class=\"col small-12 large-12\"  >\n\t\t\t\t<div class=\"col-inner\"  >\n\t\t\t\n\t\t\t\n\t<div class=\"box has-hover   has-hover box-text-bottom\" >\n\n\t\t<div class=\"box-image\" style=\"border-radius:3%;\">\n\t\t\t\t\t\t<div class=\"\" >\n\t\t\t\t<img loading=\"lazy\" decoding=\"async\" width=\"395\" height=\"240\" src=\"https:\/\/feltvibe.com\/uploads\/how-to-improve-acoustics-depending-on-the-type-of-space-111.jpeg\" class=\"attachment-original size-original\" alt=\"\" srcset=\"https:\/\/feltvibe.com\/uploads\/how-to-improve-acoustics-depending-on-the-type-of-space-111.jpeg 395w, https:\/\/feltvibe.com\/uploads\/how-to-improve-acoustics-depending-on-the-type-of-space-111-300x182.jpeg 300w, https:\/\/feltvibe.com\/uploads\/how-to-improve-acoustics-depending-on-the-type-of-space-111-18x12.jpeg 18w\" sizes=\"auto, (max-width: 395px) 100vw, 395px\" \/>\t\t\t\t\t\t\t\t\t\t\t<\/div>\n\t\t\t\t\t<\/div>\n\n\t\t<div class=\"box-text text-left\" >\n\t\t\t<div class=\"box-text-inner\">\n\t\t\t\t\n\t<div id=\"text-2940240165\" class=\"text\">\n\t\t\n<p><strong>Mek\u00e2n t\u00fcr\u00fcne g\u00f6re akusti\u011fi nas\u0131l iyile\u015ftirebilirsiniz?<\/strong><br \/>\n\t\t\n<style>\n#text-2940240165 {\n  font-size: 1.2rem;\n  text-align: left;\n}\n<\/style>\n\t<\/div>\n\t\n<div class=\"is-divider divider clearfix\" style=\"max-width:100%;height:1px;background-color:#797979;\"><\/div>\n\t<div id=\"text-1237577421\" class=\"text\">\n\t\t\n<p>Konu\u015fmalar, \u00e7alan telefonlar, ayak sesleri, ekipman g\u00fcr\u00fclt\u00fcs\u00fc ve d\u0131\u015f sesler (trafik veya in\u015faat gibi) gibi g\u00fcnl\u00fck sesler g\u00fcr\u00fclt\u00fcye neden olur...<br \/>\n\t\t\n<style>\n#text-1237577421 {\n  text-align: left;\n}\n<\/style>\n\t<\/div>\n\t\n\t\t\t<\/div>\n\t\t<\/div>\n\t<\/div>\n\t\n<a href=\"https:\/\/feltvibe.com\/tr\/mekanin-turune-bagli-olarak-akustigin-nasil-iyilestirilecegi\/\" target=\"_blank\" class=\"button primary is-outline\" rel=\"noopener\"  >\n    <span>Daha fazla bilgi edinin<\/span>\n  <\/a>\n\n\t\t<\/div>\n\t\t\t\t\t<\/div>\n\n\t\n<\/div>\n\t\t<\/div>\n\t\t\t\t\t<\/div>\n\n\t\n\n\t<div id=\"col-703329353\" class=\"col medium-4 small-12 large-4\"  >\n\t\t\t\t<div class=\"col-inner\"  >\n\t\t\t\n\t\t\t\n<div class=\"row row-small align-bottom\"  id=\"row-1545812214\">\n\n\t<div id=\"col-208756876\" class=\"col small-12 large-12\"  >\n\t\t\t\t<div class=\"col-inner\"  >\n\t\t\t\n\t\t\t\n\t<div class=\"box has-hover   has-hover box-text-bottom\" >\n\n\t\t<div class=\"box-image\" style=\"border-radius:3%;\">\n\t\t\t\t\t\t<div class=\"\" >\n\t\t\t\t<img loading=\"lazy\" decoding=\"async\" width=\"592\" height=\"365\" src=\"https:\/\/feltvibe.com\/uploads\/Ekran-goruntusu-2025-07-09-153054.png\" class=\"attachment-original size-original\" alt=\"\" srcset=\"https:\/\/feltvibe.com\/uploads\/Ekran-goruntusu-2025-07-09-153054.png 592w, https:\/\/feltvibe.com\/uploads\/Ekran-goruntusu-2025-07-09-153054-300x185.png 300w, https:\/\/feltvibe.com\/uploads\/Ekran-goruntusu-2025-07-09-153054-18x12.png 18w\" sizes=\"auto, (max-width: 592px) 100vw, 592px\" \/>\t\t\t\t\t\t\t\t\t\t\t<\/div>\n\t\t\t\t\t<\/div>\n\n\t\t<div class=\"box-text text-left\" >\n\t\t\t<div class=\"box-text-inner\">\n\t\t\t\t\n\t<div id=\"text-2592185631\" class=\"text\">\n\t\t\n<p><strong>Orgatec 22-25 EK\u0130M<\/strong><\/p>\n<p><strong>Kolonge<\/strong><br \/>\n\t\t\n<style>\n#text-2592185631 {\n  font-size: 1.2rem;\n  text-align: left;\n}\n<\/style>\n\t<\/div>\n\t\n<div class=\"is-divider divider clearfix\" style=\"max-width:100%;height:1px;background-color:#797979;\"><\/div>\n\t<div id=\"text-4140902216\" class=\"text\">\n\t\t\n<p>FeltVibe\u00ae, hem akustik hem de dekoratif tasar\u0131mlar i\u00e7in tasarlad\u0131\u011f\u0131 yeni \u00fcr\u00fcn\u00fc ARKETA'y\u0131, Almanya'n\u0131n K\u00f6ln kentinde d\u00fczenlenen fuarda ...<br \/>\n\t\t\n<style>\n#text-4140902216 {\n  text-align: left;\n}\n<\/style>\n\t<\/div>\n\t\n\t\t\t<\/div>\n\t\t<\/div>\n\t<\/div>\n\t\n<a href=\"https:\/\/feltvibe.com\/tr\/orgatec-kolonge\/\" target=\"_blank\" class=\"button primary is-outline\" rel=\"noopener\"  >\n    <span>Daha fazla bilgi edinin<\/span>\n  <\/a>\n\n\t\t<\/div>\n\t\t\t\t\t<\/div>\n\n\t\n<\/div>\n\t\t<\/div>\n\t\t\t\t\t<\/div>\n\n\t\n<\/div>\n\t\t<\/div>\n\n\t\t\n<style>\n#section_2033850478 {\n  padding-top: 30px;\n  padding-bottom: 30px;\n}\n<\/style>\n\t<\/section>","protected":false},"excerpt":{"rendered":"","protected":false},"author":2,"featured_media":0,"parent":0,"menu_order":0,"comment_status":"closed","ping_status":"closed","template":"","meta":{"footnotes":""},"class_list":["post-10158","page","type-page","status-publish","hentry"],"yoast_head":"<!-- This site is optimized with the Yoast SEO Premium plugin v27.4 (Yoast SEO v27.4) - https:\/\/yoast.com\/product\/yoast-seo-premium-wordpress\/ -->\n<title>FeltVibe Acoustic Blog | Trends, Tech &amp; Sustainability<\/title>\n<meta name=\"description\" content=\"Explore the latest in acoustic design. From water-resistant panels to sustainable PET manufacturing, stay informed on the future of soundproofing innovation.\" \/>\n<meta name=\"robots\" content=\"index, follow, max-snippet:-1, max-image-preview:large, max-video-preview:-1\" \/>\n<link rel=\"canonical\" href=\"https:\/\/feltvibe.com\/tr\/blog\/\" \/>\n<meta property=\"og:locale\" content=\"tr_TR\" \/>\n<meta property=\"og:type\" content=\"article\" \/>\n<meta property=\"og:title\" content=\"The FeltVibe Blog: Insights into Acoustic Innovation\" \/>\n<meta property=\"og:description\" content=\"Your guide to modern acoustics. Learn about sustainable materials, noise control technology, and design tips for a quieter, healthier life.\" \/>\n<meta property=\"og:url\" content=\"https:\/\/feltvibe.com\/tr\/blog\/\" \/>\n<meta property=\"og:site_name\" content=\"Feltvibe | Acoustic Felt\" \/>\n<meta property=\"article:publisher\" content=\"https:\/\/www.facebook.com\/Gentug\" \/>\n<meta property=\"article:modified_time\" content=\"2026-03-13T07:18:51+00:00\" \/>\n<meta property=\"og:image\" content=\"https:\/\/feltvibe.com\/uploads\/arketa-pet-felt-panel-1.jpg\" \/>\n\t<meta property=\"og:image:width\" content=\"500\" \/>\n\t<meta property=\"og:image:height\" content=\"425\" \/>\n\t<meta property=\"og:image:type\" content=\"image\/jpeg\" \/>\n<meta name=\"twitter:card\" content=\"summary_large_image\" \/>\n<meta name=\"twitter:title\" content=\"FeltVibe Blog: Innovations in Acoustic Design\" \/>\n<meta name=\"twitter:description\" content=\"Stay updated on the latest acoustic trends and sustainable soundproofing solutions. Read the latest from the FeltVibe blog.\" \/>\n<meta name=\"twitter:label1\" content=\"Tahmini okuma s\u00fcresi\" \/>\n\t<meta name=\"twitter:data1\" content=\"2 dakika\" \/>\n<script type=\"application\/ld+json\" class=\"yoast-schema-graph\">{\"@context\":\"https:\\\/\\\/schema.org\",\"@graph\":[{\"@type\":\"WebPage\",\"@id\":\"https:\\\/\\\/feltvibe.com\\\/blog\\\/\",\"url\":\"https:\\\/\\\/feltvibe.com\\\/blog\\\/\",\"name\":\"FeltVibe Acoustic Blog | Trends, Tech & Sustainability\",\"isPartOf\":{\"@id\":\"https:\\\/\\\/feltvibe.com\\\/#website\"},\"datePublished\":\"2025-06-09T14:39:32+00:00\",\"dateModified\":\"2026-03-13T07:18:51+00:00\",\"description\":\"Explore the latest in acoustic design. From water-resistant panels to sustainable PET manufacturing, stay informed on the future of soundproofing innovation.\",\"breadcrumb\":{\"@id\":\"https:\\\/\\\/feltvibe.com\\\/blog\\\/#breadcrumb\"},\"inLanguage\":\"tr\",\"potentialAction\":[{\"@type\":\"ReadAction\",\"target\":[\"https:\\\/\\\/feltvibe.com\\\/blog\\\/\"]}]},{\"@type\":\"BreadcrumbList\",\"@id\":\"https:\\\/\\\/feltvibe.com\\\/blog\\\/#breadcrumb\",\"itemListElement\":[{\"@type\":\"ListItem\",\"position\":1,\"name\":\"Home\",\"item\":\"https:\\\/\\\/feltvibe.com\\\/\"},{\"@type\":\"ListItem\",\"position\":2,\"name\":\"Blog\"}]},{\"@type\":\"WebSite\",\"@id\":\"https:\\\/\\\/feltvibe.com\\\/#website\",\"url\":\"https:\\\/\\\/feltvibe.com\\\/\",\"name\":\"Feltvibe Acoustic Felt\",\"description\":\"Feltvibe is a leading manufacturer providing innovative felt solutions for various industries, including thermoforming and automotive. Specializing in high-quality felt products, the company offers custom design and production services tailored to meet customer needs. Feltvibe is committed to creating sustainable, durable, and eco-friendly products while staying up to date with technological advancements. With a strong focus on customer satisfaction, the company ensures top-tier quality in all of its solutions.\",\"publisher\":{\"@id\":\"https:\\\/\\\/feltvibe.com\\\/#organization\"},\"potentialAction\":[{\"@type\":\"SearchAction\",\"target\":{\"@type\":\"EntryPoint\",\"urlTemplate\":\"https:\\\/\\\/feltvibe.com\\\/?s={search_term_string}\"},\"query-input\":{\"@type\":\"PropertyValueSpecification\",\"valueRequired\":true,\"valueName\":\"search_term_string\"}}],\"inLanguage\":\"tr\"},{\"@type\":\"Organization\",\"@id\":\"https:\\\/\\\/feltvibe.com\\\/#organization\",\"name\":\"Feltvibe is a leading manufacturer providing innovative acoustic and industrial felt solutions for various industries, including thermoformable PET felt panels and sustainable textile applications.\",\"alternateName\":\"Feltvibe by Gentu\u011f Tekstil\",\"url\":\"https:\\\/\\\/feltvibe.com\\\/\",\"logo\":{\"@type\":\"ImageObject\",\"inLanguage\":\"tr\",\"@id\":\"https:\\\/\\\/feltvibe.com\\\/#\\\/schema\\\/logo\\\/image\\\/\",\"url\":\"https:\\\/\\\/feltvibe.com\\\/uploads\\\/feltvibe-dark-logo-final.svg\",\"contentUrl\":\"https:\\\/\\\/feltvibe.com\\\/uploads\\\/feltvibe-dark-logo-final.svg\",\"width\":1,\"height\":1,\"caption\":\"Feltvibe is a leading manufacturer providing innovative acoustic and industrial felt solutions for various industries, including thermoformable PET felt panels and sustainable textile applications.\"},\"image\":{\"@id\":\"https:\\\/\\\/feltvibe.com\\\/#\\\/schema\\\/logo\\\/image\\\/\"},\"sameAs\":[\"https:\\\/\\\/www.facebook.com\\\/Gentug\",\"https:\\\/\\\/www.instagram.com\\\/felt.vibe\\\/\",\"https:\\\/\\\/www.linkedin.com\\\/company\\\/feltvibe\"],\"description\":\"Gentu\u011f Textile is the main and the most reliable technical textile manufacturer in Turkey, providing high quality products to the worldwide markets.\",\"email\":\"info@feltvibe.com\",\"telephone\":\"+90 212 637 09 89\",\"legalName\":\"Gentu\u011f Tekstil \u00dcr\u00fcn. San. Tic. A.\u015e.\",\"foundingDate\":\"1917-01-01\",\"vatID\":\"3940016139\",\"taxID\":\"MARMARA KURUMLAR\",\"numberOfEmployees\":{\"@type\":\"QuantitativeValue\",\"minValue\":\"501\",\"maxValue\":\"1000\"},\"publishingPrinciples\":\"https:\\\/\\\/feltvibe.com\\\/privacy-policy\\\/\",\"ownershipFundingInfo\":\"https:\\\/\\\/feltvibe.com\\\/about-us\\\/\",\"actionableFeedbackPolicy\":\"https:\\\/\\\/feltvibe.com\\\/contact-us\\\/\",\"correctionsPolicy\":\"https:\\\/\\\/feltvibe.com\\\/certification\\\/\",\"ethicsPolicy\":\"https:\\\/\\\/feltvibe.com\\\/privacy-policy\\\/\",\"diversityPolicy\":\"https:\\\/\\\/feltvibe.com\\\/privacy-policy\\\/\",\"diversityStaffingReport\":\"https:\\\/\\\/feltvibe.com\\\/contact-us\\\/\"}]}<\/script>\n<!-- \/ Yoast SEO Premium plugin. -->","yoast_head_json":{"title":"FeltVibe Acoustic Blog | Trends, Tech & Sustainability","description":"Explore the latest in acoustic design. From water-resistant panels to sustainable PET manufacturing, stay informed on the future of soundproofing innovation.","robots":{"index":"index","follow":"follow","max-snippet":"max-snippet:-1","max-image-preview":"max-image-preview:large","max-video-preview":"max-video-preview:-1"},"canonical":"https:\/\/feltvibe.com\/tr\/blog\/","og_locale":"tr_TR","og_type":"article","og_title":"The FeltVibe Blog: Insights into Acoustic Innovation","og_description":"Your guide to modern acoustics. Learn about sustainable materials, noise control technology, and design tips for a quieter, healthier life.","og_url":"https:\/\/feltvibe.com\/tr\/blog\/","og_site_name":"Feltvibe | Acoustic Felt","article_publisher":"https:\/\/www.facebook.com\/Gentug","article_modified_time":"2026-03-13T07:18:51+00:00","og_image":[{"width":500,"height":425,"url":"https:\/\/feltvibe.com\/uploads\/arketa-pet-felt-panel-1.jpg","type":"image\/jpeg"}],"twitter_card":"summary_large_image","twitter_title":"FeltVibe Blog: Innovations in Acoustic Design","twitter_description":"Stay updated on the latest acoustic trends and sustainable soundproofing solutions. Read the latest from the FeltVibe blog.","twitter_misc":{"Tahmini okuma s\u00fcresi":"2 dakika"},"schema":{"@context":"https:\/\/schema.org","@graph":[{"@type":"WebPage","@id":"https:\/\/feltvibe.com\/blog\/","url":"https:\/\/feltvibe.com\/blog\/","name":"FeltVibe Acoustic Blog | Trends, Tech & Sustainability","isPartOf":{"@id":"https:\/\/feltvibe.com\/#website"},"datePublished":"2025-06-09T14:39:32+00:00","dateModified":"2026-03-13T07:18:51+00:00","description":"Explore the latest in acoustic design. From water-resistant panels to sustainable PET manufacturing, stay informed on the future of soundproofing innovation.","breadcrumb":{"@id":"https:\/\/feltvibe.com\/blog\/#breadcrumb"},"inLanguage":"tr","potentialAction":[{"@type":"ReadAction","target":["https:\/\/feltvibe.com\/blog\/"]}]},{"@type":"BreadcrumbList","@id":"https:\/\/feltvibe.com\/blog\/#breadcrumb","itemListElement":[{"@type":"ListItem","position":1,"name":"Home","item":"https:\/\/feltvibe.com\/"},{"@type":"ListItem","position":2,"name":"Blog"}]},{"@type":"WebSite","@id":"https:\/\/feltvibe.com\/#website","url":"https:\/\/feltvibe.com\/","name":"Feltvibe Akustik Ke\u00e7e","description":"Feltvibe, termoform ve otomotiv dahil olmak \u00fczere \u00e7e\u015fitli end\u00fcstriler i\u00e7in yenilik\u00e7i ke\u00e7e \u00e7\u00f6z\u00fcmleri sunan lider bir \u00fcreticidir. Y\u00fcksek kaliteli ke\u00e7e \u00fcr\u00fcnlerinde uzmanla\u015fan \u015firket, m\u00fc\u015fteri ihtiya\u00e7lar\u0131n\u0131 kar\u015f\u0131lamak i\u00e7in \u00f6zel tasar\u0131m ve \u00fcretim hizmetleri sunmaktad\u0131r. Feltvibe, teknolojik geli\u015fmeleri takip ederken s\u00fcrd\u00fcr\u00fclebilir, dayan\u0131kl\u0131 ve \u00e7evre dostu \u00fcr\u00fcnler yaratmaya kendini adam\u0131\u015ft\u0131r. M\u00fc\u015fteri memnuniyetine g\u00fc\u00e7l\u00fc bir \u015fekilde odaklanan \u015firket, t\u00fcm \u00e7\u00f6z\u00fcmlerinde en \u00fcst d\u00fczey kaliteyi sa\u011flar.","publisher":{"@id":"https:\/\/feltvibe.com\/#organization"},"potentialAction":[{"@type":"SearchAction","target":{"@type":"EntryPoint","urlTemplate":"https:\/\/feltvibe.com\/?s={search_term_string}"},"query-input":{"@type":"PropertyValueSpecification","valueRequired":true,"valueName":"search_term_string"}}],"inLanguage":"tr"},{"@type":"Organization","@id":"https:\/\/feltvibe.com\/#organization","name":"Feltvibe, \u0131s\u0131yla \u015fekillendirilebilir PET ke\u00e7e paneller ve s\u00fcrd\u00fcr\u00fclebilir tekstil uygulamalar\u0131 dahil olmak \u00fczere \u00e7e\u015fitli end\u00fcstriler i\u00e7in yenilik\u00e7i akustik ve end\u00fcstriyel ke\u00e7e \u00e7\u00f6z\u00fcmleri sunan lider bir \u00fcreticidir.","alternateName":"Feltvibe by Gentu\u011f Tekstil","url":"https:\/\/feltvibe.com\/","logo":{"@type":"ImageObject","inLanguage":"tr","@id":"https:\/\/feltvibe.com\/#\/schema\/logo\/image\/","url":"https:\/\/feltvibe.com\/uploads\/feltvibe-dark-logo-final.svg","contentUrl":"https:\/\/feltvibe.com\/uploads\/feltvibe-dark-logo-final.svg","width":1,"height":1,"caption":"Feltvibe is a leading manufacturer providing innovative acoustic and industrial felt solutions for various industries, including thermoformable PET felt panels and sustainable textile applications."},"image":{"@id":"https:\/\/feltvibe.com\/#\/schema\/logo\/image\/"},"sameAs":["https:\/\/www.facebook.com\/Gentug","https:\/\/www.instagram.com\/felt.vibe\/","https:\/\/www.linkedin.com\/company\/feltvibe"],"description":"Gentu\u011f Tekstil, d\u00fcnya pazarlar\u0131na y\u00fcksek kaliteli \u00fcr\u00fcnler sunan T\u00fcrkiye'nin ana ve en g\u00fcvenilir teknik tekstil \u00fcreticisidir.","email":"info@feltvibe.com","telephone":"+90 212 637 09 89","legalName":"Gentu\u011f Tekstil \u00dcr\u00fcn. San. Tic. A.\u015e.","foundingDate":"1917-01-01","vatID":"3940016139","taxID":"MARMARA KURUMLAR","numberOfEmployees":{"@type":"QuantitativeValue","minValue":"501","maxValue":"1000"},"publishingPrinciples":"https:\/\/feltvibe.com\/privacy-policy\/","ownershipFundingInfo":"https:\/\/feltvibe.com\/about-us\/","actionableFeedbackPolicy":"https:\/\/feltvibe.com\/contact-us\/","correctionsPolicy":"https:\/\/feltvibe.com\/certification\/","ethicsPolicy":"https:\/\/feltvibe.com\/privacy-policy\/","diversityPolicy":"https:\/\/feltvibe.com\/privacy-policy\/","diversityStaffingReport":"https:\/\/feltvibe.com\/contact-us\/"}]}},"_links":{"self":[{"href":"https:\/\/feltvibe.com\/tr\/wp-json\/wp\/v2\/pages\/10158","targetHints":{"allow":["GET"]}}],"collection":[{"href":"https:\/\/feltvibe.com\/tr\/wp-json\/wp\/v2\/pages"}],"about":[{"href":"https:\/\/feltvibe.com\/tr\/wp-json\/wp\/v2\/types\/page"}],"author":[{"embeddable":true,"href":"https:\/\/feltvibe.com\/tr\/wp-json\/wp\/v2\/users\/2"}],"replies":[{"embeddable":true,"href":"https:\/\/feltvibe.com\/tr\/wp-json\/wp\/v2\/comments?post=10158"}],"version-history":[{"count":61,"href":"https:\/\/feltvibe.com\/tr\/wp-json\/wp\/v2\/pages\/10158\/revisions"}],"predecessor-version":[{"id":17249,"href":"https:\/\/feltvibe.com\/tr\/wp-json\/wp\/v2\/pages\/10158\/revisions\/17249"}],"wp:attachment":[{"href":"https:\/\/feltvibe.com\/tr\/wp-json\/wp\/v2\/media?parent=10158"}],"curies":[{"name":"wp","href":"https:\/\/api.w.org\/{rel}","templated":true}]}}