{"id":10195,"date":"2025-06-09T18:21:20","date_gmt":"2025-06-09T15:21:20","guid":{"rendered":"https:\/\/feltvibe.com\/?page_id=10195"},"modified":"2026-03-13T10:18:49","modified_gmt":"2026-03-13T07:18:49","slug":"blog-template","status":"publish","type":"page","link":"https:\/\/feltvibe.com\/tr\/blog-template\/","title":{"rendered":"Blog Template"},"content":{"rendered":"<div class=\"banner has-hover\" id=\"banner-1390200184\">\n          <div class=\"banner-inner fill\">\n        <div class=\"banner-bg fill\" >\n            <div class=\"bg fill bg-fill\"><\/div>\n                                    \n                    <\/div>\n\t\t\n        <div class=\"banner-layers container\">\n            <div class=\"fill banner-link\"><\/div>            \n   <div id=\"text-box-1276765972\" class=\"text-box banner-layer x50 md-x50 lg-x50 y50 md-y50 lg-y50 res-text\">\n                                <div class=\"text-box-content text dark\">\n              \n              <div class=\"text-inner text-center\">\n                  \n\t<div id=\"text-1136825495\" class=\"text\">\n\t\t\n<p><strong>ARKETA-WR (Ana Malzeme)<\/strong><br \/>\nSuya Dayan\u0131kl\u0131 PET Ke\u00e7e Akustik Panel<\/p>\n\t\t\n<style>\n#text-1136825495 {\n  font-size: 0.9rem;\n}\n@media (min-width:550px) {\n  #text-1136825495 {\n    font-size: 2rem;\n  }\n}\n<\/style>\n\t<\/div>\n\t\n              <\/div>\n           <\/div>\n                            \n<style>\n#text-box-1276765972 {\n  width: 60%;\n}\n#text-box-1276765972 .text-box-content {\n  font-size: 100%;\n}\n<\/style>\n    <\/div>\n \n        <\/div>\n      <\/div>\n\n            \n<style>\n#banner-1390200184 {\n  padding-top: 56.25%;\n}\n#banner-1390200184 .bg.bg-loaded {\n  background-image: url(https:\/\/feltvibe.com\/uploads\/Water-Resistant-pet-felt-panel-111.jpg);\n}\n@media (min-width:550px) {\n  #banner-1390200184 {\n    padding-top: 56.25%;\n  }\n}\n@media (min-width:850px) {\n  #banner-1390200184 {\n    padding-top: 50vh;\n  }\n}\n<\/style>\n  <\/div>\n\n\n\t<section class=\"section\" id=\"section_1654462715\">\n\t\t<div class=\"bg section-bg fill bg-fill  bg-loaded\" >\n\n\t\t\t\n\t\t\t\n\t\t\t\n\n\t\t<\/div>\n\n\t\t\n\n\t\t<div class=\"section-content relative\">\n\t\t\t\n<div class=\"row align-center\"  id=\"row-738277097\">\n\n\t<div id=\"col-96889460\" class=\"col small-12 large-12\"  >\n\t\t\t\t<div class=\"col-inner\"  >\n\t\t\t\n\t\t\t\n\t<div id=\"gap-1116267667\" class=\"gap-element clearfix\" style=\"display:block; height:auto;\">\n\t\t\n<style>\n#gap-1116267667 {\n  padding-top: 5vh;\n}\n<\/style>\n\t<\/div>\n\t\n<p>In the realm of noise control, acoustic panels play a pivotal role. Whether mitigating construction-related clamor or taming the disruptive hum of a generator, these panels offer solace, protection, and tranquility. However, a challenge persists: many acoustic panels\u2014 despite their sound-absorbing prowess\u2014also exhibit an affinity for water and moisture. this dual nature poses several issues:<\/p>\n\t<div id=\"gap-1207040060\" class=\"gap-element clearfix\" style=\"display:block; height:auto;\">\n\t\t\n<style>\n#gap-1207040060 {\n  padding-top: 30px;\n}\n<\/style>\n\t<\/div>\n\t\n<div class=\"row row-collapse align-bottom\"  id=\"row-752454986\">\n\n\t<div id=\"col-768423612\" class=\"col small-12 large-12\"  >\n\t\t\t\t<div class=\"col-inner\"  >\n\t\t\t\n\t\t\t\n<div class=\"text-center\"><div class=\"is-divider divider clearfix\" style=\"margin-top:0px;margin-bottom:0px;max-width:100%;height:1px;background-color:rgb(68, 69, 69);\"><\/div><\/div>\n\t\t<\/div>\n\t\t\t\t\t<\/div>\n\n\t\n\n<style>\n#row-752454986 > .col > .col-inner {\n  padding: 0px 0px 10px 0px;\n}\n<\/style>\n<\/div>\n\t<div id=\"text-3550638376\" class=\"text\">\n\t\t\n<p>Akustik Panellerin Suya Dayan\u0131kl\u0131 \u00d6zelliklerle Geli\u015ftirilmesi<\/p>\n\t\t\n<style>\n#text-3550638376 {\n  font-size: 1.5rem;\n}\n<\/style>\n\t<\/div>\n\t\n<div class=\"row\"  id=\"row-1862196356\">\n\n\t<div id=\"col-586674410\" class=\"col medium-6 small-12 large-6\"  >\n\t\t\t\t<div class=\"col-inner\"  >\n\t\t\t\n\t\t\t\n\t<div id=\"text-4114729775\" class=\"text\">\n\t\t\n<p><strong>1. A\u011f\u0131rl\u0131k ikilemi:<\/strong><br \/>\nWhen water infiltrates acoustic panels, their weight increases beyond design specifications. imagine a featherbed suddenly laden with raindrops\u2014it loses its buoyancy. Similarly, water- logged panels compromise their intended functionality.<br \/>\n<strong>2. Akustik Performans\u0131n Zay\u0131flamas\u0131:<\/strong><br \/>\nMoisture infiltrates the very fabric of acoustic performance. sound waves, once absorbed with precision, now encounter dampened resistance. the symphony falters.<br \/>\n<strong>3. K\u00fcf ve Mantar Olu\u015fumu:<\/strong><br \/>\nMoist environments foster unwelcome guests: mold and mildew. these spores thrive, silently undermining panel integrity. the result? a discordant note in the harmony of design<br \/>\n<strong>4. Uzun S\u00fcre Kalan Nem:<\/strong><br \/>\nBuharla\u015fma, geciken bir misafir gibi g\u00fcnler s\u00fcrebilir. Nem ortamdan tamamen uzakla\u015fana kadar geri d\u00f6n\u00fc\u015f\u00fc olmayan hasarlar olu\u015fabilir, akustik m\u00fckemmelli\u011fin y\u00fczeyinde kal\u0131c\u0131 bir leke gibi.<\/p>\n\t\t\n<style>\n#text-4114729775 {\n  line-height: 1.9;\n}\n<\/style>\n\t<\/div>\n\t\n\t\t<\/div>\n\t\t\t\t\t<\/div>\n\n\t\n\n\t<div id=\"col-209103001\" class=\"col medium-1 small-12 large-1\"  >\n\t\t\t\t<div class=\"col-inner\"  >\n\t\t\t\n\t\t\t\n\t\t<\/div>\n\t\t\t\t\t<\/div>\n\n\t\n\n\t<div id=\"col-901936578\" class=\"col medium-5 small-12 large-5\"  >\n\t\t\t\t<div class=\"col-inner text-right\"  >\n\t\t\t\n\t\t\t\n\t<div class=\"img has-hover x md-x lg-x y md-y lg-y\" id=\"image_628188042\">\n\t\t\t\t\t\t\t\t<div class=\"img-inner image-cover dark\" style=\"padding-top:150%;\">\n\t\t\t<img loading=\"lazy\" decoding=\"async\" width=\"480\" height=\"852\" src=\"https:\/\/feltvibe.com\/uploads\/gif-blog-water.gif\" class=\"attachment-original size-original\" alt=\"\" \/>\t\t\t\t\t\t\n\t\t\t\t\t<\/div>\n\t\t\t\t\t\t\t\t\n<style>\n#image_628188042 {\n  width: 100%;\n}\n<\/style>\n\t<\/div>\n\t\n\t\t<\/div>\n\t\t\t\t\t<\/div>\n\n\t\n<\/div>\n<div class=\"row row-collapse align-bottom\"  id=\"row-898527323\">\n\n\t<div id=\"col-219371389\" class=\"col small-12 large-12\"  >\n\t\t\t\t<div class=\"col-inner\"  >\n\t\t\t\n\t\t\t\n<div class=\"text-center\"><div class=\"is-divider divider clearfix\" style=\"margin-top:0px;margin-bottom:0px;max-width:100%;height:1px;background-color:rgb(68, 69, 69);\"><\/div><\/div>\n\t\t<\/div>\n\t\t\t\t\t<\/div>\n\n\t\n\n<style>\n#row-898527323 > .col > .col-inner {\n  padding: 0px 0px 10px 0px;\n}\n<\/style>\n<\/div>\n\t<div id=\"text-2747812848\" class=\"text\">\n\t\t\n<p>\u00c7\u00f6z\u00fcmler<\/p>\n\t\t\n<style>\n#text-2747812848 {\n  font-size: 1.5rem;\n}\n<\/style>\n\t<\/div>\n\t\n<p>Enter feltVibe acoustic felt, a beacon of innovation. crafted from recycled polyester transforming discarded plastic bottles into purposeful elegance\u2014feltVibe marries acoustic finesse with water resistance. Let us explore its merits:<\/p>\n<div class=\"row\"  id=\"row-265452359\">\n\n\t<div id=\"col-1580818756\" class=\"col medium-6 small-12 large-6\"  >\n\t\t\t\t<div class=\"col-inner\"  >\n\t\t\t\n\t\t\t\n\t<div id=\"text-301335396\" class=\"text\">\n\t\t\n<p><strong>Hidrofobik Marvel:<\/strong><br \/>\nfeltVibe scoffs at water. it repels liquid like a seasoned diplomat deflecting unwarranted questions. Poolside or rain-soaked, it remains poised.<br \/>\n<strong>A\u011f\u0131rl\u0131ks\u0131zl\u0131k Korundu:<\/strong><br \/>\nUnlike a waterlogged ship, feltVibe maintains its lightness. No sinking sensations here\u2014only buoyant acoustics.<\/p>\n\t\t\n<style>\n#text-301335396 {\n  line-height: 1.9;\n}\n<\/style>\n\t<\/div>\n\t\n\t\t<\/div>\n\t\t\t\t\t<\/div>\n\n\t\n\n\t<div id=\"col-967565638\" class=\"col medium-6 small-12 large-6\"  >\n\t\t\t\t<div class=\"col-inner\"  >\n\t\t\t\n\t\t\t\n\t<div id=\"text-1550096614\" class=\"text\">\n\t\t\n<p><strong>Akustik B\u00fcy\u00fcc\u00fcl\u00fck serbest b\u0131rak\u0131ld\u0131:<\/strong><br \/>\nsound waves bow to feltVibe. Moisture may knock, but the performance endures. No dampened crescendos.<br \/>\n<strong>K\u00fcf Korumal\u0131 Teyakkuz:<\/strong><br \/>\nMold spores, seeking refuge, find no foothold. feltVibe guards its purity\u2014a sentinel against unwanted guests.<br \/>\n<strong>Buharla\u015fma Verimlili\u011fi:<\/strong><br \/>\nNem kal\u0131r, ancak feltVibe bunu ustal\u0131kla halleder. Buharla\u015fma dans eder, iz b\u0131rakmaz.<\/p>\n\t\t\n<style>\n#text-1550096614 {\n  line-height: 1.9;\n}\n<\/style>\n\t<\/div>\n\t\n\t\t<\/div>\n\t\t\t\t\t<\/div>\n\n\t\n<\/div>\n<div class=\"row row-collapse align-bottom\"  id=\"row-1230492413\">\n\n\t<div id=\"col-467367985\" class=\"col small-12 large-12\"  >\n\t\t\t\t<div class=\"col-inner\"  >\n\t\t\t\n\t\t\t\n<div class=\"text-center\"><div class=\"is-divider divider clearfix\" style=\"margin-top:0px;margin-bottom:0px;max-width:100%;height:1px;background-color:rgb(68, 69, 69);\"><\/div><\/div>\n\t\t<\/div>\n\t\t\t\t\t<\/div>\n\n\t\n\n<style>\n#row-1230492413 > .col > .col-inner {\n  padding: 0px 0px 10px 0px;\n}\n<\/style>\n<\/div>\n\t<div id=\"text-140208558\" class=\"text\">\n\t\t\n<p>Uygulamalar<\/p>\n\t\t\n<style>\n#text-140208558 {\n  font-size: 1.5rem;\n}\n<\/style>\n\t<\/div>\n\t\n<div class=\"row\"  id=\"row-787488086\">\n\n\t<div id=\"col-1472888590\" class=\"col medium-6 small-12 large-6\"  >\n\t\t\t\t<div class=\"col-inner\"  >\n\t\t\t\n\t\t\t\n\t<div id=\"text-313212897\" class=\"text\">\n\t\t\n<p>\u2022 Bathrooms with Poise: FeltVibe graces bathroom walls, absorbing echoes while sidestepping steam.<br \/>\n\u2022 Poolside Serenity: Loungers sip pi\u00f1a coladas, cocooned in feltVibe\u2019s hushed embrace.<\/p>\n\t\t\n<style>\n#text-313212897 {\n  line-height: 1.9;\n}\n<\/style>\n\t<\/div>\n\t\n\t\t<\/div>\n\t\t\t\t\t<\/div>\n\n\t\n\n\t<div id=\"col-1794424295\" class=\"col medium-6 small-12 large-6\"  >\n\t\t\t\t<div class=\"col-inner\"  >\n\t\t\t\n\t\t\t\n\t<div id=\"text-4288760097\" class=\"text\">\n\t\t\n<p>\u2022 Outdoor Oasis: Patios, gazebosFeltVibe thrives, a waterproof picnic blanket for sound.<br \/>\n\u2022 In the symphony of materials, FeltVibe strikes a harmonious note-waterproof yet resonant. Let it echo through your spaces, a testament to sustainable elegance.<\/p>\n\t\t\n<style>\n#text-4288760097 {\n  line-height: 1.9;\n}\n<\/style>\n\t<\/div>\n\t\n\t\t<\/div>\n\t\t\t\t\t<\/div>\n\n\t\n<\/div>\n\t\t<\/div>\n\t\t\t\t\t<\/div>\n\n\t\n\n<style>\n#row-738277097 > .col > .col-inner {\n  background-color: #f6f6f6;\n}\n<\/style>\n<\/div>\n\t\t<\/div>\n\n\t\t\n<style>\n#section_1654462715 {\n  padding-top: 30px;\n  padding-bottom: 30px;\n  background-color: #f6f6f6;\n}\n<\/style>\n\t<\/section>","protected":false},"excerpt":{"rendered":"","protected":false},"author":2,"featured_media":0,"parent":0,"menu_order":0,"comment_status":"closed","ping_status":"closed","template":"","meta":{"footnotes":""},"class_list":["post-10195","page","type-page","status-publish","hentry"],"yoast_head":"<!-- This site is optimized with the Yoast SEO Premium plugin v27.5 (Yoast SEO v27.5) - https:\/\/yoast.com\/product\/yoast-seo-premium-wordpress\/ -->\n<title>Industrial Noise Control | ARKETA-WR PET Felt Panels<\/title>\n<meta name=\"description\" content=\"Tackle heavy-duty noise with ARKETA-WR. Our water-resistant PET felt panels are engineered to tame construction clamor and generator hum effectively.\" \/>\n<meta name=\"robots\" content=\"index, follow, max-snippet:-1, max-image-preview:large, max-video-preview:-1\" \/>\n<link rel=\"canonical\" href=\"https:\/\/feltvibe.com\/tr\/blog-template\/\" \/>\n<meta property=\"og:locale\" content=\"tr_TR\" \/>\n<meta property=\"og:type\" content=\"article\" \/>\n<meta property=\"og:title\" content=\"Heavy-Duty Industrial Noise Control with ARKETA-WR\" \/>\n<meta property=\"og:description\" content=\"Solve complex noise issues with water-resistant PET felt. Ideal for mitigating construction and generator noise in any demanding environment.\" \/>\n<meta property=\"og:url\" content=\"https:\/\/feltvibe.com\/tr\/blog-template\/\" \/>\n<meta property=\"og:site_name\" content=\"Feltvibe | Acoustic Felt\" \/>\n<meta property=\"article:publisher\" content=\"https:\/\/www.facebook.com\/Gentug\" \/>\n<meta property=\"article:modified_time\" content=\"2026-03-13T07:18:49+00:00\" \/>\n<meta property=\"og:image\" content=\"https:\/\/feltvibe.com\/uploads\/arketa-pet-felt-panel-1.jpg\" \/>\n\t<meta property=\"og:image:width\" content=\"500\" \/>\n\t<meta property=\"og:image:height\" content=\"425\" \/>\n\t<meta property=\"og:image:type\" content=\"image\/jpeg\" \/>\n<meta name=\"twitter:card\" content=\"summary_large_image\" \/>\n<meta name=\"twitter:title\" content=\"ARKETA-WR: Industrial Noise Control Panels\" \/>\n<meta name=\"twitter:description\" content=\"Tame construction and generator noise with ARKETA-WR water-resistant acoustic panels. Durable, effective, and resilient.\" \/>\n<meta name=\"twitter:label1\" content=\"Tahmini okuma s\u00fcresi\" \/>\n\t<meta name=\"twitter:data1\" content=\"3 dakika\" \/>\n<script type=\"application\/ld+json\" class=\"yoast-schema-graph\">{\"@context\":\"https:\\\/\\\/schema.org\",\"@graph\":[{\"@type\":\"WebPage\",\"@id\":\"https:\\\/\\\/feltvibe.com\\\/blog-template\\\/\",\"url\":\"https:\\\/\\\/feltvibe.com\\\/blog-template\\\/\",\"name\":\"Industrial Noise Control | ARKETA-WR PET Felt Panels\",\"isPartOf\":{\"@id\":\"https:\\\/\\\/feltvibe.com\\\/#website\"},\"datePublished\":\"2025-06-09T15:21:20+00:00\",\"dateModified\":\"2026-03-13T07:18:49+00:00\",\"description\":\"Tackle heavy-duty noise with ARKETA-WR. Our water-resistant PET felt panels are engineered to tame construction clamor and generator hum effectively.\",\"breadcrumb\":{\"@id\":\"https:\\\/\\\/feltvibe.com\\\/blog-template\\\/#breadcrumb\"},\"inLanguage\":\"tr\",\"potentialAction\":[{\"@type\":\"ReadAction\",\"target\":[\"https:\\\/\\\/feltvibe.com\\\/blog-template\\\/\"]}]},{\"@type\":\"BreadcrumbList\",\"@id\":\"https:\\\/\\\/feltvibe.com\\\/blog-template\\\/#breadcrumb\",\"itemListElement\":[{\"@type\":\"ListItem\",\"position\":1,\"name\":\"Home\",\"item\":\"https:\\\/\\\/feltvibe.com\\\/\"},{\"@type\":\"ListItem\",\"position\":2,\"name\":\"Blog Template\"}]},{\"@type\":\"WebSite\",\"@id\":\"https:\\\/\\\/feltvibe.com\\\/#website\",\"url\":\"https:\\\/\\\/feltvibe.com\\\/\",\"name\":\"Feltvibe Acoustic Felt\",\"description\":\"Feltvibe is a leading manufacturer providing innovative felt solutions for various industries, including thermoforming and automotive. Specializing in high-quality felt products, the company offers custom design and production services tailored to meet customer needs. Feltvibe is committed to creating sustainable, durable, and eco-friendly products while staying up to date with technological advancements. With a strong focus on customer satisfaction, the company ensures top-tier quality in all of its solutions.\",\"publisher\":{\"@id\":\"https:\\\/\\\/feltvibe.com\\\/#organization\"},\"potentialAction\":[{\"@type\":\"SearchAction\",\"target\":{\"@type\":\"EntryPoint\",\"urlTemplate\":\"https:\\\/\\\/feltvibe.com\\\/?s={search_term_string}\"},\"query-input\":{\"@type\":\"PropertyValueSpecification\",\"valueRequired\":true,\"valueName\":\"search_term_string\"}}],\"inLanguage\":\"tr\"},{\"@type\":\"Organization\",\"@id\":\"https:\\\/\\\/feltvibe.com\\\/#organization\",\"name\":\"Feltvibe is a leading manufacturer providing innovative acoustic and industrial felt solutions for various industries, including thermoformable PET felt panels and sustainable textile applications.\",\"alternateName\":\"Feltvibe by Gentu\u011f Tekstil\",\"url\":\"https:\\\/\\\/feltvibe.com\\\/\",\"logo\":{\"@type\":\"ImageObject\",\"inLanguage\":\"tr\",\"@id\":\"https:\\\/\\\/feltvibe.com\\\/#\\\/schema\\\/logo\\\/image\\\/\",\"url\":\"https:\\\/\\\/feltvibe.com\\\/uploads\\\/feltvibe-dark-logo-final.svg\",\"contentUrl\":\"https:\\\/\\\/feltvibe.com\\\/uploads\\\/feltvibe-dark-logo-final.svg\",\"width\":1,\"height\":1,\"caption\":\"Feltvibe is a leading manufacturer providing innovative acoustic and industrial felt solutions for various industries, including thermoformable PET felt panels and sustainable textile applications.\"},\"image\":{\"@id\":\"https:\\\/\\\/feltvibe.com\\\/#\\\/schema\\\/logo\\\/image\\\/\"},\"sameAs\":[\"https:\\\/\\\/www.facebook.com\\\/Gentug\",\"https:\\\/\\\/www.instagram.com\\\/felt.vibe\\\/\",\"https:\\\/\\\/www.linkedin.com\\\/company\\\/feltvibe\"],\"description\":\"Gentu\u011f Textile is the main and the most reliable technical textile manufacturer in Turkey, providing high quality products to the worldwide markets.\",\"email\":\"info@feltvibe.com\",\"telephone\":\"+90 212 637 09 89\",\"legalName\":\"Gentu\u011f Tekstil \u00dcr\u00fcn. San. Tic. A.\u015e.\",\"foundingDate\":\"1917-01-01\",\"vatID\":\"3940016139\",\"taxID\":\"MARMARA KURUMLAR\",\"numberOfEmployees\":{\"@type\":\"QuantitativeValue\",\"minValue\":\"501\",\"maxValue\":\"1000\"},\"publishingPrinciples\":\"https:\\\/\\\/feltvibe.com\\\/privacy-policy\\\/\",\"ownershipFundingInfo\":\"https:\\\/\\\/feltvibe.com\\\/about-us\\\/\",\"actionableFeedbackPolicy\":\"https:\\\/\\\/feltvibe.com\\\/contact-us\\\/\",\"correctionsPolicy\":\"https:\\\/\\\/feltvibe.com\\\/certification\\\/\",\"ethicsPolicy\":\"https:\\\/\\\/feltvibe.com\\\/privacy-policy\\\/\",\"diversityPolicy\":\"https:\\\/\\\/feltvibe.com\\\/privacy-policy\\\/\",\"diversityStaffingReport\":\"https:\\\/\\\/feltvibe.com\\\/contact-us\\\/\"}]}<\/script>\n<!-- \/ Yoast SEO Premium plugin. -->","yoast_head_json":{"title":"Industrial Noise Control | ARKETA-WR PET Felt Panels","description":"Tackle heavy-duty noise with ARKETA-WR. Our water-resistant PET felt panels are engineered to tame construction clamor and generator hum effectively.","robots":{"index":"index","follow":"follow","max-snippet":"max-snippet:-1","max-image-preview":"max-image-preview:large","max-video-preview":"max-video-preview:-1"},"canonical":"https:\/\/feltvibe.com\/tr\/blog-template\/","og_locale":"tr_TR","og_type":"article","og_title":"Heavy-Duty Industrial Noise Control with ARKETA-WR","og_description":"Solve complex noise issues with water-resistant PET felt. Ideal for mitigating construction and generator noise in any demanding environment.","og_url":"https:\/\/feltvibe.com\/tr\/blog-template\/","og_site_name":"Feltvibe | Acoustic Felt","article_publisher":"https:\/\/www.facebook.com\/Gentug","article_modified_time":"2026-03-13T07:18:49+00:00","og_image":[{"width":500,"height":425,"url":"https:\/\/feltvibe.com\/uploads\/arketa-pet-felt-panel-1.jpg","type":"image\/jpeg"}],"twitter_card":"summary_large_image","twitter_title":"ARKETA-WR: Industrial Noise Control Panels","twitter_description":"Tame construction and generator noise with ARKETA-WR water-resistant acoustic panels. Durable, effective, and resilient.","twitter_misc":{"Tahmini okuma s\u00fcresi":"3 dakika"},"schema":{"@context":"https:\/\/schema.org","@graph":[{"@type":"WebPage","@id":"https:\/\/feltvibe.com\/blog-template\/","url":"https:\/\/feltvibe.com\/blog-template\/","name":"Industrial Noise Control | ARKETA-WR PET Felt Panels","isPartOf":{"@id":"https:\/\/feltvibe.com\/#website"},"datePublished":"2025-06-09T15:21:20+00:00","dateModified":"2026-03-13T07:18:49+00:00","description":"Tackle heavy-duty noise with ARKETA-WR. Our water-resistant PET felt panels are engineered to tame construction clamor and generator hum effectively.","breadcrumb":{"@id":"https:\/\/feltvibe.com\/blog-template\/#breadcrumb"},"inLanguage":"tr","potentialAction":[{"@type":"ReadAction","target":["https:\/\/feltvibe.com\/blog-template\/"]}]},{"@type":"BreadcrumbList","@id":"https:\/\/feltvibe.com\/blog-template\/#breadcrumb","itemListElement":[{"@type":"ListItem","position":1,"name":"Home","item":"https:\/\/feltvibe.com\/"},{"@type":"ListItem","position":2,"name":"Blog Template"}]},{"@type":"WebSite","@id":"https:\/\/feltvibe.com\/#website","url":"https:\/\/feltvibe.com\/","name":"Feltvibe Akustik Ke\u00e7e","description":"Feltvibe, termoform ve otomotiv dahil olmak \u00fczere \u00e7e\u015fitli end\u00fcstriler i\u00e7in yenilik\u00e7i ke\u00e7e \u00e7\u00f6z\u00fcmleri sunan lider bir \u00fcreticidir. Y\u00fcksek kaliteli ke\u00e7e \u00fcr\u00fcnlerinde uzmanla\u015fan \u015firket, m\u00fc\u015fteri ihtiya\u00e7lar\u0131n\u0131 kar\u015f\u0131lamak i\u00e7in \u00f6zel tasar\u0131m ve \u00fcretim hizmetleri sunmaktad\u0131r. Feltvibe, teknolojik geli\u015fmeleri takip ederken s\u00fcrd\u00fcr\u00fclebilir, dayan\u0131kl\u0131 ve \u00e7evre dostu \u00fcr\u00fcnler yaratmaya kendini adam\u0131\u015ft\u0131r. M\u00fc\u015fteri memnuniyetine g\u00fc\u00e7l\u00fc bir \u015fekilde odaklanan \u015firket, t\u00fcm \u00e7\u00f6z\u00fcmlerinde en \u00fcst d\u00fczey kaliteyi sa\u011flar.","publisher":{"@id":"https:\/\/feltvibe.com\/#organization"},"potentialAction":[{"@type":"SearchAction","target":{"@type":"EntryPoint","urlTemplate":"https:\/\/feltvibe.com\/?s={search_term_string}"},"query-input":{"@type":"PropertyValueSpecification","valueRequired":true,"valueName":"search_term_string"}}],"inLanguage":"tr"},{"@type":"Organization","@id":"https:\/\/feltvibe.com\/#organization","name":"Feltvibe, \u0131s\u0131yla \u015fekillendirilebilir PET ke\u00e7e paneller ve s\u00fcrd\u00fcr\u00fclebilir tekstil uygulamalar\u0131 dahil olmak \u00fczere \u00e7e\u015fitli end\u00fcstriler i\u00e7in yenilik\u00e7i akustik ve end\u00fcstriyel ke\u00e7e \u00e7\u00f6z\u00fcmleri sunan lider bir \u00fcreticidir.","alternateName":"Feltvibe by Gentu\u011f Tekstil","url":"https:\/\/feltvibe.com\/","logo":{"@type":"ImageObject","inLanguage":"tr","@id":"https:\/\/feltvibe.com\/#\/schema\/logo\/image\/","url":"https:\/\/feltvibe.com\/uploads\/feltvibe-dark-logo-final.svg","contentUrl":"https:\/\/feltvibe.com\/uploads\/feltvibe-dark-logo-final.svg","width":1,"height":1,"caption":"Feltvibe is a leading manufacturer providing innovative acoustic and industrial felt solutions for various industries, including thermoformable PET felt panels and sustainable textile applications."},"image":{"@id":"https:\/\/feltvibe.com\/#\/schema\/logo\/image\/"},"sameAs":["https:\/\/www.facebook.com\/Gentug","https:\/\/www.instagram.com\/felt.vibe\/","https:\/\/www.linkedin.com\/company\/feltvibe"],"description":"Gentu\u011f Tekstil, d\u00fcnya pazarlar\u0131na y\u00fcksek kaliteli \u00fcr\u00fcnler sunan T\u00fcrkiye'nin ana ve en g\u00fcvenilir teknik tekstil \u00fcreticisidir.","email":"info@feltvibe.com","telephone":"+90 212 637 09 89","legalName":"Gentu\u011f Tekstil \u00dcr\u00fcn. San. Tic. A.\u015e.","foundingDate":"1917-01-01","vatID":"3940016139","taxID":"MARMARA KURUMLAR","numberOfEmployees":{"@type":"QuantitativeValue","minValue":"501","maxValue":"1000"},"publishingPrinciples":"https:\/\/feltvibe.com\/privacy-policy\/","ownershipFundingInfo":"https:\/\/feltvibe.com\/about-us\/","actionableFeedbackPolicy":"https:\/\/feltvibe.com\/contact-us\/","correctionsPolicy":"https:\/\/feltvibe.com\/certification\/","ethicsPolicy":"https:\/\/feltvibe.com\/privacy-policy\/","diversityPolicy":"https:\/\/feltvibe.com\/privacy-policy\/","diversityStaffingReport":"https:\/\/feltvibe.com\/contact-us\/"}]}},"_links":{"self":[{"href":"https:\/\/feltvibe.com\/tr\/wp-json\/wp\/v2\/pages\/10195","targetHints":{"allow":["GET"]}}],"collection":[{"href":"https:\/\/feltvibe.com\/tr\/wp-json\/wp\/v2\/pages"}],"about":[{"href":"https:\/\/feltvibe.com\/tr\/wp-json\/wp\/v2\/types\/page"}],"author":[{"embeddable":true,"href":"https:\/\/feltvibe.com\/tr\/wp-json\/wp\/v2\/users\/2"}],"replies":[{"embeddable":true,"href":"https:\/\/feltvibe.com\/tr\/wp-json\/wp\/v2\/comments?post=10195"}],"version-history":[{"count":13,"href":"https:\/\/feltvibe.com\/tr\/wp-json\/wp\/v2\/pages\/10195\/revisions"}],"predecessor-version":[{"id":13794,"href":"https:\/\/feltvibe.com\/tr\/wp-json\/wp\/v2\/pages\/10195\/revisions\/13794"}],"wp:attachment":[{"href":"https:\/\/feltvibe.com\/tr\/wp-json\/wp\/v2\/media?parent=10195"}],"curies":[{"name":"wp","href":"https:\/\/api.w.org\/{rel}","templated":true}]}}