{"id":10209,"date":"2025-06-09T18:46:33","date_gmt":"2025-06-09T15:46:33","guid":{"rendered":"https:\/\/feltvibe.com\/?page_id=10209"},"modified":"2026-03-13T10:18:46","modified_gmt":"2026-03-13T07:18:46","slug":"arketa-wr-taban-malzemesi%cc%87-suya-dayanikli-pet-kece-akusti%cc%87k-panel","status":"publish","type":"page","link":"https:\/\/feltvibe.com\/tr\/arketa-wr-base-material-water-resistant-pet-felt-acoustic-panel\/","title":{"rendered":"Water-Resistant Felt Acoustic Panel"},"content":{"rendered":"<div class=\"banner has-hover\" id=\"banner-1557424799\">\n          <div class=\"banner-inner fill\">\n        <div class=\"banner-bg fill\" >\n            <div class=\"bg fill bg-fill\"><\/div>\n                        <div class=\"overlay\"><\/div>            \n                    <\/div>\n\t\t\n        <div class=\"banner-layers container\">\n            <div class=\"fill banner-link\"><\/div>            \n   <div id=\"text-box-1922564276\" class=\"text-box banner-layer x50 md-x50 lg-x50 y50 md-y50 lg-y50 res-text\">\n                                <div class=\"text-box-content text dark\">\n              \n              <div class=\"text-inner text-center\">\n                  \n\t<div id=\"text-471194223\" class=\"text\">\n\t\t\n<p style=\"text-align: center;\"><strong>ARKETA-WR <\/strong><\/p>\n<p style=\"text-align: center;\">Suya Dayan\u0131kl\u0131 Akustik PET Ke\u00e7e Paneller<\/p>\n\t\t\n<style>\n#text-471194223 {\n  font-size: 0.9rem;\n  line-height: 0.75;\n}\n@media (min-width:550px) {\n  #text-471194223 {\n    font-size: 1.75rem;\n  }\n}\n<\/style>\n\t<\/div>\n\t\n              <\/div>\n           <\/div>\n                            \n<style>\n#text-box-1922564276 {\n  width: 85%;\n}\n#text-box-1922564276 .text-box-content {\n  font-size: 100%;\n}\n<\/style>\n    <\/div>\n \n        <\/div>\n      <\/div>\n\n            \n<style>\n#banner-1557424799 {\n  padding-top: 56.25%;\n}\n#banner-1557424799 .bg.bg-loaded {\n  background-image: url(https:\/\/feltvibe.com\/uploads\/water-resistant-pet-felt-panel.jpg);\n}\n#banner-1557424799 .overlay {\n  background-color: rgba(0, 0, 0, 0.5);\n}\n@media (min-width:550px) {\n  #banner-1557424799 {\n    padding-top: 56.25%;\n  }\n}\n@media (min-width:850px) {\n  #banner-1557424799 {\n    padding-top: 50vh;\n  }\n}\n<\/style>\n  <\/div>\n\n\n\t<section class=\"section\" id=\"section_264338092\">\n\t\t<div class=\"bg section-bg fill bg-fill  bg-loaded\" >\n\n\t\t\t\n\t\t\t\n\t\t\t\n\n\t\t<\/div>\n\n\t\t\n\n\t\t<div class=\"section-content relative\">\n\t\t\t\n<div class=\"row align-center\"  id=\"row-1634331313\">\n\n\t<div id=\"col-5544773\" class=\"col small-12 large-12\"  >\n\t\t\t\t<div class=\"col-inner\"  >\n\t\t\t\n\t\t\t\n\t<div id=\"gap-301193150\" class=\"gap-element clearfix\" style=\"display:block; height:auto;\">\n\t\t\n<style>\n#gap-301193150 {\n  padding-top: 5vh;\n}\n<\/style>\n\t<\/div>\n\t\n<p>Akustik paneller, in\u015faat faaliyetleri ve jenerat\u00f6rler gibi kaynaklar i\u00e7in g\u00fcr\u00fclt\u00fc kontrol\u00fcnde kilit unsurlard\u0131r. Yayg\u0131n bir s\u0131n\u0131rlama nem duyarl\u0131l\u0131\u011f\u0131d\u0131r: bir\u00e7ok g\u00f6zenekli emici su alabilir, bu da k\u00fctleyi art\u0131r\u0131r, emme verimlili\u011fini azalt\u0131r ve k\u00fcf veya malzeme bozulmas\u0131n\u0131 te\u015fvik edebilir.<\/p>\n<p>Bu nedenle, akustik panellerin suya dayan\u0131kl\u0131 (hidrofobik) \u00f6zelliklerle geli\u015ftirilmesi, nemli veya \u0131slak maruziyetli ortamlarda g\u00fcvenilir performans i\u00e7in kritik \u00f6neme sahiptir.<\/p>\n\t<div id=\"gap-764000930\" class=\"gap-element clearfix\" style=\"display:block; height:auto;\">\n\t\t\n<style>\n#gap-764000930 {\n  padding-top: 30px;\n}\n<\/style>\n\t<\/div>\n\t\n<div class=\"row\"  id=\"row-830647821\">\n\n\t<div id=\"col-741455665\" class=\"col medium-6 small-12 large-6\"  >\n\t\t\t\t<div class=\"col-inner\"  >\n\t\t\t\n\t\t\t\n\t<div id=\"text-3275498855\" class=\"text\">\n\t\t\n<h5>Akustik Panelleri Suya Dayan\u0131kl\u0131 \u00d6zelliklerle Geli\u015ftirmek<\/h5>\n\t\t\n<style>\n#text-3275498855 {\n  font-size: 1.2rem;\n  line-height: 1.1;\n}\n<\/style>\n\t<\/div>\n\t\n\t<div id=\"text-2158519826\" class=\"text\">\n\t\t\n<ol>\n<li><strong>K\u00fctle kazan\u0131m\u0131:<\/strong> Nem al\u0131m\u0131 panel k\u00fctlesini art\u0131rarak sarkmaya, boyutsal stabilite kayb\u0131na ve mekanik g\u00fcvenilirli\u011fin azalmas\u0131na neden olur.<\/li>\n<li><strong>Akustik bozulma:<\/strong> Su g\u00f6zenekleri doldurur ve ak\u0131\u015f direncini art\u0131rarak \u00f6zellikle orta-y\u00fcksek frekanslarda emilimi de\u011fi\u015ftirir\/zay\u0131flat\u0131r.<\/li>\n<li><strong>Biyolojik risk:<\/strong> Kal\u0131c\u0131 nem, k\u00fcf olu\u015fumunu destekleyerek malzeme b\u00fct\u00fcnl\u00fc\u011f\u00fcn\u00fc ve i\u00e7 mekan hava kalitesini bozar.<\/li>\n<li><strong>Kuruma s\u00fcresi ve hasar:<\/strong> Yava\u015f kuruma nemi hapsederek lekelenmeye, delaminasyona ve uzun vadede performans kayb\u0131na yol a\u00e7ar.<\/li>\n<\/ol>\n<p><strong>\u00c7\u00f6z\u00fcmler<\/strong><\/p>\n<p>ARKETA akustik ke\u00e7e (geri d\u00f6n\u00fc\u015ft\u00fcr\u00fclm\u00fc\u015f PET), s\u0131v\u0131 al\u0131m\u0131n\u0131 s\u0131n\u0131rlayan ve boyutsal kararl\u0131l\u0131\u011f\u0131 ve akustik performans\u0131 korumaya yard\u0131mc\u0131 olan hidrofobik \/ suya dayan\u0131kl\u0131 bir yap\u0131 kullan\u0131larak neme e\u011filimli alanlar i\u00e7in belirlenebilir.<\/p>\n<p><strong>Hidrofobik davran\u0131\u015f:<\/strong> Y\u00fczey \u0131slanmaya kar\u015f\u0131 diren\u00e7lidir, nemli veya s\u0131\u00e7ramaya maruz kalan ko\u015fullarda su emilimini ve a\u011f\u0131rl\u0131k art\u0131\u015f\u0131n\u0131 azalt\u0131r.<\/p>\n<p><strong>K\u00fcf direnci:<\/strong> Daha d\u00fc\u015f\u00fck nem tutma \u00f6zelli\u011fi, uygun detayland\u0131rma ve havaland\u0131rma ile e\u015fle\u015ftirildi\u011finde k\u00fcf\/k\u00fcf riskini azaltmaya yard\u0131mc\u0131 olur<\/p>\n<p><strong>Uygulamalar<\/strong><\/p>\n<ul>\n<li data-start=\"42\" data-end=\"197\">\n<p data-start=\"44\" data-end=\"197\"><strong data-start=\"44\" data-end=\"75\">Banyolar \/ soyunma odalar\u0131:<\/strong> Neme ve aral\u0131kl\u0131 s\u0131\u00e7ramaya maruz kalman\u0131n beklendi\u011fi akustik duvar uygulamalar\u0131 (do\u011frudan su jeti b\u00f6lgelerinin d\u0131\u015f\u0131nda).<\/p>\n<\/li>\n<li data-start=\"198\" data-end=\"302\">\n<p data-start=\"200\" data-end=\"302\"><strong data-start=\"200\" data-end=\"225\">Havuz kenar\u0131 \/ spa alanlar\u0131:<\/strong> Y\u00fcksek nem y\u00fck\u00fcne sahip yank\u0131lanan sert y\u00fczeyli alanlar i\u00e7in ses kontrol\u00fc.<\/p>\n<\/li>\n<li data-start=\"303\" data-end=\"442\">\n<p data-start=\"305\" data-end=\"442\"><strong data-start=\"305\" data-end=\"331\">Kapal\u0131 a\u00e7\u0131k alanlar:<\/strong> Panellerin nemli havaya ve ara s\u0131ra ya\u011fmura maruz kalabilece\u011fi teraslar, \u00e7ardaklar, kanopiler ve korunakl\u0131 cepheler.<\/p>\n<\/li>\n<\/ul>\n<p><em data-start=\"444\" data-end=\"451\">Not:<\/em> Ger\u00e7ek d\u0131\u015f mekan kullan\u0131m\u0131 i\u00e7in performans, detayland\u0131rmaya (kenarlar, sabitlemeler, drenaj, havaland\u0131rma) ve maruz kalma seviyesine (UV, r\u00fczgarla gelen ya\u011fmur) ba\u011fl\u0131d\u0131r.<\/p>\n\t\t\n<style>\n#text-2158519826 {\n  line-height: 1.9;\n}\n<\/style>\n\t<\/div>\n\t\n\t\t<\/div>\n\t\t\t\t\t<\/div>\n\n\t\n\n\t<div id=\"col-45122969\" class=\"col medium-1 small-12 large-1\"  >\n\t\t\t\t<div class=\"col-inner\"  >\n\t\t\t\n\t\t\t\n\t\t<\/div>\n\t\t\t\t\t<\/div>\n\n\t\n\n\t<div id=\"col-1932737272\" class=\"col medium-5 small-12 large-5\"  >\n\t\t\t\t<div class=\"col-inner text-right\"  >\n\t\t\t\n\t\t\t\n\t<div class=\"img has-hover x md-x lg-x y md-y lg-y\" id=\"image_1705716607\">\n\t\t\t\t\t\t\t\t<div class=\"img-inner image-cover dark\" style=\"padding-top:150%;\">\n\t\t\t<img loading=\"lazy\" decoding=\"async\" width=\"480\" height=\"852\" src=\"https:\/\/feltvibe.com\/uploads\/gif-blog-water.gif\" class=\"attachment-original size-original\" alt=\"\" \/>\t\t\t\t\t\t\n\t\t\t\t\t<\/div>\n\t\t\t\t\t\t\t\t\n<style>\n#image_1705716607 {\n  width: 100%;\n}\n<\/style>\n\t<\/div>\n\t\n\t\t<\/div>\n\t\t\t\t\t<\/div>\n\n\t\n<\/div>\n\t\t<\/div>\n\t\t\t\t\t<\/div>\n\n\t\n\n<style>\n#row-1634331313 > .col > .col-inner {\n  background-color: #f6f6f6;\n}\n<\/style>\n<\/div>\n\t\t<\/div>\n\n\t\t\n<style>\n#section_264338092 {\n  padding-top: 30px;\n  padding-bottom: 30px;\n  background-color: #f6f6f6;\n}\n<\/style>\n\t<\/section>","protected":false},"excerpt":{"rendered":"","protected":false},"author":2,"featured_media":0,"parent":0,"menu_order":0,"comment_status":"closed","ping_status":"closed","template":"","meta":{"footnotes":""},"class_list":["post-10209","page","type-page","status-publish","hentry"],"yoast_head":"<!-- This site is optimized with the Yoast SEO Premium plugin v27.4 (Yoast SEO v27.4) - https:\/\/yoast.com\/product\/yoast-seo-premium-wordpress\/ -->\n<title>Water-Resistant Acoustic Panels | ARKETA-WR Noise Control<\/title>\n<meta name=\"description\" content=\"Defy moisture with ARKETA-WR water-resistant acoustic panels. Perfect for challenging environments like construction sites and industrial generator rooms.\" \/>\n<meta name=\"robots\" content=\"index, follow, max-snippet:-1, max-image-preview:large, max-video-preview:-1\" \/>\n<link rel=\"canonical\" href=\"https:\/\/feltvibe.com\/tr\/arketa-wr-taban-malzemesi\u0307-suya-dayanikli-pet-kece-akusti\u0307k-panel\/\" \/>\n<meta property=\"og:locale\" content=\"tr_TR\" \/>\n<meta property=\"og:type\" content=\"article\" \/>\n<meta property=\"og:title\" content=\"ARKETA-WR: Water-Resistant PET Felt Acoustic Panels\" \/>\n<meta property=\"og:description\" content=\"High-performance noise control that withstands moisture. Discover the extreme durability of ARKETA-WR for industrial and outdoor applications.\" \/>\n<meta property=\"og:url\" content=\"https:\/\/feltvibe.com\/tr\/arketa-wr-taban-malzemesi\u0307-suya-dayanikli-pet-kece-akusti\u0307k-panel\/\" \/>\n<meta property=\"og:site_name\" content=\"Feltvibe | Acoustic Felt\" \/>\n<meta property=\"article:publisher\" content=\"https:\/\/www.facebook.com\/Gentug\" \/>\n<meta property=\"article:modified_time\" content=\"2026-03-13T07:18:46+00:00\" \/>\n<meta property=\"og:image\" content=\"https:\/\/feltvibe.com\/uploads\/arketa-pet-felt-panel-1.jpg\" \/>\n\t<meta property=\"og:image:width\" content=\"500\" \/>\n\t<meta property=\"og:image:height\" content=\"425\" \/>\n\t<meta property=\"og:image:type\" content=\"image\/jpeg\" \/>\n<meta name=\"twitter:card\" content=\"summary_large_image\" \/>\n<meta name=\"twitter:title\" content=\"Water-Resistant Acoustic Noise Control\" \/>\n<meta name=\"twitter:description\" content=\"Stop noise in damp environments. ARKETA-WR offers superior sound absorption with advanced water-resistant technology.\" \/>\n<meta name=\"twitter:label1\" content=\"Tahmini okuma s\u00fcresi\" \/>\n\t<meta name=\"twitter:data1\" content=\"2 dakika\" \/>\n<script type=\"application\/ld+json\" class=\"yoast-schema-graph\">{\"@context\":\"https:\\\/\\\/schema.org\",\"@graph\":[{\"@type\":\"WebPage\",\"@id\":\"https:\\\/\\\/feltvibe.com\\\/arketa-wr-base-material-water-resistant-pet-felt-acoustic-panel\\\/\",\"url\":\"https:\\\/\\\/feltvibe.com\\\/arketa-wr-base-material-water-resistant-pet-felt-acoustic-panel\\\/\",\"name\":\"Water-Resistant Acoustic Panels | ARKETA-WR Noise Control\",\"isPartOf\":{\"@id\":\"https:\\\/\\\/feltvibe.com\\\/#website\"},\"datePublished\":\"2025-06-09T15:46:33+00:00\",\"dateModified\":\"2026-03-13T07:18:46+00:00\",\"description\":\"Defy moisture with ARKETA-WR water-resistant acoustic panels. Perfect for challenging environments like construction sites and industrial generator rooms.\",\"breadcrumb\":{\"@id\":\"https:\\\/\\\/feltvibe.com\\\/arketa-wr-base-material-water-resistant-pet-felt-acoustic-panel\\\/#breadcrumb\"},\"inLanguage\":\"tr\",\"potentialAction\":[{\"@type\":\"ReadAction\",\"target\":[\"https:\\\/\\\/feltvibe.com\\\/arketa-wr-base-material-water-resistant-pet-felt-acoustic-panel\\\/\"]}]},{\"@type\":\"BreadcrumbList\",\"@id\":\"https:\\\/\\\/feltvibe.com\\\/arketa-wr-base-material-water-resistant-pet-felt-acoustic-panel\\\/#breadcrumb\",\"itemListElement\":[{\"@type\":\"ListItem\",\"position\":1,\"name\":\"Home\",\"item\":\"https:\\\/\\\/feltvibe.com\\\/\"},{\"@type\":\"ListItem\",\"position\":2,\"name\":\"Water-Resistant Felt Acoustic Panel\"}]},{\"@type\":\"WebSite\",\"@id\":\"https:\\\/\\\/feltvibe.com\\\/#website\",\"url\":\"https:\\\/\\\/feltvibe.com\\\/\",\"name\":\"Feltvibe Acoustic Felt\",\"description\":\"Feltvibe is a leading manufacturer providing innovative felt solutions for various industries, including thermoforming and automotive. Specializing in high-quality felt products, the company offers custom design and production services tailored to meet customer needs. Feltvibe is committed to creating sustainable, durable, and eco-friendly products while staying up to date with technological advancements. With a strong focus on customer satisfaction, the company ensures top-tier quality in all of its solutions.\",\"publisher\":{\"@id\":\"https:\\\/\\\/feltvibe.com\\\/#organization\"},\"potentialAction\":[{\"@type\":\"SearchAction\",\"target\":{\"@type\":\"EntryPoint\",\"urlTemplate\":\"https:\\\/\\\/feltvibe.com\\\/?s={search_term_string}\"},\"query-input\":{\"@type\":\"PropertyValueSpecification\",\"valueRequired\":true,\"valueName\":\"search_term_string\"}}],\"inLanguage\":\"tr\"},{\"@type\":\"Organization\",\"@id\":\"https:\\\/\\\/feltvibe.com\\\/#organization\",\"name\":\"Feltvibe is a leading manufacturer providing innovative acoustic and industrial felt solutions for various industries, including thermoformable PET felt panels and sustainable textile applications.\",\"alternateName\":\"Feltvibe by Gentu\u011f Tekstil\",\"url\":\"https:\\\/\\\/feltvibe.com\\\/\",\"logo\":{\"@type\":\"ImageObject\",\"inLanguage\":\"tr\",\"@id\":\"https:\\\/\\\/feltvibe.com\\\/#\\\/schema\\\/logo\\\/image\\\/\",\"url\":\"https:\\\/\\\/feltvibe.com\\\/uploads\\\/feltvibe-dark-logo-final.svg\",\"contentUrl\":\"https:\\\/\\\/feltvibe.com\\\/uploads\\\/feltvibe-dark-logo-final.svg\",\"width\":1,\"height\":1,\"caption\":\"Feltvibe is a leading manufacturer providing innovative acoustic and industrial felt solutions for various industries, including thermoformable PET felt panels and sustainable textile applications.\"},\"image\":{\"@id\":\"https:\\\/\\\/feltvibe.com\\\/#\\\/schema\\\/logo\\\/image\\\/\"},\"sameAs\":[\"https:\\\/\\\/www.facebook.com\\\/Gentug\",\"https:\\\/\\\/www.instagram.com\\\/felt.vibe\\\/\",\"https:\\\/\\\/www.linkedin.com\\\/company\\\/feltvibe\"],\"description\":\"Gentu\u011f Textile is the main and the most reliable technical textile manufacturer in Turkey, providing high quality products to the worldwide markets.\",\"email\":\"info@feltvibe.com\",\"telephone\":\"+90 212 637 09 89\",\"legalName\":\"Gentu\u011f Tekstil \u00dcr\u00fcn. San. Tic. A.\u015e.\",\"foundingDate\":\"1917-01-01\",\"vatID\":\"3940016139\",\"taxID\":\"MARMARA KURUMLAR\",\"numberOfEmployees\":{\"@type\":\"QuantitativeValue\",\"minValue\":\"501\",\"maxValue\":\"1000\"},\"publishingPrinciples\":\"https:\\\/\\\/feltvibe.com\\\/privacy-policy\\\/\",\"ownershipFundingInfo\":\"https:\\\/\\\/feltvibe.com\\\/about-us\\\/\",\"actionableFeedbackPolicy\":\"https:\\\/\\\/feltvibe.com\\\/contact-us\\\/\",\"correctionsPolicy\":\"https:\\\/\\\/feltvibe.com\\\/certification\\\/\",\"ethicsPolicy\":\"https:\\\/\\\/feltvibe.com\\\/privacy-policy\\\/\",\"diversityPolicy\":\"https:\\\/\\\/feltvibe.com\\\/privacy-policy\\\/\",\"diversityStaffingReport\":\"https:\\\/\\\/feltvibe.com\\\/contact-us\\\/\"}]}<\/script>\n<!-- \/ Yoast SEO Premium plugin. -->","yoast_head_json":{"title":"Water-Resistant Acoustic Panels | ARKETA-WR Noise Control","description":"Defy moisture with ARKETA-WR water-resistant acoustic panels. Perfect for challenging environments like construction sites and industrial generator rooms.","robots":{"index":"index","follow":"follow","max-snippet":"max-snippet:-1","max-image-preview":"max-image-preview:large","max-video-preview":"max-video-preview:-1"},"canonical":"https:\/\/feltvibe.com\/tr\/arketa-wr-taban-malzemesi\u0307-suya-dayanikli-pet-kece-akusti\u0307k-panel\/","og_locale":"tr_TR","og_type":"article","og_title":"ARKETA-WR: Water-Resistant PET Felt Acoustic Panels","og_description":"High-performance noise control that withstands moisture. Discover the extreme durability of ARKETA-WR for industrial and outdoor applications.","og_url":"https:\/\/feltvibe.com\/tr\/arketa-wr-taban-malzemesi\u0307-suya-dayanikli-pet-kece-akusti\u0307k-panel\/","og_site_name":"Feltvibe | Acoustic Felt","article_publisher":"https:\/\/www.facebook.com\/Gentug","article_modified_time":"2026-03-13T07:18:46+00:00","og_image":[{"width":500,"height":425,"url":"https:\/\/feltvibe.com\/uploads\/arketa-pet-felt-panel-1.jpg","type":"image\/jpeg"}],"twitter_card":"summary_large_image","twitter_title":"Water-Resistant Acoustic Noise Control","twitter_description":"Stop noise in damp environments. ARKETA-WR offers superior sound absorption with advanced water-resistant technology.","twitter_misc":{"Tahmini okuma s\u00fcresi":"2 dakika"},"schema":{"@context":"https:\/\/schema.org","@graph":[{"@type":"WebPage","@id":"https:\/\/feltvibe.com\/arketa-wr-base-material-water-resistant-pet-felt-acoustic-panel\/","url":"https:\/\/feltvibe.com\/arketa-wr-base-material-water-resistant-pet-felt-acoustic-panel\/","name":"Water-Resistant Acoustic Panels | ARKETA-WR Noise Control","isPartOf":{"@id":"https:\/\/feltvibe.com\/#website"},"datePublished":"2025-06-09T15:46:33+00:00","dateModified":"2026-03-13T07:18:46+00:00","description":"Defy moisture with ARKETA-WR water-resistant acoustic panels. Perfect for challenging environments like construction sites and industrial generator rooms.","breadcrumb":{"@id":"https:\/\/feltvibe.com\/arketa-wr-base-material-water-resistant-pet-felt-acoustic-panel\/#breadcrumb"},"inLanguage":"tr","potentialAction":[{"@type":"ReadAction","target":["https:\/\/feltvibe.com\/arketa-wr-base-material-water-resistant-pet-felt-acoustic-panel\/"]}]},{"@type":"BreadcrumbList","@id":"https:\/\/feltvibe.com\/arketa-wr-base-material-water-resistant-pet-felt-acoustic-panel\/#breadcrumb","itemListElement":[{"@type":"ListItem","position":1,"name":"Home","item":"https:\/\/feltvibe.com\/"},{"@type":"ListItem","position":2,"name":"Water-Resistant Felt Acoustic Panel"}]},{"@type":"WebSite","@id":"https:\/\/feltvibe.com\/#website","url":"https:\/\/feltvibe.com\/","name":"Feltvibe Akustik Ke\u00e7e","description":"Feltvibe, termoform ve otomotiv dahil olmak \u00fczere \u00e7e\u015fitli end\u00fcstriler i\u00e7in yenilik\u00e7i ke\u00e7e \u00e7\u00f6z\u00fcmleri sunan lider bir \u00fcreticidir. Y\u00fcksek kaliteli ke\u00e7e \u00fcr\u00fcnlerinde uzmanla\u015fan \u015firket, m\u00fc\u015fteri ihtiya\u00e7lar\u0131n\u0131 kar\u015f\u0131lamak i\u00e7in \u00f6zel tasar\u0131m ve \u00fcretim hizmetleri sunmaktad\u0131r. Feltvibe, teknolojik geli\u015fmeleri takip ederken s\u00fcrd\u00fcr\u00fclebilir, dayan\u0131kl\u0131 ve \u00e7evre dostu \u00fcr\u00fcnler yaratmaya kendini adam\u0131\u015ft\u0131r. M\u00fc\u015fteri memnuniyetine g\u00fc\u00e7l\u00fc bir \u015fekilde odaklanan \u015firket, t\u00fcm \u00e7\u00f6z\u00fcmlerinde en \u00fcst d\u00fczey kaliteyi sa\u011flar.","publisher":{"@id":"https:\/\/feltvibe.com\/#organization"},"potentialAction":[{"@type":"SearchAction","target":{"@type":"EntryPoint","urlTemplate":"https:\/\/feltvibe.com\/?s={search_term_string}"},"query-input":{"@type":"PropertyValueSpecification","valueRequired":true,"valueName":"search_term_string"}}],"inLanguage":"tr"},{"@type":"Organization","@id":"https:\/\/feltvibe.com\/#organization","name":"Feltvibe, \u0131s\u0131yla \u015fekillendirilebilir PET ke\u00e7e paneller ve s\u00fcrd\u00fcr\u00fclebilir tekstil uygulamalar\u0131 dahil olmak \u00fczere \u00e7e\u015fitli end\u00fcstriler i\u00e7in yenilik\u00e7i akustik ve end\u00fcstriyel ke\u00e7e \u00e7\u00f6z\u00fcmleri sunan lider bir \u00fcreticidir.","alternateName":"Feltvibe by Gentu\u011f Tekstil","url":"https:\/\/feltvibe.com\/","logo":{"@type":"ImageObject","inLanguage":"tr","@id":"https:\/\/feltvibe.com\/#\/schema\/logo\/image\/","url":"https:\/\/feltvibe.com\/uploads\/feltvibe-dark-logo-final.svg","contentUrl":"https:\/\/feltvibe.com\/uploads\/feltvibe-dark-logo-final.svg","width":1,"height":1,"caption":"Feltvibe is a leading manufacturer providing innovative acoustic and industrial felt solutions for various industries, including thermoformable PET felt panels and sustainable textile applications."},"image":{"@id":"https:\/\/feltvibe.com\/#\/schema\/logo\/image\/"},"sameAs":["https:\/\/www.facebook.com\/Gentug","https:\/\/www.instagram.com\/felt.vibe\/","https:\/\/www.linkedin.com\/company\/feltvibe"],"description":"Gentu\u011f Tekstil, d\u00fcnya pazarlar\u0131na y\u00fcksek kaliteli \u00fcr\u00fcnler sunan T\u00fcrkiye'nin ana ve en g\u00fcvenilir teknik tekstil \u00fcreticisidir.","email":"info@feltvibe.com","telephone":"+90 212 637 09 89","legalName":"Gentu\u011f Tekstil \u00dcr\u00fcn. San. Tic. A.\u015e.","foundingDate":"1917-01-01","vatID":"3940016139","taxID":"MARMARA KURUMLAR","numberOfEmployees":{"@type":"QuantitativeValue","minValue":"501","maxValue":"1000"},"publishingPrinciples":"https:\/\/feltvibe.com\/privacy-policy\/","ownershipFundingInfo":"https:\/\/feltvibe.com\/about-us\/","actionableFeedbackPolicy":"https:\/\/feltvibe.com\/contact-us\/","correctionsPolicy":"https:\/\/feltvibe.com\/certification\/","ethicsPolicy":"https:\/\/feltvibe.com\/privacy-policy\/","diversityPolicy":"https:\/\/feltvibe.com\/privacy-policy\/","diversityStaffingReport":"https:\/\/feltvibe.com\/contact-us\/"}]}},"_links":{"self":[{"href":"https:\/\/feltvibe.com\/tr\/wp-json\/wp\/v2\/pages\/10209","targetHints":{"allow":["GET"]}}],"collection":[{"href":"https:\/\/feltvibe.com\/tr\/wp-json\/wp\/v2\/pages"}],"about":[{"href":"https:\/\/feltvibe.com\/tr\/wp-json\/wp\/v2\/types\/page"}],"author":[{"embeddable":true,"href":"https:\/\/feltvibe.com\/tr\/wp-json\/wp\/v2\/users\/2"}],"replies":[{"embeddable":true,"href":"https:\/\/feltvibe.com\/tr\/wp-json\/wp\/v2\/comments?post=10209"}],"version-history":[{"count":42,"href":"https:\/\/feltvibe.com\/tr\/wp-json\/wp\/v2\/pages\/10209\/revisions"}],"predecessor-version":[{"id":17272,"href":"https:\/\/feltvibe.com\/tr\/wp-json\/wp\/v2\/pages\/10209\/revisions\/17272"}],"wp:attachment":[{"href":"https:\/\/feltvibe.com\/tr\/wp-json\/wp\/v2\/media?parent=10209"}],"curies":[{"name":"wp","href":"https:\/\/api.w.org\/{rel}","templated":true}]}}