{"id":10229,"date":"2025-06-09T19:02:36","date_gmt":"2025-06-09T16:02:36","guid":{"rendered":"https:\/\/feltvibe.com\/?page_id=10229"},"modified":"2026-03-13T10:18:41","modified_gmt":"2026-03-13T07:18:41","slug":"si%cc%87seden-kece-yapragina-pet-kece-nasil-yapilir","status":"publish","type":"page","link":"https:\/\/feltvibe.com\/tr\/from-bottle-to-felt-sheets-how-we-make-pet-felt\/","title":{"rendered":"From Bottle to Felt Sheets: How We Make Felt"},"content":{"rendered":"<div class=\"banner has-hover\" id=\"banner-747032349\">\n          <div class=\"banner-inner fill\">\n        <div class=\"banner-bg fill\" >\n            <div class=\"bg fill bg-fill\"><\/div>\n                        <div class=\"overlay\"><\/div>            \n                    <\/div>\n\t\t\n        <div class=\"banner-layers container\">\n            <div class=\"fill banner-link\"><\/div>            \n   <div id=\"text-box-187780254\" class=\"text-box banner-layer x50 md-x50 lg-x50 y50 md-y50 lg-y50 res-text\">\n                                <div class=\"text-box-content text dark\">\n              \n              <div class=\"text-inner text-center\">\n                  \n\t<div id=\"text-901713650\" class=\"text\">\n\t\t\n<p><strong>\u015ei\u015feden Ke\u00e7e Levhalara:<\/strong><br \/>\n<strong>PET Ke\u00e7eyi Nas\u0131l Yap\u0131yoruz<\/strong><br \/>\n\t\t\n<style>\n#text-901713650 {\n  font-size: 0.9rem;\n}\n@media (min-width:550px) {\n  #text-901713650 {\n    font-size: 1.75rem;\n  }\n}\n<\/style>\n\t<\/div>\n\t\n              <\/div>\n           <\/div>\n                            \n<style>\n#text-box-187780254 {\n  width: 60%;\n}\n#text-box-187780254 .text-box-content {\n  font-size: 100%;\n}\n<\/style>\n    <\/div>\n \n        <\/div>\n      <\/div>\n\n            \n<style>\n#banner-747032349 {\n  padding-top: 56.25%;\n}\n#banner-747032349 .bg.bg-loaded {\n  background-image: url(https:\/\/feltvibe.com\/uploads\/how-we-make-pet-felt.jpg);\n}\n#banner-747032349 .overlay {\n  background-color: rgba(0, 0, 0, 0.5);\n}\n@media (min-width:550px) {\n  #banner-747032349 {\n    padding-top: 56.25%;\n  }\n}\n@media (min-width:850px) {\n  #banner-747032349 {\n    padding-top: 50vh;\n  }\n}\n<\/style>\n  <\/div>\n\n\n\t<section class=\"section\" id=\"section_396470676\">\n\t\t<div class=\"bg section-bg fill bg-fill  bg-loaded\" >\n\n\t\t\t\n\t\t\t\n\t\t\t\n\n\t\t<\/div>\n\n\t\t\n\n\t\t<div class=\"section-content relative\">\n\t\t\t\n<div class=\"row align-center\"  id=\"row-1136707921\">\n\n\t<div id=\"col-502461974\" class=\"col small-12 large-12\"  >\n\t\t\t\t<div class=\"col-inner\"  >\n\t\t\t\n\t\t\t\n\t<div id=\"gap-1572710899\" class=\"gap-element clearfix\" style=\"display:block; height:auto;\">\n\t\t\n<style>\n#gap-1572710899 {\n  padding-top: 5vh;\n}\n<\/style>\n\t<\/div>\n\t\n<p>Bir plastik \u015fi\u015feden bir yudum ald\u0131\u011f\u0131n\u0131z s\u00fcre i\u00e7inde, 20.000 \u015fi\u015fe \u00e7\u00f6pe gidiyor. D\u00fcnyada her g\u00fcn 1,3 milyardan fazla plastik \u015fi\u015fe sat\u0131l\u0131yor ve bunlar\u0131n yaln\u0131zca %6\u2019s\u0131 geri d\u00f6n\u00fc\u015ft\u00fcr\u00fcl\u00fcyor. Biz ise plastik \u015fi\u015felere ikinci bir hayat kazand\u0131rmak i\u00e7in yerel geri d\u00f6n\u00fc\u015f\u00fcm merkezleriyle birlikte \u00e7al\u0131\u015f\u0131yoruz. PET ke\u00e7e teknolojisi sayesinde plastik at\u0131klar\u0131 i\u00e7 mek\u00e2n tasar\u0131m\u0131nda de\u011ferlendiriyor, onlar\u0131 \u00e7ok y\u00f6nl\u00fc ve dayan\u0131kl\u0131 bir malzemeye d\u00f6n\u00fc\u015ft\u00fcr\u00fcyoruz. \u015eimdi, plastik \u015fi\u015felerin \u00f6zg\u00fcn \u00fcr\u00fcnlere d\u00f6n\u00fc\u015fen yolculu\u011funu yak\u0131ndan inceleyelim.<\/p>\n\t<div id=\"gap-2014997062\" class=\"gap-element clearfix\" style=\"display:block; height:auto;\">\n\t\t\n<style>\n#gap-2014997062 {\n  padding-top: 30px;\n}\n<\/style>\n\t<\/div>\n\t\n\t<div id=\"text-2677568391\" class=\"text\">\n\t\t\n<p><strong>5 Ad\u0131mda PET Ke\u00e7e \u00dcretim S\u00fcreci <\/strong><br \/>\n\t\t\n<style>\n#text-2677568391 {\n  font-size: 1.5rem;\n}\n<\/style>\n\t<\/div>\n\t\n<div class=\"row\"  id=\"row-685601981\">\n\n\t<div id=\"col-1092533959\" class=\"col medium-4 small-12 large-4\"  >\n\t\t\t\t<div class=\"col-inner\"  >\n\t\t\t\n\t\t\t\n\t<div class=\"img has-hover x md-x lg-x y md-y lg-y\" id=\"image_486392300\">\n\t\t\t\t\t\t\t\t<div class=\"img-inner image-cover dark\" style=\"padding-top:75%;\">\n\t\t\t<img loading=\"lazy\" decoding=\"async\" width=\"854\" height=\"858\" src=\"https:\/\/feltvibe.com\/uploads\/plastik-2.jpg\" class=\"attachment-large size-large\" alt=\"\" srcset=\"https:\/\/feltvibe.com\/uploads\/plastik-2.jpg 854w, https:\/\/feltvibe.com\/uploads\/plastik-2-300x300.jpg 300w, https:\/\/feltvibe.com\/uploads\/plastik-2-150x150.jpg 150w, https:\/\/feltvibe.com\/uploads\/plastik-2-768x772.jpg 768w\" sizes=\"auto, (max-width: 854px) 100vw, 854px\" \/>\t\t\t\t\t\t\n\t\t\t\t\t<\/div>\n\t\t\t\t\t\t\t\t\n<style>\n#image_486392300 {\n  width: 100%;\n}\n<\/style>\n\t<\/div>\n\t\n<p><strong>Ad\u0131m 1 - Plastik At\u0131klar<\/strong><\/p>\n<p>\u015ei\u015feler, d\u00f6n\u00fc\u015f\u00fcm merkezlerine 250 kg\u2019l\u0131k s\u0131k\u0131ca preslenmi\u015f balyalar halinde gelir. Bu balyalar a\u00e7\u0131l\u0131r; ard\u0131ndan \u015fi\u015feler y\u0131kan\u0131r ve ayr\u0131\u015ft\u0131r\u0131l\u0131r. Ayr\u0131\u015ft\u0131rma s\u0131ras\u0131nda makineler kapak ve etiket gibi renkli par\u00e7alar\u0131 \u00e7\u0131kar\u0131r.<\/p>\n\t\t<\/div>\n\t\t\t\t\t<\/div>\n\n\t\n\n\t<div id=\"col-916422790\" class=\"col medium-4 small-12 large-4\"  >\n\t\t\t\t<div class=\"col-inner\"  >\n\t\t\t\n\t\t\t\n\t<div class=\"img has-hover x md-x lg-x y md-y lg-y\" id=\"image_302071831\">\n\t\t\t\t\t\t\t\t<div class=\"img-inner image-cover dark\" style=\"padding-top:75%;\">\n\t\t\t<img loading=\"lazy\" decoding=\"async\" width=\"225\" height=\"225\" src=\"https:\/\/feltvibe.com\/uploads\/plastik-granul.jpg\" class=\"attachment-large size-large\" alt=\"\" srcset=\"https:\/\/feltvibe.com\/uploads\/plastik-granul.jpg 225w, https:\/\/feltvibe.com\/uploads\/plastik-granul-150x150.jpg 150w\" sizes=\"auto, (max-width: 225px) 100vw, 225px\" \/>\t\t\t\t\t\t\n\t\t\t\t\t<\/div>\n\t\t\t\t\t\t\t\t\n<style>\n#image_302071831 {\n  width: 100%;\n}\n<\/style>\n\t<\/div>\n\t\n<p><strong>Ad\u0131m 2 - Pullar<\/strong><\/p>\n<p>Ay\u0131klama i\u015fleminden sonra \u015fi\u015feler bir gran\u00fclat\u00f6re beslenir. G\u00fc\u00e7l\u00fc d\u00f6ner b\u0131\u00e7aklar \u015fi\u015feleri yakla\u015f\u0131k 1 cm boyutunda par\u00e7alara ay\u0131r\u0131rken, sistem kalan yabanc\u0131 maddeleri filtreler. Eskiden plastik \u015fi\u015fe olan art\u0131k temiz, saf PET puludur ve d\u00f6n\u00fc\u015f\u00fcm\u00fcn bir sonraki a\u015famas\u0131na haz\u0131rd\u0131r.<\/p>\n\t\t<\/div>\n\t\t\t\t\t<\/div>\n\n\t\n\n\t<div id=\"col-691212181\" class=\"col medium-4 small-12 large-4\"  >\n\t\t\t\t<div class=\"col-inner\"  >\n\t\t\t\n\t\t\t\n\t<div class=\"img has-hover x md-x lg-x y md-y lg-y\" id=\"image_1626934409\">\n\t\t\t\t\t\t\t\t<div class=\"img-inner image-cover dark\" style=\"padding-top:75%;\">\n\t\t\t<img loading=\"lazy\" decoding=\"async\" width=\"570\" height=\"380\" src=\"https:\/\/feltvibe.com\/uploads\/PET-FELT_fiber.jpeg\" class=\"attachment-large size-large\" alt=\"\" srcset=\"https:\/\/feltvibe.com\/uploads\/PET-FELT_fiber.jpeg 570w, https:\/\/feltvibe.com\/uploads\/PET-FELT_fiber-300x200.jpeg 300w, https:\/\/feltvibe.com\/uploads\/PET-FELT_fiber-18x12.jpeg 18w\" sizes=\"auto, (max-width: 570px) 100vw, 570px\" \/>\t\t\t\t\t\t\n\t\t\t\t\t<\/div>\n\t\t\t\t\t\t\t\t\n<style>\n#image_1626934409 {\n  width: 100%;\n}\n<\/style>\n\t<\/div>\n\t\n<p><strong>Ad\u0131m 3 - Fiber<\/strong><\/p>\n<p>Daha sonra PET pullar\u0131 bir ekstr\u00fcderden ge\u00e7er ve burada eritilerek polyester elyaf haline getirilir. Bu i\u015flem sert plasti\u011fi yumu\u015fak, y\u00fcn benzeri bir dokuya d\u00f6n\u00fc\u015ft\u00fcr\u00fcr. Lifler daha sonra ke\u00e7ele\u015ftirme a\u015famas\u0131na haz\u0131r ince tabakalar haline getirilir.<\/p>\n\t\t<\/div>\n\t\t\t\t\t<\/div>\n\n\t\n<\/div>\n<div class=\"row\"  id=\"row-868685072\">\n\n\t<div id=\"col-494090644\" class=\"col medium-6 small-12 large-6\"  >\n\t\t\t\t<div class=\"col-inner\"  >\n\t\t\t\n\t\t\t\n\t<div class=\"img has-hover x md-x lg-x y md-y lg-y\" id=\"image_1243135704\">\n\t\t\t\t\t\t\t\t<div class=\"img-inner image-cover dark\" style=\"padding-top:75%;\">\n\t\t\t<img loading=\"lazy\" decoding=\"async\" width=\"500\" height=\"425\" src=\"https:\/\/feltvibe.com\/uploads\/arketa-pet-felt-panel-333.png\" class=\"attachment-large size-large\" alt=\"\" srcset=\"https:\/\/feltvibe.com\/uploads\/arketa-pet-felt-panel-333.png 500w, https:\/\/feltvibe.com\/uploads\/arketa-pet-felt-panel-333-300x255.png 300w\" sizes=\"auto, (max-width: 500px) 100vw, 500px\" \/>\t\t\t\t\t\t\n\t\t\t\t\t<\/div>\n\t\t\t\t\t\t\t\t\n<style>\n#image_1243135704 {\n  width: 100%;\n}\n<\/style>\n\t<\/div>\n\t\n<p><strong>Ad\u0131m 4 - Ke\u00e7e Levhalar<\/strong><\/p>\n<p>Ke\u00e7ele\u015ftirme makinesinde elyaflar katmanlan\u0131r ve s\u0131k\u0131\u015ft\u0131r\u0131l\u0131r. Ard\u0131ndan ke\u00e7ele\u015ftirme i\u015flemi ba\u015flar: binlerce dikenli i\u011fne malzemeyi tekrar tekrar delerek lifleri birbirine kilitler ve ke\u00e7eyi olu\u015fturur. Ayn\u0131 teknik kullan\u0131larak, \u00fc\u00e7 ke\u00e7e katman\u0131 preslenmeye haz\u0131r yo\u011fun bir panel haline getirilir.<\/p>\n\t\t<\/div>\n\t\t\t\t\t<\/div>\n\n\t\n\n\t<div id=\"col-281199737\" class=\"col medium-6 small-12 large-6\"  >\n\t\t\t\t<div class=\"col-inner\"  >\n\t\t\t\n\t\t\t\n\t<div class=\"img has-hover x md-x lg-x y md-y lg-y\" id=\"image_1706191551\">\n\t\t\t\t\t\t\t\t<div class=\"img-inner image-cover dark\" style=\"padding-top:75%;\">\n\t\t\t<img loading=\"lazy\" decoding=\"async\" width=\"570\" height=\"380\" src=\"https:\/\/feltvibe.com\/uploads\/PET-FELT_fiber-2.jpeg\" class=\"attachment-large size-large\" alt=\"\" srcset=\"https:\/\/feltvibe.com\/uploads\/PET-FELT_fiber-2.jpeg 570w, https:\/\/feltvibe.com\/uploads\/PET-FELT_fiber-2-300x200.jpeg 300w, https:\/\/feltvibe.com\/uploads\/PET-FELT_fiber-2-18x12.jpeg 18w\" sizes=\"auto, (max-width: 570px) 100vw, 570px\" \/>\t\t\t\t\t\t\n\t\t\t\t\t<\/div>\n\t\t\t\t\t\t\t\t\n<style>\n#image_1706191551 {\n  width: 100%;\n}\n<\/style>\n\t<\/div>\n\t\n<p><strong>Ad\u0131m 5 - \u00dcr\u00fcn \u00c7\u00f6z\u00fcmleri<\/strong><\/p>\n<p>PET ke\u00e7e hemen hemen her \u015fekilde \u015fekillendirilebilir. Tek bir kal\u0131plama ad\u0131m\u0131nda, 3D presleme makinesi d\u00fcz bir ke\u00e7e tabakas\u0131n\u0131 yumu\u015fak, y\u00fcn benzeri dokusunu korurken g\u00fc\u00e7l\u00fc, sa\u011flam bir par\u00e7aya d\u00f6n\u00fc\u015ft\u00fcr\u00fcr. Bu i\u015flemle PET ke\u00e7e duvar ve tavan panelleri, abajurlar ve \u00e7ok daha farkl\u0131 \u00fcr\u00fcn haline gelebilir.<\/p>\n\t\t<\/div>\n\t\t\t\t\t<\/div>\n\n\t\n<\/div>\n\t<div id=\"gap-1312946088\" class=\"gap-element clearfix\" style=\"display:block; height:auto;\">\n\t\t\n<style>\n#gap-1312946088 {\n  padding-top: 5vh;\n}\n<\/style>\n\t<\/div>\n\t\n<p>Ke\u00e7ele\u015ftirme makinesinde elyaflar katmanlan\u0131r ve s\u0131k\u0131\u015ft\u0131r\u0131l\u0131r. Ard\u0131ndan ke\u00e7ele\u015ftirme i\u015flemi ba\u015flar: binlerce dikenli i\u011fne malzemeyi tekrar tekrar delerek lifleri birbirine kilitler ve ke\u00e7eyi olu\u015fturur. Ayn\u0131 teknik kullan\u0131larak, \u00fc\u00e7 ke\u00e7e katman\u0131 preslenmeye haz\u0131r yo\u011fun bir panel haline getirilir.<\/p>\n\t\t<\/div>\n\t\t\t\t\t<\/div>\n\n\t\n\n<style>\n#row-1136707921 > .col > .col-inner {\n  background-color: #f6f6f6;\n}\n<\/style>\n<\/div>\n\t\t<\/div>\n\n\t\t\n<style>\n#section_396470676 {\n  padding-top: 30px;\n  padding-bottom: 30px;\n  background-color: #f6f6f6;\n}\n<\/style>\n\t<\/section>","protected":false},"excerpt":{"rendered":"","protected":false},"author":2,"featured_media":0,"parent":0,"menu_order":0,"comment_status":"closed","ping_status":"closed","template":"","meta":{"footnotes":""},"class_list":["post-10229","page","type-page","status-publish","hentry"],"yoast_head":"<!-- This site is optimized with the Yoast SEO Premium plugin v27.4 (Yoast SEO v27.4) - https:\/\/yoast.com\/product\/yoast-seo-premium-wordpress\/ -->\n<title>From Bottle to PET Felt | Sustainable Manufacturing<\/title>\n<meta name=\"description\" content=\"Witness the transformation of recycled plastic bottles into high-performance acoustic felt. Join our mission to reduce global waste through design innovation.\" \/>\n<meta name=\"robots\" content=\"index, follow, max-snippet:-1, max-image-preview:large, max-video-preview:-1\" \/>\n<link rel=\"canonical\" href=\"https:\/\/feltvibe.com\/tr\/si\u0307seden-kece-yapragina-pet-kece-nasil-yapilir\/\" \/>\n<meta property=\"og:locale\" content=\"tr_TR\" \/>\n<meta property=\"og:type\" content=\"article\" \/>\n<meta property=\"og:title\" content=\"How We Make PET Felt: From Recycled Bottles to Sheets\" \/>\n<meta property=\"og:description\" content=\"Discover the eco-friendly journey of our acoustic panels. We turn billions of discarded plastic bottles into premium, high-performance felt solutions.\" \/>\n<meta property=\"og:url\" content=\"https:\/\/feltvibe.com\/tr\/si\u0307seden-kece-yapragina-pet-kece-nasil-yapilir\/\" \/>\n<meta property=\"og:site_name\" content=\"Feltvibe | Acoustic Felt\" \/>\n<meta property=\"article:publisher\" content=\"https:\/\/www.facebook.com\/Gentug\" \/>\n<meta property=\"article:modified_time\" content=\"2026-03-13T07:18:41+00:00\" \/>\n<meta property=\"og:image\" content=\"https:\/\/feltvibe.com\/uploads\/arketa-pet-felt-panel-1.jpg\" \/>\n\t<meta property=\"og:image:width\" content=\"500\" \/>\n\t<meta property=\"og:image:height\" content=\"425\" \/>\n\t<meta property=\"og:image:type\" content=\"image\/jpeg\" \/>\n<meta name=\"twitter:card\" content=\"summary_large_image\" \/>\n<meta name=\"twitter:title\" content=\"Sustainable PET Felt: From Bottle to Sheet\" \/>\n<meta name=\"twitter:description\" content=\"See how we recycle plastic bottles into high-quality acoustic felt. Innovation meets sustainability in every sheet we produce.\" \/>\n<meta name=\"twitter:label1\" content=\"Tahmini okuma s\u00fcresi\" \/>\n\t<meta name=\"twitter:data1\" content=\"2 dakika\" \/>\n<script type=\"application\/ld+json\" class=\"yoast-schema-graph\">{\"@context\":\"https:\\\/\\\/schema.org\",\"@graph\":[{\"@type\":\"WebPage\",\"@id\":\"https:\\\/\\\/feltvibe.com\\\/from-bottle-to-felt-sheets-how-we-make-pet-felt\\\/\",\"url\":\"https:\\\/\\\/feltvibe.com\\\/from-bottle-to-felt-sheets-how-we-make-pet-felt\\\/\",\"name\":\"From Bottle to PET Felt | Sustainable Manufacturing\",\"isPartOf\":{\"@id\":\"https:\\\/\\\/feltvibe.com\\\/#website\"},\"datePublished\":\"2025-06-09T16:02:36+00:00\",\"dateModified\":\"2026-03-13T07:18:41+00:00\",\"description\":\"Witness the transformation of recycled plastic bottles into high-performance acoustic felt. Join our mission to reduce global waste through design innovation.\",\"breadcrumb\":{\"@id\":\"https:\\\/\\\/feltvibe.com\\\/from-bottle-to-felt-sheets-how-we-make-pet-felt\\\/#breadcrumb\"},\"inLanguage\":\"tr\",\"potentialAction\":[{\"@type\":\"ReadAction\",\"target\":[\"https:\\\/\\\/feltvibe.com\\\/from-bottle-to-felt-sheets-how-we-make-pet-felt\\\/\"]}]},{\"@type\":\"BreadcrumbList\",\"@id\":\"https:\\\/\\\/feltvibe.com\\\/from-bottle-to-felt-sheets-how-we-make-pet-felt\\\/#breadcrumb\",\"itemListElement\":[{\"@type\":\"ListItem\",\"position\":1,\"name\":\"Home\",\"item\":\"https:\\\/\\\/feltvibe.com\\\/\"},{\"@type\":\"ListItem\",\"position\":2,\"name\":\"From Bottle to Felt Sheets: How We Make Felt\"}]},{\"@type\":\"WebSite\",\"@id\":\"https:\\\/\\\/feltvibe.com\\\/#website\",\"url\":\"https:\\\/\\\/feltvibe.com\\\/\",\"name\":\"Feltvibe Acoustic Felt\",\"description\":\"Feltvibe is a leading manufacturer providing innovative felt solutions for various industries, including thermoforming and automotive. Specializing in high-quality felt products, the company offers custom design and production services tailored to meet customer needs. Feltvibe is committed to creating sustainable, durable, and eco-friendly products while staying up to date with technological advancements. With a strong focus on customer satisfaction, the company ensures top-tier quality in all of its solutions.\",\"publisher\":{\"@id\":\"https:\\\/\\\/feltvibe.com\\\/#organization\"},\"potentialAction\":[{\"@type\":\"SearchAction\",\"target\":{\"@type\":\"EntryPoint\",\"urlTemplate\":\"https:\\\/\\\/feltvibe.com\\\/?s={search_term_string}\"},\"query-input\":{\"@type\":\"PropertyValueSpecification\",\"valueRequired\":true,\"valueName\":\"search_term_string\"}}],\"inLanguage\":\"tr\"},{\"@type\":\"Organization\",\"@id\":\"https:\\\/\\\/feltvibe.com\\\/#organization\",\"name\":\"Feltvibe is a leading manufacturer providing innovative acoustic and industrial felt solutions for various industries, including thermoformable PET felt panels and sustainable textile applications.\",\"alternateName\":\"Feltvibe by Gentu\u011f Tekstil\",\"url\":\"https:\\\/\\\/feltvibe.com\\\/\",\"logo\":{\"@type\":\"ImageObject\",\"inLanguage\":\"tr\",\"@id\":\"https:\\\/\\\/feltvibe.com\\\/#\\\/schema\\\/logo\\\/image\\\/\",\"url\":\"https:\\\/\\\/feltvibe.com\\\/uploads\\\/feltvibe-dark-logo-final.svg\",\"contentUrl\":\"https:\\\/\\\/feltvibe.com\\\/uploads\\\/feltvibe-dark-logo-final.svg\",\"width\":1,\"height\":1,\"caption\":\"Feltvibe is a leading manufacturer providing innovative acoustic and industrial felt solutions for various industries, including thermoformable PET felt panels and sustainable textile applications.\"},\"image\":{\"@id\":\"https:\\\/\\\/feltvibe.com\\\/#\\\/schema\\\/logo\\\/image\\\/\"},\"sameAs\":[\"https:\\\/\\\/www.facebook.com\\\/Gentug\",\"https:\\\/\\\/www.instagram.com\\\/felt.vibe\\\/\",\"https:\\\/\\\/www.linkedin.com\\\/company\\\/feltvibe\"],\"description\":\"Gentu\u011f Textile is the main and the most reliable technical textile manufacturer in Turkey, providing high quality products to the worldwide markets.\",\"email\":\"info@feltvibe.com\",\"telephone\":\"+90 212 637 09 89\",\"legalName\":\"Gentu\u011f Tekstil \u00dcr\u00fcn. San. Tic. A.\u015e.\",\"foundingDate\":\"1917-01-01\",\"vatID\":\"3940016139\",\"taxID\":\"MARMARA KURUMLAR\",\"numberOfEmployees\":{\"@type\":\"QuantitativeValue\",\"minValue\":\"501\",\"maxValue\":\"1000\"},\"publishingPrinciples\":\"https:\\\/\\\/feltvibe.com\\\/privacy-policy\\\/\",\"ownershipFundingInfo\":\"https:\\\/\\\/feltvibe.com\\\/about-us\\\/\",\"actionableFeedbackPolicy\":\"https:\\\/\\\/feltvibe.com\\\/contact-us\\\/\",\"correctionsPolicy\":\"https:\\\/\\\/feltvibe.com\\\/certification\\\/\",\"ethicsPolicy\":\"https:\\\/\\\/feltvibe.com\\\/privacy-policy\\\/\",\"diversityPolicy\":\"https:\\\/\\\/feltvibe.com\\\/privacy-policy\\\/\",\"diversityStaffingReport\":\"https:\\\/\\\/feltvibe.com\\\/contact-us\\\/\"}]}<\/script>\n<!-- \/ Yoast SEO Premium plugin. -->","yoast_head_json":{"title":"From Bottle to PET Felt | Sustainable Manufacturing","description":"Witness the transformation of recycled plastic bottles into high-performance acoustic felt. Join our mission to reduce global waste through design innovation.","robots":{"index":"index","follow":"follow","max-snippet":"max-snippet:-1","max-image-preview":"max-image-preview:large","max-video-preview":"max-video-preview:-1"},"canonical":"https:\/\/feltvibe.com\/tr\/si\u0307seden-kece-yapragina-pet-kece-nasil-yapilir\/","og_locale":"tr_TR","og_type":"article","og_title":"How We Make PET Felt: From Recycled Bottles to Sheets","og_description":"Discover the eco-friendly journey of our acoustic panels. We turn billions of discarded plastic bottles into premium, high-performance felt solutions.","og_url":"https:\/\/feltvibe.com\/tr\/si\u0307seden-kece-yapragina-pet-kece-nasil-yapilir\/","og_site_name":"Feltvibe | Acoustic Felt","article_publisher":"https:\/\/www.facebook.com\/Gentug","article_modified_time":"2026-03-13T07:18:41+00:00","og_image":[{"width":500,"height":425,"url":"https:\/\/feltvibe.com\/uploads\/arketa-pet-felt-panel-1.jpg","type":"image\/jpeg"}],"twitter_card":"summary_large_image","twitter_title":"Sustainable PET Felt: From Bottle to Sheet","twitter_description":"See how we recycle plastic bottles into high-quality acoustic felt. Innovation meets sustainability in every sheet we produce.","twitter_misc":{"Tahmini okuma s\u00fcresi":"2 dakika"},"schema":{"@context":"https:\/\/schema.org","@graph":[{"@type":"WebPage","@id":"https:\/\/feltvibe.com\/from-bottle-to-felt-sheets-how-we-make-pet-felt\/","url":"https:\/\/feltvibe.com\/from-bottle-to-felt-sheets-how-we-make-pet-felt\/","name":"From Bottle to PET Felt | Sustainable Manufacturing","isPartOf":{"@id":"https:\/\/feltvibe.com\/#website"},"datePublished":"2025-06-09T16:02:36+00:00","dateModified":"2026-03-13T07:18:41+00:00","description":"Witness the transformation of recycled plastic bottles into high-performance acoustic felt. Join our mission to reduce global waste through design innovation.","breadcrumb":{"@id":"https:\/\/feltvibe.com\/from-bottle-to-felt-sheets-how-we-make-pet-felt\/#breadcrumb"},"inLanguage":"tr","potentialAction":[{"@type":"ReadAction","target":["https:\/\/feltvibe.com\/from-bottle-to-felt-sheets-how-we-make-pet-felt\/"]}]},{"@type":"BreadcrumbList","@id":"https:\/\/feltvibe.com\/from-bottle-to-felt-sheets-how-we-make-pet-felt\/#breadcrumb","itemListElement":[{"@type":"ListItem","position":1,"name":"Home","item":"https:\/\/feltvibe.com\/"},{"@type":"ListItem","position":2,"name":"From Bottle to Felt Sheets: How We Make Felt"}]},{"@type":"WebSite","@id":"https:\/\/feltvibe.com\/#website","url":"https:\/\/feltvibe.com\/","name":"Feltvibe Akustik Ke\u00e7e","description":"Feltvibe, termoform ve otomotiv dahil olmak \u00fczere \u00e7e\u015fitli end\u00fcstriler i\u00e7in yenilik\u00e7i ke\u00e7e \u00e7\u00f6z\u00fcmleri sunan lider bir \u00fcreticidir. Y\u00fcksek kaliteli ke\u00e7e \u00fcr\u00fcnlerinde uzmanla\u015fan \u015firket, m\u00fc\u015fteri ihtiya\u00e7lar\u0131n\u0131 kar\u015f\u0131lamak i\u00e7in \u00f6zel tasar\u0131m ve \u00fcretim hizmetleri sunmaktad\u0131r. Feltvibe, teknolojik geli\u015fmeleri takip ederken s\u00fcrd\u00fcr\u00fclebilir, dayan\u0131kl\u0131 ve \u00e7evre dostu \u00fcr\u00fcnler yaratmaya kendini adam\u0131\u015ft\u0131r. M\u00fc\u015fteri memnuniyetine g\u00fc\u00e7l\u00fc bir \u015fekilde odaklanan \u015firket, t\u00fcm \u00e7\u00f6z\u00fcmlerinde en \u00fcst d\u00fczey kaliteyi sa\u011flar.","publisher":{"@id":"https:\/\/feltvibe.com\/#organization"},"potentialAction":[{"@type":"SearchAction","target":{"@type":"EntryPoint","urlTemplate":"https:\/\/feltvibe.com\/?s={search_term_string}"},"query-input":{"@type":"PropertyValueSpecification","valueRequired":true,"valueName":"search_term_string"}}],"inLanguage":"tr"},{"@type":"Organization","@id":"https:\/\/feltvibe.com\/#organization","name":"Feltvibe, \u0131s\u0131yla \u015fekillendirilebilir PET ke\u00e7e paneller ve s\u00fcrd\u00fcr\u00fclebilir tekstil uygulamalar\u0131 dahil olmak \u00fczere \u00e7e\u015fitli end\u00fcstriler i\u00e7in yenilik\u00e7i akustik ve end\u00fcstriyel ke\u00e7e \u00e7\u00f6z\u00fcmleri sunan lider bir \u00fcreticidir.","alternateName":"Feltvibe by Gentu\u011f Tekstil","url":"https:\/\/feltvibe.com\/","logo":{"@type":"ImageObject","inLanguage":"tr","@id":"https:\/\/feltvibe.com\/#\/schema\/logo\/image\/","url":"https:\/\/feltvibe.com\/uploads\/feltvibe-dark-logo-final.svg","contentUrl":"https:\/\/feltvibe.com\/uploads\/feltvibe-dark-logo-final.svg","width":1,"height":1,"caption":"Feltvibe is a leading manufacturer providing innovative acoustic and industrial felt solutions for various industries, including thermoformable PET felt panels and sustainable textile applications."},"image":{"@id":"https:\/\/feltvibe.com\/#\/schema\/logo\/image\/"},"sameAs":["https:\/\/www.facebook.com\/Gentug","https:\/\/www.instagram.com\/felt.vibe\/","https:\/\/www.linkedin.com\/company\/feltvibe"],"description":"Gentu\u011f Tekstil, d\u00fcnya pazarlar\u0131na y\u00fcksek kaliteli \u00fcr\u00fcnler sunan T\u00fcrkiye'nin ana ve en g\u00fcvenilir teknik tekstil \u00fcreticisidir.","email":"info@feltvibe.com","telephone":"+90 212 637 09 89","legalName":"Gentu\u011f Tekstil \u00dcr\u00fcn. San. Tic. A.\u015e.","foundingDate":"1917-01-01","vatID":"3940016139","taxID":"MARMARA KURUMLAR","numberOfEmployees":{"@type":"QuantitativeValue","minValue":"501","maxValue":"1000"},"publishingPrinciples":"https:\/\/feltvibe.com\/privacy-policy\/","ownershipFundingInfo":"https:\/\/feltvibe.com\/about-us\/","actionableFeedbackPolicy":"https:\/\/feltvibe.com\/contact-us\/","correctionsPolicy":"https:\/\/feltvibe.com\/certification\/","ethicsPolicy":"https:\/\/feltvibe.com\/privacy-policy\/","diversityPolicy":"https:\/\/feltvibe.com\/privacy-policy\/","diversityStaffingReport":"https:\/\/feltvibe.com\/contact-us\/"}]}},"_links":{"self":[{"href":"https:\/\/feltvibe.com\/tr\/wp-json\/wp\/v2\/pages\/10229","targetHints":{"allow":["GET"]}}],"collection":[{"href":"https:\/\/feltvibe.com\/tr\/wp-json\/wp\/v2\/pages"}],"about":[{"href":"https:\/\/feltvibe.com\/tr\/wp-json\/wp\/v2\/types\/page"}],"author":[{"embeddable":true,"href":"https:\/\/feltvibe.com\/tr\/wp-json\/wp\/v2\/users\/2"}],"replies":[{"embeddable":true,"href":"https:\/\/feltvibe.com\/tr\/wp-json\/wp\/v2\/comments?post=10229"}],"version-history":[{"count":31,"href":"https:\/\/feltvibe.com\/tr\/wp-json\/wp\/v2\/pages\/10229\/revisions"}],"predecessor-version":[{"id":17255,"href":"https:\/\/feltvibe.com\/tr\/wp-json\/wp\/v2\/pages\/10229\/revisions\/17255"}],"wp:attachment":[{"href":"https:\/\/feltvibe.com\/tr\/wp-json\/wp\/v2\/media?parent=10229"}],"curies":[{"name":"wp","href":"https:\/\/api.w.org\/{rel}","templated":true}]}}