{"id":1030,"date":"2024-09-08T12:11:34","date_gmt":"2024-09-08T09:11:34","guid":{"rendered":"https:\/\/feltvibe.com\/?page_id=1030"},"modified":"2026-03-13T10:20:16","modified_gmt":"2026-03-13T07:20:16","slug":"belgelendirme","status":"publish","type":"page","link":"https:\/\/feltvibe.com\/tr\/certification\/","title":{"rendered":"Sertifikasyon"},"content":{"rendered":"<section class=\"section\" id=\"section_528229577\">\n\t\t<div class=\"bg section-bg fill bg-fill  bg-loaded\" >\n\n\t\t\t\n\t\t\t\n\t\t\t\n\n\t\t<\/div>\n\n\t\t\n\n\t\t<div class=\"section-content relative\">\n\t\t\t\n\t<div id=\"gap-497507242\" class=\"gap-element clearfix\" style=\"display:block; height:auto;\">\n\t\t\n<style>\n#gap-497507242 {\n  padding-top: 5vh;\n}\n<\/style>\n\t<\/div>\n\t\n<div class=\"row row-small align-equal align-center\"  id=\"row-1409067636\">\n\n\t<div id=\"col-964388574\" class=\"col small-12 large-12\"  >\n\t\t\t\t<div class=\"col-inner\"  >\n\t\t\t\n\t\t\t\n\t<div id=\"text-1487286582\" class=\"text\">\n\t\t\n<p>Sertifikasyon<\/p>\n\t\t\n<style>\n#text-1487286582 {\n  font-size: 1.8rem;\n  line-height: 0.75;\n  text-align: center;\n}\n@media (min-width:550px) {\n  #text-1487286582 {\n    text-align: center;\n  }\n}\n@media (min-width:850px) {\n  #text-1487286582 {\n    text-align: left;\n  }\n}\n<\/style>\n\t<\/div>\n\t\n<div class=\"text-center\"><div class=\"is-divider divider clearfix\" style=\"margin-top:0px;margin-bottom:0px;max-width:100%;height:1px;background-color:rgb(68, 69, 69);\"><\/div><\/div>\n\t\t<\/div>\n\t\t\t\t\t<\/div>\n\n\t\n<\/div>\n<div class=\"row row-collapse align-middle\"  id=\"row-1802151872\">\n\n\t<div id=\"col-2071087470\" class=\"col medium-5 small-12 large-5\"  >\n\t\t\t\t<div class=\"col-inner text-center\"  >\n\t\t\t\n\t\t\t\n\t<div class=\"img has-hover x md-x lg-x y md-y lg-y\" id=\"image_1694299883\">\n\t\t\t\t\t\t\t\t<div class=\"img-inner dark\" >\n\t\t\t<img decoding=\"async\" src=\"https:\/\/feltvibe.com\/uploads\/Oeko-Tex-1-icon.svg\" class=\"attachment-original size-original\" alt=\"\" \/>\t\t\t\t\t\t\n\t\t\t\t\t<\/div>\n\t\t\t\t\t\t\t\t\n<style>\n#image_1694299883 {\n  width: 40%;\n}\n<\/style>\n\t<\/div>\n\t\n\t\t<\/div>\n\t\t\t\t\t<\/div>\n\n\t\n\n\t<div id=\"col-1256630639\" class=\"col medium-7 small-12 large-7\"  >\n\t\t\t\t<div class=\"col-inner\"  >\n\t\t\t\n\t\t\t\n\t<div id=\"text-3417140762\" class=\"text\">\n\t\t\n<p><strong>OEKO-TEX<\/strong><\/p>\n\t\t\n<style>\n#text-3417140762 {\n  font-size: 1.5rem;\n}\n<\/style>\n\t<\/div>\n\t\n<p>FeltVibe\u00ae, OEKO-TEX\u00ae sertifikas\u0131na sahiptir; bu da \u00fcr\u00fcnlerimizin sa\u011fl\u0131\u011fa zararl\u0131 herhangi bir madde i\u00e7ermedi\u011fini garanti eder. OEKO-TEX\u00ae Standard 100, \u00fcr\u00fcn g\u00fcvenli\u011fi ve t\u00fcketici sa\u011fl\u0131\u011f\u0131 a\u00e7\u0131s\u0131ndan d\u00fcnyada en bilinen ve en g\u00fcvenilir sertifikalardan biridir.<\/p>\n<div class=\"row\"  id=\"row-1372866799\">\n\n\t<div id=\"col-600434355\" class=\"col small-12 large-12\"  >\n\t\t\t\t<div class=\"col-inner\"  >\n\t\t\t\n\t\t\t\n<div class=\"row\"  id=\"row-1048043311\">\n\n\t<div id=\"col-3121552\" class=\"col medium-4 small-12 large-4\"  >\n\t\t\t\t<div class=\"col-inner\"  >\n\t\t\t\n\t\t\t\n<a href=\"https:\/\/feltvibe.com\/uploads\/Enviorement-OEKO-TEX.pdf\" target=\"_blank\" class=\"button primary is-outline expand\" rel=\"noopener\"  >\n    <span>\u0130ND\u0130R<\/span>\n  <\/a>\n\n\t\t<\/div>\n\t\t\t\t\t<\/div>\n\n\t\n<\/div>\n\t\t<\/div>\n\t\t\t\t\t<\/div>\n\n\t\n<\/div>\n\t\t<\/div>\n\t\t\t\t\t<\/div>\n\n\t\n<\/div>\n<div class=\"row row-small align-equal align-center\"  id=\"row-922774727\">\n\n\t<div id=\"col-794140032\" class=\"col small-12 large-12\"  >\n\t\t\t\t<div class=\"col-inner\"  >\n\t\t\t\n\t\t\t\n<div class=\"text-center\"><div class=\"is-divider divider clearfix\" style=\"margin-top:0px;margin-bottom:0px;max-width:100%;height:1px;background-color:rgb(68, 69, 69);\"><\/div><\/div>\n\t\t<\/div>\n\t\t\t\t\t<\/div>\n\n\t\n<\/div>\n<div class=\"row align-middle\"  id=\"row-581259667\">\n\n\t<div id=\"col-964496317\" class=\"col medium-5 small-12 large-5\"  >\n\t\t\t\t<div class=\"col-inner text-center\"  >\n\t\t\t\n\t\t\t\n\t<div class=\"img has-hover x md-x lg-x y md-y lg-y\" id=\"image_2098816644\">\n\t\t\t\t\t\t\t\t<div class=\"img-inner dark\" >\n\t\t\t<img loading=\"lazy\" decoding=\"async\" width=\"1\" height=\"1\" src=\"https:\/\/feltvibe.com\/uploads\/blx-logo-yeni-1-1-1-BLX-Acoustic-Reserach-Lab.svg\" class=\"attachment-large size-large\" alt=\"\" \/>\t\t\t\t\t\t\n\t\t\t\t\t<\/div>\n\t\t\t\t\t\t\t\t\n<style>\n#image_2098816644 {\n  width: 50%;\n}\n<\/style>\n\t<\/div>\n\t\n\t\t<\/div>\n\t\t\t\t\t<\/div>\n\n\t\n\n\t<div id=\"col-1324472199\" class=\"col medium-7 small-12 large-7\"  >\n\t\t\t\t<div class=\"col-inner\"  >\n\t\t\t\n\t\t\t\n\t<div id=\"text-2797177427\" class=\"text\">\n\t\t\n<p><strong>BLX Akustik Ara\u015ft\u0131rma Laboratuvar\u0131.<\/strong><\/p>\n\t\t\n<style>\n#text-2797177427 {\n  font-size: 1.5rem;\n}\n<\/style>\n\t<\/div>\n\t\n<p>BLX Akustik Ara\u015ft\u0131rma Laboratuvar\u0131, malzemelerin akustik performans\u0131n\u0131 ASTM ve ISO standartlar\u0131na uygun olarak test eden, T\u00fcrkiye\u2019nin \u00f6zel stat\u00fcye sahip ilk ve tek Ar-Ge laboratuvar\u0131d\u0131r. Laboratuvar b\u00fcnyesinde, ses yutma performans\u0131n\u0131 \u00f6l\u00e7mek i\u00e7in akredite yank\u0131 odas\u0131 ile yap\u0131 elemanlar\u0131 ve in\u015faat malzemeleri \u00fczerinde akustik testlerin yap\u0131labildi\u011fi ses ge\u00e7i\u015f kayb\u0131 odalar\u0131 bulunmaktad\u0131r.<\/p>\n\t\t<\/div>\n\t\t\t\t\t<\/div>\n\n\t\n<\/div>\n<div class=\"row row-small align-equal align-center\"  id=\"row-242293654\">\n\n\t<div id=\"col-1700877014\" class=\"col small-12 large-12\"  >\n\t\t\t\t<div class=\"col-inner\"  >\n\t\t\t\n\t\t\t\n<div class=\"text-center\"><div class=\"is-divider divider clearfix\" style=\"margin-top:0px;margin-bottom:0px;max-width:100%;height:1px;background-color:rgb(68, 69, 69);\"><\/div><\/div>\n\t\t<\/div>\n\t\t\t\t\t<\/div>\n\n\t\n<\/div>\n<div class=\"row align-middle\"  id=\"row-580529526\">\n\n\t<div id=\"col-2062986339\" class=\"col medium-5 small-12 large-5\"  >\n\t\t\t\t<div class=\"col-inner text-center\"  >\n\t\t\t\n\t\t\t\n\t<div class=\"img has-hover x md-x lg-x y md-y lg-y\" id=\"image_19113358\">\n\t\t\t\t\t\t\t\t<div class=\"img-inner dark\" >\n\t\t\t<img loading=\"lazy\" decoding=\"async\" width=\"1\" height=\"1\" src=\"https:\/\/feltvibe.com\/uploads\/Efectis-icon-1.svg\" class=\"attachment-large size-large\" alt=\"\" \/>\t\t\t\t\t\t\n\t\t\t\t\t<\/div>\n\t\t\t\t\t\t\t\t\n<style>\n#image_19113358 {\n  width: 50%;\n}\n<\/style>\n\t<\/div>\n\t\n\t\t<\/div>\n\t\t\t\t\t<\/div>\n\n\t\n\n\t<div id=\"col-587661788\" class=\"col medium-7 small-12 large-7\"  >\n\t\t\t\t<div class=\"col-inner\"  >\n\t\t\t\n\t\t\t\n\t<div id=\"text-3446904268\" class=\"text\">\n\t\t\n<p><strong>Efectis<\/strong><\/p>\n\t\t\n<style>\n#text-3446904268 {\n  font-size: 1.5rem;\n}\n<\/style>\n\t<\/div>\n\t\n<p>Efectis, bina sahiplerine, \u00fcr\u00fcn \u00fcreticilerine ve yetkili kurumlara; \u00fcr\u00fcnlerin do\u011fru gerekliliklerinin belirlenmesi, performanslar\u0131n\u0131n \u00f6l\u00e7\u00fclmesi ve binalar\u0131n yang\u0131n g\u00fcvenli\u011fi \u00fczerindeki etkilerinin de\u011ferlendirilmesi konular\u0131nda bilgi ve deneyimiyle destek sunar.<\/p>\n<p>Efectis, sahip oldu\u011fu uzmanl\u0131kla, yang\u0131n g\u00fcvenli\u011fi gerekliliklerine en uygun yap\u0131 malzemelerinin se\u00e7imi, uygulanmas\u0131 ve kullan\u0131m\u0131 konusunda sekt\u00f6re destek verir.<\/p>\n\t\t<\/div>\n\t\t\t\t\t<\/div>\n\n\t\n<\/div>\n<div class=\"row row-small align-equal align-center\"  id=\"row-166125638\">\n\n\t<div id=\"col-77191300\" class=\"col small-12 large-12\"  >\n\t\t\t\t<div class=\"col-inner\"  >\n\t\t\t\n\t\t\t\n<div class=\"text-center\"><div class=\"is-divider divider clearfix\" style=\"margin-top:0px;margin-bottom:0px;max-width:100%;height:1px;background-color:rgb(68, 69, 69);\"><\/div><\/div>\n\t\t<\/div>\n\t\t\t\t\t<\/div>\n\n\t\n<\/div>\n<div class=\"row align-middle\"  id=\"row-1678733250\">\n\n\t<div id=\"col-1775239526\" class=\"col medium-5 small-12 large-5\"  >\n\t\t\t\t<div class=\"col-inner text-center\"  >\n\t\t\t\n\t\t\t\n\t<div class=\"img has-hover x md-x lg-x y md-y lg-y\" id=\"image_859632823\">\n\t\t\t\t\t\t\t\t<div class=\"img-inner dark\" >\n\t\t\t<img loading=\"lazy\" decoding=\"async\" width=\"1\" height=\"1\" src=\"https:\/\/feltvibe.com\/uploads\/ekoteks-logo.svg\" class=\"attachment-large size-large\" alt=\"\" \/>\t\t\t\t\t\t\n\t\t\t\t\t<\/div>\n\t\t\t\t\t\t\t\t\n<style>\n#image_859632823 {\n  width: 50%;\n}\n<\/style>\n\t<\/div>\n\t\n\t\t<\/div>\n\t\t\t\t\t<\/div>\n\n\t\n\n\t<div id=\"col-982066818\" class=\"col medium-7 small-12 large-7\"  >\n\t\t\t\t<div class=\"col-inner\"  >\n\t\t\t\n\t\t\t\n\t<div id=\"text-414317395\" class=\"text\">\n\t\t\n<p><strong>Ekoteks<\/strong><\/p>\n\t\t\n<style>\n#text-414317395 {\n  font-size: 1.5rem;\n}\n<\/style>\n\t<\/div>\n\t\n<p>Tekstil Ekolojik Test Ara\u015ft\u0131rma ve Geli\u015ftirme Merkezi, T\u00fcrkiye\u2019nin \u00f6zel stat\u00fcye sahip ilk ve tek laboratuvar\u0131d\u0131r. Merkez, tekstil malzemelerinin ekolojik performans\u0131n\u0131 ASTM ve ISO standartlar\u0131na uygun olarak test etme konusunda uzmanla\u015fm\u0131\u015ft\u0131r. Laboratuvarda y\u00fcr\u00fct\u00fclen t\u00fcm faaliyetler akredite olup, \u00e7evre dostu \u00fcr\u00fcnlerin geli\u015ftirilmesine katk\u0131 sa\u011flamak amac\u0131yla ileri d\u00fczey analiz ekipmanlar\u0131 kullan\u0131lmaktad\u0131r. Malzemelerin s\u00fcrd\u00fcr\u00fclebilirlik performans\u0131n\u0131 de\u011ferlendirmek ve \u00fcr\u00fcnlerin ekolojik etkilerini analiz etmek \u00fczere kapsaml\u0131 ara\u015ft\u0131rmalar ger\u00e7ekle\u015ftirilmektedir.<\/p>\n\t\t<\/div>\n\t\t\t\t\t<\/div>\n\n\t\n<\/div>\n\t\t<\/div>\n\n\t\t\n<style>\n#section_528229577 {\n  padding-top: 0px;\n  padding-bottom: 0px;\n  background-color: rgb(227, 227, 227);\n}\n<\/style>\n\t<\/section>","protected":false},"excerpt":{"rendered":"","protected":false},"author":1,"featured_media":0,"parent":0,"menu_order":0,"comment_status":"closed","ping_status":"closed","template":"","meta":{"footnotes":""},"class_list":["post-1030","page","type-page","status-publish","hentry"],"yoast_head":"<!-- This site is optimized with the Yoast SEO Premium plugin v27.4 (Yoast SEO v27.4) - https:\/\/yoast.com\/product\/yoast-seo-premium-wordpress\/ -->\n<title>Certified Acoustic Safety | OEKO-TEX &amp; BLX Tested Felt<\/title>\n<meta name=\"description\" content=\"Trust in safety with OEKO-TEX Standard 100 certified PET felt. Our products undergo rigorous BLX laboratory testing to ensure non-toxic, healthy interiors.\" \/>\n<meta name=\"robots\" content=\"index, follow, max-snippet:-1, max-image-preview:large, max-video-preview:-1\" \/>\n<link rel=\"canonical\" href=\"https:\/\/feltvibe.com\/tr\/belgelendirme\/\" \/>\n<meta property=\"og:locale\" content=\"tr_TR\" \/>\n<meta property=\"og:type\" content=\"article\" \/>\n<meta property=\"og:title\" content=\"Certified Acoustic Safety | OEKO-TEX &amp; BLX Lab Tested\" \/>\n<meta property=\"og:description\" content=\"FeltVibe is OEKO-TEX certified, ensuring your acoustic panels are free from harmful substances. Tested in Turkey&#039;s leading BLX Research Lab.\" \/>\n<meta property=\"og:url\" content=\"https:\/\/feltvibe.com\/tr\/belgelendirme\/\" \/>\n<meta property=\"og:site_name\" content=\"Feltvibe | Acoustic Felt\" \/>\n<meta property=\"article:publisher\" content=\"https:\/\/www.facebook.com\/Gentug\" \/>\n<meta property=\"article:modified_time\" content=\"2026-03-13T07:20:16+00:00\" \/>\n<meta property=\"og:image\" content=\"https:\/\/feltvibe.com\/uploads\/arketa-pet-felt-panel-1.jpg\" \/>\n\t<meta property=\"og:image:width\" content=\"500\" \/>\n\t<meta property=\"og:image:height\" content=\"425\" \/>\n\t<meta property=\"og:image:type\" content=\"image\/jpeg\" \/>\n<meta name=\"twitter:card\" content=\"summary_large_image\" \/>\n<meta name=\"twitter:title\" content=\"Certified Safety | OEKO-TEX &amp; BLX Tested PET Felt\" \/>\n<meta name=\"twitter:description\" content=\"Non-toxic and healthy. Our PET felt is OEKO-TEX certified and BLX lab tested for maximum safety and performance.\" \/>\n<meta name=\"twitter:label1\" content=\"Tahmini okuma s\u00fcresi\" \/>\n\t<meta name=\"twitter:data1\" content=\"2 dakika\" \/>\n<script type=\"application\/ld+json\" class=\"yoast-schema-graph\">{\"@context\":\"https:\\\/\\\/schema.org\",\"@graph\":[{\"@type\":\"WebPage\",\"@id\":\"https:\\\/\\\/feltvibe.com\\\/certification\\\/\",\"url\":\"https:\\\/\\\/feltvibe.com\\\/certification\\\/\",\"name\":\"Certified Acoustic Safety | OEKO-TEX & BLX Tested Felt\",\"isPartOf\":{\"@id\":\"https:\\\/\\\/feltvibe.com\\\/#website\"},\"datePublished\":\"2024-09-08T09:11:34+00:00\",\"dateModified\":\"2026-03-13T07:20:16+00:00\",\"description\":\"Trust in safety with OEKO-TEX Standard 100 certified PET felt. Our products undergo rigorous BLX laboratory testing to ensure non-toxic, healthy interiors.\",\"breadcrumb\":{\"@id\":\"https:\\\/\\\/feltvibe.com\\\/certification\\\/#breadcrumb\"},\"inLanguage\":\"tr\",\"potentialAction\":[{\"@type\":\"ReadAction\",\"target\":[\"https:\\\/\\\/feltvibe.com\\\/certification\\\/\"]}]},{\"@type\":\"BreadcrumbList\",\"@id\":\"https:\\\/\\\/feltvibe.com\\\/certification\\\/#breadcrumb\",\"itemListElement\":[{\"@type\":\"ListItem\",\"position\":1,\"name\":\"Home\",\"item\":\"https:\\\/\\\/feltvibe.com\\\/\"},{\"@type\":\"ListItem\",\"position\":2,\"name\":\"Certification\"}]},{\"@type\":\"WebSite\",\"@id\":\"https:\\\/\\\/feltvibe.com\\\/#website\",\"url\":\"https:\\\/\\\/feltvibe.com\\\/\",\"name\":\"Feltvibe Acoustic Felt\",\"description\":\"Feltvibe is a leading manufacturer providing innovative felt solutions for various industries, including thermoforming and automotive. Specializing in high-quality felt products, the company offers custom design and production services tailored to meet customer needs. Feltvibe is committed to creating sustainable, durable, and eco-friendly products while staying up to date with technological advancements. With a strong focus on customer satisfaction, the company ensures top-tier quality in all of its solutions.\",\"publisher\":{\"@id\":\"https:\\\/\\\/feltvibe.com\\\/#organization\"},\"potentialAction\":[{\"@type\":\"SearchAction\",\"target\":{\"@type\":\"EntryPoint\",\"urlTemplate\":\"https:\\\/\\\/feltvibe.com\\\/?s={search_term_string}\"},\"query-input\":{\"@type\":\"PropertyValueSpecification\",\"valueRequired\":true,\"valueName\":\"search_term_string\"}}],\"inLanguage\":\"tr\"},{\"@type\":\"Organization\",\"@id\":\"https:\\\/\\\/feltvibe.com\\\/#organization\",\"name\":\"Feltvibe is a leading manufacturer providing innovative acoustic and industrial felt solutions for various industries, including thermoformable PET felt panels and sustainable textile applications.\",\"alternateName\":\"Feltvibe by Gentu\u011f Tekstil\",\"url\":\"https:\\\/\\\/feltvibe.com\\\/\",\"logo\":{\"@type\":\"ImageObject\",\"inLanguage\":\"tr\",\"@id\":\"https:\\\/\\\/feltvibe.com\\\/#\\\/schema\\\/logo\\\/image\\\/\",\"url\":\"https:\\\/\\\/feltvibe.com\\\/uploads\\\/feltvibe-dark-logo-final.svg\",\"contentUrl\":\"https:\\\/\\\/feltvibe.com\\\/uploads\\\/feltvibe-dark-logo-final.svg\",\"width\":1,\"height\":1,\"caption\":\"Feltvibe is a leading manufacturer providing innovative acoustic and industrial felt solutions for various industries, including thermoformable PET felt panels and sustainable textile applications.\"},\"image\":{\"@id\":\"https:\\\/\\\/feltvibe.com\\\/#\\\/schema\\\/logo\\\/image\\\/\"},\"sameAs\":[\"https:\\\/\\\/www.facebook.com\\\/Gentug\",\"https:\\\/\\\/www.instagram.com\\\/felt.vibe\\\/\",\"https:\\\/\\\/www.linkedin.com\\\/company\\\/feltvibe\"],\"description\":\"Gentu\u011f Textile is the main and the most reliable technical textile manufacturer in Turkey, providing high quality products to the worldwide markets.\",\"email\":\"info@feltvibe.com\",\"telephone\":\"+90 212 637 09 89\",\"legalName\":\"Gentu\u011f Tekstil \u00dcr\u00fcn. San. Tic. A.\u015e.\",\"foundingDate\":\"1917-01-01\",\"vatID\":\"3940016139\",\"taxID\":\"MARMARA KURUMLAR\",\"numberOfEmployees\":{\"@type\":\"QuantitativeValue\",\"minValue\":\"501\",\"maxValue\":\"1000\"},\"publishingPrinciples\":\"https:\\\/\\\/feltvibe.com\\\/privacy-policy\\\/\",\"ownershipFundingInfo\":\"https:\\\/\\\/feltvibe.com\\\/about-us\\\/\",\"actionableFeedbackPolicy\":\"https:\\\/\\\/feltvibe.com\\\/contact-us\\\/\",\"correctionsPolicy\":\"https:\\\/\\\/feltvibe.com\\\/certification\\\/\",\"ethicsPolicy\":\"https:\\\/\\\/feltvibe.com\\\/privacy-policy\\\/\",\"diversityPolicy\":\"https:\\\/\\\/feltvibe.com\\\/privacy-policy\\\/\",\"diversityStaffingReport\":\"https:\\\/\\\/feltvibe.com\\\/contact-us\\\/\"}]}<\/script>\n<!-- \/ Yoast SEO Premium plugin. -->","yoast_head_json":{"title":"Certified Acoustic Safety | OEKO-TEX & BLX Tested Felt","description":"Trust in safety with OEKO-TEX Standard 100 certified PET felt. Our products undergo rigorous BLX laboratory testing to ensure non-toxic, healthy interiors.","robots":{"index":"index","follow":"follow","max-snippet":"max-snippet:-1","max-image-preview":"max-image-preview:large","max-video-preview":"max-video-preview:-1"},"canonical":"https:\/\/feltvibe.com\/tr\/belgelendirme\/","og_locale":"tr_TR","og_type":"article","og_title":"Certified Acoustic Safety | OEKO-TEX & BLX Lab Tested","og_description":"FeltVibe is OEKO-TEX certified, ensuring your acoustic panels are free from harmful substances. Tested in Turkey's leading BLX Research Lab.","og_url":"https:\/\/feltvibe.com\/tr\/belgelendirme\/","og_site_name":"Feltvibe | Acoustic Felt","article_publisher":"https:\/\/www.facebook.com\/Gentug","article_modified_time":"2026-03-13T07:20:16+00:00","og_image":[{"width":500,"height":425,"url":"https:\/\/feltvibe.com\/uploads\/arketa-pet-felt-panel-1.jpg","type":"image\/jpeg"}],"twitter_card":"summary_large_image","twitter_title":"Certified Safety | OEKO-TEX & BLX Tested PET Felt","twitter_description":"Non-toxic and healthy. Our PET felt is OEKO-TEX certified and BLX lab tested for maximum safety and performance.","twitter_misc":{"Tahmini okuma s\u00fcresi":"2 dakika"},"schema":{"@context":"https:\/\/schema.org","@graph":[{"@type":"WebPage","@id":"https:\/\/feltvibe.com\/certification\/","url":"https:\/\/feltvibe.com\/certification\/","name":"Certified Acoustic Safety | OEKO-TEX & BLX Tested Felt","isPartOf":{"@id":"https:\/\/feltvibe.com\/#website"},"datePublished":"2024-09-08T09:11:34+00:00","dateModified":"2026-03-13T07:20:16+00:00","description":"Trust in safety with OEKO-TEX Standard 100 certified PET felt. Our products undergo rigorous BLX laboratory testing to ensure non-toxic, healthy interiors.","breadcrumb":{"@id":"https:\/\/feltvibe.com\/certification\/#breadcrumb"},"inLanguage":"tr","potentialAction":[{"@type":"ReadAction","target":["https:\/\/feltvibe.com\/certification\/"]}]},{"@type":"BreadcrumbList","@id":"https:\/\/feltvibe.com\/certification\/#breadcrumb","itemListElement":[{"@type":"ListItem","position":1,"name":"Home","item":"https:\/\/feltvibe.com\/"},{"@type":"ListItem","position":2,"name":"Certification"}]},{"@type":"WebSite","@id":"https:\/\/feltvibe.com\/#website","url":"https:\/\/feltvibe.com\/","name":"Feltvibe Akustik Ke\u00e7e","description":"Feltvibe, termoform ve otomotiv dahil olmak \u00fczere \u00e7e\u015fitli end\u00fcstriler i\u00e7in yenilik\u00e7i ke\u00e7e \u00e7\u00f6z\u00fcmleri sunan lider bir \u00fcreticidir. Y\u00fcksek kaliteli ke\u00e7e \u00fcr\u00fcnlerinde uzmanla\u015fan \u015firket, m\u00fc\u015fteri ihtiya\u00e7lar\u0131n\u0131 kar\u015f\u0131lamak i\u00e7in \u00f6zel tasar\u0131m ve \u00fcretim hizmetleri sunmaktad\u0131r. Feltvibe, teknolojik geli\u015fmeleri takip ederken s\u00fcrd\u00fcr\u00fclebilir, dayan\u0131kl\u0131 ve \u00e7evre dostu \u00fcr\u00fcnler yaratmaya kendini adam\u0131\u015ft\u0131r. M\u00fc\u015fteri memnuniyetine g\u00fc\u00e7l\u00fc bir \u015fekilde odaklanan \u015firket, t\u00fcm \u00e7\u00f6z\u00fcmlerinde en \u00fcst d\u00fczey kaliteyi sa\u011flar.","publisher":{"@id":"https:\/\/feltvibe.com\/#organization"},"potentialAction":[{"@type":"SearchAction","target":{"@type":"EntryPoint","urlTemplate":"https:\/\/feltvibe.com\/?s={search_term_string}"},"query-input":{"@type":"PropertyValueSpecification","valueRequired":true,"valueName":"search_term_string"}}],"inLanguage":"tr"},{"@type":"Organization","@id":"https:\/\/feltvibe.com\/#organization","name":"Feltvibe, \u0131s\u0131yla \u015fekillendirilebilir PET ke\u00e7e paneller ve s\u00fcrd\u00fcr\u00fclebilir tekstil uygulamalar\u0131 dahil olmak \u00fczere \u00e7e\u015fitli end\u00fcstriler i\u00e7in yenilik\u00e7i akustik ve end\u00fcstriyel ke\u00e7e \u00e7\u00f6z\u00fcmleri sunan lider bir \u00fcreticidir.","alternateName":"Feltvibe by Gentu\u011f Tekstil","url":"https:\/\/feltvibe.com\/","logo":{"@type":"ImageObject","inLanguage":"tr","@id":"https:\/\/feltvibe.com\/#\/schema\/logo\/image\/","url":"https:\/\/feltvibe.com\/uploads\/feltvibe-dark-logo-final.svg","contentUrl":"https:\/\/feltvibe.com\/uploads\/feltvibe-dark-logo-final.svg","width":1,"height":1,"caption":"Feltvibe is a leading manufacturer providing innovative acoustic and industrial felt solutions for various industries, including thermoformable PET felt panels and sustainable textile applications."},"image":{"@id":"https:\/\/feltvibe.com\/#\/schema\/logo\/image\/"},"sameAs":["https:\/\/www.facebook.com\/Gentug","https:\/\/www.instagram.com\/felt.vibe\/","https:\/\/www.linkedin.com\/company\/feltvibe"],"description":"Gentu\u011f Tekstil, d\u00fcnya pazarlar\u0131na y\u00fcksek kaliteli \u00fcr\u00fcnler sunan T\u00fcrkiye'nin ana ve en g\u00fcvenilir teknik tekstil \u00fcreticisidir.","email":"info@feltvibe.com","telephone":"+90 212 637 09 89","legalName":"Gentu\u011f Tekstil \u00dcr\u00fcn. San. Tic. A.\u015e.","foundingDate":"1917-01-01","vatID":"3940016139","taxID":"MARMARA KURUMLAR","numberOfEmployees":{"@type":"QuantitativeValue","minValue":"501","maxValue":"1000"},"publishingPrinciples":"https:\/\/feltvibe.com\/privacy-policy\/","ownershipFundingInfo":"https:\/\/feltvibe.com\/about-us\/","actionableFeedbackPolicy":"https:\/\/feltvibe.com\/contact-us\/","correctionsPolicy":"https:\/\/feltvibe.com\/certification\/","ethicsPolicy":"https:\/\/feltvibe.com\/privacy-policy\/","diversityPolicy":"https:\/\/feltvibe.com\/privacy-policy\/","diversityStaffingReport":"https:\/\/feltvibe.com\/contact-us\/"}]}},"_links":{"self":[{"href":"https:\/\/feltvibe.com\/tr\/wp-json\/wp\/v2\/pages\/1030","targetHints":{"allow":["GET"]}}],"collection":[{"href":"https:\/\/feltvibe.com\/tr\/wp-json\/wp\/v2\/pages"}],"about":[{"href":"https:\/\/feltvibe.com\/tr\/wp-json\/wp\/v2\/types\/page"}],"author":[{"embeddable":true,"href":"https:\/\/feltvibe.com\/tr\/wp-json\/wp\/v2\/users\/1"}],"replies":[{"embeddable":true,"href":"https:\/\/feltvibe.com\/tr\/wp-json\/wp\/v2\/comments?post=1030"}],"version-history":[{"count":34,"href":"https:\/\/feltvibe.com\/tr\/wp-json\/wp\/v2\/pages\/1030\/revisions"}],"predecessor-version":[{"id":13797,"href":"https:\/\/feltvibe.com\/tr\/wp-json\/wp\/v2\/pages\/1030\/revisions\/13797"}],"wp:attachment":[{"href":"https:\/\/feltvibe.com\/tr\/wp-json\/wp\/v2\/media?parent=1030"}],"curies":[{"name":"wp","href":"https:\/\/api.w.org\/{rel}","templated":true}]}}