{"id":11052,"date":"2025-07-09T15:24:54","date_gmt":"2025-07-09T12:24:54","guid":{"rendered":"https:\/\/feltvibe.com\/?page_id=11052"},"modified":"2026-03-13T10:18:36","modified_gmt":"2026-03-13T07:18:36","slug":"orgatec-kolonge","status":"publish","type":"page","link":"https:\/\/feltvibe.com\/tr\/orgatec-colonge\/","title":{"rendered":"Orgatec Colonge"},"content":{"rendered":"<div class=\"banner has-hover\" id=\"banner-1100757864\">\n          <div class=\"banner-inner fill\">\n        <div class=\"banner-bg fill\" >\n            <div class=\"bg fill bg-fill\"><\/div>\n                        <div class=\"overlay\"><\/div>            \n                    <\/div>\n\t\t\n        <div class=\"banner-layers container\">\n            <div class=\"fill banner-link\"><\/div>            \n   <div id=\"text-box-1597171339\" class=\"text-box banner-layer x50 md-x50 lg-x50 y50 md-y50 lg-y50 res-text\">\n                                <div class=\"text-box-content text dark\">\n              \n              <div class=\"text-inner text-center\">\n                  \n\t<div id=\"text-178017725\" class=\"text\">\n\t\t\n<p><strong>ORGATEC 2024<\/strong><\/p>\n\t\t\n<style>\n#text-178017725 {\n  font-size: 0.9rem;\n}\n@media (min-width:550px) {\n  #text-178017725 {\n    font-size: 2.25rem;\n  }\n}\n<\/style>\n\t<\/div>\n\t\n              <\/div>\n           <\/div>\n                            \n<style>\n#text-box-1597171339 {\n  width: 60%;\n}\n#text-box-1597171339 .text-box-content {\n  font-size: 100%;\n}\n<\/style>\n    <\/div>\n \n        <\/div>\n      <\/div>\n\n            \n<style>\n#banner-1100757864 {\n  padding-top: 56.25%;\n}\n#banner-1100757864 .bg.bg-loaded {\n  background-image: url(https:\/\/feltvibe.com\/uploads\/orgatec-2024-fair.jpeg);\n}\n#banner-1100757864 .overlay {\n  background-color: rgba(0, 0, 0, 0.5);\n}\n@media (min-width:550px) {\n  #banner-1100757864 {\n    padding-top: 56.25%;\n  }\n}\n@media (min-width:850px) {\n  #banner-1100757864 {\n    padding-top: 50vh;\n  }\n}\n<\/style>\n  <\/div>\n\n\n\t<section class=\"section\" id=\"section_1143807123\">\n\t\t<div class=\"bg section-bg fill bg-fill  bg-loaded\" >\n\n\t\t\t\n\t\t\t\n\t\t\t\n\n\t\t<\/div>\n\n\t\t\n\n\t\t<div class=\"section-content relative\">\n\t\t\t\n<div class=\"row align-center\"  id=\"row-1734601226\">\n\n\t<div id=\"col-1374283204\" class=\"col small-12 large-12\"  >\n\t\t\t\t<div class=\"col-inner\"  >\n\t\t\t\n\t\t\t\n\t<div id=\"gap-705320613\" class=\"gap-element clearfix\" style=\"display:block; height:auto;\">\n\t\t\n<style>\n#gap-705320613 {\n  padding-top: 5vh;\n}\n<\/style>\n\t<\/div>\n\t\n<p class=\"p1\"><span class=\"s1\">FeltVibe\u00ae, 22-25 Ekim 2024 tarihleri aras\u0131nda Almanya'n\u0131n K\u00f6ln kentinde d\u00fczenlenen ticaret fuar\u0131nda hem akustik hem de dekoratif uygulamalar i\u00e7in tasarlanan yeni ARKETA ve ICHOS PET ke\u00e7e koleksiyonlar\u0131n\u0131 sergileyerek ofisleri d\u00f6n\u00fc\u015ft\u00fcrmeye y\u00f6nelik \u00fcr\u00fcnlerimizi uluslararas\u0131 sekt\u00f6r kat\u0131l\u0131mc\u0131lar\u0131na tan\u0131tt\u0131.<\/span><span class=\"s1\">\u0130\u00e7 mekanlara estetik bir bak\u0131\u015f a\u00e7\u0131s\u0131 ile s\u00fcrd\u00fcr\u00fclebilir ve yenilik\u00e7i malzeme \u00f6nerileri sunan FeltVibe\u00ae, ofis sekt\u00f6r\u00fcn\u00fcn en \u00f6nemli ticaret fuar\u0131 olarak kabul edilen Orgatec'e kat\u0131ld\u0131.<\/span><\/p>\n\t<div id=\"gap-1004732578\" class=\"gap-element clearfix\" style=\"display:block; height:auto;\">\n\t\t\n<style>\n#gap-1004732578 {\n  padding-top: 30px;\n}\n<\/style>\n\t<\/div>\n\t\n\t\t<\/div>\n\t\t\t\t\t<\/div>\n\n\t\n\n<style>\n#row-1734601226 > .col > .col-inner {\n  background-color: #f6f6f6;\n}\n<\/style>\n<\/div>\n<div class=\"row row-small\"  id=\"row-651791829\">\n\n\t<div id=\"col-914999780\" class=\"col medium-6 small-12 large-6\"  >\n\t\t\t\t<div class=\"col-inner\"  >\n\t\t\t\n\t\t\t\n\t<div class=\"img has-hover x md-x lg-x y md-y lg-y\" id=\"image_409563597\">\n\t\t\t\t\t\t\t\t<div class=\"img-inner image-cover dark\" style=\"padding-top:400px;\">\n\t\t\t<img loading=\"lazy\" decoding=\"async\" width=\"500\" height=\"425\" src=\"https:\/\/feltvibe.com\/uploads\/orgatec-2024-fair-01.png\" class=\"attachment-large size-large\" alt=\"\" srcset=\"https:\/\/feltvibe.com\/uploads\/orgatec-2024-fair-01.png 500w, https:\/\/feltvibe.com\/uploads\/orgatec-2024-fair-01-300x255.png 300w, https:\/\/feltvibe.com\/uploads\/orgatec-2024-fair-01-14x12.png 14w\" sizes=\"auto, (max-width: 500px) 100vw, 500px\" \/>\t\t\t\t\t\t\n\t\t\t\t\t<\/div>\n\t\t\t\t\t\t\t\t\n<style>\n#image_409563597 {\n  width: 100%;\n}\n<\/style>\n\t<\/div>\n\t\n\t\t<\/div>\n\t\t\t\t\t<\/div>\n\n\t\n\n\t<div id=\"col-2037255954\" class=\"col medium-6 small-12 large-6\"  >\n\t\t\t\t<div class=\"col-inner\"  >\n\t\t\t\n\t\t\t\n\t<div class=\"img has-hover x md-x lg-x y md-y lg-y\" id=\"image_140269403\">\n\t\t\t\t\t\t\t\t<div class=\"img-inner image-cover dark\" style=\"padding-top:400px;\">\n\t\t\t<img loading=\"lazy\" decoding=\"async\" width=\"500\" height=\"425\" src=\"https:\/\/feltvibe.com\/uploads\/orgatec-2024-fair-01-3-2.png\" class=\"attachment-large size-large\" alt=\"\" srcset=\"https:\/\/feltvibe.com\/uploads\/orgatec-2024-fair-01-3-2.png 500w, https:\/\/feltvibe.com\/uploads\/orgatec-2024-fair-01-3-2-300x255.png 300w, https:\/\/feltvibe.com\/uploads\/orgatec-2024-fair-01-3-2-14x12.png 14w\" sizes=\"auto, (max-width: 500px) 100vw, 500px\" \/>\t\t\t\t\t\t\n\t\t\t\t\t<\/div>\n\t\t\t\t\t\t\t\t\n<style>\n#image_140269403 {\n  width: 100%;\n}\n<\/style>\n\t<\/div>\n\t\n\t\t<\/div>\n\t\t\t\t\t<\/div>\n\n\t\n<\/div>\n<div class=\"row row-small\"  id=\"row-656772105\">\n\n\t<div id=\"col-1584898975\" class=\"col medium-6 small-12 large-6\"  >\n\t\t\t\t<div class=\"col-inner\"  >\n\t\t\t\n\t\t\t\n\t<div class=\"img has-hover x md-x lg-x y md-y lg-y\" id=\"image_1521165740\">\n\t\t\t\t\t\t\t\t<div class=\"img-inner image-cover dark\" style=\"padding-top:400px;\">\n\t\t\t<img loading=\"lazy\" decoding=\"async\" width=\"500\" height=\"425\" src=\"https:\/\/feltvibe.com\/uploads\/orgatec-2024-fair-01-3.png\" class=\"attachment-large size-large\" alt=\"\" srcset=\"https:\/\/feltvibe.com\/uploads\/orgatec-2024-fair-01-3.png 500w, https:\/\/feltvibe.com\/uploads\/orgatec-2024-fair-01-3-300x255.png 300w, https:\/\/feltvibe.com\/uploads\/orgatec-2024-fair-01-3-14x12.png 14w\" sizes=\"auto, (max-width: 500px) 100vw, 500px\" \/>\t\t\t\t\t\t\n\t\t\t\t\t<\/div>\n\t\t\t\t\t\t\t\t\n<style>\n#image_1521165740 {\n  width: 100%;\n}\n<\/style>\n\t<\/div>\n\t\n\t\t<\/div>\n\t\t\t\t\t<\/div>\n\n\t\n\n\t<div id=\"col-701144397\" class=\"col medium-6 small-12 large-6\"  >\n\t\t\t\t<div class=\"col-inner\"  >\n\t\t\t\n\t\t\t\n\t<div class=\"img has-hover x md-x lg-x y md-y lg-y\" id=\"image_1591265928\">\n\t\t\t\t\t\t\t\t<div class=\"img-inner image-cover dark\" style=\"padding-top:400px;\">\n\t\t\t<img loading=\"lazy\" decoding=\"async\" width=\"500\" height=\"425\" src=\"https:\/\/feltvibe.com\/uploads\/orgatec-2024-fair-01-2.png\" class=\"attachment-large size-large\" alt=\"\" srcset=\"https:\/\/feltvibe.com\/uploads\/orgatec-2024-fair-01-2.png 500w, https:\/\/feltvibe.com\/uploads\/orgatec-2024-fair-01-2-300x255.png 300w, https:\/\/feltvibe.com\/uploads\/orgatec-2024-fair-01-2-14x12.png 14w\" sizes=\"auto, (max-width: 500px) 100vw, 500px\" \/>\t\t\t\t\t\t\n\t\t\t\t\t<\/div>\n\t\t\t\t\t\t\t\t\n<style>\n#image_1591265928 {\n  width: 100%;\n}\n<\/style>\n\t<\/div>\n\t\n\t\t<\/div>\n\t\t\t\t\t<\/div>\n\n\t\n<\/div>\n\t\t<\/div>\n\n\t\t\n<style>\n#section_1143807123 {\n  padding-top: 30px;\n  padding-bottom: 30px;\n  background-color: #f6f6f6;\n}\n<\/style>\n\t<\/section>","protected":false},"excerpt":{"rendered":"","protected":false},"author":2,"featured_media":10186,"parent":0,"menu_order":0,"comment_status":"closed","ping_status":"closed","template":"","meta":{"footnotes":""},"class_list":["post-11052","page","type-page","status-publish","has-post-thumbnail","hentry"],"yoast_head":"<!-- This site is optimized with the Yoast SEO Premium plugin v27.4 (Yoast SEO v27.4) - https:\/\/yoast.com\/product\/yoast-seo-premium-wordpress\/ -->\n<title>Orgatec Cologne 2024 | FeltVibe Acoustic Collections<\/title>\n<meta name=\"description\" content=\"Relive FeltVibe at Orgatec Cologne 2024. See our new Arketa and Ichos PET felt collections designed for cutting-edge acoustic and decorative applications.\" \/>\n<meta name=\"robots\" content=\"index, follow, max-snippet:-1, max-image-preview:large, max-video-preview:-1\" \/>\n<link rel=\"canonical\" href=\"https:\/\/feltvibe.com\/tr\/orgatec-kolonge\/\" \/>\n<meta property=\"og:locale\" content=\"tr_TR\" \/>\n<meta property=\"og:type\" content=\"article\" \/>\n<meta property=\"og:title\" content=\"FeltVibe at Orgatec 2024: New PET Felt Collections\" \/>\n<meta property=\"og:description\" content=\"Showcasing the future of acoustics in Cologne. Explore the Arketa and Ichos collections premiered at the prestigious Orgatec 2024 trade fair.\" \/>\n<meta property=\"og:url\" content=\"https:\/\/feltvibe.com\/tr\/orgatec-kolonge\/\" \/>\n<meta property=\"og:site_name\" content=\"Feltvibe | Acoustic Felt\" \/>\n<meta property=\"article:publisher\" content=\"https:\/\/www.facebook.com\/Gentug\" \/>\n<meta property=\"article:modified_time\" content=\"2026-03-13T07:18:36+00:00\" \/>\n<meta property=\"og:image\" content=\"https:\/\/feltvibe.com\/uploads\/how-to-improve-acoustics-depending-on-the-type-of-space-111.jpg\" \/>\n\t<meta property=\"og:image:width\" content=\"395\" \/>\n\t<meta property=\"og:image:height\" content=\"240\" \/>\n\t<meta property=\"og:image:type\" content=\"image\/jpeg\" \/>\n<meta name=\"twitter:card\" content=\"summary_large_image\" \/>\n<meta name=\"twitter:title\" content=\"FeltVibe at Orgatec Cologne 2024\" \/>\n<meta name=\"twitter:description\" content=\"Discover the new Arketa and Ichos collections launched at Orgatec 2024. Leading the way in sustainable acoustic design.\" \/>\n<meta name=\"twitter:label1\" content=\"Tahmini okuma s\u00fcresi\" \/>\n\t<meta name=\"twitter:data1\" content=\"1 dakika\" \/>\n<script type=\"application\/ld+json\" class=\"yoast-schema-graph\">{\"@context\":\"https:\\\/\\\/schema.org\",\"@graph\":[{\"@type\":\"WebPage\",\"@id\":\"https:\\\/\\\/feltvibe.com\\\/orgatec-colonge\\\/\",\"url\":\"https:\\\/\\\/feltvibe.com\\\/orgatec-colonge\\\/\",\"name\":\"Orgatec Cologne 2024 | FeltVibe Acoustic Collections\",\"isPartOf\":{\"@id\":\"https:\\\/\\\/feltvibe.com\\\/#website\"},\"primaryImageOfPage\":{\"@id\":\"https:\\\/\\\/feltvibe.com\\\/orgatec-colonge\\\/#primaryimage\"},\"image\":{\"@id\":\"https:\\\/\\\/feltvibe.com\\\/orgatec-colonge\\\/#primaryimage\"},\"thumbnailUrl\":\"https:\\\/\\\/feltvibe.com\\\/uploads\\\/how-to-improve-acoustics-depending-on-the-type-of-space-111.jpg\",\"datePublished\":\"2025-07-09T12:24:54+00:00\",\"dateModified\":\"2026-03-13T07:18:36+00:00\",\"description\":\"Relive FeltVibe at Orgatec Cologne 2024. See our new Arketa and Ichos PET felt collections designed for cutting-edge acoustic and decorative applications.\",\"breadcrumb\":{\"@id\":\"https:\\\/\\\/feltvibe.com\\\/orgatec-colonge\\\/#breadcrumb\"},\"inLanguage\":\"tr\",\"potentialAction\":[{\"@type\":\"ReadAction\",\"target\":[\"https:\\\/\\\/feltvibe.com\\\/orgatec-colonge\\\/\"]}]},{\"@type\":\"ImageObject\",\"inLanguage\":\"tr\",\"@id\":\"https:\\\/\\\/feltvibe.com\\\/orgatec-colonge\\\/#primaryimage\",\"url\":\"https:\\\/\\\/feltvibe.com\\\/uploads\\\/how-to-improve-acoustics-depending-on-the-type-of-space-111.jpg\",\"contentUrl\":\"https:\\\/\\\/feltvibe.com\\\/uploads\\\/how-to-improve-acoustics-depending-on-the-type-of-space-111.jpg\",\"width\":395,\"height\":240},{\"@type\":\"BreadcrumbList\",\"@id\":\"https:\\\/\\\/feltvibe.com\\\/orgatec-colonge\\\/#breadcrumb\",\"itemListElement\":[{\"@type\":\"ListItem\",\"position\":1,\"name\":\"Home\",\"item\":\"https:\\\/\\\/feltvibe.com\\\/\"},{\"@type\":\"ListItem\",\"position\":2,\"name\":\"Orgatec Colonge\"}]},{\"@type\":\"WebSite\",\"@id\":\"https:\\\/\\\/feltvibe.com\\\/#website\",\"url\":\"https:\\\/\\\/feltvibe.com\\\/\",\"name\":\"Feltvibe Acoustic Felt\",\"description\":\"Feltvibe is a leading manufacturer providing innovative felt solutions for various industries, including thermoforming and automotive. Specializing in high-quality felt products, the company offers custom design and production services tailored to meet customer needs. Feltvibe is committed to creating sustainable, durable, and eco-friendly products while staying up to date with technological advancements. With a strong focus on customer satisfaction, the company ensures top-tier quality in all of its solutions.\",\"publisher\":{\"@id\":\"https:\\\/\\\/feltvibe.com\\\/#organization\"},\"potentialAction\":[{\"@type\":\"SearchAction\",\"target\":{\"@type\":\"EntryPoint\",\"urlTemplate\":\"https:\\\/\\\/feltvibe.com\\\/?s={search_term_string}\"},\"query-input\":{\"@type\":\"PropertyValueSpecification\",\"valueRequired\":true,\"valueName\":\"search_term_string\"}}],\"inLanguage\":\"tr\"},{\"@type\":\"Organization\",\"@id\":\"https:\\\/\\\/feltvibe.com\\\/#organization\",\"name\":\"Feltvibe is a leading manufacturer providing innovative acoustic and industrial felt solutions for various industries, including thermoformable PET felt panels and sustainable textile applications.\",\"alternateName\":\"Feltvibe by Gentu\u011f Tekstil\",\"url\":\"https:\\\/\\\/feltvibe.com\\\/\",\"logo\":{\"@type\":\"ImageObject\",\"inLanguage\":\"tr\",\"@id\":\"https:\\\/\\\/feltvibe.com\\\/#\\\/schema\\\/logo\\\/image\\\/\",\"url\":\"https:\\\/\\\/feltvibe.com\\\/uploads\\\/feltvibe-dark-logo-final.svg\",\"contentUrl\":\"https:\\\/\\\/feltvibe.com\\\/uploads\\\/feltvibe-dark-logo-final.svg\",\"width\":1,\"height\":1,\"caption\":\"Feltvibe is a leading manufacturer providing innovative acoustic and industrial felt solutions for various industries, including thermoformable PET felt panels and sustainable textile applications.\"},\"image\":{\"@id\":\"https:\\\/\\\/feltvibe.com\\\/#\\\/schema\\\/logo\\\/image\\\/\"},\"sameAs\":[\"https:\\\/\\\/www.facebook.com\\\/Gentug\",\"https:\\\/\\\/www.instagram.com\\\/felt.vibe\\\/\",\"https:\\\/\\\/www.linkedin.com\\\/company\\\/feltvibe\"],\"description\":\"Gentu\u011f Textile is the main and the most reliable technical textile manufacturer in Turkey, providing high quality products to the worldwide markets.\",\"email\":\"info@feltvibe.com\",\"telephone\":\"+90 212 637 09 89\",\"legalName\":\"Gentu\u011f Tekstil \u00dcr\u00fcn. San. Tic. A.\u015e.\",\"foundingDate\":\"1917-01-01\",\"vatID\":\"3940016139\",\"taxID\":\"MARMARA KURUMLAR\",\"numberOfEmployees\":{\"@type\":\"QuantitativeValue\",\"minValue\":\"501\",\"maxValue\":\"1000\"},\"publishingPrinciples\":\"https:\\\/\\\/feltvibe.com\\\/privacy-policy\\\/\",\"ownershipFundingInfo\":\"https:\\\/\\\/feltvibe.com\\\/about-us\\\/\",\"actionableFeedbackPolicy\":\"https:\\\/\\\/feltvibe.com\\\/contact-us\\\/\",\"correctionsPolicy\":\"https:\\\/\\\/feltvibe.com\\\/certification\\\/\",\"ethicsPolicy\":\"https:\\\/\\\/feltvibe.com\\\/privacy-policy\\\/\",\"diversityPolicy\":\"https:\\\/\\\/feltvibe.com\\\/privacy-policy\\\/\",\"diversityStaffingReport\":\"https:\\\/\\\/feltvibe.com\\\/contact-us\\\/\"}]}<\/script>\n<!-- \/ Yoast SEO Premium plugin. -->","yoast_head_json":{"title":"Orgatec Cologne 2024 | FeltVibe Acoustic Collections","description":"Relive FeltVibe at Orgatec Cologne 2024. See our new Arketa and Ichos PET felt collections designed for cutting-edge acoustic and decorative applications.","robots":{"index":"index","follow":"follow","max-snippet":"max-snippet:-1","max-image-preview":"max-image-preview:large","max-video-preview":"max-video-preview:-1"},"canonical":"https:\/\/feltvibe.com\/tr\/orgatec-kolonge\/","og_locale":"tr_TR","og_type":"article","og_title":"FeltVibe at Orgatec 2024: New PET Felt Collections","og_description":"Showcasing the future of acoustics in Cologne. Explore the Arketa and Ichos collections premiered at the prestigious Orgatec 2024 trade fair.","og_url":"https:\/\/feltvibe.com\/tr\/orgatec-kolonge\/","og_site_name":"Feltvibe | Acoustic Felt","article_publisher":"https:\/\/www.facebook.com\/Gentug","article_modified_time":"2026-03-13T07:18:36+00:00","og_image":[{"width":395,"height":240,"url":"https:\/\/feltvibe.com\/uploads\/how-to-improve-acoustics-depending-on-the-type-of-space-111.jpg","type":"image\/jpeg"}],"twitter_card":"summary_large_image","twitter_title":"FeltVibe at Orgatec Cologne 2024","twitter_description":"Discover the new Arketa and Ichos collections launched at Orgatec 2024. Leading the way in sustainable acoustic design.","twitter_misc":{"Tahmini okuma s\u00fcresi":"1 dakika"},"schema":{"@context":"https:\/\/schema.org","@graph":[{"@type":"WebPage","@id":"https:\/\/feltvibe.com\/orgatec-colonge\/","url":"https:\/\/feltvibe.com\/orgatec-colonge\/","name":"Orgatec Cologne 2024 | FeltVibe Acoustic Collections","isPartOf":{"@id":"https:\/\/feltvibe.com\/#website"},"primaryImageOfPage":{"@id":"https:\/\/feltvibe.com\/orgatec-colonge\/#primaryimage"},"image":{"@id":"https:\/\/feltvibe.com\/orgatec-colonge\/#primaryimage"},"thumbnailUrl":"https:\/\/feltvibe.com\/uploads\/how-to-improve-acoustics-depending-on-the-type-of-space-111.jpg","datePublished":"2025-07-09T12:24:54+00:00","dateModified":"2026-03-13T07:18:36+00:00","description":"Relive FeltVibe at Orgatec Cologne 2024. See our new Arketa and Ichos PET felt collections designed for cutting-edge acoustic and decorative applications.","breadcrumb":{"@id":"https:\/\/feltvibe.com\/orgatec-colonge\/#breadcrumb"},"inLanguage":"tr","potentialAction":[{"@type":"ReadAction","target":["https:\/\/feltvibe.com\/orgatec-colonge\/"]}]},{"@type":"ImageObject","inLanguage":"tr","@id":"https:\/\/feltvibe.com\/orgatec-colonge\/#primaryimage","url":"https:\/\/feltvibe.com\/uploads\/how-to-improve-acoustics-depending-on-the-type-of-space-111.jpg","contentUrl":"https:\/\/feltvibe.com\/uploads\/how-to-improve-acoustics-depending-on-the-type-of-space-111.jpg","width":395,"height":240},{"@type":"BreadcrumbList","@id":"https:\/\/feltvibe.com\/orgatec-colonge\/#breadcrumb","itemListElement":[{"@type":"ListItem","position":1,"name":"Home","item":"https:\/\/feltvibe.com\/"},{"@type":"ListItem","position":2,"name":"Orgatec Colonge"}]},{"@type":"WebSite","@id":"https:\/\/feltvibe.com\/#website","url":"https:\/\/feltvibe.com\/","name":"Feltvibe Akustik Ke\u00e7e","description":"Feltvibe, termoform ve otomotiv dahil olmak \u00fczere \u00e7e\u015fitli end\u00fcstriler i\u00e7in yenilik\u00e7i ke\u00e7e \u00e7\u00f6z\u00fcmleri sunan lider bir \u00fcreticidir. Y\u00fcksek kaliteli ke\u00e7e \u00fcr\u00fcnlerinde uzmanla\u015fan \u015firket, m\u00fc\u015fteri ihtiya\u00e7lar\u0131n\u0131 kar\u015f\u0131lamak i\u00e7in \u00f6zel tasar\u0131m ve \u00fcretim hizmetleri sunmaktad\u0131r. Feltvibe, teknolojik geli\u015fmeleri takip ederken s\u00fcrd\u00fcr\u00fclebilir, dayan\u0131kl\u0131 ve \u00e7evre dostu \u00fcr\u00fcnler yaratmaya kendini adam\u0131\u015ft\u0131r. M\u00fc\u015fteri memnuniyetine g\u00fc\u00e7l\u00fc bir \u015fekilde odaklanan \u015firket, t\u00fcm \u00e7\u00f6z\u00fcmlerinde en \u00fcst d\u00fczey kaliteyi sa\u011flar.","publisher":{"@id":"https:\/\/feltvibe.com\/#organization"},"potentialAction":[{"@type":"SearchAction","target":{"@type":"EntryPoint","urlTemplate":"https:\/\/feltvibe.com\/?s={search_term_string}"},"query-input":{"@type":"PropertyValueSpecification","valueRequired":true,"valueName":"search_term_string"}}],"inLanguage":"tr"},{"@type":"Organization","@id":"https:\/\/feltvibe.com\/#organization","name":"Feltvibe, \u0131s\u0131yla \u015fekillendirilebilir PET ke\u00e7e paneller ve s\u00fcrd\u00fcr\u00fclebilir tekstil uygulamalar\u0131 dahil olmak \u00fczere \u00e7e\u015fitli end\u00fcstriler i\u00e7in yenilik\u00e7i akustik ve end\u00fcstriyel ke\u00e7e \u00e7\u00f6z\u00fcmleri sunan lider bir \u00fcreticidir.","alternateName":"Feltvibe by Gentu\u011f Tekstil","url":"https:\/\/feltvibe.com\/","logo":{"@type":"ImageObject","inLanguage":"tr","@id":"https:\/\/feltvibe.com\/#\/schema\/logo\/image\/","url":"https:\/\/feltvibe.com\/uploads\/feltvibe-dark-logo-final.svg","contentUrl":"https:\/\/feltvibe.com\/uploads\/feltvibe-dark-logo-final.svg","width":1,"height":1,"caption":"Feltvibe is a leading manufacturer providing innovative acoustic and industrial felt solutions for various industries, including thermoformable PET felt panels and sustainable textile applications."},"image":{"@id":"https:\/\/feltvibe.com\/#\/schema\/logo\/image\/"},"sameAs":["https:\/\/www.facebook.com\/Gentug","https:\/\/www.instagram.com\/felt.vibe\/","https:\/\/www.linkedin.com\/company\/feltvibe"],"description":"Gentu\u011f Tekstil, d\u00fcnya pazarlar\u0131na y\u00fcksek kaliteli \u00fcr\u00fcnler sunan T\u00fcrkiye'nin ana ve en g\u00fcvenilir teknik tekstil \u00fcreticisidir.","email":"info@feltvibe.com","telephone":"+90 212 637 09 89","legalName":"Gentu\u011f Tekstil \u00dcr\u00fcn. San. Tic. A.\u015e.","foundingDate":"1917-01-01","vatID":"3940016139","taxID":"MARMARA KURUMLAR","numberOfEmployees":{"@type":"QuantitativeValue","minValue":"501","maxValue":"1000"},"publishingPrinciples":"https:\/\/feltvibe.com\/privacy-policy\/","ownershipFundingInfo":"https:\/\/feltvibe.com\/about-us\/","actionableFeedbackPolicy":"https:\/\/feltvibe.com\/contact-us\/","correctionsPolicy":"https:\/\/feltvibe.com\/certification\/","ethicsPolicy":"https:\/\/feltvibe.com\/privacy-policy\/","diversityPolicy":"https:\/\/feltvibe.com\/privacy-policy\/","diversityStaffingReport":"https:\/\/feltvibe.com\/contact-us\/"}]}},"_links":{"self":[{"href":"https:\/\/feltvibe.com\/tr\/wp-json\/wp\/v2\/pages\/11052","targetHints":{"allow":["GET"]}}],"collection":[{"href":"https:\/\/feltvibe.com\/tr\/wp-json\/wp\/v2\/pages"}],"about":[{"href":"https:\/\/feltvibe.com\/tr\/wp-json\/wp\/v2\/types\/page"}],"author":[{"embeddable":true,"href":"https:\/\/feltvibe.com\/tr\/wp-json\/wp\/v2\/users\/2"}],"replies":[{"embeddable":true,"href":"https:\/\/feltvibe.com\/tr\/wp-json\/wp\/v2\/comments?post=11052"}],"version-history":[{"count":11,"href":"https:\/\/feltvibe.com\/tr\/wp-json\/wp\/v2\/pages\/11052\/revisions"}],"predecessor-version":[{"id":17261,"href":"https:\/\/feltvibe.com\/tr\/wp-json\/wp\/v2\/pages\/11052\/revisions\/17261"}],"wp:featuredmedia":[{"embeddable":true,"href":"https:\/\/feltvibe.com\/tr\/wp-json\/wp\/v2\/media\/10186"}],"wp:attachment":[{"href":"https:\/\/feltvibe.com\/tr\/wp-json\/wp\/v2\/media?parent=11052"}],"curies":[{"name":"wp","href":"https:\/\/api.w.org\/{rel}","templated":true}]}}