{"id":3,"date":"2024-09-05T17:11:52","date_gmt":"2024-09-05T14:11:52","guid":{"rendered":"https:\/\/feltvibe.com\/?page_id=3"},"modified":"2026-03-13T10:20:32","modified_gmt":"2026-03-13T07:20:32","slug":"gizlilik-politikasi","status":"publish","type":"page","link":"https:\/\/feltvibe.com\/tr\/privacy-policy\/","title":{"rendered":"Gizlilik Politikas\u0131"},"content":{"rendered":"<div id=\"gap-100796449\" class=\"gap-element clearfix\" style=\"display:block; height:auto;\">\n\t\t\n<style>\n#gap-100796449 {\n  padding-top: 5vh;\n}\n<\/style>\n\t<\/div>\n\t\n<div class=\"row\"  id=\"row-980387170\">\n\n\t<div id=\"col-1871255399\" class=\"col small-12 large-12\"  >\n\t\t\t\t<div class=\"col-inner\"  >\n\t\t\t\n\t\t\t\n<p><strong>Feltvibe Gizlilik Politikas\u0131<\/strong><\/p>\n<p><strong>Feltvibe<\/strong>gizlili\u011finizi korumaya ve ki\u015fisel bilgilerinizin sorumlu ve g\u00fcvenli bir \u015fekilde kullan\u0131lmas\u0131n\u0131 sa\u011flamaya kararl\u0131y\u0131z. Bu Gizlilik Politikas\u0131, Genel Veri Koruma Y\u00f6netmeli\u011fi (GDPR) ve di\u011fer uluslararas\u0131 gizlilik yasalar\u0131 dahil olmak \u00fczere ge\u00e7erli veri koruma d\u00fczenlemelerine uygun olarak ki\u015fisel verilerinizi nas\u0131l toplad\u0131\u011f\u0131m\u0131z\u0131, kulland\u0131\u011f\u0131m\u0131z\u0131, saklad\u0131\u011f\u0131m\u0131z\u0131 ve payla\u015ft\u0131\u011f\u0131m\u0131z\u0131 \u00f6zetlemektedir.<\/p>\n<h3>1. Toplad\u0131\u011f\u0131m\u0131z Bilgiler<\/h3>\n<p>A\u015fa\u011f\u0131daki ki\u015fisel bilgi t\u00fcrlerini toplayabilir ve i\u015fleyebiliriz:<\/p>\n<ul>\n<li><strong>\u0130leti\u015fim Bilgileri:<\/strong> \u0130sim, e-posta adresi, telefon numaras\u0131 ve fiziksel adres.<\/li>\n<li><strong>\u0130\u015f Bilgileri:<\/strong> \u0130\u015f unvan\u0131, \u015firket ad\u0131 ve sekt\u00f6r.<\/li>\n<li><strong>Kullan\u0131m Bilgileri:<\/strong> IP adresi, taray\u0131c\u0131 t\u00fcr\u00fc ve cihaz ayr\u0131nt\u0131lar\u0131 dahil olmak \u00fczere web sitemizle nas\u0131l etkile\u015fimde bulundu\u011funuz.<\/li>\n<li><strong>Pazarlama Tercihleri:<\/strong> Bizden pazarlama materyalleri almaya ili\u015fkin tercihleriniz.<\/li>\n<\/ul>\n<h3>2. Ki\u015fisel Verilerinizi Nas\u0131l Kullan\u0131yoruz<\/h3>\n<p>Toplad\u0131\u011f\u0131m\u0131z ki\u015fisel bilgileri a\u015fa\u011f\u0131daki ama\u00e7lar i\u00e7in kullan\u0131r\u0131z:<\/p>\n<ul>\n<li><strong>Hizmet Sa\u011flamak i\u00e7in:<\/strong> Sorular\u0131 yan\u0131tlamak, talepleri yerine getirmek ve m\u00fc\u015fteri deste\u011fi sa\u011flamak.<\/li>\n<li><strong>Pazarlama \u0130leti\u015fimi:<\/strong> \u0130zninizle, size \u00fcr\u00fcnler, hizmetler, promosyonlar veya etkinlikler hakk\u0131nda bilgi g\u00f6ndermek.<\/li>\n<li><strong>Hizmetlerimizi Geli\u015ftiriyoruz:<\/strong> Web sitemizi, \u00fcr\u00fcnlerimizi ve hizmetlerimizi geli\u015ftirmek i\u00e7in kullan\u0131m verilerini analiz etmek.<\/li>\n<li><strong>Yasal Uygunluk:<\/strong> Y\u00fcr\u00fcrl\u00fckteki yasalara, y\u00f6netmeliklere ve end\u00fcstri standartlar\u0131na uygunlu\u011fun sa\u011flanmas\u0131.<\/li>\n<\/ul>\n<h3>3. \u0130\u015fleme i\u00e7in Yasal Dayanak<\/h3>\n<p>Ki\u015fisel verilerinizi a\u015fa\u011f\u0131daki yasal gerek\u00e7elerden bir veya daha fazlas\u0131na dayanarak i\u015fliyoruz:<\/p>\n<ul>\n<li><strong>R\u0131za:<\/strong> Ki\u015fisel bilgilerinizi pazarlama veya di\u011fer \u00f6zel ama\u00e7lar i\u00e7in i\u015flememiz i\u00e7in a\u00e7\u0131k onay verdi\u011finizde.<\/li>\n<li><strong>S\u00f6zle\u015fmesel Gereklilik:<\/strong> Verilerinizin i\u015flenmesi sizinle bir s\u00f6zle\u015fmenin ifas\u0131 i\u00e7in veya bir s\u00f6zle\u015fmeye girmeden \u00f6nce talebiniz \u00fczerine ad\u0131mlar atmak i\u00e7in gerekli oldu\u011funda.<\/li>\n<li><strong>Me\u015fru Menfaatler:<\/strong> Hizmetlerimizi geli\u015ftirmek gibi me\u015fru ticari \u00e7\u0131karlar\u0131m\u0131z i\u00e7in i\u015flemenin gerekli oldu\u011fu durumlarda, bu t\u00fcr \u00e7\u0131karlar\u0131n haklar\u0131n\u0131z ve \u00e7\u0131karlar\u0131n\u0131z taraf\u0131ndan ge\u00e7ersiz k\u0131l\u0131nmamas\u0131 ko\u015fuluyla.<\/li>\n<li><strong>Yasal Y\u00fck\u00fcml\u00fcl\u00fck:<\/strong> \u0130\u015flemenin vergi veya d\u00fczenleyici gereklilikler gibi yasal y\u00fck\u00fcml\u00fcl\u00fcklere uymak i\u00e7in gerekli oldu\u011fu durumlarda.<\/li>\n<\/ul>\n<h3>4. Verilerinizi Payla\u015fma<\/h3>\n<p>Ki\u015fisel verilerinizi a\u015fa\u011f\u0131daki durumlarda \u00fc\u00e7\u00fcnc\u00fc taraflarla payla\u015fabiliriz:<\/p>\n<ul>\n<li><strong>Hizmet Sa\u011flay\u0131c\u0131lar:<\/strong> Pazarlama, veri analizi ve m\u00fc\u015fteri deste\u011fi gibi hizmetleri sa\u011flamam\u0131za yard\u0131mc\u0131 olan \u00fc\u00e7\u00fcnc\u00fc taraf sat\u0131c\u0131lar.<\/li>\n<li><strong>Yasal Y\u00fck\u00fcml\u00fcl\u00fckler:<\/strong> Yasa veya yasal s\u00fcre\u00e7 gerektirdi\u011finde, bilgilerinizi yetkililere veya di\u011fer \u00fc\u00e7\u00fcnc\u00fc taraflara if\u015fa edebiliriz.<\/li>\n<li><strong>\u0130\u015f Transferleri:<\/strong> Bir birle\u015fme, devralma veya varl\u0131k sat\u0131\u015f\u0131 durumunda, ki\u015fisel verileriniz i\u015flemin bir par\u00e7as\u0131 olarak aktar\u0131labilir.<\/li>\n<\/ul>\n<h3>5. Veri G\u00fcvenli\u011fi<\/h3>\n<p>Ki\u015fisel verilerinizi yetkisiz eri\u015fim, if\u015fa, de\u011fi\u015ftirme veya imhaya kar\u015f\u0131 korumak i\u00e7in uygun teknik ve organizasyonel \u00f6nlemleri uyguluyoruz. Bilgilerinizin s\u00fcrekli korunmas\u0131n\u0131 sa\u011flamak i\u00e7in g\u00fcvenlik uygulamalar\u0131m\u0131z\u0131 d\u00fczenli olarak g\u00f6zden ge\u00e7irir ve g\u00fcncelleriz.<\/p>\n<h3>6. Uluslararas\u0131 Veri Aktar\u0131mlar\u0131<\/h3>\n<p>Ki\u015fisel verileriniz, kendi \u00fclkenizle ayn\u0131 d\u00fczeyde veri korumas\u0131 sa\u011flamayan \u00fclkeler de dahil olmak \u00fczere, ikamet etti\u011finiz \u00fclkenin d\u0131\u015f\u0131ndaki \u00fclkelere aktar\u0131labilir ve i\u015flenebilir. Ki\u015fisel verileri uluslararas\u0131 olarak aktard\u0131\u011f\u0131m\u0131zda, bilgilerinizi y\u00fcr\u00fcrl\u00fckteki yasalara uygun olarak korumak i\u00e7in uygun \u00f6nlemlerin al\u0131nd\u0131\u011f\u0131ndan emin oluruz.<\/p>\n<h3>7. Sizin Haklar\u0131n\u0131z<\/h3>\n<p>Ki\u015fisel verilerinizle ilgili olarak a\u015fa\u011f\u0131daki haklara sahipsiniz:<\/p>\n<ul>\n<li><strong>Eri\u015fim:<\/strong> Hakk\u0131n\u0131zda tuttu\u011fumuz ki\u015fisel verilere eri\u015fim talep etme hakk\u0131na sahipsiniz.<\/li>\n<li><strong>D\u00fczeltiyorum:<\/strong> Yanl\u0131\u015f veya eksik bilgileri d\u00fczeltmemizi veya g\u00fcncellememizi talep edebilirsiniz.<\/li>\n<li><strong>Siliniyor:<\/strong> Belirli ko\u015fullar alt\u0131nda, ki\u015fisel verilerinizi silmemizi talep edebilirsiniz.<\/li>\n<li><strong>K\u0131s\u0131tlama:<\/strong> Belirli durumlarda verilerinizin i\u015flenmesini k\u0131s\u0131tlamam\u0131z\u0131 talep etme hakk\u0131na sahipsiniz.<\/li>\n<li><strong>Veri Ta\u015f\u0131nabilirli\u011fi:<\/strong> Ki\u015fisel verilerinizin bir kopyas\u0131n\u0131 yap\u0131land\u0131r\u0131lm\u0131\u015f, yayg\u0131n olarak kullan\u0131lan ve makine taraf\u0131ndan okunabilir bir formatta talep edebilirsiniz.<\/li>\n<li><strong>\u0130tiraz ediyorum:<\/strong> Ki\u015fisel verilerinizin do\u011frudan pazarlama veya di\u011fer \u00f6zel ama\u00e7lar i\u00e7in i\u015flenmesine itiraz etme hakk\u0131na sahipsiniz.<\/li>\n<li><strong>R\u0131zan\u0131n Geri \u00c7ekilmesi:<\/strong> Verilerinizin i\u015flenmesi i\u00e7in onay verdiyseniz, bunu istedi\u011finiz zaman geri \u00e7ekebilirsiniz.<\/li>\n<\/ul>\n<p>Haklar\u0131n\u0131z\u0131 kullanmak i\u00e7in l\u00fctfen bizimle \u015fu adresten ileti\u015fime ge\u00e7in <strong><a rel=\"noopener\">info@feltvibe.com<\/a><\/strong>.<\/p>\n<h3>8. Veri Saklama<\/h3>\n<p>Ki\u015fisel verilerinizi, daha uzun bir saklama s\u00fcresi gerekmedi\u011fi veya yasalarca izin verilmedi\u011fi s\u00fcrece, toplanma ama\u00e7lar\u0131n\u0131 yerine getirmek i\u00e7in gerekli oldu\u011fu s\u00fcrece saklayaca\u011f\u0131z. Verilerinize art\u0131k ihtiya\u00e7 duyulmad\u0131\u011f\u0131nda, bunlar\u0131 g\u00fcvenli bir \u015fekilde silecek veya anonim hale getirece\u011fiz.<\/p>\n<h3>9. Bu Gizlilik Politikas\u0131ndaki De\u011fi\u015fiklikler<\/h3>\n<p>Uygulamalar\u0131m\u0131zdaki veya y\u00fcr\u00fcrl\u00fckteki yasalardaki de\u011fi\u015fiklikleri yans\u0131tmak i\u00e7in bu Gizlilik Politikas\u0131n\u0131 zaman zaman g\u00fcncelleyebiliriz. Her t\u00fcrl\u00fc de\u011fi\u015fiklik, g\u00fcncellenen politikan\u0131n y\u00fcr\u00fcrl\u00fck tarihi ile birlikte web sitemizde yay\u0131nlanacakt\u0131r. Bu sayfay\u0131 periyodik olarak g\u00f6zden ge\u00e7irmenizi \u00f6neririz.<\/p>\n<h3>10. Bize Ula\u015f\u0131n<\/h3>\n<p>Bu Gizlilik Politikas\u0131 veya ki\u015fisel verilerinizi nas\u0131l kulland\u0131\u011f\u0131m\u0131z hakk\u0131nda herhangi bir sorunuz veya endi\u015feniz varsa, l\u00fctfen bizimle ileti\u015fime ge\u00e7in:<\/p>\n<p><strong>Feltvibe<\/strong><br \/>\n<strong>GENTUG TEKSTI\u0307L \u00dcR\u00dcNLERI\u0307 SAN. VE T\u0130C. A.\u015e.<\/strong><br \/>\nSava\u015f Caddesi, S\u00f6\u011f\u00fct Sokak No:1<br \/>\n34173 Merter, \u0130stanbul, T\u00fcrkiye<br \/>\nE-posta: <strong><a rel=\"noopener\">info@feltvibe.com<\/a><\/strong><br \/>\nTelefon: <strong>+90 212 637 09 89<\/strong><\/p>\n\t\t<\/div>\n\t\t\t\t\t<\/div>\n\n\t\n<\/div>","protected":false},"excerpt":{"rendered":"","protected":false},"author":1,"featured_media":0,"parent":0,"menu_order":0,"comment_status":"closed","ping_status":"closed","template":"","meta":{"footnotes":""},"class_list":["post-3","page","type-page","status-publish","hentry"],"yoast_head":"<!-- This site is optimized with the Yoast SEO Premium plugin v27.4 (Yoast SEO v27.4) - https:\/\/yoast.com\/product\/yoast-seo-premium-wordpress\/ -->\n<title>Privacy Policy | Your Data Security at Feltvibe<\/title>\n<meta name=\"description\" content=\"Your privacy matters. Read the Feltvibe Privacy Policy to understand how we protect your personal data in compliance with GDPR and international standards.\" \/>\n<meta name=\"robots\" content=\"index, follow, max-snippet:-1, max-image-preview:large, max-video-preview:-1\" \/>\n<link rel=\"canonical\" href=\"https:\/\/feltvibe.com\/tr\/gizlilik-politikasi\/\" \/>\n<meta property=\"og:locale\" content=\"tr_TR\" \/>\n<meta property=\"og:type\" content=\"article\" \/>\n<meta property=\"og:title\" content=\"Feltvibe Privacy Policy | Commitment to Data Safety\" \/>\n<meta property=\"og:description\" content=\"Transparent, secure, and compliant. Learn how we handle your personal information and maintain your privacy across all our services and platforms.\" \/>\n<meta property=\"og:url\" content=\"https:\/\/feltvibe.com\/tr\/gizlilik-politikasi\/\" \/>\n<meta property=\"og:site_name\" content=\"Feltvibe | Acoustic Felt\" \/>\n<meta property=\"article:publisher\" content=\"https:\/\/www.facebook.com\/Gentug\" \/>\n<meta property=\"article:modified_time\" content=\"2026-03-13T07:20:32+00:00\" \/>\n<meta property=\"og:image\" content=\"https:\/\/feltvibe.com\/uploads\/arketa-pet-felt-panel-1.jpg\" \/>\n\t<meta property=\"og:image:width\" content=\"500\" \/>\n\t<meta property=\"og:image:height\" content=\"425\" \/>\n\t<meta property=\"og:image:type\" content=\"image\/jpeg\" \/>\n<meta name=\"twitter:card\" content=\"summary_large_image\" \/>\n<meta name=\"twitter:title\" content=\"Privacy Policy | Feltvibe Data Security Standards\" \/>\n<meta name=\"twitter:description\" content=\"Explore our commitment to GDPR compliance and data protection. We ensure your personal information stays safe and secure.\" \/>\n<meta name=\"twitter:label1\" content=\"Tahmini okuma s\u00fcresi\" \/>\n\t<meta name=\"twitter:data1\" content=\"4 dakika\" \/>\n<script type=\"application\/ld+json\" class=\"yoast-schema-graph\">{\"@context\":\"https:\\\/\\\/schema.org\",\"@graph\":[{\"@type\":\"WebPage\",\"@id\":\"https:\\\/\\\/feltvibe.com\\\/privacy-policy\\\/\",\"url\":\"https:\\\/\\\/feltvibe.com\\\/privacy-policy\\\/\",\"name\":\"Privacy Policy | Your Data Security at Feltvibe\",\"isPartOf\":{\"@id\":\"https:\\\/\\\/feltvibe.com\\\/#website\"},\"datePublished\":\"2024-09-05T14:11:52+00:00\",\"dateModified\":\"2026-03-13T07:20:32+00:00\",\"description\":\"Your privacy matters. Read the Feltvibe Privacy Policy to understand how we protect your personal data in compliance with GDPR and international standards.\",\"breadcrumb\":{\"@id\":\"https:\\\/\\\/feltvibe.com\\\/privacy-policy\\\/#breadcrumb\"},\"inLanguage\":\"tr\",\"potentialAction\":[{\"@type\":\"ReadAction\",\"target\":[\"https:\\\/\\\/feltvibe.com\\\/privacy-policy\\\/\"]}]},{\"@type\":\"BreadcrumbList\",\"@id\":\"https:\\\/\\\/feltvibe.com\\\/privacy-policy\\\/#breadcrumb\",\"itemListElement\":[{\"@type\":\"ListItem\",\"position\":1,\"name\":\"Home\",\"item\":\"https:\\\/\\\/feltvibe.com\\\/\"},{\"@type\":\"ListItem\",\"position\":2,\"name\":\"Privacy Policy\"}]},{\"@type\":\"WebSite\",\"@id\":\"https:\\\/\\\/feltvibe.com\\\/#website\",\"url\":\"https:\\\/\\\/feltvibe.com\\\/\",\"name\":\"Feltvibe Acoustic Felt\",\"description\":\"Feltvibe is a leading manufacturer providing innovative felt solutions for various industries, including thermoforming and automotive. Specializing in high-quality felt products, the company offers custom design and production services tailored to meet customer needs. Feltvibe is committed to creating sustainable, durable, and eco-friendly products while staying up to date with technological advancements. With a strong focus on customer satisfaction, the company ensures top-tier quality in all of its solutions.\",\"publisher\":{\"@id\":\"https:\\\/\\\/feltvibe.com\\\/#organization\"},\"potentialAction\":[{\"@type\":\"SearchAction\",\"target\":{\"@type\":\"EntryPoint\",\"urlTemplate\":\"https:\\\/\\\/feltvibe.com\\\/?s={search_term_string}\"},\"query-input\":{\"@type\":\"PropertyValueSpecification\",\"valueRequired\":true,\"valueName\":\"search_term_string\"}}],\"inLanguage\":\"tr\"},{\"@type\":\"Organization\",\"@id\":\"https:\\\/\\\/feltvibe.com\\\/#organization\",\"name\":\"Feltvibe is a leading manufacturer providing innovative acoustic and industrial felt solutions for various industries, including thermoformable PET felt panels and sustainable textile applications.\",\"alternateName\":\"Feltvibe by Gentu\u011f Tekstil\",\"url\":\"https:\\\/\\\/feltvibe.com\\\/\",\"logo\":{\"@type\":\"ImageObject\",\"inLanguage\":\"tr\",\"@id\":\"https:\\\/\\\/feltvibe.com\\\/#\\\/schema\\\/logo\\\/image\\\/\",\"url\":\"https:\\\/\\\/feltvibe.com\\\/uploads\\\/feltvibe-dark-logo-final.svg\",\"contentUrl\":\"https:\\\/\\\/feltvibe.com\\\/uploads\\\/feltvibe-dark-logo-final.svg\",\"width\":1,\"height\":1,\"caption\":\"Feltvibe is a leading manufacturer providing innovative acoustic and industrial felt solutions for various industries, including thermoformable PET felt panels and sustainable textile applications.\"},\"image\":{\"@id\":\"https:\\\/\\\/feltvibe.com\\\/#\\\/schema\\\/logo\\\/image\\\/\"},\"sameAs\":[\"https:\\\/\\\/www.facebook.com\\\/Gentug\",\"https:\\\/\\\/www.instagram.com\\\/felt.vibe\\\/\",\"https:\\\/\\\/www.linkedin.com\\\/company\\\/feltvibe\"],\"description\":\"Gentu\u011f Textile is the main and the most reliable technical textile manufacturer in Turkey, providing high quality products to the worldwide markets.\",\"email\":\"info@feltvibe.com\",\"telephone\":\"+90 212 637 09 89\",\"legalName\":\"Gentu\u011f Tekstil \u00dcr\u00fcn. San. Tic. A.\u015e.\",\"foundingDate\":\"1917-01-01\",\"vatID\":\"3940016139\",\"taxID\":\"MARMARA KURUMLAR\",\"numberOfEmployees\":{\"@type\":\"QuantitativeValue\",\"minValue\":\"501\",\"maxValue\":\"1000\"},\"publishingPrinciples\":\"https:\\\/\\\/feltvibe.com\\\/privacy-policy\\\/\",\"ownershipFundingInfo\":\"https:\\\/\\\/feltvibe.com\\\/about-us\\\/\",\"actionableFeedbackPolicy\":\"https:\\\/\\\/feltvibe.com\\\/contact-us\\\/\",\"correctionsPolicy\":\"https:\\\/\\\/feltvibe.com\\\/certification\\\/\",\"ethicsPolicy\":\"https:\\\/\\\/feltvibe.com\\\/privacy-policy\\\/\",\"diversityPolicy\":\"https:\\\/\\\/feltvibe.com\\\/privacy-policy\\\/\",\"diversityStaffingReport\":\"https:\\\/\\\/feltvibe.com\\\/contact-us\\\/\"}]}<\/script>\n<!-- \/ Yoast SEO Premium plugin. -->","yoast_head_json":{"title":"Privacy Policy | Your Data Security at Feltvibe","description":"Your privacy matters. Read the Feltvibe Privacy Policy to understand how we protect your personal data in compliance with GDPR and international standards.","robots":{"index":"index","follow":"follow","max-snippet":"max-snippet:-1","max-image-preview":"max-image-preview:large","max-video-preview":"max-video-preview:-1"},"canonical":"https:\/\/feltvibe.com\/tr\/gizlilik-politikasi\/","og_locale":"tr_TR","og_type":"article","og_title":"Feltvibe Privacy Policy | Commitment to Data Safety","og_description":"Transparent, secure, and compliant. Learn how we handle your personal information and maintain your privacy across all our services and platforms.","og_url":"https:\/\/feltvibe.com\/tr\/gizlilik-politikasi\/","og_site_name":"Feltvibe | Acoustic Felt","article_publisher":"https:\/\/www.facebook.com\/Gentug","article_modified_time":"2026-03-13T07:20:32+00:00","og_image":[{"width":500,"height":425,"url":"https:\/\/feltvibe.com\/uploads\/arketa-pet-felt-panel-1.jpg","type":"image\/jpeg"}],"twitter_card":"summary_large_image","twitter_title":"Privacy Policy | Feltvibe Data Security Standards","twitter_description":"Explore our commitment to GDPR compliance and data protection. We ensure your personal information stays safe and secure.","twitter_misc":{"Tahmini okuma s\u00fcresi":"4 dakika"},"schema":{"@context":"https:\/\/schema.org","@graph":[{"@type":"WebPage","@id":"https:\/\/feltvibe.com\/privacy-policy\/","url":"https:\/\/feltvibe.com\/privacy-policy\/","name":"Privacy Policy | Your Data Security at Feltvibe","isPartOf":{"@id":"https:\/\/feltvibe.com\/#website"},"datePublished":"2024-09-05T14:11:52+00:00","dateModified":"2026-03-13T07:20:32+00:00","description":"Your privacy matters. Read the Feltvibe Privacy Policy to understand how we protect your personal data in compliance with GDPR and international standards.","breadcrumb":{"@id":"https:\/\/feltvibe.com\/privacy-policy\/#breadcrumb"},"inLanguage":"tr","potentialAction":[{"@type":"ReadAction","target":["https:\/\/feltvibe.com\/privacy-policy\/"]}]},{"@type":"BreadcrumbList","@id":"https:\/\/feltvibe.com\/privacy-policy\/#breadcrumb","itemListElement":[{"@type":"ListItem","position":1,"name":"Home","item":"https:\/\/feltvibe.com\/"},{"@type":"ListItem","position":2,"name":"Privacy Policy"}]},{"@type":"WebSite","@id":"https:\/\/feltvibe.com\/#website","url":"https:\/\/feltvibe.com\/","name":"Feltvibe Akustik Ke\u00e7e","description":"Feltvibe, termoform ve otomotiv dahil olmak \u00fczere \u00e7e\u015fitli end\u00fcstriler i\u00e7in yenilik\u00e7i ke\u00e7e \u00e7\u00f6z\u00fcmleri sunan lider bir \u00fcreticidir. Y\u00fcksek kaliteli ke\u00e7e \u00fcr\u00fcnlerinde uzmanla\u015fan \u015firket, m\u00fc\u015fteri ihtiya\u00e7lar\u0131n\u0131 kar\u015f\u0131lamak i\u00e7in \u00f6zel tasar\u0131m ve \u00fcretim hizmetleri sunmaktad\u0131r. Feltvibe, teknolojik geli\u015fmeleri takip ederken s\u00fcrd\u00fcr\u00fclebilir, dayan\u0131kl\u0131 ve \u00e7evre dostu \u00fcr\u00fcnler yaratmaya kendini adam\u0131\u015ft\u0131r. M\u00fc\u015fteri memnuniyetine g\u00fc\u00e7l\u00fc bir \u015fekilde odaklanan \u015firket, t\u00fcm \u00e7\u00f6z\u00fcmlerinde en \u00fcst d\u00fczey kaliteyi sa\u011flar.","publisher":{"@id":"https:\/\/feltvibe.com\/#organization"},"potentialAction":[{"@type":"SearchAction","target":{"@type":"EntryPoint","urlTemplate":"https:\/\/feltvibe.com\/?s={search_term_string}"},"query-input":{"@type":"PropertyValueSpecification","valueRequired":true,"valueName":"search_term_string"}}],"inLanguage":"tr"},{"@type":"Organization","@id":"https:\/\/feltvibe.com\/#organization","name":"Feltvibe, \u0131s\u0131yla \u015fekillendirilebilir PET ke\u00e7e paneller ve s\u00fcrd\u00fcr\u00fclebilir tekstil uygulamalar\u0131 dahil olmak \u00fczere \u00e7e\u015fitli end\u00fcstriler i\u00e7in yenilik\u00e7i akustik ve end\u00fcstriyel ke\u00e7e \u00e7\u00f6z\u00fcmleri sunan lider bir \u00fcreticidir.","alternateName":"Feltvibe by Gentu\u011f Tekstil","url":"https:\/\/feltvibe.com\/","logo":{"@type":"ImageObject","inLanguage":"tr","@id":"https:\/\/feltvibe.com\/#\/schema\/logo\/image\/","url":"https:\/\/feltvibe.com\/uploads\/feltvibe-dark-logo-final.svg","contentUrl":"https:\/\/feltvibe.com\/uploads\/feltvibe-dark-logo-final.svg","width":1,"height":1,"caption":"Feltvibe is a leading manufacturer providing innovative acoustic and industrial felt solutions for various industries, including thermoformable PET felt panels and sustainable textile applications."},"image":{"@id":"https:\/\/feltvibe.com\/#\/schema\/logo\/image\/"},"sameAs":["https:\/\/www.facebook.com\/Gentug","https:\/\/www.instagram.com\/felt.vibe\/","https:\/\/www.linkedin.com\/company\/feltvibe"],"description":"Gentu\u011f Tekstil, d\u00fcnya pazarlar\u0131na y\u00fcksek kaliteli \u00fcr\u00fcnler sunan T\u00fcrkiye'nin ana ve en g\u00fcvenilir teknik tekstil \u00fcreticisidir.","email":"info@feltvibe.com","telephone":"+90 212 637 09 89","legalName":"Gentu\u011f Tekstil \u00dcr\u00fcn. San. Tic. A.\u015e.","foundingDate":"1917-01-01","vatID":"3940016139","taxID":"MARMARA KURUMLAR","numberOfEmployees":{"@type":"QuantitativeValue","minValue":"501","maxValue":"1000"},"publishingPrinciples":"https:\/\/feltvibe.com\/privacy-policy\/","ownershipFundingInfo":"https:\/\/feltvibe.com\/about-us\/","actionableFeedbackPolicy":"https:\/\/feltvibe.com\/contact-us\/","correctionsPolicy":"https:\/\/feltvibe.com\/certification\/","ethicsPolicy":"https:\/\/feltvibe.com\/privacy-policy\/","diversityPolicy":"https:\/\/feltvibe.com\/privacy-policy\/","diversityStaffingReport":"https:\/\/feltvibe.com\/contact-us\/"}]}},"_links":{"self":[{"href":"https:\/\/feltvibe.com\/tr\/wp-json\/wp\/v2\/pages\/3","targetHints":{"allow":["GET"]}}],"collection":[{"href":"https:\/\/feltvibe.com\/tr\/wp-json\/wp\/v2\/pages"}],"about":[{"href":"https:\/\/feltvibe.com\/tr\/wp-json\/wp\/v2\/types\/page"}],"author":[{"embeddable":true,"href":"https:\/\/feltvibe.com\/tr\/wp-json\/wp\/v2\/users\/1"}],"replies":[{"embeddable":true,"href":"https:\/\/feltvibe.com\/tr\/wp-json\/wp\/v2\/comments?post=3"}],"version-history":[{"count":3,"href":"https:\/\/feltvibe.com\/tr\/wp-json\/wp\/v2\/pages\/3\/revisions"}],"predecessor-version":[{"id":17267,"href":"https:\/\/feltvibe.com\/tr\/wp-json\/wp\/v2\/pages\/3\/revisions\/17267"}],"wp:attachment":[{"href":"https:\/\/feltvibe.com\/tr\/wp-json\/wp\/v2\/media?parent=3"}],"curies":[{"name":"wp","href":"https:\/\/api.w.org\/{rel}","templated":true}]}}