{"id":642,"date":"2024-09-07T17:07:34","date_gmt":"2024-09-07T14:07:34","guid":{"rendered":"https:\/\/feltvibe.com\/?page_id=642"},"modified":"2026-03-13T10:20:24","modified_gmt":"2026-03-13T07:20:24","slug":"bize-ulasin","status":"publish","type":"page","link":"https:\/\/feltvibe.com\/tr\/contact-us\/","title":{"rendered":"Bize Ula\u015f\u0131n"},"content":{"rendered":"<div id=\"gap-1392831946\" class=\"gap-element clearfix\" style=\"display:block; height:auto;\">\n\t\t\n<style>\n#gap-1392831946 {\n  padding-top: 5vh;\n}\n<\/style>\n\t<\/div>\n\t\n<div class=\"row\"  id=\"row-787607873\">\n\n\t<div id=\"col-1342521003\" class=\"col textpdar small-12 large-12\"  >\n\t\t\t\t<div class=\"col-inner\"  >\n\t\t\t\n\t\t\t\n\t<div id=\"text-1347782903\" class=\"text textpdar\">\n\t\t\n<p>Bize Ula\u015f\u0131n<br \/>\n\t\t\n<style>\n#text-1347782903 {\n  font-size: 2rem;\n  text-align: center;\n}\n@media (min-width:550px) {\n  #text-1347782903 {\n    text-align: left;\n  }\n}\n@media (min-width:850px) {\n  #text-1347782903 {\n    text-align: center;\n  }\n}\n<\/style>\n\t<\/div>\n\t\n\t\t<\/div>\n\t\t\t\t\t<\/div>\n\n\t\n\n\t<div id=\"col-1610691319\" class=\"col textpdar small-12 large-12\"  >\n\t\t\t\t<div class=\"col-inner\"  >\n\t\t\t\n\t\t\t\n\t<div id=\"text-1900153051\" class=\"text\">\n\t\t\n<p>\u0130ste\u011finizi bize g\u00f6ndermekten \u00e7ekinmeyin. M\u00fcmk\u00fcn olan en k\u0131sa s\u00fcrede yan\u0131t verece\u011fiz.<br \/>\n\t\t\n<style>\n#text-1900153051 {\n  font-size: 1.5rem;\n  text-align: center;\n}\n<\/style>\n\t<\/div>\n\t\n\n<div class=\"forminator-ui forminator-custom-form forminator-custom-form-674 forminator-design--default  forminator_ajax\" data-forminator-render=\"0\" data-form=\"forminator-module-674\" data-uid=\"69e75b54ba8a6\"><br\/><\/div><form\n\t\t\t\tid=\"forminator-module-674\"\n\t\t\t\tclass=\"forminator-ui forminator-custom-form forminator-custom-form-674 forminator-design--default  forminator_ajax\"\n\t\t\t\tmethod=\"post\"\n\t\t\t\tdata-forminator-render=\"0\"\n\t\t\t\tdata-form-id=\"674\"\n\t\t\t\t data-color-option=\"default\" data-design=\"default\" data-grid=\"open\" style=\"display: none;\"\n\t\t\t\tdata-uid=\"69e75b54ba8a6\" action=\"\"\n\t\t\t><div role=\"alert\" aria-live=\"polite\" class=\"forminator-response-message forminator-error\" aria-hidden=\"true\"><\/div><div class=\"forminator-row\"><div id=\"name-1\" class=\"forminator-field-name forminator-col forminator-col-12\"><div class=\"forminator-row forminator-no-margin\" data-multiple=\"true\"><div class=\"forminator-col forminator-col-md-6\"><div class=\"forminator-field\"><input type=\"text\" name=\"name-1-first-name\" placeholder=\"\u0130sim\" id=\"forminator-field-first-name-1_69e75b54ba8a6\" class=\"forminator-input\" aria-required=\"true\" data-multi=\"1\" autocomplete=\"given-name\" value=\"\" \/><\/div><\/div><div class=\"forminator-col forminator-col-md-6\"><div class=\"forminator-field\"><input type=\"text\" name=\"name-1-last-name\" placeholder=\"Soyad\u0131\" id=\"forminator-field-last-name-1_69e75b54ba8a6\" class=\"forminator-input\" aria-required=\"true\" data-multi=\"1\" autocomplete=\"family-name\" value=\"\" \/><\/div><\/div><\/div><\/div><\/div><div class=\"forminator-row\"><div id=\"phone-1\" class=\"forminator-field-phone forminator-col forminator-col-12\"><div class=\"forminator-field\"><input type=\"text\" name=\"phone-1\" value=\"\" placeholder=\"Telefon\" id=\"forminator-field-phone-1_69e75b54ba8a6\" class=\"forminator-input forminator-field--phone\" data-required=\"1\" aria-required=\"true\" autocomplete=\"off\" \/><\/div><\/div><\/div><div class=\"forminator-row\"><div id=\"email-1\" class=\"forminator-field-email forminator-col forminator-col-12\"><div class=\"forminator-field\"><input type=\"email\" name=\"email-1\" value=\"\" placeholder=\"E-posta\" id=\"forminator-field-email-1_69e75b54ba8a6\" class=\"forminator-input forminator-email--field\" data-required=\"1\" aria-required=\"true\" autocomplete=\"email\" \/><\/div><\/div><\/div><div class=\"forminator-row\"><div id=\"textarea-1\" class=\"forminator-field-textarea forminator-col forminator-col-12\"><div class=\"forminator-field\"><textarea name=\"textarea-1\" placeholder=\"Mesaj\" id=\"forminator-field-textarea-1_69e75b54ba8a6\" class=\"forminator-textarea\" rows=\"6\" style=\"min-height:140px;\" ><\/textarea><\/div><\/div><\/div><div class=\"forminator-row\"><div id=\"consent-1\" class=\"forminator-field-consent forminator-col forminator-col-12\"><div class=\"forminator-field\"><label for=\"forminator-field-consent-1_69e75b54ba8a6\" id=\"forminator-field-consent-1_69e75b54ba8a6-label\" class=\"forminator-label\">R\u0131za <span class=\"forminator-required\">*<\/span><\/label><div class=\"forminator-checkbox__wrapper\"><label id=\"forminator-field-consent-1_69e75b54ba8a6__label\" class=\"forminator-checkbox forminator-consent\"><input type=\"checkbox\" name=\"consent-1\" id=\"forminator-field-consent-1_69e75b54ba8a6\" value=\"checked\" aria-labelledby=\"forminator-field-consent-1_69e75b54ba8a6-label\" aria-describedby=\"forminator-field-consent-1_69e75b54ba8a6__description\" data-required=\"true\" aria-required=\"true\" \/><span class=\"forminator-checkbox-box\" aria-hidden=\"true\"><\/span><\/label><div id=\"forminator-field-consent-1_69e75b54ba8a6__description\" class=\"forminator-checkbox__label forminator-consent__label\"><p>Bu formu doldurarak, sundu\u011fumuz hizmetlerin sa\u011flanmas\u0131 amac\u0131yla ki\u015fisel verilerinizin i\u015flenmesini kabul etmi\u015f ve onaylam\u0131\u015f olursunuz. Verileriniz a\u015fa\u011f\u0131dakilere uygun olarak korunacakt\u0131r <a href=\"https:\/\/feltvibe.com\/tr\/gizlilik-politikasi\/\">Gizlilik Politikas\u0131<\/a> ve sadece yasal \u00e7er\u00e7evede kullan\u0131lacakt\u0131r.<\/p>\n<p>Onay kutusunu i\u015faretleyerek ki\u015fisel verilerinizin i\u015flenmesini kabul etmi\u015f olursunuz.<\/p><\/div><\/div><\/div><\/div><\/div><input type=\"hidden\" name=\"referer_url\" value=\"\" \/><div class=\"forminator-row forminator-row-last\"><div class=\"forminator-col\"><div class=\"forminator-field\"><button class=\"forminator-button forminator-button-submit\">Mesaj G\u00f6nder<\/button><\/div><\/div><\/div><input type=\"hidden\" id=\"forminator_nonce\" name=\"forminator_nonce\" value=\"6660485530\" \/><input type=\"hidden\" name=\"_wp_http_referer\" value=\"\/tr\/wp-json\/wp\/v2\/pages\/642\" \/><input type=\"hidden\" name=\"form_id\" value=\"674\"><input type=\"hidden\" name=\"page_id\" value=\"642\"><input type=\"hidden\" name=\"form_type\" value=\"default\"><input type=\"hidden\" name=\"current_url\" value=\"https:\/\/feltvibe.com\/tr\/contact-us\/\"><input type=\"hidden\" name=\"render_id\" value=\"0\"><input type=\"hidden\" name=\"action\" value=\"forminator_submit_form_custom-forms\"><input type=\"hidden\" name=\"trp-form-language\" value=\"tr\"\/><\/form>\n\n\t\t<\/div>\n\t\t\t\t\t<\/div>\n\n\t\n<\/div>\n\t<div id=\"gap-121769181\" class=\"gap-element clearfix\" style=\"display:block; height:auto;\">\n\t\t\n<style>\n#gap-121769181 {\n  padding-top: 10vh;\n}\n<\/style>\n\t<\/div>\n\t\n<div class=\"row\"  id=\"row-246929004\">\n\n\t<div id=\"col-1417418377\" class=\"col textpdar small-12 large-12\"  >\n\t\t\t\t<div class=\"col-inner\"  >\n\t\t\t\n\t\t\t\n\t<div id=\"text-4078292722\" class=\"text textpdar\">\n\t\t\n<p>\u00dcretim Tesisleri<br \/>\n\t\t\n<style>\n#text-4078292722 {\n  font-size: 1.5rem;\n  text-align: center;\n}\n@media (min-width:550px) {\n  #text-4078292722 {\n    text-align: left;\n  }\n}\n@media (min-width:850px) {\n  #text-4078292722 {\n    text-align: center;\n  }\n}\n<\/style>\n\t<\/div>\n\t\n\t<div id=\"gap-47824899\" class=\"gap-element clearfix\" style=\"display:block; height:auto;\">\n\t\t\n<style>\n#gap-47824899 {\n  padding-top: 5vh;\n}\n<\/style>\n\t<\/div>\n\t\n<div class=\"row\"  id=\"row-1903653579\">\n\n\t<div id=\"col-1493242734\" class=\"col medium-3 small-12 large-3\"  >\n\t\t\t\t<div class=\"col-inner\"  >\n\t\t\t\n\t\t\t\n\t<div id=\"text-2324364903\" class=\"text\">\n\t\t\n<p><strong>Merkez Ofis<\/strong><br \/>\n\t\t\n<style>\n#text-2324364903 {\n  font-size: 1.1rem;\n}\n<\/style>\n\t<\/div>\n\t\n\t<div id=\"text-2731295380\" class=\"text\">\n\t\t\n<p>Sava\u015f Caddesi, S\u00f6\u011f\u00fct Sokak<br \/>\nNo: 1 34173 Merter, \u0130stanbul<br \/>\nT\u00fcrkiye<br \/>\ninfo@feltvibe.com<br \/>\nT: +90 212 637 09 89<br \/>\n\t\t\n<style>\n#text-2731295380 {\n  font-size: 1rem;\n}\n<\/style>\n\t<\/div>\n\t\n\t\t<\/div>\n\t\t\t\t\t<\/div>\n\n\t\n\n\t<div id=\"col-171776826\" class=\"col medium-3 small-12 large-3\"  >\n\t\t\t\t<div class=\"col-inner\"  >\n\t\t\t\n\t\t\t\n\t<div id=\"text-957733306\" class=\"text\">\n\t\t\n<p><strong>Gerede Fabrika<\/strong><br \/>\n\t\t\n<style>\n#text-957733306 {\n  font-size: 1.1rem;\n}\n<\/style>\n\t<\/div>\n\t\n\t<div id=\"text-1557199498\" class=\"text\">\n\t\t\n<p>Gerkonsan Organize Sanayii<br \/>\nGerede B\u00f6lgesi, Bolu<br \/>\nT\u00fcrkiye<br \/>\ninfo@feltvibe.com<br \/>\nT: +90 374 311 82 57 - 58<br \/>\n\t\t\n<style>\n#text-1557199498 {\n  font-size: 1rem;\n}\n<\/style>\n\t<\/div>\n\t\n\t\t<\/div>\n\t\t\t\t\t<\/div>\n\n\t\n\n\t<div id=\"col-1713014381\" class=\"col medium-3 small-12 large-3\"  >\n\t\t\t\t<div class=\"col-inner\"  >\n\t\t\t\n\t\t\t\n\t<div id=\"text-2137275077\" class=\"text\">\n\t\t\n<p><strong>D\u00fczce Fabrika<\/strong><br \/>\n\t\t\n<style>\n#text-2137275077 {\n  font-size: 1.1rem;\n}\n<\/style>\n\t<\/div>\n\t\n\t<div id=\"text-2157650611\" class=\"text\">\n\t\t\n<p>Organize Sanayii B\u00f6lgesi 13.<br \/>\nAda 1\/4 Parsel, D\u00fczce<br \/>\nT\u00fcrkiye<br \/>\ninfo@feltvibe.com<br \/>\nT: +90 380 553 73 68 - 69<br \/>\n\t\t\n<style>\n#text-2157650611 {\n  font-size: 1rem;\n}\n<\/style>\n\t<\/div>\n\t\n\t\t<\/div>\n\t\t\t\t\t<\/div>\n\n\t\n\n\t<div id=\"col-1420852439\" class=\"col medium-3 small-12 large-3\"  >\n\t\t\t\t<div class=\"col-inner\"  >\n\t\t\t\n\t\t\t\n\t<div id=\"text-1553339669\" class=\"text\">\n\t\t\n<p><strong>\u0130zmir \u015eube<\/strong><br \/>\n\t\t\n<style>\n#text-1553339669 {\n  font-size: 1.1rem;\n}\n<\/style>\n\t<\/div>\n\t\n\t<div id=\"text-2121707816\" class=\"text\">\n\t\t\n<p>MTK Sitesi 747\/2 Sokak No: 37<br \/>\n6003 ADA, Alt\u0131nda\u011f, \u0130zmir<br \/>\nT\u00fcrkiye<br \/>\ninfo@feltvibe.com<br \/>\nT: +90 232 431 08 17 - 18<br \/>\nF: +90 232 431 08 19<br \/>\n\t\t\n<style>\n#text-2121707816 {\n  font-size: 1rem;\n}\n<\/style>\n\t<\/div>\n\t\n\t\t<\/div>\n\t\t\t\t\t<\/div>\n\n\t\n<\/div>\n<div class=\"row\"  id=\"row-174258632\">\n\n\t<div id=\"col-1204965457\" class=\"col medium-3 small-12 large-3\"  >\n\t\t\t\t<div class=\"col-inner\"  >\n\t\t\t\n\t\t\t\n\t<div id=\"text-3071123503\" class=\"text\">\n\t\t\n<p><strong>Benel\u00fcks<\/strong><br \/>\n\t\t\n<style>\n#text-3071123503 {\n  font-size: 1.1rem;\n}\n<\/style>\n\t<\/div>\n\t\n\t<div id=\"text-2143387121\" class=\"text\">\n\t\t\n<p>Dualco BV<br \/>\nBay Wim Duyvejonck<br \/>\nPutmanstraat 67 8790<br \/>\nWaregem Bel\u00e7ika<br \/>\nwim@dualco.be<br \/>\nT: +32 (0) 467 042 669<br \/>\n\t\t\n<style>\n#text-2143387121 {\n  font-size: 1rem;\n}\n<\/style>\n\t<\/div>\n\t\n\t\t<\/div>\n\t\t\t\t\t<\/div>\n\n\t\n\n\t<div id=\"col-1052385929\" class=\"col medium-3 small-12 large-3\"  >\n\t\t\t\t<div class=\"col-inner\"  >\n\t\t\t\n\t\t\t\n\t<div id=\"text-1715011682\" class=\"text\">\n\t\t\n<p><strong>Birle\u015fik Krall\u0131k <\/strong><br \/>\n\t\t\n<style>\n#text-1715011682 {\n  font-size: 1.1rem;\n}\n<\/style>\n\t<\/div>\n\t\n\t<div id=\"text-3679764026\" class=\"text\">\n\t\t\n<p>Bayan Dawn Chilvers<br \/>\n5 Snowshill Close, Swidon.<br \/>\nSN25 4 TN BIRLE\u015eIK KRALLIK.<br \/>\ndawnchilvers@gentug.com<br \/>\nT: +44 7821 081113<br \/>\n\t\t\n<style>\n#text-3679764026 {\n  font-size: 1rem;\n}\n<\/style>\n\t<\/div>\n\t\n\t\t<\/div>\n\t\t\t\t\t<\/div>\n\n\t\n\n\t<div id=\"col-764083400\" class=\"col medium-3 small-12 large-3\"  >\n\t\t\t\t<div class=\"col-inner\"  >\n\t\t\t\n\t\t\t\n\t<div id=\"text-2310063600\" class=\"text\">\n\t\t\n<p><strong>Tuzla Fabrika<br \/>\n<\/strong><br \/>\n\t\t\n<style>\n#text-2310063600 {\n  font-size: 1.1rem;\n}\n<\/style>\n\t<\/div>\n\t\n\t<div id=\"text-294080537\" class=\"text\">\n\t\t\n<p>Ayd\u0131nl\u0131 S.B Mah. Kur\u015fun Cd.<br \/>\nHuntsman Blok No:10 D:101<br \/>\nTuzla, \u0130stanbul<br \/>\ninfo@feltvibe.com<br \/>\nT: +90 542 477 12 63<br \/>\n\t\t\n<style>\n#text-294080537 {\n  font-size: 1rem;\n}\n<\/style>\n\t<\/div>\n\t\n\t\t<\/div>\n\t\t\t\t\t<\/div>\n\n\t\n\n\t<div id=\"col-748699030\" class=\"col medium-3 small-12 large-3\"  >\n\t\t\t\t<div class=\"col-inner\"  >\n\t\t\t\n\t\t\t\n\t<div id=\"text-1678309883\" class=\"text\">\n\t\t\n<p><strong>Polonya<\/strong><br \/>\n\t\t\n<style>\n#text-1678309883 {\n  font-size: 1.1rem;\n}\n<\/style>\n\t<\/div>\n\t\n\t<div id=\"text-1543763211\" class=\"text\">\n\t\t\n<p>Say\u0131n Hasan Alio\u011flu<br \/>\nh.alioglu@gentug.com<br \/>\nT: 0048 696 909 061<br \/>\n\t\t\n<style>\n#text-1543763211 {\n  font-size: 1rem;\n}\n<\/style>\n\t<\/div>\n\t\n\t\t<\/div>\n\t\t\t\t\t<\/div>\n\n\t\n<\/div>\n\t<div id=\"gap-1385349828\" class=\"gap-element clearfix\" style=\"display:block; height:auto;\">\n\t\t\n<style>\n#gap-1385349828 {\n  padding-top: 5vh;\n}\n<\/style>\n\t<\/div>\n\t\n\t\t<\/div>\n\t\t\t\t\t<\/div>\n\n\t\n<\/div>\n\t<div id=\"gap-1987220253\" class=\"gap-element clearfix\" style=\"display:block; height:auto;\">\n\t\t\n<style>\n#gap-1987220253 {\n  padding-top: 5vh;\n}\n<\/style>\n\t<\/div>\n\t\n\n\n<span class=\"scroll-to\" data-label=\"Scroll to: #Order-a-free-sample-box-form\" data-bullet=\"false\" data-link=\"#Order-a-free-sample-box-form\" data-title=\"Request a free sample box\" ><a name=\"Order-a-free-sample-box-form\"><\/a><\/span>","protected":false},"excerpt":{"rendered":"","protected":false},"author":1,"featured_media":0,"parent":0,"menu_order":0,"comment_status":"closed","ping_status":"closed","template":"","meta":{"footnotes":""},"class_list":["post-642","page","type-page","status-publish","hentry"],"yoast_head":"<!-- This site is optimized with the Yoast SEO Premium plugin v27.4 (Yoast SEO v27.4) - https:\/\/yoast.com\/product\/yoast-seo-premium-wordpress\/ -->\n<title>Contact Feltvibe | Expert Acoustic Solutions Support<\/title>\n<meta name=\"description\" content=\"Get expert guidance for your acoustic projects. Contact Feltvibe today for rapid responses, custom requests, and professional production facility insights.\" \/>\n<meta name=\"robots\" content=\"index, follow, max-snippet:-1, max-image-preview:large, max-video-preview:-1\" \/>\n<link rel=\"canonical\" href=\"https:\/\/feltvibe.com\/tr\/bize-ulasin\/\" \/>\n<meta property=\"og:locale\" content=\"tr_TR\" \/>\n<meta property=\"og:type\" content=\"article\" \/>\n<meta property=\"og:title\" content=\"Connect With Feltvibe | Professional Acoustic Support\" \/>\n<meta property=\"og:description\" content=\"Ready to transform your space? Reach out to our specialists for personalized acoustic felt solutions and rapid project support. We are here to help.\" \/>\n<meta property=\"og:url\" content=\"https:\/\/feltvibe.com\/tr\/bize-ulasin\/\" \/>\n<meta property=\"og:site_name\" content=\"Feltvibe | Acoustic Felt\" \/>\n<meta property=\"article:publisher\" content=\"https:\/\/www.facebook.com\/Gentug\" \/>\n<meta property=\"article:modified_time\" content=\"2026-03-13T07:20:24+00:00\" \/>\n<meta property=\"og:image\" content=\"https:\/\/feltvibe.com\/uploads\/arketa-pet-felt-panel-1.jpg\" \/>\n\t<meta property=\"og:image:width\" content=\"500\" \/>\n\t<meta property=\"og:image:height\" content=\"425\" \/>\n\t<meta property=\"og:image:type\" content=\"image\/jpeg\" \/>\n<meta name=\"twitter:card\" content=\"summary_large_image\" \/>\n<meta name=\"twitter:title\" content=\"Contact Feltvibe | Expert Acoustic Consultations\" \/>\n<meta name=\"twitter:description\" content=\"Need acoustic solutions? Send us a message for expert advice on our premium felt products and production capabilities.\" \/>\n<meta name=\"twitter:label1\" content=\"Tahmini okuma s\u00fcresi\" \/>\n\t<meta name=\"twitter:data1\" content=\"2 dakika\" \/>\n<script type=\"application\/ld+json\" class=\"yoast-schema-graph\">{\"@context\":\"https:\\\/\\\/schema.org\",\"@graph\":[{\"@type\":\"WebPage\",\"@id\":\"https:\\\/\\\/feltvibe.com\\\/contact-us\\\/\",\"url\":\"https:\\\/\\\/feltvibe.com\\\/contact-us\\\/\",\"name\":\"Contact Feltvibe | Expert Acoustic Solutions Support\",\"isPartOf\":{\"@id\":\"https:\\\/\\\/feltvibe.com\\\/#website\"},\"datePublished\":\"2024-09-07T14:07:34+00:00\",\"dateModified\":\"2026-03-13T07:20:24+00:00\",\"description\":\"Get expert guidance for your acoustic projects. Contact Feltvibe today for rapid responses, custom requests, and professional production facility insights.\",\"breadcrumb\":{\"@id\":\"https:\\\/\\\/feltvibe.com\\\/contact-us\\\/#breadcrumb\"},\"inLanguage\":\"tr\",\"potentialAction\":[{\"@type\":\"ReadAction\",\"target\":[\"https:\\\/\\\/feltvibe.com\\\/contact-us\\\/\"]}]},{\"@type\":\"BreadcrumbList\",\"@id\":\"https:\\\/\\\/feltvibe.com\\\/contact-us\\\/#breadcrumb\",\"itemListElement\":[{\"@type\":\"ListItem\",\"position\":1,\"name\":\"Home\",\"item\":\"https:\\\/\\\/feltvibe.com\\\/\"},{\"@type\":\"ListItem\",\"position\":2,\"name\":\"Contact Us\"}]},{\"@type\":\"WebSite\",\"@id\":\"https:\\\/\\\/feltvibe.com\\\/#website\",\"url\":\"https:\\\/\\\/feltvibe.com\\\/\",\"name\":\"Feltvibe Acoustic Felt\",\"description\":\"Feltvibe is a leading manufacturer providing innovative felt solutions for various industries, including thermoforming and automotive. Specializing in high-quality felt products, the company offers custom design and production services tailored to meet customer needs. Feltvibe is committed to creating sustainable, durable, and eco-friendly products while staying up to date with technological advancements. With a strong focus on customer satisfaction, the company ensures top-tier quality in all of its solutions.\",\"publisher\":{\"@id\":\"https:\\\/\\\/feltvibe.com\\\/#organization\"},\"potentialAction\":[{\"@type\":\"SearchAction\",\"target\":{\"@type\":\"EntryPoint\",\"urlTemplate\":\"https:\\\/\\\/feltvibe.com\\\/?s={search_term_string}\"},\"query-input\":{\"@type\":\"PropertyValueSpecification\",\"valueRequired\":true,\"valueName\":\"search_term_string\"}}],\"inLanguage\":\"tr\"},{\"@type\":\"Organization\",\"@id\":\"https:\\\/\\\/feltvibe.com\\\/#organization\",\"name\":\"Feltvibe is a leading manufacturer providing innovative acoustic and industrial felt solutions for various industries, including thermoformable PET felt panels and sustainable textile applications.\",\"alternateName\":\"Feltvibe by Gentu\u011f Tekstil\",\"url\":\"https:\\\/\\\/feltvibe.com\\\/\",\"logo\":{\"@type\":\"ImageObject\",\"inLanguage\":\"tr\",\"@id\":\"https:\\\/\\\/feltvibe.com\\\/#\\\/schema\\\/logo\\\/image\\\/\",\"url\":\"https:\\\/\\\/feltvibe.com\\\/uploads\\\/feltvibe-dark-logo-final.svg\",\"contentUrl\":\"https:\\\/\\\/feltvibe.com\\\/uploads\\\/feltvibe-dark-logo-final.svg\",\"width\":1,\"height\":1,\"caption\":\"Feltvibe is a leading manufacturer providing innovative acoustic and industrial felt solutions for various industries, including thermoformable PET felt panels and sustainable textile applications.\"},\"image\":{\"@id\":\"https:\\\/\\\/feltvibe.com\\\/#\\\/schema\\\/logo\\\/image\\\/\"},\"sameAs\":[\"https:\\\/\\\/www.facebook.com\\\/Gentug\",\"https:\\\/\\\/www.instagram.com\\\/felt.vibe\\\/\",\"https:\\\/\\\/www.linkedin.com\\\/company\\\/feltvibe\"],\"description\":\"Gentu\u011f Textile is the main and the most reliable technical textile manufacturer in Turkey, providing high quality products to the worldwide markets.\",\"email\":\"info@feltvibe.com\",\"telephone\":\"+90 212 637 09 89\",\"legalName\":\"Gentu\u011f Tekstil \u00dcr\u00fcn. San. Tic. A.\u015e.\",\"foundingDate\":\"1917-01-01\",\"vatID\":\"3940016139\",\"taxID\":\"MARMARA KURUMLAR\",\"numberOfEmployees\":{\"@type\":\"QuantitativeValue\",\"minValue\":\"501\",\"maxValue\":\"1000\"},\"publishingPrinciples\":\"https:\\\/\\\/feltvibe.com\\\/privacy-policy\\\/\",\"ownershipFundingInfo\":\"https:\\\/\\\/feltvibe.com\\\/about-us\\\/\",\"actionableFeedbackPolicy\":\"https:\\\/\\\/feltvibe.com\\\/contact-us\\\/\",\"correctionsPolicy\":\"https:\\\/\\\/feltvibe.com\\\/certification\\\/\",\"ethicsPolicy\":\"https:\\\/\\\/feltvibe.com\\\/privacy-policy\\\/\",\"diversityPolicy\":\"https:\\\/\\\/feltvibe.com\\\/privacy-policy\\\/\",\"diversityStaffingReport\":\"https:\\\/\\\/feltvibe.com\\\/contact-us\\\/\"}]}<\/script>\n<!-- \/ Yoast SEO Premium plugin. -->","yoast_head_json":{"title":"Contact Feltvibe | Expert Acoustic Solutions Support","description":"Get expert guidance for your acoustic projects. Contact Feltvibe today for rapid responses, custom requests, and professional production facility insights.","robots":{"index":"index","follow":"follow","max-snippet":"max-snippet:-1","max-image-preview":"max-image-preview:large","max-video-preview":"max-video-preview:-1"},"canonical":"https:\/\/feltvibe.com\/tr\/bize-ulasin\/","og_locale":"tr_TR","og_type":"article","og_title":"Connect With Feltvibe | Professional Acoustic Support","og_description":"Ready to transform your space? Reach out to our specialists for personalized acoustic felt solutions and rapid project support. We are here to help.","og_url":"https:\/\/feltvibe.com\/tr\/bize-ulasin\/","og_site_name":"Feltvibe | Acoustic Felt","article_publisher":"https:\/\/www.facebook.com\/Gentug","article_modified_time":"2026-03-13T07:20:24+00:00","og_image":[{"width":500,"height":425,"url":"https:\/\/feltvibe.com\/uploads\/arketa-pet-felt-panel-1.jpg","type":"image\/jpeg"}],"twitter_card":"summary_large_image","twitter_title":"Contact Feltvibe | Expert Acoustic Consultations","twitter_description":"Need acoustic solutions? Send us a message for expert advice on our premium felt products and production capabilities.","twitter_misc":{"Tahmini okuma s\u00fcresi":"2 dakika"},"schema":{"@context":"https:\/\/schema.org","@graph":[{"@type":"WebPage","@id":"https:\/\/feltvibe.com\/contact-us\/","url":"https:\/\/feltvibe.com\/contact-us\/","name":"Contact Feltvibe | Expert Acoustic Solutions Support","isPartOf":{"@id":"https:\/\/feltvibe.com\/#website"},"datePublished":"2024-09-07T14:07:34+00:00","dateModified":"2026-03-13T07:20:24+00:00","description":"Get expert guidance for your acoustic projects. Contact Feltvibe today for rapid responses, custom requests, and professional production facility insights.","breadcrumb":{"@id":"https:\/\/feltvibe.com\/contact-us\/#breadcrumb"},"inLanguage":"tr","potentialAction":[{"@type":"ReadAction","target":["https:\/\/feltvibe.com\/contact-us\/"]}]},{"@type":"BreadcrumbList","@id":"https:\/\/feltvibe.com\/contact-us\/#breadcrumb","itemListElement":[{"@type":"ListItem","position":1,"name":"Home","item":"https:\/\/feltvibe.com\/"},{"@type":"ListItem","position":2,"name":"Contact Us"}]},{"@type":"WebSite","@id":"https:\/\/feltvibe.com\/#website","url":"https:\/\/feltvibe.com\/","name":"Feltvibe Akustik Ke\u00e7e","description":"Feltvibe, termoform ve otomotiv dahil olmak \u00fczere \u00e7e\u015fitli end\u00fcstriler i\u00e7in yenilik\u00e7i ke\u00e7e \u00e7\u00f6z\u00fcmleri sunan lider bir \u00fcreticidir. Y\u00fcksek kaliteli ke\u00e7e \u00fcr\u00fcnlerinde uzmanla\u015fan \u015firket, m\u00fc\u015fteri ihtiya\u00e7lar\u0131n\u0131 kar\u015f\u0131lamak i\u00e7in \u00f6zel tasar\u0131m ve \u00fcretim hizmetleri sunmaktad\u0131r. Feltvibe, teknolojik geli\u015fmeleri takip ederken s\u00fcrd\u00fcr\u00fclebilir, dayan\u0131kl\u0131 ve \u00e7evre dostu \u00fcr\u00fcnler yaratmaya kendini adam\u0131\u015ft\u0131r. M\u00fc\u015fteri memnuniyetine g\u00fc\u00e7l\u00fc bir \u015fekilde odaklanan \u015firket, t\u00fcm \u00e7\u00f6z\u00fcmlerinde en \u00fcst d\u00fczey kaliteyi sa\u011flar.","publisher":{"@id":"https:\/\/feltvibe.com\/#organization"},"potentialAction":[{"@type":"SearchAction","target":{"@type":"EntryPoint","urlTemplate":"https:\/\/feltvibe.com\/?s={search_term_string}"},"query-input":{"@type":"PropertyValueSpecification","valueRequired":true,"valueName":"search_term_string"}}],"inLanguage":"tr"},{"@type":"Organization","@id":"https:\/\/feltvibe.com\/#organization","name":"Feltvibe, \u0131s\u0131yla \u015fekillendirilebilir PET ke\u00e7e paneller ve s\u00fcrd\u00fcr\u00fclebilir tekstil uygulamalar\u0131 dahil olmak \u00fczere \u00e7e\u015fitli end\u00fcstriler i\u00e7in yenilik\u00e7i akustik ve end\u00fcstriyel ke\u00e7e \u00e7\u00f6z\u00fcmleri sunan lider bir \u00fcreticidir.","alternateName":"Feltvibe by Gentu\u011f Tekstil","url":"https:\/\/feltvibe.com\/","logo":{"@type":"ImageObject","inLanguage":"tr","@id":"https:\/\/feltvibe.com\/#\/schema\/logo\/image\/","url":"https:\/\/feltvibe.com\/uploads\/feltvibe-dark-logo-final.svg","contentUrl":"https:\/\/feltvibe.com\/uploads\/feltvibe-dark-logo-final.svg","width":1,"height":1,"caption":"Feltvibe is a leading manufacturer providing innovative acoustic and industrial felt solutions for various industries, including thermoformable PET felt panels and sustainable textile applications."},"image":{"@id":"https:\/\/feltvibe.com\/#\/schema\/logo\/image\/"},"sameAs":["https:\/\/www.facebook.com\/Gentug","https:\/\/www.instagram.com\/felt.vibe\/","https:\/\/www.linkedin.com\/company\/feltvibe"],"description":"Gentu\u011f Tekstil, d\u00fcnya pazarlar\u0131na y\u00fcksek kaliteli \u00fcr\u00fcnler sunan T\u00fcrkiye'nin ana ve en g\u00fcvenilir teknik tekstil \u00fcreticisidir.","email":"info@feltvibe.com","telephone":"+90 212 637 09 89","legalName":"Gentu\u011f Tekstil \u00dcr\u00fcn. San. Tic. A.\u015e.","foundingDate":"1917-01-01","vatID":"3940016139","taxID":"MARMARA KURUMLAR","numberOfEmployees":{"@type":"QuantitativeValue","minValue":"501","maxValue":"1000"},"publishingPrinciples":"https:\/\/feltvibe.com\/privacy-policy\/","ownershipFundingInfo":"https:\/\/feltvibe.com\/about-us\/","actionableFeedbackPolicy":"https:\/\/feltvibe.com\/contact-us\/","correctionsPolicy":"https:\/\/feltvibe.com\/certification\/","ethicsPolicy":"https:\/\/feltvibe.com\/privacy-policy\/","diversityPolicy":"https:\/\/feltvibe.com\/privacy-policy\/","diversityStaffingReport":"https:\/\/feltvibe.com\/contact-us\/"}]}},"_links":{"self":[{"href":"https:\/\/feltvibe.com\/tr\/wp-json\/wp\/v2\/pages\/642","targetHints":{"allow":["GET"]}}],"collection":[{"href":"https:\/\/feltvibe.com\/tr\/wp-json\/wp\/v2\/pages"}],"about":[{"href":"https:\/\/feltvibe.com\/tr\/wp-json\/wp\/v2\/types\/page"}],"author":[{"embeddable":true,"href":"https:\/\/feltvibe.com\/tr\/wp-json\/wp\/v2\/users\/1"}],"replies":[{"embeddable":true,"href":"https:\/\/feltvibe.com\/tr\/wp-json\/wp\/v2\/comments?post=642"}],"version-history":[{"count":34,"href":"https:\/\/feltvibe.com\/tr\/wp-json\/wp\/v2\/pages\/642\/revisions"}],"predecessor-version":[{"id":16142,"href":"https:\/\/feltvibe.com\/tr\/wp-json\/wp\/v2\/pages\/642\/revisions\/16142"}],"wp:attachment":[{"href":"https:\/\/feltvibe.com\/tr\/wp-json\/wp\/v2\/media?parent=642"}],"curies":[{"name":"wp","href":"https:\/\/api.w.org\/{rel}","templated":true}]}}